{"id":52392,"date":"2025-03-28T00:21:11","date_gmt":"2025-03-27T22:21:11","guid":{"rendered":"https:\/\/miumjau.ee\/toode\/brit-care-vistienos-sriuba-katems-75-g\/"},"modified":"2025-03-28T00:21:11","modified_gmt":"2025-03-27T22:21:11","slug":"brit-care-vistienos-sriuba-katems-75-g","status":"publish","type":"product","link":"https:\/\/miumjau.ee\/lt\/produktas\/brit-care-vistienos-sriuba-katems-75-g\/","title":{"rendered":"Brit Care vi\u0161tienos sriuba kat\u0117ms 75 g"},"content":{"rendered":"","protected":false},"excerpt":{"rendered":"<p data-start=\"2250\" data-end=\"2317\">Brit Care vi\u0161tienos sriuba yra gr\u016bd\u0173 neturintis konservas kat\u0117ms.<\/p>\n<ul data-start=\"2319\" data-end=\"2703\">\n<li data-start=\"2319\" data-end=\"2399\">\n<p data-start=\"2321\" data-end=\"2399\">Sud\u0117tyje yra probiotik\u0173 \u2013 inaktyvuotas Lactobacillus palaiko imunin\u0119 sistem\u0105<\/p>\n<\/li>\n<li data-start=\"2400\" data-end=\"2479\">\n<p data-start=\"2402\" data-end=\"2479\">Sud\u0117tyje yra prebiotik\u0173 \u2013 frukto-oligosacharidai palaiko \u017earnyno mikroflor\u0105<\/p>\n<\/li>\n<li data-start=\"2480\" data-end=\"2558\">\n<p data-start=\"2482\" data-end=\"2558\">Patraukli ir raminanti \u2013 sud\u0117tyje yra dilg\u0117l\u0117s, padedan\u010dios ma\u017einti nerim\u0105<\/p>\n<\/li>\n<li data-start=\"2559\" data-end=\"2583\">\n<p data-start=\"2561\" data-end=\"2583\">Sud\u0117tyje yra taurino<\/p>\n<\/li>\n<li data-start=\"2584\" data-end=\"2642\">\n<p data-start=\"2586\" data-end=\"2642\">Tinka sterilizuotoms kat\u0117ms \u2013 sud\u0117tyje yra L-metionino<\/p>\n<\/li>\n<li data-start=\"2643\" data-end=\"2655\">\n<p data-start=\"2645\" data-end=\"2655\">Be gr\u016bd\u0173<\/p>\n<\/li>\n<li data-start=\"2656\" data-end=\"2703\">\n<p data-start=\"2658\" data-end=\"2703\">Nesud\u0117tyje GMO, sojos ar prid\u0117tinio cukraus<\/p>\n<\/li>\n<\/ul>\n<p data-start=\"2705\" data-end=\"2967\"><strong data-start=\"2705\" data-end=\"2717\">Sud\u0117tis:<\/strong> Geriamasis vanduo, 20 % vi\u0161tiena, 0,5 % hidrolizuota kepen\u0117l\u0117, 0,5 % lignoceliulioz\u0117, d\u017eiovintos dilg\u0117l\u0117s (100 mg\/kg), frukto-oligosacharidai (100 mg\/kg), inaktyvuotos bakterijos ir j\u0173 dalys (Lactobacillus helveticus HA-122, 1,5 \u00d7 10\u2078 l\u0105steli\u0173\/kg)<\/p>\n<p data-start=\"2969\" data-end=\"3150\"><strong data-start=\"2969\" data-end=\"3003\">Analitin\u0117s sudedamosios dalys:<\/strong> \u017dali baltymai 2,0 %, \u017eali riebalai 1,0 %, \u017ealia skaidula 0,2 %, \u017eali pelenai 0,5 %, dr\u0117gm\u0117 95,0 %, kalcis 0,01 %, fosforas 0,02 %, natrio 0,05 %<\/p>\n<p data-start=\"3152\" data-end=\"3230\"><strong data-start=\"3152\" data-end=\"3175\">Maistiniai priedai:<\/strong> L-metioninas (3c305) 500 mg, taurinas (3a370) 500 mg<\/p>\n<p data-start=\"3232\" data-end=\"3275\"><strong data-start=\"3232\" data-end=\"3261\">Metabolizuojama energija:<\/strong> 225 kcal\/kg<\/p>\n","protected":false},"featured_media":52393,"template":"","meta":[],"product_brand":[],"product_cat":[526],"product_tag":[],"class_list":{"0":"post-52392","1":"product","2":"type-product","3":"status-publish","4":"has-post-thumbnail","6":"product_cat-slapias-maistas","8":"first","9":"instock","10":"taxable","11":"shipping-taxable","12":"purchasable","13":"product-type-simple"},"yoast_head":"<!-- This site is optimized with the Yoast SEO plugin v27.2 - https:\/\/yoast.com\/product\/yoast-seo-wordpress\/ -->\n<title>Brit Care vi\u0161tienos sriuba kat\u0117ms 75 g - MiuMjau<\/title>\n<meta name=\"robots\" content=\"index, follow, max-snippet:-1, max-image-preview:large, max-video-preview:-1\" \/>\n<link rel=\"canonical\" href=\"https:\/\/miumjau.ee\/lt\/produktas\/brit-care-vistienos-sriuba-katems-75-g\/\" \/>\n<meta property=\"og:locale\" content=\"lt_LT\" \/>\n<meta property=\"og:type\" content=\"article\" \/>\n<meta property=\"og:title\" content=\"Brit Care vi\u0161tienos sriuba kat\u0117ms 75 g - MiuMjau\" \/>\n<meta property=\"og:description\" content=\"Brit Care vi\u0161tienos sriuba yra gr\u016bd\u0173 neturintis konservas kat\u0117ms.     Sud\u0117tyje yra probiotik\u0173 \u2013 inaktyvuotas Lactobacillus palaiko imunin\u0119 sistem\u0105    Sud\u0117tyje yra prebiotik\u0173 \u2013 frukto-oligosacharidai palaiko \u017earnyno mikroflor\u0105    Patraukli ir raminanti \u2013 sud\u0117tyje yra dilg\u0117l\u0117s, padedan\u010dios ma\u017einti nerim\u0105    Sud\u0117tyje yra taurino    Tinka sterilizuotoms kat\u0117ms \u2013 sud\u0117tyje yra L-metionino    Be gr\u016bd\u0173    Nesud\u0117tyje GMO, sojos ar prid\u0117tinio cukraus   Sud\u0117tis: Geriamasis vanduo, 20 % vi\u0161tiena, 0,5 % hidrolizuota kepen\u0117l\u0117, 0,5 % lignoceliulioz\u0117, d\u017eiovintos dilg\u0117l\u0117s (100 mg\/kg), frukto-oligosacharidai (100 mg\/kg), inaktyvuotos bakterijos ir j\u0173 dalys (Lactobacillus helveticus HA-122, 1,5 \u00d7 10\u2078 l\u0105steli\u0173\/kg) Analitin\u0117s sudedamosios dalys: \u017dali baltymai 2,0 %, \u017eali riebalai 1,0 %, \u017ealia skaidula 0,2 %, \u017eali pelenai 0,5 %, dr\u0117gm\u0117 95,0 %, kalcis 0,01 %, fosforas 0,02 %, natrio 0,05 % Maistiniai priedai: L-metioninas (3c305) 500 mg, taurinas (3a370) 500 mg Metabolizuojama energija: 225 kcal\/kg\" \/>\n<meta property=\"og:url\" content=\"https:\/\/miumjau.ee\/lt\/produktas\/brit-care-vistienos-sriuba-katems-75-g\/\" \/>\n<meta property=\"og:site_name\" content=\"MiuMjau\" \/>\n<meta property=\"article:publisher\" content=\"https:\/\/www.facebook.com\/miumjaupood\/\" \/>\n<meta property=\"og:image\" content=\"https:\/\/miumjau.ee\/wp-content\/uploads\/2025\/03\/kassi-kanasupp-brit-care.jpg\" \/>\n\t<meta property=\"og:image:width\" content=\"600\" \/>\n\t<meta property=\"og:image:height\" content=\"800\" \/>\n\t<meta property=\"og:image:type\" content=\"image\/jpeg\" \/>\n<meta name=\"twitter:card\" content=\"summary_large_image\" \/>\n<script type=\"application\/ld+json\" class=\"yoast-schema-graph\">{\"@context\":\"https:\/\/schema.org\",\"@graph\":[{\"@type\":\"WebPage\",\"@id\":\"https:\/\/miumjau.ee\/lt\/produktas\/brit-care-vistienos-sriuba-katems-75-g\/\",\"url\":\"https:\/\/miumjau.ee\/lt\/produktas\/brit-care-vistienos-sriuba-katems-75-g\/\",\"name\":\"Brit Care vi\u0161tienos sriuba kat\u0117ms 75 g - MiuMjau\",\"isPartOf\":{\"@id\":\"https:\/\/miumjau.ee\/#website\"},\"primaryImageOfPage\":{\"@id\":\"https:\/\/miumjau.ee\/lt\/produktas\/brit-care-vistienos-sriuba-katems-75-g\/#primaryimage\"},\"image\":{\"@id\":\"https:\/\/miumjau.ee\/lt\/produktas\/brit-care-vistienos-sriuba-katems-75-g\/#primaryimage\"},\"thumbnailUrl\":\"https:\/\/miumjau.ee\/wp-content\/uploads\/2025\/03\/kassi-kanasupp-brit-care.jpg\",\"datePublished\":\"2025-03-27T22:21:11+00:00\",\"breadcrumb\":{\"@id\":\"https:\/\/miumjau.ee\/lt\/produktas\/brit-care-vistienos-sriuba-katems-75-g\/#breadcrumb\"},\"inLanguage\":\"lt-LT\",\"potentialAction\":[{\"@type\":\"ReadAction\",\"target\":[\"https:\/\/miumjau.ee\/lt\/produktas\/brit-care-vistienos-sriuba-katems-75-g\/\"]}]},{\"@type\":\"ImageObject\",\"inLanguage\":\"lt-LT\",\"@id\":\"https:\/\/miumjau.ee\/lt\/produktas\/brit-care-vistienos-sriuba-katems-75-g\/#primaryimage\",\"url\":\"https:\/\/miumjau.ee\/wp-content\/uploads\/2025\/03\/kassi-kanasupp-brit-care.jpg\",\"contentUrl\":\"https:\/\/miumjau.ee\/wp-content\/uploads\/2025\/03\/kassi-kanasupp-brit-care.jpg\",\"width\":600,\"height\":800},{\"@type\":\"BreadcrumbList\",\"@id\":\"https:\/\/miumjau.ee\/lt\/produktas\/brit-care-vistienos-sriuba-katems-75-g\/#breadcrumb\",\"itemListElement\":[{\"@type\":\"ListItem\",\"position\":1,\"name\":\"Home\",\"item\":\"https:\/\/miumjau.ee\/lt\/\"},{\"@type\":\"ListItem\",\"position\":2,\"name\":\"Parduotuv\u0117\",\"item\":\"https:\/\/miumjau.ee\/lt\/parduotuve\/\"},{\"@type\":\"ListItem\",\"position\":3,\"name\":\"Brit Care vi\u0161tienos sriuba kat\u0117ms 75 g\"}]},{\"@type\":\"WebSite\",\"@id\":\"https:\/\/miumjau.ee\/#website\",\"url\":\"https:\/\/miumjau.ee\/\",\"name\":\"MiuMjau\",\"description\":\"Kraapimispuud kassidele\",\"publisher\":{\"@id\":\"https:\/\/miumjau.ee\/#organization\"},\"potentialAction\":[{\"@type\":\"SearchAction\",\"target\":{\"@type\":\"EntryPoint\",\"urlTemplate\":\"https:\/\/miumjau.ee\/?s={search_term_string}\"},\"query-input\":{\"@type\":\"PropertyValueSpecification\",\"valueRequired\":true,\"valueName\":\"search_term_string\"}}],\"inLanguage\":\"lt-LT\"},{\"@type\":\"Organization\",\"@id\":\"https:\/\/miumjau.ee\/#organization\",\"name\":\"MiuMjau O\u00dc\",\"url\":\"https:\/\/miumjau.ee\/\",\"logo\":{\"@type\":\"ImageObject\",\"inLanguage\":\"lt-LT\",\"@id\":\"https:\/\/miumjau.ee\/#\/schema\/logo\/image\/\",\"url\":\"https:\/\/miumjau.ee\/wp-content\/uploads\/2022\/04\/MiuMjau-logo-kollane.png\",\"contentUrl\":\"https:\/\/miumjau.ee\/wp-content\/uploads\/2022\/04\/MiuMjau-logo-kollane.png\",\"width\":219,\"height\":100,\"caption\":\"MiuMjau O\u00dc\"},\"image\":{\"@id\":\"https:\/\/miumjau.ee\/#\/schema\/logo\/image\/\"},\"sameAs\":[\"https:\/\/www.facebook.com\/miumjaupood\/\"]}]}<\/script>\n<!-- \/ Yoast SEO plugin. -->","yoast_head_json":{"title":"Brit Care vi\u0161tienos sriuba kat\u0117ms 75 g - MiuMjau","robots":{"index":"index","follow":"follow","max-snippet":"max-snippet:-1","max-image-preview":"max-image-preview:large","max-video-preview":"max-video-preview:-1"},"canonical":"https:\/\/miumjau.ee\/lt\/produktas\/brit-care-vistienos-sriuba-katems-75-g\/","og_locale":"lt_LT","og_type":"article","og_title":"Brit Care vi\u0161tienos sriuba kat\u0117ms 75 g - MiuMjau","og_description":"Brit Care vi\u0161tienos sriuba yra gr\u016bd\u0173 neturintis konservas kat\u0117ms.     Sud\u0117tyje yra probiotik\u0173 \u2013 inaktyvuotas Lactobacillus palaiko imunin\u0119 sistem\u0105    Sud\u0117tyje yra prebiotik\u0173 \u2013 frukto-oligosacharidai palaiko \u017earnyno mikroflor\u0105    Patraukli ir raminanti \u2013 sud\u0117tyje yra dilg\u0117l\u0117s, padedan\u010dios ma\u017einti nerim\u0105    Sud\u0117tyje yra taurino    Tinka sterilizuotoms kat\u0117ms \u2013 sud\u0117tyje yra L-metionino    Be gr\u016bd\u0173    Nesud\u0117tyje GMO, sojos ar prid\u0117tinio cukraus   Sud\u0117tis: Geriamasis vanduo, 20 % vi\u0161tiena, 0,5 % hidrolizuota kepen\u0117l\u0117, 0,5 % lignoceliulioz\u0117, d\u017eiovintos dilg\u0117l\u0117s (100 mg\/kg), frukto-oligosacharidai (100 mg\/kg), inaktyvuotos bakterijos ir j\u0173 dalys (Lactobacillus helveticus HA-122, 1,5 \u00d7 10\u2078 l\u0105steli\u0173\/kg) Analitin\u0117s sudedamosios dalys: \u017dali baltymai 2,0 %, \u017eali riebalai 1,0 %, \u017ealia skaidula 0,2 %, \u017eali pelenai 0,5 %, dr\u0117gm\u0117 95,0 %, kalcis 0,01 %, fosforas 0,02 %, natrio 0,05 % Maistiniai priedai: L-metioninas (3c305) 500 mg, taurinas (3a370) 500 mg Metabolizuojama energija: 225 kcal\/kg","og_url":"https:\/\/miumjau.ee\/lt\/produktas\/brit-care-vistienos-sriuba-katems-75-g\/","og_site_name":"MiuMjau","article_publisher":"https:\/\/www.facebook.com\/miumjaupood\/","og_image":[{"width":600,"height":800,"url":"https:\/\/miumjau.ee\/wp-content\/uploads\/2025\/03\/kassi-kanasupp-brit-care.jpg","type":"image\/jpeg"}],"twitter_card":"summary_large_image","schema":{"@context":"https:\/\/schema.org","@graph":[{"@type":"WebPage","@id":"https:\/\/miumjau.ee\/lt\/produktas\/brit-care-vistienos-sriuba-katems-75-g\/","url":"https:\/\/miumjau.ee\/lt\/produktas\/brit-care-vistienos-sriuba-katems-75-g\/","name":"Brit Care vi\u0161tienos sriuba kat\u0117ms 75 g - MiuMjau","isPartOf":{"@id":"https:\/\/miumjau.ee\/#website"},"primaryImageOfPage":{"@id":"https:\/\/miumjau.ee\/lt\/produktas\/brit-care-vistienos-sriuba-katems-75-g\/#primaryimage"},"image":{"@id":"https:\/\/miumjau.ee\/lt\/produktas\/brit-care-vistienos-sriuba-katems-75-g\/#primaryimage"},"thumbnailUrl":"https:\/\/miumjau.ee\/wp-content\/uploads\/2025\/03\/kassi-kanasupp-brit-care.jpg","datePublished":"2025-03-27T22:21:11+00:00","breadcrumb":{"@id":"https:\/\/miumjau.ee\/lt\/produktas\/brit-care-vistienos-sriuba-katems-75-g\/#breadcrumb"},"inLanguage":"lt-LT","potentialAction":[{"@type":"ReadAction","target":["https:\/\/miumjau.ee\/lt\/produktas\/brit-care-vistienos-sriuba-katems-75-g\/"]}]},{"@type":"ImageObject","inLanguage":"lt-LT","@id":"https:\/\/miumjau.ee\/lt\/produktas\/brit-care-vistienos-sriuba-katems-75-g\/#primaryimage","url":"https:\/\/miumjau.ee\/wp-content\/uploads\/2025\/03\/kassi-kanasupp-brit-care.jpg","contentUrl":"https:\/\/miumjau.ee\/wp-content\/uploads\/2025\/03\/kassi-kanasupp-brit-care.jpg","width":600,"height":800},{"@type":"BreadcrumbList","@id":"https:\/\/miumjau.ee\/lt\/produktas\/brit-care-vistienos-sriuba-katems-75-g\/#breadcrumb","itemListElement":[{"@type":"ListItem","position":1,"name":"Home","item":"https:\/\/miumjau.ee\/lt\/"},{"@type":"ListItem","position":2,"name":"Parduotuv\u0117","item":"https:\/\/miumjau.ee\/lt\/parduotuve\/"},{"@type":"ListItem","position":3,"name":"Brit Care vi\u0161tienos sriuba kat\u0117ms 75 g"}]},{"@type":"WebSite","@id":"https:\/\/miumjau.ee\/#website","url":"https:\/\/miumjau.ee\/","name":"MiuMjau","description":"Kraapimispuud kassidele","publisher":{"@id":"https:\/\/miumjau.ee\/#organization"},"potentialAction":[{"@type":"SearchAction","target":{"@type":"EntryPoint","urlTemplate":"https:\/\/miumjau.ee\/?s={search_term_string}"},"query-input":{"@type":"PropertyValueSpecification","valueRequired":true,"valueName":"search_term_string"}}],"inLanguage":"lt-LT"},{"@type":"Organization","@id":"https:\/\/miumjau.ee\/#organization","name":"MiuMjau O\u00dc","url":"https:\/\/miumjau.ee\/","logo":{"@type":"ImageObject","inLanguage":"lt-LT","@id":"https:\/\/miumjau.ee\/#\/schema\/logo\/image\/","url":"https:\/\/miumjau.ee\/wp-content\/uploads\/2022\/04\/MiuMjau-logo-kollane.png","contentUrl":"https:\/\/miumjau.ee\/wp-content\/uploads\/2022\/04\/MiuMjau-logo-kollane.png","width":219,"height":100,"caption":"MiuMjau O\u00dc"},"image":{"@id":"https:\/\/miumjau.ee\/#\/schema\/logo\/image\/"},"sameAs":["https:\/\/www.facebook.com\/miumjaupood\/"]}]}},"_links":{"self":[{"href":"https:\/\/miumjau.ee\/lt\/wp-json\/wp\/v2\/product\/52392","targetHints":{"allow":["GET"]}}],"collection":[{"href":"https:\/\/miumjau.ee\/lt\/wp-json\/wp\/v2\/product"}],"about":[{"href":"https:\/\/miumjau.ee\/lt\/wp-json\/wp\/v2\/types\/product"}],"wp:featuredmedia":[{"embeddable":true,"href":"https:\/\/miumjau.ee\/lt\/wp-json\/wp\/v2\/media\/52393"}],"wp:attachment":[{"href":"https:\/\/miumjau.ee\/lt\/wp-json\/wp\/v2\/media?parent=52392"}],"wp:term":[{"taxonomy":"product_brand","embeddable":true,"href":"https:\/\/miumjau.ee\/lt\/wp-json\/wp\/v2\/product_brand?post=52392"},{"taxonomy":"product_cat","embeddable":true,"href":"https:\/\/miumjau.ee\/lt\/wp-json\/wp\/v2\/product_cat?post=52392"},{"taxonomy":"product_tag","embeddable":true,"href":"https:\/\/miumjau.ee\/lt\/wp-json\/wp\/v2\/product_tag?post=52392"}],"curies":[{"name":"wp","href":"https:\/\/api.w.org\/{rel}","templated":true}]}}