{"id":52382,"date":"2025-03-31T13:08:58","date_gmt":"2025-03-31T10:08:58","guid":{"rendered":"https:\/\/miumjau.ee\/toode\/brit-mono-protein-konservai-sunims-su-aviena-ir-ryziais-400-g\/"},"modified":"2025-03-31T13:08:58","modified_gmt":"2025-03-31T10:08:58","slug":"brit-mono-protein-konservai-sunims-su-aviena-ir-ryziais-400-g","status":"publish","type":"product","link":"https:\/\/miumjau.ee\/lt\/produktas\/brit-mono-protein-konservai-sunims-su-aviena-ir-ryziais-400-g\/","title":{"rendered":"Brit Mono Protein \u2013 konservai \u0161unims su aviena ir ry\u017eiais, 400 g"},"content":{"rendered":"","protected":false},"excerpt":{"rendered":"<p data-start=\"2500\" data-end=\"2713\">100 % \u0160VARUS AVIENOS BALTYMAS SU RY\u017dIAIS. Brit Mono Protein suteikia pilnavert\u012f ir subalansuot\u0105 maist\u0105. Formul\u0117 paremta vieno tipo baltymais ir ideali, siekiant suma\u017einti maisto alergijos ir netoleravimo rizik\u0105.<\/p>\n<ul data-start=\"2715\" data-end=\"2968\">\n<li data-start=\"2715\" data-end=\"2791\">\n<p data-start=\"2717\" data-end=\"2791\">Idealu \u0161unims su jautriu vir\u0161kinimu, maisto alergijomis ar netolerancija<\/p>\n<\/li>\n<li data-start=\"2792\" data-end=\"2890\">\n<p data-start=\"2794\" data-end=\"2890\">Auk\u0161tos kokyb\u0117s m\u0117sos didelis kiekis ir kruop\u0161tus apdorojimas u\u017etikrina puik\u0173 skon\u012f ir aromat\u0105<\/p>\n<\/li>\n<li data-start=\"2891\" data-end=\"2968\">\n<p data-start=\"2893\" data-end=\"2968\">Ideali papildoma priemon\u0117 sausam pa\u0161arui, pagerina apetit\u0105 ir hidratacij\u0105<\/p>\n<\/li>\n<\/ul>\n<p data-start=\"2970\" data-end=\"3006\"><strong data-start=\"2970\" data-end=\"3004\">BE GLUTENO \/ BE SOJOS \/ BE GMO<\/strong><\/p>\n<p data-start=\"3008\" data-end=\"3108\"><strong data-start=\"3008\" data-end=\"3020\">Sud\u0117tis:<\/strong> 70 % aviena (m\u0117sa ir organai), 4 % ry\u017eiai, 3 % \u017eirni\u0173 krakmolas, 1 % \u017eirni\u0173 skaidulos<\/p>\n<p data-start=\"3110\" data-end=\"3282\"><strong data-start=\"3110\" data-end=\"3144\">Analitin\u0117s sudedamosios dalys:<\/strong> \u017dali baltymai 9 %, \u017eali riebalai 7 %, \u017eali pelenai 2 %, dr\u0117gm\u0117 78 %, \u017ealia l\u0105steliena 0,7 %, kalcis 0,2 %, fosforas 0,3 %, natris 0,4 %<\/p>\n<p data-start=\"3284\" data-end=\"3491\"><strong data-start=\"3284\" data-end=\"3307\">Maistiniai priedai:<\/strong> D3 vitaminas (3a671) 250 TV, E vitaminas (3a700) 100 mg, cinkas (3b606) 15 mg, gele\u017eis (3b106) 10 mg, manganas (3b504) 3 mg, kalio jodidas (3b201) 0,5 mg, biotinas (3a880) 0,2 mg\/kg<\/p>\n<p data-start=\"3493\" data-end=\"3552\"><strong data-start=\"3493\" data-end=\"3520\">Technologiniai priedai:<\/strong> karagenanas (E410) 5000 mg\/kg<\/p>\n<p data-start=\"3554\" data-end=\"3599\"><strong data-start=\"3554\" data-end=\"3583\">Metabolizuojama energija:<\/strong> 1 110 kcal\/kg<\/p>\n","protected":false},"featured_media":52383,"template":"","meta":[],"product_brand":[],"product_cat":[539],"product_tag":[],"class_list":{"0":"post-52382","1":"product","2":"type-product","3":"status-publish","4":"has-post-thumbnail","6":"product_cat-slapias-maistas-sunims","8":"first","9":"instock","10":"taxable","11":"shipping-taxable","12":"purchasable","13":"product-type-simple"},"yoast_head":"<!-- This site is optimized with the Yoast SEO plugin v27.2 - https:\/\/yoast.com\/product\/yoast-seo-wordpress\/ -->\n<title>Brit Mono Protein \u2013 konservai \u0161unims su aviena ir ry\u017eiais, 400 g - MiuMjau<\/title>\n<meta name=\"robots\" content=\"index, follow, max-snippet:-1, max-image-preview:large, max-video-preview:-1\" \/>\n<link rel=\"canonical\" href=\"https:\/\/miumjau.ee\/lt\/produktas\/brit-mono-protein-konservai-sunims-su-aviena-ir-ryziais-400-g\/\" \/>\n<meta property=\"og:locale\" content=\"lt_LT\" \/>\n<meta property=\"og:type\" content=\"article\" \/>\n<meta property=\"og:title\" content=\"Brit Mono Protein \u2013 konservai \u0161unims su aviena ir ry\u017eiais, 400 g - MiuMjau\" \/>\n<meta property=\"og:description\" content=\"100 % \u0160VARUS AVIENOS BALTYMAS SU RY\u017dIAIS. Brit Mono Protein suteikia pilnavert\u012f ir subalansuot\u0105 maist\u0105. Formul\u0117 paremta vieno tipo baltymais ir ideali, siekiant suma\u017einti maisto alergijos ir netoleravimo rizik\u0105.     Idealu \u0161unims su jautriu vir\u0161kinimu, maisto alergijomis ar netolerancija    Auk\u0161tos kokyb\u0117s m\u0117sos didelis kiekis ir kruop\u0161tus apdorojimas u\u017etikrina puik\u0173 skon\u012f ir aromat\u0105    Ideali papildoma priemon\u0117 sausam pa\u0161arui, pagerina apetit\u0105 ir hidratacij\u0105   BE GLUTENO \/ BE SOJOS \/ BE GMO Sud\u0117tis: 70 % aviena (m\u0117sa ir organai), 4 % ry\u017eiai, 3 % \u017eirni\u0173 krakmolas, 1 % \u017eirni\u0173 skaidulos Analitin\u0117s sudedamosios dalys: \u017dali baltymai 9 %, \u017eali riebalai 7 %, \u017eali pelenai 2 %, dr\u0117gm\u0117 78 %, \u017ealia l\u0105steliena 0,7 %, kalcis 0,2 %, fosforas 0,3 %, natris 0,4 % Maistiniai priedai: D3 vitaminas (3a671) 250 TV, E vitaminas (3a700) 100 mg, cinkas (3b606) 15 mg, gele\u017eis (3b106) 10 mg, manganas (3b504) 3 mg, kalio jodidas (3b201) 0,5 mg, biotinas (3a880) 0,2 mg\/kg Technologiniai priedai: karagenanas (E410) 5000 mg\/kg Metabolizuojama energija: 1 110 kcal\/kg\" \/>\n<meta property=\"og:url\" content=\"https:\/\/miumjau.ee\/lt\/produktas\/brit-mono-protein-konservai-sunims-su-aviena-ir-ryziais-400-g\/\" \/>\n<meta property=\"og:site_name\" content=\"MiuMjau\" \/>\n<meta property=\"article:publisher\" content=\"https:\/\/www.facebook.com\/miumjaupood\/\" \/>\n<meta property=\"og:image\" content=\"https:\/\/miumjau.ee\/wp-content\/uploads\/2025\/03\/brit-mono-konserv-koerale-lammas-riis2-Photoroom.webp\" \/>\n\t<meta property=\"og:image:width\" content=\"600\" \/>\n\t<meta property=\"og:image:height\" content=\"800\" \/>\n\t<meta property=\"og:image:type\" content=\"image\/webp\" \/>\n<meta name=\"twitter:card\" content=\"summary_large_image\" \/>\n<script type=\"application\/ld+json\" class=\"yoast-schema-graph\">{\"@context\":\"https:\/\/schema.org\",\"@graph\":[{\"@type\":\"WebPage\",\"@id\":\"https:\/\/miumjau.ee\/lt\/produktas\/brit-mono-protein-konservai-sunims-su-aviena-ir-ryziais-400-g\/\",\"url\":\"https:\/\/miumjau.ee\/lt\/produktas\/brit-mono-protein-konservai-sunims-su-aviena-ir-ryziais-400-g\/\",\"name\":\"Brit Mono Protein \u2013 konservai \u0161unims su aviena ir ry\u017eiais, 400 g - MiuMjau\",\"isPartOf\":{\"@id\":\"https:\/\/miumjau.ee\/#website\"},\"primaryImageOfPage\":{\"@id\":\"https:\/\/miumjau.ee\/lt\/produktas\/brit-mono-protein-konservai-sunims-su-aviena-ir-ryziais-400-g\/#primaryimage\"},\"image\":{\"@id\":\"https:\/\/miumjau.ee\/lt\/produktas\/brit-mono-protein-konservai-sunims-su-aviena-ir-ryziais-400-g\/#primaryimage\"},\"thumbnailUrl\":\"https:\/\/miumjau.ee\/wp-content\/uploads\/2025\/03\/brit-mono-konserv-koerale-lammas-riis2-Photoroom.webp\",\"datePublished\":\"2025-03-31T10:08:58+00:00\",\"breadcrumb\":{\"@id\":\"https:\/\/miumjau.ee\/lt\/produktas\/brit-mono-protein-konservai-sunims-su-aviena-ir-ryziais-400-g\/#breadcrumb\"},\"inLanguage\":\"lt-LT\",\"potentialAction\":[{\"@type\":\"ReadAction\",\"target\":[\"https:\/\/miumjau.ee\/lt\/produktas\/brit-mono-protein-konservai-sunims-su-aviena-ir-ryziais-400-g\/\"]}]},{\"@type\":\"ImageObject\",\"inLanguage\":\"lt-LT\",\"@id\":\"https:\/\/miumjau.ee\/lt\/produktas\/brit-mono-protein-konservai-sunims-su-aviena-ir-ryziais-400-g\/#primaryimage\",\"url\":\"https:\/\/miumjau.ee\/wp-content\/uploads\/2025\/03\/brit-mono-konserv-koerale-lammas-riis2-Photoroom.webp\",\"contentUrl\":\"https:\/\/miumjau.ee\/wp-content\/uploads\/2025\/03\/brit-mono-konserv-koerale-lammas-riis2-Photoroom.webp\",\"width\":600,\"height\":800},{\"@type\":\"BreadcrumbList\",\"@id\":\"https:\/\/miumjau.ee\/lt\/produktas\/brit-mono-protein-konservai-sunims-su-aviena-ir-ryziais-400-g\/#breadcrumb\",\"itemListElement\":[{\"@type\":\"ListItem\",\"position\":1,\"name\":\"Home\",\"item\":\"https:\/\/miumjau.ee\/lt\/\"},{\"@type\":\"ListItem\",\"position\":2,\"name\":\"Parduotuv\u0117\",\"item\":\"https:\/\/miumjau.ee\/lt\/parduotuve\/\"},{\"@type\":\"ListItem\",\"position\":3,\"name\":\"Brit Mono Protein \u2013 konservai \u0161unims su aviena ir ry\u017eiais, 400 g\"}]},{\"@type\":\"WebSite\",\"@id\":\"https:\/\/miumjau.ee\/#website\",\"url\":\"https:\/\/miumjau.ee\/\",\"name\":\"MiuMjau\",\"description\":\"Kraapimispuud kassidele\",\"publisher\":{\"@id\":\"https:\/\/miumjau.ee\/#organization\"},\"potentialAction\":[{\"@type\":\"SearchAction\",\"target\":{\"@type\":\"EntryPoint\",\"urlTemplate\":\"https:\/\/miumjau.ee\/?s={search_term_string}\"},\"query-input\":{\"@type\":\"PropertyValueSpecification\",\"valueRequired\":true,\"valueName\":\"search_term_string\"}}],\"inLanguage\":\"lt-LT\"},{\"@type\":\"Organization\",\"@id\":\"https:\/\/miumjau.ee\/#organization\",\"name\":\"MiuMjau O\u00dc\",\"url\":\"https:\/\/miumjau.ee\/\",\"logo\":{\"@type\":\"ImageObject\",\"inLanguage\":\"lt-LT\",\"@id\":\"https:\/\/miumjau.ee\/#\/schema\/logo\/image\/\",\"url\":\"https:\/\/miumjau.ee\/wp-content\/uploads\/2022\/04\/MiuMjau-logo-kollane.png\",\"contentUrl\":\"https:\/\/miumjau.ee\/wp-content\/uploads\/2022\/04\/MiuMjau-logo-kollane.png\",\"width\":219,\"height\":100,\"caption\":\"MiuMjau O\u00dc\"},\"image\":{\"@id\":\"https:\/\/miumjau.ee\/#\/schema\/logo\/image\/\"},\"sameAs\":[\"https:\/\/www.facebook.com\/miumjaupood\/\"]}]}<\/script>\n<!-- \/ Yoast SEO plugin. -->","yoast_head_json":{"title":"Brit Mono Protein \u2013 konservai \u0161unims su aviena ir ry\u017eiais, 400 g - MiuMjau","robots":{"index":"index","follow":"follow","max-snippet":"max-snippet:-1","max-image-preview":"max-image-preview:large","max-video-preview":"max-video-preview:-1"},"canonical":"https:\/\/miumjau.ee\/lt\/produktas\/brit-mono-protein-konservai-sunims-su-aviena-ir-ryziais-400-g\/","og_locale":"lt_LT","og_type":"article","og_title":"Brit Mono Protein \u2013 konservai \u0161unims su aviena ir ry\u017eiais, 400 g - MiuMjau","og_description":"100 % \u0160VARUS AVIENOS BALTYMAS SU RY\u017dIAIS. Brit Mono Protein suteikia pilnavert\u012f ir subalansuot\u0105 maist\u0105. Formul\u0117 paremta vieno tipo baltymais ir ideali, siekiant suma\u017einti maisto alergijos ir netoleravimo rizik\u0105.     Idealu \u0161unims su jautriu vir\u0161kinimu, maisto alergijomis ar netolerancija    Auk\u0161tos kokyb\u0117s m\u0117sos didelis kiekis ir kruop\u0161tus apdorojimas u\u017etikrina puik\u0173 skon\u012f ir aromat\u0105    Ideali papildoma priemon\u0117 sausam pa\u0161arui, pagerina apetit\u0105 ir hidratacij\u0105   BE GLUTENO \/ BE SOJOS \/ BE GMO Sud\u0117tis: 70 % aviena (m\u0117sa ir organai), 4 % ry\u017eiai, 3 % \u017eirni\u0173 krakmolas, 1 % \u017eirni\u0173 skaidulos Analitin\u0117s sudedamosios dalys: \u017dali baltymai 9 %, \u017eali riebalai 7 %, \u017eali pelenai 2 %, dr\u0117gm\u0117 78 %, \u017ealia l\u0105steliena 0,7 %, kalcis 0,2 %, fosforas 0,3 %, natris 0,4 % Maistiniai priedai: D3 vitaminas (3a671) 250 TV, E vitaminas (3a700) 100 mg, cinkas (3b606) 15 mg, gele\u017eis (3b106) 10 mg, manganas (3b504) 3 mg, kalio jodidas (3b201) 0,5 mg, biotinas (3a880) 0,2 mg\/kg Technologiniai priedai: karagenanas (E410) 5000 mg\/kg Metabolizuojama energija: 1 110 kcal\/kg","og_url":"https:\/\/miumjau.ee\/lt\/produktas\/brit-mono-protein-konservai-sunims-su-aviena-ir-ryziais-400-g\/","og_site_name":"MiuMjau","article_publisher":"https:\/\/www.facebook.com\/miumjaupood\/","og_image":[{"width":600,"height":800,"url":"https:\/\/miumjau.ee\/wp-content\/uploads\/2025\/03\/brit-mono-konserv-koerale-lammas-riis2-Photoroom.webp","type":"image\/webp"}],"twitter_card":"summary_large_image","schema":{"@context":"https:\/\/schema.org","@graph":[{"@type":"WebPage","@id":"https:\/\/miumjau.ee\/lt\/produktas\/brit-mono-protein-konservai-sunims-su-aviena-ir-ryziais-400-g\/","url":"https:\/\/miumjau.ee\/lt\/produktas\/brit-mono-protein-konservai-sunims-su-aviena-ir-ryziais-400-g\/","name":"Brit Mono Protein \u2013 konservai \u0161unims su aviena ir ry\u017eiais, 400 g - MiuMjau","isPartOf":{"@id":"https:\/\/miumjau.ee\/#website"},"primaryImageOfPage":{"@id":"https:\/\/miumjau.ee\/lt\/produktas\/brit-mono-protein-konservai-sunims-su-aviena-ir-ryziais-400-g\/#primaryimage"},"image":{"@id":"https:\/\/miumjau.ee\/lt\/produktas\/brit-mono-protein-konservai-sunims-su-aviena-ir-ryziais-400-g\/#primaryimage"},"thumbnailUrl":"https:\/\/miumjau.ee\/wp-content\/uploads\/2025\/03\/brit-mono-konserv-koerale-lammas-riis2-Photoroom.webp","datePublished":"2025-03-31T10:08:58+00:00","breadcrumb":{"@id":"https:\/\/miumjau.ee\/lt\/produktas\/brit-mono-protein-konservai-sunims-su-aviena-ir-ryziais-400-g\/#breadcrumb"},"inLanguage":"lt-LT","potentialAction":[{"@type":"ReadAction","target":["https:\/\/miumjau.ee\/lt\/produktas\/brit-mono-protein-konservai-sunims-su-aviena-ir-ryziais-400-g\/"]}]},{"@type":"ImageObject","inLanguage":"lt-LT","@id":"https:\/\/miumjau.ee\/lt\/produktas\/brit-mono-protein-konservai-sunims-su-aviena-ir-ryziais-400-g\/#primaryimage","url":"https:\/\/miumjau.ee\/wp-content\/uploads\/2025\/03\/brit-mono-konserv-koerale-lammas-riis2-Photoroom.webp","contentUrl":"https:\/\/miumjau.ee\/wp-content\/uploads\/2025\/03\/brit-mono-konserv-koerale-lammas-riis2-Photoroom.webp","width":600,"height":800},{"@type":"BreadcrumbList","@id":"https:\/\/miumjau.ee\/lt\/produktas\/brit-mono-protein-konservai-sunims-su-aviena-ir-ryziais-400-g\/#breadcrumb","itemListElement":[{"@type":"ListItem","position":1,"name":"Home","item":"https:\/\/miumjau.ee\/lt\/"},{"@type":"ListItem","position":2,"name":"Parduotuv\u0117","item":"https:\/\/miumjau.ee\/lt\/parduotuve\/"},{"@type":"ListItem","position":3,"name":"Brit Mono Protein \u2013 konservai \u0161unims su aviena ir ry\u017eiais, 400 g"}]},{"@type":"WebSite","@id":"https:\/\/miumjau.ee\/#website","url":"https:\/\/miumjau.ee\/","name":"MiuMjau","description":"Kraapimispuud kassidele","publisher":{"@id":"https:\/\/miumjau.ee\/#organization"},"potentialAction":[{"@type":"SearchAction","target":{"@type":"EntryPoint","urlTemplate":"https:\/\/miumjau.ee\/?s={search_term_string}"},"query-input":{"@type":"PropertyValueSpecification","valueRequired":true,"valueName":"search_term_string"}}],"inLanguage":"lt-LT"},{"@type":"Organization","@id":"https:\/\/miumjau.ee\/#organization","name":"MiuMjau O\u00dc","url":"https:\/\/miumjau.ee\/","logo":{"@type":"ImageObject","inLanguage":"lt-LT","@id":"https:\/\/miumjau.ee\/#\/schema\/logo\/image\/","url":"https:\/\/miumjau.ee\/wp-content\/uploads\/2022\/04\/MiuMjau-logo-kollane.png","contentUrl":"https:\/\/miumjau.ee\/wp-content\/uploads\/2022\/04\/MiuMjau-logo-kollane.png","width":219,"height":100,"caption":"MiuMjau O\u00dc"},"image":{"@id":"https:\/\/miumjau.ee\/#\/schema\/logo\/image\/"},"sameAs":["https:\/\/www.facebook.com\/miumjaupood\/"]}]}},"_links":{"self":[{"href":"https:\/\/miumjau.ee\/lt\/wp-json\/wp\/v2\/product\/52382","targetHints":{"allow":["GET"]}}],"collection":[{"href":"https:\/\/miumjau.ee\/lt\/wp-json\/wp\/v2\/product"}],"about":[{"href":"https:\/\/miumjau.ee\/lt\/wp-json\/wp\/v2\/types\/product"}],"wp:featuredmedia":[{"embeddable":true,"href":"https:\/\/miumjau.ee\/lt\/wp-json\/wp\/v2\/media\/52383"}],"wp:attachment":[{"href":"https:\/\/miumjau.ee\/lt\/wp-json\/wp\/v2\/media?parent=52382"}],"wp:term":[{"taxonomy":"product_brand","embeddable":true,"href":"https:\/\/miumjau.ee\/lt\/wp-json\/wp\/v2\/product_brand?post=52382"},{"taxonomy":"product_cat","embeddable":true,"href":"https:\/\/miumjau.ee\/lt\/wp-json\/wp\/v2\/product_cat?post=52382"},{"taxonomy":"product_tag","embeddable":true,"href":"https:\/\/miumjau.ee\/lt\/wp-json\/wp\/v2\/product_tag?post=52382"}],"curies":[{"name":"wp","href":"https:\/\/api.w.org\/{rel}","templated":true}]}}