{"id":52316,"date":"2025-03-31T13:33:44","date_gmt":"2025-03-31T10:33:44","guid":{"rendered":"https:\/\/miumjau.ee\/toode\/brit-pate-meat-konservai-suniukams-su-vistiena-ir-kalakutu-400-g\/"},"modified":"2026-01-10T11:05:29","modified_gmt":"2026-01-10T09:05:29","slug":"brit-pate-meat-konservai-suniukams-su-vistiena-ir-kalakutu-400-g","status":"publish","type":"product","link":"https:\/\/miumjau.ee\/lt\/produktas\/brit-pate-meat-konservai-suniukams-su-vistiena-ir-kalakutu-400-g\/","title":{"rendered":"Brit P\u00e2t\u00e9 &#038; Meat \u2013 konservai \u0161uniukams su vi\u0161tiena ir kalakutu, 400 g"},"content":{"rendered":"","protected":false},"excerpt":{"rendered":"<p data-start=\"2518\" data-end=\"2631\">\u0160varus pa\u0161tetas su sveikais organais ir m\u0117sos gabaliukais. Pilnavertis pa\u0161aras \u0161uniukams ir jauniesiems \u0161unims.<\/p>\n<ul data-start=\"2633\" data-end=\"2985\">\n<li data-start=\"2633\" data-end=\"2680\">\n<p data-start=\"2635\" data-end=\"2680\">Tikri m\u0117sos gabaliukai su sveikais organais<\/p>\n<\/li>\n<li data-start=\"2681\" data-end=\"2779\">\n<p data-start=\"2683\" data-end=\"2779\">Auk\u0161tos kokyb\u0117s m\u0117sos didelis kiekis ir kruop\u0161tus apdorojimas u\u017etikrina puik\u0173 skon\u012f ir aromat\u0105<\/p>\n<\/li>\n<li data-start=\"2780\" data-end=\"2886\">\n<p data-start=\"2782\" data-end=\"2886\">Skani kombinacija i\u0161 tikr\u0173 m\u0117sos gabaliuk\u0173 ir organ\u0173 pa\u0161tete patenkins net i\u0161rankiausius \u0161un\u0173 gurmanus<\/p>\n<\/li>\n<li data-start=\"2887\" data-end=\"2985\">\n<p data-start=\"2889\" data-end=\"2985\">Brit P\u00e2t\u00e9 &amp; Meat yra idealus papildymas sausam pa\u0161arui, pagerina \u0161\u0117rimo apetit\u0105 ir hidratacij\u0105<\/p>\n<\/li>\n<\/ul>\n<p data-start=\"2987\" data-end=\"3023\"><strong data-start=\"2987\" data-end=\"3021\">BE GLUTENO \/ BE SOJOS \/ BE GMO<\/strong><\/p>\n<p data-start=\"3025\" data-end=\"3172\"><strong data-start=\"3025\" data-end=\"3037\">Sud\u0117tis:<\/strong> 44 % vi\u0161tiena (m\u0117sa ir organai), 26 % kalakutas (m\u0117sa ir organai), 3 % \u017eirni\u0173 krakmolas, 1 % \u017eirni\u0173 skaidulos, 0,5 % la\u0161i\u0161os aliejus<\/p>\n<p data-start=\"3174\" data-end=\"3349\"><strong data-start=\"3174\" data-end=\"3208\">Analitin\u0117s sudedamosios dalys:<\/strong> \u017dali baltymai 10 %, \u017eali riebalai 7 %, \u017eali pelenai 2,5 %, dr\u0117gm\u0117 78 %, \u017ealia l\u0105steliena 0,5 %, kalcis 0,1 %, fosforas 0,3 %, natris 0,2 %<\/p>\n<p data-start=\"3351\" data-end=\"3560\"><strong data-start=\"3351\" data-end=\"3374\">Maistiniai priedai:<\/strong><br data-start=\"3374\" data-end=\"3377\" \/>D3 vitaminas (3a671) 250 TV, E vitaminas (3a700) 100 mg, cinkas (3b606) 15 mg, gele\u017eis (3b106) 10 mg, manganas (3b504) 3 mg, kalio jodidas (3b204) 0,5 mg, biotinas (3a880) 0,2 mg\/kg<\/p>\n<p data-start=\"3562\" data-end=\"3621\"><strong data-start=\"3562\" data-end=\"3589\">Technologiniai priedai:<\/strong> karagenanas (E410) 5000 mg\/kg<\/p>\n<p data-start=\"3623\" data-end=\"3667\"><strong data-start=\"3623\" data-end=\"3652\">Metabolizuojama energija:<\/strong> 1099 kcal\/kg<\/p>\n","protected":false},"featured_media":52317,"template":"","meta":[],"product_brand":[],"product_cat":[539],"product_tag":[],"class_list":{"0":"post-52316","1":"product","2":"type-product","3":"status-publish","4":"has-post-thumbnail","6":"product_cat-slapias-maistas-sunims","8":"first","9":"instock","10":"sale","11":"taxable","12":"shipping-taxable","13":"purchasable","14":"product-type-simple"},"yoast_head":"<!-- This site is optimized with the Yoast SEO plugin v27.2 - https:\/\/yoast.com\/product\/yoast-seo-wordpress\/ -->\n<title>Brit P\u00e2t\u00e9 &amp; Meat \u2013 konservai \u0161uniukams su vi\u0161tiena ir kalakutu, 400 g - MiuMjau<\/title>\n<meta name=\"robots\" content=\"index, follow, max-snippet:-1, max-image-preview:large, max-video-preview:-1\" \/>\n<link rel=\"canonical\" href=\"https:\/\/miumjau.ee\/lt\/produktas\/brit-pate-meat-konservai-suniukams-su-vistiena-ir-kalakutu-400-g\/\" \/>\n<meta property=\"og:locale\" content=\"lt_LT\" \/>\n<meta property=\"og:type\" content=\"article\" \/>\n<meta property=\"og:title\" content=\"Brit P\u00e2t\u00e9 &amp; Meat \u2013 konservai \u0161uniukams su vi\u0161tiena ir kalakutu, 400 g - MiuMjau\" \/>\n<meta property=\"og:description\" content=\"\u0160varus pa\u0161tetas su sveikais organais ir m\u0117sos gabaliukais. Pilnavertis pa\u0161aras \u0161uniukams ir jauniesiems \u0161unims.     Tikri m\u0117sos gabaliukai su sveikais organais    Auk\u0161tos kokyb\u0117s m\u0117sos didelis kiekis ir kruop\u0161tus apdorojimas u\u017etikrina puik\u0173 skon\u012f ir aromat\u0105    Skani kombinacija i\u0161 tikr\u0173 m\u0117sos gabaliuk\u0173 ir organ\u0173 pa\u0161tete patenkins net i\u0161rankiausius \u0161un\u0173 gurmanus    Brit P\u00e2t\u00e9 &amp; Meat yra idealus papildymas sausam pa\u0161arui, pagerina \u0161\u0117rimo apetit\u0105 ir hidratacij\u0105   BE GLUTENO \/ BE SOJOS \/ BE GMO Sud\u0117tis: 44 % vi\u0161tiena (m\u0117sa ir organai), 26 % kalakutas (m\u0117sa ir organai), 3 % \u017eirni\u0173 krakmolas, 1 % \u017eirni\u0173 skaidulos, 0,5 % la\u0161i\u0161os aliejus Analitin\u0117s sudedamosios dalys: \u017dali baltymai 10 %, \u017eali riebalai 7 %, \u017eali pelenai 2,5 %, dr\u0117gm\u0117 78 %, \u017ealia l\u0105steliena 0,5 %, kalcis 0,1 %, fosforas 0,3 %, natris 0,2 % Maistiniai priedai:D3 vitaminas (3a671) 250 TV, E vitaminas (3a700) 100 mg, cinkas (3b606) 15 mg, gele\u017eis (3b106) 10 mg, manganas (3b504) 3 mg, kalio jodidas (3b204) 0,5 mg, biotinas (3a880) 0,2 mg\/kg Technologiniai priedai: karagenanas (E410) 5000 mg\/kg Metabolizuojama energija: 1099 kcal\/kg\" \/>\n<meta property=\"og:url\" content=\"https:\/\/miumjau.ee\/lt\/produktas\/brit-pate-meat-konservai-suniukams-su-vistiena-ir-kalakutu-400-g\/\" \/>\n<meta property=\"og:site_name\" content=\"MiuMjau\" \/>\n<meta property=\"article:publisher\" content=\"https:\/\/www.facebook.com\/miumjaupood\/\" \/>\n<meta property=\"article:modified_time\" content=\"2026-01-10T09:05:29+00:00\" \/>\n<meta property=\"og:image\" content=\"https:\/\/miumjau.ee\/wp-content\/uploads\/2025\/03\/brit-pate-meat-kana-kalkun-puppy-konserv-koerale2-Photoroom.webp\" \/>\n\t<meta property=\"og:image:width\" content=\"600\" \/>\n\t<meta property=\"og:image:height\" content=\"800\" \/>\n\t<meta property=\"og:image:type\" content=\"image\/webp\" \/>\n<meta name=\"twitter:card\" content=\"summary_large_image\" \/>\n<script type=\"application\/ld+json\" class=\"yoast-schema-graph\">{\"@context\":\"https:\/\/schema.org\",\"@graph\":[{\"@type\":\"WebPage\",\"@id\":\"https:\/\/miumjau.ee\/lt\/produktas\/brit-pate-meat-konservai-suniukams-su-vistiena-ir-kalakutu-400-g\/\",\"url\":\"https:\/\/miumjau.ee\/lt\/produktas\/brit-pate-meat-konservai-suniukams-su-vistiena-ir-kalakutu-400-g\/\",\"name\":\"Brit P\u00e2t\u00e9 & Meat \u2013 konservai \u0161uniukams su vi\u0161tiena ir kalakutu, 400 g - MiuMjau\",\"isPartOf\":{\"@id\":\"https:\/\/miumjau.ee\/#website\"},\"primaryImageOfPage\":{\"@id\":\"https:\/\/miumjau.ee\/lt\/produktas\/brit-pate-meat-konservai-suniukams-su-vistiena-ir-kalakutu-400-g\/#primaryimage\"},\"image\":{\"@id\":\"https:\/\/miumjau.ee\/lt\/produktas\/brit-pate-meat-konservai-suniukams-su-vistiena-ir-kalakutu-400-g\/#primaryimage\"},\"thumbnailUrl\":\"https:\/\/miumjau.ee\/wp-content\/uploads\/2025\/03\/brit-pate-meat-kana-kalkun-puppy-konserv-koerale2-Photoroom.webp\",\"datePublished\":\"2025-03-31T10:33:44+00:00\",\"dateModified\":\"2026-01-10T09:05:29+00:00\",\"breadcrumb\":{\"@id\":\"https:\/\/miumjau.ee\/lt\/produktas\/brit-pate-meat-konservai-suniukams-su-vistiena-ir-kalakutu-400-g\/#breadcrumb\"},\"inLanguage\":\"lt-LT\",\"potentialAction\":[{\"@type\":\"ReadAction\",\"target\":[\"https:\/\/miumjau.ee\/lt\/produktas\/brit-pate-meat-konservai-suniukams-su-vistiena-ir-kalakutu-400-g\/\"]}]},{\"@type\":\"ImageObject\",\"inLanguage\":\"lt-LT\",\"@id\":\"https:\/\/miumjau.ee\/lt\/produktas\/brit-pate-meat-konservai-suniukams-su-vistiena-ir-kalakutu-400-g\/#primaryimage\",\"url\":\"https:\/\/miumjau.ee\/wp-content\/uploads\/2025\/03\/brit-pate-meat-kana-kalkun-puppy-konserv-koerale2-Photoroom.webp\",\"contentUrl\":\"https:\/\/miumjau.ee\/wp-content\/uploads\/2025\/03\/brit-pate-meat-kana-kalkun-puppy-konserv-koerale2-Photoroom.webp\",\"width\":600,\"height\":800},{\"@type\":\"BreadcrumbList\",\"@id\":\"https:\/\/miumjau.ee\/lt\/produktas\/brit-pate-meat-konservai-suniukams-su-vistiena-ir-kalakutu-400-g\/#breadcrumb\",\"itemListElement\":[{\"@type\":\"ListItem\",\"position\":1,\"name\":\"Home\",\"item\":\"https:\/\/miumjau.ee\/lt\/\"},{\"@type\":\"ListItem\",\"position\":2,\"name\":\"Parduotuv\u0117\",\"item\":\"https:\/\/miumjau.ee\/lt\/parduotuve\/\"},{\"@type\":\"ListItem\",\"position\":3,\"name\":\"Brit P\u00e2t\u00e9 &#038; Meat \u2013 konservai \u0161uniukams su vi\u0161tiena ir kalakutu, 400 g\"}]},{\"@type\":\"WebSite\",\"@id\":\"https:\/\/miumjau.ee\/#website\",\"url\":\"https:\/\/miumjau.ee\/\",\"name\":\"MiuMjau\",\"description\":\"Kraapimispuud kassidele\",\"publisher\":{\"@id\":\"https:\/\/miumjau.ee\/#organization\"},\"potentialAction\":[{\"@type\":\"SearchAction\",\"target\":{\"@type\":\"EntryPoint\",\"urlTemplate\":\"https:\/\/miumjau.ee\/?s={search_term_string}\"},\"query-input\":{\"@type\":\"PropertyValueSpecification\",\"valueRequired\":true,\"valueName\":\"search_term_string\"}}],\"inLanguage\":\"lt-LT\"},{\"@type\":\"Organization\",\"@id\":\"https:\/\/miumjau.ee\/#organization\",\"name\":\"MiuMjau O\u00dc\",\"url\":\"https:\/\/miumjau.ee\/\",\"logo\":{\"@type\":\"ImageObject\",\"inLanguage\":\"lt-LT\",\"@id\":\"https:\/\/miumjau.ee\/#\/schema\/logo\/image\/\",\"url\":\"https:\/\/miumjau.ee\/wp-content\/uploads\/2022\/04\/MiuMjau-logo-kollane.png\",\"contentUrl\":\"https:\/\/miumjau.ee\/wp-content\/uploads\/2022\/04\/MiuMjau-logo-kollane.png\",\"width\":219,\"height\":100,\"caption\":\"MiuMjau O\u00dc\"},\"image\":{\"@id\":\"https:\/\/miumjau.ee\/#\/schema\/logo\/image\/\"},\"sameAs\":[\"https:\/\/www.facebook.com\/miumjaupood\/\"]}]}<\/script>\n<!-- \/ Yoast SEO plugin. -->","yoast_head_json":{"title":"Brit P\u00e2t\u00e9 & Meat \u2013 konservai \u0161uniukams su vi\u0161tiena ir kalakutu, 400 g - MiuMjau","robots":{"index":"index","follow":"follow","max-snippet":"max-snippet:-1","max-image-preview":"max-image-preview:large","max-video-preview":"max-video-preview:-1"},"canonical":"https:\/\/miumjau.ee\/lt\/produktas\/brit-pate-meat-konservai-suniukams-su-vistiena-ir-kalakutu-400-g\/","og_locale":"lt_LT","og_type":"article","og_title":"Brit P\u00e2t\u00e9 & Meat \u2013 konservai \u0161uniukams su vi\u0161tiena ir kalakutu, 400 g - MiuMjau","og_description":"\u0160varus pa\u0161tetas su sveikais organais ir m\u0117sos gabaliukais. Pilnavertis pa\u0161aras \u0161uniukams ir jauniesiems \u0161unims.     Tikri m\u0117sos gabaliukai su sveikais organais    Auk\u0161tos kokyb\u0117s m\u0117sos didelis kiekis ir kruop\u0161tus apdorojimas u\u017etikrina puik\u0173 skon\u012f ir aromat\u0105    Skani kombinacija i\u0161 tikr\u0173 m\u0117sos gabaliuk\u0173 ir organ\u0173 pa\u0161tete patenkins net i\u0161rankiausius \u0161un\u0173 gurmanus    Brit P\u00e2t\u00e9 &amp; Meat yra idealus papildymas sausam pa\u0161arui, pagerina \u0161\u0117rimo apetit\u0105 ir hidratacij\u0105   BE GLUTENO \/ BE SOJOS \/ BE GMO Sud\u0117tis: 44 % vi\u0161tiena (m\u0117sa ir organai), 26 % kalakutas (m\u0117sa ir organai), 3 % \u017eirni\u0173 krakmolas, 1 % \u017eirni\u0173 skaidulos, 0,5 % la\u0161i\u0161os aliejus Analitin\u0117s sudedamosios dalys: \u017dali baltymai 10 %, \u017eali riebalai 7 %, \u017eali pelenai 2,5 %, dr\u0117gm\u0117 78 %, \u017ealia l\u0105steliena 0,5 %, kalcis 0,1 %, fosforas 0,3 %, natris 0,2 % Maistiniai priedai:D3 vitaminas (3a671) 250 TV, E vitaminas (3a700) 100 mg, cinkas (3b606) 15 mg, gele\u017eis (3b106) 10 mg, manganas (3b504) 3 mg, kalio jodidas (3b204) 0,5 mg, biotinas (3a880) 0,2 mg\/kg Technologiniai priedai: karagenanas (E410) 5000 mg\/kg Metabolizuojama energija: 1099 kcal\/kg","og_url":"https:\/\/miumjau.ee\/lt\/produktas\/brit-pate-meat-konservai-suniukams-su-vistiena-ir-kalakutu-400-g\/","og_site_name":"MiuMjau","article_publisher":"https:\/\/www.facebook.com\/miumjaupood\/","article_modified_time":"2026-01-10T09:05:29+00:00","og_image":[{"width":600,"height":800,"url":"https:\/\/miumjau.ee\/wp-content\/uploads\/2025\/03\/brit-pate-meat-kana-kalkun-puppy-konserv-koerale2-Photoroom.webp","type":"image\/webp"}],"twitter_card":"summary_large_image","schema":{"@context":"https:\/\/schema.org","@graph":[{"@type":"WebPage","@id":"https:\/\/miumjau.ee\/lt\/produktas\/brit-pate-meat-konservai-suniukams-su-vistiena-ir-kalakutu-400-g\/","url":"https:\/\/miumjau.ee\/lt\/produktas\/brit-pate-meat-konservai-suniukams-su-vistiena-ir-kalakutu-400-g\/","name":"Brit P\u00e2t\u00e9 & Meat \u2013 konservai \u0161uniukams su vi\u0161tiena ir kalakutu, 400 g - MiuMjau","isPartOf":{"@id":"https:\/\/miumjau.ee\/#website"},"primaryImageOfPage":{"@id":"https:\/\/miumjau.ee\/lt\/produktas\/brit-pate-meat-konservai-suniukams-su-vistiena-ir-kalakutu-400-g\/#primaryimage"},"image":{"@id":"https:\/\/miumjau.ee\/lt\/produktas\/brit-pate-meat-konservai-suniukams-su-vistiena-ir-kalakutu-400-g\/#primaryimage"},"thumbnailUrl":"https:\/\/miumjau.ee\/wp-content\/uploads\/2025\/03\/brit-pate-meat-kana-kalkun-puppy-konserv-koerale2-Photoroom.webp","datePublished":"2025-03-31T10:33:44+00:00","dateModified":"2026-01-10T09:05:29+00:00","breadcrumb":{"@id":"https:\/\/miumjau.ee\/lt\/produktas\/brit-pate-meat-konservai-suniukams-su-vistiena-ir-kalakutu-400-g\/#breadcrumb"},"inLanguage":"lt-LT","potentialAction":[{"@type":"ReadAction","target":["https:\/\/miumjau.ee\/lt\/produktas\/brit-pate-meat-konservai-suniukams-su-vistiena-ir-kalakutu-400-g\/"]}]},{"@type":"ImageObject","inLanguage":"lt-LT","@id":"https:\/\/miumjau.ee\/lt\/produktas\/brit-pate-meat-konservai-suniukams-su-vistiena-ir-kalakutu-400-g\/#primaryimage","url":"https:\/\/miumjau.ee\/wp-content\/uploads\/2025\/03\/brit-pate-meat-kana-kalkun-puppy-konserv-koerale2-Photoroom.webp","contentUrl":"https:\/\/miumjau.ee\/wp-content\/uploads\/2025\/03\/brit-pate-meat-kana-kalkun-puppy-konserv-koerale2-Photoroom.webp","width":600,"height":800},{"@type":"BreadcrumbList","@id":"https:\/\/miumjau.ee\/lt\/produktas\/brit-pate-meat-konservai-suniukams-su-vistiena-ir-kalakutu-400-g\/#breadcrumb","itemListElement":[{"@type":"ListItem","position":1,"name":"Home","item":"https:\/\/miumjau.ee\/lt\/"},{"@type":"ListItem","position":2,"name":"Parduotuv\u0117","item":"https:\/\/miumjau.ee\/lt\/parduotuve\/"},{"@type":"ListItem","position":3,"name":"Brit P\u00e2t\u00e9 &#038; Meat \u2013 konservai \u0161uniukams su vi\u0161tiena ir kalakutu, 400 g"}]},{"@type":"WebSite","@id":"https:\/\/miumjau.ee\/#website","url":"https:\/\/miumjau.ee\/","name":"MiuMjau","description":"Kraapimispuud kassidele","publisher":{"@id":"https:\/\/miumjau.ee\/#organization"},"potentialAction":[{"@type":"SearchAction","target":{"@type":"EntryPoint","urlTemplate":"https:\/\/miumjau.ee\/?s={search_term_string}"},"query-input":{"@type":"PropertyValueSpecification","valueRequired":true,"valueName":"search_term_string"}}],"inLanguage":"lt-LT"},{"@type":"Organization","@id":"https:\/\/miumjau.ee\/#organization","name":"MiuMjau O\u00dc","url":"https:\/\/miumjau.ee\/","logo":{"@type":"ImageObject","inLanguage":"lt-LT","@id":"https:\/\/miumjau.ee\/#\/schema\/logo\/image\/","url":"https:\/\/miumjau.ee\/wp-content\/uploads\/2022\/04\/MiuMjau-logo-kollane.png","contentUrl":"https:\/\/miumjau.ee\/wp-content\/uploads\/2022\/04\/MiuMjau-logo-kollane.png","width":219,"height":100,"caption":"MiuMjau O\u00dc"},"image":{"@id":"https:\/\/miumjau.ee\/#\/schema\/logo\/image\/"},"sameAs":["https:\/\/www.facebook.com\/miumjaupood\/"]}]}},"_links":{"self":[{"href":"https:\/\/miumjau.ee\/lt\/wp-json\/wp\/v2\/product\/52316","targetHints":{"allow":["GET"]}}],"collection":[{"href":"https:\/\/miumjau.ee\/lt\/wp-json\/wp\/v2\/product"}],"about":[{"href":"https:\/\/miumjau.ee\/lt\/wp-json\/wp\/v2\/types\/product"}],"wp:featuredmedia":[{"embeddable":true,"href":"https:\/\/miumjau.ee\/lt\/wp-json\/wp\/v2\/media\/52317"}],"wp:attachment":[{"href":"https:\/\/miumjau.ee\/lt\/wp-json\/wp\/v2\/media?parent=52316"}],"wp:term":[{"taxonomy":"product_brand","embeddable":true,"href":"https:\/\/miumjau.ee\/lt\/wp-json\/wp\/v2\/product_brand?post=52316"},{"taxonomy":"product_cat","embeddable":true,"href":"https:\/\/miumjau.ee\/lt\/wp-json\/wp\/v2\/product_cat?post=52316"},{"taxonomy":"product_tag","embeddable":true,"href":"https:\/\/miumjau.ee\/lt\/wp-json\/wp\/v2\/product_tag?post=52316"}],"curies":[{"name":"wp","href":"https:\/\/api.w.org\/{rel}","templated":true}]}}