{"id":52311,"date":"2025-03-28T15:37:14","date_gmt":"2025-03-28T13:37:14","guid":{"rendered":"https:\/\/miumjau.ee\/toode\/brit-dental-teeth-gums-kramtomi-pagaliukai-sunims\/"},"modified":"2025-03-28T15:37:14","modified_gmt":"2025-03-28T13:37:14","slug":"brit-dental-teeth-gums-kramtomi-pagaliukai-sunims","status":"publish","type":"product","link":"https:\/\/miumjau.ee\/lt\/produktas\/brit-dental-teeth-gums-kramtomi-pagaliukai-sunims\/","title":{"rendered":"Brit Dental Teeth &#038; Gums \u2013 kramtomi pagaliukai \u0161unims"},"content":{"rendered":"","protected":false},"excerpt":{"rendered":"<p data-start=\"2371\" data-end=\"2492\"><strong data-start=\"2371\" data-end=\"2490\">Brit kramtomi pagaliukai palaiko dant\u0173 ir danten\u0173 sveikat\u0105 su ramun\u0117l\u0117mis ir \u0161alavijais. Papildomas pa\u0161aras \u0161unims.<\/strong><\/p>\n<ul data-start=\"2494\" data-end=\"2751\">\n<li data-start=\"2494\" data-end=\"2535\">\n<p data-start=\"2496\" data-end=\"2535\"><strong data-start=\"2496\" data-end=\"2508\">Ramun\u0117l\u0117<\/strong> \u2013 antioksidant\u0173 \u0161altinis<\/p>\n<\/li>\n<li data-start=\"2536\" data-end=\"2580\">\n<p data-start=\"2538\" data-end=\"2580\"><strong data-start=\"2538\" data-end=\"2551\">\u0160alavijas<\/strong> \u2013 palaiko danten\u0173 sveikat\u0105<\/p>\n<\/li>\n<li data-start=\"2581\" data-end=\"2639\">\n<p data-start=\"2583\" data-end=\"2639\"><strong data-start=\"2583\" data-end=\"2591\">M\u0117ta<\/strong> \u2013 antimikrobin\u0117s savyb\u0117s ir gaivus kv\u0117pavimas<\/p>\n<\/li>\n<li data-start=\"2640\" data-end=\"2700\">\n<p data-start=\"2642\" data-end=\"2700\"><strong data-start=\"2642\" data-end=\"2650\">SHMP<\/strong> \u2013 dant\u0173 sveikatai, u\u017ekerta keli\u0105 dant\u0173 akmeniui<\/p>\n<\/li>\n<li data-start=\"2701\" data-end=\"2751\">\n<p data-start=\"2703\" data-end=\"2751\">Nesud\u0117tyje yra glitimo, GMO ar maisto da\u017eikli\u0173<\/p>\n<\/li>\n<\/ul>\n<p data-start=\"2753\" data-end=\"3050\"><strong data-start=\"2753\" data-end=\"2765\">Sud\u0117tis:<\/strong><br data-start=\"2765\" data-end=\"2768\" \/>Avi\u017e\u0173 miltai, augalinis glicerolis (14 %), bulvi\u0173 krakmolas (10 %), hidrolizuotas mieli\u0173 baltymas (5 %), geltonosios pupel\u0117s (4 %), lignoceliulioz\u0117 (3 %), melasa (3 %), d\u017eiovinta m\u0117ta (2 %), d\u017eiovinta ramun\u0117l\u0117 (1 %), d\u017eiovintas \u0161alavijas (0,5 %), natrio heksametafosfatas (0,3 %).<\/p>\n<p data-start=\"3052\" data-end=\"3236\"><strong data-start=\"3052\" data-end=\"3086\">Analitin\u0117s sudedamosios dalys:<\/strong><br data-start=\"3086\" data-end=\"3089\" \/>\u017dali baltymai 9,0 %, \u017eali riebalai 3,5 %, \u017eali pelenai 2,4 %, \u017ealia l\u0105steliena 4,1 %, dr\u0117gm\u0117 17,0 %, kalcis 0,1 %, fosforas 0,2 %, natris 0,05 %.<\/p>\n<p data-start=\"3238\" data-end=\"3294\"><strong data-start=\"3238\" data-end=\"3261\">Maistiniai priedai:<\/strong><br data-start=\"3261\" data-end=\"3264\" \/>C vitaminas (3a312) 35 mg\/kg<\/p>\n<p data-start=\"3296\" data-end=\"3340\"><strong data-start=\"3296\" data-end=\"3325\">Metabolizuojama energija:<\/strong> 3010 kcal\/kg<\/p>\n<p data-start=\"3342\" data-end=\"3495\"><strong data-start=\"3342\" data-end=\"3365\">\u0160\u0117rimo instrukcija:<\/strong> Duokite \u0161uniui 1 gabal\u0117l\u012f per dien\u0105 kaip skan\u0117st\u0105 arba apdovanojim\u0105. Visada u\u017etikrinkite \u0161vie\u017eio geriamojo vandens prieinamum\u0105.<\/p>\n","protected":false},"featured_media":51817,"template":"","meta":[],"product_brand":[],"product_cat":[540],"product_tag":[],"class_list":{"0":"post-52311","1":"product","2":"type-product","3":"status-publish","4":"has-post-thumbnail","6":"product_cat-skanestai-sunims","8":"first","9":"instock","10":"taxable","11":"shipping-taxable","12":"purchasable","13":"product-type-simple"},"yoast_head":"<!-- This site is optimized with the Yoast SEO plugin v27.2 - https:\/\/yoast.com\/product\/yoast-seo-wordpress\/ -->\n<title>Brit Dental Teeth &amp; Gums \u2013 kramtomi pagaliukai \u0161unims - MiuMjau<\/title>\n<meta name=\"robots\" content=\"index, follow, max-snippet:-1, max-image-preview:large, max-video-preview:-1\" \/>\n<link rel=\"canonical\" href=\"https:\/\/miumjau.ee\/lt\/produktas\/brit-dental-teeth-gums-kramtomi-pagaliukai-sunims\/\" \/>\n<meta property=\"og:locale\" content=\"lt_LT\" \/>\n<meta property=\"og:type\" content=\"article\" \/>\n<meta property=\"og:title\" content=\"Brit Dental Teeth &amp; Gums \u2013 kramtomi pagaliukai \u0161unims - MiuMjau\" \/>\n<meta property=\"og:description\" content=\"Brit kramtomi pagaliukai palaiko dant\u0173 ir danten\u0173 sveikat\u0105 su ramun\u0117l\u0117mis ir \u0161alavijais. Papildomas pa\u0161aras \u0161unims.     Ramun\u0117l\u0117 \u2013 antioksidant\u0173 \u0161altinis    \u0160alavijas \u2013 palaiko danten\u0173 sveikat\u0105    M\u0117ta \u2013 antimikrobin\u0117s savyb\u0117s ir gaivus kv\u0117pavimas    SHMP \u2013 dant\u0173 sveikatai, u\u017ekerta keli\u0105 dant\u0173 akmeniui    Nesud\u0117tyje yra glitimo, GMO ar maisto da\u017eikli\u0173   Sud\u0117tis:Avi\u017e\u0173 miltai, augalinis glicerolis (14 %), bulvi\u0173 krakmolas (10 %), hidrolizuotas mieli\u0173 baltymas (5 %), geltonosios pupel\u0117s (4 %), lignoceliulioz\u0117 (3 %), melasa (3 %), d\u017eiovinta m\u0117ta (2 %), d\u017eiovinta ramun\u0117l\u0117 (1 %), d\u017eiovintas \u0161alavijas (0,5 %), natrio heksametafosfatas (0,3 %). Analitin\u0117s sudedamosios dalys:\u017dali baltymai 9,0 %, \u017eali riebalai 3,5 %, \u017eali pelenai 2,4 %, \u017ealia l\u0105steliena 4,1 %, dr\u0117gm\u0117 17,0 %, kalcis 0,1 %, fosforas 0,2 %, natris 0,05 %. Maistiniai priedai:C vitaminas (3a312) 35 mg\/kg Metabolizuojama energija: 3010 kcal\/kg \u0160\u0117rimo instrukcija: Duokite \u0161uniui 1 gabal\u0117l\u012f per dien\u0105 kaip skan\u0117st\u0105 arba apdovanojim\u0105. Visada u\u017etikrinkite \u0161vie\u017eio geriamojo vandens prieinamum\u0105.\" \/>\n<meta property=\"og:url\" content=\"https:\/\/miumjau.ee\/lt\/produktas\/brit-dental-teeth-gums-kramtomi-pagaliukai-sunims\/\" \/>\n<meta property=\"og:site_name\" content=\"MiuMjau\" \/>\n<meta property=\"article:publisher\" content=\"https:\/\/www.facebook.com\/miumjaupood\/\" \/>\n<meta property=\"og:image\" content=\"https:\/\/miumjau.ee\/wp-content\/uploads\/2025\/03\/brit-narimispulgad-koertele4.webp\" \/>\n\t<meta property=\"og:image:width\" content=\"600\" \/>\n\t<meta property=\"og:image:height\" content=\"800\" \/>\n\t<meta property=\"og:image:type\" content=\"image\/webp\" \/>\n<meta name=\"twitter:card\" content=\"summary_large_image\" \/>\n<script type=\"application\/ld+json\" class=\"yoast-schema-graph\">{\"@context\":\"https:\/\/schema.org\",\"@graph\":[{\"@type\":\"WebPage\",\"@id\":\"https:\/\/miumjau.ee\/lt\/produktas\/brit-dental-teeth-gums-kramtomi-pagaliukai-sunims\/\",\"url\":\"https:\/\/miumjau.ee\/lt\/produktas\/brit-dental-teeth-gums-kramtomi-pagaliukai-sunims\/\",\"name\":\"Brit Dental Teeth & Gums \u2013 kramtomi pagaliukai \u0161unims - MiuMjau\",\"isPartOf\":{\"@id\":\"https:\/\/miumjau.ee\/#website\"},\"primaryImageOfPage\":{\"@id\":\"https:\/\/miumjau.ee\/lt\/produktas\/brit-dental-teeth-gums-kramtomi-pagaliukai-sunims\/#primaryimage\"},\"image\":{\"@id\":\"https:\/\/miumjau.ee\/lt\/produktas\/brit-dental-teeth-gums-kramtomi-pagaliukai-sunims\/#primaryimage\"},\"thumbnailUrl\":\"https:\/\/miumjau.ee\/wp-content\/uploads\/2025\/03\/brit-narimispulgad-koertele4.webp\",\"datePublished\":\"2025-03-28T13:37:14+00:00\",\"breadcrumb\":{\"@id\":\"https:\/\/miumjau.ee\/lt\/produktas\/brit-dental-teeth-gums-kramtomi-pagaliukai-sunims\/#breadcrumb\"},\"inLanguage\":\"lt-LT\",\"potentialAction\":[{\"@type\":\"ReadAction\",\"target\":[\"https:\/\/miumjau.ee\/lt\/produktas\/brit-dental-teeth-gums-kramtomi-pagaliukai-sunims\/\"]}]},{\"@type\":\"ImageObject\",\"inLanguage\":\"lt-LT\",\"@id\":\"https:\/\/miumjau.ee\/lt\/produktas\/brit-dental-teeth-gums-kramtomi-pagaliukai-sunims\/#primaryimage\",\"url\":\"https:\/\/miumjau.ee\/wp-content\/uploads\/2025\/03\/brit-narimispulgad-koertele4.webp\",\"contentUrl\":\"https:\/\/miumjau.ee\/wp-content\/uploads\/2025\/03\/brit-narimispulgad-koertele4.webp\",\"width\":600,\"height\":800,\"caption\":\"N\u00e4rimispulgad koertele Brit Dental\"},{\"@type\":\"BreadcrumbList\",\"@id\":\"https:\/\/miumjau.ee\/lt\/produktas\/brit-dental-teeth-gums-kramtomi-pagaliukai-sunims\/#breadcrumb\",\"itemListElement\":[{\"@type\":\"ListItem\",\"position\":1,\"name\":\"Home\",\"item\":\"https:\/\/miumjau.ee\/lt\/\"},{\"@type\":\"ListItem\",\"position\":2,\"name\":\"Parduotuv\u0117\",\"item\":\"https:\/\/miumjau.ee\/lt\/parduotuve\/\"},{\"@type\":\"ListItem\",\"position\":3,\"name\":\"Brit Dental Teeth &#038; Gums \u2013 kramtomi pagaliukai \u0161unims\"}]},{\"@type\":\"WebSite\",\"@id\":\"https:\/\/miumjau.ee\/#website\",\"url\":\"https:\/\/miumjau.ee\/\",\"name\":\"MiuMjau\",\"description\":\"Kraapimispuud kassidele\",\"publisher\":{\"@id\":\"https:\/\/miumjau.ee\/#organization\"},\"potentialAction\":[{\"@type\":\"SearchAction\",\"target\":{\"@type\":\"EntryPoint\",\"urlTemplate\":\"https:\/\/miumjau.ee\/?s={search_term_string}\"},\"query-input\":{\"@type\":\"PropertyValueSpecification\",\"valueRequired\":true,\"valueName\":\"search_term_string\"}}],\"inLanguage\":\"lt-LT\"},{\"@type\":\"Organization\",\"@id\":\"https:\/\/miumjau.ee\/#organization\",\"name\":\"MiuMjau O\u00dc\",\"url\":\"https:\/\/miumjau.ee\/\",\"logo\":{\"@type\":\"ImageObject\",\"inLanguage\":\"lt-LT\",\"@id\":\"https:\/\/miumjau.ee\/#\/schema\/logo\/image\/\",\"url\":\"https:\/\/miumjau.ee\/wp-content\/uploads\/2022\/04\/MiuMjau-logo-kollane.png\",\"contentUrl\":\"https:\/\/miumjau.ee\/wp-content\/uploads\/2022\/04\/MiuMjau-logo-kollane.png\",\"width\":219,\"height\":100,\"caption\":\"MiuMjau O\u00dc\"},\"image\":{\"@id\":\"https:\/\/miumjau.ee\/#\/schema\/logo\/image\/\"},\"sameAs\":[\"https:\/\/www.facebook.com\/miumjaupood\/\"]}]}<\/script>\n<!-- \/ Yoast SEO plugin. -->","yoast_head_json":{"title":"Brit Dental Teeth & Gums \u2013 kramtomi pagaliukai \u0161unims - MiuMjau","robots":{"index":"index","follow":"follow","max-snippet":"max-snippet:-1","max-image-preview":"max-image-preview:large","max-video-preview":"max-video-preview:-1"},"canonical":"https:\/\/miumjau.ee\/lt\/produktas\/brit-dental-teeth-gums-kramtomi-pagaliukai-sunims\/","og_locale":"lt_LT","og_type":"article","og_title":"Brit Dental Teeth & Gums \u2013 kramtomi pagaliukai \u0161unims - MiuMjau","og_description":"Brit kramtomi pagaliukai palaiko dant\u0173 ir danten\u0173 sveikat\u0105 su ramun\u0117l\u0117mis ir \u0161alavijais. Papildomas pa\u0161aras \u0161unims.     Ramun\u0117l\u0117 \u2013 antioksidant\u0173 \u0161altinis    \u0160alavijas \u2013 palaiko danten\u0173 sveikat\u0105    M\u0117ta \u2013 antimikrobin\u0117s savyb\u0117s ir gaivus kv\u0117pavimas    SHMP \u2013 dant\u0173 sveikatai, u\u017ekerta keli\u0105 dant\u0173 akmeniui    Nesud\u0117tyje yra glitimo, GMO ar maisto da\u017eikli\u0173   Sud\u0117tis:Avi\u017e\u0173 miltai, augalinis glicerolis (14 %), bulvi\u0173 krakmolas (10 %), hidrolizuotas mieli\u0173 baltymas (5 %), geltonosios pupel\u0117s (4 %), lignoceliulioz\u0117 (3 %), melasa (3 %), d\u017eiovinta m\u0117ta (2 %), d\u017eiovinta ramun\u0117l\u0117 (1 %), d\u017eiovintas \u0161alavijas (0,5 %), natrio heksametafosfatas (0,3 %). Analitin\u0117s sudedamosios dalys:\u017dali baltymai 9,0 %, \u017eali riebalai 3,5 %, \u017eali pelenai 2,4 %, \u017ealia l\u0105steliena 4,1 %, dr\u0117gm\u0117 17,0 %, kalcis 0,1 %, fosforas 0,2 %, natris 0,05 %. Maistiniai priedai:C vitaminas (3a312) 35 mg\/kg Metabolizuojama energija: 3010 kcal\/kg \u0160\u0117rimo instrukcija: Duokite \u0161uniui 1 gabal\u0117l\u012f per dien\u0105 kaip skan\u0117st\u0105 arba apdovanojim\u0105. Visada u\u017etikrinkite \u0161vie\u017eio geriamojo vandens prieinamum\u0105.","og_url":"https:\/\/miumjau.ee\/lt\/produktas\/brit-dental-teeth-gums-kramtomi-pagaliukai-sunims\/","og_site_name":"MiuMjau","article_publisher":"https:\/\/www.facebook.com\/miumjaupood\/","og_image":[{"width":600,"height":800,"url":"https:\/\/miumjau.ee\/wp-content\/uploads\/2025\/03\/brit-narimispulgad-koertele4.webp","type":"image\/webp"}],"twitter_card":"summary_large_image","schema":{"@context":"https:\/\/schema.org","@graph":[{"@type":"WebPage","@id":"https:\/\/miumjau.ee\/lt\/produktas\/brit-dental-teeth-gums-kramtomi-pagaliukai-sunims\/","url":"https:\/\/miumjau.ee\/lt\/produktas\/brit-dental-teeth-gums-kramtomi-pagaliukai-sunims\/","name":"Brit Dental Teeth & Gums \u2013 kramtomi pagaliukai \u0161unims - MiuMjau","isPartOf":{"@id":"https:\/\/miumjau.ee\/#website"},"primaryImageOfPage":{"@id":"https:\/\/miumjau.ee\/lt\/produktas\/brit-dental-teeth-gums-kramtomi-pagaliukai-sunims\/#primaryimage"},"image":{"@id":"https:\/\/miumjau.ee\/lt\/produktas\/brit-dental-teeth-gums-kramtomi-pagaliukai-sunims\/#primaryimage"},"thumbnailUrl":"https:\/\/miumjau.ee\/wp-content\/uploads\/2025\/03\/brit-narimispulgad-koertele4.webp","datePublished":"2025-03-28T13:37:14+00:00","breadcrumb":{"@id":"https:\/\/miumjau.ee\/lt\/produktas\/brit-dental-teeth-gums-kramtomi-pagaliukai-sunims\/#breadcrumb"},"inLanguage":"lt-LT","potentialAction":[{"@type":"ReadAction","target":["https:\/\/miumjau.ee\/lt\/produktas\/brit-dental-teeth-gums-kramtomi-pagaliukai-sunims\/"]}]},{"@type":"ImageObject","inLanguage":"lt-LT","@id":"https:\/\/miumjau.ee\/lt\/produktas\/brit-dental-teeth-gums-kramtomi-pagaliukai-sunims\/#primaryimage","url":"https:\/\/miumjau.ee\/wp-content\/uploads\/2025\/03\/brit-narimispulgad-koertele4.webp","contentUrl":"https:\/\/miumjau.ee\/wp-content\/uploads\/2025\/03\/brit-narimispulgad-koertele4.webp","width":600,"height":800,"caption":"N\u00e4rimispulgad koertele Brit Dental"},{"@type":"BreadcrumbList","@id":"https:\/\/miumjau.ee\/lt\/produktas\/brit-dental-teeth-gums-kramtomi-pagaliukai-sunims\/#breadcrumb","itemListElement":[{"@type":"ListItem","position":1,"name":"Home","item":"https:\/\/miumjau.ee\/lt\/"},{"@type":"ListItem","position":2,"name":"Parduotuv\u0117","item":"https:\/\/miumjau.ee\/lt\/parduotuve\/"},{"@type":"ListItem","position":3,"name":"Brit Dental Teeth &#038; Gums \u2013 kramtomi pagaliukai \u0161unims"}]},{"@type":"WebSite","@id":"https:\/\/miumjau.ee\/#website","url":"https:\/\/miumjau.ee\/","name":"MiuMjau","description":"Kraapimispuud kassidele","publisher":{"@id":"https:\/\/miumjau.ee\/#organization"},"potentialAction":[{"@type":"SearchAction","target":{"@type":"EntryPoint","urlTemplate":"https:\/\/miumjau.ee\/?s={search_term_string}"},"query-input":{"@type":"PropertyValueSpecification","valueRequired":true,"valueName":"search_term_string"}}],"inLanguage":"lt-LT"},{"@type":"Organization","@id":"https:\/\/miumjau.ee\/#organization","name":"MiuMjau O\u00dc","url":"https:\/\/miumjau.ee\/","logo":{"@type":"ImageObject","inLanguage":"lt-LT","@id":"https:\/\/miumjau.ee\/#\/schema\/logo\/image\/","url":"https:\/\/miumjau.ee\/wp-content\/uploads\/2022\/04\/MiuMjau-logo-kollane.png","contentUrl":"https:\/\/miumjau.ee\/wp-content\/uploads\/2022\/04\/MiuMjau-logo-kollane.png","width":219,"height":100,"caption":"MiuMjau O\u00dc"},"image":{"@id":"https:\/\/miumjau.ee\/#\/schema\/logo\/image\/"},"sameAs":["https:\/\/www.facebook.com\/miumjaupood\/"]}]}},"_links":{"self":[{"href":"https:\/\/miumjau.ee\/lt\/wp-json\/wp\/v2\/product\/52311","targetHints":{"allow":["GET"]}}],"collection":[{"href":"https:\/\/miumjau.ee\/lt\/wp-json\/wp\/v2\/product"}],"about":[{"href":"https:\/\/miumjau.ee\/lt\/wp-json\/wp\/v2\/types\/product"}],"wp:featuredmedia":[{"embeddable":true,"href":"https:\/\/miumjau.ee\/lt\/wp-json\/wp\/v2\/media\/51817"}],"wp:attachment":[{"href":"https:\/\/miumjau.ee\/lt\/wp-json\/wp\/v2\/media?parent=52311"}],"wp:term":[{"taxonomy":"product_brand","embeddable":true,"href":"https:\/\/miumjau.ee\/lt\/wp-json\/wp\/v2\/product_brand?post=52311"},{"taxonomy":"product_cat","embeddable":true,"href":"https:\/\/miumjau.ee\/lt\/wp-json\/wp\/v2\/product_cat?post=52311"},{"taxonomy":"product_tag","embeddable":true,"href":"https:\/\/miumjau.ee\/lt\/wp-json\/wp\/v2\/product_tag?post=52311"}],"curies":[{"name":"wp","href":"https:\/\/api.w.org\/{rel}","templated":true}]}}