{"id":52308,"date":"2025-03-28T15:34:20","date_gmt":"2025-03-28T13:34:20","guid":{"rendered":"https:\/\/miumjau.ee\/toode\/brit-dental-stick-calm-kramtomi-pagaliukai-sunims-7-vnt\/"},"modified":"2025-03-28T15:34:20","modified_gmt":"2025-03-28T13:34:20","slug":"brit-dental-stick-calm-kramtomi-pagaliukai-sunims-7-vnt","status":"publish","type":"product","link":"https:\/\/miumjau.ee\/lt\/produktas\/brit-dental-stick-calm-kramtomi-pagaliukai-sunims-7-vnt\/","title":{"rendered":"Brit Dental Stick Calm \u2013 kramtomi pagaliukai \u0161unims, 7 vnt."},"content":{"rendered":"","protected":false},"excerpt":{"rendered":"<p data-start=\"2698\" data-end=\"2822\"><strong data-start=\"2698\" data-end=\"2820\">Brit kramtomi pagaliukai padeda suma\u017einti stres\u0105, nes juose yra kanap\u0117s ir karv\u0117s \u0161ird\u017eol\u0117. Papildomas pa\u0161aras \u0161unims.<\/strong><\/p>\n<ul data-start=\"2824\" data-end=\"3189\">\n<li data-start=\"2824\" data-end=\"2905\">\n<p data-start=\"2826\" data-end=\"2905\"><strong data-start=\"2826\" data-end=\"2854\">Kanap\u0117s ir L-triptofanas<\/strong> \u2013 nat\u016bralus streso ma\u017einimas ir atsipalaidavimas<\/p>\n<\/li>\n<li data-start=\"2906\" data-end=\"2976\">\n<p data-start=\"2908\" data-end=\"2976\"><strong data-start=\"2908\" data-end=\"2927\">Karv\u0117s \u0161ird\u017eol\u0117<\/strong> \u2013 kardioprotekcinis ir prie\u0161stresinis poveikis<\/p>\n<\/li>\n<li data-start=\"2977\" data-end=\"3035\">\n<p data-start=\"2979\" data-end=\"3035\"><strong data-start=\"2979\" data-end=\"2987\">M\u0117ta<\/strong> \u2013 antimikrobin\u0117s savyb\u0117s ir gaivus kv\u0117pavimas<\/p>\n<\/li>\n<li data-start=\"3036\" data-end=\"3077\">\n<p data-start=\"3038\" data-end=\"3077\"><strong data-start=\"3038\" data-end=\"3050\">Ramun\u0117l\u0117<\/strong> \u2013 antioksidant\u0173 \u0161altinis<\/p>\n<\/li>\n<li data-start=\"3078\" data-end=\"3138\">\n<p data-start=\"3080\" data-end=\"3138\"><strong data-start=\"3080\" data-end=\"3088\">SHMP<\/strong> \u2013 dant\u0173 sveikatai, u\u017ekerta keli\u0105 dant\u0173 akmeniui<\/p>\n<\/li>\n<li data-start=\"3139\" data-end=\"3189\">\n<p data-start=\"3141\" data-end=\"3189\">Nesud\u0117tyje yra glitimo, GMO ar maisto da\u017eikli\u0173<\/p>\n<\/li>\n<\/ul>\n<p data-start=\"3191\" data-end=\"3488\"><strong data-start=\"3191\" data-end=\"3203\">Sud\u0117tis:<\/strong><br data-start=\"3203\" data-end=\"3206\" \/>Avi\u017e\u0173 miltai, augalinis glicerolis (14 %), bulvi\u0173 krakmolas (10 %), hidrolizuotas mieli\u0173 baltymas (5 %), kanapi\u0173 miltai (4 %), lignoceliulioz\u0117 (3 %), melasa (3 %), d\u017eiovinta ramun\u0117l\u0117 (2 %), d\u017eiovinta karv\u0117s \u0161ird\u017eol\u0117 (1 %), d\u017eiovinta m\u0117ta (0,5 %), natrio heksametafosfatas (0,3 %).<\/p>\n<p data-start=\"3490\" data-end=\"3674\"><strong data-start=\"3490\" data-end=\"3524\">Analitin\u0117s sudedamosios dalys:<\/strong><br data-start=\"3524\" data-end=\"3527\" \/>\u017dali baltymai 9,0 %, \u017eali riebalai 3,5 %, \u017eali pelenai 2,4 %, \u017ealia l\u0105steliena 4,1 %, dr\u0117gm\u0117 17,0 %, kalcis 0,1 %, fosforas 0,2 %, natris 0,05 %.<\/p>\n<p data-start=\"3676\" data-end=\"3766\"><strong data-start=\"3676\" data-end=\"3699\">Maistiniai priedai:<\/strong><br data-start=\"3699\" data-end=\"3702\" \/>C vitaminas (3a312) 35 mg\/kg, L-triptofanas (3c440) 2000 mg\/kg<\/p>\n<p data-start=\"3768\" data-end=\"3812\"><strong data-start=\"3768\" data-end=\"3797\">Metabolizuojama energija:<\/strong> 3010 kcal\/kg<\/p>\n<p data-start=\"3814\" data-end=\"3967\"><strong data-start=\"3814\" data-end=\"3837\">\u0160\u0117rimo instrukcija:<\/strong> Duokite \u0161uniui 1 gabal\u0117l\u012f per dien\u0105 kaip skan\u0117st\u0105 arba apdovanojim\u0105. Visada u\u017etikrinkite \u0161vie\u017eio geriamojo vandens prieinamum\u0105.<\/p>\n","protected":false},"featured_media":51811,"template":"","meta":[],"product_brand":[],"product_cat":[540],"product_tag":[],"class_list":{"0":"post-52308","1":"product","2":"type-product","3":"status-publish","4":"has-post-thumbnail","6":"product_cat-skanestai-sunims","8":"first","9":"instock","10":"taxable","11":"shipping-taxable","12":"purchasable","13":"product-type-simple"},"yoast_head":"<!-- This site is optimized with the Yoast SEO plugin v27.2 - https:\/\/yoast.com\/product\/yoast-seo-wordpress\/ -->\n<title>Brit Dental Stick Calm \u2013 kramtomi pagaliukai \u0161unims, 7 vnt. - MiuMjau<\/title>\n<meta name=\"robots\" content=\"index, follow, max-snippet:-1, max-image-preview:large, max-video-preview:-1\" \/>\n<link rel=\"canonical\" href=\"https:\/\/miumjau.ee\/lt\/produktas\/brit-dental-stick-calm-kramtomi-pagaliukai-sunims-7-vnt\/\" \/>\n<meta property=\"og:locale\" content=\"lt_LT\" \/>\n<meta property=\"og:type\" content=\"article\" \/>\n<meta property=\"og:title\" content=\"Brit Dental Stick Calm \u2013 kramtomi pagaliukai \u0161unims, 7 vnt. - MiuMjau\" \/>\n<meta property=\"og:description\" content=\"Brit kramtomi pagaliukai padeda suma\u017einti stres\u0105, nes juose yra kanap\u0117s ir karv\u0117s \u0161ird\u017eol\u0117. Papildomas pa\u0161aras \u0161unims.     Kanap\u0117s ir L-triptofanas \u2013 nat\u016bralus streso ma\u017einimas ir atsipalaidavimas    Karv\u0117s \u0161ird\u017eol\u0117 \u2013 kardioprotekcinis ir prie\u0161stresinis poveikis    M\u0117ta \u2013 antimikrobin\u0117s savyb\u0117s ir gaivus kv\u0117pavimas    Ramun\u0117l\u0117 \u2013 antioksidant\u0173 \u0161altinis    SHMP \u2013 dant\u0173 sveikatai, u\u017ekerta keli\u0105 dant\u0173 akmeniui    Nesud\u0117tyje yra glitimo, GMO ar maisto da\u017eikli\u0173   Sud\u0117tis:Avi\u017e\u0173 miltai, augalinis glicerolis (14 %), bulvi\u0173 krakmolas (10 %), hidrolizuotas mieli\u0173 baltymas (5 %), kanapi\u0173 miltai (4 %), lignoceliulioz\u0117 (3 %), melasa (3 %), d\u017eiovinta ramun\u0117l\u0117 (2 %), d\u017eiovinta karv\u0117s \u0161ird\u017eol\u0117 (1 %), d\u017eiovinta m\u0117ta (0,5 %), natrio heksametafosfatas (0,3 %). Analitin\u0117s sudedamosios dalys:\u017dali baltymai 9,0 %, \u017eali riebalai 3,5 %, \u017eali pelenai 2,4 %, \u017ealia l\u0105steliena 4,1 %, dr\u0117gm\u0117 17,0 %, kalcis 0,1 %, fosforas 0,2 %, natris 0,05 %. Maistiniai priedai:C vitaminas (3a312) 35 mg\/kg, L-triptofanas (3c440) 2000 mg\/kg Metabolizuojama energija: 3010 kcal\/kg \u0160\u0117rimo instrukcija: Duokite \u0161uniui 1 gabal\u0117l\u012f per dien\u0105 kaip skan\u0117st\u0105 arba apdovanojim\u0105. Visada u\u017etikrinkite \u0161vie\u017eio geriamojo vandens prieinamum\u0105.\" \/>\n<meta property=\"og:url\" content=\"https:\/\/miumjau.ee\/lt\/produktas\/brit-dental-stick-calm-kramtomi-pagaliukai-sunims-7-vnt\/\" \/>\n<meta property=\"og:site_name\" content=\"MiuMjau\" \/>\n<meta property=\"article:publisher\" content=\"https:\/\/www.facebook.com\/miumjaupood\/\" \/>\n<meta property=\"og:image\" content=\"https:\/\/miumjau.ee\/wp-content\/uploads\/2025\/03\/brit-narimispulgad-koertele1.webp\" \/>\n\t<meta property=\"og:image:width\" content=\"600\" \/>\n\t<meta property=\"og:image:height\" content=\"800\" \/>\n\t<meta property=\"og:image:type\" content=\"image\/webp\" \/>\n<meta name=\"twitter:card\" content=\"summary_large_image\" \/>\n<script type=\"application\/ld+json\" class=\"yoast-schema-graph\">{\"@context\":\"https:\/\/schema.org\",\"@graph\":[{\"@type\":\"WebPage\",\"@id\":\"https:\/\/miumjau.ee\/lt\/produktas\/brit-dental-stick-calm-kramtomi-pagaliukai-sunims-7-vnt\/\",\"url\":\"https:\/\/miumjau.ee\/lt\/produktas\/brit-dental-stick-calm-kramtomi-pagaliukai-sunims-7-vnt\/\",\"name\":\"Brit Dental Stick Calm \u2013 kramtomi pagaliukai \u0161unims, 7 vnt. - MiuMjau\",\"isPartOf\":{\"@id\":\"https:\/\/miumjau.ee\/#website\"},\"primaryImageOfPage\":{\"@id\":\"https:\/\/miumjau.ee\/lt\/produktas\/brit-dental-stick-calm-kramtomi-pagaliukai-sunims-7-vnt\/#primaryimage\"},\"image\":{\"@id\":\"https:\/\/miumjau.ee\/lt\/produktas\/brit-dental-stick-calm-kramtomi-pagaliukai-sunims-7-vnt\/#primaryimage\"},\"thumbnailUrl\":\"https:\/\/miumjau.ee\/wp-content\/uploads\/2025\/03\/brit-narimispulgad-koertele1.webp\",\"datePublished\":\"2025-03-28T13:34:20+00:00\",\"breadcrumb\":{\"@id\":\"https:\/\/miumjau.ee\/lt\/produktas\/brit-dental-stick-calm-kramtomi-pagaliukai-sunims-7-vnt\/#breadcrumb\"},\"inLanguage\":\"lt-LT\",\"potentialAction\":[{\"@type\":\"ReadAction\",\"target\":[\"https:\/\/miumjau.ee\/lt\/produktas\/brit-dental-stick-calm-kramtomi-pagaliukai-sunims-7-vnt\/\"]}]},{\"@type\":\"ImageObject\",\"inLanguage\":\"lt-LT\",\"@id\":\"https:\/\/miumjau.ee\/lt\/produktas\/brit-dental-stick-calm-kramtomi-pagaliukai-sunims-7-vnt\/#primaryimage\",\"url\":\"https:\/\/miumjau.ee\/wp-content\/uploads\/2025\/03\/brit-narimispulgad-koertele1.webp\",\"contentUrl\":\"https:\/\/miumjau.ee\/wp-content\/uploads\/2025\/03\/brit-narimispulgad-koertele1.webp\",\"width\":600,\"height\":800,\"caption\":\"N\u00e4rimispulgad koertele Brit Dental\"},{\"@type\":\"BreadcrumbList\",\"@id\":\"https:\/\/miumjau.ee\/lt\/produktas\/brit-dental-stick-calm-kramtomi-pagaliukai-sunims-7-vnt\/#breadcrumb\",\"itemListElement\":[{\"@type\":\"ListItem\",\"position\":1,\"name\":\"Home\",\"item\":\"https:\/\/miumjau.ee\/lt\/\"},{\"@type\":\"ListItem\",\"position\":2,\"name\":\"Parduotuv\u0117\",\"item\":\"https:\/\/miumjau.ee\/lt\/parduotuve\/\"},{\"@type\":\"ListItem\",\"position\":3,\"name\":\"Brit Dental Stick Calm \u2013 kramtomi pagaliukai \u0161unims, 7 vnt.\"}]},{\"@type\":\"WebSite\",\"@id\":\"https:\/\/miumjau.ee\/#website\",\"url\":\"https:\/\/miumjau.ee\/\",\"name\":\"MiuMjau\",\"description\":\"Kraapimispuud kassidele\",\"publisher\":{\"@id\":\"https:\/\/miumjau.ee\/#organization\"},\"potentialAction\":[{\"@type\":\"SearchAction\",\"target\":{\"@type\":\"EntryPoint\",\"urlTemplate\":\"https:\/\/miumjau.ee\/?s={search_term_string}\"},\"query-input\":{\"@type\":\"PropertyValueSpecification\",\"valueRequired\":true,\"valueName\":\"search_term_string\"}}],\"inLanguage\":\"lt-LT\"},{\"@type\":\"Organization\",\"@id\":\"https:\/\/miumjau.ee\/#organization\",\"name\":\"MiuMjau O\u00dc\",\"url\":\"https:\/\/miumjau.ee\/\",\"logo\":{\"@type\":\"ImageObject\",\"inLanguage\":\"lt-LT\",\"@id\":\"https:\/\/miumjau.ee\/#\/schema\/logo\/image\/\",\"url\":\"https:\/\/miumjau.ee\/wp-content\/uploads\/2022\/04\/MiuMjau-logo-kollane.png\",\"contentUrl\":\"https:\/\/miumjau.ee\/wp-content\/uploads\/2022\/04\/MiuMjau-logo-kollane.png\",\"width\":219,\"height\":100,\"caption\":\"MiuMjau O\u00dc\"},\"image\":{\"@id\":\"https:\/\/miumjau.ee\/#\/schema\/logo\/image\/\"},\"sameAs\":[\"https:\/\/www.facebook.com\/miumjaupood\/\"]}]}<\/script>\n<!-- \/ Yoast SEO plugin. -->","yoast_head_json":{"title":"Brit Dental Stick Calm \u2013 kramtomi pagaliukai \u0161unims, 7 vnt. - MiuMjau","robots":{"index":"index","follow":"follow","max-snippet":"max-snippet:-1","max-image-preview":"max-image-preview:large","max-video-preview":"max-video-preview:-1"},"canonical":"https:\/\/miumjau.ee\/lt\/produktas\/brit-dental-stick-calm-kramtomi-pagaliukai-sunims-7-vnt\/","og_locale":"lt_LT","og_type":"article","og_title":"Brit Dental Stick Calm \u2013 kramtomi pagaliukai \u0161unims, 7 vnt. - MiuMjau","og_description":"Brit kramtomi pagaliukai padeda suma\u017einti stres\u0105, nes juose yra kanap\u0117s ir karv\u0117s \u0161ird\u017eol\u0117. Papildomas pa\u0161aras \u0161unims.     Kanap\u0117s ir L-triptofanas \u2013 nat\u016bralus streso ma\u017einimas ir atsipalaidavimas    Karv\u0117s \u0161ird\u017eol\u0117 \u2013 kardioprotekcinis ir prie\u0161stresinis poveikis    M\u0117ta \u2013 antimikrobin\u0117s savyb\u0117s ir gaivus kv\u0117pavimas    Ramun\u0117l\u0117 \u2013 antioksidant\u0173 \u0161altinis    SHMP \u2013 dant\u0173 sveikatai, u\u017ekerta keli\u0105 dant\u0173 akmeniui    Nesud\u0117tyje yra glitimo, GMO ar maisto da\u017eikli\u0173   Sud\u0117tis:Avi\u017e\u0173 miltai, augalinis glicerolis (14 %), bulvi\u0173 krakmolas (10 %), hidrolizuotas mieli\u0173 baltymas (5 %), kanapi\u0173 miltai (4 %), lignoceliulioz\u0117 (3 %), melasa (3 %), d\u017eiovinta ramun\u0117l\u0117 (2 %), d\u017eiovinta karv\u0117s \u0161ird\u017eol\u0117 (1 %), d\u017eiovinta m\u0117ta (0,5 %), natrio heksametafosfatas (0,3 %). Analitin\u0117s sudedamosios dalys:\u017dali baltymai 9,0 %, \u017eali riebalai 3,5 %, \u017eali pelenai 2,4 %, \u017ealia l\u0105steliena 4,1 %, dr\u0117gm\u0117 17,0 %, kalcis 0,1 %, fosforas 0,2 %, natris 0,05 %. Maistiniai priedai:C vitaminas (3a312) 35 mg\/kg, L-triptofanas (3c440) 2000 mg\/kg Metabolizuojama energija: 3010 kcal\/kg \u0160\u0117rimo instrukcija: Duokite \u0161uniui 1 gabal\u0117l\u012f per dien\u0105 kaip skan\u0117st\u0105 arba apdovanojim\u0105. Visada u\u017etikrinkite \u0161vie\u017eio geriamojo vandens prieinamum\u0105.","og_url":"https:\/\/miumjau.ee\/lt\/produktas\/brit-dental-stick-calm-kramtomi-pagaliukai-sunims-7-vnt\/","og_site_name":"MiuMjau","article_publisher":"https:\/\/www.facebook.com\/miumjaupood\/","og_image":[{"width":600,"height":800,"url":"https:\/\/miumjau.ee\/wp-content\/uploads\/2025\/03\/brit-narimispulgad-koertele1.webp","type":"image\/webp"}],"twitter_card":"summary_large_image","schema":{"@context":"https:\/\/schema.org","@graph":[{"@type":"WebPage","@id":"https:\/\/miumjau.ee\/lt\/produktas\/brit-dental-stick-calm-kramtomi-pagaliukai-sunims-7-vnt\/","url":"https:\/\/miumjau.ee\/lt\/produktas\/brit-dental-stick-calm-kramtomi-pagaliukai-sunims-7-vnt\/","name":"Brit Dental Stick Calm \u2013 kramtomi pagaliukai \u0161unims, 7 vnt. - MiuMjau","isPartOf":{"@id":"https:\/\/miumjau.ee\/#website"},"primaryImageOfPage":{"@id":"https:\/\/miumjau.ee\/lt\/produktas\/brit-dental-stick-calm-kramtomi-pagaliukai-sunims-7-vnt\/#primaryimage"},"image":{"@id":"https:\/\/miumjau.ee\/lt\/produktas\/brit-dental-stick-calm-kramtomi-pagaliukai-sunims-7-vnt\/#primaryimage"},"thumbnailUrl":"https:\/\/miumjau.ee\/wp-content\/uploads\/2025\/03\/brit-narimispulgad-koertele1.webp","datePublished":"2025-03-28T13:34:20+00:00","breadcrumb":{"@id":"https:\/\/miumjau.ee\/lt\/produktas\/brit-dental-stick-calm-kramtomi-pagaliukai-sunims-7-vnt\/#breadcrumb"},"inLanguage":"lt-LT","potentialAction":[{"@type":"ReadAction","target":["https:\/\/miumjau.ee\/lt\/produktas\/brit-dental-stick-calm-kramtomi-pagaliukai-sunims-7-vnt\/"]}]},{"@type":"ImageObject","inLanguage":"lt-LT","@id":"https:\/\/miumjau.ee\/lt\/produktas\/brit-dental-stick-calm-kramtomi-pagaliukai-sunims-7-vnt\/#primaryimage","url":"https:\/\/miumjau.ee\/wp-content\/uploads\/2025\/03\/brit-narimispulgad-koertele1.webp","contentUrl":"https:\/\/miumjau.ee\/wp-content\/uploads\/2025\/03\/brit-narimispulgad-koertele1.webp","width":600,"height":800,"caption":"N\u00e4rimispulgad koertele Brit Dental"},{"@type":"BreadcrumbList","@id":"https:\/\/miumjau.ee\/lt\/produktas\/brit-dental-stick-calm-kramtomi-pagaliukai-sunims-7-vnt\/#breadcrumb","itemListElement":[{"@type":"ListItem","position":1,"name":"Home","item":"https:\/\/miumjau.ee\/lt\/"},{"@type":"ListItem","position":2,"name":"Parduotuv\u0117","item":"https:\/\/miumjau.ee\/lt\/parduotuve\/"},{"@type":"ListItem","position":3,"name":"Brit Dental Stick Calm \u2013 kramtomi pagaliukai \u0161unims, 7 vnt."}]},{"@type":"WebSite","@id":"https:\/\/miumjau.ee\/#website","url":"https:\/\/miumjau.ee\/","name":"MiuMjau","description":"Kraapimispuud kassidele","publisher":{"@id":"https:\/\/miumjau.ee\/#organization"},"potentialAction":[{"@type":"SearchAction","target":{"@type":"EntryPoint","urlTemplate":"https:\/\/miumjau.ee\/?s={search_term_string}"},"query-input":{"@type":"PropertyValueSpecification","valueRequired":true,"valueName":"search_term_string"}}],"inLanguage":"lt-LT"},{"@type":"Organization","@id":"https:\/\/miumjau.ee\/#organization","name":"MiuMjau O\u00dc","url":"https:\/\/miumjau.ee\/","logo":{"@type":"ImageObject","inLanguage":"lt-LT","@id":"https:\/\/miumjau.ee\/#\/schema\/logo\/image\/","url":"https:\/\/miumjau.ee\/wp-content\/uploads\/2022\/04\/MiuMjau-logo-kollane.png","contentUrl":"https:\/\/miumjau.ee\/wp-content\/uploads\/2022\/04\/MiuMjau-logo-kollane.png","width":219,"height":100,"caption":"MiuMjau O\u00dc"},"image":{"@id":"https:\/\/miumjau.ee\/#\/schema\/logo\/image\/"},"sameAs":["https:\/\/www.facebook.com\/miumjaupood\/"]}]}},"_links":{"self":[{"href":"https:\/\/miumjau.ee\/lt\/wp-json\/wp\/v2\/product\/52308","targetHints":{"allow":["GET"]}}],"collection":[{"href":"https:\/\/miumjau.ee\/lt\/wp-json\/wp\/v2\/product"}],"about":[{"href":"https:\/\/miumjau.ee\/lt\/wp-json\/wp\/v2\/types\/product"}],"wp:featuredmedia":[{"embeddable":true,"href":"https:\/\/miumjau.ee\/lt\/wp-json\/wp\/v2\/media\/51811"}],"wp:attachment":[{"href":"https:\/\/miumjau.ee\/lt\/wp-json\/wp\/v2\/media?parent=52308"}],"wp:term":[{"taxonomy":"product_brand","embeddable":true,"href":"https:\/\/miumjau.ee\/lt\/wp-json\/wp\/v2\/product_brand?post=52308"},{"taxonomy":"product_cat","embeddable":true,"href":"https:\/\/miumjau.ee\/lt\/wp-json\/wp\/v2\/product_cat?post=52308"},{"taxonomy":"product_tag","embeddable":true,"href":"https:\/\/miumjau.ee\/lt\/wp-json\/wp\/v2\/product_tag?post=52308"}],"curies":[{"name":"wp","href":"https:\/\/api.w.org\/{rel}","templated":true}]}}