{"id":52302,"date":"2025-03-28T15:34:16","date_gmt":"2025-03-28T13:34:16","guid":{"rendered":"https:\/\/miumjau.ee\/toode\/brit-dental-stick-mobility-kramtomosios-lazdeles-sunims\/"},"modified":"2025-03-28T15:34:16","modified_gmt":"2025-03-28T13:34:16","slug":"brit-dental-stick-mobility-kramtomosios-lazdeles-sunims","status":"publish","type":"product","link":"https:\/\/miumjau.ee\/lt\/produktas\/brit-dental-stick-mobility-kramtomosios-lazdeles-sunims\/","title":{"rendered":"Brit Dental Stick Mobility \u2013 kramtomosios lazdel\u0117s \u0161unims"},"content":{"rendered":"","protected":false},"excerpt":{"rendered":"<p data-start=\"2486\" data-end=\"2604\"><strong data-start=\"2486\" data-end=\"2602\">Brit kramtomi pagaliukai, kurie palaiko judrum\u0105. Sud\u0117tyje yra kolageno ir ciber\u017eol\u0117s. Papildomas pa\u0161aras \u0161unims.<\/strong><\/p>\n<ul data-start=\"2606\" data-end=\"2953\">\n<li data-start=\"2606\" data-end=\"2667\">\n<p data-start=\"2608\" data-end=\"2667\"><strong data-start=\"2608\" data-end=\"2621\">Kolagenas<\/strong> \u2013 palaiko s\u0105narius, sausgysles ir rai\u0161\u010dius.<\/p>\n<\/li>\n<li data-start=\"2668\" data-end=\"2708\">\n<p data-start=\"2670\" data-end=\"2708\"><strong data-start=\"2670\" data-end=\"2683\">Ciber\u017eol\u0117<\/strong> \u2013 u\u017edegim\u0173 prevencija.<\/p>\n<\/li>\n<li data-start=\"2709\" data-end=\"2768\">\n<p data-start=\"2711\" data-end=\"2768\"><strong data-start=\"2711\" data-end=\"2719\">M\u0117ta<\/strong> \u2013 antimikrobin\u0117s savyb\u0117s ir gaivus kv\u0117pavimas.<\/p>\n<\/li>\n<li data-start=\"2769\" data-end=\"2831\">\n<p data-start=\"2771\" data-end=\"2831\"><strong data-start=\"2771\" data-end=\"2788\">Gliukozaminas<\/strong> \u2013 chondroprotektorius, palaiko kremzles.<\/p>\n<\/li>\n<li data-start=\"2832\" data-end=\"2901\">\n<p data-start=\"2834\" data-end=\"2901\"><strong data-start=\"2834\" data-end=\"2842\">SHMP<\/strong> \u2013 dant\u0173 sveikatai, padeda u\u017ekirsti keli\u0105 dant\u0173 akmeniui.<\/p>\n<\/li>\n<li data-start=\"2902\" data-end=\"2953\">\n<p data-start=\"2904\" data-end=\"2953\">Nesud\u0117tyje yra glitimo, GMO ar maisto da\u017eikli\u0173.<\/p>\n<\/li>\n<\/ul>\n<p data-start=\"2955\" data-end=\"3291\"><strong data-start=\"2955\" data-end=\"2967\">Sud\u0117tis:<\/strong><br data-start=\"2967\" data-end=\"2970\" \/>Avi\u017e\u0173 miltai, augalinis glicerolis (14 %), bulvi\u0173 krakmolas (10 %), hidrolizuotas mieli\u0173 baltymas (5 %), lignoceliulioz\u0117 (3 %), melasa (3 %), kolagenas (2 %), d\u017eiovinta ciber\u017eol\u0117 (2 %), gliukozaminas (0,5 %), d\u017eiovintos mikroalgez\u0117s (Schizochytrium sp., 0,5 %), d\u017eiovinta m\u0117ta (0,5 %), natrio heksametafosfatas (0,3 %).<\/p>\n<p data-start=\"3293\" data-end=\"3509\"><strong data-start=\"3293\" data-end=\"3327\">Analitin\u0117s sudedamosios dalys:<\/strong><br data-start=\"3327\" data-end=\"3330\" \/>\u017dali baltymai 10,5 %, \u017eali riebalai 4,0 %, \u017eali pelenai 2,5 %, \u017ealia l\u0105steliena 4,0 %, dr\u0117gm\u0117 17,0 %, kalcis 0,1 %, fosforas 0,2 %, natris 0,05 %, Omega-3 riebal\u0173 r\u016bg\u0161tys 0,2 %.<\/p>\n<p data-start=\"3511\" data-end=\"3569\"><strong data-start=\"3511\" data-end=\"3534\">Maistiniai priedai:<\/strong><br data-start=\"3534\" data-end=\"3537\" \/>C vitaminas (3a312) 100 mg\/kg.<\/p>\n<p data-start=\"3571\" data-end=\"3615\"><strong data-start=\"3571\" data-end=\"3600\">Metabolizuojama energija:<\/strong> 3035 kcal\/kg<\/p>\n<p data-start=\"3617\" data-end=\"3770\"><strong data-start=\"3617\" data-end=\"3640\">\u0160\u0117rimo instrukcija:<\/strong> Duokite \u0161uniui 1 gabal\u0117l\u012f per dien\u0105 kaip skan\u0117st\u0105 arba apdovanojim\u0105. Visada u\u017etikrinkite \u0161vie\u017eio geriamojo vandens prieinamum\u0105.<\/p>\n","protected":false},"featured_media":51815,"template":"","meta":[],"product_brand":[],"product_cat":[540],"product_tag":[],"class_list":{"0":"post-52302","1":"product","2":"type-product","3":"status-publish","4":"has-post-thumbnail","6":"product_cat-skanestai-sunims","8":"first","9":"instock","10":"taxable","11":"shipping-taxable","12":"purchasable","13":"product-type-simple"},"yoast_head":"<!-- This site is optimized with the Yoast SEO plugin v27.2 - https:\/\/yoast.com\/product\/yoast-seo-wordpress\/ -->\n<title>Brit Dental Stick Mobility \u2013 kramtomosios lazdel\u0117s \u0161unims - MiuMjau<\/title>\n<meta name=\"robots\" content=\"index, follow, max-snippet:-1, max-image-preview:large, max-video-preview:-1\" \/>\n<link rel=\"canonical\" href=\"https:\/\/miumjau.ee\/lt\/produktas\/brit-dental-stick-mobility-kramtomosios-lazdeles-sunims\/\" \/>\n<meta property=\"og:locale\" content=\"lt_LT\" \/>\n<meta property=\"og:type\" content=\"article\" \/>\n<meta property=\"og:title\" content=\"Brit Dental Stick Mobility \u2013 kramtomosios lazdel\u0117s \u0161unims - MiuMjau\" \/>\n<meta property=\"og:description\" content=\"Brit kramtomi pagaliukai, kurie palaiko judrum\u0105. Sud\u0117tyje yra kolageno ir ciber\u017eol\u0117s. Papildomas pa\u0161aras \u0161unims.     Kolagenas \u2013 palaiko s\u0105narius, sausgysles ir rai\u0161\u010dius.    Ciber\u017eol\u0117 \u2013 u\u017edegim\u0173 prevencija.    M\u0117ta \u2013 antimikrobin\u0117s savyb\u0117s ir gaivus kv\u0117pavimas.    Gliukozaminas \u2013 chondroprotektorius, palaiko kremzles.    SHMP \u2013 dant\u0173 sveikatai, padeda u\u017ekirsti keli\u0105 dant\u0173 akmeniui.    Nesud\u0117tyje yra glitimo, GMO ar maisto da\u017eikli\u0173.   Sud\u0117tis:Avi\u017e\u0173 miltai, augalinis glicerolis (14 %), bulvi\u0173 krakmolas (10 %), hidrolizuotas mieli\u0173 baltymas (5 %), lignoceliulioz\u0117 (3 %), melasa (3 %), kolagenas (2 %), d\u017eiovinta ciber\u017eol\u0117 (2 %), gliukozaminas (0,5 %), d\u017eiovintos mikroalgez\u0117s (Schizochytrium sp., 0,5 %), d\u017eiovinta m\u0117ta (0,5 %), natrio heksametafosfatas (0,3 %). Analitin\u0117s sudedamosios dalys:\u017dali baltymai 10,5 %, \u017eali riebalai 4,0 %, \u017eali pelenai 2,5 %, \u017ealia l\u0105steliena 4,0 %, dr\u0117gm\u0117 17,0 %, kalcis 0,1 %, fosforas 0,2 %, natris 0,05 %, Omega-3 riebal\u0173 r\u016bg\u0161tys 0,2 %. Maistiniai priedai:C vitaminas (3a312) 100 mg\/kg. Metabolizuojama energija: 3035 kcal\/kg \u0160\u0117rimo instrukcija: Duokite \u0161uniui 1 gabal\u0117l\u012f per dien\u0105 kaip skan\u0117st\u0105 arba apdovanojim\u0105. Visada u\u017etikrinkite \u0161vie\u017eio geriamojo vandens prieinamum\u0105.\" \/>\n<meta property=\"og:url\" content=\"https:\/\/miumjau.ee\/lt\/produktas\/brit-dental-stick-mobility-kramtomosios-lazdeles-sunims\/\" \/>\n<meta property=\"og:site_name\" content=\"MiuMjau\" \/>\n<meta property=\"article:publisher\" content=\"https:\/\/www.facebook.com\/miumjaupood\/\" \/>\n<meta property=\"og:image\" content=\"https:\/\/miumjau.ee\/wp-content\/uploads\/2025\/03\/brit-narimispulgad-koertele3.webp\" \/>\n\t<meta property=\"og:image:width\" content=\"600\" \/>\n\t<meta property=\"og:image:height\" content=\"800\" \/>\n\t<meta property=\"og:image:type\" content=\"image\/webp\" \/>\n<meta name=\"twitter:card\" content=\"summary_large_image\" \/>\n<script type=\"application\/ld+json\" class=\"yoast-schema-graph\">{\"@context\":\"https:\/\/schema.org\",\"@graph\":[{\"@type\":\"WebPage\",\"@id\":\"https:\/\/miumjau.ee\/lt\/produktas\/brit-dental-stick-mobility-kramtomosios-lazdeles-sunims\/\",\"url\":\"https:\/\/miumjau.ee\/lt\/produktas\/brit-dental-stick-mobility-kramtomosios-lazdeles-sunims\/\",\"name\":\"Brit Dental Stick Mobility \u2013 kramtomosios lazdel\u0117s \u0161unims - MiuMjau\",\"isPartOf\":{\"@id\":\"https:\/\/miumjau.ee\/#website\"},\"primaryImageOfPage\":{\"@id\":\"https:\/\/miumjau.ee\/lt\/produktas\/brit-dental-stick-mobility-kramtomosios-lazdeles-sunims\/#primaryimage\"},\"image\":{\"@id\":\"https:\/\/miumjau.ee\/lt\/produktas\/brit-dental-stick-mobility-kramtomosios-lazdeles-sunims\/#primaryimage\"},\"thumbnailUrl\":\"https:\/\/miumjau.ee\/wp-content\/uploads\/2025\/03\/brit-narimispulgad-koertele3.webp\",\"datePublished\":\"2025-03-28T13:34:16+00:00\",\"breadcrumb\":{\"@id\":\"https:\/\/miumjau.ee\/lt\/produktas\/brit-dental-stick-mobility-kramtomosios-lazdeles-sunims\/#breadcrumb\"},\"inLanguage\":\"lt-LT\",\"potentialAction\":[{\"@type\":\"ReadAction\",\"target\":[\"https:\/\/miumjau.ee\/lt\/produktas\/brit-dental-stick-mobility-kramtomosios-lazdeles-sunims\/\"]}]},{\"@type\":\"ImageObject\",\"inLanguage\":\"lt-LT\",\"@id\":\"https:\/\/miumjau.ee\/lt\/produktas\/brit-dental-stick-mobility-kramtomosios-lazdeles-sunims\/#primaryimage\",\"url\":\"https:\/\/miumjau.ee\/wp-content\/uploads\/2025\/03\/brit-narimispulgad-koertele3.webp\",\"contentUrl\":\"https:\/\/miumjau.ee\/wp-content\/uploads\/2025\/03\/brit-narimispulgad-koertele3.webp\",\"width\":600,\"height\":800,\"caption\":\"N\u00e4rimispulgad koertele Brit Dental\"},{\"@type\":\"BreadcrumbList\",\"@id\":\"https:\/\/miumjau.ee\/lt\/produktas\/brit-dental-stick-mobility-kramtomosios-lazdeles-sunims\/#breadcrumb\",\"itemListElement\":[{\"@type\":\"ListItem\",\"position\":1,\"name\":\"Home\",\"item\":\"https:\/\/miumjau.ee\/lt\/\"},{\"@type\":\"ListItem\",\"position\":2,\"name\":\"Parduotuv\u0117\",\"item\":\"https:\/\/miumjau.ee\/lt\/parduotuve\/\"},{\"@type\":\"ListItem\",\"position\":3,\"name\":\"Brit Dental Stick Mobility \u2013 kramtomosios lazdel\u0117s \u0161unims\"}]},{\"@type\":\"WebSite\",\"@id\":\"https:\/\/miumjau.ee\/#website\",\"url\":\"https:\/\/miumjau.ee\/\",\"name\":\"MiuMjau\",\"description\":\"Kraapimispuud kassidele\",\"publisher\":{\"@id\":\"https:\/\/miumjau.ee\/#organization\"},\"potentialAction\":[{\"@type\":\"SearchAction\",\"target\":{\"@type\":\"EntryPoint\",\"urlTemplate\":\"https:\/\/miumjau.ee\/?s={search_term_string}\"},\"query-input\":{\"@type\":\"PropertyValueSpecification\",\"valueRequired\":true,\"valueName\":\"search_term_string\"}}],\"inLanguage\":\"lt-LT\"},{\"@type\":\"Organization\",\"@id\":\"https:\/\/miumjau.ee\/#organization\",\"name\":\"MiuMjau O\u00dc\",\"url\":\"https:\/\/miumjau.ee\/\",\"logo\":{\"@type\":\"ImageObject\",\"inLanguage\":\"lt-LT\",\"@id\":\"https:\/\/miumjau.ee\/#\/schema\/logo\/image\/\",\"url\":\"https:\/\/miumjau.ee\/wp-content\/uploads\/2022\/04\/MiuMjau-logo-kollane.png\",\"contentUrl\":\"https:\/\/miumjau.ee\/wp-content\/uploads\/2022\/04\/MiuMjau-logo-kollane.png\",\"width\":219,\"height\":100,\"caption\":\"MiuMjau O\u00dc\"},\"image\":{\"@id\":\"https:\/\/miumjau.ee\/#\/schema\/logo\/image\/\"},\"sameAs\":[\"https:\/\/www.facebook.com\/miumjaupood\/\"]}]}<\/script>\n<!-- \/ Yoast SEO plugin. -->","yoast_head_json":{"title":"Brit Dental Stick Mobility \u2013 kramtomosios lazdel\u0117s \u0161unims - MiuMjau","robots":{"index":"index","follow":"follow","max-snippet":"max-snippet:-1","max-image-preview":"max-image-preview:large","max-video-preview":"max-video-preview:-1"},"canonical":"https:\/\/miumjau.ee\/lt\/produktas\/brit-dental-stick-mobility-kramtomosios-lazdeles-sunims\/","og_locale":"lt_LT","og_type":"article","og_title":"Brit Dental Stick Mobility \u2013 kramtomosios lazdel\u0117s \u0161unims - MiuMjau","og_description":"Brit kramtomi pagaliukai, kurie palaiko judrum\u0105. Sud\u0117tyje yra kolageno ir ciber\u017eol\u0117s. Papildomas pa\u0161aras \u0161unims.     Kolagenas \u2013 palaiko s\u0105narius, sausgysles ir rai\u0161\u010dius.    Ciber\u017eol\u0117 \u2013 u\u017edegim\u0173 prevencija.    M\u0117ta \u2013 antimikrobin\u0117s savyb\u0117s ir gaivus kv\u0117pavimas.    Gliukozaminas \u2013 chondroprotektorius, palaiko kremzles.    SHMP \u2013 dant\u0173 sveikatai, padeda u\u017ekirsti keli\u0105 dant\u0173 akmeniui.    Nesud\u0117tyje yra glitimo, GMO ar maisto da\u017eikli\u0173.   Sud\u0117tis:Avi\u017e\u0173 miltai, augalinis glicerolis (14 %), bulvi\u0173 krakmolas (10 %), hidrolizuotas mieli\u0173 baltymas (5 %), lignoceliulioz\u0117 (3 %), melasa (3 %), kolagenas (2 %), d\u017eiovinta ciber\u017eol\u0117 (2 %), gliukozaminas (0,5 %), d\u017eiovintos mikroalgez\u0117s (Schizochytrium sp., 0,5 %), d\u017eiovinta m\u0117ta (0,5 %), natrio heksametafosfatas (0,3 %). Analitin\u0117s sudedamosios dalys:\u017dali baltymai 10,5 %, \u017eali riebalai 4,0 %, \u017eali pelenai 2,5 %, \u017ealia l\u0105steliena 4,0 %, dr\u0117gm\u0117 17,0 %, kalcis 0,1 %, fosforas 0,2 %, natris 0,05 %, Omega-3 riebal\u0173 r\u016bg\u0161tys 0,2 %. Maistiniai priedai:C vitaminas (3a312) 100 mg\/kg. Metabolizuojama energija: 3035 kcal\/kg \u0160\u0117rimo instrukcija: Duokite \u0161uniui 1 gabal\u0117l\u012f per dien\u0105 kaip skan\u0117st\u0105 arba apdovanojim\u0105. Visada u\u017etikrinkite \u0161vie\u017eio geriamojo vandens prieinamum\u0105.","og_url":"https:\/\/miumjau.ee\/lt\/produktas\/brit-dental-stick-mobility-kramtomosios-lazdeles-sunims\/","og_site_name":"MiuMjau","article_publisher":"https:\/\/www.facebook.com\/miumjaupood\/","og_image":[{"width":600,"height":800,"url":"https:\/\/miumjau.ee\/wp-content\/uploads\/2025\/03\/brit-narimispulgad-koertele3.webp","type":"image\/webp"}],"twitter_card":"summary_large_image","schema":{"@context":"https:\/\/schema.org","@graph":[{"@type":"WebPage","@id":"https:\/\/miumjau.ee\/lt\/produktas\/brit-dental-stick-mobility-kramtomosios-lazdeles-sunims\/","url":"https:\/\/miumjau.ee\/lt\/produktas\/brit-dental-stick-mobility-kramtomosios-lazdeles-sunims\/","name":"Brit Dental Stick Mobility \u2013 kramtomosios lazdel\u0117s \u0161unims - MiuMjau","isPartOf":{"@id":"https:\/\/miumjau.ee\/#website"},"primaryImageOfPage":{"@id":"https:\/\/miumjau.ee\/lt\/produktas\/brit-dental-stick-mobility-kramtomosios-lazdeles-sunims\/#primaryimage"},"image":{"@id":"https:\/\/miumjau.ee\/lt\/produktas\/brit-dental-stick-mobility-kramtomosios-lazdeles-sunims\/#primaryimage"},"thumbnailUrl":"https:\/\/miumjau.ee\/wp-content\/uploads\/2025\/03\/brit-narimispulgad-koertele3.webp","datePublished":"2025-03-28T13:34:16+00:00","breadcrumb":{"@id":"https:\/\/miumjau.ee\/lt\/produktas\/brit-dental-stick-mobility-kramtomosios-lazdeles-sunims\/#breadcrumb"},"inLanguage":"lt-LT","potentialAction":[{"@type":"ReadAction","target":["https:\/\/miumjau.ee\/lt\/produktas\/brit-dental-stick-mobility-kramtomosios-lazdeles-sunims\/"]}]},{"@type":"ImageObject","inLanguage":"lt-LT","@id":"https:\/\/miumjau.ee\/lt\/produktas\/brit-dental-stick-mobility-kramtomosios-lazdeles-sunims\/#primaryimage","url":"https:\/\/miumjau.ee\/wp-content\/uploads\/2025\/03\/brit-narimispulgad-koertele3.webp","contentUrl":"https:\/\/miumjau.ee\/wp-content\/uploads\/2025\/03\/brit-narimispulgad-koertele3.webp","width":600,"height":800,"caption":"N\u00e4rimispulgad koertele Brit Dental"},{"@type":"BreadcrumbList","@id":"https:\/\/miumjau.ee\/lt\/produktas\/brit-dental-stick-mobility-kramtomosios-lazdeles-sunims\/#breadcrumb","itemListElement":[{"@type":"ListItem","position":1,"name":"Home","item":"https:\/\/miumjau.ee\/lt\/"},{"@type":"ListItem","position":2,"name":"Parduotuv\u0117","item":"https:\/\/miumjau.ee\/lt\/parduotuve\/"},{"@type":"ListItem","position":3,"name":"Brit Dental Stick Mobility \u2013 kramtomosios lazdel\u0117s \u0161unims"}]},{"@type":"WebSite","@id":"https:\/\/miumjau.ee\/#website","url":"https:\/\/miumjau.ee\/","name":"MiuMjau","description":"Kraapimispuud kassidele","publisher":{"@id":"https:\/\/miumjau.ee\/#organization"},"potentialAction":[{"@type":"SearchAction","target":{"@type":"EntryPoint","urlTemplate":"https:\/\/miumjau.ee\/?s={search_term_string}"},"query-input":{"@type":"PropertyValueSpecification","valueRequired":true,"valueName":"search_term_string"}}],"inLanguage":"lt-LT"},{"@type":"Organization","@id":"https:\/\/miumjau.ee\/#organization","name":"MiuMjau O\u00dc","url":"https:\/\/miumjau.ee\/","logo":{"@type":"ImageObject","inLanguage":"lt-LT","@id":"https:\/\/miumjau.ee\/#\/schema\/logo\/image\/","url":"https:\/\/miumjau.ee\/wp-content\/uploads\/2022\/04\/MiuMjau-logo-kollane.png","contentUrl":"https:\/\/miumjau.ee\/wp-content\/uploads\/2022\/04\/MiuMjau-logo-kollane.png","width":219,"height":100,"caption":"MiuMjau O\u00dc"},"image":{"@id":"https:\/\/miumjau.ee\/#\/schema\/logo\/image\/"},"sameAs":["https:\/\/www.facebook.com\/miumjaupood\/"]}]}},"_links":{"self":[{"href":"https:\/\/miumjau.ee\/lt\/wp-json\/wp\/v2\/product\/52302","targetHints":{"allow":["GET"]}}],"collection":[{"href":"https:\/\/miumjau.ee\/lt\/wp-json\/wp\/v2\/product"}],"about":[{"href":"https:\/\/miumjau.ee\/lt\/wp-json\/wp\/v2\/types\/product"}],"wp:featuredmedia":[{"embeddable":true,"href":"https:\/\/miumjau.ee\/lt\/wp-json\/wp\/v2\/media\/51815"}],"wp:attachment":[{"href":"https:\/\/miumjau.ee\/lt\/wp-json\/wp\/v2\/media?parent=52302"}],"wp:term":[{"taxonomy":"product_brand","embeddable":true,"href":"https:\/\/miumjau.ee\/lt\/wp-json\/wp\/v2\/product_brand?post=52302"},{"taxonomy":"product_cat","embeddable":true,"href":"https:\/\/miumjau.ee\/lt\/wp-json\/wp\/v2\/product_cat?post=52302"},{"taxonomy":"product_tag","embeddable":true,"href":"https:\/\/miumjau.ee\/lt\/wp-json\/wp\/v2\/product_tag?post=52302"}],"curies":[{"name":"wp","href":"https:\/\/api.w.org\/{rel}","templated":true}]}}