{"id":52268,"date":"2025-05-20T17:09:22","date_gmt":"2025-05-20T14:09:22","guid":{"rendered":"https:\/\/miumjau.ee\/toode\/polaris-grainfree-adult-salmonturkey-25-kg\/"},"modified":"2025-05-20T17:09:22","modified_gmt":"2025-05-20T14:09:22","slug":"polaris-grainfree-adult-salmonturkey-25-kg","status":"publish","type":"product","link":"https:\/\/miumjau.ee\/lt\/produktas\/polaris-grainfree-adult-salmonturkey-25-kg\/","title":{"rendered":"Polaris grainfree adult salmon&#038;turkey 2,5 kg"},"content":{"rendered":"","protected":false},"excerpt":{"rendered":"<p data-start=\"6248\" data-end=\"6764\">Ypa\u010d tinkamas vokie\u010di\u0173 aviganiams, taip pat ir kitoms veisl\u0117ms \u2013 palaiko raumen\u0173 b\u016bkl\u0119 ir kailio pigmentacij\u0105. Taurinas palaiko sveik\u0105 \u0161irdies veikl\u0105. Omega-3 ir Omega-6 riebal\u0173 r\u016bg\u0161tys (i\u0161 la\u0161i\u0161\u0173 aliejaus ir lin\u0173 s\u0117men\u0173) \u0161ird\u017eiai, odai ir kailiui. Gliukozaminas ir chondroitinas s\u0105nari\u0173 sveikatai. <strong data-start=\"6547\" data-end=\"6560\">MACROGARD<\/strong> su nat\u016braliais antioksidantais (beta-gliukanai, spirulina, \u0161altalankiai, \u017eolel\u0117s: \u010diobreliai, petra\u017eol\u0117s ir rozmarinas) stiprina imunin\u0119 sistem\u0105. <strong data-start=\"6707\" data-end=\"6720\">ActiveMOS<\/strong> ir <strong data-start=\"6724\" data-end=\"6737\">psiliumas<\/strong> palaiko sveik\u0105 vir\u0161kinim\u0105.<\/p>\n<p data-start=\"6766\" data-end=\"6911\">66 % atrinkt\u0173 gyv\u016bnin\u0117s kilm\u0117s ingredient\u0173 \u2013 bekaul\u0117s fil\u0117 ir riebalai.<br data-start=\"6837\" data-end=\"6840\" \/>34 % dar\u017eov\u0117s, nat\u016bralus supermaistas, \u017eolel\u0117s, vitaminai ir mineralai.<\/p>\n<p data-start=\"6913\" data-end=\"7526\"><strong data-start=\"6913\" data-end=\"6925\">Sud\u0117tis:<\/strong><br data-start=\"6925\" data-end=\"6928\" \/>Bekaul\u0117 la\u0161i\u0161a (25 %), bulvi\u0173 dribsniai (20 %), d\u017eiovinta kiauliena (17 %), pauk\u0161\u010di\u0173 riebalai, \u017eirniai (11 %), d\u017eiovinta kalakutiena (8 %), bulvi\u0173 krakmolas, d\u017eiovintos burok\u0117li\u0173 i\u0161spaudos (4 %), hidrolizuoti gyv\u016bniniai baltymai, miel\u0117s (3 %), d\u017eiovinta cikorija (2 %), lin\u0173 s\u0117menys (1,5 %), vitaminai ir mineralai, la\u0161i\u0161\u0173 aliejus (0,5 %), psiliumas (0,5 %), Yucca schidigera ekstraktas (0,2 %), spirulina (0,2 %), ActiveMOS (0,2 %), MACROGARD (0,1 %), \u0161altalankiai (0,1 %), \u017eolel\u0117s (rozmarinas, \u010diobreliai, petra\u017eol\u0117s \u2013 0,1 %), chondroitino sulfatas (270 mg\/kg), gliukozamino sulfatas (200 mg\/kg).<\/p>\n<p data-start=\"7528\" data-end=\"7686\"><strong data-start=\"7528\" data-end=\"7562\">Analitin\u0117s sudedamosios dalys:<\/strong><br data-start=\"7562\" data-end=\"7565\" \/>\u017dali baltymai 25,0 %, \u017eali riebalai 19,0 %, \u017eali pelenai 6,5 %, \u017ealia l\u0105steliena 2,5 %.<br data-start=\"7652\" data-end=\"7655\" \/>Omega-6 : Omega-3 santykis 8:1.<\/p>\n<p data-start=\"7688\" data-end=\"8131\"><strong data-start=\"7688\" data-end=\"7716\">Maistiniai priedai \/ kg:<\/strong><br data-start=\"7716\" data-end=\"7719\" \/>Vitaminas A 15 000 TV, vitaminas D3 1 000 TV, vitaminas E 500 mg, vitaminas C 140 mg, varis (vario(II) sulfatas, pentahidratas) 10 mg, gele\u017eis (gele\u017eies(II) sulfatas, monohidratas) 100 mg, jodas (kalcio jodatas, bevandenis) 2,0 mg, cinkas (cinko sulfatas, monohidratas) 110 mg, manganas (mangano oksidas (II)) 40 mg, selenas (natrio selenitas) 0,3 mg, gliukozaminas 200 mg, chondroitinas 270 mg, taurinas 200 mg.<\/p>\n<p data-start=\"8133\" data-end=\"8355\" data-is-last-node=\"\" data-is-only-node=\"\"><strong data-start=\"8133\" data-end=\"8148\">Naudojimas:<\/strong><br data-start=\"8148\" data-end=\"8151\" \/>Pa\u0161ar\u0105 galima duoti saus\u0105 arba sudr\u0117kint\u0105 \u0161iltu vandeniu ar sultiniu. \u0160vie\u017eias geriamasis vanduo turi b\u016bti visada prieinamas. \u0160\u0117rimo normos yra orientacin\u0117s \u2013 atsi\u017evelkite \u012f \u0161uns svor\u012f, am\u017ei\u0173 ir aktyvum\u0105.<\/p>\n","protected":false},"featured_media":52269,"template":"","meta":[],"product_brand":[],"product_cat":[538],"product_tag":[],"class_list":{"0":"post-52268","1":"product","2":"type-product","3":"status-publish","4":"has-post-thumbnail","6":"product_cat-sausas-maistas-sunims","8":"first","9":"instock","10":"taxable","11":"shipping-taxable","12":"purchasable","13":"product-type-simple"},"yoast_head":"<!-- This site is optimized with the Yoast SEO plugin v27.2 - https:\/\/yoast.com\/product\/yoast-seo-wordpress\/ -->\n<title>Polaris grainfree adult salmon&amp;turkey 2,5 kg - MiuMjau<\/title>\n<meta name=\"robots\" content=\"index, follow, max-snippet:-1, max-image-preview:large, max-video-preview:-1\" \/>\n<link rel=\"canonical\" href=\"https:\/\/miumjau.ee\/lt\/produktas\/polaris-grainfree-adult-salmonturkey-25-kg\/\" \/>\n<meta property=\"og:locale\" content=\"lt_LT\" \/>\n<meta property=\"og:type\" content=\"article\" \/>\n<meta property=\"og:title\" content=\"Polaris grainfree adult salmon&amp;turkey 2,5 kg - MiuMjau\" \/>\n<meta property=\"og:description\" content=\"Ypa\u010d tinkamas vokie\u010di\u0173 aviganiams, taip pat ir kitoms veisl\u0117ms \u2013 palaiko raumen\u0173 b\u016bkl\u0119 ir kailio pigmentacij\u0105. Taurinas palaiko sveik\u0105 \u0161irdies veikl\u0105. Omega-3 ir Omega-6 riebal\u0173 r\u016bg\u0161tys (i\u0161 la\u0161i\u0161\u0173 aliejaus ir lin\u0173 s\u0117men\u0173) \u0161ird\u017eiai, odai ir kailiui. Gliukozaminas ir chondroitinas s\u0105nari\u0173 sveikatai. MACROGARD su nat\u016braliais antioksidantais (beta-gliukanai, spirulina, \u0161altalankiai, \u017eolel\u0117s: \u010diobreliai, petra\u017eol\u0117s ir rozmarinas) stiprina imunin\u0119 sistem\u0105. ActiveMOS ir psiliumas palaiko sveik\u0105 vir\u0161kinim\u0105. 66 % atrinkt\u0173 gyv\u016bnin\u0117s kilm\u0117s ingredient\u0173 \u2013 bekaul\u0117s fil\u0117 ir riebalai.34 % dar\u017eov\u0117s, nat\u016bralus supermaistas, \u017eolel\u0117s, vitaminai ir mineralai. Sud\u0117tis:Bekaul\u0117 la\u0161i\u0161a (25 %), bulvi\u0173 dribsniai (20 %), d\u017eiovinta kiauliena (17 %), pauk\u0161\u010di\u0173 riebalai, \u017eirniai (11 %), d\u017eiovinta kalakutiena (8 %), bulvi\u0173 krakmolas, d\u017eiovintos burok\u0117li\u0173 i\u0161spaudos (4 %), hidrolizuoti gyv\u016bniniai baltymai, miel\u0117s (3 %), d\u017eiovinta cikorija (2 %), lin\u0173 s\u0117menys (1,5 %), vitaminai ir mineralai, la\u0161i\u0161\u0173 aliejus (0,5 %), psiliumas (0,5 %), Yucca schidigera ekstraktas (0,2 %), spirulina (0,2 %), ActiveMOS (0,2 %), MACROGARD (0,1 %), \u0161altalankiai (0,1 %), \u017eolel\u0117s (rozmarinas, \u010diobreliai, petra\u017eol\u0117s \u2013 0,1 %), chondroitino sulfatas (270 mg\/kg), gliukozamino sulfatas (200 mg\/kg). Analitin\u0117s sudedamosios dalys:\u017dali baltymai 25,0 %, \u017eali riebalai 19,0 %, \u017eali pelenai 6,5 %, \u017ealia l\u0105steliena 2,5 %.Omega-6 : Omega-3 santykis 8:1. Maistiniai priedai \/ kg:Vitaminas A 15 000 TV, vitaminas D3 1 000 TV, vitaminas E 500 mg, vitaminas C 140 mg, varis (vario(II) sulfatas, pentahidratas) 10 mg, gele\u017eis (gele\u017eies(II) sulfatas, monohidratas) 100 mg, jodas (kalcio jodatas, bevandenis) 2,0 mg, cinkas (cinko sulfatas, monohidratas) 110 mg, manganas (mangano oksidas (II)) 40 mg, selenas (natrio selenitas) 0,3 mg, gliukozaminas 200 mg, chondroitinas 270 mg, taurinas 200 mg. Naudojimas:Pa\u0161ar\u0105 galima duoti saus\u0105 arba sudr\u0117kint\u0105 \u0161iltu vandeniu ar sultiniu. \u0160vie\u017eias geriamasis vanduo turi b\u016bti visada prieinamas. \u0160\u0117rimo normos yra orientacin\u0117s \u2013 atsi\u017evelkite \u012f \u0161uns svor\u012f, am\u017ei\u0173 ir aktyvum\u0105.\" \/>\n<meta property=\"og:url\" content=\"https:\/\/miumjau.ee\/lt\/produktas\/polaris-grainfree-adult-salmonturkey-25-kg\/\" \/>\n<meta property=\"og:site_name\" content=\"MiuMjau\" \/>\n<meta property=\"article:publisher\" content=\"https:\/\/www.facebook.com\/miumjaupood\/\" \/>\n<meta property=\"og:image\" content=\"https:\/\/miumjau.ee\/wp-content\/uploads\/2025\/05\/polaris-koeratoit-2500g1-Photoroom-1.webp\" \/>\n\t<meta property=\"og:image:width\" content=\"600\" \/>\n\t<meta property=\"og:image:height\" content=\"800\" \/>\n\t<meta property=\"og:image:type\" content=\"image\/webp\" \/>\n<meta name=\"twitter:card\" content=\"summary_large_image\" \/>\n<script type=\"application\/ld+json\" class=\"yoast-schema-graph\">{\"@context\":\"https:\/\/schema.org\",\"@graph\":[{\"@type\":\"WebPage\",\"@id\":\"https:\/\/miumjau.ee\/lt\/produktas\/polaris-grainfree-adult-salmonturkey-25-kg\/\",\"url\":\"https:\/\/miumjau.ee\/lt\/produktas\/polaris-grainfree-adult-salmonturkey-25-kg\/\",\"name\":\"Polaris grainfree adult salmon&turkey 2,5 kg - MiuMjau\",\"isPartOf\":{\"@id\":\"https:\/\/miumjau.ee\/#website\"},\"primaryImageOfPage\":{\"@id\":\"https:\/\/miumjau.ee\/lt\/produktas\/polaris-grainfree-adult-salmonturkey-25-kg\/#primaryimage\"},\"image\":{\"@id\":\"https:\/\/miumjau.ee\/lt\/produktas\/polaris-grainfree-adult-salmonturkey-25-kg\/#primaryimage\"},\"thumbnailUrl\":\"https:\/\/miumjau.ee\/wp-content\/uploads\/2025\/05\/polaris-koeratoit-2500g1-Photoroom-1.webp\",\"datePublished\":\"2025-05-20T14:09:22+00:00\",\"breadcrumb\":{\"@id\":\"https:\/\/miumjau.ee\/lt\/produktas\/polaris-grainfree-adult-salmonturkey-25-kg\/#breadcrumb\"},\"inLanguage\":\"lt-LT\",\"potentialAction\":[{\"@type\":\"ReadAction\",\"target\":[\"https:\/\/miumjau.ee\/lt\/produktas\/polaris-grainfree-adult-salmonturkey-25-kg\/\"]}]},{\"@type\":\"ImageObject\",\"inLanguage\":\"lt-LT\",\"@id\":\"https:\/\/miumjau.ee\/lt\/produktas\/polaris-grainfree-adult-salmonturkey-25-kg\/#primaryimage\",\"url\":\"https:\/\/miumjau.ee\/wp-content\/uploads\/2025\/05\/polaris-koeratoit-2500g1-Photoroom-1.webp\",\"contentUrl\":\"https:\/\/miumjau.ee\/wp-content\/uploads\/2025\/05\/polaris-koeratoit-2500g1-Photoroom-1.webp\",\"width\":600,\"height\":800},{\"@type\":\"BreadcrumbList\",\"@id\":\"https:\/\/miumjau.ee\/lt\/produktas\/polaris-grainfree-adult-salmonturkey-25-kg\/#breadcrumb\",\"itemListElement\":[{\"@type\":\"ListItem\",\"position\":1,\"name\":\"Home\",\"item\":\"https:\/\/miumjau.ee\/lt\/\"},{\"@type\":\"ListItem\",\"position\":2,\"name\":\"Parduotuv\u0117\",\"item\":\"https:\/\/miumjau.ee\/lt\/parduotuve\/\"},{\"@type\":\"ListItem\",\"position\":3,\"name\":\"Polaris grainfree adult salmon&#038;turkey 2,5 kg\"}]},{\"@type\":\"WebSite\",\"@id\":\"https:\/\/miumjau.ee\/#website\",\"url\":\"https:\/\/miumjau.ee\/\",\"name\":\"MiuMjau\",\"description\":\"Kraapimispuud kassidele\",\"publisher\":{\"@id\":\"https:\/\/miumjau.ee\/#organization\"},\"potentialAction\":[{\"@type\":\"SearchAction\",\"target\":{\"@type\":\"EntryPoint\",\"urlTemplate\":\"https:\/\/miumjau.ee\/?s={search_term_string}\"},\"query-input\":{\"@type\":\"PropertyValueSpecification\",\"valueRequired\":true,\"valueName\":\"search_term_string\"}}],\"inLanguage\":\"lt-LT\"},{\"@type\":\"Organization\",\"@id\":\"https:\/\/miumjau.ee\/#organization\",\"name\":\"MiuMjau O\u00dc\",\"url\":\"https:\/\/miumjau.ee\/\",\"logo\":{\"@type\":\"ImageObject\",\"inLanguage\":\"lt-LT\",\"@id\":\"https:\/\/miumjau.ee\/#\/schema\/logo\/image\/\",\"url\":\"https:\/\/miumjau.ee\/wp-content\/uploads\/2022\/04\/MiuMjau-logo-kollane.png\",\"contentUrl\":\"https:\/\/miumjau.ee\/wp-content\/uploads\/2022\/04\/MiuMjau-logo-kollane.png\",\"width\":219,\"height\":100,\"caption\":\"MiuMjau O\u00dc\"},\"image\":{\"@id\":\"https:\/\/miumjau.ee\/#\/schema\/logo\/image\/\"},\"sameAs\":[\"https:\/\/www.facebook.com\/miumjaupood\/\"]}]}<\/script>\n<!-- \/ Yoast SEO plugin. -->","yoast_head_json":{"title":"Polaris grainfree adult salmon&turkey 2,5 kg - MiuMjau","robots":{"index":"index","follow":"follow","max-snippet":"max-snippet:-1","max-image-preview":"max-image-preview:large","max-video-preview":"max-video-preview:-1"},"canonical":"https:\/\/miumjau.ee\/lt\/produktas\/polaris-grainfree-adult-salmonturkey-25-kg\/","og_locale":"lt_LT","og_type":"article","og_title":"Polaris grainfree adult salmon&turkey 2,5 kg - MiuMjau","og_description":"Ypa\u010d tinkamas vokie\u010di\u0173 aviganiams, taip pat ir kitoms veisl\u0117ms \u2013 palaiko raumen\u0173 b\u016bkl\u0119 ir kailio pigmentacij\u0105. Taurinas palaiko sveik\u0105 \u0161irdies veikl\u0105. Omega-3 ir Omega-6 riebal\u0173 r\u016bg\u0161tys (i\u0161 la\u0161i\u0161\u0173 aliejaus ir lin\u0173 s\u0117men\u0173) \u0161ird\u017eiai, odai ir kailiui. Gliukozaminas ir chondroitinas s\u0105nari\u0173 sveikatai. MACROGARD su nat\u016braliais antioksidantais (beta-gliukanai, spirulina, \u0161altalankiai, \u017eolel\u0117s: \u010diobreliai, petra\u017eol\u0117s ir rozmarinas) stiprina imunin\u0119 sistem\u0105. ActiveMOS ir psiliumas palaiko sveik\u0105 vir\u0161kinim\u0105. 66 % atrinkt\u0173 gyv\u016bnin\u0117s kilm\u0117s ingredient\u0173 \u2013 bekaul\u0117s fil\u0117 ir riebalai.34 % dar\u017eov\u0117s, nat\u016bralus supermaistas, \u017eolel\u0117s, vitaminai ir mineralai. Sud\u0117tis:Bekaul\u0117 la\u0161i\u0161a (25 %), bulvi\u0173 dribsniai (20 %), d\u017eiovinta kiauliena (17 %), pauk\u0161\u010di\u0173 riebalai, \u017eirniai (11 %), d\u017eiovinta kalakutiena (8 %), bulvi\u0173 krakmolas, d\u017eiovintos burok\u0117li\u0173 i\u0161spaudos (4 %), hidrolizuoti gyv\u016bniniai baltymai, miel\u0117s (3 %), d\u017eiovinta cikorija (2 %), lin\u0173 s\u0117menys (1,5 %), vitaminai ir mineralai, la\u0161i\u0161\u0173 aliejus (0,5 %), psiliumas (0,5 %), Yucca schidigera ekstraktas (0,2 %), spirulina (0,2 %), ActiveMOS (0,2 %), MACROGARD (0,1 %), \u0161altalankiai (0,1 %), \u017eolel\u0117s (rozmarinas, \u010diobreliai, petra\u017eol\u0117s \u2013 0,1 %), chondroitino sulfatas (270 mg\/kg), gliukozamino sulfatas (200 mg\/kg). Analitin\u0117s sudedamosios dalys:\u017dali baltymai 25,0 %, \u017eali riebalai 19,0 %, \u017eali pelenai 6,5 %, \u017ealia l\u0105steliena 2,5 %.Omega-6 : Omega-3 santykis 8:1. Maistiniai priedai \/ kg:Vitaminas A 15 000 TV, vitaminas D3 1 000 TV, vitaminas E 500 mg, vitaminas C 140 mg, varis (vario(II) sulfatas, pentahidratas) 10 mg, gele\u017eis (gele\u017eies(II) sulfatas, monohidratas) 100 mg, jodas (kalcio jodatas, bevandenis) 2,0 mg, cinkas (cinko sulfatas, monohidratas) 110 mg, manganas (mangano oksidas (II)) 40 mg, selenas (natrio selenitas) 0,3 mg, gliukozaminas 200 mg, chondroitinas 270 mg, taurinas 200 mg. Naudojimas:Pa\u0161ar\u0105 galima duoti saus\u0105 arba sudr\u0117kint\u0105 \u0161iltu vandeniu ar sultiniu. \u0160vie\u017eias geriamasis vanduo turi b\u016bti visada prieinamas. \u0160\u0117rimo normos yra orientacin\u0117s \u2013 atsi\u017evelkite \u012f \u0161uns svor\u012f, am\u017ei\u0173 ir aktyvum\u0105.","og_url":"https:\/\/miumjau.ee\/lt\/produktas\/polaris-grainfree-adult-salmonturkey-25-kg\/","og_site_name":"MiuMjau","article_publisher":"https:\/\/www.facebook.com\/miumjaupood\/","og_image":[{"width":600,"height":800,"url":"https:\/\/miumjau.ee\/wp-content\/uploads\/2025\/05\/polaris-koeratoit-2500g1-Photoroom-1.webp","type":"image\/webp"}],"twitter_card":"summary_large_image","schema":{"@context":"https:\/\/schema.org","@graph":[{"@type":"WebPage","@id":"https:\/\/miumjau.ee\/lt\/produktas\/polaris-grainfree-adult-salmonturkey-25-kg\/","url":"https:\/\/miumjau.ee\/lt\/produktas\/polaris-grainfree-adult-salmonturkey-25-kg\/","name":"Polaris grainfree adult salmon&turkey 2,5 kg - MiuMjau","isPartOf":{"@id":"https:\/\/miumjau.ee\/#website"},"primaryImageOfPage":{"@id":"https:\/\/miumjau.ee\/lt\/produktas\/polaris-grainfree-adult-salmonturkey-25-kg\/#primaryimage"},"image":{"@id":"https:\/\/miumjau.ee\/lt\/produktas\/polaris-grainfree-adult-salmonturkey-25-kg\/#primaryimage"},"thumbnailUrl":"https:\/\/miumjau.ee\/wp-content\/uploads\/2025\/05\/polaris-koeratoit-2500g1-Photoroom-1.webp","datePublished":"2025-05-20T14:09:22+00:00","breadcrumb":{"@id":"https:\/\/miumjau.ee\/lt\/produktas\/polaris-grainfree-adult-salmonturkey-25-kg\/#breadcrumb"},"inLanguage":"lt-LT","potentialAction":[{"@type":"ReadAction","target":["https:\/\/miumjau.ee\/lt\/produktas\/polaris-grainfree-adult-salmonturkey-25-kg\/"]}]},{"@type":"ImageObject","inLanguage":"lt-LT","@id":"https:\/\/miumjau.ee\/lt\/produktas\/polaris-grainfree-adult-salmonturkey-25-kg\/#primaryimage","url":"https:\/\/miumjau.ee\/wp-content\/uploads\/2025\/05\/polaris-koeratoit-2500g1-Photoroom-1.webp","contentUrl":"https:\/\/miumjau.ee\/wp-content\/uploads\/2025\/05\/polaris-koeratoit-2500g1-Photoroom-1.webp","width":600,"height":800},{"@type":"BreadcrumbList","@id":"https:\/\/miumjau.ee\/lt\/produktas\/polaris-grainfree-adult-salmonturkey-25-kg\/#breadcrumb","itemListElement":[{"@type":"ListItem","position":1,"name":"Home","item":"https:\/\/miumjau.ee\/lt\/"},{"@type":"ListItem","position":2,"name":"Parduotuv\u0117","item":"https:\/\/miumjau.ee\/lt\/parduotuve\/"},{"@type":"ListItem","position":3,"name":"Polaris grainfree adult salmon&#038;turkey 2,5 kg"}]},{"@type":"WebSite","@id":"https:\/\/miumjau.ee\/#website","url":"https:\/\/miumjau.ee\/","name":"MiuMjau","description":"Kraapimispuud kassidele","publisher":{"@id":"https:\/\/miumjau.ee\/#organization"},"potentialAction":[{"@type":"SearchAction","target":{"@type":"EntryPoint","urlTemplate":"https:\/\/miumjau.ee\/?s={search_term_string}"},"query-input":{"@type":"PropertyValueSpecification","valueRequired":true,"valueName":"search_term_string"}}],"inLanguage":"lt-LT"},{"@type":"Organization","@id":"https:\/\/miumjau.ee\/#organization","name":"MiuMjau O\u00dc","url":"https:\/\/miumjau.ee\/","logo":{"@type":"ImageObject","inLanguage":"lt-LT","@id":"https:\/\/miumjau.ee\/#\/schema\/logo\/image\/","url":"https:\/\/miumjau.ee\/wp-content\/uploads\/2022\/04\/MiuMjau-logo-kollane.png","contentUrl":"https:\/\/miumjau.ee\/wp-content\/uploads\/2022\/04\/MiuMjau-logo-kollane.png","width":219,"height":100,"caption":"MiuMjau O\u00dc"},"image":{"@id":"https:\/\/miumjau.ee\/#\/schema\/logo\/image\/"},"sameAs":["https:\/\/www.facebook.com\/miumjaupood\/"]}]}},"_links":{"self":[{"href":"https:\/\/miumjau.ee\/lt\/wp-json\/wp\/v2\/product\/52268","targetHints":{"allow":["GET"]}}],"collection":[{"href":"https:\/\/miumjau.ee\/lt\/wp-json\/wp\/v2\/product"}],"about":[{"href":"https:\/\/miumjau.ee\/lt\/wp-json\/wp\/v2\/types\/product"}],"wp:featuredmedia":[{"embeddable":true,"href":"https:\/\/miumjau.ee\/lt\/wp-json\/wp\/v2\/media\/52269"}],"wp:attachment":[{"href":"https:\/\/miumjau.ee\/lt\/wp-json\/wp\/v2\/media?parent=52268"}],"wp:term":[{"taxonomy":"product_brand","embeddable":true,"href":"https:\/\/miumjau.ee\/lt\/wp-json\/wp\/v2\/product_brand?post=52268"},{"taxonomy":"product_cat","embeddable":true,"href":"https:\/\/miumjau.ee\/lt\/wp-json\/wp\/v2\/product_cat?post=52268"},{"taxonomy":"product_tag","embeddable":true,"href":"https:\/\/miumjau.ee\/lt\/wp-json\/wp\/v2\/product_tag?post=52268"}],"curies":[{"name":"wp","href":"https:\/\/api.w.org\/{rel}","templated":true}]}}