{"id":52222,"date":"2024-11-07T14:53:01","date_gmt":"2024-11-07T12:53:01","guid":{"rendered":"https:\/\/miumjau.ee\/toode\/platinum-meatcrisp-sterilized-cat-fish-3-kg\/"},"modified":"2024-11-07T14:53:01","modified_gmt":"2024-11-07T12:53:01","slug":"platinum-meatcrisp-sterilized-cat-fish-3-kg","status":"publish","type":"product","link":"https:\/\/miumjau.ee\/lt\/produktas\/platinum-meatcrisp-sterilized-cat-fish-3-kg\/","title":{"rendered":"Platinum Meatcrisp Sterilized Cat, Fish 3 kg"},"content":{"rendered":"","protected":false},"excerpt":{"rendered":"<p data-start=\"1269\" data-end=\"1358\"><strong data-start=\"1269\" data-end=\"1356\">MeatCrisp \u2013 pirmasis sveikas ka\u010di\u0173 maistas, pagamintas i\u0161 d\u017eiovintos \u0161vie\u017eios m\u0117sos<\/strong><\/p>\n<p data-start=\"1360\" data-end=\"1761\">MeatCrisp i\u0161laiko \u0161vie\u017eios m\u0117sos nat\u016bralius mikroelementus ir aminor\u016bg\u0161tis, tod\u0117l tai geresn\u0117 alternatyva nat\u016braliam ka\u010di\u0173 grobiui nei dauguma komercini\u0173 ka\u010di\u0173 maisto produkt\u0173. Kat\u0117s, maitinamos MeatCrisp, jau\u010diasi ramesn\u0117s, stabilesn\u0117s ir laimingesn\u0117s. Tra\u0161kus gabal\u0117lis ir m\u0117singa skoni\u0173 kombinacija padaro MeatCrisp tok\u012f skan\u0173, kad kat\u0117 nenori nieko kito. MeatCrisp neturi kvap\u0173 ar skonio pried\u0173.<\/p>\n<p data-start=\"1763\" data-end=\"1793\"><strong data-start=\"1763\" data-end=\"1791\">Pagrindiniai privalumai:<\/strong><\/p>\n<ul data-start=\"1794\" data-end=\"2004\">\n<li data-start=\"1794\" data-end=\"1840\">\n<p data-start=\"1796\" data-end=\"1840\">82% \u0161vie\u017eios \u017euvies m\u0117sos (be m\u0117sos milt\u0173)<\/p>\n<\/li>\n<li data-start=\"1841\" data-end=\"1874\">\n<p data-start=\"1843\" data-end=\"1874\">Nat\u016bralios sudedamosios dalys<\/p>\n<\/li>\n<li data-start=\"1875\" data-end=\"1904\">\n<p data-start=\"1877\" data-end=\"1904\">Be kvap\u0173 ir skonio pried\u0173<\/p>\n<\/li>\n<li data-start=\"1905\" data-end=\"1934\">\n<p data-start=\"1907\" data-end=\"1934\">Be glitimo turin\u010di\u0173 gr\u016bd\u0173<\/p>\n<\/li>\n<li data-start=\"1935\" data-end=\"1972\">\n<p data-start=\"1937\" data-end=\"1972\">Maistingas ir lengvai vir\u0161kinamas<\/p>\n<\/li>\n<li data-start=\"1973\" data-end=\"2004\">\n<p data-start=\"1975\" data-end=\"2004\">Optimizuotas taurino kiekis<\/p>\n<\/li>\n<\/ul>\n<p data-start=\"2006\" data-end=\"2217\"><strong data-start=\"2006\" data-end=\"2018\">Sud\u0117tis:<\/strong> \u0160vie\u017eia \u017euvies m\u0117sa 82%, Flor de Ma\u00edz* (kuk\u016brzai), kokos\u0173 aliejus** (60% laurino r\u016bg\u0161tis), raps\u0173 aliejus**, \u017eirniai*, alaus miel\u0117s*, augalin\u0117s skaidulos*. (*d\u017eiovinti, **\u0161altai spausti, nat\u016bral\u016bs)<\/p>\n<p data-start=\"2219\" data-end=\"2322\"><strong data-start=\"2219\" data-end=\"2241\">Analitin\u0117 sud\u0117tis:<\/strong> Baltymai 36%, skaidulos 3%, riebalai 11%, kalcis 1,1%, pelenai 6%, fosforas 1%<\/p>\n<p data-start=\"2324\" data-end=\"2362\"><strong data-start=\"2324\" data-end=\"2343\">Energin\u0117 vert\u0117:<\/strong> 354 kcal \/ 100 g<\/p>\n","protected":false},"featured_media":52221,"template":"","meta":[],"product_brand":[],"product_cat":[528],"product_tag":[],"class_list":{"0":"post-52222","1":"product","2":"type-product","3":"status-publish","4":"has-post-thumbnail","6":"product_cat-sausas-maistas","8":"first","9":"instock","10":"taxable","11":"shipping-taxable","12":"purchasable","13":"product-type-simple"},"yoast_head":"<!-- This site is optimized with the Yoast SEO plugin v27.2 - https:\/\/yoast.com\/product\/yoast-seo-wordpress\/ -->\n<title>Platinum Meatcrisp Sterilized Cat, Fish 3 kg - MiuMjau<\/title>\n<meta name=\"robots\" content=\"index, follow, max-snippet:-1, max-image-preview:large, max-video-preview:-1\" \/>\n<link rel=\"canonical\" href=\"https:\/\/miumjau.ee\/lt\/produktas\/platinum-meatcrisp-sterilized-cat-fish-3-kg\/\" \/>\n<meta property=\"og:locale\" content=\"lt_LT\" \/>\n<meta property=\"og:type\" content=\"article\" \/>\n<meta property=\"og:title\" content=\"Platinum Meatcrisp Sterilized Cat, Fish 3 kg - MiuMjau\" \/>\n<meta property=\"og:description\" content=\"MeatCrisp \u2013 pirmasis sveikas ka\u010di\u0173 maistas, pagamintas i\u0161 d\u017eiovintos \u0161vie\u017eios m\u0117sos MeatCrisp i\u0161laiko \u0161vie\u017eios m\u0117sos nat\u016bralius mikroelementus ir aminor\u016bg\u0161tis, tod\u0117l tai geresn\u0117 alternatyva nat\u016braliam ka\u010di\u0173 grobiui nei dauguma komercini\u0173 ka\u010di\u0173 maisto produkt\u0173. Kat\u0117s, maitinamos MeatCrisp, jau\u010diasi ramesn\u0117s, stabilesn\u0117s ir laimingesn\u0117s. Tra\u0161kus gabal\u0117lis ir m\u0117singa skoni\u0173 kombinacija padaro MeatCrisp tok\u012f skan\u0173, kad kat\u0117 nenori nieko kito. MeatCrisp neturi kvap\u0173 ar skonio pried\u0173. Pagrindiniai privalumai:     82% \u0161vie\u017eios \u017euvies m\u0117sos (be m\u0117sos milt\u0173)    Nat\u016bralios sudedamosios dalys    Be kvap\u0173 ir skonio pried\u0173    Be glitimo turin\u010di\u0173 gr\u016bd\u0173    Maistingas ir lengvai vir\u0161kinamas    Optimizuotas taurino kiekis   Sud\u0117tis: \u0160vie\u017eia \u017euvies m\u0117sa 82%, Flor de Ma\u00edz* (kuk\u016brzai), kokos\u0173 aliejus** (60% laurino r\u016bg\u0161tis), raps\u0173 aliejus**, \u017eirniai*, alaus miel\u0117s*, augalin\u0117s skaidulos*. (*d\u017eiovinti, **\u0161altai spausti, nat\u016bral\u016bs) Analitin\u0117 sud\u0117tis: Baltymai 36%, skaidulos 3%, riebalai 11%, kalcis 1,1%, pelenai 6%, fosforas 1% Energin\u0117 vert\u0117: 354 kcal \/ 100 g\" \/>\n<meta property=\"og:url\" content=\"https:\/\/miumjau.ee\/lt\/produktas\/platinum-meatcrisp-sterilized-cat-fish-3-kg\/\" \/>\n<meta property=\"og:site_name\" content=\"MiuMjau\" \/>\n<meta property=\"article:publisher\" content=\"https:\/\/www.facebook.com\/miumjaupood\/\" \/>\n<meta property=\"og:image\" content=\"https:\/\/miumjau.ee\/wp-content\/uploads\/2024\/11\/platinum-kuivtoit-pood9.jpg\" \/>\n\t<meta property=\"og:image:width\" content=\"600\" \/>\n\t<meta property=\"og:image:height\" content=\"800\" \/>\n\t<meta property=\"og:image:type\" content=\"image\/jpeg\" \/>\n<meta name=\"twitter:card\" content=\"summary_large_image\" \/>\n<script type=\"application\/ld+json\" class=\"yoast-schema-graph\">{\"@context\":\"https:\/\/schema.org\",\"@graph\":[{\"@type\":\"WebPage\",\"@id\":\"https:\/\/miumjau.ee\/lt\/produktas\/platinum-meatcrisp-sterilized-cat-fish-3-kg\/\",\"url\":\"https:\/\/miumjau.ee\/lt\/produktas\/platinum-meatcrisp-sterilized-cat-fish-3-kg\/\",\"name\":\"Platinum Meatcrisp Sterilized Cat, Fish 3 kg - MiuMjau\",\"isPartOf\":{\"@id\":\"https:\/\/miumjau.ee\/#website\"},\"primaryImageOfPage\":{\"@id\":\"https:\/\/miumjau.ee\/lt\/produktas\/platinum-meatcrisp-sterilized-cat-fish-3-kg\/#primaryimage\"},\"image\":{\"@id\":\"https:\/\/miumjau.ee\/lt\/produktas\/platinum-meatcrisp-sterilized-cat-fish-3-kg\/#primaryimage\"},\"thumbnailUrl\":\"https:\/\/miumjau.ee\/wp-content\/uploads\/2024\/11\/platinum-kuivtoit-pood9.jpg\",\"datePublished\":\"2024-11-07T12:53:01+00:00\",\"breadcrumb\":{\"@id\":\"https:\/\/miumjau.ee\/lt\/produktas\/platinum-meatcrisp-sterilized-cat-fish-3-kg\/#breadcrumb\"},\"inLanguage\":\"lt-LT\",\"potentialAction\":[{\"@type\":\"ReadAction\",\"target\":[\"https:\/\/miumjau.ee\/lt\/produktas\/platinum-meatcrisp-sterilized-cat-fish-3-kg\/\"]}]},{\"@type\":\"ImageObject\",\"inLanguage\":\"lt-LT\",\"@id\":\"https:\/\/miumjau.ee\/lt\/produktas\/platinum-meatcrisp-sterilized-cat-fish-3-kg\/#primaryimage\",\"url\":\"https:\/\/miumjau.ee\/wp-content\/uploads\/2024\/11\/platinum-kuivtoit-pood9.jpg\",\"contentUrl\":\"https:\/\/miumjau.ee\/wp-content\/uploads\/2024\/11\/platinum-kuivtoit-pood9.jpg\",\"width\":600,\"height\":800},{\"@type\":\"BreadcrumbList\",\"@id\":\"https:\/\/miumjau.ee\/lt\/produktas\/platinum-meatcrisp-sterilized-cat-fish-3-kg\/#breadcrumb\",\"itemListElement\":[{\"@type\":\"ListItem\",\"position\":1,\"name\":\"Home\",\"item\":\"https:\/\/miumjau.ee\/lt\/\"},{\"@type\":\"ListItem\",\"position\":2,\"name\":\"Parduotuv\u0117\",\"item\":\"https:\/\/miumjau.ee\/lt\/parduotuve\/\"},{\"@type\":\"ListItem\",\"position\":3,\"name\":\"Platinum Meatcrisp Sterilized Cat, Fish 3 kg\"}]},{\"@type\":\"WebSite\",\"@id\":\"https:\/\/miumjau.ee\/#website\",\"url\":\"https:\/\/miumjau.ee\/\",\"name\":\"MiuMjau\",\"description\":\"Kraapimispuud kassidele\",\"publisher\":{\"@id\":\"https:\/\/miumjau.ee\/#organization\"},\"potentialAction\":[{\"@type\":\"SearchAction\",\"target\":{\"@type\":\"EntryPoint\",\"urlTemplate\":\"https:\/\/miumjau.ee\/?s={search_term_string}\"},\"query-input\":{\"@type\":\"PropertyValueSpecification\",\"valueRequired\":true,\"valueName\":\"search_term_string\"}}],\"inLanguage\":\"lt-LT\"},{\"@type\":\"Organization\",\"@id\":\"https:\/\/miumjau.ee\/#organization\",\"name\":\"MiuMjau O\u00dc\",\"url\":\"https:\/\/miumjau.ee\/\",\"logo\":{\"@type\":\"ImageObject\",\"inLanguage\":\"lt-LT\",\"@id\":\"https:\/\/miumjau.ee\/#\/schema\/logo\/image\/\",\"url\":\"https:\/\/miumjau.ee\/wp-content\/uploads\/2022\/04\/MiuMjau-logo-kollane.png\",\"contentUrl\":\"https:\/\/miumjau.ee\/wp-content\/uploads\/2022\/04\/MiuMjau-logo-kollane.png\",\"width\":219,\"height\":100,\"caption\":\"MiuMjau O\u00dc\"},\"image\":{\"@id\":\"https:\/\/miumjau.ee\/#\/schema\/logo\/image\/\"},\"sameAs\":[\"https:\/\/www.facebook.com\/miumjaupood\/\"]}]}<\/script>\n<!-- \/ Yoast SEO plugin. -->","yoast_head_json":{"title":"Platinum Meatcrisp Sterilized Cat, Fish 3 kg - MiuMjau","robots":{"index":"index","follow":"follow","max-snippet":"max-snippet:-1","max-image-preview":"max-image-preview:large","max-video-preview":"max-video-preview:-1"},"canonical":"https:\/\/miumjau.ee\/lt\/produktas\/platinum-meatcrisp-sterilized-cat-fish-3-kg\/","og_locale":"lt_LT","og_type":"article","og_title":"Platinum Meatcrisp Sterilized Cat, Fish 3 kg - MiuMjau","og_description":"MeatCrisp \u2013 pirmasis sveikas ka\u010di\u0173 maistas, pagamintas i\u0161 d\u017eiovintos \u0161vie\u017eios m\u0117sos MeatCrisp i\u0161laiko \u0161vie\u017eios m\u0117sos nat\u016bralius mikroelementus ir aminor\u016bg\u0161tis, tod\u0117l tai geresn\u0117 alternatyva nat\u016braliam ka\u010di\u0173 grobiui nei dauguma komercini\u0173 ka\u010di\u0173 maisto produkt\u0173. Kat\u0117s, maitinamos MeatCrisp, jau\u010diasi ramesn\u0117s, stabilesn\u0117s ir laimingesn\u0117s. Tra\u0161kus gabal\u0117lis ir m\u0117singa skoni\u0173 kombinacija padaro MeatCrisp tok\u012f skan\u0173, kad kat\u0117 nenori nieko kito. MeatCrisp neturi kvap\u0173 ar skonio pried\u0173. Pagrindiniai privalumai:     82% \u0161vie\u017eios \u017euvies m\u0117sos (be m\u0117sos milt\u0173)    Nat\u016bralios sudedamosios dalys    Be kvap\u0173 ir skonio pried\u0173    Be glitimo turin\u010di\u0173 gr\u016bd\u0173    Maistingas ir lengvai vir\u0161kinamas    Optimizuotas taurino kiekis   Sud\u0117tis: \u0160vie\u017eia \u017euvies m\u0117sa 82%, Flor de Ma\u00edz* (kuk\u016brzai), kokos\u0173 aliejus** (60% laurino r\u016bg\u0161tis), raps\u0173 aliejus**, \u017eirniai*, alaus miel\u0117s*, augalin\u0117s skaidulos*. (*d\u017eiovinti, **\u0161altai spausti, nat\u016bral\u016bs) Analitin\u0117 sud\u0117tis: Baltymai 36%, skaidulos 3%, riebalai 11%, kalcis 1,1%, pelenai 6%, fosforas 1% Energin\u0117 vert\u0117: 354 kcal \/ 100 g","og_url":"https:\/\/miumjau.ee\/lt\/produktas\/platinum-meatcrisp-sterilized-cat-fish-3-kg\/","og_site_name":"MiuMjau","article_publisher":"https:\/\/www.facebook.com\/miumjaupood\/","og_image":[{"width":600,"height":800,"url":"https:\/\/miumjau.ee\/wp-content\/uploads\/2024\/11\/platinum-kuivtoit-pood9.jpg","type":"image\/jpeg"}],"twitter_card":"summary_large_image","schema":{"@context":"https:\/\/schema.org","@graph":[{"@type":"WebPage","@id":"https:\/\/miumjau.ee\/lt\/produktas\/platinum-meatcrisp-sterilized-cat-fish-3-kg\/","url":"https:\/\/miumjau.ee\/lt\/produktas\/platinum-meatcrisp-sterilized-cat-fish-3-kg\/","name":"Platinum Meatcrisp Sterilized Cat, Fish 3 kg - MiuMjau","isPartOf":{"@id":"https:\/\/miumjau.ee\/#website"},"primaryImageOfPage":{"@id":"https:\/\/miumjau.ee\/lt\/produktas\/platinum-meatcrisp-sterilized-cat-fish-3-kg\/#primaryimage"},"image":{"@id":"https:\/\/miumjau.ee\/lt\/produktas\/platinum-meatcrisp-sterilized-cat-fish-3-kg\/#primaryimage"},"thumbnailUrl":"https:\/\/miumjau.ee\/wp-content\/uploads\/2024\/11\/platinum-kuivtoit-pood9.jpg","datePublished":"2024-11-07T12:53:01+00:00","breadcrumb":{"@id":"https:\/\/miumjau.ee\/lt\/produktas\/platinum-meatcrisp-sterilized-cat-fish-3-kg\/#breadcrumb"},"inLanguage":"lt-LT","potentialAction":[{"@type":"ReadAction","target":["https:\/\/miumjau.ee\/lt\/produktas\/platinum-meatcrisp-sterilized-cat-fish-3-kg\/"]}]},{"@type":"ImageObject","inLanguage":"lt-LT","@id":"https:\/\/miumjau.ee\/lt\/produktas\/platinum-meatcrisp-sterilized-cat-fish-3-kg\/#primaryimage","url":"https:\/\/miumjau.ee\/wp-content\/uploads\/2024\/11\/platinum-kuivtoit-pood9.jpg","contentUrl":"https:\/\/miumjau.ee\/wp-content\/uploads\/2024\/11\/platinum-kuivtoit-pood9.jpg","width":600,"height":800},{"@type":"BreadcrumbList","@id":"https:\/\/miumjau.ee\/lt\/produktas\/platinum-meatcrisp-sterilized-cat-fish-3-kg\/#breadcrumb","itemListElement":[{"@type":"ListItem","position":1,"name":"Home","item":"https:\/\/miumjau.ee\/lt\/"},{"@type":"ListItem","position":2,"name":"Parduotuv\u0117","item":"https:\/\/miumjau.ee\/lt\/parduotuve\/"},{"@type":"ListItem","position":3,"name":"Platinum Meatcrisp Sterilized Cat, Fish 3 kg"}]},{"@type":"WebSite","@id":"https:\/\/miumjau.ee\/#website","url":"https:\/\/miumjau.ee\/","name":"MiuMjau","description":"Kraapimispuud kassidele","publisher":{"@id":"https:\/\/miumjau.ee\/#organization"},"potentialAction":[{"@type":"SearchAction","target":{"@type":"EntryPoint","urlTemplate":"https:\/\/miumjau.ee\/?s={search_term_string}"},"query-input":{"@type":"PropertyValueSpecification","valueRequired":true,"valueName":"search_term_string"}}],"inLanguage":"lt-LT"},{"@type":"Organization","@id":"https:\/\/miumjau.ee\/#organization","name":"MiuMjau O\u00dc","url":"https:\/\/miumjau.ee\/","logo":{"@type":"ImageObject","inLanguage":"lt-LT","@id":"https:\/\/miumjau.ee\/#\/schema\/logo\/image\/","url":"https:\/\/miumjau.ee\/wp-content\/uploads\/2022\/04\/MiuMjau-logo-kollane.png","contentUrl":"https:\/\/miumjau.ee\/wp-content\/uploads\/2022\/04\/MiuMjau-logo-kollane.png","width":219,"height":100,"caption":"MiuMjau O\u00dc"},"image":{"@id":"https:\/\/miumjau.ee\/#\/schema\/logo\/image\/"},"sameAs":["https:\/\/www.facebook.com\/miumjaupood\/"]}]}},"_links":{"self":[{"href":"https:\/\/miumjau.ee\/lt\/wp-json\/wp\/v2\/product\/52222","targetHints":{"allow":["GET"]}}],"collection":[{"href":"https:\/\/miumjau.ee\/lt\/wp-json\/wp\/v2\/product"}],"about":[{"href":"https:\/\/miumjau.ee\/lt\/wp-json\/wp\/v2\/types\/product"}],"wp:featuredmedia":[{"embeddable":true,"href":"https:\/\/miumjau.ee\/lt\/wp-json\/wp\/v2\/media\/52221"}],"wp:attachment":[{"href":"https:\/\/miumjau.ee\/lt\/wp-json\/wp\/v2\/media?parent=52222"}],"wp:term":[{"taxonomy":"product_brand","embeddable":true,"href":"https:\/\/miumjau.ee\/lt\/wp-json\/wp\/v2\/product_brand?post=52222"},{"taxonomy":"product_cat","embeddable":true,"href":"https:\/\/miumjau.ee\/lt\/wp-json\/wp\/v2\/product_cat?post=52222"},{"taxonomy":"product_tag","embeddable":true,"href":"https:\/\/miumjau.ee\/lt\/wp-json\/wp\/v2\/product_tag?post=52222"}],"curies":[{"name":"wp","href":"https:\/\/api.w.org\/{rel}","templated":true}]}}