{"id":52216,"date":"2024-11-06T19:59:31","date_gmt":"2024-11-06T17:59:31","guid":{"rendered":"https:\/\/miumjau.ee\/toode\/platinum-meatcrisp-sterilised-adult-chicken-3kg\/"},"modified":"2024-11-06T19:59:31","modified_gmt":"2024-11-06T17:59:31","slug":"platinum-meatcrisp-sterilised-adult-chicken-3kg","status":"publish","type":"product","link":"https:\/\/miumjau.ee\/lt\/produktas\/platinum-meatcrisp-sterilised-adult-chicken-3kg\/","title":{"rendered":"Platinum MeatCrisp Sterilised Adult Chicken, 3kg"},"content":{"rendered":"","protected":false},"excerpt":{"rendered":"<p data-start=\"1189\" data-end=\"1273\"><strong data-start=\"1189\" data-end=\"1271\">MeatCrisp \u2013 pirmasis pilnavertis kat\u0117s maistas, pagamintas i\u0161 d\u017eiovintos m\u0117sos<\/strong><\/p>\n<p data-start=\"1275\" data-end=\"1663\">MeatCrisp i\u0161laiko \u0161vie\u017eios m\u0117sos nat\u016bralias mikroelement\u0173 ir aminor\u016bg\u0161\u010di\u0173 savybes, tod\u0117l tai geresn\u0117 alternatyva nat\u016braliam kat\u0117s grobiui nei dauguma \u012fprast\u0173 ka\u010di\u0173 maisto produkt\u0173. Kat\u0117s, maitinamos MeatCrisp, jau\u010diasi ramesn\u0117s ir laimingesn\u0117s. Tra\u0161kus gabal\u0117lis ir m\u0117singa skoni\u0173 kombinacija padaro MeatCrisp tok\u012f skan\u0173, kad kat\u0117 nenori nieko kito. MeatCrisp neturi viliojan\u010di\u0173 pried\u0173.<\/p>\n<p data-start=\"1665\" data-end=\"1692\"><strong data-start=\"1665\" data-end=\"1690\">MeatCrisp privalumai:<\/strong><\/p>\n<ul data-start=\"1693\" data-end=\"1892\">\n<li data-start=\"1693\" data-end=\"1732\">\n<p data-start=\"1695\" data-end=\"1732\">83% \u0161vie\u017eios m\u0117sos (be m\u0117sos milt\u0173)<\/p>\n<\/li>\n<li data-start=\"1733\" data-end=\"1766\">\n<p data-start=\"1735\" data-end=\"1766\">nat\u016bralios sudedamosios dalys<\/p>\n<\/li>\n<li data-start=\"1767\" data-end=\"1792\">\n<p data-start=\"1769\" data-end=\"1792\">be viliojan\u010di\u0173 pried\u0173<\/p>\n<\/li>\n<li data-start=\"1793\" data-end=\"1822\">\n<p data-start=\"1795\" data-end=\"1822\">be glitimo turin\u010di\u0173 gr\u016bd\u0173<\/p>\n<\/li>\n<li data-start=\"1823\" data-end=\"1860\">\n<p data-start=\"1825\" data-end=\"1860\">maistingas ir lengvai vir\u0161kinamas<\/p>\n<\/li>\n<li data-start=\"1861\" data-end=\"1892\">\n<p data-start=\"1863\" data-end=\"1892\">optimizuotas taurino kiekis<\/p>\n<\/li>\n<\/ul>\n<p data-start=\"1894\" data-end=\"2112\"><strong data-start=\"1894\" data-end=\"1906\">Sud\u0117tis:<\/strong> \u0160vie\u017eia vi\u0161tiena 83%, kukur\u016bz\u0173 miltai, \u0161vie\u017eia la\u0161i\u0161a, bulv\u0117s*, \u017eirniai* ir ry\u017eiai, alaus miel\u0117s*, augalin\u0117s skaidulos*, kiau\u0161inis*, druska, la\u0161i\u0161os aliejus, dyglio \u0161aknies milteliai* (FOS). (*d\u017eiovinti)<\/p>\n<p data-start=\"2114\" data-end=\"2220\"><strong data-start=\"2114\" data-end=\"2136\">Analitin\u0117 sud\u0117tis:<\/strong> Baltymai 36%, skaidulos 3%, riebalai 11%, kalcis 1,1%, pelenai 6,9%, fosforas 1%.<\/p>\n<p data-start=\"2222\" data-end=\"2262\"><strong data-start=\"2222\" data-end=\"2243\">Energetin\u0117 vert\u0117:<\/strong> 356 kcal \/ 100 g<\/p>\n","protected":false},"featured_media":52215,"template":"","meta":[],"product_brand":[],"product_cat":[528],"product_tag":[],"class_list":{"0":"post-52216","1":"product","2":"type-product","3":"status-publish","4":"has-post-thumbnail","6":"product_cat-sausas-maistas","8":"first","9":"instock","10":"taxable","11":"shipping-taxable","12":"purchasable","13":"product-type-simple"},"yoast_head":"<!-- This site is optimized with the Yoast SEO plugin v27.2 - https:\/\/yoast.com\/product\/yoast-seo-wordpress\/ -->\n<title>Platinum MeatCrisp Sterilised Adult Chicken, 3kg - MiuMjau<\/title>\n<meta name=\"robots\" content=\"index, follow, max-snippet:-1, max-image-preview:large, max-video-preview:-1\" \/>\n<link rel=\"canonical\" href=\"https:\/\/miumjau.ee\/lt\/produktas\/platinum-meatcrisp-sterilised-adult-chicken-3kg\/\" \/>\n<meta property=\"og:locale\" content=\"lt_LT\" \/>\n<meta property=\"og:type\" content=\"article\" \/>\n<meta property=\"og:title\" content=\"Platinum MeatCrisp Sterilised Adult Chicken, 3kg - MiuMjau\" \/>\n<meta property=\"og:description\" content=\"MeatCrisp \u2013 pirmasis pilnavertis kat\u0117s maistas, pagamintas i\u0161 d\u017eiovintos m\u0117sos MeatCrisp i\u0161laiko \u0161vie\u017eios m\u0117sos nat\u016bralias mikroelement\u0173 ir aminor\u016bg\u0161\u010di\u0173 savybes, tod\u0117l tai geresn\u0117 alternatyva nat\u016braliam kat\u0117s grobiui nei dauguma \u012fprast\u0173 ka\u010di\u0173 maisto produkt\u0173. Kat\u0117s, maitinamos MeatCrisp, jau\u010diasi ramesn\u0117s ir laimingesn\u0117s. Tra\u0161kus gabal\u0117lis ir m\u0117singa skoni\u0173 kombinacija padaro MeatCrisp tok\u012f skan\u0173, kad kat\u0117 nenori nieko kito. MeatCrisp neturi viliojan\u010di\u0173 pried\u0173. MeatCrisp privalumai:     83% \u0161vie\u017eios m\u0117sos (be m\u0117sos milt\u0173)    nat\u016bralios sudedamosios dalys    be viliojan\u010di\u0173 pried\u0173    be glitimo turin\u010di\u0173 gr\u016bd\u0173    maistingas ir lengvai vir\u0161kinamas    optimizuotas taurino kiekis   Sud\u0117tis: \u0160vie\u017eia vi\u0161tiena 83%, kukur\u016bz\u0173 miltai, \u0161vie\u017eia la\u0161i\u0161a, bulv\u0117s*, \u017eirniai* ir ry\u017eiai, alaus miel\u0117s*, augalin\u0117s skaidulos*, kiau\u0161inis*, druska, la\u0161i\u0161os aliejus, dyglio \u0161aknies milteliai* (FOS). (*d\u017eiovinti) Analitin\u0117 sud\u0117tis: Baltymai 36%, skaidulos 3%, riebalai 11%, kalcis 1,1%, pelenai 6,9%, fosforas 1%. Energetin\u0117 vert\u0117: 356 kcal \/ 100 g\" \/>\n<meta property=\"og:url\" content=\"https:\/\/miumjau.ee\/lt\/produktas\/platinum-meatcrisp-sterilised-adult-chicken-3kg\/\" \/>\n<meta property=\"og:site_name\" content=\"MiuMjau\" \/>\n<meta property=\"article:publisher\" content=\"https:\/\/www.facebook.com\/miumjaupood\/\" \/>\n<meta property=\"og:image\" content=\"https:\/\/miumjau.ee\/wp-content\/uploads\/2024\/11\/platinum-kuivtoit-pood8.jpg\" \/>\n\t<meta property=\"og:image:width\" content=\"600\" \/>\n\t<meta property=\"og:image:height\" content=\"800\" \/>\n\t<meta property=\"og:image:type\" content=\"image\/jpeg\" \/>\n<meta name=\"twitter:card\" content=\"summary_large_image\" \/>\n<script type=\"application\/ld+json\" class=\"yoast-schema-graph\">{\"@context\":\"https:\/\/schema.org\",\"@graph\":[{\"@type\":\"WebPage\",\"@id\":\"https:\/\/miumjau.ee\/lt\/produktas\/platinum-meatcrisp-sterilised-adult-chicken-3kg\/\",\"url\":\"https:\/\/miumjau.ee\/lt\/produktas\/platinum-meatcrisp-sterilised-adult-chicken-3kg\/\",\"name\":\"Platinum MeatCrisp Sterilised Adult Chicken, 3kg - MiuMjau\",\"isPartOf\":{\"@id\":\"https:\/\/miumjau.ee\/#website\"},\"primaryImageOfPage\":{\"@id\":\"https:\/\/miumjau.ee\/lt\/produktas\/platinum-meatcrisp-sterilised-adult-chicken-3kg\/#primaryimage\"},\"image\":{\"@id\":\"https:\/\/miumjau.ee\/lt\/produktas\/platinum-meatcrisp-sterilised-adult-chicken-3kg\/#primaryimage\"},\"thumbnailUrl\":\"https:\/\/miumjau.ee\/wp-content\/uploads\/2024\/11\/platinum-kuivtoit-pood8.jpg\",\"datePublished\":\"2024-11-06T17:59:31+00:00\",\"breadcrumb\":{\"@id\":\"https:\/\/miumjau.ee\/lt\/produktas\/platinum-meatcrisp-sterilised-adult-chicken-3kg\/#breadcrumb\"},\"inLanguage\":\"lt-LT\",\"potentialAction\":[{\"@type\":\"ReadAction\",\"target\":[\"https:\/\/miumjau.ee\/lt\/produktas\/platinum-meatcrisp-sterilised-adult-chicken-3kg\/\"]}]},{\"@type\":\"ImageObject\",\"inLanguage\":\"lt-LT\",\"@id\":\"https:\/\/miumjau.ee\/lt\/produktas\/platinum-meatcrisp-sterilised-adult-chicken-3kg\/#primaryimage\",\"url\":\"https:\/\/miumjau.ee\/wp-content\/uploads\/2024\/11\/platinum-kuivtoit-pood8.jpg\",\"contentUrl\":\"https:\/\/miumjau.ee\/wp-content\/uploads\/2024\/11\/platinum-kuivtoit-pood8.jpg\",\"width\":600,\"height\":800},{\"@type\":\"BreadcrumbList\",\"@id\":\"https:\/\/miumjau.ee\/lt\/produktas\/platinum-meatcrisp-sterilised-adult-chicken-3kg\/#breadcrumb\",\"itemListElement\":[{\"@type\":\"ListItem\",\"position\":1,\"name\":\"Home\",\"item\":\"https:\/\/miumjau.ee\/lt\/\"},{\"@type\":\"ListItem\",\"position\":2,\"name\":\"Parduotuv\u0117\",\"item\":\"https:\/\/miumjau.ee\/lt\/parduotuve\/\"},{\"@type\":\"ListItem\",\"position\":3,\"name\":\"Platinum MeatCrisp Sterilised Adult Chicken, 3kg\"}]},{\"@type\":\"WebSite\",\"@id\":\"https:\/\/miumjau.ee\/#website\",\"url\":\"https:\/\/miumjau.ee\/\",\"name\":\"MiuMjau\",\"description\":\"Kraapimispuud kassidele\",\"publisher\":{\"@id\":\"https:\/\/miumjau.ee\/#organization\"},\"potentialAction\":[{\"@type\":\"SearchAction\",\"target\":{\"@type\":\"EntryPoint\",\"urlTemplate\":\"https:\/\/miumjau.ee\/?s={search_term_string}\"},\"query-input\":{\"@type\":\"PropertyValueSpecification\",\"valueRequired\":true,\"valueName\":\"search_term_string\"}}],\"inLanguage\":\"lt-LT\"},{\"@type\":\"Organization\",\"@id\":\"https:\/\/miumjau.ee\/#organization\",\"name\":\"MiuMjau O\u00dc\",\"url\":\"https:\/\/miumjau.ee\/\",\"logo\":{\"@type\":\"ImageObject\",\"inLanguage\":\"lt-LT\",\"@id\":\"https:\/\/miumjau.ee\/#\/schema\/logo\/image\/\",\"url\":\"https:\/\/miumjau.ee\/wp-content\/uploads\/2022\/04\/MiuMjau-logo-kollane.png\",\"contentUrl\":\"https:\/\/miumjau.ee\/wp-content\/uploads\/2022\/04\/MiuMjau-logo-kollane.png\",\"width\":219,\"height\":100,\"caption\":\"MiuMjau O\u00dc\"},\"image\":{\"@id\":\"https:\/\/miumjau.ee\/#\/schema\/logo\/image\/\"},\"sameAs\":[\"https:\/\/www.facebook.com\/miumjaupood\/\"]}]}<\/script>\n<!-- \/ Yoast SEO plugin. -->","yoast_head_json":{"title":"Platinum MeatCrisp Sterilised Adult Chicken, 3kg - MiuMjau","robots":{"index":"index","follow":"follow","max-snippet":"max-snippet:-1","max-image-preview":"max-image-preview:large","max-video-preview":"max-video-preview:-1"},"canonical":"https:\/\/miumjau.ee\/lt\/produktas\/platinum-meatcrisp-sterilised-adult-chicken-3kg\/","og_locale":"lt_LT","og_type":"article","og_title":"Platinum MeatCrisp Sterilised Adult Chicken, 3kg - MiuMjau","og_description":"MeatCrisp \u2013 pirmasis pilnavertis kat\u0117s maistas, pagamintas i\u0161 d\u017eiovintos m\u0117sos MeatCrisp i\u0161laiko \u0161vie\u017eios m\u0117sos nat\u016bralias mikroelement\u0173 ir aminor\u016bg\u0161\u010di\u0173 savybes, tod\u0117l tai geresn\u0117 alternatyva nat\u016braliam kat\u0117s grobiui nei dauguma \u012fprast\u0173 ka\u010di\u0173 maisto produkt\u0173. Kat\u0117s, maitinamos MeatCrisp, jau\u010diasi ramesn\u0117s ir laimingesn\u0117s. Tra\u0161kus gabal\u0117lis ir m\u0117singa skoni\u0173 kombinacija padaro MeatCrisp tok\u012f skan\u0173, kad kat\u0117 nenori nieko kito. MeatCrisp neturi viliojan\u010di\u0173 pried\u0173. MeatCrisp privalumai:     83% \u0161vie\u017eios m\u0117sos (be m\u0117sos milt\u0173)    nat\u016bralios sudedamosios dalys    be viliojan\u010di\u0173 pried\u0173    be glitimo turin\u010di\u0173 gr\u016bd\u0173    maistingas ir lengvai vir\u0161kinamas    optimizuotas taurino kiekis   Sud\u0117tis: \u0160vie\u017eia vi\u0161tiena 83%, kukur\u016bz\u0173 miltai, \u0161vie\u017eia la\u0161i\u0161a, bulv\u0117s*, \u017eirniai* ir ry\u017eiai, alaus miel\u0117s*, augalin\u0117s skaidulos*, kiau\u0161inis*, druska, la\u0161i\u0161os aliejus, dyglio \u0161aknies milteliai* (FOS). (*d\u017eiovinti) Analitin\u0117 sud\u0117tis: Baltymai 36%, skaidulos 3%, riebalai 11%, kalcis 1,1%, pelenai 6,9%, fosforas 1%. Energetin\u0117 vert\u0117: 356 kcal \/ 100 g","og_url":"https:\/\/miumjau.ee\/lt\/produktas\/platinum-meatcrisp-sterilised-adult-chicken-3kg\/","og_site_name":"MiuMjau","article_publisher":"https:\/\/www.facebook.com\/miumjaupood\/","og_image":[{"width":600,"height":800,"url":"https:\/\/miumjau.ee\/wp-content\/uploads\/2024\/11\/platinum-kuivtoit-pood8.jpg","type":"image\/jpeg"}],"twitter_card":"summary_large_image","schema":{"@context":"https:\/\/schema.org","@graph":[{"@type":"WebPage","@id":"https:\/\/miumjau.ee\/lt\/produktas\/platinum-meatcrisp-sterilised-adult-chicken-3kg\/","url":"https:\/\/miumjau.ee\/lt\/produktas\/platinum-meatcrisp-sterilised-adult-chicken-3kg\/","name":"Platinum MeatCrisp Sterilised Adult Chicken, 3kg - MiuMjau","isPartOf":{"@id":"https:\/\/miumjau.ee\/#website"},"primaryImageOfPage":{"@id":"https:\/\/miumjau.ee\/lt\/produktas\/platinum-meatcrisp-sterilised-adult-chicken-3kg\/#primaryimage"},"image":{"@id":"https:\/\/miumjau.ee\/lt\/produktas\/platinum-meatcrisp-sterilised-adult-chicken-3kg\/#primaryimage"},"thumbnailUrl":"https:\/\/miumjau.ee\/wp-content\/uploads\/2024\/11\/platinum-kuivtoit-pood8.jpg","datePublished":"2024-11-06T17:59:31+00:00","breadcrumb":{"@id":"https:\/\/miumjau.ee\/lt\/produktas\/platinum-meatcrisp-sterilised-adult-chicken-3kg\/#breadcrumb"},"inLanguage":"lt-LT","potentialAction":[{"@type":"ReadAction","target":["https:\/\/miumjau.ee\/lt\/produktas\/platinum-meatcrisp-sterilised-adult-chicken-3kg\/"]}]},{"@type":"ImageObject","inLanguage":"lt-LT","@id":"https:\/\/miumjau.ee\/lt\/produktas\/platinum-meatcrisp-sterilised-adult-chicken-3kg\/#primaryimage","url":"https:\/\/miumjau.ee\/wp-content\/uploads\/2024\/11\/platinum-kuivtoit-pood8.jpg","contentUrl":"https:\/\/miumjau.ee\/wp-content\/uploads\/2024\/11\/platinum-kuivtoit-pood8.jpg","width":600,"height":800},{"@type":"BreadcrumbList","@id":"https:\/\/miumjau.ee\/lt\/produktas\/platinum-meatcrisp-sterilised-adult-chicken-3kg\/#breadcrumb","itemListElement":[{"@type":"ListItem","position":1,"name":"Home","item":"https:\/\/miumjau.ee\/lt\/"},{"@type":"ListItem","position":2,"name":"Parduotuv\u0117","item":"https:\/\/miumjau.ee\/lt\/parduotuve\/"},{"@type":"ListItem","position":3,"name":"Platinum MeatCrisp Sterilised Adult Chicken, 3kg"}]},{"@type":"WebSite","@id":"https:\/\/miumjau.ee\/#website","url":"https:\/\/miumjau.ee\/","name":"MiuMjau","description":"Kraapimispuud kassidele","publisher":{"@id":"https:\/\/miumjau.ee\/#organization"},"potentialAction":[{"@type":"SearchAction","target":{"@type":"EntryPoint","urlTemplate":"https:\/\/miumjau.ee\/?s={search_term_string}"},"query-input":{"@type":"PropertyValueSpecification","valueRequired":true,"valueName":"search_term_string"}}],"inLanguage":"lt-LT"},{"@type":"Organization","@id":"https:\/\/miumjau.ee\/#organization","name":"MiuMjau O\u00dc","url":"https:\/\/miumjau.ee\/","logo":{"@type":"ImageObject","inLanguage":"lt-LT","@id":"https:\/\/miumjau.ee\/#\/schema\/logo\/image\/","url":"https:\/\/miumjau.ee\/wp-content\/uploads\/2022\/04\/MiuMjau-logo-kollane.png","contentUrl":"https:\/\/miumjau.ee\/wp-content\/uploads\/2022\/04\/MiuMjau-logo-kollane.png","width":219,"height":100,"caption":"MiuMjau O\u00dc"},"image":{"@id":"https:\/\/miumjau.ee\/#\/schema\/logo\/image\/"},"sameAs":["https:\/\/www.facebook.com\/miumjaupood\/"]}]}},"_links":{"self":[{"href":"https:\/\/miumjau.ee\/lt\/wp-json\/wp\/v2\/product\/52216","targetHints":{"allow":["GET"]}}],"collection":[{"href":"https:\/\/miumjau.ee\/lt\/wp-json\/wp\/v2\/product"}],"about":[{"href":"https:\/\/miumjau.ee\/lt\/wp-json\/wp\/v2\/types\/product"}],"wp:featuredmedia":[{"embeddable":true,"href":"https:\/\/miumjau.ee\/lt\/wp-json\/wp\/v2\/media\/52215"}],"wp:attachment":[{"href":"https:\/\/miumjau.ee\/lt\/wp-json\/wp\/v2\/media?parent=52216"}],"wp:term":[{"taxonomy":"product_brand","embeddable":true,"href":"https:\/\/miumjau.ee\/lt\/wp-json\/wp\/v2\/product_brand?post=52216"},{"taxonomy":"product_cat","embeddable":true,"href":"https:\/\/miumjau.ee\/lt\/wp-json\/wp\/v2\/product_cat?post=52216"},{"taxonomy":"product_tag","embeddable":true,"href":"https:\/\/miumjau.ee\/lt\/wp-json\/wp\/v2\/product_tag?post=52216"}],"curies":[{"name":"wp","href":"https:\/\/api.w.org\/{rel}","templated":true}]}}