{"id":52209,"date":"2025-02-18T14:03:23","date_gmt":"2025-02-18T12:03:23","guid":{"rendered":"https:\/\/miumjau.ee\/toode\/brit-care-adult-activity-support-grainfree-2kg\/"},"modified":"2025-02-18T14:03:23","modified_gmt":"2025-02-18T12:03:23","slug":"brit-care-adult-activity-support-grainfree-2kg","status":"publish","type":"product","link":"https:\/\/miumjau.ee\/lt\/produktas\/brit-care-adult-activity-support-grainfree-2kg\/","title":{"rendered":"Brit Care Adult Activity Support, grainfree 2kg"},"content":{"rendered":"","protected":false},"excerpt":{"rendered":"<p data-start=\"1532\" data-end=\"1629\"><strong data-start=\"1532\" data-end=\"1627\">Brit Care Activity Support \u2013 hipoalerginis ir be gr\u016bd\u0173 maistas aktyviems suaugusiems kat\u0117ms<\/strong><\/p>\n<p data-start=\"1631\" data-end=\"1839\">Hipoalerginis ir be gr\u016bd\u0173 maistas aktyviems suaugusiems kat\u0117ms. Auk\u0161tos kokyb\u0117s baltymai padeda palaikyti stiprius ir lieknus raumenis, o optimalus vitamin\u0173 ir mineral\u0173 kiekis u\u017etikrina reikaling\u0105 energij\u0105.<\/p>\n<p data-start=\"1841\" data-end=\"2363\">\ud83d\udd39 <strong data-start=\"1844\" data-end=\"1873\">Sveiki s\u0105nariai ir dantys<\/strong> \u2013 gliukozaminas, chondroitinas ir kalcis palaiko kaulus ir s\u0105narius.<br data-start=\"1942\" data-end=\"1945\" \/>\ud83d\udd39 <strong data-start=\"1948\" data-end=\"1976\">\u0160irdies ir aki\u0173 sveikata<\/strong> \u2013 taurinas padeda i\u0161laikyti ger\u0105 reg\u0117jim\u0105 ir stiprina \u0161ird\u012f.<br data-start=\"2037\" data-end=\"2040\" \/>\ud83d\udd39 <strong data-start=\"2043\" data-end=\"2084\">Stipri imunin\u0117 sistema ir vir\u0161kinimas<\/strong> \u2013 probiotikai ir prebiotikai palaiko vir\u0161kinim\u0105 ir saugo nuo lig\u0173.<br data-start=\"2151\" data-end=\"2154\" \/>\ud83d\udd39 <strong data-start=\"2157\" data-end=\"2192\">Nat\u016bral\u016bs supermaisto produktai<\/strong> \u2013 vaisiai, uogos ir vaistiniai augalai prisideda prie ilgaam\u017ei\u0161kumo ir gerov\u0117s.<br data-start=\"2272\" data-end=\"2275\" \/>\ud83d\udd39 <strong data-start=\"2278\" data-end=\"2301\">Saugus ir nat\u016bralus<\/strong> \u2013 necontains gr\u016bd\u0173, dirbtini\u0173 da\u017eikli\u0173, konservant\u0173 ar GMO.<\/p>\n<p data-start=\"2365\" data-end=\"2619\"><strong data-start=\"2365\" data-end=\"2382\">Ingredientai:<\/strong> Dehidratuota kalakutiena (28%), \u0161vie\u017eia vi\u0161ta (26%), geltonieji \u017eirniai (16%), pauk\u0161\u010di\u0173 riebalai (13%), avin\u017eirniai, la\u0161i\u0161os aliejus, pauk\u0161\u010di\u0173 kepenys, lin\u0173 s\u0117menys, spanguol\u0117s, \u0161altalankiai, gliukozaminas, chondroitinas, probiotikai.<\/p>\n<p data-start=\"2621\" data-end=\"2733\"><strong data-start=\"2621\" data-end=\"2633\">Analiz\u0117:<\/strong> Baltymai 34%, riebalai 18%, skaidulos 1%, kalcis 1,2%, fosforas 0,9%, Omega-3 0,3%, Omega-6 2,0%.<\/p>\n<p data-start=\"2735\" data-end=\"2905\"><strong data-start=\"2735\" data-end=\"2759\">Laikymas ir \u0161\u0117rimas:<\/strong> Patiekite sauso arba \u0161iek tiek su vandeniu sumai\u0161yto. Pritaikykite porcij\u0105 pagal kat\u0117s aktyvum\u0105. Visada u\u017etikrinkite \u0161vie\u017ei\u0105 geriam\u0105j\u012f vanden\u012f.<\/p>\n<p data-start=\"2907\" data-end=\"2970\">\ud83c\udfc6 <strong data-start=\"2910\" data-end=\"2968\">Stipri ir energinga kat\u0117 \u2013 Brit Care Activity Support!<\/strong><\/p>\n","protected":false},"featured_media":49676,"template":"","meta":[],"product_brand":[],"product_cat":[528],"product_tag":[],"class_list":{"0":"post-52209","1":"product","2":"type-product","3":"status-publish","4":"has-post-thumbnail","6":"product_cat-sausas-maistas","8":"first","9":"instock","10":"taxable","11":"shipping-taxable","12":"purchasable","13":"product-type-simple"},"yoast_head":"<!-- This site is optimized with the Yoast SEO plugin v27.2 - https:\/\/yoast.com\/product\/yoast-seo-wordpress\/ -->\n<title>Brit Care Adult Activity Support, grainfree 2kg - MiuMjau<\/title>\n<meta name=\"robots\" content=\"index, follow, max-snippet:-1, max-image-preview:large, max-video-preview:-1\" \/>\n<link rel=\"canonical\" href=\"https:\/\/miumjau.ee\/lt\/produktas\/brit-care-adult-activity-support-grainfree-2kg\/\" \/>\n<meta property=\"og:locale\" content=\"lt_LT\" \/>\n<meta property=\"og:type\" content=\"article\" \/>\n<meta property=\"og:title\" content=\"Brit Care Adult Activity Support, grainfree 2kg - MiuMjau\" \/>\n<meta property=\"og:description\" content=\"Brit Care Activity Support \u2013 hipoalerginis ir be gr\u016bd\u0173 maistas aktyviems suaugusiems kat\u0117ms Hipoalerginis ir be gr\u016bd\u0173 maistas aktyviems suaugusiems kat\u0117ms. Auk\u0161tos kokyb\u0117s baltymai padeda palaikyti stiprius ir lieknus raumenis, o optimalus vitamin\u0173 ir mineral\u0173 kiekis u\u017etikrina reikaling\u0105 energij\u0105. \ud83d\udd39 Sveiki s\u0105nariai ir dantys \u2013 gliukozaminas, chondroitinas ir kalcis palaiko kaulus ir s\u0105narius.\ud83d\udd39 \u0160irdies ir aki\u0173 sveikata \u2013 taurinas padeda i\u0161laikyti ger\u0105 reg\u0117jim\u0105 ir stiprina \u0161ird\u012f.\ud83d\udd39 Stipri imunin\u0117 sistema ir vir\u0161kinimas \u2013 probiotikai ir prebiotikai palaiko vir\u0161kinim\u0105 ir saugo nuo lig\u0173.\ud83d\udd39 Nat\u016bral\u016bs supermaisto produktai \u2013 vaisiai, uogos ir vaistiniai augalai prisideda prie ilgaam\u017ei\u0161kumo ir gerov\u0117s.\ud83d\udd39 Saugus ir nat\u016bralus \u2013 necontains gr\u016bd\u0173, dirbtini\u0173 da\u017eikli\u0173, konservant\u0173 ar GMO. Ingredientai: Dehidratuota kalakutiena (28%), \u0161vie\u017eia vi\u0161ta (26%), geltonieji \u017eirniai (16%), pauk\u0161\u010di\u0173 riebalai (13%), avin\u017eirniai, la\u0161i\u0161os aliejus, pauk\u0161\u010di\u0173 kepenys, lin\u0173 s\u0117menys, spanguol\u0117s, \u0161altalankiai, gliukozaminas, chondroitinas, probiotikai. Analiz\u0117: Baltymai 34%, riebalai 18%, skaidulos 1%, kalcis 1,2%, fosforas 0,9%, Omega-3 0,3%, Omega-6 2,0%. Laikymas ir \u0161\u0117rimas: Patiekite sauso arba \u0161iek tiek su vandeniu sumai\u0161yto. Pritaikykite porcij\u0105 pagal kat\u0117s aktyvum\u0105. Visada u\u017etikrinkite \u0161vie\u017ei\u0105 geriam\u0105j\u012f vanden\u012f. \ud83c\udfc6 Stipri ir energinga kat\u0117 \u2013 Brit Care Activity Support!\" \/>\n<meta property=\"og:url\" content=\"https:\/\/miumjau.ee\/lt\/produktas\/brit-care-adult-activity-support-grainfree-2kg\/\" \/>\n<meta property=\"og:site_name\" content=\"MiuMjau\" \/>\n<meta property=\"article:publisher\" content=\"https:\/\/www.facebook.com\/miumjaupood\/\" \/>\n<meta property=\"og:image\" content=\"https:\/\/miumjau.ee\/wp-content\/uploads\/2025\/02\/brit-care-kuivtoit-kassile-activity-support.jpg\" \/>\n\t<meta property=\"og:image:width\" content=\"600\" \/>\n\t<meta property=\"og:image:height\" content=\"800\" \/>\n\t<meta property=\"og:image:type\" content=\"image\/jpeg\" \/>\n<meta name=\"twitter:card\" content=\"summary_large_image\" \/>\n<script type=\"application\/ld+json\" class=\"yoast-schema-graph\">{\"@context\":\"https:\/\/schema.org\",\"@graph\":[{\"@type\":\"WebPage\",\"@id\":\"https:\/\/miumjau.ee\/lt\/produktas\/brit-care-adult-activity-support-grainfree-2kg\/\",\"url\":\"https:\/\/miumjau.ee\/lt\/produktas\/brit-care-adult-activity-support-grainfree-2kg\/\",\"name\":\"Brit Care Adult Activity Support, grainfree 2kg - MiuMjau\",\"isPartOf\":{\"@id\":\"https:\/\/miumjau.ee\/#website\"},\"primaryImageOfPage\":{\"@id\":\"https:\/\/miumjau.ee\/lt\/produktas\/brit-care-adult-activity-support-grainfree-2kg\/#primaryimage\"},\"image\":{\"@id\":\"https:\/\/miumjau.ee\/lt\/produktas\/brit-care-adult-activity-support-grainfree-2kg\/#primaryimage\"},\"thumbnailUrl\":\"https:\/\/miumjau.ee\/wp-content\/uploads\/2025\/02\/brit-care-kuivtoit-kassile-activity-support.jpg\",\"datePublished\":\"2025-02-18T12:03:23+00:00\",\"breadcrumb\":{\"@id\":\"https:\/\/miumjau.ee\/lt\/produktas\/brit-care-adult-activity-support-grainfree-2kg\/#breadcrumb\"},\"inLanguage\":\"lt-LT\",\"potentialAction\":[{\"@type\":\"ReadAction\",\"target\":[\"https:\/\/miumjau.ee\/lt\/produktas\/brit-care-adult-activity-support-grainfree-2kg\/\"]}]},{\"@type\":\"ImageObject\",\"inLanguage\":\"lt-LT\",\"@id\":\"https:\/\/miumjau.ee\/lt\/produktas\/brit-care-adult-activity-support-grainfree-2kg\/#primaryimage\",\"url\":\"https:\/\/miumjau.ee\/wp-content\/uploads\/2025\/02\/brit-care-kuivtoit-kassile-activity-support.jpg\",\"contentUrl\":\"https:\/\/miumjau.ee\/wp-content\/uploads\/2025\/02\/brit-care-kuivtoit-kassile-activity-support.jpg\",\"width\":600,\"height\":800},{\"@type\":\"BreadcrumbList\",\"@id\":\"https:\/\/miumjau.ee\/lt\/produktas\/brit-care-adult-activity-support-grainfree-2kg\/#breadcrumb\",\"itemListElement\":[{\"@type\":\"ListItem\",\"position\":1,\"name\":\"Home\",\"item\":\"https:\/\/miumjau.ee\/lt\/\"},{\"@type\":\"ListItem\",\"position\":2,\"name\":\"Parduotuv\u0117\",\"item\":\"https:\/\/miumjau.ee\/lt\/parduotuve\/\"},{\"@type\":\"ListItem\",\"position\":3,\"name\":\"Brit Care Adult Activity Support, grainfree 2kg\"}]},{\"@type\":\"WebSite\",\"@id\":\"https:\/\/miumjau.ee\/#website\",\"url\":\"https:\/\/miumjau.ee\/\",\"name\":\"MiuMjau\",\"description\":\"Kraapimispuud kassidele\",\"publisher\":{\"@id\":\"https:\/\/miumjau.ee\/#organization\"},\"potentialAction\":[{\"@type\":\"SearchAction\",\"target\":{\"@type\":\"EntryPoint\",\"urlTemplate\":\"https:\/\/miumjau.ee\/?s={search_term_string}\"},\"query-input\":{\"@type\":\"PropertyValueSpecification\",\"valueRequired\":true,\"valueName\":\"search_term_string\"}}],\"inLanguage\":\"lt-LT\"},{\"@type\":\"Organization\",\"@id\":\"https:\/\/miumjau.ee\/#organization\",\"name\":\"MiuMjau O\u00dc\",\"url\":\"https:\/\/miumjau.ee\/\",\"logo\":{\"@type\":\"ImageObject\",\"inLanguage\":\"lt-LT\",\"@id\":\"https:\/\/miumjau.ee\/#\/schema\/logo\/image\/\",\"url\":\"https:\/\/miumjau.ee\/wp-content\/uploads\/2022\/04\/MiuMjau-logo-kollane.png\",\"contentUrl\":\"https:\/\/miumjau.ee\/wp-content\/uploads\/2022\/04\/MiuMjau-logo-kollane.png\",\"width\":219,\"height\":100,\"caption\":\"MiuMjau O\u00dc\"},\"image\":{\"@id\":\"https:\/\/miumjau.ee\/#\/schema\/logo\/image\/\"},\"sameAs\":[\"https:\/\/www.facebook.com\/miumjaupood\/\"]}]}<\/script>\n<!-- \/ Yoast SEO plugin. -->","yoast_head_json":{"title":"Brit Care Adult Activity Support, grainfree 2kg - MiuMjau","robots":{"index":"index","follow":"follow","max-snippet":"max-snippet:-1","max-image-preview":"max-image-preview:large","max-video-preview":"max-video-preview:-1"},"canonical":"https:\/\/miumjau.ee\/lt\/produktas\/brit-care-adult-activity-support-grainfree-2kg\/","og_locale":"lt_LT","og_type":"article","og_title":"Brit Care Adult Activity Support, grainfree 2kg - MiuMjau","og_description":"Brit Care Activity Support \u2013 hipoalerginis ir be gr\u016bd\u0173 maistas aktyviems suaugusiems kat\u0117ms Hipoalerginis ir be gr\u016bd\u0173 maistas aktyviems suaugusiems kat\u0117ms. Auk\u0161tos kokyb\u0117s baltymai padeda palaikyti stiprius ir lieknus raumenis, o optimalus vitamin\u0173 ir mineral\u0173 kiekis u\u017etikrina reikaling\u0105 energij\u0105. \ud83d\udd39 Sveiki s\u0105nariai ir dantys \u2013 gliukozaminas, chondroitinas ir kalcis palaiko kaulus ir s\u0105narius.\ud83d\udd39 \u0160irdies ir aki\u0173 sveikata \u2013 taurinas padeda i\u0161laikyti ger\u0105 reg\u0117jim\u0105 ir stiprina \u0161ird\u012f.\ud83d\udd39 Stipri imunin\u0117 sistema ir vir\u0161kinimas \u2013 probiotikai ir prebiotikai palaiko vir\u0161kinim\u0105 ir saugo nuo lig\u0173.\ud83d\udd39 Nat\u016bral\u016bs supermaisto produktai \u2013 vaisiai, uogos ir vaistiniai augalai prisideda prie ilgaam\u017ei\u0161kumo ir gerov\u0117s.\ud83d\udd39 Saugus ir nat\u016bralus \u2013 necontains gr\u016bd\u0173, dirbtini\u0173 da\u017eikli\u0173, konservant\u0173 ar GMO. Ingredientai: Dehidratuota kalakutiena (28%), \u0161vie\u017eia vi\u0161ta (26%), geltonieji \u017eirniai (16%), pauk\u0161\u010di\u0173 riebalai (13%), avin\u017eirniai, la\u0161i\u0161os aliejus, pauk\u0161\u010di\u0173 kepenys, lin\u0173 s\u0117menys, spanguol\u0117s, \u0161altalankiai, gliukozaminas, chondroitinas, probiotikai. Analiz\u0117: Baltymai 34%, riebalai 18%, skaidulos 1%, kalcis 1,2%, fosforas 0,9%, Omega-3 0,3%, Omega-6 2,0%. Laikymas ir \u0161\u0117rimas: Patiekite sauso arba \u0161iek tiek su vandeniu sumai\u0161yto. Pritaikykite porcij\u0105 pagal kat\u0117s aktyvum\u0105. Visada u\u017etikrinkite \u0161vie\u017ei\u0105 geriam\u0105j\u012f vanden\u012f. \ud83c\udfc6 Stipri ir energinga kat\u0117 \u2013 Brit Care Activity Support!","og_url":"https:\/\/miumjau.ee\/lt\/produktas\/brit-care-adult-activity-support-grainfree-2kg\/","og_site_name":"MiuMjau","article_publisher":"https:\/\/www.facebook.com\/miumjaupood\/","og_image":[{"width":600,"height":800,"url":"https:\/\/miumjau.ee\/wp-content\/uploads\/2025\/02\/brit-care-kuivtoit-kassile-activity-support.jpg","type":"image\/jpeg"}],"twitter_card":"summary_large_image","schema":{"@context":"https:\/\/schema.org","@graph":[{"@type":"WebPage","@id":"https:\/\/miumjau.ee\/lt\/produktas\/brit-care-adult-activity-support-grainfree-2kg\/","url":"https:\/\/miumjau.ee\/lt\/produktas\/brit-care-adult-activity-support-grainfree-2kg\/","name":"Brit Care Adult Activity Support, grainfree 2kg - MiuMjau","isPartOf":{"@id":"https:\/\/miumjau.ee\/#website"},"primaryImageOfPage":{"@id":"https:\/\/miumjau.ee\/lt\/produktas\/brit-care-adult-activity-support-grainfree-2kg\/#primaryimage"},"image":{"@id":"https:\/\/miumjau.ee\/lt\/produktas\/brit-care-adult-activity-support-grainfree-2kg\/#primaryimage"},"thumbnailUrl":"https:\/\/miumjau.ee\/wp-content\/uploads\/2025\/02\/brit-care-kuivtoit-kassile-activity-support.jpg","datePublished":"2025-02-18T12:03:23+00:00","breadcrumb":{"@id":"https:\/\/miumjau.ee\/lt\/produktas\/brit-care-adult-activity-support-grainfree-2kg\/#breadcrumb"},"inLanguage":"lt-LT","potentialAction":[{"@type":"ReadAction","target":["https:\/\/miumjau.ee\/lt\/produktas\/brit-care-adult-activity-support-grainfree-2kg\/"]}]},{"@type":"ImageObject","inLanguage":"lt-LT","@id":"https:\/\/miumjau.ee\/lt\/produktas\/brit-care-adult-activity-support-grainfree-2kg\/#primaryimage","url":"https:\/\/miumjau.ee\/wp-content\/uploads\/2025\/02\/brit-care-kuivtoit-kassile-activity-support.jpg","contentUrl":"https:\/\/miumjau.ee\/wp-content\/uploads\/2025\/02\/brit-care-kuivtoit-kassile-activity-support.jpg","width":600,"height":800},{"@type":"BreadcrumbList","@id":"https:\/\/miumjau.ee\/lt\/produktas\/brit-care-adult-activity-support-grainfree-2kg\/#breadcrumb","itemListElement":[{"@type":"ListItem","position":1,"name":"Home","item":"https:\/\/miumjau.ee\/lt\/"},{"@type":"ListItem","position":2,"name":"Parduotuv\u0117","item":"https:\/\/miumjau.ee\/lt\/parduotuve\/"},{"@type":"ListItem","position":3,"name":"Brit Care Adult Activity Support, grainfree 2kg"}]},{"@type":"WebSite","@id":"https:\/\/miumjau.ee\/#website","url":"https:\/\/miumjau.ee\/","name":"MiuMjau","description":"Kraapimispuud kassidele","publisher":{"@id":"https:\/\/miumjau.ee\/#organization"},"potentialAction":[{"@type":"SearchAction","target":{"@type":"EntryPoint","urlTemplate":"https:\/\/miumjau.ee\/?s={search_term_string}"},"query-input":{"@type":"PropertyValueSpecification","valueRequired":true,"valueName":"search_term_string"}}],"inLanguage":"lt-LT"},{"@type":"Organization","@id":"https:\/\/miumjau.ee\/#organization","name":"MiuMjau O\u00dc","url":"https:\/\/miumjau.ee\/","logo":{"@type":"ImageObject","inLanguage":"lt-LT","@id":"https:\/\/miumjau.ee\/#\/schema\/logo\/image\/","url":"https:\/\/miumjau.ee\/wp-content\/uploads\/2022\/04\/MiuMjau-logo-kollane.png","contentUrl":"https:\/\/miumjau.ee\/wp-content\/uploads\/2022\/04\/MiuMjau-logo-kollane.png","width":219,"height":100,"caption":"MiuMjau O\u00dc"},"image":{"@id":"https:\/\/miumjau.ee\/#\/schema\/logo\/image\/"},"sameAs":["https:\/\/www.facebook.com\/miumjaupood\/"]}]}},"_links":{"self":[{"href":"https:\/\/miumjau.ee\/lt\/wp-json\/wp\/v2\/product\/52209","targetHints":{"allow":["GET"]}}],"collection":[{"href":"https:\/\/miumjau.ee\/lt\/wp-json\/wp\/v2\/product"}],"about":[{"href":"https:\/\/miumjau.ee\/lt\/wp-json\/wp\/v2\/types\/product"}],"wp:featuredmedia":[{"embeddable":true,"href":"https:\/\/miumjau.ee\/lt\/wp-json\/wp\/v2\/media\/49676"}],"wp:attachment":[{"href":"https:\/\/miumjau.ee\/lt\/wp-json\/wp\/v2\/media?parent=52209"}],"wp:term":[{"taxonomy":"product_brand","embeddable":true,"href":"https:\/\/miumjau.ee\/lt\/wp-json\/wp\/v2\/product_brand?post=52209"},{"taxonomy":"product_cat","embeddable":true,"href":"https:\/\/miumjau.ee\/lt\/wp-json\/wp\/v2\/product_cat?post=52209"},{"taxonomy":"product_tag","embeddable":true,"href":"https:\/\/miumjau.ee\/lt\/wp-json\/wp\/v2\/product_tag?post=52209"}],"curies":[{"name":"wp","href":"https:\/\/api.w.org\/{rel}","templated":true}]}}