{"id":52206,"date":"2025-02-18T14:11:58","date_gmt":"2025-02-18T12:11:58","guid":{"rendered":"https:\/\/miumjau.ee\/toode\/brit-care-sensitive-turkey-salmon-grainfree-2kg\/"},"modified":"2025-02-18T14:11:58","modified_gmt":"2025-02-18T12:11:58","slug":"brit-care-sensitive-turkey-salmon-grainfree-2kg","status":"publish","type":"product","link":"https:\/\/miumjau.ee\/lt\/produktas\/brit-care-sensitive-turkey-salmon-grainfree-2kg\/","title":{"rendered":"Brit Care Sensitive Turkey &#038; Salmon, grainfree 2kg"},"content":{"rendered":"","protected":false},"excerpt":{"rendered":"<p data-start=\"1447\" data-end=\"1529\"><strong data-start=\"1447\" data-end=\"1527\">Brit Care Sensitive \u2013 hipoalerginis ir be gr\u016bd\u0173 maistas jautriam vir\u0161kinimui<\/strong><\/p>\n<p data-start=\"1531\" data-end=\"1720\">Hipoalerginis ir be gr\u016bd\u0173 maistas kat\u0117ms su jautriu vir\u0161kinimu. Lengvai vir\u0161kinamas receptas u\u017etikrina maksimali\u0105 maistini\u0173 med\u017eiag\u0173 \u012fsisavinim\u0105 ir palaiko vir\u0161kinim\u0105 bei bendr\u0105 sveikat\u0105.<\/p>\n<p data-start=\"1722\" data-end=\"2211\">\ud83d\udd39 <strong data-start=\"1725\" data-end=\"1747\">Skanu ir maistinga<\/strong> \u2013 \u0161vie\u017eia kalakutiena ir la\u0161i\u0161a patenkins net i\u0161rankiausio kat\u0117s apetit\u0105.<br data-start=\"1821\" data-end=\"1824\" \/>\ud83d\udd39 <strong data-start=\"1827\" data-end=\"1850\">Sveikas vir\u0161kinimas<\/strong> \u2013 probiotikai ir antioksidantai palaiko \u017earnyno mikroflor\u0105 ir imunitet\u0105.<br data-start=\"1923\" data-end=\"1926\" \/>\ud83d\udd39 <strong data-start=\"1929\" data-end=\"1963\">Inkst\u0173 ir \u0161lapimo tak\u0173 apsauga<\/strong> \u2013 \u0161altalankiai ir ma\u017eas magnio kiekis padeda palaikyti optimal\u0173 \u0161lapimo pH.<br data-start=\"2039\" data-end=\"2042\" \/>\ud83d\udd39 <strong data-start=\"2045\" data-end=\"2070\">Ma\u017eina nemalon\u0173 kvap\u0105<\/strong> \u2013 jukos ekstraktas padeda suma\u017einti i\u0161mat\u0173 kvap\u0105.<br data-start=\"2120\" data-end=\"2123\" \/>\ud83d\udd39 <strong data-start=\"2126\" data-end=\"2149\">Saugus ir nat\u016bralus<\/strong> \u2013 necontains gr\u016bd\u0173, dirbtini\u0173 da\u017eikli\u0173, konservant\u0173 ar GMO.<\/p>\n<p data-start=\"2213\" data-end=\"2438\"><strong data-start=\"2213\" data-end=\"2230\">Ingredientai:<\/strong> \u0160vie\u017eia kalakutiena (26%), dehidratuota la\u0161i\u0161a (26%), geltonieji \u017eirniai (16%), avin\u017eirniai (11%), pauk\u0161\u010di\u0173 riebalai, sigurijos \u0161aknis, la\u0161i\u0161os aliejus, alaus miel\u0117s, \u0161altalankiai, spanguol\u0117s, probiotikai.<\/p>\n<p data-start=\"2440\" data-end=\"2554\"><strong data-start=\"2440\" data-end=\"2452\">Analiz\u0117:<\/strong> Baltymai 32%, riebalai 16%, skaidulos 1,5%, kalcis 1,2%, fosforas 0,9%, Omega-3 0,5%, Omega-6 2,0%.<\/p>\n<p data-start=\"2556\" data-end=\"2717\"><strong data-start=\"2556\" data-end=\"2580\">Laikymas ir \u0161\u0117rimas:<\/strong> Patiekite sauso arba su vandeniu sumai\u0161yto. Pritaikykite porcij\u0105 pagal kat\u0117s poreikius. Visada u\u017etikrinkite \u0161vie\u017ei\u0105 geriam\u0105j\u012f vanden\u012f.<\/p>\n<p data-start=\"2719\" data-end=\"2793\">\ud83d\udc3e <strong data-start=\"2722\" data-end=\"2791\">Jautriam vir\u0161kinimui ir rafinuotam skoniui \u2013 Brit Care Sensitive!<\/strong><\/p>\n","protected":false},"featured_media":49670,"template":"","meta":[],"product_brand":[],"product_cat":[528],"product_tag":[],"class_list":{"0":"post-52206","1":"product","2":"type-product","3":"status-publish","4":"has-post-thumbnail","6":"product_cat-sausas-maistas","8":"first","9":"instock","10":"taxable","11":"shipping-taxable","12":"purchasable","13":"product-type-simple"},"yoast_head":"<!-- This site is optimized with the Yoast SEO plugin v27.2 - https:\/\/yoast.com\/product\/yoast-seo-wordpress\/ -->\n<title>Brit Care Sensitive Turkey &amp; Salmon, grainfree 2kg - MiuMjau<\/title>\n<meta name=\"robots\" content=\"index, follow, max-snippet:-1, max-image-preview:large, max-video-preview:-1\" \/>\n<link rel=\"canonical\" href=\"https:\/\/miumjau.ee\/lt\/produktas\/brit-care-sensitive-turkey-salmon-grainfree-2kg\/\" \/>\n<meta property=\"og:locale\" content=\"lt_LT\" \/>\n<meta property=\"og:type\" content=\"article\" \/>\n<meta property=\"og:title\" content=\"Brit Care Sensitive Turkey &amp; Salmon, grainfree 2kg - MiuMjau\" \/>\n<meta property=\"og:description\" content=\"Brit Care Sensitive \u2013 hipoalerginis ir be gr\u016bd\u0173 maistas jautriam vir\u0161kinimui Hipoalerginis ir be gr\u016bd\u0173 maistas kat\u0117ms su jautriu vir\u0161kinimu. Lengvai vir\u0161kinamas receptas u\u017etikrina maksimali\u0105 maistini\u0173 med\u017eiag\u0173 \u012fsisavinim\u0105 ir palaiko vir\u0161kinim\u0105 bei bendr\u0105 sveikat\u0105. \ud83d\udd39 Skanu ir maistinga \u2013 \u0161vie\u017eia kalakutiena ir la\u0161i\u0161a patenkins net i\u0161rankiausio kat\u0117s apetit\u0105.\ud83d\udd39 Sveikas vir\u0161kinimas \u2013 probiotikai ir antioksidantai palaiko \u017earnyno mikroflor\u0105 ir imunitet\u0105.\ud83d\udd39 Inkst\u0173 ir \u0161lapimo tak\u0173 apsauga \u2013 \u0161altalankiai ir ma\u017eas magnio kiekis padeda palaikyti optimal\u0173 \u0161lapimo pH.\ud83d\udd39 Ma\u017eina nemalon\u0173 kvap\u0105 \u2013 jukos ekstraktas padeda suma\u017einti i\u0161mat\u0173 kvap\u0105.\ud83d\udd39 Saugus ir nat\u016bralus \u2013 necontains gr\u016bd\u0173, dirbtini\u0173 da\u017eikli\u0173, konservant\u0173 ar GMO. Ingredientai: \u0160vie\u017eia kalakutiena (26%), dehidratuota la\u0161i\u0161a (26%), geltonieji \u017eirniai (16%), avin\u017eirniai (11%), pauk\u0161\u010di\u0173 riebalai, sigurijos \u0161aknis, la\u0161i\u0161os aliejus, alaus miel\u0117s, \u0161altalankiai, spanguol\u0117s, probiotikai. Analiz\u0117: Baltymai 32%, riebalai 16%, skaidulos 1,5%, kalcis 1,2%, fosforas 0,9%, Omega-3 0,5%, Omega-6 2,0%. Laikymas ir \u0161\u0117rimas: Patiekite sauso arba su vandeniu sumai\u0161yto. Pritaikykite porcij\u0105 pagal kat\u0117s poreikius. Visada u\u017etikrinkite \u0161vie\u017ei\u0105 geriam\u0105j\u012f vanden\u012f. \ud83d\udc3e Jautriam vir\u0161kinimui ir rafinuotam skoniui \u2013 Brit Care Sensitive!\" \/>\n<meta property=\"og:url\" content=\"https:\/\/miumjau.ee\/lt\/produktas\/brit-care-sensitive-turkey-salmon-grainfree-2kg\/\" \/>\n<meta property=\"og:site_name\" content=\"MiuMjau\" \/>\n<meta property=\"article:publisher\" content=\"https:\/\/www.facebook.com\/miumjaupood\/\" \/>\n<meta property=\"og:image\" content=\"https:\/\/miumjau.ee\/wp-content\/uploads\/2025\/02\/brit-care-kuivtoit-kassile-sensitive-healthy-digestion.jpg\" \/>\n\t<meta property=\"og:image:width\" content=\"600\" \/>\n\t<meta property=\"og:image:height\" content=\"800\" \/>\n\t<meta property=\"og:image:type\" content=\"image\/jpeg\" \/>\n<meta name=\"twitter:card\" content=\"summary_large_image\" \/>\n<script type=\"application\/ld+json\" class=\"yoast-schema-graph\">{\"@context\":\"https:\/\/schema.org\",\"@graph\":[{\"@type\":\"WebPage\",\"@id\":\"https:\/\/miumjau.ee\/lt\/produktas\/brit-care-sensitive-turkey-salmon-grainfree-2kg\/\",\"url\":\"https:\/\/miumjau.ee\/lt\/produktas\/brit-care-sensitive-turkey-salmon-grainfree-2kg\/\",\"name\":\"Brit Care Sensitive Turkey & Salmon, grainfree 2kg - MiuMjau\",\"isPartOf\":{\"@id\":\"https:\/\/miumjau.ee\/#website\"},\"primaryImageOfPage\":{\"@id\":\"https:\/\/miumjau.ee\/lt\/produktas\/brit-care-sensitive-turkey-salmon-grainfree-2kg\/#primaryimage\"},\"image\":{\"@id\":\"https:\/\/miumjau.ee\/lt\/produktas\/brit-care-sensitive-turkey-salmon-grainfree-2kg\/#primaryimage\"},\"thumbnailUrl\":\"https:\/\/miumjau.ee\/wp-content\/uploads\/2025\/02\/brit-care-kuivtoit-kassile-sensitive-healthy-digestion.jpg\",\"datePublished\":\"2025-02-18T12:11:58+00:00\",\"breadcrumb\":{\"@id\":\"https:\/\/miumjau.ee\/lt\/produktas\/brit-care-sensitive-turkey-salmon-grainfree-2kg\/#breadcrumb\"},\"inLanguage\":\"lt-LT\",\"potentialAction\":[{\"@type\":\"ReadAction\",\"target\":[\"https:\/\/miumjau.ee\/lt\/produktas\/brit-care-sensitive-turkey-salmon-grainfree-2kg\/\"]}]},{\"@type\":\"ImageObject\",\"inLanguage\":\"lt-LT\",\"@id\":\"https:\/\/miumjau.ee\/lt\/produktas\/brit-care-sensitive-turkey-salmon-grainfree-2kg\/#primaryimage\",\"url\":\"https:\/\/miumjau.ee\/wp-content\/uploads\/2025\/02\/brit-care-kuivtoit-kassile-sensitive-healthy-digestion.jpg\",\"contentUrl\":\"https:\/\/miumjau.ee\/wp-content\/uploads\/2025\/02\/brit-care-kuivtoit-kassile-sensitive-healthy-digestion.jpg\",\"width\":600,\"height\":800},{\"@type\":\"BreadcrumbList\",\"@id\":\"https:\/\/miumjau.ee\/lt\/produktas\/brit-care-sensitive-turkey-salmon-grainfree-2kg\/#breadcrumb\",\"itemListElement\":[{\"@type\":\"ListItem\",\"position\":1,\"name\":\"Home\",\"item\":\"https:\/\/miumjau.ee\/lt\/\"},{\"@type\":\"ListItem\",\"position\":2,\"name\":\"Parduotuv\u0117\",\"item\":\"https:\/\/miumjau.ee\/lt\/parduotuve\/\"},{\"@type\":\"ListItem\",\"position\":3,\"name\":\"Brit Care Sensitive Turkey &#038; Salmon, grainfree 2kg\"}]},{\"@type\":\"WebSite\",\"@id\":\"https:\/\/miumjau.ee\/#website\",\"url\":\"https:\/\/miumjau.ee\/\",\"name\":\"MiuMjau\",\"description\":\"Kraapimispuud kassidele\",\"publisher\":{\"@id\":\"https:\/\/miumjau.ee\/#organization\"},\"potentialAction\":[{\"@type\":\"SearchAction\",\"target\":{\"@type\":\"EntryPoint\",\"urlTemplate\":\"https:\/\/miumjau.ee\/?s={search_term_string}\"},\"query-input\":{\"@type\":\"PropertyValueSpecification\",\"valueRequired\":true,\"valueName\":\"search_term_string\"}}],\"inLanguage\":\"lt-LT\"},{\"@type\":\"Organization\",\"@id\":\"https:\/\/miumjau.ee\/#organization\",\"name\":\"MiuMjau O\u00dc\",\"url\":\"https:\/\/miumjau.ee\/\",\"logo\":{\"@type\":\"ImageObject\",\"inLanguage\":\"lt-LT\",\"@id\":\"https:\/\/miumjau.ee\/#\/schema\/logo\/image\/\",\"url\":\"https:\/\/miumjau.ee\/wp-content\/uploads\/2022\/04\/MiuMjau-logo-kollane.png\",\"contentUrl\":\"https:\/\/miumjau.ee\/wp-content\/uploads\/2022\/04\/MiuMjau-logo-kollane.png\",\"width\":219,\"height\":100,\"caption\":\"MiuMjau O\u00dc\"},\"image\":{\"@id\":\"https:\/\/miumjau.ee\/#\/schema\/logo\/image\/\"},\"sameAs\":[\"https:\/\/www.facebook.com\/miumjaupood\/\"]}]}<\/script>\n<!-- \/ Yoast SEO plugin. -->","yoast_head_json":{"title":"Brit Care Sensitive Turkey & Salmon, grainfree 2kg - MiuMjau","robots":{"index":"index","follow":"follow","max-snippet":"max-snippet:-1","max-image-preview":"max-image-preview:large","max-video-preview":"max-video-preview:-1"},"canonical":"https:\/\/miumjau.ee\/lt\/produktas\/brit-care-sensitive-turkey-salmon-grainfree-2kg\/","og_locale":"lt_LT","og_type":"article","og_title":"Brit Care Sensitive Turkey & Salmon, grainfree 2kg - MiuMjau","og_description":"Brit Care Sensitive \u2013 hipoalerginis ir be gr\u016bd\u0173 maistas jautriam vir\u0161kinimui Hipoalerginis ir be gr\u016bd\u0173 maistas kat\u0117ms su jautriu vir\u0161kinimu. Lengvai vir\u0161kinamas receptas u\u017etikrina maksimali\u0105 maistini\u0173 med\u017eiag\u0173 \u012fsisavinim\u0105 ir palaiko vir\u0161kinim\u0105 bei bendr\u0105 sveikat\u0105. \ud83d\udd39 Skanu ir maistinga \u2013 \u0161vie\u017eia kalakutiena ir la\u0161i\u0161a patenkins net i\u0161rankiausio kat\u0117s apetit\u0105.\ud83d\udd39 Sveikas vir\u0161kinimas \u2013 probiotikai ir antioksidantai palaiko \u017earnyno mikroflor\u0105 ir imunitet\u0105.\ud83d\udd39 Inkst\u0173 ir \u0161lapimo tak\u0173 apsauga \u2013 \u0161altalankiai ir ma\u017eas magnio kiekis padeda palaikyti optimal\u0173 \u0161lapimo pH.\ud83d\udd39 Ma\u017eina nemalon\u0173 kvap\u0105 \u2013 jukos ekstraktas padeda suma\u017einti i\u0161mat\u0173 kvap\u0105.\ud83d\udd39 Saugus ir nat\u016bralus \u2013 necontains gr\u016bd\u0173, dirbtini\u0173 da\u017eikli\u0173, konservant\u0173 ar GMO. Ingredientai: \u0160vie\u017eia kalakutiena (26%), dehidratuota la\u0161i\u0161a (26%), geltonieji \u017eirniai (16%), avin\u017eirniai (11%), pauk\u0161\u010di\u0173 riebalai, sigurijos \u0161aknis, la\u0161i\u0161os aliejus, alaus miel\u0117s, \u0161altalankiai, spanguol\u0117s, probiotikai. Analiz\u0117: Baltymai 32%, riebalai 16%, skaidulos 1,5%, kalcis 1,2%, fosforas 0,9%, Omega-3 0,5%, Omega-6 2,0%. Laikymas ir \u0161\u0117rimas: Patiekite sauso arba su vandeniu sumai\u0161yto. Pritaikykite porcij\u0105 pagal kat\u0117s poreikius. Visada u\u017etikrinkite \u0161vie\u017ei\u0105 geriam\u0105j\u012f vanden\u012f. \ud83d\udc3e Jautriam vir\u0161kinimui ir rafinuotam skoniui \u2013 Brit Care Sensitive!","og_url":"https:\/\/miumjau.ee\/lt\/produktas\/brit-care-sensitive-turkey-salmon-grainfree-2kg\/","og_site_name":"MiuMjau","article_publisher":"https:\/\/www.facebook.com\/miumjaupood\/","og_image":[{"width":600,"height":800,"url":"https:\/\/miumjau.ee\/wp-content\/uploads\/2025\/02\/brit-care-kuivtoit-kassile-sensitive-healthy-digestion.jpg","type":"image\/jpeg"}],"twitter_card":"summary_large_image","schema":{"@context":"https:\/\/schema.org","@graph":[{"@type":"WebPage","@id":"https:\/\/miumjau.ee\/lt\/produktas\/brit-care-sensitive-turkey-salmon-grainfree-2kg\/","url":"https:\/\/miumjau.ee\/lt\/produktas\/brit-care-sensitive-turkey-salmon-grainfree-2kg\/","name":"Brit Care Sensitive Turkey & Salmon, grainfree 2kg - MiuMjau","isPartOf":{"@id":"https:\/\/miumjau.ee\/#website"},"primaryImageOfPage":{"@id":"https:\/\/miumjau.ee\/lt\/produktas\/brit-care-sensitive-turkey-salmon-grainfree-2kg\/#primaryimage"},"image":{"@id":"https:\/\/miumjau.ee\/lt\/produktas\/brit-care-sensitive-turkey-salmon-grainfree-2kg\/#primaryimage"},"thumbnailUrl":"https:\/\/miumjau.ee\/wp-content\/uploads\/2025\/02\/brit-care-kuivtoit-kassile-sensitive-healthy-digestion.jpg","datePublished":"2025-02-18T12:11:58+00:00","breadcrumb":{"@id":"https:\/\/miumjau.ee\/lt\/produktas\/brit-care-sensitive-turkey-salmon-grainfree-2kg\/#breadcrumb"},"inLanguage":"lt-LT","potentialAction":[{"@type":"ReadAction","target":["https:\/\/miumjau.ee\/lt\/produktas\/brit-care-sensitive-turkey-salmon-grainfree-2kg\/"]}]},{"@type":"ImageObject","inLanguage":"lt-LT","@id":"https:\/\/miumjau.ee\/lt\/produktas\/brit-care-sensitive-turkey-salmon-grainfree-2kg\/#primaryimage","url":"https:\/\/miumjau.ee\/wp-content\/uploads\/2025\/02\/brit-care-kuivtoit-kassile-sensitive-healthy-digestion.jpg","contentUrl":"https:\/\/miumjau.ee\/wp-content\/uploads\/2025\/02\/brit-care-kuivtoit-kassile-sensitive-healthy-digestion.jpg","width":600,"height":800},{"@type":"BreadcrumbList","@id":"https:\/\/miumjau.ee\/lt\/produktas\/brit-care-sensitive-turkey-salmon-grainfree-2kg\/#breadcrumb","itemListElement":[{"@type":"ListItem","position":1,"name":"Home","item":"https:\/\/miumjau.ee\/lt\/"},{"@type":"ListItem","position":2,"name":"Parduotuv\u0117","item":"https:\/\/miumjau.ee\/lt\/parduotuve\/"},{"@type":"ListItem","position":3,"name":"Brit Care Sensitive Turkey &#038; Salmon, grainfree 2kg"}]},{"@type":"WebSite","@id":"https:\/\/miumjau.ee\/#website","url":"https:\/\/miumjau.ee\/","name":"MiuMjau","description":"Kraapimispuud kassidele","publisher":{"@id":"https:\/\/miumjau.ee\/#organization"},"potentialAction":[{"@type":"SearchAction","target":{"@type":"EntryPoint","urlTemplate":"https:\/\/miumjau.ee\/?s={search_term_string}"},"query-input":{"@type":"PropertyValueSpecification","valueRequired":true,"valueName":"search_term_string"}}],"inLanguage":"lt-LT"},{"@type":"Organization","@id":"https:\/\/miumjau.ee\/#organization","name":"MiuMjau O\u00dc","url":"https:\/\/miumjau.ee\/","logo":{"@type":"ImageObject","inLanguage":"lt-LT","@id":"https:\/\/miumjau.ee\/#\/schema\/logo\/image\/","url":"https:\/\/miumjau.ee\/wp-content\/uploads\/2022\/04\/MiuMjau-logo-kollane.png","contentUrl":"https:\/\/miumjau.ee\/wp-content\/uploads\/2022\/04\/MiuMjau-logo-kollane.png","width":219,"height":100,"caption":"MiuMjau O\u00dc"},"image":{"@id":"https:\/\/miumjau.ee\/#\/schema\/logo\/image\/"},"sameAs":["https:\/\/www.facebook.com\/miumjaupood\/"]}]}},"_links":{"self":[{"href":"https:\/\/miumjau.ee\/lt\/wp-json\/wp\/v2\/product\/52206","targetHints":{"allow":["GET"]}}],"collection":[{"href":"https:\/\/miumjau.ee\/lt\/wp-json\/wp\/v2\/product"}],"about":[{"href":"https:\/\/miumjau.ee\/lt\/wp-json\/wp\/v2\/types\/product"}],"wp:featuredmedia":[{"embeddable":true,"href":"https:\/\/miumjau.ee\/lt\/wp-json\/wp\/v2\/media\/49670"}],"wp:attachment":[{"href":"https:\/\/miumjau.ee\/lt\/wp-json\/wp\/v2\/media?parent=52206"}],"wp:term":[{"taxonomy":"product_brand","embeddable":true,"href":"https:\/\/miumjau.ee\/lt\/wp-json\/wp\/v2\/product_brand?post=52206"},{"taxonomy":"product_cat","embeddable":true,"href":"https:\/\/miumjau.ee\/lt\/wp-json\/wp\/v2\/product_cat?post=52206"},{"taxonomy":"product_tag","embeddable":true,"href":"https:\/\/miumjau.ee\/lt\/wp-json\/wp\/v2\/product_tag?post=52206"}],"curies":[{"name":"wp","href":"https:\/\/api.w.org\/{rel}","templated":true}]}}