{"id":52195,"date":"2025-02-18T09:41:49","date_gmt":"2025-02-18T07:41:49","guid":{"rendered":"https:\/\/miumjau.ee\/toode\/brit-care-sensitive-sterilized-rabbit-400g\/"},"modified":"2025-02-18T09:41:49","modified_gmt":"2025-02-18T07:41:49","slug":"brit-care-sensitive-sterilized-rabbit-400g","status":"publish","type":"product","link":"https:\/\/miumjau.ee\/lt\/produktas\/brit-care-sensitive-sterilized-rabbit-400g\/","title":{"rendered":"Brit Care Sensitive Sterilized, Rabbit 400g"},"content":{"rendered":"","protected":false},"excerpt":{"rendered":"<p data-start=\"1383\" data-end=\"1464\"><strong data-start=\"1383\" data-end=\"1462\">Pilnavertis maistas jautriam vir\u0161kinimui sterilizuotoms suaugusioms kat\u0117ms.<\/strong><\/p>\n<p data-start=\"1466\" data-end=\"1717\">Hipoalergin\u0117, be gr\u016bd\u0173 formul\u0117, palaikanti inkst\u0173 ir \u0161lapimo tak\u0173 sveikat\u0105. Sud\u0117tyje yra nat\u016brali\u0173 antioksidant\u0173 turting\u0173 gr\u016bd\u0173 ir \u017eoleli\u0173, taip pat vitamino E, kuris saugo organizm\u0105 nuo laisv\u0173j\u0173 radikal\u0173 ir stiprina imunin\u0119 sistem\u0105 visam gyvenimui.<\/p>\n<p data-start=\"1719\" data-end=\"2156\">\u0160vie\u017eia triu\u0161iena yra lengvai vir\u0161kinamas, ma\u017eo cholesterolio kiekio baltym\u0173 \u0161altinis, palaikantis \u0161irdies ir kraujotakos sveikat\u0105 bei padedantis i\u0161laikyti optimal\u0173 fizin\u012f k\u016bno b\u016bkl\u0119. \u0160altalankiai ir m\u0117lyn\u017eied\u0117s g\u0117l\u0117s palaiko inkst\u0173 ir \u0161lapimo tak\u0173 sveikat\u0105. Ma\u017eas magnio ir L-metionino kiekis padeda i\u0161laikyti \u0161lapimo pH optimaliame diapazone (6,0\u20136,5). Probiotikai ir prebiotikai skatina sveik\u0105 vir\u0161kinim\u0105 ir stipri\u0105 imunin\u0119 sistem\u0105.<\/p>\n<p data-start=\"2158\" data-end=\"2393\"><strong data-start=\"2158\" data-end=\"2175\">Ingredientai:<\/strong> \u0160vie\u017eia triu\u0161iena (26%), dehidratuota triu\u0161iena (26%), geltonieji \u017eirniai (16%), avin\u017eirniai (10%), vi\u0161tienos riebalai, la\u0161i\u0161os aliejus, lin\u0173 s\u0117menys, spanguol\u0117s, \u0161altalankiai, nasturtas, prebiotikai ir probiotikai.<\/p>\n<p data-start=\"2395\" data-end=\"2507\"><strong data-start=\"2395\" data-end=\"2407\">Analiz\u0117:<\/strong> Baltymai 31%, riebalai 13%, skaidulos 3%, kalcis 0,8%, fosforas 0,7%, Omega-3 0,4%, Omega-6 1,2%.<\/p>\n<p data-start=\"2509\" data-end=\"2680\"><strong data-start=\"2509\" data-end=\"2533\">Laikymas ir \u0161\u0117rimas:<\/strong> Patiekite sausoje formoje arba su vandeniu sumai\u0161yt\u0105. Pritaikykite porcij\u0105 pagal kat\u0117s poreikius. Visada u\u017etikrinkite \u0161vie\u017ei\u0105 geriam\u0105j\u012f vanden\u012f.<\/p>\n","protected":false},"featured_media":49672,"template":"","meta":[],"product_brand":[],"product_cat":[528],"product_tag":[],"class_list":{"0":"post-52195","1":"product","2":"type-product","3":"status-publish","4":"has-post-thumbnail","6":"product_cat-sausas-maistas","8":"first","9":"instock","10":"sale","11":"taxable","12":"shipping-taxable","13":"purchasable","14":"product-type-simple"},"yoast_head":"<!-- This site is optimized with the Yoast SEO plugin v27.2 - https:\/\/yoast.com\/product\/yoast-seo-wordpress\/ -->\n<title>Brit Care Sensitive Sterilized, Rabbit 400g - MiuMjau<\/title>\n<meta name=\"robots\" content=\"index, follow, max-snippet:-1, max-image-preview:large, max-video-preview:-1\" \/>\n<link rel=\"canonical\" href=\"https:\/\/miumjau.ee\/lt\/produktas\/brit-care-sensitive-sterilized-rabbit-400g\/\" \/>\n<meta property=\"og:locale\" content=\"lt_LT\" \/>\n<meta property=\"og:type\" content=\"article\" \/>\n<meta property=\"og:title\" content=\"Brit Care Sensitive Sterilized, Rabbit 400g - MiuMjau\" \/>\n<meta property=\"og:description\" content=\"Pilnavertis maistas jautriam vir\u0161kinimui sterilizuotoms suaugusioms kat\u0117ms. Hipoalergin\u0117, be gr\u016bd\u0173 formul\u0117, palaikanti inkst\u0173 ir \u0161lapimo tak\u0173 sveikat\u0105. Sud\u0117tyje yra nat\u016brali\u0173 antioksidant\u0173 turting\u0173 gr\u016bd\u0173 ir \u017eoleli\u0173, taip pat vitamino E, kuris saugo organizm\u0105 nuo laisv\u0173j\u0173 radikal\u0173 ir stiprina imunin\u0119 sistem\u0105 visam gyvenimui. \u0160vie\u017eia triu\u0161iena yra lengvai vir\u0161kinamas, ma\u017eo cholesterolio kiekio baltym\u0173 \u0161altinis, palaikantis \u0161irdies ir kraujotakos sveikat\u0105 bei padedantis i\u0161laikyti optimal\u0173 fizin\u012f k\u016bno b\u016bkl\u0119. \u0160altalankiai ir m\u0117lyn\u017eied\u0117s g\u0117l\u0117s palaiko inkst\u0173 ir \u0161lapimo tak\u0173 sveikat\u0105. Ma\u017eas magnio ir L-metionino kiekis padeda i\u0161laikyti \u0161lapimo pH optimaliame diapazone (6,0\u20136,5). Probiotikai ir prebiotikai skatina sveik\u0105 vir\u0161kinim\u0105 ir stipri\u0105 imunin\u0119 sistem\u0105. Ingredientai: \u0160vie\u017eia triu\u0161iena (26%), dehidratuota triu\u0161iena (26%), geltonieji \u017eirniai (16%), avin\u017eirniai (10%), vi\u0161tienos riebalai, la\u0161i\u0161os aliejus, lin\u0173 s\u0117menys, spanguol\u0117s, \u0161altalankiai, nasturtas, prebiotikai ir probiotikai. Analiz\u0117: Baltymai 31%, riebalai 13%, skaidulos 3%, kalcis 0,8%, fosforas 0,7%, Omega-3 0,4%, Omega-6 1,2%. Laikymas ir \u0161\u0117rimas: Patiekite sausoje formoje arba su vandeniu sumai\u0161yt\u0105. Pritaikykite porcij\u0105 pagal kat\u0117s poreikius. Visada u\u017etikrinkite \u0161vie\u017ei\u0105 geriam\u0105j\u012f vanden\u012f.\" \/>\n<meta property=\"og:url\" content=\"https:\/\/miumjau.ee\/lt\/produktas\/brit-care-sensitive-sterilized-rabbit-400g\/\" \/>\n<meta property=\"og:site_name\" content=\"MiuMjau\" \/>\n<meta property=\"article:publisher\" content=\"https:\/\/www.facebook.com\/miumjaupood\/\" \/>\n<meta property=\"og:image\" content=\"https:\/\/miumjau.ee\/wp-content\/uploads\/2025\/02\/brit-care-kuivtoidud-kassidele9.jpg\" \/>\n\t<meta property=\"og:image:width\" content=\"600\" \/>\n\t<meta property=\"og:image:height\" content=\"800\" \/>\n\t<meta property=\"og:image:type\" content=\"image\/jpeg\" \/>\n<meta name=\"twitter:card\" content=\"summary_large_image\" \/>\n<script type=\"application\/ld+json\" class=\"yoast-schema-graph\">{\"@context\":\"https:\/\/schema.org\",\"@graph\":[{\"@type\":\"WebPage\",\"@id\":\"https:\/\/miumjau.ee\/lt\/produktas\/brit-care-sensitive-sterilized-rabbit-400g\/\",\"url\":\"https:\/\/miumjau.ee\/lt\/produktas\/brit-care-sensitive-sterilized-rabbit-400g\/\",\"name\":\"Brit Care Sensitive Sterilized, Rabbit 400g - MiuMjau\",\"isPartOf\":{\"@id\":\"https:\/\/miumjau.ee\/#website\"},\"primaryImageOfPage\":{\"@id\":\"https:\/\/miumjau.ee\/lt\/produktas\/brit-care-sensitive-sterilized-rabbit-400g\/#primaryimage\"},\"image\":{\"@id\":\"https:\/\/miumjau.ee\/lt\/produktas\/brit-care-sensitive-sterilized-rabbit-400g\/#primaryimage\"},\"thumbnailUrl\":\"https:\/\/miumjau.ee\/wp-content\/uploads\/2025\/02\/brit-care-kuivtoidud-kassidele9.jpg\",\"datePublished\":\"2025-02-18T07:41:49+00:00\",\"breadcrumb\":{\"@id\":\"https:\/\/miumjau.ee\/lt\/produktas\/brit-care-sensitive-sterilized-rabbit-400g\/#breadcrumb\"},\"inLanguage\":\"lt-LT\",\"potentialAction\":[{\"@type\":\"ReadAction\",\"target\":[\"https:\/\/miumjau.ee\/lt\/produktas\/brit-care-sensitive-sterilized-rabbit-400g\/\"]}]},{\"@type\":\"ImageObject\",\"inLanguage\":\"lt-LT\",\"@id\":\"https:\/\/miumjau.ee\/lt\/produktas\/brit-care-sensitive-sterilized-rabbit-400g\/#primaryimage\",\"url\":\"https:\/\/miumjau.ee\/wp-content\/uploads\/2025\/02\/brit-care-kuivtoidud-kassidele9.jpg\",\"contentUrl\":\"https:\/\/miumjau.ee\/wp-content\/uploads\/2025\/02\/brit-care-kuivtoidud-kassidele9.jpg\",\"width\":600,\"height\":800},{\"@type\":\"BreadcrumbList\",\"@id\":\"https:\/\/miumjau.ee\/lt\/produktas\/brit-care-sensitive-sterilized-rabbit-400g\/#breadcrumb\",\"itemListElement\":[{\"@type\":\"ListItem\",\"position\":1,\"name\":\"Home\",\"item\":\"https:\/\/miumjau.ee\/lt\/\"},{\"@type\":\"ListItem\",\"position\":2,\"name\":\"Parduotuv\u0117\",\"item\":\"https:\/\/miumjau.ee\/lt\/parduotuve\/\"},{\"@type\":\"ListItem\",\"position\":3,\"name\":\"Brit Care Sensitive Sterilized, Rabbit 400g\"}]},{\"@type\":\"WebSite\",\"@id\":\"https:\/\/miumjau.ee\/#website\",\"url\":\"https:\/\/miumjau.ee\/\",\"name\":\"MiuMjau\",\"description\":\"Kraapimispuud kassidele\",\"publisher\":{\"@id\":\"https:\/\/miumjau.ee\/#organization\"},\"potentialAction\":[{\"@type\":\"SearchAction\",\"target\":{\"@type\":\"EntryPoint\",\"urlTemplate\":\"https:\/\/miumjau.ee\/?s={search_term_string}\"},\"query-input\":{\"@type\":\"PropertyValueSpecification\",\"valueRequired\":true,\"valueName\":\"search_term_string\"}}],\"inLanguage\":\"lt-LT\"},{\"@type\":\"Organization\",\"@id\":\"https:\/\/miumjau.ee\/#organization\",\"name\":\"MiuMjau O\u00dc\",\"url\":\"https:\/\/miumjau.ee\/\",\"logo\":{\"@type\":\"ImageObject\",\"inLanguage\":\"lt-LT\",\"@id\":\"https:\/\/miumjau.ee\/#\/schema\/logo\/image\/\",\"url\":\"https:\/\/miumjau.ee\/wp-content\/uploads\/2022\/04\/MiuMjau-logo-kollane.png\",\"contentUrl\":\"https:\/\/miumjau.ee\/wp-content\/uploads\/2022\/04\/MiuMjau-logo-kollane.png\",\"width\":219,\"height\":100,\"caption\":\"MiuMjau O\u00dc\"},\"image\":{\"@id\":\"https:\/\/miumjau.ee\/#\/schema\/logo\/image\/\"},\"sameAs\":[\"https:\/\/www.facebook.com\/miumjaupood\/\"]}]}<\/script>\n<!-- \/ Yoast SEO plugin. -->","yoast_head_json":{"title":"Brit Care Sensitive Sterilized, Rabbit 400g - MiuMjau","robots":{"index":"index","follow":"follow","max-snippet":"max-snippet:-1","max-image-preview":"max-image-preview:large","max-video-preview":"max-video-preview:-1"},"canonical":"https:\/\/miumjau.ee\/lt\/produktas\/brit-care-sensitive-sterilized-rabbit-400g\/","og_locale":"lt_LT","og_type":"article","og_title":"Brit Care Sensitive Sterilized, Rabbit 400g - MiuMjau","og_description":"Pilnavertis maistas jautriam vir\u0161kinimui sterilizuotoms suaugusioms kat\u0117ms. Hipoalergin\u0117, be gr\u016bd\u0173 formul\u0117, palaikanti inkst\u0173 ir \u0161lapimo tak\u0173 sveikat\u0105. Sud\u0117tyje yra nat\u016brali\u0173 antioksidant\u0173 turting\u0173 gr\u016bd\u0173 ir \u017eoleli\u0173, taip pat vitamino E, kuris saugo organizm\u0105 nuo laisv\u0173j\u0173 radikal\u0173 ir stiprina imunin\u0119 sistem\u0105 visam gyvenimui. \u0160vie\u017eia triu\u0161iena yra lengvai vir\u0161kinamas, ma\u017eo cholesterolio kiekio baltym\u0173 \u0161altinis, palaikantis \u0161irdies ir kraujotakos sveikat\u0105 bei padedantis i\u0161laikyti optimal\u0173 fizin\u012f k\u016bno b\u016bkl\u0119. \u0160altalankiai ir m\u0117lyn\u017eied\u0117s g\u0117l\u0117s palaiko inkst\u0173 ir \u0161lapimo tak\u0173 sveikat\u0105. Ma\u017eas magnio ir L-metionino kiekis padeda i\u0161laikyti \u0161lapimo pH optimaliame diapazone (6,0\u20136,5). Probiotikai ir prebiotikai skatina sveik\u0105 vir\u0161kinim\u0105 ir stipri\u0105 imunin\u0119 sistem\u0105. Ingredientai: \u0160vie\u017eia triu\u0161iena (26%), dehidratuota triu\u0161iena (26%), geltonieji \u017eirniai (16%), avin\u017eirniai (10%), vi\u0161tienos riebalai, la\u0161i\u0161os aliejus, lin\u0173 s\u0117menys, spanguol\u0117s, \u0161altalankiai, nasturtas, prebiotikai ir probiotikai. Analiz\u0117: Baltymai 31%, riebalai 13%, skaidulos 3%, kalcis 0,8%, fosforas 0,7%, Omega-3 0,4%, Omega-6 1,2%. Laikymas ir \u0161\u0117rimas: Patiekite sausoje formoje arba su vandeniu sumai\u0161yt\u0105. Pritaikykite porcij\u0105 pagal kat\u0117s poreikius. Visada u\u017etikrinkite \u0161vie\u017ei\u0105 geriam\u0105j\u012f vanden\u012f.","og_url":"https:\/\/miumjau.ee\/lt\/produktas\/brit-care-sensitive-sterilized-rabbit-400g\/","og_site_name":"MiuMjau","article_publisher":"https:\/\/www.facebook.com\/miumjaupood\/","og_image":[{"width":600,"height":800,"url":"https:\/\/miumjau.ee\/wp-content\/uploads\/2025\/02\/brit-care-kuivtoidud-kassidele9.jpg","type":"image\/jpeg"}],"twitter_card":"summary_large_image","schema":{"@context":"https:\/\/schema.org","@graph":[{"@type":"WebPage","@id":"https:\/\/miumjau.ee\/lt\/produktas\/brit-care-sensitive-sterilized-rabbit-400g\/","url":"https:\/\/miumjau.ee\/lt\/produktas\/brit-care-sensitive-sterilized-rabbit-400g\/","name":"Brit Care Sensitive Sterilized, Rabbit 400g - MiuMjau","isPartOf":{"@id":"https:\/\/miumjau.ee\/#website"},"primaryImageOfPage":{"@id":"https:\/\/miumjau.ee\/lt\/produktas\/brit-care-sensitive-sterilized-rabbit-400g\/#primaryimage"},"image":{"@id":"https:\/\/miumjau.ee\/lt\/produktas\/brit-care-sensitive-sterilized-rabbit-400g\/#primaryimage"},"thumbnailUrl":"https:\/\/miumjau.ee\/wp-content\/uploads\/2025\/02\/brit-care-kuivtoidud-kassidele9.jpg","datePublished":"2025-02-18T07:41:49+00:00","breadcrumb":{"@id":"https:\/\/miumjau.ee\/lt\/produktas\/brit-care-sensitive-sterilized-rabbit-400g\/#breadcrumb"},"inLanguage":"lt-LT","potentialAction":[{"@type":"ReadAction","target":["https:\/\/miumjau.ee\/lt\/produktas\/brit-care-sensitive-sterilized-rabbit-400g\/"]}]},{"@type":"ImageObject","inLanguage":"lt-LT","@id":"https:\/\/miumjau.ee\/lt\/produktas\/brit-care-sensitive-sterilized-rabbit-400g\/#primaryimage","url":"https:\/\/miumjau.ee\/wp-content\/uploads\/2025\/02\/brit-care-kuivtoidud-kassidele9.jpg","contentUrl":"https:\/\/miumjau.ee\/wp-content\/uploads\/2025\/02\/brit-care-kuivtoidud-kassidele9.jpg","width":600,"height":800},{"@type":"BreadcrumbList","@id":"https:\/\/miumjau.ee\/lt\/produktas\/brit-care-sensitive-sterilized-rabbit-400g\/#breadcrumb","itemListElement":[{"@type":"ListItem","position":1,"name":"Home","item":"https:\/\/miumjau.ee\/lt\/"},{"@type":"ListItem","position":2,"name":"Parduotuv\u0117","item":"https:\/\/miumjau.ee\/lt\/parduotuve\/"},{"@type":"ListItem","position":3,"name":"Brit Care Sensitive Sterilized, Rabbit 400g"}]},{"@type":"WebSite","@id":"https:\/\/miumjau.ee\/#website","url":"https:\/\/miumjau.ee\/","name":"MiuMjau","description":"Kraapimispuud kassidele","publisher":{"@id":"https:\/\/miumjau.ee\/#organization"},"potentialAction":[{"@type":"SearchAction","target":{"@type":"EntryPoint","urlTemplate":"https:\/\/miumjau.ee\/?s={search_term_string}"},"query-input":{"@type":"PropertyValueSpecification","valueRequired":true,"valueName":"search_term_string"}}],"inLanguage":"lt-LT"},{"@type":"Organization","@id":"https:\/\/miumjau.ee\/#organization","name":"MiuMjau O\u00dc","url":"https:\/\/miumjau.ee\/","logo":{"@type":"ImageObject","inLanguage":"lt-LT","@id":"https:\/\/miumjau.ee\/#\/schema\/logo\/image\/","url":"https:\/\/miumjau.ee\/wp-content\/uploads\/2022\/04\/MiuMjau-logo-kollane.png","contentUrl":"https:\/\/miumjau.ee\/wp-content\/uploads\/2022\/04\/MiuMjau-logo-kollane.png","width":219,"height":100,"caption":"MiuMjau O\u00dc"},"image":{"@id":"https:\/\/miumjau.ee\/#\/schema\/logo\/image\/"},"sameAs":["https:\/\/www.facebook.com\/miumjaupood\/"]}]}},"_links":{"self":[{"href":"https:\/\/miumjau.ee\/lt\/wp-json\/wp\/v2\/product\/52195","targetHints":{"allow":["GET"]}}],"collection":[{"href":"https:\/\/miumjau.ee\/lt\/wp-json\/wp\/v2\/product"}],"about":[{"href":"https:\/\/miumjau.ee\/lt\/wp-json\/wp\/v2\/types\/product"}],"wp:featuredmedia":[{"embeddable":true,"href":"https:\/\/miumjau.ee\/lt\/wp-json\/wp\/v2\/media\/49672"}],"wp:attachment":[{"href":"https:\/\/miumjau.ee\/lt\/wp-json\/wp\/v2\/media?parent=52195"}],"wp:term":[{"taxonomy":"product_brand","embeddable":true,"href":"https:\/\/miumjau.ee\/lt\/wp-json\/wp\/v2\/product_brand?post=52195"},{"taxonomy":"product_cat","embeddable":true,"href":"https:\/\/miumjau.ee\/lt\/wp-json\/wp\/v2\/product_cat?post=52195"},{"taxonomy":"product_tag","embeddable":true,"href":"https:\/\/miumjau.ee\/lt\/wp-json\/wp\/v2\/product_tag?post=52195"}],"curies":[{"name":"wp","href":"https:\/\/api.w.org\/{rel}","templated":true}]}}