{"id":52189,"date":"2025-03-23T17:35:55","date_gmt":"2025-03-23T15:35:55","guid":{"rendered":"https:\/\/miumjau.ee\/toode\/brit-care-indoor-anti-stress-chicken-7kg\/"},"modified":"2025-03-23T17:35:55","modified_gmt":"2025-03-23T15:35:55","slug":"brit-care-indoor-anti-stress-chicken-7kg","status":"publish","type":"product","link":"https:\/\/miumjau.ee\/lt\/produktas\/brit-care-indoor-anti-stress-chicken-7kg\/","title":{"rendered":"Brit Care Indoor Anti-stress Chicken 7kg"},"content":{"rendered":"","protected":false},"excerpt":{"rendered":"<p data-start=\"1615\" data-end=\"1851\"><strong data-start=\"1615\" data-end=\"1703\">Puikiai subalansuotas be gr\u016bd\u0173 pilnavertis maistas nam\u0173 kat\u0117ms, linkusioms \u012f stres\u0105.<\/strong><br data-start=\"1703\" data-end=\"1706\" \/>Idealiai tinka kat\u0117ms, gyvenan\u010dioms patalpose ir patirian\u010dioms kasdienius poky\u010dius, pvz., nauj\u0105 \u0161eimos nar\u012f, bald\u0173 perk\u0117lim\u0105 ar persikraustym\u0105.<\/p>\n<ul data-start=\"1853\" data-end=\"2466\">\n<li data-start=\"1853\" data-end=\"1978\">\n<p data-start=\"1855\" data-end=\"1978\"><strong data-start=\"1855\" data-end=\"1885\">Nat\u016bralus streso ma\u017einimas<\/strong> \u2013 sukat\u017eolis padeda stabilizuoti \u0161irdies darb\u0105, suma\u017einti kraujosp\u016bd\u012f ir suma\u017einti nerim\u0105.<\/p>\n<\/li>\n<li data-start=\"1979\" data-end=\"2097\">\n<p data-start=\"1981\" data-end=\"2097\"><strong data-start=\"1981\" data-end=\"2018\">Sveikas vir\u0161kinimas ir imunitetas<\/strong> \u2013 probiotikai ir prebiotikai palaiko \u017earnyno sveikat\u0105 ir stiprina imunitet\u0105.<\/p>\n<\/li>\n<li data-start=\"2098\" data-end=\"2223\">\n<p data-start=\"2100\" data-end=\"2223\"><strong data-start=\"2100\" data-end=\"2122\">Skanu ir maistinga<\/strong> \u2013 \u0161vie\u017eia vi\u0161tiena ir auk\u0161tos kokyb\u0117s m\u0117sos miltai suteikia skan\u0173 ir lengvai vir\u0161kinam\u0105 patiekal\u0105.<\/p>\n<\/li>\n<li data-start=\"2224\" data-end=\"2384\">\n<p data-start=\"2226\" data-end=\"2384\"><strong data-start=\"2226\" data-end=\"2256\">Kailio kamuoliuk\u0173 kontrol\u0117<\/strong> \u2013 skaidulomis turtingas moli\u016bgas, d\u017eiovinti obuoliai ir arbatini\u0173 lap\u0173 s\u0117klos nat\u016braliai padeda pa\u0161alinti kailio kamuoliukus.<\/p>\n<\/li>\n<li data-start=\"2385\" data-end=\"2466\">\n<p data-start=\"2387\" data-end=\"2466\"><strong data-start=\"2387\" data-end=\"2408\">Nat\u016bralu ir saugu<\/strong> \u2013 neturi gr\u016bd\u0173, dirbtini\u0173 da\u017eikli\u0173, konservant\u0173 ar GMO.<\/p>\n<\/li>\n<\/ul>\n<p data-start=\"2468\" data-end=\"2711\"><strong data-start=\"2468\" data-end=\"2485\">Ingredientai:<\/strong> \u0160vie\u017eia vi\u0161tiena (26%), geltonieji \u017eirniai (25%), dehidratuota vi\u0161tiena (20%), d\u017eiovinti obuoliai (8%), moli\u016bgas (6%), vi\u0161tienos riebalai, la\u0161i\u0161os aliejus, lin\u0173 s\u0117menys, sukat\u017eolis, \u0161altalankiai, prebiotikai ir probiotikai.<\/p>\n<p data-start=\"2713\" data-end=\"2823\"><strong data-start=\"2713\" data-end=\"2725\">Analiz\u0117:<\/strong> Baltymai 30%, riebalai 13%, skaidulos 4%, kalcis 1%, fosforas 0,7%, Omega-3 0,3%, Omega-6 1,5%.<\/p>\n<p data-start=\"2825\" data-end=\"3008\"><strong data-start=\"2825\" data-end=\"2849\">Laikymas ir \u0161\u0117rimas:<\/strong> Patiekite sausoje formoje arba su vandeniu sumai\u0161yt\u0105. Pritaikykite porcij\u0105 pagal kat\u0117s aktyvum\u0105 ir poreikius. Visada u\u017etikrinkite \u0161vie\u017ei\u0105 geriam\u0105j\u012f vanden\u012f.<\/p>\n<p data-start=\"3010\" data-end=\"3083\">\ud83d\udc3e <strong data-start=\"3013\" data-end=\"3081\">Ramesn\u0117 ir laimingesn\u0117 nam\u0173 kat\u0117 \u2013 Brit Care Indoor Anti-Stress!<\/strong><\/p>\n","protected":false},"featured_media":52190,"template":"","meta":[],"product_brand":[],"product_cat":[528],"product_tag":[],"class_list":{"0":"post-52189","1":"product","2":"type-product","3":"status-publish","4":"has-post-thumbnail","6":"product_cat-sausas-maistas","8":"first","9":"instock","10":"sale","11":"taxable","12":"shipping-taxable","13":"purchasable","14":"product-type-simple"},"yoast_head":"<!-- This site is optimized with the Yoast SEO plugin v27.2 - https:\/\/yoast.com\/product\/yoast-seo-wordpress\/ -->\n<title>Brit Care Indoor Anti-stress Chicken 7kg - MiuMjau<\/title>\n<meta name=\"robots\" content=\"index, follow, max-snippet:-1, max-image-preview:large, max-video-preview:-1\" \/>\n<link rel=\"canonical\" href=\"https:\/\/miumjau.ee\/lt\/produktas\/brit-care-indoor-anti-stress-chicken-7kg\/\" \/>\n<meta property=\"og:locale\" content=\"lt_LT\" \/>\n<meta property=\"og:type\" content=\"article\" \/>\n<meta property=\"og:title\" content=\"Brit Care Indoor Anti-stress Chicken 7kg - MiuMjau\" \/>\n<meta property=\"og:description\" content=\"Puikiai subalansuotas be gr\u016bd\u0173 pilnavertis maistas nam\u0173 kat\u0117ms, linkusioms \u012f stres\u0105.Idealiai tinka kat\u0117ms, gyvenan\u010dioms patalpose ir patirian\u010dioms kasdienius poky\u010dius, pvz., nauj\u0105 \u0161eimos nar\u012f, bald\u0173 perk\u0117lim\u0105 ar persikraustym\u0105.     Nat\u016bralus streso ma\u017einimas \u2013 sukat\u017eolis padeda stabilizuoti \u0161irdies darb\u0105, suma\u017einti kraujosp\u016bd\u012f ir suma\u017einti nerim\u0105.    Sveikas vir\u0161kinimas ir imunitetas \u2013 probiotikai ir prebiotikai palaiko \u017earnyno sveikat\u0105 ir stiprina imunitet\u0105.    Skanu ir maistinga \u2013 \u0161vie\u017eia vi\u0161tiena ir auk\u0161tos kokyb\u0117s m\u0117sos miltai suteikia skan\u0173 ir lengvai vir\u0161kinam\u0105 patiekal\u0105.    Kailio kamuoliuk\u0173 kontrol\u0117 \u2013 skaidulomis turtingas moli\u016bgas, d\u017eiovinti obuoliai ir arbatini\u0173 lap\u0173 s\u0117klos nat\u016braliai padeda pa\u0161alinti kailio kamuoliukus.    Nat\u016bralu ir saugu \u2013 neturi gr\u016bd\u0173, dirbtini\u0173 da\u017eikli\u0173, konservant\u0173 ar GMO.   Ingredientai: \u0160vie\u017eia vi\u0161tiena (26%), geltonieji \u017eirniai (25%), dehidratuota vi\u0161tiena (20%), d\u017eiovinti obuoliai (8%), moli\u016bgas (6%), vi\u0161tienos riebalai, la\u0161i\u0161os aliejus, lin\u0173 s\u0117menys, sukat\u017eolis, \u0161altalankiai, prebiotikai ir probiotikai. Analiz\u0117: Baltymai 30%, riebalai 13%, skaidulos 4%, kalcis 1%, fosforas 0,7%, Omega-3 0,3%, Omega-6 1,5%. Laikymas ir \u0161\u0117rimas: Patiekite sausoje formoje arba su vandeniu sumai\u0161yt\u0105. Pritaikykite porcij\u0105 pagal kat\u0117s aktyvum\u0105 ir poreikius. Visada u\u017etikrinkite \u0161vie\u017ei\u0105 geriam\u0105j\u012f vanden\u012f. \ud83d\udc3e Ramesn\u0117 ir laimingesn\u0117 nam\u0173 kat\u0117 \u2013 Brit Care Indoor Anti-Stress!\" \/>\n<meta property=\"og:url\" content=\"https:\/\/miumjau.ee\/lt\/produktas\/brit-care-indoor-anti-stress-chicken-7kg\/\" \/>\n<meta property=\"og:site_name\" content=\"MiuMjau\" \/>\n<meta property=\"article:publisher\" content=\"https:\/\/www.facebook.com\/miumjaupood\/\" \/>\n<meta property=\"og:image\" content=\"https:\/\/miumjau.ee\/wp-content\/uploads\/2025\/02\/brit-care-kuivtoidud-kassidele6.jpg\" \/>\n\t<meta property=\"og:image:width\" content=\"600\" \/>\n\t<meta property=\"og:image:height\" content=\"800\" \/>\n\t<meta property=\"og:image:type\" content=\"image\/jpeg\" \/>\n<meta name=\"twitter:card\" content=\"summary_large_image\" \/>\n<script type=\"application\/ld+json\" class=\"yoast-schema-graph\">{\"@context\":\"https:\/\/schema.org\",\"@graph\":[{\"@type\":\"WebPage\",\"@id\":\"https:\/\/miumjau.ee\/lt\/produktas\/brit-care-indoor-anti-stress-chicken-7kg\/\",\"url\":\"https:\/\/miumjau.ee\/lt\/produktas\/brit-care-indoor-anti-stress-chicken-7kg\/\",\"name\":\"Brit Care Indoor Anti-stress Chicken 7kg - MiuMjau\",\"isPartOf\":{\"@id\":\"https:\/\/miumjau.ee\/#website\"},\"primaryImageOfPage\":{\"@id\":\"https:\/\/miumjau.ee\/lt\/produktas\/brit-care-indoor-anti-stress-chicken-7kg\/#primaryimage\"},\"image\":{\"@id\":\"https:\/\/miumjau.ee\/lt\/produktas\/brit-care-indoor-anti-stress-chicken-7kg\/#primaryimage\"},\"thumbnailUrl\":\"https:\/\/miumjau.ee\/wp-content\/uploads\/2025\/02\/brit-care-kuivtoidud-kassidele6.jpg\",\"datePublished\":\"2025-03-23T15:35:55+00:00\",\"breadcrumb\":{\"@id\":\"https:\/\/miumjau.ee\/lt\/produktas\/brit-care-indoor-anti-stress-chicken-7kg\/#breadcrumb\"},\"inLanguage\":\"lt-LT\",\"potentialAction\":[{\"@type\":\"ReadAction\",\"target\":[\"https:\/\/miumjau.ee\/lt\/produktas\/brit-care-indoor-anti-stress-chicken-7kg\/\"]}]},{\"@type\":\"ImageObject\",\"inLanguage\":\"lt-LT\",\"@id\":\"https:\/\/miumjau.ee\/lt\/produktas\/brit-care-indoor-anti-stress-chicken-7kg\/#primaryimage\",\"url\":\"https:\/\/miumjau.ee\/wp-content\/uploads\/2025\/02\/brit-care-kuivtoidud-kassidele6.jpg\",\"contentUrl\":\"https:\/\/miumjau.ee\/wp-content\/uploads\/2025\/02\/brit-care-kuivtoidud-kassidele6.jpg\",\"width\":600,\"height\":800},{\"@type\":\"BreadcrumbList\",\"@id\":\"https:\/\/miumjau.ee\/lt\/produktas\/brit-care-indoor-anti-stress-chicken-7kg\/#breadcrumb\",\"itemListElement\":[{\"@type\":\"ListItem\",\"position\":1,\"name\":\"Home\",\"item\":\"https:\/\/miumjau.ee\/lt\/\"},{\"@type\":\"ListItem\",\"position\":2,\"name\":\"Parduotuv\u0117\",\"item\":\"https:\/\/miumjau.ee\/lt\/parduotuve\/\"},{\"@type\":\"ListItem\",\"position\":3,\"name\":\"Brit Care Indoor Anti-stress Chicken 7kg\"}]},{\"@type\":\"WebSite\",\"@id\":\"https:\/\/miumjau.ee\/#website\",\"url\":\"https:\/\/miumjau.ee\/\",\"name\":\"MiuMjau\",\"description\":\"Kraapimispuud kassidele\",\"publisher\":{\"@id\":\"https:\/\/miumjau.ee\/#organization\"},\"potentialAction\":[{\"@type\":\"SearchAction\",\"target\":{\"@type\":\"EntryPoint\",\"urlTemplate\":\"https:\/\/miumjau.ee\/?s={search_term_string}\"},\"query-input\":{\"@type\":\"PropertyValueSpecification\",\"valueRequired\":true,\"valueName\":\"search_term_string\"}}],\"inLanguage\":\"lt-LT\"},{\"@type\":\"Organization\",\"@id\":\"https:\/\/miumjau.ee\/#organization\",\"name\":\"MiuMjau O\u00dc\",\"url\":\"https:\/\/miumjau.ee\/\",\"logo\":{\"@type\":\"ImageObject\",\"inLanguage\":\"lt-LT\",\"@id\":\"https:\/\/miumjau.ee\/#\/schema\/logo\/image\/\",\"url\":\"https:\/\/miumjau.ee\/wp-content\/uploads\/2022\/04\/MiuMjau-logo-kollane.png\",\"contentUrl\":\"https:\/\/miumjau.ee\/wp-content\/uploads\/2022\/04\/MiuMjau-logo-kollane.png\",\"width\":219,\"height\":100,\"caption\":\"MiuMjau O\u00dc\"},\"image\":{\"@id\":\"https:\/\/miumjau.ee\/#\/schema\/logo\/image\/\"},\"sameAs\":[\"https:\/\/www.facebook.com\/miumjaupood\/\"]}]}<\/script>\n<!-- \/ Yoast SEO plugin. -->","yoast_head_json":{"title":"Brit Care Indoor Anti-stress Chicken 7kg - MiuMjau","robots":{"index":"index","follow":"follow","max-snippet":"max-snippet:-1","max-image-preview":"max-image-preview:large","max-video-preview":"max-video-preview:-1"},"canonical":"https:\/\/miumjau.ee\/lt\/produktas\/brit-care-indoor-anti-stress-chicken-7kg\/","og_locale":"lt_LT","og_type":"article","og_title":"Brit Care Indoor Anti-stress Chicken 7kg - MiuMjau","og_description":"Puikiai subalansuotas be gr\u016bd\u0173 pilnavertis maistas nam\u0173 kat\u0117ms, linkusioms \u012f stres\u0105.Idealiai tinka kat\u0117ms, gyvenan\u010dioms patalpose ir patirian\u010dioms kasdienius poky\u010dius, pvz., nauj\u0105 \u0161eimos nar\u012f, bald\u0173 perk\u0117lim\u0105 ar persikraustym\u0105.     Nat\u016bralus streso ma\u017einimas \u2013 sukat\u017eolis padeda stabilizuoti \u0161irdies darb\u0105, suma\u017einti kraujosp\u016bd\u012f ir suma\u017einti nerim\u0105.    Sveikas vir\u0161kinimas ir imunitetas \u2013 probiotikai ir prebiotikai palaiko \u017earnyno sveikat\u0105 ir stiprina imunitet\u0105.    Skanu ir maistinga \u2013 \u0161vie\u017eia vi\u0161tiena ir auk\u0161tos kokyb\u0117s m\u0117sos miltai suteikia skan\u0173 ir lengvai vir\u0161kinam\u0105 patiekal\u0105.    Kailio kamuoliuk\u0173 kontrol\u0117 \u2013 skaidulomis turtingas moli\u016bgas, d\u017eiovinti obuoliai ir arbatini\u0173 lap\u0173 s\u0117klos nat\u016braliai padeda pa\u0161alinti kailio kamuoliukus.    Nat\u016bralu ir saugu \u2013 neturi gr\u016bd\u0173, dirbtini\u0173 da\u017eikli\u0173, konservant\u0173 ar GMO.   Ingredientai: \u0160vie\u017eia vi\u0161tiena (26%), geltonieji \u017eirniai (25%), dehidratuota vi\u0161tiena (20%), d\u017eiovinti obuoliai (8%), moli\u016bgas (6%), vi\u0161tienos riebalai, la\u0161i\u0161os aliejus, lin\u0173 s\u0117menys, sukat\u017eolis, \u0161altalankiai, prebiotikai ir probiotikai. Analiz\u0117: Baltymai 30%, riebalai 13%, skaidulos 4%, kalcis 1%, fosforas 0,7%, Omega-3 0,3%, Omega-6 1,5%. Laikymas ir \u0161\u0117rimas: Patiekite sausoje formoje arba su vandeniu sumai\u0161yt\u0105. Pritaikykite porcij\u0105 pagal kat\u0117s aktyvum\u0105 ir poreikius. Visada u\u017etikrinkite \u0161vie\u017ei\u0105 geriam\u0105j\u012f vanden\u012f. \ud83d\udc3e Ramesn\u0117 ir laimingesn\u0117 nam\u0173 kat\u0117 \u2013 Brit Care Indoor Anti-Stress!","og_url":"https:\/\/miumjau.ee\/lt\/produktas\/brit-care-indoor-anti-stress-chicken-7kg\/","og_site_name":"MiuMjau","article_publisher":"https:\/\/www.facebook.com\/miumjaupood\/","og_image":[{"width":600,"height":800,"url":"https:\/\/miumjau.ee\/wp-content\/uploads\/2025\/02\/brit-care-kuivtoidud-kassidele6.jpg","type":"image\/jpeg"}],"twitter_card":"summary_large_image","schema":{"@context":"https:\/\/schema.org","@graph":[{"@type":"WebPage","@id":"https:\/\/miumjau.ee\/lt\/produktas\/brit-care-indoor-anti-stress-chicken-7kg\/","url":"https:\/\/miumjau.ee\/lt\/produktas\/brit-care-indoor-anti-stress-chicken-7kg\/","name":"Brit Care Indoor Anti-stress Chicken 7kg - MiuMjau","isPartOf":{"@id":"https:\/\/miumjau.ee\/#website"},"primaryImageOfPage":{"@id":"https:\/\/miumjau.ee\/lt\/produktas\/brit-care-indoor-anti-stress-chicken-7kg\/#primaryimage"},"image":{"@id":"https:\/\/miumjau.ee\/lt\/produktas\/brit-care-indoor-anti-stress-chicken-7kg\/#primaryimage"},"thumbnailUrl":"https:\/\/miumjau.ee\/wp-content\/uploads\/2025\/02\/brit-care-kuivtoidud-kassidele6.jpg","datePublished":"2025-03-23T15:35:55+00:00","breadcrumb":{"@id":"https:\/\/miumjau.ee\/lt\/produktas\/brit-care-indoor-anti-stress-chicken-7kg\/#breadcrumb"},"inLanguage":"lt-LT","potentialAction":[{"@type":"ReadAction","target":["https:\/\/miumjau.ee\/lt\/produktas\/brit-care-indoor-anti-stress-chicken-7kg\/"]}]},{"@type":"ImageObject","inLanguage":"lt-LT","@id":"https:\/\/miumjau.ee\/lt\/produktas\/brit-care-indoor-anti-stress-chicken-7kg\/#primaryimage","url":"https:\/\/miumjau.ee\/wp-content\/uploads\/2025\/02\/brit-care-kuivtoidud-kassidele6.jpg","contentUrl":"https:\/\/miumjau.ee\/wp-content\/uploads\/2025\/02\/brit-care-kuivtoidud-kassidele6.jpg","width":600,"height":800},{"@type":"BreadcrumbList","@id":"https:\/\/miumjau.ee\/lt\/produktas\/brit-care-indoor-anti-stress-chicken-7kg\/#breadcrumb","itemListElement":[{"@type":"ListItem","position":1,"name":"Home","item":"https:\/\/miumjau.ee\/lt\/"},{"@type":"ListItem","position":2,"name":"Parduotuv\u0117","item":"https:\/\/miumjau.ee\/lt\/parduotuve\/"},{"@type":"ListItem","position":3,"name":"Brit Care Indoor Anti-stress Chicken 7kg"}]},{"@type":"WebSite","@id":"https:\/\/miumjau.ee\/#website","url":"https:\/\/miumjau.ee\/","name":"MiuMjau","description":"Kraapimispuud kassidele","publisher":{"@id":"https:\/\/miumjau.ee\/#organization"},"potentialAction":[{"@type":"SearchAction","target":{"@type":"EntryPoint","urlTemplate":"https:\/\/miumjau.ee\/?s={search_term_string}"},"query-input":{"@type":"PropertyValueSpecification","valueRequired":true,"valueName":"search_term_string"}}],"inLanguage":"lt-LT"},{"@type":"Organization","@id":"https:\/\/miumjau.ee\/#organization","name":"MiuMjau O\u00dc","url":"https:\/\/miumjau.ee\/","logo":{"@type":"ImageObject","inLanguage":"lt-LT","@id":"https:\/\/miumjau.ee\/#\/schema\/logo\/image\/","url":"https:\/\/miumjau.ee\/wp-content\/uploads\/2022\/04\/MiuMjau-logo-kollane.png","contentUrl":"https:\/\/miumjau.ee\/wp-content\/uploads\/2022\/04\/MiuMjau-logo-kollane.png","width":219,"height":100,"caption":"MiuMjau O\u00dc"},"image":{"@id":"https:\/\/miumjau.ee\/#\/schema\/logo\/image\/"},"sameAs":["https:\/\/www.facebook.com\/miumjaupood\/"]}]}},"_links":{"self":[{"href":"https:\/\/miumjau.ee\/lt\/wp-json\/wp\/v2\/product\/52189","targetHints":{"allow":["GET"]}}],"collection":[{"href":"https:\/\/miumjau.ee\/lt\/wp-json\/wp\/v2\/product"}],"about":[{"href":"https:\/\/miumjau.ee\/lt\/wp-json\/wp\/v2\/types\/product"}],"wp:featuredmedia":[{"embeddable":true,"href":"https:\/\/miumjau.ee\/lt\/wp-json\/wp\/v2\/media\/52190"}],"wp:attachment":[{"href":"https:\/\/miumjau.ee\/lt\/wp-json\/wp\/v2\/media?parent=52189"}],"wp:term":[{"taxonomy":"product_brand","embeddable":true,"href":"https:\/\/miumjau.ee\/lt\/wp-json\/wp\/v2\/product_brand?post=52189"},{"taxonomy":"product_cat","embeddable":true,"href":"https:\/\/miumjau.ee\/lt\/wp-json\/wp\/v2\/product_cat?post=52189"},{"taxonomy":"product_tag","embeddable":true,"href":"https:\/\/miumjau.ee\/lt\/wp-json\/wp\/v2\/product_tag?post=52189"}],"curies":[{"name":"wp","href":"https:\/\/api.w.org\/{rel}","templated":true}]}}