{"id":52183,"date":"2025-02-18T15:37:29","date_gmt":"2025-02-18T13:37:29","guid":{"rendered":"https:\/\/miumjau.ee\/toode\/brit-care-cat-sterilized-urinary-2kg\/"},"modified":"2025-02-18T15:37:29","modified_gmt":"2025-02-18T13:37:29","slug":"brit-care-cat-sterilized-urinary-2kg","status":"publish","type":"product","link":"https:\/\/miumjau.ee\/lt\/produktas\/brit-care-cat-sterilized-urinary-2kg\/","title":{"rendered":"Brit Care Cat Sterilized Urinary  2kg"},"content":{"rendered":"","protected":false},"excerpt":{"rendered":"<p data-start=\"1571\" data-end=\"1700\"><strong data-start=\"1571\" data-end=\"1698\">Subalansuotas ir be gr\u016bd\u0173 maistas sterilizuotoms suaugusioms kat\u0117ms, palaikantis \u0161lapimo tak\u0173 sveikat\u0105 ir bendr\u0105 savijaut\u0105.<\/strong><\/p>\n<p data-start=\"1702\" data-end=\"1856\">Lengvai vir\u0161kinamas, su \u0161vie\u017eia vi\u0161tiena ir kruop\u0161\u010diai atrinktais nat\u016braliais ingredientais, padeda palaikyti optimal\u0173 k\u016bno svor\u012f ir stiprina imunitet\u0105.<\/p>\n<ul data-start=\"1858\" data-end=\"2411\">\n<li data-start=\"1858\" data-end=\"1961\">\n<p data-start=\"1860\" data-end=\"1961\"><strong data-start=\"1860\" data-end=\"1884\">Sveiki \u0161lapimo takai<\/strong> \u2013 \u0161altalankiai ir ma\u017eas magnio kiekis padeda i\u0161laikyti \u0161lapimo pH 6,0\u20136,5.<\/p>\n<\/li>\n<li data-start=\"1962\" data-end=\"2093\">\n<p data-start=\"1964\" data-end=\"2093\"><strong data-start=\"1964\" data-end=\"1998\">Nat\u016brali antibakterin\u0117 apsauga<\/strong> \u2013 nasturtijos veikia kaip nat\u016bralus antibiotikas, padedantis i\u0161vengti \u0161lapimo tak\u0173 problem\u0173.<\/p>\n<\/li>\n<li data-start=\"2094\" data-end=\"2212\">\n<p data-start=\"2096\" data-end=\"2212\"><strong data-start=\"2096\" data-end=\"2133\">Stiprus imunitetas ir vir\u0161kinimas<\/strong> \u2013 probiotikai ir prebiotikai palaiko \u017earnyno sveikat\u0105 ir stiprina imunitet\u0105.<\/p>\n<\/li>\n<li data-start=\"2213\" data-end=\"2327\">\n<p data-start=\"2215\" data-end=\"2327\"><strong data-start=\"2215\" data-end=\"2250\">Sveika oda ir blizg\u016bs kailiukai<\/strong> \u2013 Omega-3 ir Omega-6 riebal\u0173 r\u016bg\u0161tys palaiko kail\u012f \u0161ilkiniu ir spindin\u010diu.<\/p>\n<\/li>\n<li data-start=\"2328\" data-end=\"2411\">\n<p data-start=\"2330\" data-end=\"2411\"><strong data-start=\"2330\" data-end=\"2353\">Saugus ir nat\u016bralus<\/strong> \u2013 neturi gr\u016bd\u0173, dirbtini\u0173 da\u017eikli\u0173, konservant\u0173 ar GMO.<\/p>\n<\/li>\n<\/ul>\n<p data-start=\"2413\" data-end=\"2646\"><strong data-start=\"2413\" data-end=\"2430\">Ingredientai:<\/strong> \u0160vie\u017eia vi\u0161tiena (26%), dehidratuota vi\u0161tiena (26%), geltonieji \u017eirniai (18%), avin\u017eirniai (8%), vi\u0161tienos riebalai, la\u0161i\u0161os aliejus, lin\u0173 s\u0117klos, spanguol\u0117s, \u0161altalankiai, nasturtijos, prebiotikai ir probiotikai.<\/p>\n<p data-start=\"2648\" data-end=\"2762\"><strong data-start=\"2648\" data-end=\"2660\">Analiz\u0117:<\/strong> Baltymai 32%, riebalai 13%, skaidulos 3,5%, kalcis 0,8%, fosforas 0,7%, Omega-3 0,3%, Omega-6 1,5%.<\/p>\n<p data-start=\"2764\" data-end=\"2934\"><strong data-start=\"2764\" data-end=\"2788\">Laikymas ir \u0161\u0117rimas:<\/strong> Patiekite sausoje formoje arba su vandeniu sumai\u0161yt\u0105. Pritaikykite porcij\u0105 pagal kat\u0117s aktyvum\u0105. Visada u\u017etikrinkite \u0161vie\u017ei\u0105 geriam\u0105j\u012f vanden\u012f.<\/p>\n<p data-start=\"2936\" data-end=\"3025\">\ud83d\udc3e <strong data-start=\"2939\" data-end=\"3023\">Sterilizuotoms kat\u0117ms \u2013 sveika ir subalansuota mityba: Brit Care Urinary Health!<\/strong><\/p>\n","protected":false},"featured_media":52182,"template":"","meta":[],"product_brand":[],"product_cat":[528],"product_tag":[],"class_list":{"0":"post-52183","1":"product","2":"type-product","3":"status-publish","4":"has-post-thumbnail","6":"product_cat-sausas-maistas","8":"first","9":"instock","10":"taxable","11":"shipping-taxable","12":"purchasable","13":"product-type-simple"},"yoast_head":"<!-- This site is optimized with the Yoast SEO plugin v27.2 - https:\/\/yoast.com\/product\/yoast-seo-wordpress\/ -->\n<title>Brit Care Cat Sterilized Urinary 2kg - MiuMjau<\/title>\n<meta name=\"robots\" content=\"index, follow, max-snippet:-1, max-image-preview:large, max-video-preview:-1\" \/>\n<link rel=\"canonical\" href=\"https:\/\/miumjau.ee\/lt\/produktas\/brit-care-cat-sterilized-urinary-2kg\/\" \/>\n<meta property=\"og:locale\" content=\"lt_LT\" \/>\n<meta property=\"og:type\" content=\"article\" \/>\n<meta property=\"og:title\" content=\"Brit Care Cat Sterilized Urinary 2kg - MiuMjau\" \/>\n<meta property=\"og:description\" content=\"Subalansuotas ir be gr\u016bd\u0173 maistas sterilizuotoms suaugusioms kat\u0117ms, palaikantis \u0161lapimo tak\u0173 sveikat\u0105 ir bendr\u0105 savijaut\u0105. Lengvai vir\u0161kinamas, su \u0161vie\u017eia vi\u0161tiena ir kruop\u0161\u010diai atrinktais nat\u016braliais ingredientais, padeda palaikyti optimal\u0173 k\u016bno svor\u012f ir stiprina imunitet\u0105.     Sveiki \u0161lapimo takai \u2013 \u0161altalankiai ir ma\u017eas magnio kiekis padeda i\u0161laikyti \u0161lapimo pH 6,0\u20136,5.    Nat\u016brali antibakterin\u0117 apsauga \u2013 nasturtijos veikia kaip nat\u016bralus antibiotikas, padedantis i\u0161vengti \u0161lapimo tak\u0173 problem\u0173.    Stiprus imunitetas ir vir\u0161kinimas \u2013 probiotikai ir prebiotikai palaiko \u017earnyno sveikat\u0105 ir stiprina imunitet\u0105.    Sveika oda ir blizg\u016bs kailiukai \u2013 Omega-3 ir Omega-6 riebal\u0173 r\u016bg\u0161tys palaiko kail\u012f \u0161ilkiniu ir spindin\u010diu.    Saugus ir nat\u016bralus \u2013 neturi gr\u016bd\u0173, dirbtini\u0173 da\u017eikli\u0173, konservant\u0173 ar GMO.   Ingredientai: \u0160vie\u017eia vi\u0161tiena (26%), dehidratuota vi\u0161tiena (26%), geltonieji \u017eirniai (18%), avin\u017eirniai (8%), vi\u0161tienos riebalai, la\u0161i\u0161os aliejus, lin\u0173 s\u0117klos, spanguol\u0117s, \u0161altalankiai, nasturtijos, prebiotikai ir probiotikai. Analiz\u0117: Baltymai 32%, riebalai 13%, skaidulos 3,5%, kalcis 0,8%, fosforas 0,7%, Omega-3 0,3%, Omega-6 1,5%. Laikymas ir \u0161\u0117rimas: Patiekite sausoje formoje arba su vandeniu sumai\u0161yt\u0105. Pritaikykite porcij\u0105 pagal kat\u0117s aktyvum\u0105. Visada u\u017etikrinkite \u0161vie\u017ei\u0105 geriam\u0105j\u012f vanden\u012f. \ud83d\udc3e Sterilizuotoms kat\u0117ms \u2013 sveika ir subalansuota mityba: Brit Care Urinary Health!\" \/>\n<meta property=\"og:url\" content=\"https:\/\/miumjau.ee\/lt\/produktas\/brit-care-cat-sterilized-urinary-2kg\/\" \/>\n<meta property=\"og:site_name\" content=\"MiuMjau\" \/>\n<meta property=\"article:publisher\" content=\"https:\/\/www.facebook.com\/miumjaupood\/\" \/>\n<meta property=\"og:image\" content=\"https:\/\/miumjau.ee\/wp-content\/uploads\/2025\/02\/brit-care-kuivtoidud-kassidele7.jpg\" \/>\n\t<meta property=\"og:image:width\" content=\"600\" \/>\n\t<meta property=\"og:image:height\" content=\"800\" \/>\n\t<meta property=\"og:image:type\" content=\"image\/jpeg\" \/>\n<meta name=\"twitter:card\" content=\"summary_large_image\" \/>\n<script type=\"application\/ld+json\" class=\"yoast-schema-graph\">{\"@context\":\"https:\/\/schema.org\",\"@graph\":[{\"@type\":\"WebPage\",\"@id\":\"https:\/\/miumjau.ee\/lt\/produktas\/brit-care-cat-sterilized-urinary-2kg\/\",\"url\":\"https:\/\/miumjau.ee\/lt\/produktas\/brit-care-cat-sterilized-urinary-2kg\/\",\"name\":\"Brit Care Cat Sterilized Urinary 2kg - MiuMjau\",\"isPartOf\":{\"@id\":\"https:\/\/miumjau.ee\/#website\"},\"primaryImageOfPage\":{\"@id\":\"https:\/\/miumjau.ee\/lt\/produktas\/brit-care-cat-sterilized-urinary-2kg\/#primaryimage\"},\"image\":{\"@id\":\"https:\/\/miumjau.ee\/lt\/produktas\/brit-care-cat-sterilized-urinary-2kg\/#primaryimage\"},\"thumbnailUrl\":\"https:\/\/miumjau.ee\/wp-content\/uploads\/2025\/02\/brit-care-kuivtoidud-kassidele7.jpg\",\"datePublished\":\"2025-02-18T13:37:29+00:00\",\"breadcrumb\":{\"@id\":\"https:\/\/miumjau.ee\/lt\/produktas\/brit-care-cat-sterilized-urinary-2kg\/#breadcrumb\"},\"inLanguage\":\"lt-LT\",\"potentialAction\":[{\"@type\":\"ReadAction\",\"target\":[\"https:\/\/miumjau.ee\/lt\/produktas\/brit-care-cat-sterilized-urinary-2kg\/\"]}]},{\"@type\":\"ImageObject\",\"inLanguage\":\"lt-LT\",\"@id\":\"https:\/\/miumjau.ee\/lt\/produktas\/brit-care-cat-sterilized-urinary-2kg\/#primaryimage\",\"url\":\"https:\/\/miumjau.ee\/wp-content\/uploads\/2025\/02\/brit-care-kuivtoidud-kassidele7.jpg\",\"contentUrl\":\"https:\/\/miumjau.ee\/wp-content\/uploads\/2025\/02\/brit-care-kuivtoidud-kassidele7.jpg\",\"width\":600,\"height\":800},{\"@type\":\"BreadcrumbList\",\"@id\":\"https:\/\/miumjau.ee\/lt\/produktas\/brit-care-cat-sterilized-urinary-2kg\/#breadcrumb\",\"itemListElement\":[{\"@type\":\"ListItem\",\"position\":1,\"name\":\"Home\",\"item\":\"https:\/\/miumjau.ee\/lt\/\"},{\"@type\":\"ListItem\",\"position\":2,\"name\":\"Parduotuv\u0117\",\"item\":\"https:\/\/miumjau.ee\/lt\/parduotuve\/\"},{\"@type\":\"ListItem\",\"position\":3,\"name\":\"Brit Care Cat Sterilized Urinary 2kg\"}]},{\"@type\":\"WebSite\",\"@id\":\"https:\/\/miumjau.ee\/#website\",\"url\":\"https:\/\/miumjau.ee\/\",\"name\":\"MiuMjau\",\"description\":\"Kraapimispuud kassidele\",\"publisher\":{\"@id\":\"https:\/\/miumjau.ee\/#organization\"},\"potentialAction\":[{\"@type\":\"SearchAction\",\"target\":{\"@type\":\"EntryPoint\",\"urlTemplate\":\"https:\/\/miumjau.ee\/?s={search_term_string}\"},\"query-input\":{\"@type\":\"PropertyValueSpecification\",\"valueRequired\":true,\"valueName\":\"search_term_string\"}}],\"inLanguage\":\"lt-LT\"},{\"@type\":\"Organization\",\"@id\":\"https:\/\/miumjau.ee\/#organization\",\"name\":\"MiuMjau O\u00dc\",\"url\":\"https:\/\/miumjau.ee\/\",\"logo\":{\"@type\":\"ImageObject\",\"inLanguage\":\"lt-LT\",\"@id\":\"https:\/\/miumjau.ee\/#\/schema\/logo\/image\/\",\"url\":\"https:\/\/miumjau.ee\/wp-content\/uploads\/2022\/04\/MiuMjau-logo-kollane.png\",\"contentUrl\":\"https:\/\/miumjau.ee\/wp-content\/uploads\/2022\/04\/MiuMjau-logo-kollane.png\",\"width\":219,\"height\":100,\"caption\":\"MiuMjau O\u00dc\"},\"image\":{\"@id\":\"https:\/\/miumjau.ee\/#\/schema\/logo\/image\/\"},\"sameAs\":[\"https:\/\/www.facebook.com\/miumjaupood\/\"]}]}<\/script>\n<!-- \/ Yoast SEO plugin. -->","yoast_head_json":{"title":"Brit Care Cat Sterilized Urinary 2kg - MiuMjau","robots":{"index":"index","follow":"follow","max-snippet":"max-snippet:-1","max-image-preview":"max-image-preview:large","max-video-preview":"max-video-preview:-1"},"canonical":"https:\/\/miumjau.ee\/lt\/produktas\/brit-care-cat-sterilized-urinary-2kg\/","og_locale":"lt_LT","og_type":"article","og_title":"Brit Care Cat Sterilized Urinary 2kg - MiuMjau","og_description":"Subalansuotas ir be gr\u016bd\u0173 maistas sterilizuotoms suaugusioms kat\u0117ms, palaikantis \u0161lapimo tak\u0173 sveikat\u0105 ir bendr\u0105 savijaut\u0105. Lengvai vir\u0161kinamas, su \u0161vie\u017eia vi\u0161tiena ir kruop\u0161\u010diai atrinktais nat\u016braliais ingredientais, padeda palaikyti optimal\u0173 k\u016bno svor\u012f ir stiprina imunitet\u0105.     Sveiki \u0161lapimo takai \u2013 \u0161altalankiai ir ma\u017eas magnio kiekis padeda i\u0161laikyti \u0161lapimo pH 6,0\u20136,5.    Nat\u016brali antibakterin\u0117 apsauga \u2013 nasturtijos veikia kaip nat\u016bralus antibiotikas, padedantis i\u0161vengti \u0161lapimo tak\u0173 problem\u0173.    Stiprus imunitetas ir vir\u0161kinimas \u2013 probiotikai ir prebiotikai palaiko \u017earnyno sveikat\u0105 ir stiprina imunitet\u0105.    Sveika oda ir blizg\u016bs kailiukai \u2013 Omega-3 ir Omega-6 riebal\u0173 r\u016bg\u0161tys palaiko kail\u012f \u0161ilkiniu ir spindin\u010diu.    Saugus ir nat\u016bralus \u2013 neturi gr\u016bd\u0173, dirbtini\u0173 da\u017eikli\u0173, konservant\u0173 ar GMO.   Ingredientai: \u0160vie\u017eia vi\u0161tiena (26%), dehidratuota vi\u0161tiena (26%), geltonieji \u017eirniai (18%), avin\u017eirniai (8%), vi\u0161tienos riebalai, la\u0161i\u0161os aliejus, lin\u0173 s\u0117klos, spanguol\u0117s, \u0161altalankiai, nasturtijos, prebiotikai ir probiotikai. Analiz\u0117: Baltymai 32%, riebalai 13%, skaidulos 3,5%, kalcis 0,8%, fosforas 0,7%, Omega-3 0,3%, Omega-6 1,5%. Laikymas ir \u0161\u0117rimas: Patiekite sausoje formoje arba su vandeniu sumai\u0161yt\u0105. Pritaikykite porcij\u0105 pagal kat\u0117s aktyvum\u0105. Visada u\u017etikrinkite \u0161vie\u017ei\u0105 geriam\u0105j\u012f vanden\u012f. \ud83d\udc3e Sterilizuotoms kat\u0117ms \u2013 sveika ir subalansuota mityba: Brit Care Urinary Health!","og_url":"https:\/\/miumjau.ee\/lt\/produktas\/brit-care-cat-sterilized-urinary-2kg\/","og_site_name":"MiuMjau","article_publisher":"https:\/\/www.facebook.com\/miumjaupood\/","og_image":[{"width":600,"height":800,"url":"https:\/\/miumjau.ee\/wp-content\/uploads\/2025\/02\/brit-care-kuivtoidud-kassidele7.jpg","type":"image\/jpeg"}],"twitter_card":"summary_large_image","schema":{"@context":"https:\/\/schema.org","@graph":[{"@type":"WebPage","@id":"https:\/\/miumjau.ee\/lt\/produktas\/brit-care-cat-sterilized-urinary-2kg\/","url":"https:\/\/miumjau.ee\/lt\/produktas\/brit-care-cat-sterilized-urinary-2kg\/","name":"Brit Care Cat Sterilized Urinary 2kg - MiuMjau","isPartOf":{"@id":"https:\/\/miumjau.ee\/#website"},"primaryImageOfPage":{"@id":"https:\/\/miumjau.ee\/lt\/produktas\/brit-care-cat-sterilized-urinary-2kg\/#primaryimage"},"image":{"@id":"https:\/\/miumjau.ee\/lt\/produktas\/brit-care-cat-sterilized-urinary-2kg\/#primaryimage"},"thumbnailUrl":"https:\/\/miumjau.ee\/wp-content\/uploads\/2025\/02\/brit-care-kuivtoidud-kassidele7.jpg","datePublished":"2025-02-18T13:37:29+00:00","breadcrumb":{"@id":"https:\/\/miumjau.ee\/lt\/produktas\/brit-care-cat-sterilized-urinary-2kg\/#breadcrumb"},"inLanguage":"lt-LT","potentialAction":[{"@type":"ReadAction","target":["https:\/\/miumjau.ee\/lt\/produktas\/brit-care-cat-sterilized-urinary-2kg\/"]}]},{"@type":"ImageObject","inLanguage":"lt-LT","@id":"https:\/\/miumjau.ee\/lt\/produktas\/brit-care-cat-sterilized-urinary-2kg\/#primaryimage","url":"https:\/\/miumjau.ee\/wp-content\/uploads\/2025\/02\/brit-care-kuivtoidud-kassidele7.jpg","contentUrl":"https:\/\/miumjau.ee\/wp-content\/uploads\/2025\/02\/brit-care-kuivtoidud-kassidele7.jpg","width":600,"height":800},{"@type":"BreadcrumbList","@id":"https:\/\/miumjau.ee\/lt\/produktas\/brit-care-cat-sterilized-urinary-2kg\/#breadcrumb","itemListElement":[{"@type":"ListItem","position":1,"name":"Home","item":"https:\/\/miumjau.ee\/lt\/"},{"@type":"ListItem","position":2,"name":"Parduotuv\u0117","item":"https:\/\/miumjau.ee\/lt\/parduotuve\/"},{"@type":"ListItem","position":3,"name":"Brit Care Cat Sterilized Urinary 2kg"}]},{"@type":"WebSite","@id":"https:\/\/miumjau.ee\/#website","url":"https:\/\/miumjau.ee\/","name":"MiuMjau","description":"Kraapimispuud kassidele","publisher":{"@id":"https:\/\/miumjau.ee\/#organization"},"potentialAction":[{"@type":"SearchAction","target":{"@type":"EntryPoint","urlTemplate":"https:\/\/miumjau.ee\/?s={search_term_string}"},"query-input":{"@type":"PropertyValueSpecification","valueRequired":true,"valueName":"search_term_string"}}],"inLanguage":"lt-LT"},{"@type":"Organization","@id":"https:\/\/miumjau.ee\/#organization","name":"MiuMjau O\u00dc","url":"https:\/\/miumjau.ee\/","logo":{"@type":"ImageObject","inLanguage":"lt-LT","@id":"https:\/\/miumjau.ee\/#\/schema\/logo\/image\/","url":"https:\/\/miumjau.ee\/wp-content\/uploads\/2022\/04\/MiuMjau-logo-kollane.png","contentUrl":"https:\/\/miumjau.ee\/wp-content\/uploads\/2022\/04\/MiuMjau-logo-kollane.png","width":219,"height":100,"caption":"MiuMjau O\u00dc"},"image":{"@id":"https:\/\/miumjau.ee\/#\/schema\/logo\/image\/"},"sameAs":["https:\/\/www.facebook.com\/miumjaupood\/"]}]}},"_links":{"self":[{"href":"https:\/\/miumjau.ee\/lt\/wp-json\/wp\/v2\/product\/52183","targetHints":{"allow":["GET"]}}],"collection":[{"href":"https:\/\/miumjau.ee\/lt\/wp-json\/wp\/v2\/product"}],"about":[{"href":"https:\/\/miumjau.ee\/lt\/wp-json\/wp\/v2\/types\/product"}],"wp:featuredmedia":[{"embeddable":true,"href":"https:\/\/miumjau.ee\/lt\/wp-json\/wp\/v2\/media\/52182"}],"wp:attachment":[{"href":"https:\/\/miumjau.ee\/lt\/wp-json\/wp\/v2\/media?parent=52183"}],"wp:term":[{"taxonomy":"product_brand","embeddable":true,"href":"https:\/\/miumjau.ee\/lt\/wp-json\/wp\/v2\/product_brand?post=52183"},{"taxonomy":"product_cat","embeddable":true,"href":"https:\/\/miumjau.ee\/lt\/wp-json\/wp\/v2\/product_cat?post=52183"},{"taxonomy":"product_tag","embeddable":true,"href":"https:\/\/miumjau.ee\/lt\/wp-json\/wp\/v2\/product_tag?post=52183"}],"curies":[{"name":"wp","href":"https:\/\/api.w.org\/{rel}","templated":true}]}}