{"id":52175,"date":"2025-02-18T16:00:15","date_gmt":"2025-02-18T14:00:15","guid":{"rendered":"https:\/\/miumjau.ee\/toode\/brit-care-sterilized-immunity-support-pork-2kg\/"},"modified":"2025-02-18T16:00:15","modified_gmt":"2025-02-18T14:00:15","slug":"brit-care-sterilized-immunity-support-pork-2kg","status":"publish","type":"product","link":"https:\/\/miumjau.ee\/lt\/produktas\/brit-care-sterilized-immunity-support-pork-2kg\/","title":{"rendered":"Brit Care Sterilized Immunity support Pork 2kg"},"content":{"rendered":"","protected":false},"excerpt":{"rendered":"<p data-start=\"827\" data-end=\"948\"><strong data-start=\"827\" data-end=\"946\">Pilnavertis maistas sterilizuotiems suaugusiems kat\u0117ms, palaikantis imunitet\u0105, vir\u0161kinim\u0105 ir \u0161lapimo tak\u0173 sveikat\u0105.<\/strong><\/p>\n<ul data-start=\"950\" data-end=\"1499\">\n<li data-start=\"950\" data-end=\"1178\">\n<p data-start=\"952\" data-end=\"1178\"><strong data-start=\"952\" data-end=\"973\">\u0160vie\u017eia kiauliena<\/strong> \u2013 hipoalerginis baltym\u0173 \u0161altinis, lengvai vir\u0161kinamas ir puikiai tinkantis jautriam skrand\u017eiui. Kiauliena yra puiki alternatyva maisto alergijoms ir padeda i\u0161vengti vir\u0161kinimo sutrikim\u0173 bei viduriavimo.<\/p>\n<\/li>\n<li data-start=\"1179\" data-end=\"1259\">\n<p data-start=\"1181\" data-end=\"1259\"><strong data-start=\"1181\" data-end=\"1214\">J\u016bros kop\u016bstai ir nasturtijos<\/strong> \u2013 palaiko inkst\u0173 ir \u0161lapimo tak\u0173 sveikat\u0105.<\/p>\n<\/li>\n<li data-start=\"1260\" data-end=\"1350\">\n<p data-start=\"1262\" data-end=\"1350\"><strong data-start=\"1262\" data-end=\"1301\">Ma\u017eas magnio kiekis ir L-metioninas<\/strong> \u2013 padeda pasiekti optimal\u0173 \u0161lapimo pH 6,0\u20136,5.<\/p>\n<\/li>\n<li data-start=\"1351\" data-end=\"1434\">\n<p data-start=\"1353\" data-end=\"1434\"><strong data-start=\"1353\" data-end=\"1383\">Probiotikai ir prebiotikai<\/strong> \u2013 palaiko sveik\u0105 vir\u0161kinim\u0105 ir stipr\u0173 imunitet\u0105.<\/p>\n<\/li>\n<li data-start=\"1435\" data-end=\"1499\">\n<p data-start=\"1437\" data-end=\"1499\"><strong data-start=\"1437\" data-end=\"1449\">Be gr\u016bd\u0173<\/strong> \u2013 nesudaro da\u017eikli\u0173, konservant\u0173, GMO ar sojos.<\/p>\n<\/li>\n<\/ul>\n","protected":false},"featured_media":52174,"template":"","meta":[],"product_brand":[],"product_cat":[528],"product_tag":[],"class_list":{"0":"post-52175","1":"product","2":"type-product","3":"status-publish","4":"has-post-thumbnail","6":"product_cat-sausas-maistas","8":"first","9":"instock","10":"taxable","11":"shipping-taxable","12":"purchasable","13":"product-type-simple"},"yoast_head":"<!-- This site is optimized with the Yoast SEO plugin v27.2 - https:\/\/yoast.com\/product\/yoast-seo-wordpress\/ -->\n<title>Brit Care Sterilized Immunity support Pork 2kg - MiuMjau<\/title>\n<meta name=\"robots\" content=\"index, follow, max-snippet:-1, max-image-preview:large, max-video-preview:-1\" \/>\n<link rel=\"canonical\" href=\"https:\/\/miumjau.ee\/lt\/produktas\/brit-care-sterilized-immunity-support-pork-2kg\/\" \/>\n<meta property=\"og:locale\" content=\"lt_LT\" \/>\n<meta property=\"og:type\" content=\"article\" \/>\n<meta property=\"og:title\" content=\"Brit Care Sterilized Immunity support Pork 2kg - MiuMjau\" \/>\n<meta property=\"og:description\" content=\"Pilnavertis maistas sterilizuotiems suaugusiems kat\u0117ms, palaikantis imunitet\u0105, vir\u0161kinim\u0105 ir \u0161lapimo tak\u0173 sveikat\u0105.     \u0160vie\u017eia kiauliena \u2013 hipoalerginis baltym\u0173 \u0161altinis, lengvai vir\u0161kinamas ir puikiai tinkantis jautriam skrand\u017eiui. Kiauliena yra puiki alternatyva maisto alergijoms ir padeda i\u0161vengti vir\u0161kinimo sutrikim\u0173 bei viduriavimo.    J\u016bros kop\u016bstai ir nasturtijos \u2013 palaiko inkst\u0173 ir \u0161lapimo tak\u0173 sveikat\u0105.    Ma\u017eas magnio kiekis ir L-metioninas \u2013 padeda pasiekti optimal\u0173 \u0161lapimo pH 6,0\u20136,5.    Probiotikai ir prebiotikai \u2013 palaiko sveik\u0105 vir\u0161kinim\u0105 ir stipr\u0173 imunitet\u0105.    Be gr\u016bd\u0173 \u2013 nesudaro da\u017eikli\u0173, konservant\u0173, GMO ar sojos.\" \/>\n<meta property=\"og:url\" content=\"https:\/\/miumjau.ee\/lt\/produktas\/brit-care-sterilized-immunity-support-pork-2kg\/\" \/>\n<meta property=\"og:site_name\" content=\"MiuMjau\" \/>\n<meta property=\"article:publisher\" content=\"https:\/\/www.facebook.com\/miumjaupood\/\" \/>\n<meta property=\"og:image\" content=\"https:\/\/miumjau.ee\/wp-content\/uploads\/2025\/02\/brit-care-kuivtoidud-kassidele8.jpg\" \/>\n\t<meta property=\"og:image:width\" content=\"600\" \/>\n\t<meta property=\"og:image:height\" content=\"800\" \/>\n\t<meta property=\"og:image:type\" content=\"image\/jpeg\" \/>\n<meta name=\"twitter:card\" content=\"summary_large_image\" \/>\n<script type=\"application\/ld+json\" class=\"yoast-schema-graph\">{\"@context\":\"https:\/\/schema.org\",\"@graph\":[{\"@type\":\"WebPage\",\"@id\":\"https:\/\/miumjau.ee\/lt\/produktas\/brit-care-sterilized-immunity-support-pork-2kg\/\",\"url\":\"https:\/\/miumjau.ee\/lt\/produktas\/brit-care-sterilized-immunity-support-pork-2kg\/\",\"name\":\"Brit Care Sterilized Immunity support Pork 2kg - MiuMjau\",\"isPartOf\":{\"@id\":\"https:\/\/miumjau.ee\/#website\"},\"primaryImageOfPage\":{\"@id\":\"https:\/\/miumjau.ee\/lt\/produktas\/brit-care-sterilized-immunity-support-pork-2kg\/#primaryimage\"},\"image\":{\"@id\":\"https:\/\/miumjau.ee\/lt\/produktas\/brit-care-sterilized-immunity-support-pork-2kg\/#primaryimage\"},\"thumbnailUrl\":\"https:\/\/miumjau.ee\/wp-content\/uploads\/2025\/02\/brit-care-kuivtoidud-kassidele8.jpg\",\"datePublished\":\"2025-02-18T14:00:15+00:00\",\"breadcrumb\":{\"@id\":\"https:\/\/miumjau.ee\/lt\/produktas\/brit-care-sterilized-immunity-support-pork-2kg\/#breadcrumb\"},\"inLanguage\":\"lt-LT\",\"potentialAction\":[{\"@type\":\"ReadAction\",\"target\":[\"https:\/\/miumjau.ee\/lt\/produktas\/brit-care-sterilized-immunity-support-pork-2kg\/\"]}]},{\"@type\":\"ImageObject\",\"inLanguage\":\"lt-LT\",\"@id\":\"https:\/\/miumjau.ee\/lt\/produktas\/brit-care-sterilized-immunity-support-pork-2kg\/#primaryimage\",\"url\":\"https:\/\/miumjau.ee\/wp-content\/uploads\/2025\/02\/brit-care-kuivtoidud-kassidele8.jpg\",\"contentUrl\":\"https:\/\/miumjau.ee\/wp-content\/uploads\/2025\/02\/brit-care-kuivtoidud-kassidele8.jpg\",\"width\":600,\"height\":800},{\"@type\":\"BreadcrumbList\",\"@id\":\"https:\/\/miumjau.ee\/lt\/produktas\/brit-care-sterilized-immunity-support-pork-2kg\/#breadcrumb\",\"itemListElement\":[{\"@type\":\"ListItem\",\"position\":1,\"name\":\"Home\",\"item\":\"https:\/\/miumjau.ee\/lt\/\"},{\"@type\":\"ListItem\",\"position\":2,\"name\":\"Parduotuv\u0117\",\"item\":\"https:\/\/miumjau.ee\/lt\/parduotuve\/\"},{\"@type\":\"ListItem\",\"position\":3,\"name\":\"Brit Care Sterilized Immunity support Pork 2kg\"}]},{\"@type\":\"WebSite\",\"@id\":\"https:\/\/miumjau.ee\/#website\",\"url\":\"https:\/\/miumjau.ee\/\",\"name\":\"MiuMjau\",\"description\":\"Kraapimispuud kassidele\",\"publisher\":{\"@id\":\"https:\/\/miumjau.ee\/#organization\"},\"potentialAction\":[{\"@type\":\"SearchAction\",\"target\":{\"@type\":\"EntryPoint\",\"urlTemplate\":\"https:\/\/miumjau.ee\/?s={search_term_string}\"},\"query-input\":{\"@type\":\"PropertyValueSpecification\",\"valueRequired\":true,\"valueName\":\"search_term_string\"}}],\"inLanguage\":\"lt-LT\"},{\"@type\":\"Organization\",\"@id\":\"https:\/\/miumjau.ee\/#organization\",\"name\":\"MiuMjau O\u00dc\",\"url\":\"https:\/\/miumjau.ee\/\",\"logo\":{\"@type\":\"ImageObject\",\"inLanguage\":\"lt-LT\",\"@id\":\"https:\/\/miumjau.ee\/#\/schema\/logo\/image\/\",\"url\":\"https:\/\/miumjau.ee\/wp-content\/uploads\/2022\/04\/MiuMjau-logo-kollane.png\",\"contentUrl\":\"https:\/\/miumjau.ee\/wp-content\/uploads\/2022\/04\/MiuMjau-logo-kollane.png\",\"width\":219,\"height\":100,\"caption\":\"MiuMjau O\u00dc\"},\"image\":{\"@id\":\"https:\/\/miumjau.ee\/#\/schema\/logo\/image\/\"},\"sameAs\":[\"https:\/\/www.facebook.com\/miumjaupood\/\"]}]}<\/script>\n<!-- \/ Yoast SEO plugin. -->","yoast_head_json":{"title":"Brit Care Sterilized Immunity support Pork 2kg - MiuMjau","robots":{"index":"index","follow":"follow","max-snippet":"max-snippet:-1","max-image-preview":"max-image-preview:large","max-video-preview":"max-video-preview:-1"},"canonical":"https:\/\/miumjau.ee\/lt\/produktas\/brit-care-sterilized-immunity-support-pork-2kg\/","og_locale":"lt_LT","og_type":"article","og_title":"Brit Care Sterilized Immunity support Pork 2kg - MiuMjau","og_description":"Pilnavertis maistas sterilizuotiems suaugusiems kat\u0117ms, palaikantis imunitet\u0105, vir\u0161kinim\u0105 ir \u0161lapimo tak\u0173 sveikat\u0105.     \u0160vie\u017eia kiauliena \u2013 hipoalerginis baltym\u0173 \u0161altinis, lengvai vir\u0161kinamas ir puikiai tinkantis jautriam skrand\u017eiui. Kiauliena yra puiki alternatyva maisto alergijoms ir padeda i\u0161vengti vir\u0161kinimo sutrikim\u0173 bei viduriavimo.    J\u016bros kop\u016bstai ir nasturtijos \u2013 palaiko inkst\u0173 ir \u0161lapimo tak\u0173 sveikat\u0105.    Ma\u017eas magnio kiekis ir L-metioninas \u2013 padeda pasiekti optimal\u0173 \u0161lapimo pH 6,0\u20136,5.    Probiotikai ir prebiotikai \u2013 palaiko sveik\u0105 vir\u0161kinim\u0105 ir stipr\u0173 imunitet\u0105.    Be gr\u016bd\u0173 \u2013 nesudaro da\u017eikli\u0173, konservant\u0173, GMO ar sojos.","og_url":"https:\/\/miumjau.ee\/lt\/produktas\/brit-care-sterilized-immunity-support-pork-2kg\/","og_site_name":"MiuMjau","article_publisher":"https:\/\/www.facebook.com\/miumjaupood\/","og_image":[{"width":600,"height":800,"url":"https:\/\/miumjau.ee\/wp-content\/uploads\/2025\/02\/brit-care-kuivtoidud-kassidele8.jpg","type":"image\/jpeg"}],"twitter_card":"summary_large_image","schema":{"@context":"https:\/\/schema.org","@graph":[{"@type":"WebPage","@id":"https:\/\/miumjau.ee\/lt\/produktas\/brit-care-sterilized-immunity-support-pork-2kg\/","url":"https:\/\/miumjau.ee\/lt\/produktas\/brit-care-sterilized-immunity-support-pork-2kg\/","name":"Brit Care Sterilized Immunity support Pork 2kg - MiuMjau","isPartOf":{"@id":"https:\/\/miumjau.ee\/#website"},"primaryImageOfPage":{"@id":"https:\/\/miumjau.ee\/lt\/produktas\/brit-care-sterilized-immunity-support-pork-2kg\/#primaryimage"},"image":{"@id":"https:\/\/miumjau.ee\/lt\/produktas\/brit-care-sterilized-immunity-support-pork-2kg\/#primaryimage"},"thumbnailUrl":"https:\/\/miumjau.ee\/wp-content\/uploads\/2025\/02\/brit-care-kuivtoidud-kassidele8.jpg","datePublished":"2025-02-18T14:00:15+00:00","breadcrumb":{"@id":"https:\/\/miumjau.ee\/lt\/produktas\/brit-care-sterilized-immunity-support-pork-2kg\/#breadcrumb"},"inLanguage":"lt-LT","potentialAction":[{"@type":"ReadAction","target":["https:\/\/miumjau.ee\/lt\/produktas\/brit-care-sterilized-immunity-support-pork-2kg\/"]}]},{"@type":"ImageObject","inLanguage":"lt-LT","@id":"https:\/\/miumjau.ee\/lt\/produktas\/brit-care-sterilized-immunity-support-pork-2kg\/#primaryimage","url":"https:\/\/miumjau.ee\/wp-content\/uploads\/2025\/02\/brit-care-kuivtoidud-kassidele8.jpg","contentUrl":"https:\/\/miumjau.ee\/wp-content\/uploads\/2025\/02\/brit-care-kuivtoidud-kassidele8.jpg","width":600,"height":800},{"@type":"BreadcrumbList","@id":"https:\/\/miumjau.ee\/lt\/produktas\/brit-care-sterilized-immunity-support-pork-2kg\/#breadcrumb","itemListElement":[{"@type":"ListItem","position":1,"name":"Home","item":"https:\/\/miumjau.ee\/lt\/"},{"@type":"ListItem","position":2,"name":"Parduotuv\u0117","item":"https:\/\/miumjau.ee\/lt\/parduotuve\/"},{"@type":"ListItem","position":3,"name":"Brit Care Sterilized Immunity support Pork 2kg"}]},{"@type":"WebSite","@id":"https:\/\/miumjau.ee\/#website","url":"https:\/\/miumjau.ee\/","name":"MiuMjau","description":"Kraapimispuud kassidele","publisher":{"@id":"https:\/\/miumjau.ee\/#organization"},"potentialAction":[{"@type":"SearchAction","target":{"@type":"EntryPoint","urlTemplate":"https:\/\/miumjau.ee\/?s={search_term_string}"},"query-input":{"@type":"PropertyValueSpecification","valueRequired":true,"valueName":"search_term_string"}}],"inLanguage":"lt-LT"},{"@type":"Organization","@id":"https:\/\/miumjau.ee\/#organization","name":"MiuMjau O\u00dc","url":"https:\/\/miumjau.ee\/","logo":{"@type":"ImageObject","inLanguage":"lt-LT","@id":"https:\/\/miumjau.ee\/#\/schema\/logo\/image\/","url":"https:\/\/miumjau.ee\/wp-content\/uploads\/2022\/04\/MiuMjau-logo-kollane.png","contentUrl":"https:\/\/miumjau.ee\/wp-content\/uploads\/2022\/04\/MiuMjau-logo-kollane.png","width":219,"height":100,"caption":"MiuMjau O\u00dc"},"image":{"@id":"https:\/\/miumjau.ee\/#\/schema\/logo\/image\/"},"sameAs":["https:\/\/www.facebook.com\/miumjaupood\/"]}]}},"_links":{"self":[{"href":"https:\/\/miumjau.ee\/lt\/wp-json\/wp\/v2\/product\/52175","targetHints":{"allow":["GET"]}}],"collection":[{"href":"https:\/\/miumjau.ee\/lt\/wp-json\/wp\/v2\/product"}],"about":[{"href":"https:\/\/miumjau.ee\/lt\/wp-json\/wp\/v2\/types\/product"}],"wp:featuredmedia":[{"embeddable":true,"href":"https:\/\/miumjau.ee\/lt\/wp-json\/wp\/v2\/media\/52174"}],"wp:attachment":[{"href":"https:\/\/miumjau.ee\/lt\/wp-json\/wp\/v2\/media?parent=52175"}],"wp:term":[{"taxonomy":"product_brand","embeddable":true,"href":"https:\/\/miumjau.ee\/lt\/wp-json\/wp\/v2\/product_brand?post=52175"},{"taxonomy":"product_cat","embeddable":true,"href":"https:\/\/miumjau.ee\/lt\/wp-json\/wp\/v2\/product_cat?post=52175"},{"taxonomy":"product_tag","embeddable":true,"href":"https:\/\/miumjau.ee\/lt\/wp-json\/wp\/v2\/product_tag?post=52175"}],"curies":[{"name":"wp","href":"https:\/\/api.w.org\/{rel}","templated":true}]}}