{"id":52167,"date":"2025-02-18T13:56:27","date_gmt":"2025-02-18T11:56:27","guid":{"rendered":"https:\/\/miumjau.ee\/toode\/brit-care-kitten-turkey-chicken-2kg\/"},"modified":"2025-02-18T13:56:27","modified_gmt":"2025-02-18T11:56:27","slug":"brit-care-kitten-turkey-chicken-2kg","status":"publish","type":"product","link":"https:\/\/miumjau.ee\/lt\/produktas\/brit-care-kitten-turkey-chicken-2kg\/","title":{"rendered":"Brit Care Kitten Turkey &#038; Chicken 2kg"},"content":{"rendered":"","protected":false},"excerpt":{"rendered":"<p data-start=\"1610\" data-end=\"1799\">Hipoalerginis ir be gr\u016bd\u0173 pilnavertis maistas ka\u010diukams, taip pat n\u0117\u0161\u010dioms ir \u017eindan\u010dioms kat\u0117ms. Lengvai vir\u0161kinamas ir maistingas, palaiko ka\u010diuk\u0173 augim\u0105 ir motinos energijos poreikius.<\/p>\n<p data-start=\"1801\" data-end=\"1827\"><strong data-start=\"1801\" data-end=\"1825\">Pagrindin\u0117s savyb\u0117s:<\/strong><\/p>\n<ul data-start=\"1828\" data-end=\"2277\">\n<li data-start=\"1828\" data-end=\"1917\">\n<p data-start=\"1830\" data-end=\"1917\"><strong data-start=\"1830\" data-end=\"1856\">Stipri imunin\u0117 sistema<\/strong> \u2013 kolostrumas ir probiotikai stiprina organizmo atsparum\u0105.<\/p>\n<\/li>\n<li data-start=\"1918\" data-end=\"1997\">\n<p data-start=\"1920\" data-end=\"1997\"><strong data-start=\"1920\" data-end=\"1950\">Sveika \u0161irdis ir reg\u0117jimas<\/strong> \u2013 taurinas palaiko \u0161irdies ir aki\u0173 sveikat\u0105.<\/p>\n<\/li>\n<li data-start=\"1998\" data-end=\"2094\">\n<p data-start=\"2000\" data-end=\"2094\"><strong data-start=\"2000\" data-end=\"2033\">Raumen\u0173 augimas ir vystymasis<\/strong> \u2013 auk\u0161tas baltym\u0173 kiekis u\u017etikrina stipri\u0105 k\u016bno strukt\u016br\u0105.<\/p>\n<\/li>\n<li data-start=\"2095\" data-end=\"2197\">\n<p data-start=\"2097\" data-end=\"2197\"><strong data-start=\"2097\" data-end=\"2123\">Subalansuoti mineralai<\/strong> \u2013 tinkamas kalcio, fosforo ir D vitamino kiekis palaiko kaul\u0173 sveikat\u0105.<\/p>\n<\/li>\n<li data-start=\"2198\" data-end=\"2277\">\n<p data-start=\"2200\" data-end=\"2277\"><strong data-start=\"2200\" data-end=\"2221\">Nat\u016bralu ir saugu<\/strong> \u2013 N\u0116RA gr\u016bd\u0173, dirbtini\u0173 da\u017eikli\u0173, konservant\u0173 ar GMO.<\/p>\n<\/li>\n<\/ul>\n<p data-start=\"2279\" data-end=\"2562\"><strong data-start=\"2279\" data-end=\"2291\">Sud\u0117tis:<\/strong><br data-start=\"2291\" data-end=\"2294\" \/>Dehidratuota kalakutiena (30%), \u0161vie\u017eia vi\u0161tiena (26%), pauk\u0161\u010di\u0173 riebalai (12%), geltonieji \u017eirniai, avin\u017eirniai, la\u0161i\u0161os aliejus, hidrolizuotos vi\u0161tienos kepenys, lin\u0173 s\u0117menys, alaus miel\u0117s, kolostrumas, d\u017eiovintos spanguol\u0117s, mineralai, probiotikai ir prebiotikai.<\/p>\n<p data-start=\"2564\" data-end=\"2690\"><strong data-start=\"2564\" data-end=\"2586\">Analitin\u0117 sud\u0117tis:<\/strong><br data-start=\"2586\" data-end=\"2589\" \/>Baltymai 38%, riebalai 18%, skaidulos 1,5%, kalcis 1,2%, fosforas 0,9%, Omega-3 0,5%, Omega-6 2,2%.<\/p>\n<p data-start=\"2692\" data-end=\"2875\"><strong data-start=\"2692\" data-end=\"2716\">Laikymas ir \u0161\u0117rimas:<\/strong><br data-start=\"2716\" data-end=\"2719\" \/>Tiekite saus\u0105 arba \u0161iek tiek sudr\u0117kint\u0105. Priklausomai nuo ka\u010diuko am\u017eiaus ir aktyvumo, reguliuokite porcijas. Visada u\u017etikrinkite \u0161vie\u017ei\u0105 geriam\u0105 vanden\u012f.<\/p>\n<p data-start=\"2877\" data-end=\"2929\"><strong data-start=\"2877\" data-end=\"2929\">\ud83c\udf3f Sveikas startas gyvenimui \u2013 Brit Care Kitten!<\/strong><\/p>\n","protected":false},"featured_media":52157,"template":"","meta":[],"product_brand":[],"product_cat":[528],"product_tag":[],"class_list":{"0":"post-52167","1":"product","2":"type-product","3":"status-publish","4":"has-post-thumbnail","6":"product_cat-sausas-maistas","8":"first","9":"instock","10":"taxable","11":"shipping-taxable","12":"purchasable","13":"product-type-simple"},"yoast_head":"<!-- This site is optimized with the Yoast SEO plugin v27.2 - https:\/\/yoast.com\/product\/yoast-seo-wordpress\/ -->\n<title>Brit Care Kitten Turkey &amp; Chicken 2kg - MiuMjau<\/title>\n<meta name=\"robots\" content=\"index, follow, max-snippet:-1, max-image-preview:large, max-video-preview:-1\" \/>\n<link rel=\"canonical\" href=\"https:\/\/miumjau.ee\/lt\/produktas\/brit-care-kitten-turkey-chicken-2kg\/\" \/>\n<meta property=\"og:locale\" content=\"lt_LT\" \/>\n<meta property=\"og:type\" content=\"article\" \/>\n<meta property=\"og:title\" content=\"Brit Care Kitten Turkey &amp; Chicken 2kg - MiuMjau\" \/>\n<meta property=\"og:description\" content=\"Hipoalerginis ir be gr\u016bd\u0173 pilnavertis maistas ka\u010diukams, taip pat n\u0117\u0161\u010dioms ir \u017eindan\u010dioms kat\u0117ms. Lengvai vir\u0161kinamas ir maistingas, palaiko ka\u010diuk\u0173 augim\u0105 ir motinos energijos poreikius. Pagrindin\u0117s savyb\u0117s:     Stipri imunin\u0117 sistema \u2013 kolostrumas ir probiotikai stiprina organizmo atsparum\u0105.    Sveika \u0161irdis ir reg\u0117jimas \u2013 taurinas palaiko \u0161irdies ir aki\u0173 sveikat\u0105.    Raumen\u0173 augimas ir vystymasis \u2013 auk\u0161tas baltym\u0173 kiekis u\u017etikrina stipri\u0105 k\u016bno strukt\u016br\u0105.    Subalansuoti mineralai \u2013 tinkamas kalcio, fosforo ir D vitamino kiekis palaiko kaul\u0173 sveikat\u0105.    Nat\u016bralu ir saugu \u2013 N\u0116RA gr\u016bd\u0173, dirbtini\u0173 da\u017eikli\u0173, konservant\u0173 ar GMO.   Sud\u0117tis:Dehidratuota kalakutiena (30%), \u0161vie\u017eia vi\u0161tiena (26%), pauk\u0161\u010di\u0173 riebalai (12%), geltonieji \u017eirniai, avin\u017eirniai, la\u0161i\u0161os aliejus, hidrolizuotos vi\u0161tienos kepenys, lin\u0173 s\u0117menys, alaus miel\u0117s, kolostrumas, d\u017eiovintos spanguol\u0117s, mineralai, probiotikai ir prebiotikai. Analitin\u0117 sud\u0117tis:Baltymai 38%, riebalai 18%, skaidulos 1,5%, kalcis 1,2%, fosforas 0,9%, Omega-3 0,5%, Omega-6 2,2%. Laikymas ir \u0161\u0117rimas:Tiekite saus\u0105 arba \u0161iek tiek sudr\u0117kint\u0105. Priklausomai nuo ka\u010diuko am\u017eiaus ir aktyvumo, reguliuokite porcijas. Visada u\u017etikrinkite \u0161vie\u017ei\u0105 geriam\u0105 vanden\u012f. \ud83c\udf3f Sveikas startas gyvenimui \u2013 Brit Care Kitten!\" \/>\n<meta property=\"og:url\" content=\"https:\/\/miumjau.ee\/lt\/produktas\/brit-care-kitten-turkey-chicken-2kg\/\" \/>\n<meta property=\"og:site_name\" content=\"MiuMjau\" \/>\n<meta property=\"article:publisher\" content=\"https:\/\/www.facebook.com\/miumjaupood\/\" \/>\n<meta property=\"og:image\" content=\"https:\/\/miumjau.ee\/wp-content\/uploads\/2025\/02\/brit-care-kuivtoit1.jpg\" \/>\n\t<meta property=\"og:image:width\" content=\"600\" \/>\n\t<meta property=\"og:image:height\" content=\"800\" \/>\n\t<meta property=\"og:image:type\" content=\"image\/jpeg\" \/>\n<meta name=\"twitter:card\" content=\"summary_large_image\" \/>\n<script type=\"application\/ld+json\" class=\"yoast-schema-graph\">{\"@context\":\"https:\/\/schema.org\",\"@graph\":[{\"@type\":\"WebPage\",\"@id\":\"https:\/\/miumjau.ee\/lt\/produktas\/brit-care-kitten-turkey-chicken-2kg\/\",\"url\":\"https:\/\/miumjau.ee\/lt\/produktas\/brit-care-kitten-turkey-chicken-2kg\/\",\"name\":\"Brit Care Kitten Turkey & Chicken 2kg - MiuMjau\",\"isPartOf\":{\"@id\":\"https:\/\/miumjau.ee\/#website\"},\"primaryImageOfPage\":{\"@id\":\"https:\/\/miumjau.ee\/lt\/produktas\/brit-care-kitten-turkey-chicken-2kg\/#primaryimage\"},\"image\":{\"@id\":\"https:\/\/miumjau.ee\/lt\/produktas\/brit-care-kitten-turkey-chicken-2kg\/#primaryimage\"},\"thumbnailUrl\":\"https:\/\/miumjau.ee\/wp-content\/uploads\/2025\/02\/brit-care-kuivtoit1.jpg\",\"datePublished\":\"2025-02-18T11:56:27+00:00\",\"breadcrumb\":{\"@id\":\"https:\/\/miumjau.ee\/lt\/produktas\/brit-care-kitten-turkey-chicken-2kg\/#breadcrumb\"},\"inLanguage\":\"lt-LT\",\"potentialAction\":[{\"@type\":\"ReadAction\",\"target\":[\"https:\/\/miumjau.ee\/lt\/produktas\/brit-care-kitten-turkey-chicken-2kg\/\"]}]},{\"@type\":\"ImageObject\",\"inLanguage\":\"lt-LT\",\"@id\":\"https:\/\/miumjau.ee\/lt\/produktas\/brit-care-kitten-turkey-chicken-2kg\/#primaryimage\",\"url\":\"https:\/\/miumjau.ee\/wp-content\/uploads\/2025\/02\/brit-care-kuivtoit1.jpg\",\"contentUrl\":\"https:\/\/miumjau.ee\/wp-content\/uploads\/2025\/02\/brit-care-kuivtoit1.jpg\",\"width\":600,\"height\":800,\"caption\":\"Brit Care Kitten kuivtoit kassipojale kalkuni ja kanaga 400g\"},{\"@type\":\"BreadcrumbList\",\"@id\":\"https:\/\/miumjau.ee\/lt\/produktas\/brit-care-kitten-turkey-chicken-2kg\/#breadcrumb\",\"itemListElement\":[{\"@type\":\"ListItem\",\"position\":1,\"name\":\"Home\",\"item\":\"https:\/\/miumjau.ee\/lt\/\"},{\"@type\":\"ListItem\",\"position\":2,\"name\":\"Parduotuv\u0117\",\"item\":\"https:\/\/miumjau.ee\/lt\/parduotuve\/\"},{\"@type\":\"ListItem\",\"position\":3,\"name\":\"Brit Care Kitten Turkey &#038; Chicken 2kg\"}]},{\"@type\":\"WebSite\",\"@id\":\"https:\/\/miumjau.ee\/#website\",\"url\":\"https:\/\/miumjau.ee\/\",\"name\":\"MiuMjau\",\"description\":\"Kraapimispuud kassidele\",\"publisher\":{\"@id\":\"https:\/\/miumjau.ee\/#organization\"},\"potentialAction\":[{\"@type\":\"SearchAction\",\"target\":{\"@type\":\"EntryPoint\",\"urlTemplate\":\"https:\/\/miumjau.ee\/?s={search_term_string}\"},\"query-input\":{\"@type\":\"PropertyValueSpecification\",\"valueRequired\":true,\"valueName\":\"search_term_string\"}}],\"inLanguage\":\"lt-LT\"},{\"@type\":\"Organization\",\"@id\":\"https:\/\/miumjau.ee\/#organization\",\"name\":\"MiuMjau O\u00dc\",\"url\":\"https:\/\/miumjau.ee\/\",\"logo\":{\"@type\":\"ImageObject\",\"inLanguage\":\"lt-LT\",\"@id\":\"https:\/\/miumjau.ee\/#\/schema\/logo\/image\/\",\"url\":\"https:\/\/miumjau.ee\/wp-content\/uploads\/2022\/04\/MiuMjau-logo-kollane.png\",\"contentUrl\":\"https:\/\/miumjau.ee\/wp-content\/uploads\/2022\/04\/MiuMjau-logo-kollane.png\",\"width\":219,\"height\":100,\"caption\":\"MiuMjau O\u00dc\"},\"image\":{\"@id\":\"https:\/\/miumjau.ee\/#\/schema\/logo\/image\/\"},\"sameAs\":[\"https:\/\/www.facebook.com\/miumjaupood\/\"]}]}<\/script>\n<!-- \/ Yoast SEO plugin. -->","yoast_head_json":{"title":"Brit Care Kitten Turkey & Chicken 2kg - MiuMjau","robots":{"index":"index","follow":"follow","max-snippet":"max-snippet:-1","max-image-preview":"max-image-preview:large","max-video-preview":"max-video-preview:-1"},"canonical":"https:\/\/miumjau.ee\/lt\/produktas\/brit-care-kitten-turkey-chicken-2kg\/","og_locale":"lt_LT","og_type":"article","og_title":"Brit Care Kitten Turkey & Chicken 2kg - MiuMjau","og_description":"Hipoalerginis ir be gr\u016bd\u0173 pilnavertis maistas ka\u010diukams, taip pat n\u0117\u0161\u010dioms ir \u017eindan\u010dioms kat\u0117ms. Lengvai vir\u0161kinamas ir maistingas, palaiko ka\u010diuk\u0173 augim\u0105 ir motinos energijos poreikius. Pagrindin\u0117s savyb\u0117s:     Stipri imunin\u0117 sistema \u2013 kolostrumas ir probiotikai stiprina organizmo atsparum\u0105.    Sveika \u0161irdis ir reg\u0117jimas \u2013 taurinas palaiko \u0161irdies ir aki\u0173 sveikat\u0105.    Raumen\u0173 augimas ir vystymasis \u2013 auk\u0161tas baltym\u0173 kiekis u\u017etikrina stipri\u0105 k\u016bno strukt\u016br\u0105.    Subalansuoti mineralai \u2013 tinkamas kalcio, fosforo ir D vitamino kiekis palaiko kaul\u0173 sveikat\u0105.    Nat\u016bralu ir saugu \u2013 N\u0116RA gr\u016bd\u0173, dirbtini\u0173 da\u017eikli\u0173, konservant\u0173 ar GMO.   Sud\u0117tis:Dehidratuota kalakutiena (30%), \u0161vie\u017eia vi\u0161tiena (26%), pauk\u0161\u010di\u0173 riebalai (12%), geltonieji \u017eirniai, avin\u017eirniai, la\u0161i\u0161os aliejus, hidrolizuotos vi\u0161tienos kepenys, lin\u0173 s\u0117menys, alaus miel\u0117s, kolostrumas, d\u017eiovintos spanguol\u0117s, mineralai, probiotikai ir prebiotikai. Analitin\u0117 sud\u0117tis:Baltymai 38%, riebalai 18%, skaidulos 1,5%, kalcis 1,2%, fosforas 0,9%, Omega-3 0,5%, Omega-6 2,2%. Laikymas ir \u0161\u0117rimas:Tiekite saus\u0105 arba \u0161iek tiek sudr\u0117kint\u0105. Priklausomai nuo ka\u010diuko am\u017eiaus ir aktyvumo, reguliuokite porcijas. Visada u\u017etikrinkite \u0161vie\u017ei\u0105 geriam\u0105 vanden\u012f. \ud83c\udf3f Sveikas startas gyvenimui \u2013 Brit Care Kitten!","og_url":"https:\/\/miumjau.ee\/lt\/produktas\/brit-care-kitten-turkey-chicken-2kg\/","og_site_name":"MiuMjau","article_publisher":"https:\/\/www.facebook.com\/miumjaupood\/","og_image":[{"width":600,"height":800,"url":"https:\/\/miumjau.ee\/wp-content\/uploads\/2025\/02\/brit-care-kuivtoit1.jpg","type":"image\/jpeg"}],"twitter_card":"summary_large_image","schema":{"@context":"https:\/\/schema.org","@graph":[{"@type":"WebPage","@id":"https:\/\/miumjau.ee\/lt\/produktas\/brit-care-kitten-turkey-chicken-2kg\/","url":"https:\/\/miumjau.ee\/lt\/produktas\/brit-care-kitten-turkey-chicken-2kg\/","name":"Brit Care Kitten Turkey & Chicken 2kg - MiuMjau","isPartOf":{"@id":"https:\/\/miumjau.ee\/#website"},"primaryImageOfPage":{"@id":"https:\/\/miumjau.ee\/lt\/produktas\/brit-care-kitten-turkey-chicken-2kg\/#primaryimage"},"image":{"@id":"https:\/\/miumjau.ee\/lt\/produktas\/brit-care-kitten-turkey-chicken-2kg\/#primaryimage"},"thumbnailUrl":"https:\/\/miumjau.ee\/wp-content\/uploads\/2025\/02\/brit-care-kuivtoit1.jpg","datePublished":"2025-02-18T11:56:27+00:00","breadcrumb":{"@id":"https:\/\/miumjau.ee\/lt\/produktas\/brit-care-kitten-turkey-chicken-2kg\/#breadcrumb"},"inLanguage":"lt-LT","potentialAction":[{"@type":"ReadAction","target":["https:\/\/miumjau.ee\/lt\/produktas\/brit-care-kitten-turkey-chicken-2kg\/"]}]},{"@type":"ImageObject","inLanguage":"lt-LT","@id":"https:\/\/miumjau.ee\/lt\/produktas\/brit-care-kitten-turkey-chicken-2kg\/#primaryimage","url":"https:\/\/miumjau.ee\/wp-content\/uploads\/2025\/02\/brit-care-kuivtoit1.jpg","contentUrl":"https:\/\/miumjau.ee\/wp-content\/uploads\/2025\/02\/brit-care-kuivtoit1.jpg","width":600,"height":800,"caption":"Brit Care Kitten kuivtoit kassipojale kalkuni ja kanaga 400g"},{"@type":"BreadcrumbList","@id":"https:\/\/miumjau.ee\/lt\/produktas\/brit-care-kitten-turkey-chicken-2kg\/#breadcrumb","itemListElement":[{"@type":"ListItem","position":1,"name":"Home","item":"https:\/\/miumjau.ee\/lt\/"},{"@type":"ListItem","position":2,"name":"Parduotuv\u0117","item":"https:\/\/miumjau.ee\/lt\/parduotuve\/"},{"@type":"ListItem","position":3,"name":"Brit Care Kitten Turkey &#038; Chicken 2kg"}]},{"@type":"WebSite","@id":"https:\/\/miumjau.ee\/#website","url":"https:\/\/miumjau.ee\/","name":"MiuMjau","description":"Kraapimispuud kassidele","publisher":{"@id":"https:\/\/miumjau.ee\/#organization"},"potentialAction":[{"@type":"SearchAction","target":{"@type":"EntryPoint","urlTemplate":"https:\/\/miumjau.ee\/?s={search_term_string}"},"query-input":{"@type":"PropertyValueSpecification","valueRequired":true,"valueName":"search_term_string"}}],"inLanguage":"lt-LT"},{"@type":"Organization","@id":"https:\/\/miumjau.ee\/#organization","name":"MiuMjau O\u00dc","url":"https:\/\/miumjau.ee\/","logo":{"@type":"ImageObject","inLanguage":"lt-LT","@id":"https:\/\/miumjau.ee\/#\/schema\/logo\/image\/","url":"https:\/\/miumjau.ee\/wp-content\/uploads\/2022\/04\/MiuMjau-logo-kollane.png","contentUrl":"https:\/\/miumjau.ee\/wp-content\/uploads\/2022\/04\/MiuMjau-logo-kollane.png","width":219,"height":100,"caption":"MiuMjau O\u00dc"},"image":{"@id":"https:\/\/miumjau.ee\/#\/schema\/logo\/image\/"},"sameAs":["https:\/\/www.facebook.com\/miumjaupood\/"]}]}},"_links":{"self":[{"href":"https:\/\/miumjau.ee\/lt\/wp-json\/wp\/v2\/product\/52167","targetHints":{"allow":["GET"]}}],"collection":[{"href":"https:\/\/miumjau.ee\/lt\/wp-json\/wp\/v2\/product"}],"about":[{"href":"https:\/\/miumjau.ee\/lt\/wp-json\/wp\/v2\/types\/product"}],"wp:featuredmedia":[{"embeddable":true,"href":"https:\/\/miumjau.ee\/lt\/wp-json\/wp\/v2\/media\/52157"}],"wp:attachment":[{"href":"https:\/\/miumjau.ee\/lt\/wp-json\/wp\/v2\/media?parent=52167"}],"wp:term":[{"taxonomy":"product_brand","embeddable":true,"href":"https:\/\/miumjau.ee\/lt\/wp-json\/wp\/v2\/product_brand?post=52167"},{"taxonomy":"product_cat","embeddable":true,"href":"https:\/\/miumjau.ee\/lt\/wp-json\/wp\/v2\/product_cat?post=52167"},{"taxonomy":"product_tag","embeddable":true,"href":"https:\/\/miumjau.ee\/lt\/wp-json\/wp\/v2\/product_tag?post=52167"}],"curies":[{"name":"wp","href":"https:\/\/api.w.org\/{rel}","templated":true}]}}