{"id":52162,"date":"2025-03-24T09:29:16","date_gmt":"2025-03-24T07:29:16","guid":{"rendered":"https:\/\/miumjau.ee\/toode\/brit-care-haircare-salmon-chicken-grainfree-7kg\/"},"modified":"2025-03-24T09:29:16","modified_gmt":"2025-03-24T07:29:16","slug":"brit-care-haircare-salmon-chicken-grainfree-7kg","status":"publish","type":"product","link":"https:\/\/miumjau.ee\/lt\/produktas\/brit-care-haircare-salmon-chicken-grainfree-7kg\/","title":{"rendered":"Brit Care Haircare Salmon &#038; Chicken, grainfree 7kg"},"content":{"rendered":"","protected":false},"excerpt":{"rendered":"<p data-start=\"2335\" data-end=\"2422\"><strong data-start=\"2335\" data-end=\"2420\">Pilnavertis maistas suaugusiems kat\u0117ms, kuri\u0173 kailiui reikia ypatingos prie\u017ei\u016bros<\/strong><\/p>\n<p data-start=\"2424\" data-end=\"2675\">Hipoalerginis ir be gr\u016bd\u0173 receptas, turtingas skaidulomis, palengvina plauk\u0173 kamuoliuk\u0173 pa\u0161alinim\u0105. Auk\u0161tos kokyb\u0117s baltymai i\u0161 m\u0117sos padeda i\u0161laikyti raumenis lieknus ir stiprius. Taurinas, svarbus kat\u0117ms, palaiko ger\u0105 reg\u0117jim\u0105 ir \u0161irdies sveikat\u0105.<\/p>\n<p data-start=\"2677\" data-end=\"2703\"><strong data-start=\"2677\" data-end=\"2701\">Pagrindin\u0117s savyb\u0117s:<\/strong><\/p>\n<ul data-start=\"2704\" data-end=\"3115\">\n<li data-start=\"2704\" data-end=\"2860\">\n<p data-start=\"2706\" data-end=\"2860\"><strong data-start=\"2706\" data-end=\"2748\">\u0160VIE\u017dIA LA\u0160I\u0160A, VI\u0160TIENA, LIN\u0172 S\u0116MENYS<\/strong> \u2013 nat\u016bral\u016bs omega-3 ir omega-6 riebal\u0173 r\u016bg\u0161\u010di\u0173 \u0161altiniai, padedantys i\u0161laikyti kail\u012f spindint\u012f ir od\u0105 sveik\u0105.<\/p>\n<\/li>\n<li data-start=\"2861\" data-end=\"3030\">\n<p data-start=\"2863\" data-end=\"3030\"><strong data-start=\"2863\" data-end=\"2876\">SKAIDULOS<\/strong> \u2013 skaidulomis turintys ingredientai skatina plauk\u0173 kamuoliuk\u0173 pa\u0161alinim\u0105, suteikia sotumo jausm\u0105, ma\u017eina maisto suvartojim\u0105 ir padeda reguliuoti svor\u012f.<\/p>\n<\/li>\n<li data-start=\"3031\" data-end=\"3115\">\n<p data-start=\"3033\" data-end=\"3115\"><strong data-start=\"3033\" data-end=\"3063\">PROBIOTIKAI IR PREBIOTIKAI<\/strong> \u2013 stiprina imunin\u0119 sistem\u0105 ir palaiko vir\u0161kinim\u0105.<\/p>\n<\/li>\n<\/ul>\n<p data-start=\"3117\" data-end=\"3192\">Be gr\u016bd\u0173 \u2013 nesud\u0117tyje n\u0117ra dirbtini\u0173 da\u017eikli\u0173, konservant\u0173, GMO ar sojos.<\/p>\n<p data-start=\"3194\" data-end=\"3810\"><strong data-start=\"3194\" data-end=\"3206\">Sud\u0117tis:<\/strong><br data-start=\"3206\" data-end=\"3209\" \/>\u0160vie\u017eia la\u0161i\u0161a (26%), dehidratuota vi\u0161tiena (26%), geltonieji \u017eirniai (14%), avin\u017eirniai (8%), vi\u0161tienos riebalai (6%), d\u017eiovinti obuoliai (6%), la\u0161i\u0161os aliejus (3%), arbat\u017eoli\u0173 luk\u0161tai ir s\u0117klos (2%), lin\u0173 s\u0117menys (2%), hidrolizuotos vi\u0161tienos kepenys (2%), alaus miel\u0117s (2%), d\u017eiovintos j\u016bros dumbli\u0173 Schizochytrium limacinum (1,5%), d\u017eiovinti ramun\u0117li\u0173 \u017eiedai (0,5%), mineralai, d\u017eiovinti \u0161altalankiai (0,3%), d\u017eiovintos spanguol\u0117s (0,2%), frukto-oligosacharidai (0,015%), mannan-oligosacharidai (0,015%), Mojave juka (0,008%), inaktyvuoti Lactobacillus acidophilus HA \u2013 122 (15&#215;10\u2079 l\u0105steli\u0173\/kg).<\/p>\n<p data-start=\"3812\" data-end=\"3986\"><strong data-start=\"3812\" data-end=\"3834\">Analitin\u0117 sud\u0117tis:<\/strong><br data-start=\"3834\" data-end=\"3837\" \/>Baltymai 31%, riebalai 16%, skaidulos 4%, pelenai 8,5%, dr\u0117gm\u0117 10%, omega-3 1,2%, omega-6 2%, kalcis 1,1%, fosforas 0,9%, natrio 0,9%, magnis 0,1%.<\/p>\n<p data-start=\"3988\" data-end=\"4398\"><strong data-start=\"3988\" data-end=\"4006\">Papildai 1\u202fkg:<\/strong><br data-start=\"4006\" data-end=\"4009\" \/>A vitaminas 20\u202f000 TV, D3 vitaminas 800 TV, E vitaminas 600\u202fmg, C vitaminas 300\u202fmg, taurinas 2\u202f500\u202fmg, L-karnitinas 50\u202fmg, cholinas 2\u202f500\u202fmg, biotinas 2\u202fmg, B1 10\u202fmg, B2 12\u202fmg, niacinoamidas 50\u202fmg, kalcio D-pantotenatas 40\u202fmg, B6 10\u202fmg, folio r\u016bg\u0161tis 2\u202fmg, B12 0,04\u202fmg, cinkas 120\u202fmg, gele\u017eis 45\u202fmg, manganas 55\u202fmg, kalio jodidas 4\u202fmg, varis 10\u202fmg, selenas 0,2\u202fmg, L-metioninas 2\u202f000\u202fmg.<\/p>\n<p data-start=\"4400\" data-end=\"4557\">Sud\u0117tyje yra Europos S\u0105jungoje patvirtint\u0173 nat\u016brali\u0173 antioksidant\u0173: tokoferolio ekstraktai i\u0161 augalini\u0173 aliej\u0173, askorbilpalmitatas ir rozmarino ekstraktas.<\/p>\n<p data-start=\"4559\" data-end=\"4599\"><strong data-start=\"4559\" data-end=\"4583\">Metabolin\u0117 energija:<\/strong> 3\u202f720\u202fkcal\/kg<\/p>\n","protected":false},"featured_media":43126,"template":"","meta":[],"product_brand":[],"product_cat":[528],"product_tag":[],"class_list":{"0":"post-52162","1":"product","2":"type-product","3":"status-publish","4":"has-post-thumbnail","6":"product_cat-sausas-maistas","8":"first","9":"instock","10":"taxable","11":"shipping-taxable","12":"purchasable","13":"product-type-simple"},"yoast_head":"<!-- This site is optimized with the Yoast SEO plugin v27.2 - https:\/\/yoast.com\/product\/yoast-seo-wordpress\/ -->\n<title>Brit Care Haircare Salmon &amp; Chicken, grainfree 7kg - MiuMjau<\/title>\n<meta name=\"robots\" content=\"index, follow, max-snippet:-1, max-image-preview:large, max-video-preview:-1\" \/>\n<link rel=\"canonical\" href=\"https:\/\/miumjau.ee\/lt\/produktas\/brit-care-haircare-salmon-chicken-grainfree-7kg\/\" \/>\n<meta property=\"og:locale\" content=\"lt_LT\" \/>\n<meta property=\"og:type\" content=\"article\" \/>\n<meta property=\"og:title\" content=\"Brit Care Haircare Salmon &amp; Chicken, grainfree 7kg - MiuMjau\" \/>\n<meta property=\"og:description\" content=\"Pilnavertis maistas suaugusiems kat\u0117ms, kuri\u0173 kailiui reikia ypatingos prie\u017ei\u016bros Hipoalerginis ir be gr\u016bd\u0173 receptas, turtingas skaidulomis, palengvina plauk\u0173 kamuoliuk\u0173 pa\u0161alinim\u0105. Auk\u0161tos kokyb\u0117s baltymai i\u0161 m\u0117sos padeda i\u0161laikyti raumenis lieknus ir stiprius. Taurinas, svarbus kat\u0117ms, palaiko ger\u0105 reg\u0117jim\u0105 ir \u0161irdies sveikat\u0105. Pagrindin\u0117s savyb\u0117s:     \u0160VIE\u017dIA LA\u0160I\u0160A, VI\u0160TIENA, LIN\u0172 S\u0116MENYS \u2013 nat\u016bral\u016bs omega-3 ir omega-6 riebal\u0173 r\u016bg\u0161\u010di\u0173 \u0161altiniai, padedantys i\u0161laikyti kail\u012f spindint\u012f ir od\u0105 sveik\u0105.    SKAIDULOS \u2013 skaidulomis turintys ingredientai skatina plauk\u0173 kamuoliuk\u0173 pa\u0161alinim\u0105, suteikia sotumo jausm\u0105, ma\u017eina maisto suvartojim\u0105 ir padeda reguliuoti svor\u012f.    PROBIOTIKAI IR PREBIOTIKAI \u2013 stiprina imunin\u0119 sistem\u0105 ir palaiko vir\u0161kinim\u0105.   Be gr\u016bd\u0173 \u2013 nesud\u0117tyje n\u0117ra dirbtini\u0173 da\u017eikli\u0173, konservant\u0173, GMO ar sojos. Sud\u0117tis:\u0160vie\u017eia la\u0161i\u0161a (26%), dehidratuota vi\u0161tiena (26%), geltonieji \u017eirniai (14%), avin\u017eirniai (8%), vi\u0161tienos riebalai (6%), d\u017eiovinti obuoliai (6%), la\u0161i\u0161os aliejus (3%), arbat\u017eoli\u0173 luk\u0161tai ir s\u0117klos (2%), lin\u0173 s\u0117menys (2%), hidrolizuotos vi\u0161tienos kepenys (2%), alaus miel\u0117s (2%), d\u017eiovintos j\u016bros dumbli\u0173 Schizochytrium limacinum (1,5%), d\u017eiovinti ramun\u0117li\u0173 \u017eiedai (0,5%), mineralai, d\u017eiovinti \u0161altalankiai (0,3%), d\u017eiovintos spanguol\u0117s (0,2%), frukto-oligosacharidai (0,015%), mannan-oligosacharidai (0,015%), Mojave juka (0,008%), inaktyvuoti Lactobacillus acidophilus HA \u2013 122 (15x10\u2079 l\u0105steli\u0173\/kg). Analitin\u0117 sud\u0117tis:Baltymai 31%, riebalai 16%, skaidulos 4%, pelenai 8,5%, dr\u0117gm\u0117 10%, omega-3 1,2%, omega-6 2%, kalcis 1,1%, fosforas 0,9%, natrio 0,9%, magnis 0,1%. Papildai 1\u202fkg:A vitaminas 20\u202f000 TV, D3 vitaminas 800 TV, E vitaminas 600\u202fmg, C vitaminas 300\u202fmg, taurinas 2\u202f500\u202fmg, L-karnitinas 50\u202fmg, cholinas 2\u202f500\u202fmg, biotinas 2\u202fmg, B1 10\u202fmg, B2 12\u202fmg, niacinoamidas 50\u202fmg, kalcio D-pantotenatas 40\u202fmg, B6 10\u202fmg, folio r\u016bg\u0161tis 2\u202fmg, B12 0,04\u202fmg, cinkas 120\u202fmg, gele\u017eis 45\u202fmg, manganas 55\u202fmg, kalio jodidas 4\u202fmg, varis 10\u202fmg, selenas 0,2\u202fmg, L-metioninas 2\u202f000\u202fmg. Sud\u0117tyje yra Europos S\u0105jungoje patvirtint\u0173 nat\u016brali\u0173 antioksidant\u0173: tokoferolio ekstraktai i\u0161 augalini\u0173 aliej\u0173, askorbilpalmitatas ir rozmarino ekstraktas. Metabolin\u0117 energija: 3\u202f720\u202fkcal\/kg\" \/>\n<meta property=\"og:url\" content=\"https:\/\/miumjau.ee\/lt\/produktas\/brit-care-haircare-salmon-chicken-grainfree-7kg\/\" \/>\n<meta property=\"og:site_name\" content=\"MiuMjau\" \/>\n<meta property=\"article:publisher\" content=\"https:\/\/www.facebook.com\/miumjaupood\/\" \/>\n<meta property=\"og:image\" content=\"https:\/\/miumjau.ee\/wp-content\/uploads\/2025\/03\/brit-care-kuivtoit-kassidele-7kg2.webp\" \/>\n\t<meta property=\"og:image:width\" content=\"600\" \/>\n\t<meta property=\"og:image:height\" content=\"800\" \/>\n\t<meta property=\"og:image:type\" content=\"image\/webp\" \/>\n<meta name=\"twitter:card\" content=\"summary_large_image\" \/>\n<script type=\"application\/ld+json\" class=\"yoast-schema-graph\">{\"@context\":\"https:\/\/schema.org\",\"@graph\":[{\"@type\":\"WebPage\",\"@id\":\"https:\/\/miumjau.ee\/lt\/produktas\/brit-care-haircare-salmon-chicken-grainfree-7kg\/\",\"url\":\"https:\/\/miumjau.ee\/lt\/produktas\/brit-care-haircare-salmon-chicken-grainfree-7kg\/\",\"name\":\"Brit Care Haircare Salmon & Chicken, grainfree 7kg - MiuMjau\",\"isPartOf\":{\"@id\":\"https:\/\/miumjau.ee\/#website\"},\"primaryImageOfPage\":{\"@id\":\"https:\/\/miumjau.ee\/lt\/produktas\/brit-care-haircare-salmon-chicken-grainfree-7kg\/#primaryimage\"},\"image\":{\"@id\":\"https:\/\/miumjau.ee\/lt\/produktas\/brit-care-haircare-salmon-chicken-grainfree-7kg\/#primaryimage\"},\"thumbnailUrl\":\"https:\/\/miumjau.ee\/wp-content\/uploads\/2025\/03\/brit-care-kuivtoit-kassidele-7kg2.webp\",\"datePublished\":\"2025-03-24T07:29:16+00:00\",\"breadcrumb\":{\"@id\":\"https:\/\/miumjau.ee\/lt\/produktas\/brit-care-haircare-salmon-chicken-grainfree-7kg\/#breadcrumb\"},\"inLanguage\":\"lt-LT\",\"potentialAction\":[{\"@type\":\"ReadAction\",\"target\":[\"https:\/\/miumjau.ee\/lt\/produktas\/brit-care-haircare-salmon-chicken-grainfree-7kg\/\"]}]},{\"@type\":\"ImageObject\",\"inLanguage\":\"lt-LT\",\"@id\":\"https:\/\/miumjau.ee\/lt\/produktas\/brit-care-haircare-salmon-chicken-grainfree-7kg\/#primaryimage\",\"url\":\"https:\/\/miumjau.ee\/wp-content\/uploads\/2025\/03\/brit-care-kuivtoit-kassidele-7kg2.webp\",\"contentUrl\":\"https:\/\/miumjau.ee\/wp-content\/uploads\/2025\/03\/brit-care-kuivtoit-kassidele-7kg2.webp\",\"width\":600,\"height\":800},{\"@type\":\"BreadcrumbList\",\"@id\":\"https:\/\/miumjau.ee\/lt\/produktas\/brit-care-haircare-salmon-chicken-grainfree-7kg\/#breadcrumb\",\"itemListElement\":[{\"@type\":\"ListItem\",\"position\":1,\"name\":\"Home\",\"item\":\"https:\/\/miumjau.ee\/lt\/\"},{\"@type\":\"ListItem\",\"position\":2,\"name\":\"Parduotuv\u0117\",\"item\":\"https:\/\/miumjau.ee\/lt\/parduotuve\/\"},{\"@type\":\"ListItem\",\"position\":3,\"name\":\"Brit Care Haircare Salmon &#038; Chicken, grainfree 7kg\"}]},{\"@type\":\"WebSite\",\"@id\":\"https:\/\/miumjau.ee\/#website\",\"url\":\"https:\/\/miumjau.ee\/\",\"name\":\"MiuMjau\",\"description\":\"Kraapimispuud kassidele\",\"publisher\":{\"@id\":\"https:\/\/miumjau.ee\/#organization\"},\"potentialAction\":[{\"@type\":\"SearchAction\",\"target\":{\"@type\":\"EntryPoint\",\"urlTemplate\":\"https:\/\/miumjau.ee\/?s={search_term_string}\"},\"query-input\":{\"@type\":\"PropertyValueSpecification\",\"valueRequired\":true,\"valueName\":\"search_term_string\"}}],\"inLanguage\":\"lt-LT\"},{\"@type\":\"Organization\",\"@id\":\"https:\/\/miumjau.ee\/#organization\",\"name\":\"MiuMjau O\u00dc\",\"url\":\"https:\/\/miumjau.ee\/\",\"logo\":{\"@type\":\"ImageObject\",\"inLanguage\":\"lt-LT\",\"@id\":\"https:\/\/miumjau.ee\/#\/schema\/logo\/image\/\",\"url\":\"https:\/\/miumjau.ee\/wp-content\/uploads\/2022\/04\/MiuMjau-logo-kollane.png\",\"contentUrl\":\"https:\/\/miumjau.ee\/wp-content\/uploads\/2022\/04\/MiuMjau-logo-kollane.png\",\"width\":219,\"height\":100,\"caption\":\"MiuMjau O\u00dc\"},\"image\":{\"@id\":\"https:\/\/miumjau.ee\/#\/schema\/logo\/image\/\"},\"sameAs\":[\"https:\/\/www.facebook.com\/miumjaupood\/\"]}]}<\/script>\n<!-- \/ Yoast SEO plugin. -->","yoast_head_json":{"title":"Brit Care Haircare Salmon & Chicken, grainfree 7kg - MiuMjau","robots":{"index":"index","follow":"follow","max-snippet":"max-snippet:-1","max-image-preview":"max-image-preview:large","max-video-preview":"max-video-preview:-1"},"canonical":"https:\/\/miumjau.ee\/lt\/produktas\/brit-care-haircare-salmon-chicken-grainfree-7kg\/","og_locale":"lt_LT","og_type":"article","og_title":"Brit Care Haircare Salmon & Chicken, grainfree 7kg - MiuMjau","og_description":"Pilnavertis maistas suaugusiems kat\u0117ms, kuri\u0173 kailiui reikia ypatingos prie\u017ei\u016bros Hipoalerginis ir be gr\u016bd\u0173 receptas, turtingas skaidulomis, palengvina plauk\u0173 kamuoliuk\u0173 pa\u0161alinim\u0105. Auk\u0161tos kokyb\u0117s baltymai i\u0161 m\u0117sos padeda i\u0161laikyti raumenis lieknus ir stiprius. Taurinas, svarbus kat\u0117ms, palaiko ger\u0105 reg\u0117jim\u0105 ir \u0161irdies sveikat\u0105. Pagrindin\u0117s savyb\u0117s:     \u0160VIE\u017dIA LA\u0160I\u0160A, VI\u0160TIENA, LIN\u0172 S\u0116MENYS \u2013 nat\u016bral\u016bs omega-3 ir omega-6 riebal\u0173 r\u016bg\u0161\u010di\u0173 \u0161altiniai, padedantys i\u0161laikyti kail\u012f spindint\u012f ir od\u0105 sveik\u0105.    SKAIDULOS \u2013 skaidulomis turintys ingredientai skatina plauk\u0173 kamuoliuk\u0173 pa\u0161alinim\u0105, suteikia sotumo jausm\u0105, ma\u017eina maisto suvartojim\u0105 ir padeda reguliuoti svor\u012f.    PROBIOTIKAI IR PREBIOTIKAI \u2013 stiprina imunin\u0119 sistem\u0105 ir palaiko vir\u0161kinim\u0105.   Be gr\u016bd\u0173 \u2013 nesud\u0117tyje n\u0117ra dirbtini\u0173 da\u017eikli\u0173, konservant\u0173, GMO ar sojos. Sud\u0117tis:\u0160vie\u017eia la\u0161i\u0161a (26%), dehidratuota vi\u0161tiena (26%), geltonieji \u017eirniai (14%), avin\u017eirniai (8%), vi\u0161tienos riebalai (6%), d\u017eiovinti obuoliai (6%), la\u0161i\u0161os aliejus (3%), arbat\u017eoli\u0173 luk\u0161tai ir s\u0117klos (2%), lin\u0173 s\u0117menys (2%), hidrolizuotos vi\u0161tienos kepenys (2%), alaus miel\u0117s (2%), d\u017eiovintos j\u016bros dumbli\u0173 Schizochytrium limacinum (1,5%), d\u017eiovinti ramun\u0117li\u0173 \u017eiedai (0,5%), mineralai, d\u017eiovinti \u0161altalankiai (0,3%), d\u017eiovintos spanguol\u0117s (0,2%), frukto-oligosacharidai (0,015%), mannan-oligosacharidai (0,015%), Mojave juka (0,008%), inaktyvuoti Lactobacillus acidophilus HA \u2013 122 (15x10\u2079 l\u0105steli\u0173\/kg). Analitin\u0117 sud\u0117tis:Baltymai 31%, riebalai 16%, skaidulos 4%, pelenai 8,5%, dr\u0117gm\u0117 10%, omega-3 1,2%, omega-6 2%, kalcis 1,1%, fosforas 0,9%, natrio 0,9%, magnis 0,1%. Papildai 1\u202fkg:A vitaminas 20\u202f000 TV, D3 vitaminas 800 TV, E vitaminas 600\u202fmg, C vitaminas 300\u202fmg, taurinas 2\u202f500\u202fmg, L-karnitinas 50\u202fmg, cholinas 2\u202f500\u202fmg, biotinas 2\u202fmg, B1 10\u202fmg, B2 12\u202fmg, niacinoamidas 50\u202fmg, kalcio D-pantotenatas 40\u202fmg, B6 10\u202fmg, folio r\u016bg\u0161tis 2\u202fmg, B12 0,04\u202fmg, cinkas 120\u202fmg, gele\u017eis 45\u202fmg, manganas 55\u202fmg, kalio jodidas 4\u202fmg, varis 10\u202fmg, selenas 0,2\u202fmg, L-metioninas 2\u202f000\u202fmg. Sud\u0117tyje yra Europos S\u0105jungoje patvirtint\u0173 nat\u016brali\u0173 antioksidant\u0173: tokoferolio ekstraktai i\u0161 augalini\u0173 aliej\u0173, askorbilpalmitatas ir rozmarino ekstraktas. Metabolin\u0117 energija: 3\u202f720\u202fkcal\/kg","og_url":"https:\/\/miumjau.ee\/lt\/produktas\/brit-care-haircare-salmon-chicken-grainfree-7kg\/","og_site_name":"MiuMjau","article_publisher":"https:\/\/www.facebook.com\/miumjaupood\/","og_image":[{"width":600,"height":800,"url":"https:\/\/miumjau.ee\/wp-content\/uploads\/2025\/03\/brit-care-kuivtoit-kassidele-7kg2.webp","type":"image\/webp"}],"twitter_card":"summary_large_image","schema":{"@context":"https:\/\/schema.org","@graph":[{"@type":"WebPage","@id":"https:\/\/miumjau.ee\/lt\/produktas\/brit-care-haircare-salmon-chicken-grainfree-7kg\/","url":"https:\/\/miumjau.ee\/lt\/produktas\/brit-care-haircare-salmon-chicken-grainfree-7kg\/","name":"Brit Care Haircare Salmon & Chicken, grainfree 7kg - MiuMjau","isPartOf":{"@id":"https:\/\/miumjau.ee\/#website"},"primaryImageOfPage":{"@id":"https:\/\/miumjau.ee\/lt\/produktas\/brit-care-haircare-salmon-chicken-grainfree-7kg\/#primaryimage"},"image":{"@id":"https:\/\/miumjau.ee\/lt\/produktas\/brit-care-haircare-salmon-chicken-grainfree-7kg\/#primaryimage"},"thumbnailUrl":"https:\/\/miumjau.ee\/wp-content\/uploads\/2025\/03\/brit-care-kuivtoit-kassidele-7kg2.webp","datePublished":"2025-03-24T07:29:16+00:00","breadcrumb":{"@id":"https:\/\/miumjau.ee\/lt\/produktas\/brit-care-haircare-salmon-chicken-grainfree-7kg\/#breadcrumb"},"inLanguage":"lt-LT","potentialAction":[{"@type":"ReadAction","target":["https:\/\/miumjau.ee\/lt\/produktas\/brit-care-haircare-salmon-chicken-grainfree-7kg\/"]}]},{"@type":"ImageObject","inLanguage":"lt-LT","@id":"https:\/\/miumjau.ee\/lt\/produktas\/brit-care-haircare-salmon-chicken-grainfree-7kg\/#primaryimage","url":"https:\/\/miumjau.ee\/wp-content\/uploads\/2025\/03\/brit-care-kuivtoit-kassidele-7kg2.webp","contentUrl":"https:\/\/miumjau.ee\/wp-content\/uploads\/2025\/03\/brit-care-kuivtoit-kassidele-7kg2.webp","width":600,"height":800},{"@type":"BreadcrumbList","@id":"https:\/\/miumjau.ee\/lt\/produktas\/brit-care-haircare-salmon-chicken-grainfree-7kg\/#breadcrumb","itemListElement":[{"@type":"ListItem","position":1,"name":"Home","item":"https:\/\/miumjau.ee\/lt\/"},{"@type":"ListItem","position":2,"name":"Parduotuv\u0117","item":"https:\/\/miumjau.ee\/lt\/parduotuve\/"},{"@type":"ListItem","position":3,"name":"Brit Care Haircare Salmon &#038; Chicken, grainfree 7kg"}]},{"@type":"WebSite","@id":"https:\/\/miumjau.ee\/#website","url":"https:\/\/miumjau.ee\/","name":"MiuMjau","description":"Kraapimispuud kassidele","publisher":{"@id":"https:\/\/miumjau.ee\/#organization"},"potentialAction":[{"@type":"SearchAction","target":{"@type":"EntryPoint","urlTemplate":"https:\/\/miumjau.ee\/?s={search_term_string}"},"query-input":{"@type":"PropertyValueSpecification","valueRequired":true,"valueName":"search_term_string"}}],"inLanguage":"lt-LT"},{"@type":"Organization","@id":"https:\/\/miumjau.ee\/#organization","name":"MiuMjau O\u00dc","url":"https:\/\/miumjau.ee\/","logo":{"@type":"ImageObject","inLanguage":"lt-LT","@id":"https:\/\/miumjau.ee\/#\/schema\/logo\/image\/","url":"https:\/\/miumjau.ee\/wp-content\/uploads\/2022\/04\/MiuMjau-logo-kollane.png","contentUrl":"https:\/\/miumjau.ee\/wp-content\/uploads\/2022\/04\/MiuMjau-logo-kollane.png","width":219,"height":100,"caption":"MiuMjau O\u00dc"},"image":{"@id":"https:\/\/miumjau.ee\/#\/schema\/logo\/image\/"},"sameAs":["https:\/\/www.facebook.com\/miumjaupood\/"]}]}},"_links":{"self":[{"href":"https:\/\/miumjau.ee\/lt\/wp-json\/wp\/v2\/product\/52162","targetHints":{"allow":["GET"]}}],"collection":[{"href":"https:\/\/miumjau.ee\/lt\/wp-json\/wp\/v2\/product"}],"about":[{"href":"https:\/\/miumjau.ee\/lt\/wp-json\/wp\/v2\/types\/product"}],"wp:featuredmedia":[{"embeddable":true,"href":"https:\/\/miumjau.ee\/lt\/wp-json\/wp\/v2\/media\/43126"}],"wp:attachment":[{"href":"https:\/\/miumjau.ee\/lt\/wp-json\/wp\/v2\/media?parent=52162"}],"wp:term":[{"taxonomy":"product_brand","embeddable":true,"href":"https:\/\/miumjau.ee\/lt\/wp-json\/wp\/v2\/product_brand?post=52162"},{"taxonomy":"product_cat","embeddable":true,"href":"https:\/\/miumjau.ee\/lt\/wp-json\/wp\/v2\/product_cat?post=52162"},{"taxonomy":"product_tag","embeddable":true,"href":"https:\/\/miumjau.ee\/lt\/wp-json\/wp\/v2\/product_tag?post=52162"}],"curies":[{"name":"wp","href":"https:\/\/api.w.org\/{rel}","templated":true}]}}