{"id":52160,"date":"2025-03-23T17:37:19","date_gmt":"2025-03-23T15:37:19","guid":{"rendered":"https:\/\/miumjau.ee\/toode\/brit-care-senior-weight-control-7kg\/"},"modified":"2025-03-23T17:37:19","modified_gmt":"2025-03-23T15:37:19","slug":"brit-care-senior-weight-control-7kg","status":"publish","type":"product","link":"https:\/\/miumjau.ee\/lt\/produktas\/brit-care-senior-weight-control-7kg\/","title":{"rendered":"Brit Care Senior Weight Control 7kg"},"content":{"rendered":"","protected":false},"excerpt":{"rendered":"<p data-start=\"1270\" data-end=\"1349\"><strong data-start=\"1270\" data-end=\"1347\">Brit Care Senior Weight Control \u2013 subalansuotas maistas vyresniems kat\u0117ms<\/strong><\/p>\n<p data-start=\"1351\" data-end=\"1593\">Hipoalerginis ir be gr\u016bd\u0173 receptas su kokybi\u0161kais baltym\u0173 \u0161altiniais, palaikantis kat\u0117s sveikat\u0105 ir energij\u0105. Ma\u017eo riebal\u0173 ir daug skaidul\u0173 turintis sud\u0117tis padeda i\u0161laikyti ideal\u0173 svor\u012f, o probiotikai palaiko vir\u0161kinim\u0105 ir imunin\u0119 sistem\u0105.<\/p>\n<p data-start=\"1595\" data-end=\"1834\">Nat\u016bral\u016bs ingredientai, tokie kaip \u0161ermuk\u0161nis ir rugiag\u0117l\u0117, padeda i\u0161laikyti inkst\u0173 ir \u0161lapimo tak\u0173 sveikat\u0105, o subalansuotas vitamin\u0173 ir mineral\u0173 derinys u\u017etikrina kasdien\u0119 gerov\u0119. Nesud\u0117tyje n\u0117ra dirbtini\u0173 da\u017eikli\u0173, konservant\u0173 ar GMO.<\/p>\n<p data-start=\"1836\" data-end=\"2087\"><strong data-start=\"1836\" data-end=\"1848\">Sud\u0117tis:<\/strong> d\u017eiovinta vi\u0161tiena (27 %), \u0161vie\u017eia vi\u0161tiena (26 %), geltonieji \u017eirniai (22 %), obuoliai, vi\u0161tienos riebalai, alaus miel\u0117s, lin\u0173 s\u0117menys, la\u0161i\u0161os aliejus, \u017eolel\u0117s (rugiag\u0117l\u0117, ramun\u0117l\u0117, \u0161ermuk\u0161nis, spanguol\u0117s), prebiotikai ir probiotikai.<\/p>\n<p data-start=\"2089\" data-end=\"2213\"><strong data-start=\"2089\" data-end=\"2108\">Maistin\u0117 vert\u0117:<\/strong> baltymai 34 %, riebalai 15 %, skaidulos 4 %, pelenai 9,5 %, dr\u0117gm\u0117 10 %, Omega-3 0,4 %, Omega-6 1,2 %.<\/p>\n<p data-start=\"2215\" data-end=\"2305\">Skani ir subalansuota pilnavert\u0117 dieta, padedanti i\u0161laikyti j\u016bs\u0173 kat\u0119 sveik\u0105 ir aktyvi\u0105!<\/p>\n","protected":false},"featured_media":52158,"template":"","meta":[],"product_brand":[],"product_cat":[528],"product_tag":[],"class_list":{"0":"post-52160","1":"product","2":"type-product","3":"status-publish","4":"has-post-thumbnail","6":"product_cat-sausas-maistas","8":"first","9":"instock","10":"sale","11":"taxable","12":"shipping-taxable","13":"purchasable","14":"product-type-simple"},"yoast_head":"<!-- This site is optimized with the Yoast SEO plugin v27.2 - https:\/\/yoast.com\/product\/yoast-seo-wordpress\/ -->\n<title>Brit Care Senior Weight Control 7kg - MiuMjau<\/title>\n<meta name=\"robots\" content=\"index, follow, max-snippet:-1, max-image-preview:large, max-video-preview:-1\" \/>\n<link rel=\"canonical\" href=\"https:\/\/miumjau.ee\/lt\/produktas\/brit-care-senior-weight-control-7kg\/\" \/>\n<meta property=\"og:locale\" content=\"lt_LT\" \/>\n<meta property=\"og:type\" content=\"article\" \/>\n<meta property=\"og:title\" content=\"Brit Care Senior Weight Control 7kg - MiuMjau\" \/>\n<meta property=\"og:description\" content=\"Brit Care Senior Weight Control \u2013 subalansuotas maistas vyresniems kat\u0117ms Hipoalerginis ir be gr\u016bd\u0173 receptas su kokybi\u0161kais baltym\u0173 \u0161altiniais, palaikantis kat\u0117s sveikat\u0105 ir energij\u0105. Ma\u017eo riebal\u0173 ir daug skaidul\u0173 turintis sud\u0117tis padeda i\u0161laikyti ideal\u0173 svor\u012f, o probiotikai palaiko vir\u0161kinim\u0105 ir imunin\u0119 sistem\u0105. Nat\u016bral\u016bs ingredientai, tokie kaip \u0161ermuk\u0161nis ir rugiag\u0117l\u0117, padeda i\u0161laikyti inkst\u0173 ir \u0161lapimo tak\u0173 sveikat\u0105, o subalansuotas vitamin\u0173 ir mineral\u0173 derinys u\u017etikrina kasdien\u0119 gerov\u0119. Nesud\u0117tyje n\u0117ra dirbtini\u0173 da\u017eikli\u0173, konservant\u0173 ar GMO. Sud\u0117tis: d\u017eiovinta vi\u0161tiena (27 %), \u0161vie\u017eia vi\u0161tiena (26 %), geltonieji \u017eirniai (22 %), obuoliai, vi\u0161tienos riebalai, alaus miel\u0117s, lin\u0173 s\u0117menys, la\u0161i\u0161os aliejus, \u017eolel\u0117s (rugiag\u0117l\u0117, ramun\u0117l\u0117, \u0161ermuk\u0161nis, spanguol\u0117s), prebiotikai ir probiotikai. Maistin\u0117 vert\u0117: baltymai 34 %, riebalai 15 %, skaidulos 4 %, pelenai 9,5 %, dr\u0117gm\u0117 10 %, Omega-3 0,4 %, Omega-6 1,2 %. Skani ir subalansuota pilnavert\u0117 dieta, padedanti i\u0161laikyti j\u016bs\u0173 kat\u0119 sveik\u0105 ir aktyvi\u0105!\" \/>\n<meta property=\"og:url\" content=\"https:\/\/miumjau.ee\/lt\/produktas\/brit-care-senior-weight-control-7kg\/\" \/>\n<meta property=\"og:site_name\" content=\"MiuMjau\" \/>\n<meta property=\"article:publisher\" content=\"https:\/\/www.facebook.com\/miumjaupood\/\" \/>\n<meta property=\"og:image\" content=\"https:\/\/miumjau.ee\/wp-content\/uploads\/2025\/02\/brit-care-kuivtoit3.jpg\" \/>\n\t<meta property=\"og:image:width\" content=\"600\" \/>\n\t<meta property=\"og:image:height\" content=\"800\" \/>\n\t<meta property=\"og:image:type\" content=\"image\/jpeg\" \/>\n<meta name=\"twitter:card\" content=\"summary_large_image\" \/>\n<script type=\"application\/ld+json\" class=\"yoast-schema-graph\">{\"@context\":\"https:\/\/schema.org\",\"@graph\":[{\"@type\":\"WebPage\",\"@id\":\"https:\/\/miumjau.ee\/lt\/produktas\/brit-care-senior-weight-control-7kg\/\",\"url\":\"https:\/\/miumjau.ee\/lt\/produktas\/brit-care-senior-weight-control-7kg\/\",\"name\":\"Brit Care Senior Weight Control 7kg - MiuMjau\",\"isPartOf\":{\"@id\":\"https:\/\/miumjau.ee\/#website\"},\"primaryImageOfPage\":{\"@id\":\"https:\/\/miumjau.ee\/lt\/produktas\/brit-care-senior-weight-control-7kg\/#primaryimage\"},\"image\":{\"@id\":\"https:\/\/miumjau.ee\/lt\/produktas\/brit-care-senior-weight-control-7kg\/#primaryimage\"},\"thumbnailUrl\":\"https:\/\/miumjau.ee\/wp-content\/uploads\/2025\/02\/brit-care-kuivtoit3.jpg\",\"datePublished\":\"2025-03-23T15:37:19+00:00\",\"breadcrumb\":{\"@id\":\"https:\/\/miumjau.ee\/lt\/produktas\/brit-care-senior-weight-control-7kg\/#breadcrumb\"},\"inLanguage\":\"lt-LT\",\"potentialAction\":[{\"@type\":\"ReadAction\",\"target\":[\"https:\/\/miumjau.ee\/lt\/produktas\/brit-care-senior-weight-control-7kg\/\"]}]},{\"@type\":\"ImageObject\",\"inLanguage\":\"lt-LT\",\"@id\":\"https:\/\/miumjau.ee\/lt\/produktas\/brit-care-senior-weight-control-7kg\/#primaryimage\",\"url\":\"https:\/\/miumjau.ee\/wp-content\/uploads\/2025\/02\/brit-care-kuivtoit3.jpg\",\"contentUrl\":\"https:\/\/miumjau.ee\/wp-content\/uploads\/2025\/02\/brit-care-kuivtoit3.jpg\",\"width\":600,\"height\":800},{\"@type\":\"BreadcrumbList\",\"@id\":\"https:\/\/miumjau.ee\/lt\/produktas\/brit-care-senior-weight-control-7kg\/#breadcrumb\",\"itemListElement\":[{\"@type\":\"ListItem\",\"position\":1,\"name\":\"Home\",\"item\":\"https:\/\/miumjau.ee\/lt\/\"},{\"@type\":\"ListItem\",\"position\":2,\"name\":\"Parduotuv\u0117\",\"item\":\"https:\/\/miumjau.ee\/lt\/parduotuve\/\"},{\"@type\":\"ListItem\",\"position\":3,\"name\":\"Brit Care Senior Weight Control 7kg\"}]},{\"@type\":\"WebSite\",\"@id\":\"https:\/\/miumjau.ee\/#website\",\"url\":\"https:\/\/miumjau.ee\/\",\"name\":\"MiuMjau\",\"description\":\"Kraapimispuud kassidele\",\"publisher\":{\"@id\":\"https:\/\/miumjau.ee\/#organization\"},\"potentialAction\":[{\"@type\":\"SearchAction\",\"target\":{\"@type\":\"EntryPoint\",\"urlTemplate\":\"https:\/\/miumjau.ee\/?s={search_term_string}\"},\"query-input\":{\"@type\":\"PropertyValueSpecification\",\"valueRequired\":true,\"valueName\":\"search_term_string\"}}],\"inLanguage\":\"lt-LT\"},{\"@type\":\"Organization\",\"@id\":\"https:\/\/miumjau.ee\/#organization\",\"name\":\"MiuMjau O\u00dc\",\"url\":\"https:\/\/miumjau.ee\/\",\"logo\":{\"@type\":\"ImageObject\",\"inLanguage\":\"lt-LT\",\"@id\":\"https:\/\/miumjau.ee\/#\/schema\/logo\/image\/\",\"url\":\"https:\/\/miumjau.ee\/wp-content\/uploads\/2022\/04\/MiuMjau-logo-kollane.png\",\"contentUrl\":\"https:\/\/miumjau.ee\/wp-content\/uploads\/2022\/04\/MiuMjau-logo-kollane.png\",\"width\":219,\"height\":100,\"caption\":\"MiuMjau O\u00dc\"},\"image\":{\"@id\":\"https:\/\/miumjau.ee\/#\/schema\/logo\/image\/\"},\"sameAs\":[\"https:\/\/www.facebook.com\/miumjaupood\/\"]}]}<\/script>\n<!-- \/ Yoast SEO plugin. -->","yoast_head_json":{"title":"Brit Care Senior Weight Control 7kg - MiuMjau","robots":{"index":"index","follow":"follow","max-snippet":"max-snippet:-1","max-image-preview":"max-image-preview:large","max-video-preview":"max-video-preview:-1"},"canonical":"https:\/\/miumjau.ee\/lt\/produktas\/brit-care-senior-weight-control-7kg\/","og_locale":"lt_LT","og_type":"article","og_title":"Brit Care Senior Weight Control 7kg - MiuMjau","og_description":"Brit Care Senior Weight Control \u2013 subalansuotas maistas vyresniems kat\u0117ms Hipoalerginis ir be gr\u016bd\u0173 receptas su kokybi\u0161kais baltym\u0173 \u0161altiniais, palaikantis kat\u0117s sveikat\u0105 ir energij\u0105. Ma\u017eo riebal\u0173 ir daug skaidul\u0173 turintis sud\u0117tis padeda i\u0161laikyti ideal\u0173 svor\u012f, o probiotikai palaiko vir\u0161kinim\u0105 ir imunin\u0119 sistem\u0105. Nat\u016bral\u016bs ingredientai, tokie kaip \u0161ermuk\u0161nis ir rugiag\u0117l\u0117, padeda i\u0161laikyti inkst\u0173 ir \u0161lapimo tak\u0173 sveikat\u0105, o subalansuotas vitamin\u0173 ir mineral\u0173 derinys u\u017etikrina kasdien\u0119 gerov\u0119. Nesud\u0117tyje n\u0117ra dirbtini\u0173 da\u017eikli\u0173, konservant\u0173 ar GMO. Sud\u0117tis: d\u017eiovinta vi\u0161tiena (27 %), \u0161vie\u017eia vi\u0161tiena (26 %), geltonieji \u017eirniai (22 %), obuoliai, vi\u0161tienos riebalai, alaus miel\u0117s, lin\u0173 s\u0117menys, la\u0161i\u0161os aliejus, \u017eolel\u0117s (rugiag\u0117l\u0117, ramun\u0117l\u0117, \u0161ermuk\u0161nis, spanguol\u0117s), prebiotikai ir probiotikai. Maistin\u0117 vert\u0117: baltymai 34 %, riebalai 15 %, skaidulos 4 %, pelenai 9,5 %, dr\u0117gm\u0117 10 %, Omega-3 0,4 %, Omega-6 1,2 %. Skani ir subalansuota pilnavert\u0117 dieta, padedanti i\u0161laikyti j\u016bs\u0173 kat\u0119 sveik\u0105 ir aktyvi\u0105!","og_url":"https:\/\/miumjau.ee\/lt\/produktas\/brit-care-senior-weight-control-7kg\/","og_site_name":"MiuMjau","article_publisher":"https:\/\/www.facebook.com\/miumjaupood\/","og_image":[{"width":600,"height":800,"url":"https:\/\/miumjau.ee\/wp-content\/uploads\/2025\/02\/brit-care-kuivtoit3.jpg","type":"image\/jpeg"}],"twitter_card":"summary_large_image","schema":{"@context":"https:\/\/schema.org","@graph":[{"@type":"WebPage","@id":"https:\/\/miumjau.ee\/lt\/produktas\/brit-care-senior-weight-control-7kg\/","url":"https:\/\/miumjau.ee\/lt\/produktas\/brit-care-senior-weight-control-7kg\/","name":"Brit Care Senior Weight Control 7kg - MiuMjau","isPartOf":{"@id":"https:\/\/miumjau.ee\/#website"},"primaryImageOfPage":{"@id":"https:\/\/miumjau.ee\/lt\/produktas\/brit-care-senior-weight-control-7kg\/#primaryimage"},"image":{"@id":"https:\/\/miumjau.ee\/lt\/produktas\/brit-care-senior-weight-control-7kg\/#primaryimage"},"thumbnailUrl":"https:\/\/miumjau.ee\/wp-content\/uploads\/2025\/02\/brit-care-kuivtoit3.jpg","datePublished":"2025-03-23T15:37:19+00:00","breadcrumb":{"@id":"https:\/\/miumjau.ee\/lt\/produktas\/brit-care-senior-weight-control-7kg\/#breadcrumb"},"inLanguage":"lt-LT","potentialAction":[{"@type":"ReadAction","target":["https:\/\/miumjau.ee\/lt\/produktas\/brit-care-senior-weight-control-7kg\/"]}]},{"@type":"ImageObject","inLanguage":"lt-LT","@id":"https:\/\/miumjau.ee\/lt\/produktas\/brit-care-senior-weight-control-7kg\/#primaryimage","url":"https:\/\/miumjau.ee\/wp-content\/uploads\/2025\/02\/brit-care-kuivtoit3.jpg","contentUrl":"https:\/\/miumjau.ee\/wp-content\/uploads\/2025\/02\/brit-care-kuivtoit3.jpg","width":600,"height":800},{"@type":"BreadcrumbList","@id":"https:\/\/miumjau.ee\/lt\/produktas\/brit-care-senior-weight-control-7kg\/#breadcrumb","itemListElement":[{"@type":"ListItem","position":1,"name":"Home","item":"https:\/\/miumjau.ee\/lt\/"},{"@type":"ListItem","position":2,"name":"Parduotuv\u0117","item":"https:\/\/miumjau.ee\/lt\/parduotuve\/"},{"@type":"ListItem","position":3,"name":"Brit Care Senior Weight Control 7kg"}]},{"@type":"WebSite","@id":"https:\/\/miumjau.ee\/#website","url":"https:\/\/miumjau.ee\/","name":"MiuMjau","description":"Kraapimispuud kassidele","publisher":{"@id":"https:\/\/miumjau.ee\/#organization"},"potentialAction":[{"@type":"SearchAction","target":{"@type":"EntryPoint","urlTemplate":"https:\/\/miumjau.ee\/?s={search_term_string}"},"query-input":{"@type":"PropertyValueSpecification","valueRequired":true,"valueName":"search_term_string"}}],"inLanguage":"lt-LT"},{"@type":"Organization","@id":"https:\/\/miumjau.ee\/#organization","name":"MiuMjau O\u00dc","url":"https:\/\/miumjau.ee\/","logo":{"@type":"ImageObject","inLanguage":"lt-LT","@id":"https:\/\/miumjau.ee\/#\/schema\/logo\/image\/","url":"https:\/\/miumjau.ee\/wp-content\/uploads\/2022\/04\/MiuMjau-logo-kollane.png","contentUrl":"https:\/\/miumjau.ee\/wp-content\/uploads\/2022\/04\/MiuMjau-logo-kollane.png","width":219,"height":100,"caption":"MiuMjau O\u00dc"},"image":{"@id":"https:\/\/miumjau.ee\/#\/schema\/logo\/image\/"},"sameAs":["https:\/\/www.facebook.com\/miumjaupood\/"]}]}},"_links":{"self":[{"href":"https:\/\/miumjau.ee\/lt\/wp-json\/wp\/v2\/product\/52160","targetHints":{"allow":["GET"]}}],"collection":[{"href":"https:\/\/miumjau.ee\/lt\/wp-json\/wp\/v2\/product"}],"about":[{"href":"https:\/\/miumjau.ee\/lt\/wp-json\/wp\/v2\/types\/product"}],"wp:featuredmedia":[{"embeddable":true,"href":"https:\/\/miumjau.ee\/lt\/wp-json\/wp\/v2\/media\/52158"}],"wp:attachment":[{"href":"https:\/\/miumjau.ee\/lt\/wp-json\/wp\/v2\/media?parent=52160"}],"wp:term":[{"taxonomy":"product_brand","embeddable":true,"href":"https:\/\/miumjau.ee\/lt\/wp-json\/wp\/v2\/product_brand?post=52160"},{"taxonomy":"product_cat","embeddable":true,"href":"https:\/\/miumjau.ee\/lt\/wp-json\/wp\/v2\/product_cat?post=52160"},{"taxonomy":"product_tag","embeddable":true,"href":"https:\/\/miumjau.ee\/lt\/wp-json\/wp\/v2\/product_tag?post=52160"}],"curies":[{"name":"wp","href":"https:\/\/api.w.org\/{rel}","templated":true}]}}