{"id":52149,"date":"2025-03-24T09:33:17","date_gmt":"2025-03-24T07:33:17","guid":{"rendered":"https:\/\/miumjau.ee\/toode\/brit-care-sensitive-insect-fresh-herring-7-kg\/"},"modified":"2025-03-24T09:33:17","modified_gmt":"2025-03-24T07:33:17","slug":"brit-care-sensitive-insect-fresh-herring-7-kg","status":"publish","type":"product","link":"https:\/\/miumjau.ee\/lt\/produktas\/brit-care-sensitive-insect-fresh-herring-7-kg\/","title":{"rendered":"Brit Care Sensitive Insect &#038; Fresh Herring 7\u202fkg"},"content":{"rendered":"","protected":false},"excerpt":{"rendered":"<p data-start=\"2598\" data-end=\"2710\">Pilnavertis pa\u0161aras suaugusioms kat\u0117ms. Be gr\u016bd\u0173, hipoalerginis, tinka kat\u0117ms, turin\u010dioms maisto netoleravim\u0105.<\/p>\n<ul data-start=\"2712\" data-end=\"3517\">\n<li data-start=\"2712\" data-end=\"2804\">\n<p data-start=\"2714\" data-end=\"2804\">Turtingas Omega-3 ir Omega-6 riebal\u0173 r\u016bg\u0161timis \u2013 suteikia blizgant\u012f kail\u012f ir sveik\u0105 od\u0105.<\/p>\n<\/li>\n<li data-start=\"2805\" data-end=\"2940\">\n<p data-start=\"2807\" data-end=\"2940\">Vabzd\u017ei\u0173 baltymai palaiko vir\u0161kinim\u0105 ir suma\u017eina maisto alergijos rizik\u0105. Naujas tvarus baltym\u0173 \u0161altinis su ma\u017eomis CO\u2082 emisijomis.<\/p>\n<\/li>\n<li data-start=\"2941\" data-end=\"3039\">\n<p data-start=\"2943\" data-end=\"3039\"><strong data-start=\"2943\" data-end=\"2956\">VABZD\u017dIAI<\/strong> \u2013 naujas baltym\u0173 \u0161altinis &amp; L.I.D. \u2013 puikus vir\u0161kinamumas, ma\u017ea alergijos rizika<\/p>\n<\/li>\n<li data-start=\"3040\" data-end=\"3114\">\n<p data-start=\"3042\" data-end=\"3114\"><strong data-start=\"3042\" data-end=\"3072\">PROBIOTIKAI IR PREBIOTIKAI<\/strong> \u2013 palaiko vir\u0161kinimo ir imunin\u0119 sistem\u0105<\/p>\n<\/li>\n<li data-start=\"3115\" data-end=\"3177\">\n<p data-start=\"3117\" data-end=\"3177\"><strong data-start=\"3117\" data-end=\"3133\">\u0160ALTALANKIAI<\/strong> \u2013 palaiko inkst\u0173 ir \u0161lapimo tak\u0173 sveikat\u0105<\/p>\n<\/li>\n<li data-start=\"3178\" data-end=\"3318\">\n<p data-start=\"3180\" data-end=\"3318\"><strong data-start=\"3180\" data-end=\"3200\">\u0160IRD\u017dIAU\u017dI\u0172 \u017dOL\u0116<\/strong> \u2013 nat\u016bralios savyb\u0117s padeda efektyviai kovoti su stresu, stabilizuoja \u0161irdies funkcij\u0105 ir ma\u017eina auk\u0161t\u0105 kraujosp\u016bd\u012f<\/p>\n<\/li>\n<li data-start=\"3319\" data-end=\"3394\">\n<p data-start=\"3321\" data-end=\"3394\">Auk\u0161tas Omega-3 ir Omega-6 kiekis \u2013 sveikai odai ir blizgan\u010diam kailiui<\/p>\n<\/li>\n<li data-start=\"3395\" data-end=\"3447\">\n<p data-start=\"3397\" data-end=\"3447\">Sud\u0117tyje kokos\u0173 aliejus \u2013 N\u0116RA vi\u0161tienos riebal\u0173<\/p>\n<\/li>\n<li data-start=\"3448\" data-end=\"3517\">\n<p data-start=\"3450\" data-end=\"3517\">Be gr\u016bd\u0173, be dirbtini\u0173 da\u017eikli\u0173, be konservant\u0173, be GMO, be sojos<\/p>\n<\/li>\n<\/ul>\n<p data-start=\"3519\" data-end=\"4095\"><strong data-start=\"3519\" data-end=\"3531\">Sud\u0117tis:<\/strong> \u0161vie\u017eia silk\u0117 (26%), geltonieji \u017eirniai (23%), dehidratuota silk\u0117 (20%), dehidratuoti vabzd\u017eiai (14%), kokos\u0173 aliejus (su tokoferoliu, 8%), silk\u0117s aliejus (2%), nat\u016bralus hronizuotas kepen\u0173 aromatizatorius (2%), d\u017eiovinti obuoliai (2%), lin\u0173 s\u0117klos (1%), d\u017eiovinti \u0161ird\u017eiai naudingi augalai (0,5%), d\u017eiovinti ramun\u0117liai (0,5%), \u017eirni\u0173 miltai, d\u017eiovinti \u0161altalankiai (0,3%), d\u017eiovintos spanguol\u0117s (0,2%), frukto-oligosacharidai (0,015%), mannan-oligosacharidai (0,015%), Mojave jukka (0,008%), Lactobacillus acidophilus HA \u2013 122 inaktyvuoti (15\u00d710\u2079 l\u0105steli\u0173\/kg).<\/p>\n<p data-start=\"4097\" data-end=\"4329\"><strong data-start=\"4097\" data-end=\"4119\">Analitin\u0117 sud\u0117tis:<\/strong> \u017eali baltymai 34 %, riebalai 16 %, l\u0105steliena 1,2 %, pelenai 8,2 %, dr\u0117gm\u0117 10 %, Omega-3 riebal\u0173 r\u016bg\u0161tys 0,8 %, Omega-6 riebal\u0173 r\u016bg\u0161tys 2,2 %, kalcis 1,1 %, fosforas 0,8 %, natrio kiekis 1,0 %, magnis 0,1 %.<\/p>\n<p data-start=\"4331\" data-end=\"4787\"><strong data-start=\"4331\" data-end=\"4349\">Papildai 1\u202fkg:<\/strong> A vitaminas 20 000\u202fTV, D3 vitaminas 800\u202fTV, E vitaminas 600\u202fmg, C vitaminas 300\u202fmg, taurinas 2 500\u202fmg, L-karnitinas 50\u202fmg, cholino chloridas 2 500\u202fmg, biotinas 2\u202fmg, B1 vitaminas 10\u202fmg, B2 vitaminas 12\u202fmg, niacinamidas 50\u202fmg, kalcio D-pantotenatas 40\u202fmg, B6 vitaminas 10\u202fmg, folio r\u016bg\u0161tis 2\u202fmg, B12 vitaminas 0,04\u202fmg, cinkas 120\u202fmg, gele\u017eis 45\u202fmg, manganas 55\u202fmg, kalio jodidas 4\u202fmg, varis 10\u202fmg, selenas 0,2\u202fmg, L-metioninas 2 000\u202fmg.<\/p>\n<p data-start=\"4789\" data-end=\"4932\">Sud\u0117tyje yra ES patvirtinti nat\u016bral\u016bs antioksidantai: tokoferolio ekstraktai i\u0161 augalini\u0173 aliej\u0173, askorbilpalmitatas ir rozmarino ekstraktas.<\/p>\n<p data-start=\"4934\" data-end=\"4986\"><strong data-start=\"4934\" data-end=\"4970\">Metaboli\u0161kai prieinama energija:<\/strong> 3\u202f860\u202fkcal\/kg<\/p>\n","protected":false},"featured_media":43116,"template":"","meta":[],"product_brand":[],"product_cat":[528],"product_tag":[],"class_list":{"0":"post-52149","1":"product","2":"type-product","3":"status-publish","4":"has-post-thumbnail","6":"product_cat-sausas-maistas","8":"first","9":"instock","10":"taxable","11":"shipping-taxable","12":"purchasable","13":"product-type-simple"},"yoast_head":"<!-- This site is optimized with the Yoast SEO plugin v27.2 - https:\/\/yoast.com\/product\/yoast-seo-wordpress\/ -->\n<title>Brit Care Sensitive Insect &amp; Fresh Herring 7\u202fkg - MiuMjau<\/title>\n<meta name=\"robots\" content=\"index, follow, max-snippet:-1, max-image-preview:large, max-video-preview:-1\" \/>\n<link rel=\"canonical\" href=\"https:\/\/miumjau.ee\/lt\/produktas\/brit-care-sensitive-insect-fresh-herring-7-kg\/\" \/>\n<meta property=\"og:locale\" content=\"lt_LT\" \/>\n<meta property=\"og:type\" content=\"article\" \/>\n<meta property=\"og:title\" content=\"Brit Care Sensitive Insect &amp; Fresh Herring 7\u202fkg - MiuMjau\" \/>\n<meta property=\"og:description\" content=\"Pilnavertis pa\u0161aras suaugusioms kat\u0117ms. Be gr\u016bd\u0173, hipoalerginis, tinka kat\u0117ms, turin\u010dioms maisto netoleravim\u0105.     Turtingas Omega-3 ir Omega-6 riebal\u0173 r\u016bg\u0161timis \u2013 suteikia blizgant\u012f kail\u012f ir sveik\u0105 od\u0105.    Vabzd\u017ei\u0173 baltymai palaiko vir\u0161kinim\u0105 ir suma\u017eina maisto alergijos rizik\u0105. Naujas tvarus baltym\u0173 \u0161altinis su ma\u017eomis CO\u2082 emisijomis.    VABZD\u017dIAI \u2013 naujas baltym\u0173 \u0161altinis &amp; L.I.D. \u2013 puikus vir\u0161kinamumas, ma\u017ea alergijos rizika    PROBIOTIKAI IR PREBIOTIKAI \u2013 palaiko vir\u0161kinimo ir imunin\u0119 sistem\u0105    \u0160ALTALANKIAI \u2013 palaiko inkst\u0173 ir \u0161lapimo tak\u0173 sveikat\u0105    \u0160IRD\u017dIAU\u017dI\u0172 \u017dOL\u0116 \u2013 nat\u016bralios savyb\u0117s padeda efektyviai kovoti su stresu, stabilizuoja \u0161irdies funkcij\u0105 ir ma\u017eina auk\u0161t\u0105 kraujosp\u016bd\u012f    Auk\u0161tas Omega-3 ir Omega-6 kiekis \u2013 sveikai odai ir blizgan\u010diam kailiui    Sud\u0117tyje kokos\u0173 aliejus \u2013 N\u0116RA vi\u0161tienos riebal\u0173    Be gr\u016bd\u0173, be dirbtini\u0173 da\u017eikli\u0173, be konservant\u0173, be GMO, be sojos   Sud\u0117tis: \u0161vie\u017eia silk\u0117 (26%), geltonieji \u017eirniai (23%), dehidratuota silk\u0117 (20%), dehidratuoti vabzd\u017eiai (14%), kokos\u0173 aliejus (su tokoferoliu, 8%), silk\u0117s aliejus (2%), nat\u016bralus hronizuotas kepen\u0173 aromatizatorius (2%), d\u017eiovinti obuoliai (2%), lin\u0173 s\u0117klos (1%), d\u017eiovinti \u0161ird\u017eiai naudingi augalai (0,5%), d\u017eiovinti ramun\u0117liai (0,5%), \u017eirni\u0173 miltai, d\u017eiovinti \u0161altalankiai (0,3%), d\u017eiovintos spanguol\u0117s (0,2%), frukto-oligosacharidai (0,015%), mannan-oligosacharidai (0,015%), Mojave jukka (0,008%), Lactobacillus acidophilus HA \u2013 122 inaktyvuoti (15\u00d710\u2079 l\u0105steli\u0173\/kg). Analitin\u0117 sud\u0117tis: \u017eali baltymai 34 %, riebalai 16 %, l\u0105steliena 1,2 %, pelenai 8,2 %, dr\u0117gm\u0117 10 %, Omega-3 riebal\u0173 r\u016bg\u0161tys 0,8 %, Omega-6 riebal\u0173 r\u016bg\u0161tys 2,2 %, kalcis 1,1 %, fosforas 0,8 %, natrio kiekis 1,0 %, magnis 0,1 %. Papildai 1\u202fkg: A vitaminas 20 000\u202fTV, D3 vitaminas 800\u202fTV, E vitaminas 600\u202fmg, C vitaminas 300\u202fmg, taurinas 2 500\u202fmg, L-karnitinas 50\u202fmg, cholino chloridas 2 500\u202fmg, biotinas 2\u202fmg, B1 vitaminas 10\u202fmg, B2 vitaminas 12\u202fmg, niacinamidas 50\u202fmg, kalcio D-pantotenatas 40\u202fmg, B6 vitaminas 10\u202fmg, folio r\u016bg\u0161tis 2\u202fmg, B12 vitaminas 0,04\u202fmg, cinkas 120\u202fmg, gele\u017eis 45\u202fmg, manganas 55\u202fmg, kalio jodidas 4\u202fmg, varis 10\u202fmg, selenas 0,2\u202fmg, L-metioninas 2 000\u202fmg. Sud\u0117tyje yra ES patvirtinti nat\u016bral\u016bs antioksidantai: tokoferolio ekstraktai i\u0161 augalini\u0173 aliej\u0173, askorbilpalmitatas ir rozmarino ekstraktas. Metaboli\u0161kai prieinama energija: 3\u202f860\u202fkcal\/kg\" \/>\n<meta property=\"og:url\" content=\"https:\/\/miumjau.ee\/lt\/produktas\/brit-care-sensitive-insect-fresh-herring-7-kg\/\" \/>\n<meta property=\"og:site_name\" content=\"MiuMjau\" \/>\n<meta property=\"article:publisher\" content=\"https:\/\/www.facebook.com\/miumjaupood\/\" \/>\n<meta property=\"og:image\" content=\"https:\/\/miumjau.ee\/wp-content\/uploads\/2025\/03\/brit-care-kuivtoit-kassidele-7kg1.webp\" \/>\n\t<meta property=\"og:image:width\" content=\"600\" \/>\n\t<meta property=\"og:image:height\" content=\"800\" \/>\n\t<meta property=\"og:image:type\" content=\"image\/webp\" \/>\n<meta name=\"twitter:card\" content=\"summary_large_image\" \/>\n<script type=\"application\/ld+json\" class=\"yoast-schema-graph\">{\"@context\":\"https:\/\/schema.org\",\"@graph\":[{\"@type\":\"WebPage\",\"@id\":\"https:\/\/miumjau.ee\/lt\/produktas\/brit-care-sensitive-insect-fresh-herring-7-kg\/\",\"url\":\"https:\/\/miumjau.ee\/lt\/produktas\/brit-care-sensitive-insect-fresh-herring-7-kg\/\",\"name\":\"Brit Care Sensitive Insect & Fresh Herring 7\u202fkg - MiuMjau\",\"isPartOf\":{\"@id\":\"https:\/\/miumjau.ee\/#website\"},\"primaryImageOfPage\":{\"@id\":\"https:\/\/miumjau.ee\/lt\/produktas\/brit-care-sensitive-insect-fresh-herring-7-kg\/#primaryimage\"},\"image\":{\"@id\":\"https:\/\/miumjau.ee\/lt\/produktas\/brit-care-sensitive-insect-fresh-herring-7-kg\/#primaryimage\"},\"thumbnailUrl\":\"https:\/\/miumjau.ee\/wp-content\/uploads\/2025\/03\/brit-care-kuivtoit-kassidele-7kg1.webp\",\"datePublished\":\"2025-03-24T07:33:17+00:00\",\"breadcrumb\":{\"@id\":\"https:\/\/miumjau.ee\/lt\/produktas\/brit-care-sensitive-insect-fresh-herring-7-kg\/#breadcrumb\"},\"inLanguage\":\"lt-LT\",\"potentialAction\":[{\"@type\":\"ReadAction\",\"target\":[\"https:\/\/miumjau.ee\/lt\/produktas\/brit-care-sensitive-insect-fresh-herring-7-kg\/\"]}]},{\"@type\":\"ImageObject\",\"inLanguage\":\"lt-LT\",\"@id\":\"https:\/\/miumjau.ee\/lt\/produktas\/brit-care-sensitive-insect-fresh-herring-7-kg\/#primaryimage\",\"url\":\"https:\/\/miumjau.ee\/wp-content\/uploads\/2025\/03\/brit-care-kuivtoit-kassidele-7kg1.webp\",\"contentUrl\":\"https:\/\/miumjau.ee\/wp-content\/uploads\/2025\/03\/brit-care-kuivtoit-kassidele-7kg1.webp\",\"width\":600,\"height\":800,\"caption\":\"Brit Care kuivtoit kassidele\"},{\"@type\":\"BreadcrumbList\",\"@id\":\"https:\/\/miumjau.ee\/lt\/produktas\/brit-care-sensitive-insect-fresh-herring-7-kg\/#breadcrumb\",\"itemListElement\":[{\"@type\":\"ListItem\",\"position\":1,\"name\":\"Home\",\"item\":\"https:\/\/miumjau.ee\/lt\/\"},{\"@type\":\"ListItem\",\"position\":2,\"name\":\"Parduotuv\u0117\",\"item\":\"https:\/\/miumjau.ee\/lt\/parduotuve\/\"},{\"@type\":\"ListItem\",\"position\":3,\"name\":\"Brit Care Sensitive Insect &#038; Fresh Herring 7\u202fkg\"}]},{\"@type\":\"WebSite\",\"@id\":\"https:\/\/miumjau.ee\/#website\",\"url\":\"https:\/\/miumjau.ee\/\",\"name\":\"MiuMjau\",\"description\":\"Kraapimispuud kassidele\",\"publisher\":{\"@id\":\"https:\/\/miumjau.ee\/#organization\"},\"potentialAction\":[{\"@type\":\"SearchAction\",\"target\":{\"@type\":\"EntryPoint\",\"urlTemplate\":\"https:\/\/miumjau.ee\/?s={search_term_string}\"},\"query-input\":{\"@type\":\"PropertyValueSpecification\",\"valueRequired\":true,\"valueName\":\"search_term_string\"}}],\"inLanguage\":\"lt-LT\"},{\"@type\":\"Organization\",\"@id\":\"https:\/\/miumjau.ee\/#organization\",\"name\":\"MiuMjau O\u00dc\",\"url\":\"https:\/\/miumjau.ee\/\",\"logo\":{\"@type\":\"ImageObject\",\"inLanguage\":\"lt-LT\",\"@id\":\"https:\/\/miumjau.ee\/#\/schema\/logo\/image\/\",\"url\":\"https:\/\/miumjau.ee\/wp-content\/uploads\/2022\/04\/MiuMjau-logo-kollane.png\",\"contentUrl\":\"https:\/\/miumjau.ee\/wp-content\/uploads\/2022\/04\/MiuMjau-logo-kollane.png\",\"width\":219,\"height\":100,\"caption\":\"MiuMjau O\u00dc\"},\"image\":{\"@id\":\"https:\/\/miumjau.ee\/#\/schema\/logo\/image\/\"},\"sameAs\":[\"https:\/\/www.facebook.com\/miumjaupood\/\"]}]}<\/script>\n<!-- \/ Yoast SEO plugin. -->","yoast_head_json":{"title":"Brit Care Sensitive Insect & Fresh Herring 7\u202fkg - MiuMjau","robots":{"index":"index","follow":"follow","max-snippet":"max-snippet:-1","max-image-preview":"max-image-preview:large","max-video-preview":"max-video-preview:-1"},"canonical":"https:\/\/miumjau.ee\/lt\/produktas\/brit-care-sensitive-insect-fresh-herring-7-kg\/","og_locale":"lt_LT","og_type":"article","og_title":"Brit Care Sensitive Insect & Fresh Herring 7\u202fkg - MiuMjau","og_description":"Pilnavertis pa\u0161aras suaugusioms kat\u0117ms. Be gr\u016bd\u0173, hipoalerginis, tinka kat\u0117ms, turin\u010dioms maisto netoleravim\u0105.     Turtingas Omega-3 ir Omega-6 riebal\u0173 r\u016bg\u0161timis \u2013 suteikia blizgant\u012f kail\u012f ir sveik\u0105 od\u0105.    Vabzd\u017ei\u0173 baltymai palaiko vir\u0161kinim\u0105 ir suma\u017eina maisto alergijos rizik\u0105. Naujas tvarus baltym\u0173 \u0161altinis su ma\u017eomis CO\u2082 emisijomis.    VABZD\u017dIAI \u2013 naujas baltym\u0173 \u0161altinis &amp; L.I.D. \u2013 puikus vir\u0161kinamumas, ma\u017ea alergijos rizika    PROBIOTIKAI IR PREBIOTIKAI \u2013 palaiko vir\u0161kinimo ir imunin\u0119 sistem\u0105    \u0160ALTALANKIAI \u2013 palaiko inkst\u0173 ir \u0161lapimo tak\u0173 sveikat\u0105    \u0160IRD\u017dIAU\u017dI\u0172 \u017dOL\u0116 \u2013 nat\u016bralios savyb\u0117s padeda efektyviai kovoti su stresu, stabilizuoja \u0161irdies funkcij\u0105 ir ma\u017eina auk\u0161t\u0105 kraujosp\u016bd\u012f    Auk\u0161tas Omega-3 ir Omega-6 kiekis \u2013 sveikai odai ir blizgan\u010diam kailiui    Sud\u0117tyje kokos\u0173 aliejus \u2013 N\u0116RA vi\u0161tienos riebal\u0173    Be gr\u016bd\u0173, be dirbtini\u0173 da\u017eikli\u0173, be konservant\u0173, be GMO, be sojos   Sud\u0117tis: \u0161vie\u017eia silk\u0117 (26%), geltonieji \u017eirniai (23%), dehidratuota silk\u0117 (20%), dehidratuoti vabzd\u017eiai (14%), kokos\u0173 aliejus (su tokoferoliu, 8%), silk\u0117s aliejus (2%), nat\u016bralus hronizuotas kepen\u0173 aromatizatorius (2%), d\u017eiovinti obuoliai (2%), lin\u0173 s\u0117klos (1%), d\u017eiovinti \u0161ird\u017eiai naudingi augalai (0,5%), d\u017eiovinti ramun\u0117liai (0,5%), \u017eirni\u0173 miltai, d\u017eiovinti \u0161altalankiai (0,3%), d\u017eiovintos spanguol\u0117s (0,2%), frukto-oligosacharidai (0,015%), mannan-oligosacharidai (0,015%), Mojave jukka (0,008%), Lactobacillus acidophilus HA \u2013 122 inaktyvuoti (15\u00d710\u2079 l\u0105steli\u0173\/kg). Analitin\u0117 sud\u0117tis: \u017eali baltymai 34 %, riebalai 16 %, l\u0105steliena 1,2 %, pelenai 8,2 %, dr\u0117gm\u0117 10 %, Omega-3 riebal\u0173 r\u016bg\u0161tys 0,8 %, Omega-6 riebal\u0173 r\u016bg\u0161tys 2,2 %, kalcis 1,1 %, fosforas 0,8 %, natrio kiekis 1,0 %, magnis 0,1 %. Papildai 1\u202fkg: A vitaminas 20 000\u202fTV, D3 vitaminas 800\u202fTV, E vitaminas 600\u202fmg, C vitaminas 300\u202fmg, taurinas 2 500\u202fmg, L-karnitinas 50\u202fmg, cholino chloridas 2 500\u202fmg, biotinas 2\u202fmg, B1 vitaminas 10\u202fmg, B2 vitaminas 12\u202fmg, niacinamidas 50\u202fmg, kalcio D-pantotenatas 40\u202fmg, B6 vitaminas 10\u202fmg, folio r\u016bg\u0161tis 2\u202fmg, B12 vitaminas 0,04\u202fmg, cinkas 120\u202fmg, gele\u017eis 45\u202fmg, manganas 55\u202fmg, kalio jodidas 4\u202fmg, varis 10\u202fmg, selenas 0,2\u202fmg, L-metioninas 2 000\u202fmg. Sud\u0117tyje yra ES patvirtinti nat\u016bral\u016bs antioksidantai: tokoferolio ekstraktai i\u0161 augalini\u0173 aliej\u0173, askorbilpalmitatas ir rozmarino ekstraktas. Metaboli\u0161kai prieinama energija: 3\u202f860\u202fkcal\/kg","og_url":"https:\/\/miumjau.ee\/lt\/produktas\/brit-care-sensitive-insect-fresh-herring-7-kg\/","og_site_name":"MiuMjau","article_publisher":"https:\/\/www.facebook.com\/miumjaupood\/","og_image":[{"width":600,"height":800,"url":"https:\/\/miumjau.ee\/wp-content\/uploads\/2025\/03\/brit-care-kuivtoit-kassidele-7kg1.webp","type":"image\/webp"}],"twitter_card":"summary_large_image","schema":{"@context":"https:\/\/schema.org","@graph":[{"@type":"WebPage","@id":"https:\/\/miumjau.ee\/lt\/produktas\/brit-care-sensitive-insect-fresh-herring-7-kg\/","url":"https:\/\/miumjau.ee\/lt\/produktas\/brit-care-sensitive-insect-fresh-herring-7-kg\/","name":"Brit Care Sensitive Insect & Fresh Herring 7\u202fkg - MiuMjau","isPartOf":{"@id":"https:\/\/miumjau.ee\/#website"},"primaryImageOfPage":{"@id":"https:\/\/miumjau.ee\/lt\/produktas\/brit-care-sensitive-insect-fresh-herring-7-kg\/#primaryimage"},"image":{"@id":"https:\/\/miumjau.ee\/lt\/produktas\/brit-care-sensitive-insect-fresh-herring-7-kg\/#primaryimage"},"thumbnailUrl":"https:\/\/miumjau.ee\/wp-content\/uploads\/2025\/03\/brit-care-kuivtoit-kassidele-7kg1.webp","datePublished":"2025-03-24T07:33:17+00:00","breadcrumb":{"@id":"https:\/\/miumjau.ee\/lt\/produktas\/brit-care-sensitive-insect-fresh-herring-7-kg\/#breadcrumb"},"inLanguage":"lt-LT","potentialAction":[{"@type":"ReadAction","target":["https:\/\/miumjau.ee\/lt\/produktas\/brit-care-sensitive-insect-fresh-herring-7-kg\/"]}]},{"@type":"ImageObject","inLanguage":"lt-LT","@id":"https:\/\/miumjau.ee\/lt\/produktas\/brit-care-sensitive-insect-fresh-herring-7-kg\/#primaryimage","url":"https:\/\/miumjau.ee\/wp-content\/uploads\/2025\/03\/brit-care-kuivtoit-kassidele-7kg1.webp","contentUrl":"https:\/\/miumjau.ee\/wp-content\/uploads\/2025\/03\/brit-care-kuivtoit-kassidele-7kg1.webp","width":600,"height":800,"caption":"Brit Care kuivtoit kassidele"},{"@type":"BreadcrumbList","@id":"https:\/\/miumjau.ee\/lt\/produktas\/brit-care-sensitive-insect-fresh-herring-7-kg\/#breadcrumb","itemListElement":[{"@type":"ListItem","position":1,"name":"Home","item":"https:\/\/miumjau.ee\/lt\/"},{"@type":"ListItem","position":2,"name":"Parduotuv\u0117","item":"https:\/\/miumjau.ee\/lt\/parduotuve\/"},{"@type":"ListItem","position":3,"name":"Brit Care Sensitive Insect &#038; Fresh Herring 7\u202fkg"}]},{"@type":"WebSite","@id":"https:\/\/miumjau.ee\/#website","url":"https:\/\/miumjau.ee\/","name":"MiuMjau","description":"Kraapimispuud kassidele","publisher":{"@id":"https:\/\/miumjau.ee\/#organization"},"potentialAction":[{"@type":"SearchAction","target":{"@type":"EntryPoint","urlTemplate":"https:\/\/miumjau.ee\/?s={search_term_string}"},"query-input":{"@type":"PropertyValueSpecification","valueRequired":true,"valueName":"search_term_string"}}],"inLanguage":"lt-LT"},{"@type":"Organization","@id":"https:\/\/miumjau.ee\/#organization","name":"MiuMjau O\u00dc","url":"https:\/\/miumjau.ee\/","logo":{"@type":"ImageObject","inLanguage":"lt-LT","@id":"https:\/\/miumjau.ee\/#\/schema\/logo\/image\/","url":"https:\/\/miumjau.ee\/wp-content\/uploads\/2022\/04\/MiuMjau-logo-kollane.png","contentUrl":"https:\/\/miumjau.ee\/wp-content\/uploads\/2022\/04\/MiuMjau-logo-kollane.png","width":219,"height":100,"caption":"MiuMjau O\u00dc"},"image":{"@id":"https:\/\/miumjau.ee\/#\/schema\/logo\/image\/"},"sameAs":["https:\/\/www.facebook.com\/miumjaupood\/"]}]}},"_links":{"self":[{"href":"https:\/\/miumjau.ee\/lt\/wp-json\/wp\/v2\/product\/52149","targetHints":{"allow":["GET"]}}],"collection":[{"href":"https:\/\/miumjau.ee\/lt\/wp-json\/wp\/v2\/product"}],"about":[{"href":"https:\/\/miumjau.ee\/lt\/wp-json\/wp\/v2\/types\/product"}],"wp:featuredmedia":[{"embeddable":true,"href":"https:\/\/miumjau.ee\/lt\/wp-json\/wp\/v2\/media\/43116"}],"wp:attachment":[{"href":"https:\/\/miumjau.ee\/lt\/wp-json\/wp\/v2\/media?parent=52149"}],"wp:term":[{"taxonomy":"product_brand","embeddable":true,"href":"https:\/\/miumjau.ee\/lt\/wp-json\/wp\/v2\/product_brand?post=52149"},{"taxonomy":"product_cat","embeddable":true,"href":"https:\/\/miumjau.ee\/lt\/wp-json\/wp\/v2\/product_cat?post=52149"},{"taxonomy":"product_tag","embeddable":true,"href":"https:\/\/miumjau.ee\/lt\/wp-json\/wp\/v2\/product_tag?post=52149"}],"curies":[{"name":"wp","href":"https:\/\/api.w.org\/{rel}","templated":true}]}}