{"id":52131,"date":"2024-11-11T14:48:00","date_gmt":"2024-11-11T12:48:00","guid":{"rendered":"https:\/\/miumjau.ee\/toode\/carnilove-fresh-sausas-pasaras-katems-vistiena-ir-triusis-2-kg\/"},"modified":"2024-11-11T14:48:00","modified_gmt":"2024-11-11T12:48:00","slug":"carnilove-fresh-sausas-pasaras-katems-vistiena-ir-triusis-2-kg","status":"publish","type":"product","link":"https:\/\/miumjau.ee\/lt\/produktas\/carnilove-fresh-sausas-pasaras-katems-vistiena-ir-triusis-2-kg\/","title":{"rendered":"Carnilove Fresh sausas pa\u0161aras kat\u0117ms, vi\u0161tiena ir triu\u0161is 2 kg"},"content":{"rendered":"","protected":false},"excerpt":{"rendered":"<p data-start=\"1772\" data-end=\"1870\">Gr\u016bd\u0173 ir bulvi\u0173 neturintis pilnavertis pa\u0161aras su \u0161vie\u017eia m\u0117sa suaugusiems kat\u0117ms, vis\u0173 veisli\u0173.<\/p>\n<p data-start=\"1872\" data-end=\"2628\"><strong data-start=\"1872\" data-end=\"1884\">Sud\u0117tis:<\/strong> \u0161vie\u017eia vi\u0161tienos m\u0117sa be kaul\u0173 (42 %), d\u017eiovinta triu\u0161iena (22 %), d\u017eiovinta antiena (6 %), moli\u016bgas, vi\u0161tienos riebalai (konservuoti tokoferoliais, 5 %), avin\u017eirniai, \u017eirniai, vi\u0161tienos kepenys (3 %), la\u0161i\u0161os aliejus (2 %), obuoliai, morkos, lin\u0173 s\u0117klos, hidrolizuot\u0173 j\u016bros moliusk\u0173 luk\u0161t\u0173 milteliai (gliukozamino \u0161altinis, 0,026 %), kremzl\u0117s ekstraktas (chondroitino \u0161altinis, 0,016 %), alaus miel\u0117s (mannano-oligosacharid\u0173 \u0161altinis, 0,015 %), cikorijos \u0161aknis (frukto-oligosacharid\u0173 \u0161altinis, 0,01 %), paprastoji juka (0,01 %), dumbliai (0,01 %), arbatos lapai (0,01 %), \u010diobrelis (0,01 %), rozmarinas (0,01 %), pune (0,01 %), spanguol\u0117s (0,0008 %), m\u0117lyn\u0117s (0,0008 %), \u0161altalankiai (0,0008 %), imbieras (0,0008 %), \u0161alavijas (0,0008 %).<\/p>\n<p data-start=\"2630\" data-end=\"3060\"><strong data-start=\"2630\" data-end=\"2643\">Papildai:<\/strong> A vitaminas (E672) 23 000 TV, D3 vitaminas (E671) 940 TV, E vitaminas (3a700) 650 mg, C vitaminas (E300) 300 mg, taurinas 2 400 mg, holino chloridas 2 200 mg, L-karnitinas 65 mg, niacinamidas 45 mg, biotinas 1,8 mg, cinkas (E6) 100 mg, manganas (E5) 55 mg, gele\u017eis (E1) 48 mg, varis (E4) 11 mg, jodas (E2) 3,8 mg, selenas (E8) 0,2 mg, L-metioninas (3c305) 14 mg, argininas (3c3.6.1) 12 mg, L-lizinas (3.2.3) 10 mg.<\/p>\n<p data-start=\"3062\" data-end=\"3102\">Sud\u0117tyje yra nat\u016bralus antioksidantas.<\/p>\n<p data-start=\"3104\" data-end=\"3141\"><strong data-start=\"3104\" data-end=\"3125\">Energetin\u0117 vert\u0117:<\/strong> 3 910 kcal\/kg<\/p>\n<p data-start=\"3143\" data-end=\"3394\" data-is-last-node=\"\" data-is-only-node=\"\"><strong data-start=\"3143\" data-end=\"3165\">Analitin\u0117 sud\u0117tis:<\/strong> \u017eali baltymai 39,0 %, riebalai 18,0 %, l\u0105steliena 3,0 %, pelenai 8,0 %, dr\u0117gm\u0117 10,0 %, kalcis 1,2 %, fosforas 1,0 %, natrio kiekis 0,4 %, magnis 0,09 %, Omega-6 1,8 %, Omega-3 0,5 %, EPA (20:5 n-3) 0,09 %, DHA (22:6 n-3) 0,12 %.<\/p>\n","protected":false},"featured_media":52130,"template":"","meta":[],"product_brand":[],"product_cat":[528],"product_tag":[],"class_list":{"0":"post-52131","1":"product","2":"type-product","3":"status-publish","4":"has-post-thumbnail","6":"product_cat-sausas-maistas","8":"first","9":"instock","10":"sale","11":"taxable","12":"shipping-taxable","13":"purchasable","14":"product-type-simple"},"yoast_head":"<!-- This site is optimized with the Yoast SEO plugin v27.2 - https:\/\/yoast.com\/product\/yoast-seo-wordpress\/ -->\n<title>Carnilove Fresh sausas pa\u0161aras kat\u0117ms, vi\u0161tiena ir triu\u0161is 2 kg - MiuMjau<\/title>\n<meta name=\"robots\" content=\"index, follow, max-snippet:-1, max-image-preview:large, max-video-preview:-1\" \/>\n<link rel=\"canonical\" href=\"https:\/\/miumjau.ee\/lt\/produktas\/carnilove-fresh-sausas-pasaras-katems-vistiena-ir-triusis-2-kg\/\" \/>\n<meta property=\"og:locale\" content=\"lt_LT\" \/>\n<meta property=\"og:type\" content=\"article\" \/>\n<meta property=\"og:title\" content=\"Carnilove Fresh sausas pa\u0161aras kat\u0117ms, vi\u0161tiena ir triu\u0161is 2 kg - MiuMjau\" \/>\n<meta property=\"og:description\" content=\"Gr\u016bd\u0173 ir bulvi\u0173 neturintis pilnavertis pa\u0161aras su \u0161vie\u017eia m\u0117sa suaugusiems kat\u0117ms, vis\u0173 veisli\u0173. Sud\u0117tis: \u0161vie\u017eia vi\u0161tienos m\u0117sa be kaul\u0173 (42 %), d\u017eiovinta triu\u0161iena (22 %), d\u017eiovinta antiena (6 %), moli\u016bgas, vi\u0161tienos riebalai (konservuoti tokoferoliais, 5 %), avin\u017eirniai, \u017eirniai, vi\u0161tienos kepenys (3 %), la\u0161i\u0161os aliejus (2 %), obuoliai, morkos, lin\u0173 s\u0117klos, hidrolizuot\u0173 j\u016bros moliusk\u0173 luk\u0161t\u0173 milteliai (gliukozamino \u0161altinis, 0,026 %), kremzl\u0117s ekstraktas (chondroitino \u0161altinis, 0,016 %), alaus miel\u0117s (mannano-oligosacharid\u0173 \u0161altinis, 0,015 %), cikorijos \u0161aknis (frukto-oligosacharid\u0173 \u0161altinis, 0,01 %), paprastoji juka (0,01 %), dumbliai (0,01 %), arbatos lapai (0,01 %), \u010diobrelis (0,01 %), rozmarinas (0,01 %), pune (0,01 %), spanguol\u0117s (0,0008 %), m\u0117lyn\u0117s (0,0008 %), \u0161altalankiai (0,0008 %), imbieras (0,0008 %), \u0161alavijas (0,0008 %). Papildai: A vitaminas (E672) 23 000 TV, D3 vitaminas (E671) 940 TV, E vitaminas (3a700) 650 mg, C vitaminas (E300) 300 mg, taurinas 2 400 mg, holino chloridas 2 200 mg, L-karnitinas 65 mg, niacinamidas 45 mg, biotinas 1,8 mg, cinkas (E6) 100 mg, manganas (E5) 55 mg, gele\u017eis (E1) 48 mg, varis (E4) 11 mg, jodas (E2) 3,8 mg, selenas (E8) 0,2 mg, L-metioninas (3c305) 14 mg, argininas (3c3.6.1) 12 mg, L-lizinas (3.2.3) 10 mg. Sud\u0117tyje yra nat\u016bralus antioksidantas. Energetin\u0117 vert\u0117: 3 910 kcal\/kg Analitin\u0117 sud\u0117tis: \u017eali baltymai 39,0 %, riebalai 18,0 %, l\u0105steliena 3,0 %, pelenai 8,0 %, dr\u0117gm\u0117 10,0 %, kalcis 1,2 %, fosforas 1,0 %, natrio kiekis 0,4 %, magnis 0,09 %, Omega-6 1,8 %, Omega-3 0,5 %, EPA (20:5 n-3) 0,09 %, DHA (22:6 n-3) 0,12 %.\" \/>\n<meta property=\"og:url\" content=\"https:\/\/miumjau.ee\/lt\/produktas\/carnilove-fresh-sausas-pasaras-katems-vistiena-ir-triusis-2-kg\/\" \/>\n<meta property=\"og:site_name\" content=\"MiuMjau\" \/>\n<meta property=\"article:publisher\" content=\"https:\/\/www.facebook.com\/miumjaupood\/\" \/>\n<meta property=\"og:image\" content=\"https:\/\/miumjau.ee\/wp-content\/uploads\/2024\/11\/carnilove-fresh-kuivtoit-kassile2.jpg\" \/>\n\t<meta property=\"og:image:width\" content=\"600\" \/>\n\t<meta property=\"og:image:height\" content=\"800\" \/>\n\t<meta property=\"og:image:type\" content=\"image\/jpeg\" \/>\n<meta name=\"twitter:card\" content=\"summary_large_image\" \/>\n<script type=\"application\/ld+json\" class=\"yoast-schema-graph\">{\"@context\":\"https:\/\/schema.org\",\"@graph\":[{\"@type\":\"WebPage\",\"@id\":\"https:\/\/miumjau.ee\/lt\/produktas\/carnilove-fresh-sausas-pasaras-katems-vistiena-ir-triusis-2-kg\/\",\"url\":\"https:\/\/miumjau.ee\/lt\/produktas\/carnilove-fresh-sausas-pasaras-katems-vistiena-ir-triusis-2-kg\/\",\"name\":\"Carnilove Fresh sausas pa\u0161aras kat\u0117ms, vi\u0161tiena ir triu\u0161is 2 kg - MiuMjau\",\"isPartOf\":{\"@id\":\"https:\/\/miumjau.ee\/#website\"},\"primaryImageOfPage\":{\"@id\":\"https:\/\/miumjau.ee\/lt\/produktas\/carnilove-fresh-sausas-pasaras-katems-vistiena-ir-triusis-2-kg\/#primaryimage\"},\"image\":{\"@id\":\"https:\/\/miumjau.ee\/lt\/produktas\/carnilove-fresh-sausas-pasaras-katems-vistiena-ir-triusis-2-kg\/#primaryimage\"},\"thumbnailUrl\":\"https:\/\/miumjau.ee\/wp-content\/uploads\/2024\/11\/carnilove-fresh-kuivtoit-kassile2.jpg\",\"datePublished\":\"2024-11-11T12:48:00+00:00\",\"breadcrumb\":{\"@id\":\"https:\/\/miumjau.ee\/lt\/produktas\/carnilove-fresh-sausas-pasaras-katems-vistiena-ir-triusis-2-kg\/#breadcrumb\"},\"inLanguage\":\"lt-LT\",\"potentialAction\":[{\"@type\":\"ReadAction\",\"target\":[\"https:\/\/miumjau.ee\/lt\/produktas\/carnilove-fresh-sausas-pasaras-katems-vistiena-ir-triusis-2-kg\/\"]}]},{\"@type\":\"ImageObject\",\"inLanguage\":\"lt-LT\",\"@id\":\"https:\/\/miumjau.ee\/lt\/produktas\/carnilove-fresh-sausas-pasaras-katems-vistiena-ir-triusis-2-kg\/#primaryimage\",\"url\":\"https:\/\/miumjau.ee\/wp-content\/uploads\/2024\/11\/carnilove-fresh-kuivtoit-kassile2.jpg\",\"contentUrl\":\"https:\/\/miumjau.ee\/wp-content\/uploads\/2024\/11\/carnilove-fresh-kuivtoit-kassile2.jpg\",\"width\":600,\"height\":800},{\"@type\":\"BreadcrumbList\",\"@id\":\"https:\/\/miumjau.ee\/lt\/produktas\/carnilove-fresh-sausas-pasaras-katems-vistiena-ir-triusis-2-kg\/#breadcrumb\",\"itemListElement\":[{\"@type\":\"ListItem\",\"position\":1,\"name\":\"Home\",\"item\":\"https:\/\/miumjau.ee\/lt\/\"},{\"@type\":\"ListItem\",\"position\":2,\"name\":\"Parduotuv\u0117\",\"item\":\"https:\/\/miumjau.ee\/lt\/parduotuve\/\"},{\"@type\":\"ListItem\",\"position\":3,\"name\":\"Carnilove Fresh sausas pa\u0161aras kat\u0117ms, vi\u0161tiena ir triu\u0161is 2 kg\"}]},{\"@type\":\"WebSite\",\"@id\":\"https:\/\/miumjau.ee\/#website\",\"url\":\"https:\/\/miumjau.ee\/\",\"name\":\"MiuMjau\",\"description\":\"Kraapimispuud kassidele\",\"publisher\":{\"@id\":\"https:\/\/miumjau.ee\/#organization\"},\"potentialAction\":[{\"@type\":\"SearchAction\",\"target\":{\"@type\":\"EntryPoint\",\"urlTemplate\":\"https:\/\/miumjau.ee\/?s={search_term_string}\"},\"query-input\":{\"@type\":\"PropertyValueSpecification\",\"valueRequired\":true,\"valueName\":\"search_term_string\"}}],\"inLanguage\":\"lt-LT\"},{\"@type\":\"Organization\",\"@id\":\"https:\/\/miumjau.ee\/#organization\",\"name\":\"MiuMjau O\u00dc\",\"url\":\"https:\/\/miumjau.ee\/\",\"logo\":{\"@type\":\"ImageObject\",\"inLanguage\":\"lt-LT\",\"@id\":\"https:\/\/miumjau.ee\/#\/schema\/logo\/image\/\",\"url\":\"https:\/\/miumjau.ee\/wp-content\/uploads\/2022\/04\/MiuMjau-logo-kollane.png\",\"contentUrl\":\"https:\/\/miumjau.ee\/wp-content\/uploads\/2022\/04\/MiuMjau-logo-kollane.png\",\"width\":219,\"height\":100,\"caption\":\"MiuMjau O\u00dc\"},\"image\":{\"@id\":\"https:\/\/miumjau.ee\/#\/schema\/logo\/image\/\"},\"sameAs\":[\"https:\/\/www.facebook.com\/miumjaupood\/\"]}]}<\/script>\n<!-- \/ Yoast SEO plugin. -->","yoast_head_json":{"title":"Carnilove Fresh sausas pa\u0161aras kat\u0117ms, vi\u0161tiena ir triu\u0161is 2 kg - MiuMjau","robots":{"index":"index","follow":"follow","max-snippet":"max-snippet:-1","max-image-preview":"max-image-preview:large","max-video-preview":"max-video-preview:-1"},"canonical":"https:\/\/miumjau.ee\/lt\/produktas\/carnilove-fresh-sausas-pasaras-katems-vistiena-ir-triusis-2-kg\/","og_locale":"lt_LT","og_type":"article","og_title":"Carnilove Fresh sausas pa\u0161aras kat\u0117ms, vi\u0161tiena ir triu\u0161is 2 kg - MiuMjau","og_description":"Gr\u016bd\u0173 ir bulvi\u0173 neturintis pilnavertis pa\u0161aras su \u0161vie\u017eia m\u0117sa suaugusiems kat\u0117ms, vis\u0173 veisli\u0173. Sud\u0117tis: \u0161vie\u017eia vi\u0161tienos m\u0117sa be kaul\u0173 (42 %), d\u017eiovinta triu\u0161iena (22 %), d\u017eiovinta antiena (6 %), moli\u016bgas, vi\u0161tienos riebalai (konservuoti tokoferoliais, 5 %), avin\u017eirniai, \u017eirniai, vi\u0161tienos kepenys (3 %), la\u0161i\u0161os aliejus (2 %), obuoliai, morkos, lin\u0173 s\u0117klos, hidrolizuot\u0173 j\u016bros moliusk\u0173 luk\u0161t\u0173 milteliai (gliukozamino \u0161altinis, 0,026 %), kremzl\u0117s ekstraktas (chondroitino \u0161altinis, 0,016 %), alaus miel\u0117s (mannano-oligosacharid\u0173 \u0161altinis, 0,015 %), cikorijos \u0161aknis (frukto-oligosacharid\u0173 \u0161altinis, 0,01 %), paprastoji juka (0,01 %), dumbliai (0,01 %), arbatos lapai (0,01 %), \u010diobrelis (0,01 %), rozmarinas (0,01 %), pune (0,01 %), spanguol\u0117s (0,0008 %), m\u0117lyn\u0117s (0,0008 %), \u0161altalankiai (0,0008 %), imbieras (0,0008 %), \u0161alavijas (0,0008 %). Papildai: A vitaminas (E672) 23 000 TV, D3 vitaminas (E671) 940 TV, E vitaminas (3a700) 650 mg, C vitaminas (E300) 300 mg, taurinas 2 400 mg, holino chloridas 2 200 mg, L-karnitinas 65 mg, niacinamidas 45 mg, biotinas 1,8 mg, cinkas (E6) 100 mg, manganas (E5) 55 mg, gele\u017eis (E1) 48 mg, varis (E4) 11 mg, jodas (E2) 3,8 mg, selenas (E8) 0,2 mg, L-metioninas (3c305) 14 mg, argininas (3c3.6.1) 12 mg, L-lizinas (3.2.3) 10 mg. Sud\u0117tyje yra nat\u016bralus antioksidantas. Energetin\u0117 vert\u0117: 3 910 kcal\/kg Analitin\u0117 sud\u0117tis: \u017eali baltymai 39,0 %, riebalai 18,0 %, l\u0105steliena 3,0 %, pelenai 8,0 %, dr\u0117gm\u0117 10,0 %, kalcis 1,2 %, fosforas 1,0 %, natrio kiekis 0,4 %, magnis 0,09 %, Omega-6 1,8 %, Omega-3 0,5 %, EPA (20:5 n-3) 0,09 %, DHA (22:6 n-3) 0,12 %.","og_url":"https:\/\/miumjau.ee\/lt\/produktas\/carnilove-fresh-sausas-pasaras-katems-vistiena-ir-triusis-2-kg\/","og_site_name":"MiuMjau","article_publisher":"https:\/\/www.facebook.com\/miumjaupood\/","og_image":[{"width":600,"height":800,"url":"https:\/\/miumjau.ee\/wp-content\/uploads\/2024\/11\/carnilove-fresh-kuivtoit-kassile2.jpg","type":"image\/jpeg"}],"twitter_card":"summary_large_image","schema":{"@context":"https:\/\/schema.org","@graph":[{"@type":"WebPage","@id":"https:\/\/miumjau.ee\/lt\/produktas\/carnilove-fresh-sausas-pasaras-katems-vistiena-ir-triusis-2-kg\/","url":"https:\/\/miumjau.ee\/lt\/produktas\/carnilove-fresh-sausas-pasaras-katems-vistiena-ir-triusis-2-kg\/","name":"Carnilove Fresh sausas pa\u0161aras kat\u0117ms, vi\u0161tiena ir triu\u0161is 2 kg - MiuMjau","isPartOf":{"@id":"https:\/\/miumjau.ee\/#website"},"primaryImageOfPage":{"@id":"https:\/\/miumjau.ee\/lt\/produktas\/carnilove-fresh-sausas-pasaras-katems-vistiena-ir-triusis-2-kg\/#primaryimage"},"image":{"@id":"https:\/\/miumjau.ee\/lt\/produktas\/carnilove-fresh-sausas-pasaras-katems-vistiena-ir-triusis-2-kg\/#primaryimage"},"thumbnailUrl":"https:\/\/miumjau.ee\/wp-content\/uploads\/2024\/11\/carnilove-fresh-kuivtoit-kassile2.jpg","datePublished":"2024-11-11T12:48:00+00:00","breadcrumb":{"@id":"https:\/\/miumjau.ee\/lt\/produktas\/carnilove-fresh-sausas-pasaras-katems-vistiena-ir-triusis-2-kg\/#breadcrumb"},"inLanguage":"lt-LT","potentialAction":[{"@type":"ReadAction","target":["https:\/\/miumjau.ee\/lt\/produktas\/carnilove-fresh-sausas-pasaras-katems-vistiena-ir-triusis-2-kg\/"]}]},{"@type":"ImageObject","inLanguage":"lt-LT","@id":"https:\/\/miumjau.ee\/lt\/produktas\/carnilove-fresh-sausas-pasaras-katems-vistiena-ir-triusis-2-kg\/#primaryimage","url":"https:\/\/miumjau.ee\/wp-content\/uploads\/2024\/11\/carnilove-fresh-kuivtoit-kassile2.jpg","contentUrl":"https:\/\/miumjau.ee\/wp-content\/uploads\/2024\/11\/carnilove-fresh-kuivtoit-kassile2.jpg","width":600,"height":800},{"@type":"BreadcrumbList","@id":"https:\/\/miumjau.ee\/lt\/produktas\/carnilove-fresh-sausas-pasaras-katems-vistiena-ir-triusis-2-kg\/#breadcrumb","itemListElement":[{"@type":"ListItem","position":1,"name":"Home","item":"https:\/\/miumjau.ee\/lt\/"},{"@type":"ListItem","position":2,"name":"Parduotuv\u0117","item":"https:\/\/miumjau.ee\/lt\/parduotuve\/"},{"@type":"ListItem","position":3,"name":"Carnilove Fresh sausas pa\u0161aras kat\u0117ms, vi\u0161tiena ir triu\u0161is 2 kg"}]},{"@type":"WebSite","@id":"https:\/\/miumjau.ee\/#website","url":"https:\/\/miumjau.ee\/","name":"MiuMjau","description":"Kraapimispuud kassidele","publisher":{"@id":"https:\/\/miumjau.ee\/#organization"},"potentialAction":[{"@type":"SearchAction","target":{"@type":"EntryPoint","urlTemplate":"https:\/\/miumjau.ee\/?s={search_term_string}"},"query-input":{"@type":"PropertyValueSpecification","valueRequired":true,"valueName":"search_term_string"}}],"inLanguage":"lt-LT"},{"@type":"Organization","@id":"https:\/\/miumjau.ee\/#organization","name":"MiuMjau O\u00dc","url":"https:\/\/miumjau.ee\/","logo":{"@type":"ImageObject","inLanguage":"lt-LT","@id":"https:\/\/miumjau.ee\/#\/schema\/logo\/image\/","url":"https:\/\/miumjau.ee\/wp-content\/uploads\/2022\/04\/MiuMjau-logo-kollane.png","contentUrl":"https:\/\/miumjau.ee\/wp-content\/uploads\/2022\/04\/MiuMjau-logo-kollane.png","width":219,"height":100,"caption":"MiuMjau O\u00dc"},"image":{"@id":"https:\/\/miumjau.ee\/#\/schema\/logo\/image\/"},"sameAs":["https:\/\/www.facebook.com\/miumjaupood\/"]}]}},"_links":{"self":[{"href":"https:\/\/miumjau.ee\/lt\/wp-json\/wp\/v2\/product\/52131","targetHints":{"allow":["GET"]}}],"collection":[{"href":"https:\/\/miumjau.ee\/lt\/wp-json\/wp\/v2\/product"}],"about":[{"href":"https:\/\/miumjau.ee\/lt\/wp-json\/wp\/v2\/types\/product"}],"wp:featuredmedia":[{"embeddable":true,"href":"https:\/\/miumjau.ee\/lt\/wp-json\/wp\/v2\/media\/52130"}],"wp:attachment":[{"href":"https:\/\/miumjau.ee\/lt\/wp-json\/wp\/v2\/media?parent=52131"}],"wp:term":[{"taxonomy":"product_brand","embeddable":true,"href":"https:\/\/miumjau.ee\/lt\/wp-json\/wp\/v2\/product_brand?post=52131"},{"taxonomy":"product_cat","embeddable":true,"href":"https:\/\/miumjau.ee\/lt\/wp-json\/wp\/v2\/product_cat?post=52131"},{"taxonomy":"product_tag","embeddable":true,"href":"https:\/\/miumjau.ee\/lt\/wp-json\/wp\/v2\/product_tag?post=52131"}],"curies":[{"name":"wp","href":"https:\/\/api.w.org\/{rel}","templated":true}]}}