{"id":52123,"date":"2024-11-08T12:47:36","date_gmt":"2024-11-08T10:47:36","guid":{"rendered":"https:\/\/miumjau.ee\/toode\/carnilove-true-fresh-sausas-pasaras-katems-su-zuvimi-48-kg\/"},"modified":"2024-11-08T12:47:36","modified_gmt":"2024-11-08T10:47:36","slug":"carnilove-true-fresh-sausas-pasaras-katems-su-zuvimi-48-kg","status":"publish","type":"product","link":"https:\/\/miumjau.ee\/lt\/produktas\/carnilove-true-fresh-sausas-pasaras-katems-su-zuvimi-48-kg\/","title":{"rendered":"Carnilove True Fresh sausas pa\u0161aras kat\u0117ms su \u017euvimi 4,8 kg"},"content":{"rendered":"","protected":false},"excerpt":{"rendered":"<p data-start=\"2547\" data-end=\"3219\">Unikalus recepto paruo\u0161imo metodas i\u0161saugo pirmini\u0173 ingredient\u0173 savybes ir tenkina ka\u010di\u0173 nat\u016bralius instinktus. Pa\u0161are naudojama \u0161vie\u017eia \u017euvis u\u017etikrina puik\u0173 skon\u012f, ger\u0105 vir\u0161kinamum\u0105 ir nat\u016bralesn\u0119 mityb\u0105. La\u0161i\u0161os aliejus veikia prie\u0161u\u017edegimi\u0161kai, padeda palaikyti kat\u0117s kailio ir odos b\u016bkl\u0119 bei apsaugo nuo odos jautrumo ir alergij\u0173. Omega-3 riebiosios r\u016bg\u0161tys i\u0161 \u0161vie\u017eios \u017euvies ir la\u0161i\u0161os aliejaus yra labai naudingos bendros organizmo sveikatai. Jos padeda sul\u0117tinti odos sen\u0117jim\u0105, palaiko \u0161irdies sveikat\u0105 ir u\u017etikrina tinkam\u0105 reg\u0117jim\u0105 bei centrin\u0117s nerv\u0173 sistemos vystym\u0105si. Spanguol\u0117s, \u0161altalankiai, m\u0117lyn\u0117s ir vandens kre\u0161iai yra puik\u016bs antioksidant\u0173 \u0161altiniai.<\/p>\n<p data-start=\"3221\" data-end=\"3395\">Pana\u0161ios Carnilove True Fresh Cat Fresh Fish recept\u0173 sudedamosios dalys leid\u017eia rotuoti skirtingus baltym\u0173 tipus, kad pa\u0161aras ilgiau i\u0161likt\u0173 patrauklus ir kat\u0117 nenusibost\u0173.<\/p>\n<p data-start=\"3397\" data-end=\"3477\">Nat\u016bralios sudedamosios dalys yra funkcionalios ir puikiai papildo viena kit\u0105.<\/p>\n<p data-start=\"3479\" data-end=\"4074\"><strong data-start=\"3479\" data-end=\"3491\">Sud\u0117tis:<\/strong> \u0161vie\u017eia \u017euvis (70 %), \u017eirni\u0173 baltymai, raudonosios l\u0119\u0161iai, grikiai (4 %), nat\u016bral\u016bs aromatai, vi\u0161tienos riebalai, la\u0161i\u0161os aliejus (1 %), natrio chloridas, kalio chloridas, d\u017eiovintos rud\u0173j\u0173 j\u016bros dumbli\u0173 dalys (0,5 %), vandens kre\u0161i\u0173 baltymai (0,5 %), \u017eirni\u0173 miltai, d\u017eiovinti \u0161altalankiai (0,2 %), d\u017eiovinta imbiero \u0161aknis (0,1 %), d\u017eiovintos m\u0117lyn\u0117s (0,1 %), d\u017eiovintas rozmarinas (0,1 %), d\u017eiovintos spanguol\u0117s (0,1 %), d\u017eiovintas \u010diobrelis (0,1 %), alaus miel\u0117s (mannan-oligosacharidas, 0,015 %), cikorijos \u0161aknis (frukto-oligosacharidas, 0,015 %), paprastoji jukka (0,008 %).<\/p>\n<p data-start=\"4076\" data-end=\"4675\"><strong data-start=\"4076\" data-end=\"4107\">Maistin\u0117s med\u017eiagos \/ 1 kg:<\/strong> A vitaminas (3a672a) 20 000 TV, D3 vitaminas (3a671) 800 TV, E vitaminas (3a700) 600 mg, C vitaminas (3a312) 300 mg, taurinas (3a370) 2 500 mg, holino chloridas (3a890) 3 000 mg, karnitinas (3a910) 100 mg, biotinas (3a880) 2 mg, niacinamidas (3a315) 50 mg, jodas (3b201) 4 mg, cinkas (3b606) 120 mg, manganas (3b504) 55 mg, varis (3b406) 10 mg, gele\u017eis (3b106) 45 mg, selenas (3b810) 0,2 mg, metioninas (3c305) 5 000 mg. Sud\u0117tyje yra nat\u016brali\u0173 antioksidant\u0173: tokoferolio ekstraktai i\u0161 augalini\u0173 aliej\u0173 (1b306(i)), askorbilpalmitatas (1b304) ir rozmarino ekstraktas.<\/p>\n<p data-start=\"4677\" data-end=\"4906\"><strong data-start=\"4677\" data-end=\"4699\">Analitin\u0117 sud\u0117tis:<\/strong> \u017eali baltymai 35 %, riebalai 14 %, pelenai 9,8 %, l\u0105steliena 3,6 %, dr\u0117gm\u0117 10 %, kalcis 1 %, fosforas 0,8 %, natrio kiekis 1,3 %, Omega-3 0,9 %, Omega-6 1,1 %, EPA (20:5 n-3) 0,2 %, DHA (22:6 n-3) 0,25 %.<\/p>\n<p data-start=\"4908\" data-end=\"4951\" data-is-last-node=\"\" data-is-only-node=\"\"><strong data-start=\"4908\" data-end=\"4937\">Metabolizuojama energija:<\/strong> 3 620 kcal\/kg<\/p>\n","protected":false},"featured_media":52122,"template":"","meta":[],"product_brand":[],"product_cat":[528],"product_tag":[],"class_list":{"0":"post-52123","1":"product","2":"type-product","3":"status-publish","4":"has-post-thumbnail","6":"product_cat-sausas-maistas","8":"first","9":"instock","10":"sale","11":"taxable","12":"shipping-taxable","13":"purchasable","14":"product-type-simple"},"yoast_head":"<!-- This site is optimized with the Yoast SEO plugin v27.2 - https:\/\/yoast.com\/product\/yoast-seo-wordpress\/ -->\n<title>Carnilove True Fresh sausas pa\u0161aras kat\u0117ms su \u017euvimi 4,8 kg - MiuMjau<\/title>\n<meta name=\"robots\" content=\"index, follow, max-snippet:-1, max-image-preview:large, max-video-preview:-1\" \/>\n<link rel=\"canonical\" href=\"https:\/\/miumjau.ee\/lt\/produktas\/carnilove-true-fresh-sausas-pasaras-katems-su-zuvimi-48-kg\/\" \/>\n<meta property=\"og:locale\" content=\"lt_LT\" \/>\n<meta property=\"og:type\" content=\"article\" \/>\n<meta property=\"og:title\" content=\"Carnilove True Fresh sausas pa\u0161aras kat\u0117ms su \u017euvimi 4,8 kg - MiuMjau\" \/>\n<meta property=\"og:description\" content=\"Unikalus recepto paruo\u0161imo metodas i\u0161saugo pirmini\u0173 ingredient\u0173 savybes ir tenkina ka\u010di\u0173 nat\u016bralius instinktus. Pa\u0161are naudojama \u0161vie\u017eia \u017euvis u\u017etikrina puik\u0173 skon\u012f, ger\u0105 vir\u0161kinamum\u0105 ir nat\u016bralesn\u0119 mityb\u0105. La\u0161i\u0161os aliejus veikia prie\u0161u\u017edegimi\u0161kai, padeda palaikyti kat\u0117s kailio ir odos b\u016bkl\u0119 bei apsaugo nuo odos jautrumo ir alergij\u0173. Omega-3 riebiosios r\u016bg\u0161tys i\u0161 \u0161vie\u017eios \u017euvies ir la\u0161i\u0161os aliejaus yra labai naudingos bendros organizmo sveikatai. Jos padeda sul\u0117tinti odos sen\u0117jim\u0105, palaiko \u0161irdies sveikat\u0105 ir u\u017etikrina tinkam\u0105 reg\u0117jim\u0105 bei centrin\u0117s nerv\u0173 sistemos vystym\u0105si. Spanguol\u0117s, \u0161altalankiai, m\u0117lyn\u0117s ir vandens kre\u0161iai yra puik\u016bs antioksidant\u0173 \u0161altiniai. Pana\u0161ios Carnilove True Fresh Cat Fresh Fish recept\u0173 sudedamosios dalys leid\u017eia rotuoti skirtingus baltym\u0173 tipus, kad pa\u0161aras ilgiau i\u0161likt\u0173 patrauklus ir kat\u0117 nenusibost\u0173. Nat\u016bralios sudedamosios dalys yra funkcionalios ir puikiai papildo viena kit\u0105. Sud\u0117tis: \u0161vie\u017eia \u017euvis (70 %), \u017eirni\u0173 baltymai, raudonosios l\u0119\u0161iai, grikiai (4 %), nat\u016bral\u016bs aromatai, vi\u0161tienos riebalai, la\u0161i\u0161os aliejus (1 %), natrio chloridas, kalio chloridas, d\u017eiovintos rud\u0173j\u0173 j\u016bros dumbli\u0173 dalys (0,5 %), vandens kre\u0161i\u0173 baltymai (0,5 %), \u017eirni\u0173 miltai, d\u017eiovinti \u0161altalankiai (0,2 %), d\u017eiovinta imbiero \u0161aknis (0,1 %), d\u017eiovintos m\u0117lyn\u0117s (0,1 %), d\u017eiovintas rozmarinas (0,1 %), d\u017eiovintos spanguol\u0117s (0,1 %), d\u017eiovintas \u010diobrelis (0,1 %), alaus miel\u0117s (mannan-oligosacharidas, 0,015 %), cikorijos \u0161aknis (frukto-oligosacharidas, 0,015 %), paprastoji jukka (0,008 %). Maistin\u0117s med\u017eiagos \/ 1 kg: A vitaminas (3a672a) 20 000 TV, D3 vitaminas (3a671) 800 TV, E vitaminas (3a700) 600 mg, C vitaminas (3a312) 300 mg, taurinas (3a370) 2 500 mg, holino chloridas (3a890) 3 000 mg, karnitinas (3a910) 100 mg, biotinas (3a880) 2 mg, niacinamidas (3a315) 50 mg, jodas (3b201) 4 mg, cinkas (3b606) 120 mg, manganas (3b504) 55 mg, varis (3b406) 10 mg, gele\u017eis (3b106) 45 mg, selenas (3b810) 0,2 mg, metioninas (3c305) 5 000 mg. Sud\u0117tyje yra nat\u016brali\u0173 antioksidant\u0173: tokoferolio ekstraktai i\u0161 augalini\u0173 aliej\u0173 (1b306(i)), askorbilpalmitatas (1b304) ir rozmarino ekstraktas. Analitin\u0117 sud\u0117tis: \u017eali baltymai 35 %, riebalai 14 %, pelenai 9,8 %, l\u0105steliena 3,6 %, dr\u0117gm\u0117 10 %, kalcis 1 %, fosforas 0,8 %, natrio kiekis 1,3 %, Omega-3 0,9 %, Omega-6 1,1 %, EPA (20:5 n-3) 0,2 %, DHA (22:6 n-3) 0,25 %. Metabolizuojama energija: 3 620 kcal\/kg\" \/>\n<meta property=\"og:url\" content=\"https:\/\/miumjau.ee\/lt\/produktas\/carnilove-true-fresh-sausas-pasaras-katems-su-zuvimi-48-kg\/\" \/>\n<meta property=\"og:site_name\" content=\"MiuMjau\" \/>\n<meta property=\"article:publisher\" content=\"https:\/\/www.facebook.com\/miumjaupood\/\" \/>\n<meta property=\"og:image\" content=\"https:\/\/miumjau.ee\/wp-content\/uploads\/2024\/11\/carnilove-kuivtoit-kassile-true-fresh1-Photoroom.jpg\" \/>\n\t<meta property=\"og:image:width\" content=\"600\" \/>\n\t<meta property=\"og:image:height\" content=\"800\" \/>\n\t<meta property=\"og:image:type\" content=\"image\/jpeg\" \/>\n<meta name=\"twitter:card\" content=\"summary_large_image\" \/>\n<script type=\"application\/ld+json\" class=\"yoast-schema-graph\">{\"@context\":\"https:\/\/schema.org\",\"@graph\":[{\"@type\":\"WebPage\",\"@id\":\"https:\/\/miumjau.ee\/lt\/produktas\/carnilove-true-fresh-sausas-pasaras-katems-su-zuvimi-48-kg\/\",\"url\":\"https:\/\/miumjau.ee\/lt\/produktas\/carnilove-true-fresh-sausas-pasaras-katems-su-zuvimi-48-kg\/\",\"name\":\"Carnilove True Fresh sausas pa\u0161aras kat\u0117ms su \u017euvimi 4,8 kg - MiuMjau\",\"isPartOf\":{\"@id\":\"https:\/\/miumjau.ee\/#website\"},\"primaryImageOfPage\":{\"@id\":\"https:\/\/miumjau.ee\/lt\/produktas\/carnilove-true-fresh-sausas-pasaras-katems-su-zuvimi-48-kg\/#primaryimage\"},\"image\":{\"@id\":\"https:\/\/miumjau.ee\/lt\/produktas\/carnilove-true-fresh-sausas-pasaras-katems-su-zuvimi-48-kg\/#primaryimage\"},\"thumbnailUrl\":\"https:\/\/miumjau.ee\/wp-content\/uploads\/2024\/11\/carnilove-kuivtoit-kassile-true-fresh1-Photoroom.jpg\",\"datePublished\":\"2024-11-08T10:47:36+00:00\",\"breadcrumb\":{\"@id\":\"https:\/\/miumjau.ee\/lt\/produktas\/carnilove-true-fresh-sausas-pasaras-katems-su-zuvimi-48-kg\/#breadcrumb\"},\"inLanguage\":\"lt-LT\",\"potentialAction\":[{\"@type\":\"ReadAction\",\"target\":[\"https:\/\/miumjau.ee\/lt\/produktas\/carnilove-true-fresh-sausas-pasaras-katems-su-zuvimi-48-kg\/\"]}]},{\"@type\":\"ImageObject\",\"inLanguage\":\"lt-LT\",\"@id\":\"https:\/\/miumjau.ee\/lt\/produktas\/carnilove-true-fresh-sausas-pasaras-katems-su-zuvimi-48-kg\/#primaryimage\",\"url\":\"https:\/\/miumjau.ee\/wp-content\/uploads\/2024\/11\/carnilove-kuivtoit-kassile-true-fresh1-Photoroom.jpg\",\"contentUrl\":\"https:\/\/miumjau.ee\/wp-content\/uploads\/2024\/11\/carnilove-kuivtoit-kassile-true-fresh1-Photoroom.jpg\",\"width\":600,\"height\":800},{\"@type\":\"BreadcrumbList\",\"@id\":\"https:\/\/miumjau.ee\/lt\/produktas\/carnilove-true-fresh-sausas-pasaras-katems-su-zuvimi-48-kg\/#breadcrumb\",\"itemListElement\":[{\"@type\":\"ListItem\",\"position\":1,\"name\":\"Home\",\"item\":\"https:\/\/miumjau.ee\/lt\/\"},{\"@type\":\"ListItem\",\"position\":2,\"name\":\"Parduotuv\u0117\",\"item\":\"https:\/\/miumjau.ee\/lt\/parduotuve\/\"},{\"@type\":\"ListItem\",\"position\":3,\"name\":\"Carnilove True Fresh sausas pa\u0161aras kat\u0117ms su \u017euvimi 4,8 kg\"}]},{\"@type\":\"WebSite\",\"@id\":\"https:\/\/miumjau.ee\/#website\",\"url\":\"https:\/\/miumjau.ee\/\",\"name\":\"MiuMjau\",\"description\":\"Kraapimispuud kassidele\",\"publisher\":{\"@id\":\"https:\/\/miumjau.ee\/#organization\"},\"potentialAction\":[{\"@type\":\"SearchAction\",\"target\":{\"@type\":\"EntryPoint\",\"urlTemplate\":\"https:\/\/miumjau.ee\/?s={search_term_string}\"},\"query-input\":{\"@type\":\"PropertyValueSpecification\",\"valueRequired\":true,\"valueName\":\"search_term_string\"}}],\"inLanguage\":\"lt-LT\"},{\"@type\":\"Organization\",\"@id\":\"https:\/\/miumjau.ee\/#organization\",\"name\":\"MiuMjau O\u00dc\",\"url\":\"https:\/\/miumjau.ee\/\",\"logo\":{\"@type\":\"ImageObject\",\"inLanguage\":\"lt-LT\",\"@id\":\"https:\/\/miumjau.ee\/#\/schema\/logo\/image\/\",\"url\":\"https:\/\/miumjau.ee\/wp-content\/uploads\/2022\/04\/MiuMjau-logo-kollane.png\",\"contentUrl\":\"https:\/\/miumjau.ee\/wp-content\/uploads\/2022\/04\/MiuMjau-logo-kollane.png\",\"width\":219,\"height\":100,\"caption\":\"MiuMjau O\u00dc\"},\"image\":{\"@id\":\"https:\/\/miumjau.ee\/#\/schema\/logo\/image\/\"},\"sameAs\":[\"https:\/\/www.facebook.com\/miumjaupood\/\"]}]}<\/script>\n<!-- \/ Yoast SEO plugin. -->","yoast_head_json":{"title":"Carnilove True Fresh sausas pa\u0161aras kat\u0117ms su \u017euvimi 4,8 kg - MiuMjau","robots":{"index":"index","follow":"follow","max-snippet":"max-snippet:-1","max-image-preview":"max-image-preview:large","max-video-preview":"max-video-preview:-1"},"canonical":"https:\/\/miumjau.ee\/lt\/produktas\/carnilove-true-fresh-sausas-pasaras-katems-su-zuvimi-48-kg\/","og_locale":"lt_LT","og_type":"article","og_title":"Carnilove True Fresh sausas pa\u0161aras kat\u0117ms su \u017euvimi 4,8 kg - MiuMjau","og_description":"Unikalus recepto paruo\u0161imo metodas i\u0161saugo pirmini\u0173 ingredient\u0173 savybes ir tenkina ka\u010di\u0173 nat\u016bralius instinktus. Pa\u0161are naudojama \u0161vie\u017eia \u017euvis u\u017etikrina puik\u0173 skon\u012f, ger\u0105 vir\u0161kinamum\u0105 ir nat\u016bralesn\u0119 mityb\u0105. La\u0161i\u0161os aliejus veikia prie\u0161u\u017edegimi\u0161kai, padeda palaikyti kat\u0117s kailio ir odos b\u016bkl\u0119 bei apsaugo nuo odos jautrumo ir alergij\u0173. Omega-3 riebiosios r\u016bg\u0161tys i\u0161 \u0161vie\u017eios \u017euvies ir la\u0161i\u0161os aliejaus yra labai naudingos bendros organizmo sveikatai. Jos padeda sul\u0117tinti odos sen\u0117jim\u0105, palaiko \u0161irdies sveikat\u0105 ir u\u017etikrina tinkam\u0105 reg\u0117jim\u0105 bei centrin\u0117s nerv\u0173 sistemos vystym\u0105si. Spanguol\u0117s, \u0161altalankiai, m\u0117lyn\u0117s ir vandens kre\u0161iai yra puik\u016bs antioksidant\u0173 \u0161altiniai. Pana\u0161ios Carnilove True Fresh Cat Fresh Fish recept\u0173 sudedamosios dalys leid\u017eia rotuoti skirtingus baltym\u0173 tipus, kad pa\u0161aras ilgiau i\u0161likt\u0173 patrauklus ir kat\u0117 nenusibost\u0173. Nat\u016bralios sudedamosios dalys yra funkcionalios ir puikiai papildo viena kit\u0105. Sud\u0117tis: \u0161vie\u017eia \u017euvis (70 %), \u017eirni\u0173 baltymai, raudonosios l\u0119\u0161iai, grikiai (4 %), nat\u016bral\u016bs aromatai, vi\u0161tienos riebalai, la\u0161i\u0161os aliejus (1 %), natrio chloridas, kalio chloridas, d\u017eiovintos rud\u0173j\u0173 j\u016bros dumbli\u0173 dalys (0,5 %), vandens kre\u0161i\u0173 baltymai (0,5 %), \u017eirni\u0173 miltai, d\u017eiovinti \u0161altalankiai (0,2 %), d\u017eiovinta imbiero \u0161aknis (0,1 %), d\u017eiovintos m\u0117lyn\u0117s (0,1 %), d\u017eiovintas rozmarinas (0,1 %), d\u017eiovintos spanguol\u0117s (0,1 %), d\u017eiovintas \u010diobrelis (0,1 %), alaus miel\u0117s (mannan-oligosacharidas, 0,015 %), cikorijos \u0161aknis (frukto-oligosacharidas, 0,015 %), paprastoji jukka (0,008 %). Maistin\u0117s med\u017eiagos \/ 1 kg: A vitaminas (3a672a) 20 000 TV, D3 vitaminas (3a671) 800 TV, E vitaminas (3a700) 600 mg, C vitaminas (3a312) 300 mg, taurinas (3a370) 2 500 mg, holino chloridas (3a890) 3 000 mg, karnitinas (3a910) 100 mg, biotinas (3a880) 2 mg, niacinamidas (3a315) 50 mg, jodas (3b201) 4 mg, cinkas (3b606) 120 mg, manganas (3b504) 55 mg, varis (3b406) 10 mg, gele\u017eis (3b106) 45 mg, selenas (3b810) 0,2 mg, metioninas (3c305) 5 000 mg. Sud\u0117tyje yra nat\u016brali\u0173 antioksidant\u0173: tokoferolio ekstraktai i\u0161 augalini\u0173 aliej\u0173 (1b306(i)), askorbilpalmitatas (1b304) ir rozmarino ekstraktas. Analitin\u0117 sud\u0117tis: \u017eali baltymai 35 %, riebalai 14 %, pelenai 9,8 %, l\u0105steliena 3,6 %, dr\u0117gm\u0117 10 %, kalcis 1 %, fosforas 0,8 %, natrio kiekis 1,3 %, Omega-3 0,9 %, Omega-6 1,1 %, EPA (20:5 n-3) 0,2 %, DHA (22:6 n-3) 0,25 %. Metabolizuojama energija: 3 620 kcal\/kg","og_url":"https:\/\/miumjau.ee\/lt\/produktas\/carnilove-true-fresh-sausas-pasaras-katems-su-zuvimi-48-kg\/","og_site_name":"MiuMjau","article_publisher":"https:\/\/www.facebook.com\/miumjaupood\/","og_image":[{"width":600,"height":800,"url":"https:\/\/miumjau.ee\/wp-content\/uploads\/2024\/11\/carnilove-kuivtoit-kassile-true-fresh1-Photoroom.jpg","type":"image\/jpeg"}],"twitter_card":"summary_large_image","schema":{"@context":"https:\/\/schema.org","@graph":[{"@type":"WebPage","@id":"https:\/\/miumjau.ee\/lt\/produktas\/carnilove-true-fresh-sausas-pasaras-katems-su-zuvimi-48-kg\/","url":"https:\/\/miumjau.ee\/lt\/produktas\/carnilove-true-fresh-sausas-pasaras-katems-su-zuvimi-48-kg\/","name":"Carnilove True Fresh sausas pa\u0161aras kat\u0117ms su \u017euvimi 4,8 kg - MiuMjau","isPartOf":{"@id":"https:\/\/miumjau.ee\/#website"},"primaryImageOfPage":{"@id":"https:\/\/miumjau.ee\/lt\/produktas\/carnilove-true-fresh-sausas-pasaras-katems-su-zuvimi-48-kg\/#primaryimage"},"image":{"@id":"https:\/\/miumjau.ee\/lt\/produktas\/carnilove-true-fresh-sausas-pasaras-katems-su-zuvimi-48-kg\/#primaryimage"},"thumbnailUrl":"https:\/\/miumjau.ee\/wp-content\/uploads\/2024\/11\/carnilove-kuivtoit-kassile-true-fresh1-Photoroom.jpg","datePublished":"2024-11-08T10:47:36+00:00","breadcrumb":{"@id":"https:\/\/miumjau.ee\/lt\/produktas\/carnilove-true-fresh-sausas-pasaras-katems-su-zuvimi-48-kg\/#breadcrumb"},"inLanguage":"lt-LT","potentialAction":[{"@type":"ReadAction","target":["https:\/\/miumjau.ee\/lt\/produktas\/carnilove-true-fresh-sausas-pasaras-katems-su-zuvimi-48-kg\/"]}]},{"@type":"ImageObject","inLanguage":"lt-LT","@id":"https:\/\/miumjau.ee\/lt\/produktas\/carnilove-true-fresh-sausas-pasaras-katems-su-zuvimi-48-kg\/#primaryimage","url":"https:\/\/miumjau.ee\/wp-content\/uploads\/2024\/11\/carnilove-kuivtoit-kassile-true-fresh1-Photoroom.jpg","contentUrl":"https:\/\/miumjau.ee\/wp-content\/uploads\/2024\/11\/carnilove-kuivtoit-kassile-true-fresh1-Photoroom.jpg","width":600,"height":800},{"@type":"BreadcrumbList","@id":"https:\/\/miumjau.ee\/lt\/produktas\/carnilove-true-fresh-sausas-pasaras-katems-su-zuvimi-48-kg\/#breadcrumb","itemListElement":[{"@type":"ListItem","position":1,"name":"Home","item":"https:\/\/miumjau.ee\/lt\/"},{"@type":"ListItem","position":2,"name":"Parduotuv\u0117","item":"https:\/\/miumjau.ee\/lt\/parduotuve\/"},{"@type":"ListItem","position":3,"name":"Carnilove True Fresh sausas pa\u0161aras kat\u0117ms su \u017euvimi 4,8 kg"}]},{"@type":"WebSite","@id":"https:\/\/miumjau.ee\/#website","url":"https:\/\/miumjau.ee\/","name":"MiuMjau","description":"Kraapimispuud kassidele","publisher":{"@id":"https:\/\/miumjau.ee\/#organization"},"potentialAction":[{"@type":"SearchAction","target":{"@type":"EntryPoint","urlTemplate":"https:\/\/miumjau.ee\/?s={search_term_string}"},"query-input":{"@type":"PropertyValueSpecification","valueRequired":true,"valueName":"search_term_string"}}],"inLanguage":"lt-LT"},{"@type":"Organization","@id":"https:\/\/miumjau.ee\/#organization","name":"MiuMjau O\u00dc","url":"https:\/\/miumjau.ee\/","logo":{"@type":"ImageObject","inLanguage":"lt-LT","@id":"https:\/\/miumjau.ee\/#\/schema\/logo\/image\/","url":"https:\/\/miumjau.ee\/wp-content\/uploads\/2022\/04\/MiuMjau-logo-kollane.png","contentUrl":"https:\/\/miumjau.ee\/wp-content\/uploads\/2022\/04\/MiuMjau-logo-kollane.png","width":219,"height":100,"caption":"MiuMjau O\u00dc"},"image":{"@id":"https:\/\/miumjau.ee\/#\/schema\/logo\/image\/"},"sameAs":["https:\/\/www.facebook.com\/miumjaupood\/"]}]}},"_links":{"self":[{"href":"https:\/\/miumjau.ee\/lt\/wp-json\/wp\/v2\/product\/52123","targetHints":{"allow":["GET"]}}],"collection":[{"href":"https:\/\/miumjau.ee\/lt\/wp-json\/wp\/v2\/product"}],"about":[{"href":"https:\/\/miumjau.ee\/lt\/wp-json\/wp\/v2\/types\/product"}],"wp:featuredmedia":[{"embeddable":true,"href":"https:\/\/miumjau.ee\/lt\/wp-json\/wp\/v2\/media\/52122"}],"wp:attachment":[{"href":"https:\/\/miumjau.ee\/lt\/wp-json\/wp\/v2\/media?parent=52123"}],"wp:term":[{"taxonomy":"product_brand","embeddable":true,"href":"https:\/\/miumjau.ee\/lt\/wp-json\/wp\/v2\/product_brand?post=52123"},{"taxonomy":"product_cat","embeddable":true,"href":"https:\/\/miumjau.ee\/lt\/wp-json\/wp\/v2\/product_cat?post=52123"},{"taxonomy":"product_tag","embeddable":true,"href":"https:\/\/miumjau.ee\/lt\/wp-json\/wp\/v2\/product_tag?post=52123"}],"curies":[{"name":"wp","href":"https:\/\/api.w.org\/{rel}","templated":true}]}}