{"id":52112,"date":"2024-11-11T11:46:06","date_gmt":"2024-11-11T09:46:06","guid":{"rendered":"https:\/\/miumjau.ee\/toode\/carnilove-dregnas-pasaras-katems-su-sernu-ir-ramunelemis-85-g\/"},"modified":"2024-11-11T11:46:06","modified_gmt":"2024-11-11T09:46:06","slug":"carnilove-dregnas-pasaras-katems-su-sernu-ir-ramunelemis-85-g","status":"publish","type":"product","link":"https:\/\/miumjau.ee\/lt\/produktas\/carnilove-dregnas-pasaras-katems-su-sernu-ir-ramunelemis-85-g\/","title":{"rendered":"Carnilove dr\u0117gnas pa\u0161aras kat\u0117ms su \u0161ernu ir ramun\u0117l\u0117mis 85 g"},"content":{"rendered":"","protected":false},"excerpt":{"rendered":"<p data-start=\"1800\" data-end=\"1855\">Carnilove pilnavertis konservas kat\u0117ms su 85 % m\u0117sos!<\/p>\n<p data-start=\"1857\" data-end=\"1872\"><strong data-start=\"1857\" data-end=\"1870\">Apra\u0161ymas<\/strong><\/p>\n<ul data-start=\"1873\" data-end=\"2497\">\n<li data-start=\"1873\" data-end=\"1919\">\n<p data-start=\"1875\" data-end=\"1919\">Didelis kiekis \u0161erno m\u0117sos su ramun\u0117l\u0117mis.<\/p>\n<\/li>\n<li data-start=\"1920\" data-end=\"2026\">\n<p data-start=\"1922\" data-end=\"2026\">Laukin\u0117s m\u0117sos fil\u0117 gabal\u0117liai. Galima naudoti kaip kasdienin\u012f pa\u0161ar\u0105 arba kaip sausos dietos papild\u0105.<\/p>\n<\/li>\n<li data-start=\"2027\" data-end=\"2098\">\n<p data-start=\"2029\" data-end=\"2098\">Neturi gr\u016bd\u0173, bulvi\u0173, GMO, sojos, cukraus, konservant\u0173 ar da\u017eikli\u0173.<\/p>\n<\/li>\n<li data-start=\"2099\" data-end=\"2283\">\n<p data-start=\"2101\" data-end=\"2283\">Lengvai vir\u0161kinama \u0161erno m\u0117sa palaiko raumen\u0173 vystym\u0105si. Kadangi m\u0117sa turi labai ma\u017eai riebal\u0173 ir cholesterolio, ji skatina optimal\u0173 sveikum\u0105, \u012fskaitant sveik\u0105 \u0161ird\u012f ir kraujotak\u0105.<\/p>\n<\/li>\n<li data-start=\"2284\" data-end=\"2497\">\n<p data-start=\"2286\" data-end=\"2497\">Ramun\u0117l\u0117s yra turtingos antioksidantais, palaiko sveik\u0105 od\u0105 ir kail\u012f, turi antibakterini\u0173 ir antivirusini\u0173 savybi\u0173, padeda vir\u0161kinimui. Taip pat palaiko sveikus dantis ir dantenas d\u0117l prie\u0161u\u017edegimini\u0173 savybi\u0173.<\/p>\n<\/li>\n<\/ul>\n<p data-start=\"2499\" data-end=\"2658\"><strong data-start=\"2499\" data-end=\"2511\">Sud\u0117tis:<\/strong> 85 % m\u0117sos fil\u0117 (71 % vi\u0161tiena, 14 % \u0161ernas), 12 % sultinys, 1 % ramun\u0117l\u0117s, 1 % lin\u0173 s\u0117men\u0173 aliejus, 0,5 % mineralai, 0,5 % augalinis krakmolas.<\/p>\n<p data-start=\"2660\" data-end=\"2843\"><strong data-start=\"2660\" data-end=\"2682\">Analitin\u0117 sud\u0117tis:<\/strong> \u017eali baltymai 8 %, riebalai 4,2 %, \u017eali pelenai 2,5 %, \u017ealia l\u0105steliena 0,5 %, dr\u0117gm\u0117 82 %, kalcis 0,15 %, fosforas 0,2 %, natrio kiekis 0,3 %, Omega-3 0,2 %.<\/p>\n<p data-start=\"2845\" data-end=\"3104\"><strong data-start=\"2845\" data-end=\"2884\">Maistini\u0173 med\u017eiag\u0173 papildai \/ 1 kg:<\/strong> D3 vitaminas (E671) 250 TV, E vitaminas (3a700) 150 mg, biotinas (3a880) 0,5 mg, cinkas (3b606) 12 mg, manganas (3b502) 3 mg, gele\u017eis (3b103) 10 mg, varis (3b405) 0,4 mg, jodas (3b201) 0,7 mg, taurinas (3a370) 500 mg.<\/p>\n<p data-start=\"3106\" data-end=\"3144\"><strong data-start=\"3106\" data-end=\"3130\">Metabolin\u0117 energija:<\/strong> 800 kcal\/kg<\/p>\n<p data-start=\"3146\" data-end=\"3318\" data-is-last-node=\"\" data-is-only-node=\"\"><strong data-start=\"3146\" data-end=\"3167\">\u0160\u0117rimo nurodymai:<\/strong> Patiekite Carnilove \u0160ernas su Ramun\u0117l\u0117mis kambario temperat\u016broje ir visada u\u017etikrinkite duben\u0117l\u012f su \u0161variu vandeniu. Po atidarymo laikykite \u0161aldytuve.<\/p>\n","protected":false},"featured_media":52100,"template":"","meta":[],"product_brand":[],"product_cat":[526],"product_tag":[],"class_list":{"0":"post-52112","1":"product","2":"type-product","3":"status-publish","4":"has-post-thumbnail","6":"product_cat-slapias-maistas","8":"first","9":"instock","10":"sale","11":"taxable","12":"shipping-taxable","13":"purchasable","14":"product-type-simple"},"yoast_head":"<!-- This site is optimized with the Yoast SEO plugin v27.2 - https:\/\/yoast.com\/product\/yoast-seo-wordpress\/ -->\n<title>Carnilove dr\u0117gnas pa\u0161aras kat\u0117ms su \u0161ernu ir ramun\u0117l\u0117mis 85 g - MiuMjau<\/title>\n<meta name=\"robots\" content=\"index, follow, max-snippet:-1, max-image-preview:large, max-video-preview:-1\" \/>\n<link rel=\"canonical\" href=\"https:\/\/miumjau.ee\/lt\/produktas\/carnilove-dregnas-pasaras-katems-su-sernu-ir-ramunelemis-85-g\/\" \/>\n<meta property=\"og:locale\" content=\"lt_LT\" \/>\n<meta property=\"og:type\" content=\"article\" \/>\n<meta property=\"og:title\" content=\"Carnilove dr\u0117gnas pa\u0161aras kat\u0117ms su \u0161ernu ir ramun\u0117l\u0117mis 85 g - MiuMjau\" \/>\n<meta property=\"og:description\" content=\"Carnilove pilnavertis konservas kat\u0117ms su 85 % m\u0117sos! Apra\u0161ymas     Didelis kiekis \u0161erno m\u0117sos su ramun\u0117l\u0117mis.    Laukin\u0117s m\u0117sos fil\u0117 gabal\u0117liai. Galima naudoti kaip kasdienin\u012f pa\u0161ar\u0105 arba kaip sausos dietos papild\u0105.    Neturi gr\u016bd\u0173, bulvi\u0173, GMO, sojos, cukraus, konservant\u0173 ar da\u017eikli\u0173.    Lengvai vir\u0161kinama \u0161erno m\u0117sa palaiko raumen\u0173 vystym\u0105si. Kadangi m\u0117sa turi labai ma\u017eai riebal\u0173 ir cholesterolio, ji skatina optimal\u0173 sveikum\u0105, \u012fskaitant sveik\u0105 \u0161ird\u012f ir kraujotak\u0105.    Ramun\u0117l\u0117s yra turtingos antioksidantais, palaiko sveik\u0105 od\u0105 ir kail\u012f, turi antibakterini\u0173 ir antivirusini\u0173 savybi\u0173, padeda vir\u0161kinimui. Taip pat palaiko sveikus dantis ir dantenas d\u0117l prie\u0161u\u017edegimini\u0173 savybi\u0173.   Sud\u0117tis: 85 % m\u0117sos fil\u0117 (71 % vi\u0161tiena, 14 % \u0161ernas), 12 % sultinys, 1 % ramun\u0117l\u0117s, 1 % lin\u0173 s\u0117men\u0173 aliejus, 0,5 % mineralai, 0,5 % augalinis krakmolas. Analitin\u0117 sud\u0117tis: \u017eali baltymai 8 %, riebalai 4,2 %, \u017eali pelenai 2,5 %, \u017ealia l\u0105steliena 0,5 %, dr\u0117gm\u0117 82 %, kalcis 0,15 %, fosforas 0,2 %, natrio kiekis 0,3 %, Omega-3 0,2 %. Maistini\u0173 med\u017eiag\u0173 papildai \/ 1 kg: D3 vitaminas (E671) 250 TV, E vitaminas (3a700) 150 mg, biotinas (3a880) 0,5 mg, cinkas (3b606) 12 mg, manganas (3b502) 3 mg, gele\u017eis (3b103) 10 mg, varis (3b405) 0,4 mg, jodas (3b201) 0,7 mg, taurinas (3a370) 500 mg. Metabolin\u0117 energija: 800 kcal\/kg \u0160\u0117rimo nurodymai: Patiekite Carnilove \u0160ernas su Ramun\u0117l\u0117mis kambario temperat\u016broje ir visada u\u017etikrinkite duben\u0117l\u012f su \u0161variu vandeniu. Po atidarymo laikykite \u0161aldytuve.\" \/>\n<meta property=\"og:url\" content=\"https:\/\/miumjau.ee\/lt\/produktas\/carnilove-dregnas-pasaras-katems-su-sernu-ir-ramunelemis-85-g\/\" \/>\n<meta property=\"og:site_name\" content=\"MiuMjau\" \/>\n<meta property=\"article:publisher\" content=\"https:\/\/www.facebook.com\/miumjaupood\/\" \/>\n<meta property=\"og:image\" content=\"https:\/\/miumjau.ee\/wp-content\/uploads\/2024\/11\/carnilove-konserv-85g4.jpg\" \/>\n\t<meta property=\"og:image:width\" content=\"600\" \/>\n\t<meta property=\"og:image:height\" content=\"800\" \/>\n\t<meta property=\"og:image:type\" content=\"image\/jpeg\" \/>\n<meta name=\"twitter:card\" content=\"summary_large_image\" \/>\n<script type=\"application\/ld+json\" class=\"yoast-schema-graph\">{\"@context\":\"https:\/\/schema.org\",\"@graph\":[{\"@type\":\"WebPage\",\"@id\":\"https:\/\/miumjau.ee\/lt\/produktas\/carnilove-dregnas-pasaras-katems-su-sernu-ir-ramunelemis-85-g\/\",\"url\":\"https:\/\/miumjau.ee\/lt\/produktas\/carnilove-dregnas-pasaras-katems-su-sernu-ir-ramunelemis-85-g\/\",\"name\":\"Carnilove dr\u0117gnas pa\u0161aras kat\u0117ms su \u0161ernu ir ramun\u0117l\u0117mis 85 g - MiuMjau\",\"isPartOf\":{\"@id\":\"https:\/\/miumjau.ee\/#website\"},\"primaryImageOfPage\":{\"@id\":\"https:\/\/miumjau.ee\/lt\/produktas\/carnilove-dregnas-pasaras-katems-su-sernu-ir-ramunelemis-85-g\/#primaryimage\"},\"image\":{\"@id\":\"https:\/\/miumjau.ee\/lt\/produktas\/carnilove-dregnas-pasaras-katems-su-sernu-ir-ramunelemis-85-g\/#primaryimage\"},\"thumbnailUrl\":\"https:\/\/miumjau.ee\/wp-content\/uploads\/2024\/11\/carnilove-konserv-85g4.jpg\",\"datePublished\":\"2024-11-11T09:46:06+00:00\",\"breadcrumb\":{\"@id\":\"https:\/\/miumjau.ee\/lt\/produktas\/carnilove-dregnas-pasaras-katems-su-sernu-ir-ramunelemis-85-g\/#breadcrumb\"},\"inLanguage\":\"lt-LT\",\"potentialAction\":[{\"@type\":\"ReadAction\",\"target\":[\"https:\/\/miumjau.ee\/lt\/produktas\/carnilove-dregnas-pasaras-katems-su-sernu-ir-ramunelemis-85-g\/\"]}]},{\"@type\":\"ImageObject\",\"inLanguage\":\"lt-LT\",\"@id\":\"https:\/\/miumjau.ee\/lt\/produktas\/carnilove-dregnas-pasaras-katems-su-sernu-ir-ramunelemis-85-g\/#primaryimage\",\"url\":\"https:\/\/miumjau.ee\/wp-content\/uploads\/2024\/11\/carnilove-konserv-85g4.jpg\",\"contentUrl\":\"https:\/\/miumjau.ee\/wp-content\/uploads\/2024\/11\/carnilove-konserv-85g4.jpg\",\"width\":600,\"height\":800},{\"@type\":\"BreadcrumbList\",\"@id\":\"https:\/\/miumjau.ee\/lt\/produktas\/carnilove-dregnas-pasaras-katems-su-sernu-ir-ramunelemis-85-g\/#breadcrumb\",\"itemListElement\":[{\"@type\":\"ListItem\",\"position\":1,\"name\":\"Home\",\"item\":\"https:\/\/miumjau.ee\/lt\/\"},{\"@type\":\"ListItem\",\"position\":2,\"name\":\"Parduotuv\u0117\",\"item\":\"https:\/\/miumjau.ee\/lt\/parduotuve\/\"},{\"@type\":\"ListItem\",\"position\":3,\"name\":\"Carnilove dr\u0117gnas pa\u0161aras kat\u0117ms su \u0161ernu ir ramun\u0117l\u0117mis 85 g\"}]},{\"@type\":\"WebSite\",\"@id\":\"https:\/\/miumjau.ee\/#website\",\"url\":\"https:\/\/miumjau.ee\/\",\"name\":\"MiuMjau\",\"description\":\"Kraapimispuud kassidele\",\"publisher\":{\"@id\":\"https:\/\/miumjau.ee\/#organization\"},\"potentialAction\":[{\"@type\":\"SearchAction\",\"target\":{\"@type\":\"EntryPoint\",\"urlTemplate\":\"https:\/\/miumjau.ee\/?s={search_term_string}\"},\"query-input\":{\"@type\":\"PropertyValueSpecification\",\"valueRequired\":true,\"valueName\":\"search_term_string\"}}],\"inLanguage\":\"lt-LT\"},{\"@type\":\"Organization\",\"@id\":\"https:\/\/miumjau.ee\/#organization\",\"name\":\"MiuMjau O\u00dc\",\"url\":\"https:\/\/miumjau.ee\/\",\"logo\":{\"@type\":\"ImageObject\",\"inLanguage\":\"lt-LT\",\"@id\":\"https:\/\/miumjau.ee\/#\/schema\/logo\/image\/\",\"url\":\"https:\/\/miumjau.ee\/wp-content\/uploads\/2022\/04\/MiuMjau-logo-kollane.png\",\"contentUrl\":\"https:\/\/miumjau.ee\/wp-content\/uploads\/2022\/04\/MiuMjau-logo-kollane.png\",\"width\":219,\"height\":100,\"caption\":\"MiuMjau O\u00dc\"},\"image\":{\"@id\":\"https:\/\/miumjau.ee\/#\/schema\/logo\/image\/\"},\"sameAs\":[\"https:\/\/www.facebook.com\/miumjaupood\/\"]}]}<\/script>\n<!-- \/ Yoast SEO plugin. -->","yoast_head_json":{"title":"Carnilove dr\u0117gnas pa\u0161aras kat\u0117ms su \u0161ernu ir ramun\u0117l\u0117mis 85 g - MiuMjau","robots":{"index":"index","follow":"follow","max-snippet":"max-snippet:-1","max-image-preview":"max-image-preview:large","max-video-preview":"max-video-preview:-1"},"canonical":"https:\/\/miumjau.ee\/lt\/produktas\/carnilove-dregnas-pasaras-katems-su-sernu-ir-ramunelemis-85-g\/","og_locale":"lt_LT","og_type":"article","og_title":"Carnilove dr\u0117gnas pa\u0161aras kat\u0117ms su \u0161ernu ir ramun\u0117l\u0117mis 85 g - MiuMjau","og_description":"Carnilove pilnavertis konservas kat\u0117ms su 85 % m\u0117sos! Apra\u0161ymas     Didelis kiekis \u0161erno m\u0117sos su ramun\u0117l\u0117mis.    Laukin\u0117s m\u0117sos fil\u0117 gabal\u0117liai. Galima naudoti kaip kasdienin\u012f pa\u0161ar\u0105 arba kaip sausos dietos papild\u0105.    Neturi gr\u016bd\u0173, bulvi\u0173, GMO, sojos, cukraus, konservant\u0173 ar da\u017eikli\u0173.    Lengvai vir\u0161kinama \u0161erno m\u0117sa palaiko raumen\u0173 vystym\u0105si. Kadangi m\u0117sa turi labai ma\u017eai riebal\u0173 ir cholesterolio, ji skatina optimal\u0173 sveikum\u0105, \u012fskaitant sveik\u0105 \u0161ird\u012f ir kraujotak\u0105.    Ramun\u0117l\u0117s yra turtingos antioksidantais, palaiko sveik\u0105 od\u0105 ir kail\u012f, turi antibakterini\u0173 ir antivirusini\u0173 savybi\u0173, padeda vir\u0161kinimui. Taip pat palaiko sveikus dantis ir dantenas d\u0117l prie\u0161u\u017edegimini\u0173 savybi\u0173.   Sud\u0117tis: 85 % m\u0117sos fil\u0117 (71 % vi\u0161tiena, 14 % \u0161ernas), 12 % sultinys, 1 % ramun\u0117l\u0117s, 1 % lin\u0173 s\u0117men\u0173 aliejus, 0,5 % mineralai, 0,5 % augalinis krakmolas. Analitin\u0117 sud\u0117tis: \u017eali baltymai 8 %, riebalai 4,2 %, \u017eali pelenai 2,5 %, \u017ealia l\u0105steliena 0,5 %, dr\u0117gm\u0117 82 %, kalcis 0,15 %, fosforas 0,2 %, natrio kiekis 0,3 %, Omega-3 0,2 %. Maistini\u0173 med\u017eiag\u0173 papildai \/ 1 kg: D3 vitaminas (E671) 250 TV, E vitaminas (3a700) 150 mg, biotinas (3a880) 0,5 mg, cinkas (3b606) 12 mg, manganas (3b502) 3 mg, gele\u017eis (3b103) 10 mg, varis (3b405) 0,4 mg, jodas (3b201) 0,7 mg, taurinas (3a370) 500 mg. Metabolin\u0117 energija: 800 kcal\/kg \u0160\u0117rimo nurodymai: Patiekite Carnilove \u0160ernas su Ramun\u0117l\u0117mis kambario temperat\u016broje ir visada u\u017etikrinkite duben\u0117l\u012f su \u0161variu vandeniu. Po atidarymo laikykite \u0161aldytuve.","og_url":"https:\/\/miumjau.ee\/lt\/produktas\/carnilove-dregnas-pasaras-katems-su-sernu-ir-ramunelemis-85-g\/","og_site_name":"MiuMjau","article_publisher":"https:\/\/www.facebook.com\/miumjaupood\/","og_image":[{"width":600,"height":800,"url":"https:\/\/miumjau.ee\/wp-content\/uploads\/2024\/11\/carnilove-konserv-85g4.jpg","type":"image\/jpeg"}],"twitter_card":"summary_large_image","schema":{"@context":"https:\/\/schema.org","@graph":[{"@type":"WebPage","@id":"https:\/\/miumjau.ee\/lt\/produktas\/carnilove-dregnas-pasaras-katems-su-sernu-ir-ramunelemis-85-g\/","url":"https:\/\/miumjau.ee\/lt\/produktas\/carnilove-dregnas-pasaras-katems-su-sernu-ir-ramunelemis-85-g\/","name":"Carnilove dr\u0117gnas pa\u0161aras kat\u0117ms su \u0161ernu ir ramun\u0117l\u0117mis 85 g - MiuMjau","isPartOf":{"@id":"https:\/\/miumjau.ee\/#website"},"primaryImageOfPage":{"@id":"https:\/\/miumjau.ee\/lt\/produktas\/carnilove-dregnas-pasaras-katems-su-sernu-ir-ramunelemis-85-g\/#primaryimage"},"image":{"@id":"https:\/\/miumjau.ee\/lt\/produktas\/carnilove-dregnas-pasaras-katems-su-sernu-ir-ramunelemis-85-g\/#primaryimage"},"thumbnailUrl":"https:\/\/miumjau.ee\/wp-content\/uploads\/2024\/11\/carnilove-konserv-85g4.jpg","datePublished":"2024-11-11T09:46:06+00:00","breadcrumb":{"@id":"https:\/\/miumjau.ee\/lt\/produktas\/carnilove-dregnas-pasaras-katems-su-sernu-ir-ramunelemis-85-g\/#breadcrumb"},"inLanguage":"lt-LT","potentialAction":[{"@type":"ReadAction","target":["https:\/\/miumjau.ee\/lt\/produktas\/carnilove-dregnas-pasaras-katems-su-sernu-ir-ramunelemis-85-g\/"]}]},{"@type":"ImageObject","inLanguage":"lt-LT","@id":"https:\/\/miumjau.ee\/lt\/produktas\/carnilove-dregnas-pasaras-katems-su-sernu-ir-ramunelemis-85-g\/#primaryimage","url":"https:\/\/miumjau.ee\/wp-content\/uploads\/2024\/11\/carnilove-konserv-85g4.jpg","contentUrl":"https:\/\/miumjau.ee\/wp-content\/uploads\/2024\/11\/carnilove-konserv-85g4.jpg","width":600,"height":800},{"@type":"BreadcrumbList","@id":"https:\/\/miumjau.ee\/lt\/produktas\/carnilove-dregnas-pasaras-katems-su-sernu-ir-ramunelemis-85-g\/#breadcrumb","itemListElement":[{"@type":"ListItem","position":1,"name":"Home","item":"https:\/\/miumjau.ee\/lt\/"},{"@type":"ListItem","position":2,"name":"Parduotuv\u0117","item":"https:\/\/miumjau.ee\/lt\/parduotuve\/"},{"@type":"ListItem","position":3,"name":"Carnilove dr\u0117gnas pa\u0161aras kat\u0117ms su \u0161ernu ir ramun\u0117l\u0117mis 85 g"}]},{"@type":"WebSite","@id":"https:\/\/miumjau.ee\/#website","url":"https:\/\/miumjau.ee\/","name":"MiuMjau","description":"Kraapimispuud kassidele","publisher":{"@id":"https:\/\/miumjau.ee\/#organization"},"potentialAction":[{"@type":"SearchAction","target":{"@type":"EntryPoint","urlTemplate":"https:\/\/miumjau.ee\/?s={search_term_string}"},"query-input":{"@type":"PropertyValueSpecification","valueRequired":true,"valueName":"search_term_string"}}],"inLanguage":"lt-LT"},{"@type":"Organization","@id":"https:\/\/miumjau.ee\/#organization","name":"MiuMjau O\u00dc","url":"https:\/\/miumjau.ee\/","logo":{"@type":"ImageObject","inLanguage":"lt-LT","@id":"https:\/\/miumjau.ee\/#\/schema\/logo\/image\/","url":"https:\/\/miumjau.ee\/wp-content\/uploads\/2022\/04\/MiuMjau-logo-kollane.png","contentUrl":"https:\/\/miumjau.ee\/wp-content\/uploads\/2022\/04\/MiuMjau-logo-kollane.png","width":219,"height":100,"caption":"MiuMjau O\u00dc"},"image":{"@id":"https:\/\/miumjau.ee\/#\/schema\/logo\/image\/"},"sameAs":["https:\/\/www.facebook.com\/miumjaupood\/"]}]}},"_links":{"self":[{"href":"https:\/\/miumjau.ee\/lt\/wp-json\/wp\/v2\/product\/52112","targetHints":{"allow":["GET"]}}],"collection":[{"href":"https:\/\/miumjau.ee\/lt\/wp-json\/wp\/v2\/product"}],"about":[{"href":"https:\/\/miumjau.ee\/lt\/wp-json\/wp\/v2\/types\/product"}],"wp:featuredmedia":[{"embeddable":true,"href":"https:\/\/miumjau.ee\/lt\/wp-json\/wp\/v2\/media\/52100"}],"wp:attachment":[{"href":"https:\/\/miumjau.ee\/lt\/wp-json\/wp\/v2\/media?parent=52112"}],"wp:term":[{"taxonomy":"product_brand","embeddable":true,"href":"https:\/\/miumjau.ee\/lt\/wp-json\/wp\/v2\/product_brand?post=52112"},{"taxonomy":"product_cat","embeddable":true,"href":"https:\/\/miumjau.ee\/lt\/wp-json\/wp\/v2\/product_cat?post=52112"},{"taxonomy":"product_tag","embeddable":true,"href":"https:\/\/miumjau.ee\/lt\/wp-json\/wp\/v2\/product_tag?post=52112"}],"curies":[{"name":"wp","href":"https:\/\/api.w.org\/{rel}","templated":true}]}}