{"id":52108,"date":"2024-11-11T11:44:16","date_gmt":"2024-11-11T09:44:16","guid":{"rendered":"https:\/\/miumjau.ee\/toode\/carnilove-dregnas-pasaras-katems-su-kalakuto-mesa-ir-valerijonu-85-g\/"},"modified":"2024-11-11T11:44:16","modified_gmt":"2024-11-11T09:44:16","slug":"carnilove-dregnas-pasaras-katems-su-kalakuto-mesa-ir-valerijonu-85-g","status":"publish","type":"product","link":"https:\/\/miumjau.ee\/lt\/produktas\/carnilove-dregnas-pasaras-katems-su-kalakuto-mesa-ir-valerijonu-85-g\/","title":{"rendered":"Carnilove dr\u0117gnas pa\u0161aras kat\u0117ms su kalakuto m\u0117sa ir valerijonu 85 g"},"content":{"rendered":"","protected":false},"excerpt":{"rendered":"<p data-start=\"1638\" data-end=\"1693\">Carnilove pilnavertis konservas kat\u0117ms su 85 % m\u0117sos!<\/p>\n<p data-start=\"1695\" data-end=\"1710\"><strong data-start=\"1695\" data-end=\"1708\">Apra\u0161ymas<\/strong><\/p>\n<ul data-start=\"1711\" data-end=\"2191\">\n<li data-start=\"1711\" data-end=\"1759\">\n<p data-start=\"1713\" data-end=\"1759\">Didelis kiekis kalakuto m\u0117sos su valerijonu.<\/p>\n<\/li>\n<li data-start=\"1760\" data-end=\"1866\">\n<p data-start=\"1762\" data-end=\"1866\">Laukin\u0117s m\u0117sos fil\u0117 gabal\u0117liai. Galima naudoti kaip kasdienin\u012f pa\u0161ar\u0105 arba kaip sausos dietos papild\u0105.<\/p>\n<\/li>\n<li data-start=\"1867\" data-end=\"1938\">\n<p data-start=\"1869\" data-end=\"1938\">Neturi gr\u016bd\u0173, bulvi\u0173, GMO, sojos, cukraus, konservant\u0173 ar da\u017eikli\u0173.<\/p>\n<\/li>\n<li data-start=\"1939\" data-end=\"2082\">\n<p data-start=\"1941\" data-end=\"2082\">Hipoalergin\u0117 kalakuto m\u0117sa, palaikanti optimal\u0173 fizin\u012f tonus\u0105 ir raumen\u0173 vystym\u0105si. Auk\u0161tas triptofano kiekis padeda suma\u017einti streso lyg\u012f.<\/p>\n<\/li>\n<li data-start=\"2083\" data-end=\"2191\">\n<p data-start=\"2085\" data-end=\"2191\">Valerijonas padeda apsisaugoti nuo streso ir ramina nerv\u0173 sistem\u0105. Ramina ir jautri\u0105 vir\u0161kinimo sistem\u0105.<\/p>\n<\/li>\n<\/ul>\n<p data-start=\"2193\" data-end=\"2362\"><strong data-start=\"2193\" data-end=\"2205\">Sud\u0117tis:<\/strong> 85 % m\u0117sos fil\u0117 (71 % vi\u0161tiena, 14 % kalakutas), 12 % sultinys, 1 % valerijono \u0161aknis, 1 % lin\u0173 s\u0117men\u0173 aliejus, 0,5 % mineralai, 0,5 % dar\u017eovi\u0173 krakmolas.<\/p>\n<p data-start=\"2364\" data-end=\"2545\"><strong data-start=\"2364\" data-end=\"2386\">Analitin\u0117 sud\u0117tis:<\/strong> \u017eali baltymai 9 %, riebalai 4 %, \u017eali pelenai 2,5 %, \u017ealia l\u0105steliena 0,5 %, dr\u0117gm\u0117 82 %, kalcis 0,15 %, fosforas 0,2 %, natrio kiekis 0,3 %, Omega-3 0,2 %.<\/p>\n<p data-start=\"2547\" data-end=\"2806\"><strong data-start=\"2547\" data-end=\"2586\">Maistini\u0173 med\u017eiag\u0173 papildai \/ 1 kg:<\/strong> D3 vitaminas (E671) 250 TV, E vitaminas (3a700) 150 mg, biotinas (3a880) 0,5 mg, cinkas (3b606) 12 mg, manganas (3b502) 3 mg, gele\u017eis (3b103) 10 mg, varis (3b405) 0,4 mg, jodas (3b201) 0,7 mg, taurinas (3a370) 500 mg.<\/p>\n<p data-start=\"2808\" data-end=\"2846\"><strong data-start=\"2808\" data-end=\"2832\">Metabolin\u0117 energija:<\/strong> 800 kcal\/kg<\/p>\n<p data-start=\"2848\" data-end=\"3022\" data-is-last-node=\"\" data-is-only-node=\"\"><strong data-start=\"2848\" data-end=\"2869\">\u0160\u0117rimo nurodymai:<\/strong> Patiekite Carnilove Kalakutas su Valerijonu kambario temperat\u016broje ir visada u\u017etikrinkite duben\u0117l\u012f su \u0161variu vandeniu. Po atidarymo laikykite \u0161aldytuve.<\/p>\n","protected":false},"featured_media":52101,"template":"","meta":[],"product_brand":[],"product_cat":[526],"product_tag":[],"class_list":{"0":"post-52108","1":"product","2":"type-product","3":"status-publish","4":"has-post-thumbnail","6":"product_cat-slapias-maistas","8":"first","9":"instock","10":"sale","11":"taxable","12":"shipping-taxable","13":"purchasable","14":"product-type-simple"},"yoast_head":"<!-- This site is optimized with the Yoast SEO plugin v27.2 - https:\/\/yoast.com\/product\/yoast-seo-wordpress\/ -->\n<title>Carnilove dr\u0117gnas pa\u0161aras kat\u0117ms su kalakuto m\u0117sa ir valerijonu 85 g - MiuMjau<\/title>\n<meta name=\"robots\" content=\"index, follow, max-snippet:-1, max-image-preview:large, max-video-preview:-1\" \/>\n<link rel=\"canonical\" href=\"https:\/\/miumjau.ee\/lt\/produktas\/carnilove-dregnas-pasaras-katems-su-kalakuto-mesa-ir-valerijonu-85-g\/\" \/>\n<meta property=\"og:locale\" content=\"lt_LT\" \/>\n<meta property=\"og:type\" content=\"article\" \/>\n<meta property=\"og:title\" content=\"Carnilove dr\u0117gnas pa\u0161aras kat\u0117ms su kalakuto m\u0117sa ir valerijonu 85 g - MiuMjau\" \/>\n<meta property=\"og:description\" content=\"Carnilove pilnavertis konservas kat\u0117ms su 85 % m\u0117sos! Apra\u0161ymas     Didelis kiekis kalakuto m\u0117sos su valerijonu.    Laukin\u0117s m\u0117sos fil\u0117 gabal\u0117liai. Galima naudoti kaip kasdienin\u012f pa\u0161ar\u0105 arba kaip sausos dietos papild\u0105.    Neturi gr\u016bd\u0173, bulvi\u0173, GMO, sojos, cukraus, konservant\u0173 ar da\u017eikli\u0173.    Hipoalergin\u0117 kalakuto m\u0117sa, palaikanti optimal\u0173 fizin\u012f tonus\u0105 ir raumen\u0173 vystym\u0105si. Auk\u0161tas triptofano kiekis padeda suma\u017einti streso lyg\u012f.    Valerijonas padeda apsisaugoti nuo streso ir ramina nerv\u0173 sistem\u0105. Ramina ir jautri\u0105 vir\u0161kinimo sistem\u0105.   Sud\u0117tis: 85 % m\u0117sos fil\u0117 (71 % vi\u0161tiena, 14 % kalakutas), 12 % sultinys, 1 % valerijono \u0161aknis, 1 % lin\u0173 s\u0117men\u0173 aliejus, 0,5 % mineralai, 0,5 % dar\u017eovi\u0173 krakmolas. Analitin\u0117 sud\u0117tis: \u017eali baltymai 9 %, riebalai 4 %, \u017eali pelenai 2,5 %, \u017ealia l\u0105steliena 0,5 %, dr\u0117gm\u0117 82 %, kalcis 0,15 %, fosforas 0,2 %, natrio kiekis 0,3 %, Omega-3 0,2 %. Maistini\u0173 med\u017eiag\u0173 papildai \/ 1 kg: D3 vitaminas (E671) 250 TV, E vitaminas (3a700) 150 mg, biotinas (3a880) 0,5 mg, cinkas (3b606) 12 mg, manganas (3b502) 3 mg, gele\u017eis (3b103) 10 mg, varis (3b405) 0,4 mg, jodas (3b201) 0,7 mg, taurinas (3a370) 500 mg. Metabolin\u0117 energija: 800 kcal\/kg \u0160\u0117rimo nurodymai: Patiekite Carnilove Kalakutas su Valerijonu kambario temperat\u016broje ir visada u\u017etikrinkite duben\u0117l\u012f su \u0161variu vandeniu. Po atidarymo laikykite \u0161aldytuve.\" \/>\n<meta property=\"og:url\" content=\"https:\/\/miumjau.ee\/lt\/produktas\/carnilove-dregnas-pasaras-katems-su-kalakuto-mesa-ir-valerijonu-85-g\/\" \/>\n<meta property=\"og:site_name\" content=\"MiuMjau\" \/>\n<meta property=\"article:publisher\" content=\"https:\/\/www.facebook.com\/miumjaupood\/\" \/>\n<meta property=\"og:image\" content=\"https:\/\/miumjau.ee\/wp-content\/uploads\/2024\/11\/carnilove-konserv-85g5.jpg\" \/>\n\t<meta property=\"og:image:width\" content=\"600\" \/>\n\t<meta property=\"og:image:height\" content=\"800\" \/>\n\t<meta property=\"og:image:type\" content=\"image\/jpeg\" \/>\n<meta name=\"twitter:card\" content=\"summary_large_image\" \/>\n<script type=\"application\/ld+json\" class=\"yoast-schema-graph\">{\"@context\":\"https:\/\/schema.org\",\"@graph\":[{\"@type\":\"WebPage\",\"@id\":\"https:\/\/miumjau.ee\/lt\/produktas\/carnilove-dregnas-pasaras-katems-su-kalakuto-mesa-ir-valerijonu-85-g\/\",\"url\":\"https:\/\/miumjau.ee\/lt\/produktas\/carnilove-dregnas-pasaras-katems-su-kalakuto-mesa-ir-valerijonu-85-g\/\",\"name\":\"Carnilove dr\u0117gnas pa\u0161aras kat\u0117ms su kalakuto m\u0117sa ir valerijonu 85 g - MiuMjau\",\"isPartOf\":{\"@id\":\"https:\/\/miumjau.ee\/#website\"},\"primaryImageOfPage\":{\"@id\":\"https:\/\/miumjau.ee\/lt\/produktas\/carnilove-dregnas-pasaras-katems-su-kalakuto-mesa-ir-valerijonu-85-g\/#primaryimage\"},\"image\":{\"@id\":\"https:\/\/miumjau.ee\/lt\/produktas\/carnilove-dregnas-pasaras-katems-su-kalakuto-mesa-ir-valerijonu-85-g\/#primaryimage\"},\"thumbnailUrl\":\"https:\/\/miumjau.ee\/wp-content\/uploads\/2024\/11\/carnilove-konserv-85g5.jpg\",\"datePublished\":\"2024-11-11T09:44:16+00:00\",\"breadcrumb\":{\"@id\":\"https:\/\/miumjau.ee\/lt\/produktas\/carnilove-dregnas-pasaras-katems-su-kalakuto-mesa-ir-valerijonu-85-g\/#breadcrumb\"},\"inLanguage\":\"lt-LT\",\"potentialAction\":[{\"@type\":\"ReadAction\",\"target\":[\"https:\/\/miumjau.ee\/lt\/produktas\/carnilove-dregnas-pasaras-katems-su-kalakuto-mesa-ir-valerijonu-85-g\/\"]}]},{\"@type\":\"ImageObject\",\"inLanguage\":\"lt-LT\",\"@id\":\"https:\/\/miumjau.ee\/lt\/produktas\/carnilove-dregnas-pasaras-katems-su-kalakuto-mesa-ir-valerijonu-85-g\/#primaryimage\",\"url\":\"https:\/\/miumjau.ee\/wp-content\/uploads\/2024\/11\/carnilove-konserv-85g5.jpg\",\"contentUrl\":\"https:\/\/miumjau.ee\/wp-content\/uploads\/2024\/11\/carnilove-konserv-85g5.jpg\",\"width\":600,\"height\":800},{\"@type\":\"BreadcrumbList\",\"@id\":\"https:\/\/miumjau.ee\/lt\/produktas\/carnilove-dregnas-pasaras-katems-su-kalakuto-mesa-ir-valerijonu-85-g\/#breadcrumb\",\"itemListElement\":[{\"@type\":\"ListItem\",\"position\":1,\"name\":\"Home\",\"item\":\"https:\/\/miumjau.ee\/lt\/\"},{\"@type\":\"ListItem\",\"position\":2,\"name\":\"Parduotuv\u0117\",\"item\":\"https:\/\/miumjau.ee\/lt\/parduotuve\/\"},{\"@type\":\"ListItem\",\"position\":3,\"name\":\"Carnilove dr\u0117gnas pa\u0161aras kat\u0117ms su kalakuto m\u0117sa ir valerijonu 85 g\"}]},{\"@type\":\"WebSite\",\"@id\":\"https:\/\/miumjau.ee\/#website\",\"url\":\"https:\/\/miumjau.ee\/\",\"name\":\"MiuMjau\",\"description\":\"Kraapimispuud kassidele\",\"publisher\":{\"@id\":\"https:\/\/miumjau.ee\/#organization\"},\"potentialAction\":[{\"@type\":\"SearchAction\",\"target\":{\"@type\":\"EntryPoint\",\"urlTemplate\":\"https:\/\/miumjau.ee\/?s={search_term_string}\"},\"query-input\":{\"@type\":\"PropertyValueSpecification\",\"valueRequired\":true,\"valueName\":\"search_term_string\"}}],\"inLanguage\":\"lt-LT\"},{\"@type\":\"Organization\",\"@id\":\"https:\/\/miumjau.ee\/#organization\",\"name\":\"MiuMjau O\u00dc\",\"url\":\"https:\/\/miumjau.ee\/\",\"logo\":{\"@type\":\"ImageObject\",\"inLanguage\":\"lt-LT\",\"@id\":\"https:\/\/miumjau.ee\/#\/schema\/logo\/image\/\",\"url\":\"https:\/\/miumjau.ee\/wp-content\/uploads\/2022\/04\/MiuMjau-logo-kollane.png\",\"contentUrl\":\"https:\/\/miumjau.ee\/wp-content\/uploads\/2022\/04\/MiuMjau-logo-kollane.png\",\"width\":219,\"height\":100,\"caption\":\"MiuMjau O\u00dc\"},\"image\":{\"@id\":\"https:\/\/miumjau.ee\/#\/schema\/logo\/image\/\"},\"sameAs\":[\"https:\/\/www.facebook.com\/miumjaupood\/\"]}]}<\/script>\n<!-- \/ Yoast SEO plugin. -->","yoast_head_json":{"title":"Carnilove dr\u0117gnas pa\u0161aras kat\u0117ms su kalakuto m\u0117sa ir valerijonu 85 g - MiuMjau","robots":{"index":"index","follow":"follow","max-snippet":"max-snippet:-1","max-image-preview":"max-image-preview:large","max-video-preview":"max-video-preview:-1"},"canonical":"https:\/\/miumjau.ee\/lt\/produktas\/carnilove-dregnas-pasaras-katems-su-kalakuto-mesa-ir-valerijonu-85-g\/","og_locale":"lt_LT","og_type":"article","og_title":"Carnilove dr\u0117gnas pa\u0161aras kat\u0117ms su kalakuto m\u0117sa ir valerijonu 85 g - MiuMjau","og_description":"Carnilove pilnavertis konservas kat\u0117ms su 85 % m\u0117sos! Apra\u0161ymas     Didelis kiekis kalakuto m\u0117sos su valerijonu.    Laukin\u0117s m\u0117sos fil\u0117 gabal\u0117liai. Galima naudoti kaip kasdienin\u012f pa\u0161ar\u0105 arba kaip sausos dietos papild\u0105.    Neturi gr\u016bd\u0173, bulvi\u0173, GMO, sojos, cukraus, konservant\u0173 ar da\u017eikli\u0173.    Hipoalergin\u0117 kalakuto m\u0117sa, palaikanti optimal\u0173 fizin\u012f tonus\u0105 ir raumen\u0173 vystym\u0105si. Auk\u0161tas triptofano kiekis padeda suma\u017einti streso lyg\u012f.    Valerijonas padeda apsisaugoti nuo streso ir ramina nerv\u0173 sistem\u0105. Ramina ir jautri\u0105 vir\u0161kinimo sistem\u0105.   Sud\u0117tis: 85 % m\u0117sos fil\u0117 (71 % vi\u0161tiena, 14 % kalakutas), 12 % sultinys, 1 % valerijono \u0161aknis, 1 % lin\u0173 s\u0117men\u0173 aliejus, 0,5 % mineralai, 0,5 % dar\u017eovi\u0173 krakmolas. Analitin\u0117 sud\u0117tis: \u017eali baltymai 9 %, riebalai 4 %, \u017eali pelenai 2,5 %, \u017ealia l\u0105steliena 0,5 %, dr\u0117gm\u0117 82 %, kalcis 0,15 %, fosforas 0,2 %, natrio kiekis 0,3 %, Omega-3 0,2 %. Maistini\u0173 med\u017eiag\u0173 papildai \/ 1 kg: D3 vitaminas (E671) 250 TV, E vitaminas (3a700) 150 mg, biotinas (3a880) 0,5 mg, cinkas (3b606) 12 mg, manganas (3b502) 3 mg, gele\u017eis (3b103) 10 mg, varis (3b405) 0,4 mg, jodas (3b201) 0,7 mg, taurinas (3a370) 500 mg. Metabolin\u0117 energija: 800 kcal\/kg \u0160\u0117rimo nurodymai: Patiekite Carnilove Kalakutas su Valerijonu kambario temperat\u016broje ir visada u\u017etikrinkite duben\u0117l\u012f su \u0161variu vandeniu. Po atidarymo laikykite \u0161aldytuve.","og_url":"https:\/\/miumjau.ee\/lt\/produktas\/carnilove-dregnas-pasaras-katems-su-kalakuto-mesa-ir-valerijonu-85-g\/","og_site_name":"MiuMjau","article_publisher":"https:\/\/www.facebook.com\/miumjaupood\/","og_image":[{"width":600,"height":800,"url":"https:\/\/miumjau.ee\/wp-content\/uploads\/2024\/11\/carnilove-konserv-85g5.jpg","type":"image\/jpeg"}],"twitter_card":"summary_large_image","schema":{"@context":"https:\/\/schema.org","@graph":[{"@type":"WebPage","@id":"https:\/\/miumjau.ee\/lt\/produktas\/carnilove-dregnas-pasaras-katems-su-kalakuto-mesa-ir-valerijonu-85-g\/","url":"https:\/\/miumjau.ee\/lt\/produktas\/carnilove-dregnas-pasaras-katems-su-kalakuto-mesa-ir-valerijonu-85-g\/","name":"Carnilove dr\u0117gnas pa\u0161aras kat\u0117ms su kalakuto m\u0117sa ir valerijonu 85 g - MiuMjau","isPartOf":{"@id":"https:\/\/miumjau.ee\/#website"},"primaryImageOfPage":{"@id":"https:\/\/miumjau.ee\/lt\/produktas\/carnilove-dregnas-pasaras-katems-su-kalakuto-mesa-ir-valerijonu-85-g\/#primaryimage"},"image":{"@id":"https:\/\/miumjau.ee\/lt\/produktas\/carnilove-dregnas-pasaras-katems-su-kalakuto-mesa-ir-valerijonu-85-g\/#primaryimage"},"thumbnailUrl":"https:\/\/miumjau.ee\/wp-content\/uploads\/2024\/11\/carnilove-konserv-85g5.jpg","datePublished":"2024-11-11T09:44:16+00:00","breadcrumb":{"@id":"https:\/\/miumjau.ee\/lt\/produktas\/carnilove-dregnas-pasaras-katems-su-kalakuto-mesa-ir-valerijonu-85-g\/#breadcrumb"},"inLanguage":"lt-LT","potentialAction":[{"@type":"ReadAction","target":["https:\/\/miumjau.ee\/lt\/produktas\/carnilove-dregnas-pasaras-katems-su-kalakuto-mesa-ir-valerijonu-85-g\/"]}]},{"@type":"ImageObject","inLanguage":"lt-LT","@id":"https:\/\/miumjau.ee\/lt\/produktas\/carnilove-dregnas-pasaras-katems-su-kalakuto-mesa-ir-valerijonu-85-g\/#primaryimage","url":"https:\/\/miumjau.ee\/wp-content\/uploads\/2024\/11\/carnilove-konserv-85g5.jpg","contentUrl":"https:\/\/miumjau.ee\/wp-content\/uploads\/2024\/11\/carnilove-konserv-85g5.jpg","width":600,"height":800},{"@type":"BreadcrumbList","@id":"https:\/\/miumjau.ee\/lt\/produktas\/carnilove-dregnas-pasaras-katems-su-kalakuto-mesa-ir-valerijonu-85-g\/#breadcrumb","itemListElement":[{"@type":"ListItem","position":1,"name":"Home","item":"https:\/\/miumjau.ee\/lt\/"},{"@type":"ListItem","position":2,"name":"Parduotuv\u0117","item":"https:\/\/miumjau.ee\/lt\/parduotuve\/"},{"@type":"ListItem","position":3,"name":"Carnilove dr\u0117gnas pa\u0161aras kat\u0117ms su kalakuto m\u0117sa ir valerijonu 85 g"}]},{"@type":"WebSite","@id":"https:\/\/miumjau.ee\/#website","url":"https:\/\/miumjau.ee\/","name":"MiuMjau","description":"Kraapimispuud kassidele","publisher":{"@id":"https:\/\/miumjau.ee\/#organization"},"potentialAction":[{"@type":"SearchAction","target":{"@type":"EntryPoint","urlTemplate":"https:\/\/miumjau.ee\/?s={search_term_string}"},"query-input":{"@type":"PropertyValueSpecification","valueRequired":true,"valueName":"search_term_string"}}],"inLanguage":"lt-LT"},{"@type":"Organization","@id":"https:\/\/miumjau.ee\/#organization","name":"MiuMjau O\u00dc","url":"https:\/\/miumjau.ee\/","logo":{"@type":"ImageObject","inLanguage":"lt-LT","@id":"https:\/\/miumjau.ee\/#\/schema\/logo\/image\/","url":"https:\/\/miumjau.ee\/wp-content\/uploads\/2022\/04\/MiuMjau-logo-kollane.png","contentUrl":"https:\/\/miumjau.ee\/wp-content\/uploads\/2022\/04\/MiuMjau-logo-kollane.png","width":219,"height":100,"caption":"MiuMjau O\u00dc"},"image":{"@id":"https:\/\/miumjau.ee\/#\/schema\/logo\/image\/"},"sameAs":["https:\/\/www.facebook.com\/miumjaupood\/"]}]}},"_links":{"self":[{"href":"https:\/\/miumjau.ee\/lt\/wp-json\/wp\/v2\/product\/52108","targetHints":{"allow":["GET"]}}],"collection":[{"href":"https:\/\/miumjau.ee\/lt\/wp-json\/wp\/v2\/product"}],"about":[{"href":"https:\/\/miumjau.ee\/lt\/wp-json\/wp\/v2\/types\/product"}],"wp:featuredmedia":[{"embeddable":true,"href":"https:\/\/miumjau.ee\/lt\/wp-json\/wp\/v2\/media\/52101"}],"wp:attachment":[{"href":"https:\/\/miumjau.ee\/lt\/wp-json\/wp\/v2\/media?parent=52108"}],"wp:term":[{"taxonomy":"product_brand","embeddable":true,"href":"https:\/\/miumjau.ee\/lt\/wp-json\/wp\/v2\/product_brand?post=52108"},{"taxonomy":"product_cat","embeddable":true,"href":"https:\/\/miumjau.ee\/lt\/wp-json\/wp\/v2\/product_cat?post=52108"},{"taxonomy":"product_tag","embeddable":true,"href":"https:\/\/miumjau.ee\/lt\/wp-json\/wp\/v2\/product_tag?post=52108"}],"curies":[{"name":"wp","href":"https:\/\/api.w.org\/{rel}","templated":true}]}}