{"id":52106,"date":"2024-11-11T11:43:29","date_gmt":"2024-11-11T09:43:29","guid":{"rendered":"https:\/\/miumjau.ee\/toode\/carnilove-dregnas-pasaras-katems-su-putpeles-mesa-ir-pienemis-85-g\/"},"modified":"2024-11-11T11:43:29","modified_gmt":"2024-11-11T09:43:29","slug":"carnilove-dregnas-pasaras-katems-su-putpeles-mesa-ir-pienemis-85-g","status":"publish","type":"product","link":"https:\/\/miumjau.ee\/lt\/produktas\/carnilove-dregnas-pasaras-katems-su-putpeles-mesa-ir-pienemis-85-g\/","title":{"rendered":"Carnilove dr\u0117gnas pa\u0161aras kat\u0117ms su putpel\u0117s m\u0117sa ir pien\u0117mis 85 g"},"content":{"rendered":"","protected":false},"excerpt":{"rendered":"<p data-start=\"1926\" data-end=\"1997\">Tikrai skanus dr\u0117gnas pa\u0161aras J\u016bs\u0173 katei su itin auk\u0161tu m\u0117sos kiekiu!<\/p>\n<ul data-start=\"1999\" data-end=\"2699\">\n<li data-start=\"1999\" data-end=\"2045\">\n<p data-start=\"2001\" data-end=\"2045\">Didelis kiekis putpel\u0117s m\u0117sos su pien\u0117mis.<\/p>\n<\/li>\n<li data-start=\"2046\" data-end=\"2152\">\n<p data-start=\"2048\" data-end=\"2152\">Laukin\u0117s m\u0117sos fil\u0117 gabal\u0117liai. Galima naudoti kaip kasdienin\u012f pa\u0161ar\u0105 arba kaip sausos dietos papild\u0105.<\/p>\n<\/li>\n<li data-start=\"2153\" data-end=\"2224\">\n<p data-start=\"2155\" data-end=\"2224\">Neturi gr\u016bd\u0173, bulvi\u0173, GMO, sojos, cukraus, konservant\u0173 ar da\u017eikli\u0173.<\/p>\n<\/li>\n<li data-start=\"2225\" data-end=\"2350\">\n<p data-start=\"2227\" data-end=\"2350\">Hipoalergin\u0117 ir lengvai vir\u0161kinama putpel\u0117s m\u0117sa. Auk\u0161tas polineso\u010di\u0173j\u0173 riebal\u0173 r\u016bg\u0161\u010di\u0173 kiekis saugo \u0161ird\u012f ir kraujotak\u0105.<\/p>\n<\/li>\n<li data-start=\"2351\" data-end=\"2469\">\n<p data-start=\"2353\" data-end=\"2469\">Auk\u0161tas seleno kiekis apsaugo l\u0105steles nuo oksidacinio streso, padeda pagerinti odos, s\u0105nari\u0173 ir smegen\u0173 sveikat\u0105.<\/p>\n<\/li>\n<li data-start=\"2470\" data-end=\"2699\">\n<p data-start=\"2472\" data-end=\"2699\">Pien\u0117s yra turtingos antioksidantais, turi prie\u0161u\u017edegimini\u0173 savybi\u0173, palaiko sveik\u0105 od\u0105, \u0161ird\u012f, \u0161lapimo sistem\u0105 ir dantenas. Suma\u017eina cholesterolio kiek\u012f kraujyje, saugo \u0161ird\u012f ir kraujotak\u0105 bei ma\u017eina gliukoz\u0117s lyg\u012f kraujyje.<\/p>\n<\/li>\n<\/ul>\n<p data-start=\"2701\" data-end=\"2857\"><strong data-start=\"2701\" data-end=\"2713\">Sud\u0117tis:<\/strong> 85 % m\u0117sos fil\u0117 (71 % vi\u0161tiena, 14 % putpel\u0117), 12 % sultinys, 1 % pien\u0117, 1 % lin\u0173 s\u0117men\u0173 aliejus, 0,5 % mineralai, 0,5 % augalinis krakmolas.<\/p>\n<p data-start=\"2859\" data-end=\"3056\"><strong data-start=\"2859\" data-end=\"2881\">Analitin\u0117 sud\u0117tis:<\/strong> \u017eali baltymai 8,5 %, riebalai 4 %, \u017eali pelenai 2,2 %, \u017ealia l\u0105steliena 0,8 %, dr\u0117gm\u0117 82 %, kalcis 0,2 %, fosforas 0,2 %, natrio kiekis 0,4 %, magnis 0,02 %, Omega-3 0,2 %.<\/p>\n<p data-start=\"3058\" data-end=\"3348\"><strong data-start=\"3058\" data-end=\"3097\">Maistini\u0173 med\u017eiag\u0173 papildai \/ 1 kg:<\/strong> D3 vitaminas (E671) 250 TV, E vitaminas (3a700) 150 mg, biotinas (3a880) 0,5 mg, cinkas (3b606) 12 mg, manganas (3b502) 3 mg, gele\u017eis (3b103) 10 mg, varis (3b405) 0,4 mg, jodas (3b201) 0,7 mg, taurinas (3a370) 500 mg, L-metioninas (3c305) 2 000 mg.<\/p>\n<p data-start=\"3350\" data-end=\"3388\"><strong data-start=\"3350\" data-end=\"3374\">Metabolin\u0117 energija:<\/strong> 810 kcal\/kg<\/p>\n<p data-start=\"3390\" data-end=\"3560\" data-is-last-node=\"\" data-is-only-node=\"\"><strong data-start=\"3390\" data-end=\"3411\">\u0160\u0117rimo nurodymai:<\/strong> Patiekite Carnilove Putpel\u0117 su Pien\u0117mis kambario temperat\u016broje ir visada u\u017etikrinkite duben\u0117l\u012f su \u0161variu vandeniu. Po atidarymo laikykite \u0161aldytuve.<\/p>\n","protected":false},"featured_media":52102,"template":"","meta":[],"product_brand":[],"product_cat":[526],"product_tag":[],"class_list":{"0":"post-52106","1":"product","2":"type-product","3":"status-publish","4":"has-post-thumbnail","6":"product_cat-slapias-maistas","8":"first","9":"instock","10":"sale","11":"taxable","12":"shipping-taxable","13":"purchasable","14":"product-type-simple"},"yoast_head":"<!-- This site is optimized with the Yoast SEO plugin v27.2 - https:\/\/yoast.com\/product\/yoast-seo-wordpress\/ -->\n<title>Carnilove dr\u0117gnas pa\u0161aras kat\u0117ms su putpel\u0117s m\u0117sa ir pien\u0117mis 85 g - MiuMjau<\/title>\n<meta name=\"robots\" content=\"index, follow, max-snippet:-1, max-image-preview:large, max-video-preview:-1\" \/>\n<link rel=\"canonical\" href=\"https:\/\/miumjau.ee\/lt\/produktas\/carnilove-dregnas-pasaras-katems-su-putpeles-mesa-ir-pienemis-85-g\/\" \/>\n<meta property=\"og:locale\" content=\"lt_LT\" \/>\n<meta property=\"og:type\" content=\"article\" \/>\n<meta property=\"og:title\" content=\"Carnilove dr\u0117gnas pa\u0161aras kat\u0117ms su putpel\u0117s m\u0117sa ir pien\u0117mis 85 g - MiuMjau\" \/>\n<meta property=\"og:description\" content=\"Tikrai skanus dr\u0117gnas pa\u0161aras J\u016bs\u0173 katei su itin auk\u0161tu m\u0117sos kiekiu!     Didelis kiekis putpel\u0117s m\u0117sos su pien\u0117mis.    Laukin\u0117s m\u0117sos fil\u0117 gabal\u0117liai. Galima naudoti kaip kasdienin\u012f pa\u0161ar\u0105 arba kaip sausos dietos papild\u0105.    Neturi gr\u016bd\u0173, bulvi\u0173, GMO, sojos, cukraus, konservant\u0173 ar da\u017eikli\u0173.    Hipoalergin\u0117 ir lengvai vir\u0161kinama putpel\u0117s m\u0117sa. Auk\u0161tas polineso\u010di\u0173j\u0173 riebal\u0173 r\u016bg\u0161\u010di\u0173 kiekis saugo \u0161ird\u012f ir kraujotak\u0105.    Auk\u0161tas seleno kiekis apsaugo l\u0105steles nuo oksidacinio streso, padeda pagerinti odos, s\u0105nari\u0173 ir smegen\u0173 sveikat\u0105.    Pien\u0117s yra turtingos antioksidantais, turi prie\u0161u\u017edegimini\u0173 savybi\u0173, palaiko sveik\u0105 od\u0105, \u0161ird\u012f, \u0161lapimo sistem\u0105 ir dantenas. Suma\u017eina cholesterolio kiek\u012f kraujyje, saugo \u0161ird\u012f ir kraujotak\u0105 bei ma\u017eina gliukoz\u0117s lyg\u012f kraujyje.   Sud\u0117tis: 85 % m\u0117sos fil\u0117 (71 % vi\u0161tiena, 14 % putpel\u0117), 12 % sultinys, 1 % pien\u0117, 1 % lin\u0173 s\u0117men\u0173 aliejus, 0,5 % mineralai, 0,5 % augalinis krakmolas. Analitin\u0117 sud\u0117tis: \u017eali baltymai 8,5 %, riebalai 4 %, \u017eali pelenai 2,2 %, \u017ealia l\u0105steliena 0,8 %, dr\u0117gm\u0117 82 %, kalcis 0,2 %, fosforas 0,2 %, natrio kiekis 0,4 %, magnis 0,02 %, Omega-3 0,2 %. Maistini\u0173 med\u017eiag\u0173 papildai \/ 1 kg: D3 vitaminas (E671) 250 TV, E vitaminas (3a700) 150 mg, biotinas (3a880) 0,5 mg, cinkas (3b606) 12 mg, manganas (3b502) 3 mg, gele\u017eis (3b103) 10 mg, varis (3b405) 0,4 mg, jodas (3b201) 0,7 mg, taurinas (3a370) 500 mg, L-metioninas (3c305) 2 000 mg. Metabolin\u0117 energija: 810 kcal\/kg \u0160\u0117rimo nurodymai: Patiekite Carnilove Putpel\u0117 su Pien\u0117mis kambario temperat\u016broje ir visada u\u017etikrinkite duben\u0117l\u012f su \u0161variu vandeniu. Po atidarymo laikykite \u0161aldytuve.\" \/>\n<meta property=\"og:url\" content=\"https:\/\/miumjau.ee\/lt\/produktas\/carnilove-dregnas-pasaras-katems-su-putpeles-mesa-ir-pienemis-85-g\/\" \/>\n<meta property=\"og:site_name\" content=\"MiuMjau\" \/>\n<meta property=\"article:publisher\" content=\"https:\/\/www.facebook.com\/miumjaupood\/\" \/>\n<meta property=\"og:image\" content=\"https:\/\/miumjau.ee\/wp-content\/uploads\/2024\/11\/carnilove-konserv-85g6.jpg\" \/>\n\t<meta property=\"og:image:width\" content=\"600\" \/>\n\t<meta property=\"og:image:height\" content=\"800\" \/>\n\t<meta property=\"og:image:type\" content=\"image\/jpeg\" \/>\n<meta name=\"twitter:card\" content=\"summary_large_image\" \/>\n<script type=\"application\/ld+json\" class=\"yoast-schema-graph\">{\"@context\":\"https:\/\/schema.org\",\"@graph\":[{\"@type\":\"WebPage\",\"@id\":\"https:\/\/miumjau.ee\/lt\/produktas\/carnilove-dregnas-pasaras-katems-su-putpeles-mesa-ir-pienemis-85-g\/\",\"url\":\"https:\/\/miumjau.ee\/lt\/produktas\/carnilove-dregnas-pasaras-katems-su-putpeles-mesa-ir-pienemis-85-g\/\",\"name\":\"Carnilove dr\u0117gnas pa\u0161aras kat\u0117ms su putpel\u0117s m\u0117sa ir pien\u0117mis 85 g - MiuMjau\",\"isPartOf\":{\"@id\":\"https:\/\/miumjau.ee\/#website\"},\"primaryImageOfPage\":{\"@id\":\"https:\/\/miumjau.ee\/lt\/produktas\/carnilove-dregnas-pasaras-katems-su-putpeles-mesa-ir-pienemis-85-g\/#primaryimage\"},\"image\":{\"@id\":\"https:\/\/miumjau.ee\/lt\/produktas\/carnilove-dregnas-pasaras-katems-su-putpeles-mesa-ir-pienemis-85-g\/#primaryimage\"},\"thumbnailUrl\":\"https:\/\/miumjau.ee\/wp-content\/uploads\/2024\/11\/carnilove-konserv-85g6.jpg\",\"datePublished\":\"2024-11-11T09:43:29+00:00\",\"breadcrumb\":{\"@id\":\"https:\/\/miumjau.ee\/lt\/produktas\/carnilove-dregnas-pasaras-katems-su-putpeles-mesa-ir-pienemis-85-g\/#breadcrumb\"},\"inLanguage\":\"lt-LT\",\"potentialAction\":[{\"@type\":\"ReadAction\",\"target\":[\"https:\/\/miumjau.ee\/lt\/produktas\/carnilove-dregnas-pasaras-katems-su-putpeles-mesa-ir-pienemis-85-g\/\"]}]},{\"@type\":\"ImageObject\",\"inLanguage\":\"lt-LT\",\"@id\":\"https:\/\/miumjau.ee\/lt\/produktas\/carnilove-dregnas-pasaras-katems-su-putpeles-mesa-ir-pienemis-85-g\/#primaryimage\",\"url\":\"https:\/\/miumjau.ee\/wp-content\/uploads\/2024\/11\/carnilove-konserv-85g6.jpg\",\"contentUrl\":\"https:\/\/miumjau.ee\/wp-content\/uploads\/2024\/11\/carnilove-konserv-85g6.jpg\",\"width\":600,\"height\":800},{\"@type\":\"BreadcrumbList\",\"@id\":\"https:\/\/miumjau.ee\/lt\/produktas\/carnilove-dregnas-pasaras-katems-su-putpeles-mesa-ir-pienemis-85-g\/#breadcrumb\",\"itemListElement\":[{\"@type\":\"ListItem\",\"position\":1,\"name\":\"Home\",\"item\":\"https:\/\/miumjau.ee\/lt\/\"},{\"@type\":\"ListItem\",\"position\":2,\"name\":\"Parduotuv\u0117\",\"item\":\"https:\/\/miumjau.ee\/lt\/parduotuve\/\"},{\"@type\":\"ListItem\",\"position\":3,\"name\":\"Carnilove dr\u0117gnas pa\u0161aras kat\u0117ms su putpel\u0117s m\u0117sa ir pien\u0117mis 85 g\"}]},{\"@type\":\"WebSite\",\"@id\":\"https:\/\/miumjau.ee\/#website\",\"url\":\"https:\/\/miumjau.ee\/\",\"name\":\"MiuMjau\",\"description\":\"Kraapimispuud kassidele\",\"publisher\":{\"@id\":\"https:\/\/miumjau.ee\/#organization\"},\"potentialAction\":[{\"@type\":\"SearchAction\",\"target\":{\"@type\":\"EntryPoint\",\"urlTemplate\":\"https:\/\/miumjau.ee\/?s={search_term_string}\"},\"query-input\":{\"@type\":\"PropertyValueSpecification\",\"valueRequired\":true,\"valueName\":\"search_term_string\"}}],\"inLanguage\":\"lt-LT\"},{\"@type\":\"Organization\",\"@id\":\"https:\/\/miumjau.ee\/#organization\",\"name\":\"MiuMjau O\u00dc\",\"url\":\"https:\/\/miumjau.ee\/\",\"logo\":{\"@type\":\"ImageObject\",\"inLanguage\":\"lt-LT\",\"@id\":\"https:\/\/miumjau.ee\/#\/schema\/logo\/image\/\",\"url\":\"https:\/\/miumjau.ee\/wp-content\/uploads\/2022\/04\/MiuMjau-logo-kollane.png\",\"contentUrl\":\"https:\/\/miumjau.ee\/wp-content\/uploads\/2022\/04\/MiuMjau-logo-kollane.png\",\"width\":219,\"height\":100,\"caption\":\"MiuMjau O\u00dc\"},\"image\":{\"@id\":\"https:\/\/miumjau.ee\/#\/schema\/logo\/image\/\"},\"sameAs\":[\"https:\/\/www.facebook.com\/miumjaupood\/\"]}]}<\/script>\n<!-- \/ Yoast SEO plugin. -->","yoast_head_json":{"title":"Carnilove dr\u0117gnas pa\u0161aras kat\u0117ms su putpel\u0117s m\u0117sa ir pien\u0117mis 85 g - MiuMjau","robots":{"index":"index","follow":"follow","max-snippet":"max-snippet:-1","max-image-preview":"max-image-preview:large","max-video-preview":"max-video-preview:-1"},"canonical":"https:\/\/miumjau.ee\/lt\/produktas\/carnilove-dregnas-pasaras-katems-su-putpeles-mesa-ir-pienemis-85-g\/","og_locale":"lt_LT","og_type":"article","og_title":"Carnilove dr\u0117gnas pa\u0161aras kat\u0117ms su putpel\u0117s m\u0117sa ir pien\u0117mis 85 g - MiuMjau","og_description":"Tikrai skanus dr\u0117gnas pa\u0161aras J\u016bs\u0173 katei su itin auk\u0161tu m\u0117sos kiekiu!     Didelis kiekis putpel\u0117s m\u0117sos su pien\u0117mis.    Laukin\u0117s m\u0117sos fil\u0117 gabal\u0117liai. Galima naudoti kaip kasdienin\u012f pa\u0161ar\u0105 arba kaip sausos dietos papild\u0105.    Neturi gr\u016bd\u0173, bulvi\u0173, GMO, sojos, cukraus, konservant\u0173 ar da\u017eikli\u0173.    Hipoalergin\u0117 ir lengvai vir\u0161kinama putpel\u0117s m\u0117sa. Auk\u0161tas polineso\u010di\u0173j\u0173 riebal\u0173 r\u016bg\u0161\u010di\u0173 kiekis saugo \u0161ird\u012f ir kraujotak\u0105.    Auk\u0161tas seleno kiekis apsaugo l\u0105steles nuo oksidacinio streso, padeda pagerinti odos, s\u0105nari\u0173 ir smegen\u0173 sveikat\u0105.    Pien\u0117s yra turtingos antioksidantais, turi prie\u0161u\u017edegimini\u0173 savybi\u0173, palaiko sveik\u0105 od\u0105, \u0161ird\u012f, \u0161lapimo sistem\u0105 ir dantenas. Suma\u017eina cholesterolio kiek\u012f kraujyje, saugo \u0161ird\u012f ir kraujotak\u0105 bei ma\u017eina gliukoz\u0117s lyg\u012f kraujyje.   Sud\u0117tis: 85 % m\u0117sos fil\u0117 (71 % vi\u0161tiena, 14 % putpel\u0117), 12 % sultinys, 1 % pien\u0117, 1 % lin\u0173 s\u0117men\u0173 aliejus, 0,5 % mineralai, 0,5 % augalinis krakmolas. Analitin\u0117 sud\u0117tis: \u017eali baltymai 8,5 %, riebalai 4 %, \u017eali pelenai 2,2 %, \u017ealia l\u0105steliena 0,8 %, dr\u0117gm\u0117 82 %, kalcis 0,2 %, fosforas 0,2 %, natrio kiekis 0,4 %, magnis 0,02 %, Omega-3 0,2 %. Maistini\u0173 med\u017eiag\u0173 papildai \/ 1 kg: D3 vitaminas (E671) 250 TV, E vitaminas (3a700) 150 mg, biotinas (3a880) 0,5 mg, cinkas (3b606) 12 mg, manganas (3b502) 3 mg, gele\u017eis (3b103) 10 mg, varis (3b405) 0,4 mg, jodas (3b201) 0,7 mg, taurinas (3a370) 500 mg, L-metioninas (3c305) 2 000 mg. Metabolin\u0117 energija: 810 kcal\/kg \u0160\u0117rimo nurodymai: Patiekite Carnilove Putpel\u0117 su Pien\u0117mis kambario temperat\u016broje ir visada u\u017etikrinkite duben\u0117l\u012f su \u0161variu vandeniu. Po atidarymo laikykite \u0161aldytuve.","og_url":"https:\/\/miumjau.ee\/lt\/produktas\/carnilove-dregnas-pasaras-katems-su-putpeles-mesa-ir-pienemis-85-g\/","og_site_name":"MiuMjau","article_publisher":"https:\/\/www.facebook.com\/miumjaupood\/","og_image":[{"width":600,"height":800,"url":"https:\/\/miumjau.ee\/wp-content\/uploads\/2024\/11\/carnilove-konserv-85g6.jpg","type":"image\/jpeg"}],"twitter_card":"summary_large_image","schema":{"@context":"https:\/\/schema.org","@graph":[{"@type":"WebPage","@id":"https:\/\/miumjau.ee\/lt\/produktas\/carnilove-dregnas-pasaras-katems-su-putpeles-mesa-ir-pienemis-85-g\/","url":"https:\/\/miumjau.ee\/lt\/produktas\/carnilove-dregnas-pasaras-katems-su-putpeles-mesa-ir-pienemis-85-g\/","name":"Carnilove dr\u0117gnas pa\u0161aras kat\u0117ms su putpel\u0117s m\u0117sa ir pien\u0117mis 85 g - MiuMjau","isPartOf":{"@id":"https:\/\/miumjau.ee\/#website"},"primaryImageOfPage":{"@id":"https:\/\/miumjau.ee\/lt\/produktas\/carnilove-dregnas-pasaras-katems-su-putpeles-mesa-ir-pienemis-85-g\/#primaryimage"},"image":{"@id":"https:\/\/miumjau.ee\/lt\/produktas\/carnilove-dregnas-pasaras-katems-su-putpeles-mesa-ir-pienemis-85-g\/#primaryimage"},"thumbnailUrl":"https:\/\/miumjau.ee\/wp-content\/uploads\/2024\/11\/carnilove-konserv-85g6.jpg","datePublished":"2024-11-11T09:43:29+00:00","breadcrumb":{"@id":"https:\/\/miumjau.ee\/lt\/produktas\/carnilove-dregnas-pasaras-katems-su-putpeles-mesa-ir-pienemis-85-g\/#breadcrumb"},"inLanguage":"lt-LT","potentialAction":[{"@type":"ReadAction","target":["https:\/\/miumjau.ee\/lt\/produktas\/carnilove-dregnas-pasaras-katems-su-putpeles-mesa-ir-pienemis-85-g\/"]}]},{"@type":"ImageObject","inLanguage":"lt-LT","@id":"https:\/\/miumjau.ee\/lt\/produktas\/carnilove-dregnas-pasaras-katems-su-putpeles-mesa-ir-pienemis-85-g\/#primaryimage","url":"https:\/\/miumjau.ee\/wp-content\/uploads\/2024\/11\/carnilove-konserv-85g6.jpg","contentUrl":"https:\/\/miumjau.ee\/wp-content\/uploads\/2024\/11\/carnilove-konserv-85g6.jpg","width":600,"height":800},{"@type":"BreadcrumbList","@id":"https:\/\/miumjau.ee\/lt\/produktas\/carnilove-dregnas-pasaras-katems-su-putpeles-mesa-ir-pienemis-85-g\/#breadcrumb","itemListElement":[{"@type":"ListItem","position":1,"name":"Home","item":"https:\/\/miumjau.ee\/lt\/"},{"@type":"ListItem","position":2,"name":"Parduotuv\u0117","item":"https:\/\/miumjau.ee\/lt\/parduotuve\/"},{"@type":"ListItem","position":3,"name":"Carnilove dr\u0117gnas pa\u0161aras kat\u0117ms su putpel\u0117s m\u0117sa ir pien\u0117mis 85 g"}]},{"@type":"WebSite","@id":"https:\/\/miumjau.ee\/#website","url":"https:\/\/miumjau.ee\/","name":"MiuMjau","description":"Kraapimispuud kassidele","publisher":{"@id":"https:\/\/miumjau.ee\/#organization"},"potentialAction":[{"@type":"SearchAction","target":{"@type":"EntryPoint","urlTemplate":"https:\/\/miumjau.ee\/?s={search_term_string}"},"query-input":{"@type":"PropertyValueSpecification","valueRequired":true,"valueName":"search_term_string"}}],"inLanguage":"lt-LT"},{"@type":"Organization","@id":"https:\/\/miumjau.ee\/#organization","name":"MiuMjau O\u00dc","url":"https:\/\/miumjau.ee\/","logo":{"@type":"ImageObject","inLanguage":"lt-LT","@id":"https:\/\/miumjau.ee\/#\/schema\/logo\/image\/","url":"https:\/\/miumjau.ee\/wp-content\/uploads\/2022\/04\/MiuMjau-logo-kollane.png","contentUrl":"https:\/\/miumjau.ee\/wp-content\/uploads\/2022\/04\/MiuMjau-logo-kollane.png","width":219,"height":100,"caption":"MiuMjau O\u00dc"},"image":{"@id":"https:\/\/miumjau.ee\/#\/schema\/logo\/image\/"},"sameAs":["https:\/\/www.facebook.com\/miumjaupood\/"]}]}},"_links":{"self":[{"href":"https:\/\/miumjau.ee\/lt\/wp-json\/wp\/v2\/product\/52106","targetHints":{"allow":["GET"]}}],"collection":[{"href":"https:\/\/miumjau.ee\/lt\/wp-json\/wp\/v2\/product"}],"about":[{"href":"https:\/\/miumjau.ee\/lt\/wp-json\/wp\/v2\/types\/product"}],"wp:featuredmedia":[{"embeddable":true,"href":"https:\/\/miumjau.ee\/lt\/wp-json\/wp\/v2\/media\/52102"}],"wp:attachment":[{"href":"https:\/\/miumjau.ee\/lt\/wp-json\/wp\/v2\/media?parent=52106"}],"wp:term":[{"taxonomy":"product_brand","embeddable":true,"href":"https:\/\/miumjau.ee\/lt\/wp-json\/wp\/v2\/product_brand?post=52106"},{"taxonomy":"product_cat","embeddable":true,"href":"https:\/\/miumjau.ee\/lt\/wp-json\/wp\/v2\/product_cat?post=52106"},{"taxonomy":"product_tag","embeddable":true,"href":"https:\/\/miumjau.ee\/lt\/wp-json\/wp\/v2\/product_tag?post=52106"}],"curies":[{"name":"wp","href":"https:\/\/api.w.org\/{rel}","templated":true}]}}