{"id":52096,"date":"2024-11-11T11:41:11","date_gmt":"2024-11-11T09:41:11","guid":{"rendered":"https:\/\/miumjau.ee\/toode\/carnilove-dregnas-pasaras-katems-su-fazanu-ir-avietemis-85-g\/"},"modified":"2024-11-11T11:41:11","modified_gmt":"2024-11-11T09:41:11","slug":"carnilove-dregnas-pasaras-katems-su-fazanu-ir-avietemis-85-g","status":"publish","type":"product","link":"https:\/\/miumjau.ee\/lt\/produktas\/carnilove-dregnas-pasaras-katems-su-fazanu-ir-avietemis-85-g\/","title":{"rendered":"Carnilove dr\u0117gnas pa\u0161aras kat\u0117ms su fazanu ir aviet\u0117mis 85 g"},"content":{"rendered":"","protected":false},"excerpt":{"rendered":"<p data-start=\"1805\" data-end=\"1876\">Tikrai skanus ir itin auk\u0161tos m\u0117sos kokyb\u0117s pa\u0161aras J\u016bs\u0173 augintiniui.<\/p>\n<ul data-start=\"1878\" data-end=\"2530\">\n<li data-start=\"1878\" data-end=\"1928\">\n<p data-start=\"1880\" data-end=\"1928\">Didelis kiekis fazano m\u0117sos su avie\u010di\u0173 lapais.<\/p>\n<\/li>\n<li data-start=\"1929\" data-end=\"2038\">\n<p data-start=\"1931\" data-end=\"2038\">Laukin\u0117s m\u0117sos fil\u0117 gabal\u0117liai. Galima naudoti kaip kasdienin\u012f pa\u0161ar\u0105 arba kaip sausosios dietos papild\u0105.<\/p>\n<\/li>\n<li data-start=\"2039\" data-end=\"2110\">\n<p data-start=\"2041\" data-end=\"2110\">Neturi gr\u016bd\u0173, bulvi\u0173, GMO, sojos, cukraus, konservant\u0173 ar da\u017eikli\u0173.<\/p>\n<\/li>\n<li data-start=\"2111\" data-end=\"2243\">\n<p data-start=\"2113\" data-end=\"2243\">Hipoalergin\u0117 ir lengvai vir\u0161kinama fazano m\u0117sa. Auk\u0161tas polineso\u010di\u0173j\u0173 riebal\u0173 r\u016bg\u0161\u010di\u0173 kiekis saugo \u0161ird\u012f ir kraujotakos sistem\u0105.<\/p>\n<\/li>\n<li data-start=\"2244\" data-end=\"2530\">\n<p data-start=\"2246\" data-end=\"2530\">Raudon\u0173j\u0173 avie\u010di\u0173 lapai yra turtingi prie\u0161u\u017edegiminiais antioksidantais. Jie palaiko sveikus \u0161lapimo takus, dantenas, kepenis ir s\u0105narius bei ma\u017eina s\u0105nari\u0173 skausm\u0105. Auk\u0161tas seleno kiekis apsaugo l\u0105steles nuo oksidacinio streso, padedant pagerinti odos, s\u0105nari\u0173 ir smegen\u0173 sveikat\u0105.<\/p>\n<\/li>\n<\/ul>\n<p data-start=\"2532\" data-end=\"2696\"><strong data-start=\"2532\" data-end=\"2544\">Sud\u0117tis:<\/strong> 85 % m\u0117sos fil\u0117 (71 % vi\u0161tiena, 14 % fazanas), 12 % sultinys, 1 % avie\u010di\u0173 lapai, 1 % lin\u0173 s\u0117men\u0173 aliejus, 0,5 % mineralai, 0,5 % augalinis krakmolas.<\/p>\n<p data-start=\"2698\" data-end=\"2881\"><strong data-start=\"2698\" data-end=\"2720\">Analitin\u0117 sud\u0117tis:<\/strong> \u017eali baltymai 8 %, riebalai 4,8 %, \u017eali pelenai 2,1 %, \u017ealia l\u0105steliena 0,5 %, dr\u0117gm\u0117 82 %, kalcis 0,15 %, fosforas 0,2 %, natrio kiekis 0,3 %, Omega-3 0,2 %.<\/p>\n<p data-start=\"2883\" data-end=\"3142\"><strong data-start=\"2883\" data-end=\"2922\">Maistini\u0173 med\u017eiag\u0173 papildai \/ 1 kg:<\/strong> D3 vitaminas (E671) 250 TV, E vitaminas (3a700) 150 mg, biotinas (3a880) 0,5 mg, cinkas (3b606) 12 mg, manganas (3b502) 3 mg, gele\u017eis (3b103) 10 mg, varis (3b405) 0,4 mg, jodas (3b201) 0,7 mg, taurinas (3a370) 500 mg.<\/p>\n<p data-start=\"3144\" data-end=\"3182\"><strong data-start=\"3144\" data-end=\"3168\">Metabolin\u0117 energija:<\/strong> 840 kcal\/kg<\/p>\n<p data-start=\"3184\" data-end=\"3360\" data-is-last-node=\"\" data-is-only-node=\"\"><strong data-start=\"3184\" data-end=\"3205\">\u0160\u0117rimo nurodymai:<\/strong> Patiekite Carnilove Fazanas su Avie\u010di\u0173 Lapais kambario temperat\u016broje ir visada u\u017etikrinkite duben\u0117l\u012f su \u0161variu vandeniu. Po atidarymo laikykite \u0161aldytuve.<\/p>\n","protected":false},"featured_media":52098,"template":"","meta":[],"product_brand":[],"product_cat":[526],"product_tag":[],"class_list":{"0":"post-52096","1":"product","2":"type-product","3":"status-publish","4":"has-post-thumbnail","6":"product_cat-slapias-maistas","8":"first","9":"instock","10":"sale","11":"taxable","12":"shipping-taxable","13":"purchasable","14":"product-type-simple"},"yoast_head":"<!-- This site is optimized with the Yoast SEO plugin v27.2 - https:\/\/yoast.com\/product\/yoast-seo-wordpress\/ -->\n<title>Carnilove dr\u0117gnas pa\u0161aras kat\u0117ms su fazanu ir aviet\u0117mis 85 g - MiuMjau<\/title>\n<meta name=\"robots\" content=\"index, follow, max-snippet:-1, max-image-preview:large, max-video-preview:-1\" \/>\n<link rel=\"canonical\" href=\"https:\/\/miumjau.ee\/lt\/produktas\/carnilove-dregnas-pasaras-katems-su-fazanu-ir-avietemis-85-g\/\" \/>\n<meta property=\"og:locale\" content=\"lt_LT\" \/>\n<meta property=\"og:type\" content=\"article\" \/>\n<meta property=\"og:title\" content=\"Carnilove dr\u0117gnas pa\u0161aras kat\u0117ms su fazanu ir aviet\u0117mis 85 g - MiuMjau\" \/>\n<meta property=\"og:description\" content=\"Tikrai skanus ir itin auk\u0161tos m\u0117sos kokyb\u0117s pa\u0161aras J\u016bs\u0173 augintiniui.     Didelis kiekis fazano m\u0117sos su avie\u010di\u0173 lapais.    Laukin\u0117s m\u0117sos fil\u0117 gabal\u0117liai. Galima naudoti kaip kasdienin\u012f pa\u0161ar\u0105 arba kaip sausosios dietos papild\u0105.    Neturi gr\u016bd\u0173, bulvi\u0173, GMO, sojos, cukraus, konservant\u0173 ar da\u017eikli\u0173.    Hipoalergin\u0117 ir lengvai vir\u0161kinama fazano m\u0117sa. Auk\u0161tas polineso\u010di\u0173j\u0173 riebal\u0173 r\u016bg\u0161\u010di\u0173 kiekis saugo \u0161ird\u012f ir kraujotakos sistem\u0105.    Raudon\u0173j\u0173 avie\u010di\u0173 lapai yra turtingi prie\u0161u\u017edegiminiais antioksidantais. Jie palaiko sveikus \u0161lapimo takus, dantenas, kepenis ir s\u0105narius bei ma\u017eina s\u0105nari\u0173 skausm\u0105. Auk\u0161tas seleno kiekis apsaugo l\u0105steles nuo oksidacinio streso, padedant pagerinti odos, s\u0105nari\u0173 ir smegen\u0173 sveikat\u0105.   Sud\u0117tis: 85 % m\u0117sos fil\u0117 (71 % vi\u0161tiena, 14 % fazanas), 12 % sultinys, 1 % avie\u010di\u0173 lapai, 1 % lin\u0173 s\u0117men\u0173 aliejus, 0,5 % mineralai, 0,5 % augalinis krakmolas. Analitin\u0117 sud\u0117tis: \u017eali baltymai 8 %, riebalai 4,8 %, \u017eali pelenai 2,1 %, \u017ealia l\u0105steliena 0,5 %, dr\u0117gm\u0117 82 %, kalcis 0,15 %, fosforas 0,2 %, natrio kiekis 0,3 %, Omega-3 0,2 %. Maistini\u0173 med\u017eiag\u0173 papildai \/ 1 kg: D3 vitaminas (E671) 250 TV, E vitaminas (3a700) 150 mg, biotinas (3a880) 0,5 mg, cinkas (3b606) 12 mg, manganas (3b502) 3 mg, gele\u017eis (3b103) 10 mg, varis (3b405) 0,4 mg, jodas (3b201) 0,7 mg, taurinas (3a370) 500 mg. Metabolin\u0117 energija: 840 kcal\/kg \u0160\u0117rimo nurodymai: Patiekite Carnilove Fazanas su Avie\u010di\u0173 Lapais kambario temperat\u016broje ir visada u\u017etikrinkite duben\u0117l\u012f su \u0161variu vandeniu. Po atidarymo laikykite \u0161aldytuve.\" \/>\n<meta property=\"og:url\" content=\"https:\/\/miumjau.ee\/lt\/produktas\/carnilove-dregnas-pasaras-katems-su-fazanu-ir-avietemis-85-g\/\" \/>\n<meta property=\"og:site_name\" content=\"MiuMjau\" \/>\n<meta property=\"article:publisher\" content=\"https:\/\/www.facebook.com\/miumjaupood\/\" \/>\n<meta property=\"og:image\" content=\"https:\/\/miumjau.ee\/wp-content\/uploads\/2024\/11\/carnilove-konserv-85g2.jpg\" \/>\n\t<meta property=\"og:image:width\" content=\"600\" \/>\n\t<meta property=\"og:image:height\" content=\"800\" \/>\n\t<meta property=\"og:image:type\" content=\"image\/jpeg\" \/>\n<meta name=\"twitter:card\" content=\"summary_large_image\" \/>\n<script type=\"application\/ld+json\" class=\"yoast-schema-graph\">{\"@context\":\"https:\/\/schema.org\",\"@graph\":[{\"@type\":\"WebPage\",\"@id\":\"https:\/\/miumjau.ee\/lt\/produktas\/carnilove-dregnas-pasaras-katems-su-fazanu-ir-avietemis-85-g\/\",\"url\":\"https:\/\/miumjau.ee\/lt\/produktas\/carnilove-dregnas-pasaras-katems-su-fazanu-ir-avietemis-85-g\/\",\"name\":\"Carnilove dr\u0117gnas pa\u0161aras kat\u0117ms su fazanu ir aviet\u0117mis 85 g - MiuMjau\",\"isPartOf\":{\"@id\":\"https:\/\/miumjau.ee\/#website\"},\"primaryImageOfPage\":{\"@id\":\"https:\/\/miumjau.ee\/lt\/produktas\/carnilove-dregnas-pasaras-katems-su-fazanu-ir-avietemis-85-g\/#primaryimage\"},\"image\":{\"@id\":\"https:\/\/miumjau.ee\/lt\/produktas\/carnilove-dregnas-pasaras-katems-su-fazanu-ir-avietemis-85-g\/#primaryimage\"},\"thumbnailUrl\":\"https:\/\/miumjau.ee\/wp-content\/uploads\/2024\/11\/carnilove-konserv-85g2.jpg\",\"datePublished\":\"2024-11-11T09:41:11+00:00\",\"breadcrumb\":{\"@id\":\"https:\/\/miumjau.ee\/lt\/produktas\/carnilove-dregnas-pasaras-katems-su-fazanu-ir-avietemis-85-g\/#breadcrumb\"},\"inLanguage\":\"lt-LT\",\"potentialAction\":[{\"@type\":\"ReadAction\",\"target\":[\"https:\/\/miumjau.ee\/lt\/produktas\/carnilove-dregnas-pasaras-katems-su-fazanu-ir-avietemis-85-g\/\"]}]},{\"@type\":\"ImageObject\",\"inLanguage\":\"lt-LT\",\"@id\":\"https:\/\/miumjau.ee\/lt\/produktas\/carnilove-dregnas-pasaras-katems-su-fazanu-ir-avietemis-85-g\/#primaryimage\",\"url\":\"https:\/\/miumjau.ee\/wp-content\/uploads\/2024\/11\/carnilove-konserv-85g2.jpg\",\"contentUrl\":\"https:\/\/miumjau.ee\/wp-content\/uploads\/2024\/11\/carnilove-konserv-85g2.jpg\",\"width\":600,\"height\":800},{\"@type\":\"BreadcrumbList\",\"@id\":\"https:\/\/miumjau.ee\/lt\/produktas\/carnilove-dregnas-pasaras-katems-su-fazanu-ir-avietemis-85-g\/#breadcrumb\",\"itemListElement\":[{\"@type\":\"ListItem\",\"position\":1,\"name\":\"Home\",\"item\":\"https:\/\/miumjau.ee\/lt\/\"},{\"@type\":\"ListItem\",\"position\":2,\"name\":\"Parduotuv\u0117\",\"item\":\"https:\/\/miumjau.ee\/lt\/parduotuve\/\"},{\"@type\":\"ListItem\",\"position\":3,\"name\":\"Carnilove dr\u0117gnas pa\u0161aras kat\u0117ms su fazanu ir aviet\u0117mis 85 g\"}]},{\"@type\":\"WebSite\",\"@id\":\"https:\/\/miumjau.ee\/#website\",\"url\":\"https:\/\/miumjau.ee\/\",\"name\":\"MiuMjau\",\"description\":\"Kraapimispuud kassidele\",\"publisher\":{\"@id\":\"https:\/\/miumjau.ee\/#organization\"},\"potentialAction\":[{\"@type\":\"SearchAction\",\"target\":{\"@type\":\"EntryPoint\",\"urlTemplate\":\"https:\/\/miumjau.ee\/?s={search_term_string}\"},\"query-input\":{\"@type\":\"PropertyValueSpecification\",\"valueRequired\":true,\"valueName\":\"search_term_string\"}}],\"inLanguage\":\"lt-LT\"},{\"@type\":\"Organization\",\"@id\":\"https:\/\/miumjau.ee\/#organization\",\"name\":\"MiuMjau O\u00dc\",\"url\":\"https:\/\/miumjau.ee\/\",\"logo\":{\"@type\":\"ImageObject\",\"inLanguage\":\"lt-LT\",\"@id\":\"https:\/\/miumjau.ee\/#\/schema\/logo\/image\/\",\"url\":\"https:\/\/miumjau.ee\/wp-content\/uploads\/2022\/04\/MiuMjau-logo-kollane.png\",\"contentUrl\":\"https:\/\/miumjau.ee\/wp-content\/uploads\/2022\/04\/MiuMjau-logo-kollane.png\",\"width\":219,\"height\":100,\"caption\":\"MiuMjau O\u00dc\"},\"image\":{\"@id\":\"https:\/\/miumjau.ee\/#\/schema\/logo\/image\/\"},\"sameAs\":[\"https:\/\/www.facebook.com\/miumjaupood\/\"]}]}<\/script>\n<!-- \/ Yoast SEO plugin. -->","yoast_head_json":{"title":"Carnilove dr\u0117gnas pa\u0161aras kat\u0117ms su fazanu ir aviet\u0117mis 85 g - MiuMjau","robots":{"index":"index","follow":"follow","max-snippet":"max-snippet:-1","max-image-preview":"max-image-preview:large","max-video-preview":"max-video-preview:-1"},"canonical":"https:\/\/miumjau.ee\/lt\/produktas\/carnilove-dregnas-pasaras-katems-su-fazanu-ir-avietemis-85-g\/","og_locale":"lt_LT","og_type":"article","og_title":"Carnilove dr\u0117gnas pa\u0161aras kat\u0117ms su fazanu ir aviet\u0117mis 85 g - MiuMjau","og_description":"Tikrai skanus ir itin auk\u0161tos m\u0117sos kokyb\u0117s pa\u0161aras J\u016bs\u0173 augintiniui.     Didelis kiekis fazano m\u0117sos su avie\u010di\u0173 lapais.    Laukin\u0117s m\u0117sos fil\u0117 gabal\u0117liai. Galima naudoti kaip kasdienin\u012f pa\u0161ar\u0105 arba kaip sausosios dietos papild\u0105.    Neturi gr\u016bd\u0173, bulvi\u0173, GMO, sojos, cukraus, konservant\u0173 ar da\u017eikli\u0173.    Hipoalergin\u0117 ir lengvai vir\u0161kinama fazano m\u0117sa. Auk\u0161tas polineso\u010di\u0173j\u0173 riebal\u0173 r\u016bg\u0161\u010di\u0173 kiekis saugo \u0161ird\u012f ir kraujotakos sistem\u0105.    Raudon\u0173j\u0173 avie\u010di\u0173 lapai yra turtingi prie\u0161u\u017edegiminiais antioksidantais. Jie palaiko sveikus \u0161lapimo takus, dantenas, kepenis ir s\u0105narius bei ma\u017eina s\u0105nari\u0173 skausm\u0105. Auk\u0161tas seleno kiekis apsaugo l\u0105steles nuo oksidacinio streso, padedant pagerinti odos, s\u0105nari\u0173 ir smegen\u0173 sveikat\u0105.   Sud\u0117tis: 85 % m\u0117sos fil\u0117 (71 % vi\u0161tiena, 14 % fazanas), 12 % sultinys, 1 % avie\u010di\u0173 lapai, 1 % lin\u0173 s\u0117men\u0173 aliejus, 0,5 % mineralai, 0,5 % augalinis krakmolas. Analitin\u0117 sud\u0117tis: \u017eali baltymai 8 %, riebalai 4,8 %, \u017eali pelenai 2,1 %, \u017ealia l\u0105steliena 0,5 %, dr\u0117gm\u0117 82 %, kalcis 0,15 %, fosforas 0,2 %, natrio kiekis 0,3 %, Omega-3 0,2 %. Maistini\u0173 med\u017eiag\u0173 papildai \/ 1 kg: D3 vitaminas (E671) 250 TV, E vitaminas (3a700) 150 mg, biotinas (3a880) 0,5 mg, cinkas (3b606) 12 mg, manganas (3b502) 3 mg, gele\u017eis (3b103) 10 mg, varis (3b405) 0,4 mg, jodas (3b201) 0,7 mg, taurinas (3a370) 500 mg. Metabolin\u0117 energija: 840 kcal\/kg \u0160\u0117rimo nurodymai: Patiekite Carnilove Fazanas su Avie\u010di\u0173 Lapais kambario temperat\u016broje ir visada u\u017etikrinkite duben\u0117l\u012f su \u0161variu vandeniu. Po atidarymo laikykite \u0161aldytuve.","og_url":"https:\/\/miumjau.ee\/lt\/produktas\/carnilove-dregnas-pasaras-katems-su-fazanu-ir-avietemis-85-g\/","og_site_name":"MiuMjau","article_publisher":"https:\/\/www.facebook.com\/miumjaupood\/","og_image":[{"width":600,"height":800,"url":"https:\/\/miumjau.ee\/wp-content\/uploads\/2024\/11\/carnilove-konserv-85g2.jpg","type":"image\/jpeg"}],"twitter_card":"summary_large_image","schema":{"@context":"https:\/\/schema.org","@graph":[{"@type":"WebPage","@id":"https:\/\/miumjau.ee\/lt\/produktas\/carnilove-dregnas-pasaras-katems-su-fazanu-ir-avietemis-85-g\/","url":"https:\/\/miumjau.ee\/lt\/produktas\/carnilove-dregnas-pasaras-katems-su-fazanu-ir-avietemis-85-g\/","name":"Carnilove dr\u0117gnas pa\u0161aras kat\u0117ms su fazanu ir aviet\u0117mis 85 g - MiuMjau","isPartOf":{"@id":"https:\/\/miumjau.ee\/#website"},"primaryImageOfPage":{"@id":"https:\/\/miumjau.ee\/lt\/produktas\/carnilove-dregnas-pasaras-katems-su-fazanu-ir-avietemis-85-g\/#primaryimage"},"image":{"@id":"https:\/\/miumjau.ee\/lt\/produktas\/carnilove-dregnas-pasaras-katems-su-fazanu-ir-avietemis-85-g\/#primaryimage"},"thumbnailUrl":"https:\/\/miumjau.ee\/wp-content\/uploads\/2024\/11\/carnilove-konserv-85g2.jpg","datePublished":"2024-11-11T09:41:11+00:00","breadcrumb":{"@id":"https:\/\/miumjau.ee\/lt\/produktas\/carnilove-dregnas-pasaras-katems-su-fazanu-ir-avietemis-85-g\/#breadcrumb"},"inLanguage":"lt-LT","potentialAction":[{"@type":"ReadAction","target":["https:\/\/miumjau.ee\/lt\/produktas\/carnilove-dregnas-pasaras-katems-su-fazanu-ir-avietemis-85-g\/"]}]},{"@type":"ImageObject","inLanguage":"lt-LT","@id":"https:\/\/miumjau.ee\/lt\/produktas\/carnilove-dregnas-pasaras-katems-su-fazanu-ir-avietemis-85-g\/#primaryimage","url":"https:\/\/miumjau.ee\/wp-content\/uploads\/2024\/11\/carnilove-konserv-85g2.jpg","contentUrl":"https:\/\/miumjau.ee\/wp-content\/uploads\/2024\/11\/carnilove-konserv-85g2.jpg","width":600,"height":800},{"@type":"BreadcrumbList","@id":"https:\/\/miumjau.ee\/lt\/produktas\/carnilove-dregnas-pasaras-katems-su-fazanu-ir-avietemis-85-g\/#breadcrumb","itemListElement":[{"@type":"ListItem","position":1,"name":"Home","item":"https:\/\/miumjau.ee\/lt\/"},{"@type":"ListItem","position":2,"name":"Parduotuv\u0117","item":"https:\/\/miumjau.ee\/lt\/parduotuve\/"},{"@type":"ListItem","position":3,"name":"Carnilove dr\u0117gnas pa\u0161aras kat\u0117ms su fazanu ir aviet\u0117mis 85 g"}]},{"@type":"WebSite","@id":"https:\/\/miumjau.ee\/#website","url":"https:\/\/miumjau.ee\/","name":"MiuMjau","description":"Kraapimispuud kassidele","publisher":{"@id":"https:\/\/miumjau.ee\/#organization"},"potentialAction":[{"@type":"SearchAction","target":{"@type":"EntryPoint","urlTemplate":"https:\/\/miumjau.ee\/?s={search_term_string}"},"query-input":{"@type":"PropertyValueSpecification","valueRequired":true,"valueName":"search_term_string"}}],"inLanguage":"lt-LT"},{"@type":"Organization","@id":"https:\/\/miumjau.ee\/#organization","name":"MiuMjau O\u00dc","url":"https:\/\/miumjau.ee\/","logo":{"@type":"ImageObject","inLanguage":"lt-LT","@id":"https:\/\/miumjau.ee\/#\/schema\/logo\/image\/","url":"https:\/\/miumjau.ee\/wp-content\/uploads\/2022\/04\/MiuMjau-logo-kollane.png","contentUrl":"https:\/\/miumjau.ee\/wp-content\/uploads\/2022\/04\/MiuMjau-logo-kollane.png","width":219,"height":100,"caption":"MiuMjau O\u00dc"},"image":{"@id":"https:\/\/miumjau.ee\/#\/schema\/logo\/image\/"},"sameAs":["https:\/\/www.facebook.com\/miumjaupood\/"]}]}},"_links":{"self":[{"href":"https:\/\/miumjau.ee\/lt\/wp-json\/wp\/v2\/product\/52096","targetHints":{"allow":["GET"]}}],"collection":[{"href":"https:\/\/miumjau.ee\/lt\/wp-json\/wp\/v2\/product"}],"about":[{"href":"https:\/\/miumjau.ee\/lt\/wp-json\/wp\/v2\/types\/product"}],"wp:featuredmedia":[{"embeddable":true,"href":"https:\/\/miumjau.ee\/lt\/wp-json\/wp\/v2\/media\/52098"}],"wp:attachment":[{"href":"https:\/\/miumjau.ee\/lt\/wp-json\/wp\/v2\/media?parent=52096"}],"wp:term":[{"taxonomy":"product_brand","embeddable":true,"href":"https:\/\/miumjau.ee\/lt\/wp-json\/wp\/v2\/product_brand?post=52096"},{"taxonomy":"product_cat","embeddable":true,"href":"https:\/\/miumjau.ee\/lt\/wp-json\/wp\/v2\/product_cat?post=52096"},{"taxonomy":"product_tag","embeddable":true,"href":"https:\/\/miumjau.ee\/lt\/wp-json\/wp\/v2\/product_tag?post=52096"}],"curies":[{"name":"wp","href":"https:\/\/api.w.org\/{rel}","templated":true}]}}