{"id":52085,"date":"2024-11-11T14:46:09","date_gmt":"2024-11-11T12:46:09","guid":{"rendered":"https:\/\/miumjau.ee\/toode\/carnilove-fresh-sausas-pasaras-katems-karpis-ir-upetakis-04-kg\/"},"modified":"2024-11-11T14:46:09","modified_gmt":"2024-11-11T12:46:09","slug":"carnilove-fresh-sausas-pasaras-katems-karpis-ir-upetakis-04-kg","status":"publish","type":"product","link":"https:\/\/miumjau.ee\/lt\/produktas\/carnilove-fresh-sausas-pasaras-katems-karpis-ir-upetakis-04-kg\/","title":{"rendered":"Carnilove Fresh sausas pa\u0161aras kat\u0117ms, karpis ir up\u0117takis 0,4 kg"},"content":{"rendered":"","protected":false},"excerpt":{"rendered":"<p data-start=\"1644\" data-end=\"1693\">Auk\u0161tos m\u0117sos kokyb\u0117s pa\u0161aras J\u016bs\u0173 augintiniui!<\/p>\n<p data-start=\"1695\" data-end=\"2424\"><strong data-start=\"1695\" data-end=\"1707\">Sud\u0117tis:<\/strong> \u0161vie\u017eia be kaul\u0173 karpis 25 %, d\u017eiovintas up\u0117takis 20 %, \u0161vie\u017eia be kaul\u0173 la\u0161i\u0161a 14 %, d\u017eiovinta la\u0161i\u0161a 12 %, mutt, vi\u0161tienos riebalai (konservuoti tokoferoliais) 4 %, avin\u017eirniai, \u017eirniai, vi\u0161tienos kepenys 3 %, la\u0161i\u0161\u0173 aliejus 2 %, obuoliai, morkos, lin\u0173 s\u0117menys, hidrolizuoti v\u0117\u017eiagyvi\u0173 kiautai (gliukozamino \u0161altinis) 0,026 %, kremzli\u0173 ekstraktas (chondroitino \u0161altinis) 0,016 %, alaus miel\u0117s (mannan-oligosacharid\u0173 \u0161altinis) 0,015 %, cikorijos \u0161aknis (fruktooligosacharid\u0173 \u0161altinis) 0,012 %, dumbliai 0,01 %, jukos \u0161aknis 0,01 %, milt\u0173 bananai 0,01 %, \u010diobreliai 0,01 %, rozmarinas 0,01 %, pu\u0161kel\u0117 0,01 %, spanguol\u0117s 0,0008 %, m\u0117lyn\u0117s 0,0008 %, \u0161altalankis 0,0008 %, imbiero \u0161aknis 0,0008 %, \u0161alavijas 0,0008 %.<\/p>\n<p data-start=\"2426\" data-end=\"2860\"><strong data-start=\"2426\" data-end=\"2446\">Papildai \/ 1 kg:<\/strong> A vitaminas (E672) 23 000 TV, D3 vitaminas (E671) 940 TV, E vitaminas (3a700) 650 mg, C vitaminas (E300) 300 mg, taurinas 2 400 mg, cholino chloridas 2 200 mg, L-karnitinas 65 mg, niacinas 45 mg, biotinas 1,8 mg, cinkas (E6) 100 mg, manganas (E5) 55 mg, gele\u017eis (E1) 48 mg, varis (E4) 11 mg, jodas (E2) 3,8 mg, selenas (E8) 0,2 mg, L-metioninas (3.1.1) 14 mg, argininas (3c3.6.1) 12 mg, L-lizinas (3.2.3) 10 mg.<\/p>\n<p data-start=\"2862\" data-end=\"2897\"><strong data-start=\"2862\" data-end=\"2881\">Energin\u0117 vert\u0117:<\/strong> 3 630 kcal\/kg<\/p>\n<p data-start=\"2899\" data-end=\"3121\" data-is-last-node=\"\" data-is-only-node=\"\"><strong data-start=\"2899\" data-end=\"2928\">Analitin\u0117 sud\u0117tis \/ 1 kg:<\/strong> \u017eali baltymai 34,0 %, riebalai 14,0 %, \u017ealia l\u0105steliena 3,5 %, \u017eali pelenai 9,5 %, dr\u0117gm\u0117 10,0 %, kalcis 0,9 %, fosforas 0,8 %, natrio kiekis 1,2 %, magnis 0,04 %, Omega-3 0,8 %, Omega-6 1,7 %<\/p>\n","protected":false},"featured_media":52086,"template":"","meta":[],"product_brand":[],"product_cat":[528],"product_tag":[],"class_list":{"0":"post-52085","1":"product","2":"type-product","3":"status-publish","4":"has-post-thumbnail","6":"product_cat-sausas-maistas","8":"first","9":"instock","10":"sale","11":"taxable","12":"shipping-taxable","13":"purchasable","14":"product-type-simple"},"yoast_head":"<!-- This site is optimized with the Yoast SEO plugin v27.2 - https:\/\/yoast.com\/product\/yoast-seo-wordpress\/ -->\n<title>Carnilove Fresh sausas pa\u0161aras kat\u0117ms, karpis ir up\u0117takis 0,4 kg - MiuMjau<\/title>\n<meta name=\"robots\" content=\"index, follow, max-snippet:-1, max-image-preview:large, max-video-preview:-1\" \/>\n<link rel=\"canonical\" href=\"https:\/\/miumjau.ee\/lt\/produktas\/carnilove-fresh-sausas-pasaras-katems-karpis-ir-upetakis-04-kg\/\" \/>\n<meta property=\"og:locale\" content=\"lt_LT\" \/>\n<meta property=\"og:type\" content=\"article\" \/>\n<meta property=\"og:title\" content=\"Carnilove Fresh sausas pa\u0161aras kat\u0117ms, karpis ir up\u0117takis 0,4 kg - MiuMjau\" \/>\n<meta property=\"og:description\" content=\"Auk\u0161tos m\u0117sos kokyb\u0117s pa\u0161aras J\u016bs\u0173 augintiniui! Sud\u0117tis: \u0161vie\u017eia be kaul\u0173 karpis 25 %, d\u017eiovintas up\u0117takis 20 %, \u0161vie\u017eia be kaul\u0173 la\u0161i\u0161a 14 %, d\u017eiovinta la\u0161i\u0161a 12 %, mutt, vi\u0161tienos riebalai (konservuoti tokoferoliais) 4 %, avin\u017eirniai, \u017eirniai, vi\u0161tienos kepenys 3 %, la\u0161i\u0161\u0173 aliejus 2 %, obuoliai, morkos, lin\u0173 s\u0117menys, hidrolizuoti v\u0117\u017eiagyvi\u0173 kiautai (gliukozamino \u0161altinis) 0,026 %, kremzli\u0173 ekstraktas (chondroitino \u0161altinis) 0,016 %, alaus miel\u0117s (mannan-oligosacharid\u0173 \u0161altinis) 0,015 %, cikorijos \u0161aknis (fruktooligosacharid\u0173 \u0161altinis) 0,012 %, dumbliai 0,01 %, jukos \u0161aknis 0,01 %, milt\u0173 bananai 0,01 %, \u010diobreliai 0,01 %, rozmarinas 0,01 %, pu\u0161kel\u0117 0,01 %, spanguol\u0117s 0,0008 %, m\u0117lyn\u0117s 0,0008 %, \u0161altalankis 0,0008 %, imbiero \u0161aknis 0,0008 %, \u0161alavijas 0,0008 %. Papildai \/ 1 kg: A vitaminas (E672) 23 000 TV, D3 vitaminas (E671) 940 TV, E vitaminas (3a700) 650 mg, C vitaminas (E300) 300 mg, taurinas 2 400 mg, cholino chloridas 2 200 mg, L-karnitinas 65 mg, niacinas 45 mg, biotinas 1,8 mg, cinkas (E6) 100 mg, manganas (E5) 55 mg, gele\u017eis (E1) 48 mg, varis (E4) 11 mg, jodas (E2) 3,8 mg, selenas (E8) 0,2 mg, L-metioninas (3.1.1) 14 mg, argininas (3c3.6.1) 12 mg, L-lizinas (3.2.3) 10 mg. Energin\u0117 vert\u0117: 3 630 kcal\/kg Analitin\u0117 sud\u0117tis \/ 1 kg: \u017eali baltymai 34,0 %, riebalai 14,0 %, \u017ealia l\u0105steliena 3,5 %, \u017eali pelenai 9,5 %, dr\u0117gm\u0117 10,0 %, kalcis 0,9 %, fosforas 0,8 %, natrio kiekis 1,2 %, magnis 0,04 %, Omega-3 0,8 %, Omega-6 1,7 %\" \/>\n<meta property=\"og:url\" content=\"https:\/\/miumjau.ee\/lt\/produktas\/carnilove-fresh-sausas-pasaras-katems-karpis-ir-upetakis-04-kg\/\" \/>\n<meta property=\"og:site_name\" content=\"MiuMjau\" \/>\n<meta property=\"article:publisher\" content=\"https:\/\/www.facebook.com\/miumjaupood\/\" \/>\n<meta property=\"og:image\" content=\"https:\/\/miumjau.ee\/wp-content\/uploads\/2024\/11\/carnilove-fresh-kuivtoit-kassile1.jpg\" \/>\n\t<meta property=\"og:image:width\" content=\"600\" \/>\n\t<meta property=\"og:image:height\" content=\"800\" \/>\n\t<meta property=\"og:image:type\" content=\"image\/jpeg\" \/>\n<meta name=\"twitter:card\" content=\"summary_large_image\" \/>\n<script type=\"application\/ld+json\" class=\"yoast-schema-graph\">{\"@context\":\"https:\/\/schema.org\",\"@graph\":[{\"@type\":\"WebPage\",\"@id\":\"https:\/\/miumjau.ee\/lt\/produktas\/carnilove-fresh-sausas-pasaras-katems-karpis-ir-upetakis-04-kg\/\",\"url\":\"https:\/\/miumjau.ee\/lt\/produktas\/carnilove-fresh-sausas-pasaras-katems-karpis-ir-upetakis-04-kg\/\",\"name\":\"Carnilove Fresh sausas pa\u0161aras kat\u0117ms, karpis ir up\u0117takis 0,4 kg - MiuMjau\",\"isPartOf\":{\"@id\":\"https:\/\/miumjau.ee\/#website\"},\"primaryImageOfPage\":{\"@id\":\"https:\/\/miumjau.ee\/lt\/produktas\/carnilove-fresh-sausas-pasaras-katems-karpis-ir-upetakis-04-kg\/#primaryimage\"},\"image\":{\"@id\":\"https:\/\/miumjau.ee\/lt\/produktas\/carnilove-fresh-sausas-pasaras-katems-karpis-ir-upetakis-04-kg\/#primaryimage\"},\"thumbnailUrl\":\"https:\/\/miumjau.ee\/wp-content\/uploads\/2024\/11\/carnilove-fresh-kuivtoit-kassile1.jpg\",\"datePublished\":\"2024-11-11T12:46:09+00:00\",\"breadcrumb\":{\"@id\":\"https:\/\/miumjau.ee\/lt\/produktas\/carnilove-fresh-sausas-pasaras-katems-karpis-ir-upetakis-04-kg\/#breadcrumb\"},\"inLanguage\":\"lt-LT\",\"potentialAction\":[{\"@type\":\"ReadAction\",\"target\":[\"https:\/\/miumjau.ee\/lt\/produktas\/carnilove-fresh-sausas-pasaras-katems-karpis-ir-upetakis-04-kg\/\"]}]},{\"@type\":\"ImageObject\",\"inLanguage\":\"lt-LT\",\"@id\":\"https:\/\/miumjau.ee\/lt\/produktas\/carnilove-fresh-sausas-pasaras-katems-karpis-ir-upetakis-04-kg\/#primaryimage\",\"url\":\"https:\/\/miumjau.ee\/wp-content\/uploads\/2024\/11\/carnilove-fresh-kuivtoit-kassile1.jpg\",\"contentUrl\":\"https:\/\/miumjau.ee\/wp-content\/uploads\/2024\/11\/carnilove-fresh-kuivtoit-kassile1.jpg\",\"width\":600,\"height\":800},{\"@type\":\"BreadcrumbList\",\"@id\":\"https:\/\/miumjau.ee\/lt\/produktas\/carnilove-fresh-sausas-pasaras-katems-karpis-ir-upetakis-04-kg\/#breadcrumb\",\"itemListElement\":[{\"@type\":\"ListItem\",\"position\":1,\"name\":\"Home\",\"item\":\"https:\/\/miumjau.ee\/lt\/\"},{\"@type\":\"ListItem\",\"position\":2,\"name\":\"Parduotuv\u0117\",\"item\":\"https:\/\/miumjau.ee\/lt\/parduotuve\/\"},{\"@type\":\"ListItem\",\"position\":3,\"name\":\"Carnilove Fresh sausas pa\u0161aras kat\u0117ms, karpis ir up\u0117takis 0,4 kg\"}]},{\"@type\":\"WebSite\",\"@id\":\"https:\/\/miumjau.ee\/#website\",\"url\":\"https:\/\/miumjau.ee\/\",\"name\":\"MiuMjau\",\"description\":\"Kraapimispuud kassidele\",\"publisher\":{\"@id\":\"https:\/\/miumjau.ee\/#organization\"},\"potentialAction\":[{\"@type\":\"SearchAction\",\"target\":{\"@type\":\"EntryPoint\",\"urlTemplate\":\"https:\/\/miumjau.ee\/?s={search_term_string}\"},\"query-input\":{\"@type\":\"PropertyValueSpecification\",\"valueRequired\":true,\"valueName\":\"search_term_string\"}}],\"inLanguage\":\"lt-LT\"},{\"@type\":\"Organization\",\"@id\":\"https:\/\/miumjau.ee\/#organization\",\"name\":\"MiuMjau O\u00dc\",\"url\":\"https:\/\/miumjau.ee\/\",\"logo\":{\"@type\":\"ImageObject\",\"inLanguage\":\"lt-LT\",\"@id\":\"https:\/\/miumjau.ee\/#\/schema\/logo\/image\/\",\"url\":\"https:\/\/miumjau.ee\/wp-content\/uploads\/2022\/04\/MiuMjau-logo-kollane.png\",\"contentUrl\":\"https:\/\/miumjau.ee\/wp-content\/uploads\/2022\/04\/MiuMjau-logo-kollane.png\",\"width\":219,\"height\":100,\"caption\":\"MiuMjau O\u00dc\"},\"image\":{\"@id\":\"https:\/\/miumjau.ee\/#\/schema\/logo\/image\/\"},\"sameAs\":[\"https:\/\/www.facebook.com\/miumjaupood\/\"]}]}<\/script>\n<!-- \/ Yoast SEO plugin. -->","yoast_head_json":{"title":"Carnilove Fresh sausas pa\u0161aras kat\u0117ms, karpis ir up\u0117takis 0,4 kg - MiuMjau","robots":{"index":"index","follow":"follow","max-snippet":"max-snippet:-1","max-image-preview":"max-image-preview:large","max-video-preview":"max-video-preview:-1"},"canonical":"https:\/\/miumjau.ee\/lt\/produktas\/carnilove-fresh-sausas-pasaras-katems-karpis-ir-upetakis-04-kg\/","og_locale":"lt_LT","og_type":"article","og_title":"Carnilove Fresh sausas pa\u0161aras kat\u0117ms, karpis ir up\u0117takis 0,4 kg - MiuMjau","og_description":"Auk\u0161tos m\u0117sos kokyb\u0117s pa\u0161aras J\u016bs\u0173 augintiniui! Sud\u0117tis: \u0161vie\u017eia be kaul\u0173 karpis 25 %, d\u017eiovintas up\u0117takis 20 %, \u0161vie\u017eia be kaul\u0173 la\u0161i\u0161a 14 %, d\u017eiovinta la\u0161i\u0161a 12 %, mutt, vi\u0161tienos riebalai (konservuoti tokoferoliais) 4 %, avin\u017eirniai, \u017eirniai, vi\u0161tienos kepenys 3 %, la\u0161i\u0161\u0173 aliejus 2 %, obuoliai, morkos, lin\u0173 s\u0117menys, hidrolizuoti v\u0117\u017eiagyvi\u0173 kiautai (gliukozamino \u0161altinis) 0,026 %, kremzli\u0173 ekstraktas (chondroitino \u0161altinis) 0,016 %, alaus miel\u0117s (mannan-oligosacharid\u0173 \u0161altinis) 0,015 %, cikorijos \u0161aknis (fruktooligosacharid\u0173 \u0161altinis) 0,012 %, dumbliai 0,01 %, jukos \u0161aknis 0,01 %, milt\u0173 bananai 0,01 %, \u010diobreliai 0,01 %, rozmarinas 0,01 %, pu\u0161kel\u0117 0,01 %, spanguol\u0117s 0,0008 %, m\u0117lyn\u0117s 0,0008 %, \u0161altalankis 0,0008 %, imbiero \u0161aknis 0,0008 %, \u0161alavijas 0,0008 %. Papildai \/ 1 kg: A vitaminas (E672) 23 000 TV, D3 vitaminas (E671) 940 TV, E vitaminas (3a700) 650 mg, C vitaminas (E300) 300 mg, taurinas 2 400 mg, cholino chloridas 2 200 mg, L-karnitinas 65 mg, niacinas 45 mg, biotinas 1,8 mg, cinkas (E6) 100 mg, manganas (E5) 55 mg, gele\u017eis (E1) 48 mg, varis (E4) 11 mg, jodas (E2) 3,8 mg, selenas (E8) 0,2 mg, L-metioninas (3.1.1) 14 mg, argininas (3c3.6.1) 12 mg, L-lizinas (3.2.3) 10 mg. Energin\u0117 vert\u0117: 3 630 kcal\/kg Analitin\u0117 sud\u0117tis \/ 1 kg: \u017eali baltymai 34,0 %, riebalai 14,0 %, \u017ealia l\u0105steliena 3,5 %, \u017eali pelenai 9,5 %, dr\u0117gm\u0117 10,0 %, kalcis 0,9 %, fosforas 0,8 %, natrio kiekis 1,2 %, magnis 0,04 %, Omega-3 0,8 %, Omega-6 1,7 %","og_url":"https:\/\/miumjau.ee\/lt\/produktas\/carnilove-fresh-sausas-pasaras-katems-karpis-ir-upetakis-04-kg\/","og_site_name":"MiuMjau","article_publisher":"https:\/\/www.facebook.com\/miumjaupood\/","og_image":[{"width":600,"height":800,"url":"https:\/\/miumjau.ee\/wp-content\/uploads\/2024\/11\/carnilove-fresh-kuivtoit-kassile1.jpg","type":"image\/jpeg"}],"twitter_card":"summary_large_image","schema":{"@context":"https:\/\/schema.org","@graph":[{"@type":"WebPage","@id":"https:\/\/miumjau.ee\/lt\/produktas\/carnilove-fresh-sausas-pasaras-katems-karpis-ir-upetakis-04-kg\/","url":"https:\/\/miumjau.ee\/lt\/produktas\/carnilove-fresh-sausas-pasaras-katems-karpis-ir-upetakis-04-kg\/","name":"Carnilove Fresh sausas pa\u0161aras kat\u0117ms, karpis ir up\u0117takis 0,4 kg - MiuMjau","isPartOf":{"@id":"https:\/\/miumjau.ee\/#website"},"primaryImageOfPage":{"@id":"https:\/\/miumjau.ee\/lt\/produktas\/carnilove-fresh-sausas-pasaras-katems-karpis-ir-upetakis-04-kg\/#primaryimage"},"image":{"@id":"https:\/\/miumjau.ee\/lt\/produktas\/carnilove-fresh-sausas-pasaras-katems-karpis-ir-upetakis-04-kg\/#primaryimage"},"thumbnailUrl":"https:\/\/miumjau.ee\/wp-content\/uploads\/2024\/11\/carnilove-fresh-kuivtoit-kassile1.jpg","datePublished":"2024-11-11T12:46:09+00:00","breadcrumb":{"@id":"https:\/\/miumjau.ee\/lt\/produktas\/carnilove-fresh-sausas-pasaras-katems-karpis-ir-upetakis-04-kg\/#breadcrumb"},"inLanguage":"lt-LT","potentialAction":[{"@type":"ReadAction","target":["https:\/\/miumjau.ee\/lt\/produktas\/carnilove-fresh-sausas-pasaras-katems-karpis-ir-upetakis-04-kg\/"]}]},{"@type":"ImageObject","inLanguage":"lt-LT","@id":"https:\/\/miumjau.ee\/lt\/produktas\/carnilove-fresh-sausas-pasaras-katems-karpis-ir-upetakis-04-kg\/#primaryimage","url":"https:\/\/miumjau.ee\/wp-content\/uploads\/2024\/11\/carnilove-fresh-kuivtoit-kassile1.jpg","contentUrl":"https:\/\/miumjau.ee\/wp-content\/uploads\/2024\/11\/carnilove-fresh-kuivtoit-kassile1.jpg","width":600,"height":800},{"@type":"BreadcrumbList","@id":"https:\/\/miumjau.ee\/lt\/produktas\/carnilove-fresh-sausas-pasaras-katems-karpis-ir-upetakis-04-kg\/#breadcrumb","itemListElement":[{"@type":"ListItem","position":1,"name":"Home","item":"https:\/\/miumjau.ee\/lt\/"},{"@type":"ListItem","position":2,"name":"Parduotuv\u0117","item":"https:\/\/miumjau.ee\/lt\/parduotuve\/"},{"@type":"ListItem","position":3,"name":"Carnilove Fresh sausas pa\u0161aras kat\u0117ms, karpis ir up\u0117takis 0,4 kg"}]},{"@type":"WebSite","@id":"https:\/\/miumjau.ee\/#website","url":"https:\/\/miumjau.ee\/","name":"MiuMjau","description":"Kraapimispuud kassidele","publisher":{"@id":"https:\/\/miumjau.ee\/#organization"},"potentialAction":[{"@type":"SearchAction","target":{"@type":"EntryPoint","urlTemplate":"https:\/\/miumjau.ee\/?s={search_term_string}"},"query-input":{"@type":"PropertyValueSpecification","valueRequired":true,"valueName":"search_term_string"}}],"inLanguage":"lt-LT"},{"@type":"Organization","@id":"https:\/\/miumjau.ee\/#organization","name":"MiuMjau O\u00dc","url":"https:\/\/miumjau.ee\/","logo":{"@type":"ImageObject","inLanguage":"lt-LT","@id":"https:\/\/miumjau.ee\/#\/schema\/logo\/image\/","url":"https:\/\/miumjau.ee\/wp-content\/uploads\/2022\/04\/MiuMjau-logo-kollane.png","contentUrl":"https:\/\/miumjau.ee\/wp-content\/uploads\/2022\/04\/MiuMjau-logo-kollane.png","width":219,"height":100,"caption":"MiuMjau O\u00dc"},"image":{"@id":"https:\/\/miumjau.ee\/#\/schema\/logo\/image\/"},"sameAs":["https:\/\/www.facebook.com\/miumjaupood\/"]}]}},"_links":{"self":[{"href":"https:\/\/miumjau.ee\/lt\/wp-json\/wp\/v2\/product\/52085","targetHints":{"allow":["GET"]}}],"collection":[{"href":"https:\/\/miumjau.ee\/lt\/wp-json\/wp\/v2\/product"}],"about":[{"href":"https:\/\/miumjau.ee\/lt\/wp-json\/wp\/v2\/types\/product"}],"wp:featuredmedia":[{"embeddable":true,"href":"https:\/\/miumjau.ee\/lt\/wp-json\/wp\/v2\/media\/52086"}],"wp:attachment":[{"href":"https:\/\/miumjau.ee\/lt\/wp-json\/wp\/v2\/media?parent=52085"}],"wp:term":[{"taxonomy":"product_brand","embeddable":true,"href":"https:\/\/miumjau.ee\/lt\/wp-json\/wp\/v2\/product_brand?post=52085"},{"taxonomy":"product_cat","embeddable":true,"href":"https:\/\/miumjau.ee\/lt\/wp-json\/wp\/v2\/product_cat?post=52085"},{"taxonomy":"product_tag","embeddable":true,"href":"https:\/\/miumjau.ee\/lt\/wp-json\/wp\/v2\/product_tag?post=52085"}],"curies":[{"name":"wp","href":"https:\/\/api.w.org\/{rel}","templated":true}]}}