{"id":52077,"date":"2024-11-11T21:31:15","date_gmt":"2024-11-11T19:31:15","guid":{"rendered":"https:\/\/miumjau.ee\/toode\/carnilove-sausas-pasaras-katems-aviena-ir-serniena-04-kg\/"},"modified":"2024-11-11T21:31:15","modified_gmt":"2024-11-11T19:31:15","slug":"carnilove-sausas-pasaras-katems-aviena-ir-serniena-04-kg","status":"publish","type":"product","link":"https:\/\/miumjau.ee\/lt\/produktas\/carnilove-sausas-pasaras-katems-aviena-ir-serniena-04-kg\/","title":{"rendered":"Carnilove sausas pa\u0161aras kat\u0117ms, aviena ir \u0161erniena 0,4 kg"},"content":{"rendered":"","protected":false},"excerpt":{"rendered":"<p data-start=\"2033\" data-end=\"2091\">Gr\u016bd\u0173 ir bulvi\u0173 neturinti recept\u016bra sterilizuotoms kat\u0117ms.<\/p>\n<p data-start=\"2093\" data-end=\"2510\">Carnilove Aviena &amp; \u0160erniena suaugusioms kat\u0117ms paruo\u0161tas, gerbiant ka\u010di\u0173 nat\u016bral\u0173 mitybos pob\u016bd\u012f. Avienos ir \u0161ernienos m\u0117sa yra lengvai vir\u0161kinami dietiniai baltymai, idealiai tinkantys sterilizuot\u0173 ka\u010di\u0173 gerai fizinei formai palaikyti. Kontroliuojamas mineral\u0173 kiekis palaiko normali\u0105 inkst\u0173 ir \u0161lapimo tak\u0173 funkcij\u0105, o nat\u016bral\u016bs antioksidantai i\u0161 vaisi\u0173 ir \u017eoleli\u0173 turi detoksikuojan\u010di\u0173 ir prie\u0161u\u017edegimini\u0173 savybi\u0173.<\/p>\n<p data-start=\"2512\" data-end=\"3190\"><strong data-start=\"2512\" data-end=\"2524\">Sud\u0117tis:<\/strong> \u0161ernienos miltai 35 %, laisvai auginamos avienos miltai 24 %, geltonieji \u017eirniai 19 %, vi\u0161tienos riebalai (konservuoti tokoferoliais) 6 %, obuoliai 4 %, vi\u0161tienos kepenys 3 %, tapijokos krakmolas 3 %, la\u0161i\u0161\u0173 aliejus 2 %, morkos 1 %, lin\u0173 s\u0117menys 1 %, avin\u017eirniai 1 %, hidrolizuoti v\u0117\u017eiagyvi\u0173 kiautai (gliukozamino \u0161altinis) 0,026 %, kremzli\u0173 ekstraktas (chondroitino \u0161altinis) 0,016 %, alaus miel\u0117s (mannan-oligosacharid\u0173 \u0161altinis) 0,016 %, cikorijos \u0161aknis (fruktooligosacharid\u0173 \u0161altinis) 0,012 %, jukos \u0161aknis 0,01 %, dumbliai 0,01 %, arbat\u017eol\u0117 0,01 %, \u010diobreliai 0,01 %, rozmarinas 0,01 %, pu\u0161kel\u0117 0,01 %, spanguol\u0117s 0,0008 %, m\u0117lyn\u0117s 0,0008 %, aviet\u0117s 0,0008 %.<\/p>\n<p data-start=\"3192\" data-end=\"3645\"><strong data-start=\"3192\" data-end=\"3231\">Maistini\u0173 med\u017eiag\u0173 papildai \/ 1 kg:<\/strong> A vitaminas (E672) 23 000 TV, D3 vitaminas (E671) 940 TV, E vitaminas (3a700) 650 TV, C vitaminas (E300) 300 mg, taurinas 2 400 mg, cholino chloridas 2 200 mg, L-karnitinas 65 mg, niacinas 45 mg, biotinas 1,8 mg, cinkas (E6) 150 mg, manganas (E5) 55 mg, gele\u017eis (E1) 48 mg, varis (E4) 11 mg, jodas (E2) 3,8 mg, selenas (E8) 0,23 mg, DL-metioninas (3.1.1) 14 mg, argininas (3c3.6.1) 12 mg, L-lizinas (3.2.3) 10 mg.<\/p>\n<p data-start=\"3647\" data-end=\"3840\"><strong data-start=\"3647\" data-end=\"3676\">Analitin\u0117 sud\u0117tis \/ 1 kg:<\/strong> \u017eali baltymai 39,0 %, riebalai 14,0 %, \u017ealia l\u0105steliena 4,0 %, \u017eali pelenai 7,8 %, dr\u0117gm\u0117 10,0 %, kalcis 0,8 %, fosforas 0,7 %, natrio kiekis 0,9 %, magnis 0,04 %.<\/p>\n<p data-start=\"3842\" data-end=\"3914\" data-is-last-node=\"\" data-is-only-node=\"\"><strong data-start=\"3842\" data-end=\"3866\">Metabolin\u0117 energija:<\/strong> 3 690 kcal\/kg, Omega-3: 0,25 %, Omega-6: 2,30 %<\/p>\n","protected":false},"featured_media":52078,"template":"","meta":[],"product_brand":[],"product_cat":[528],"product_tag":[],"class_list":{"0":"post-52077","1":"product","2":"type-product","3":"status-publish","4":"has-post-thumbnail","6":"product_cat-sausas-maistas","8":"first","9":"instock","10":"sale","11":"taxable","12":"shipping-taxable","13":"purchasable","14":"product-type-simple"},"yoast_head":"<!-- This site is optimized with the Yoast SEO plugin v27.2 - https:\/\/yoast.com\/product\/yoast-seo-wordpress\/ -->\n<title>Carnilove sausas pa\u0161aras kat\u0117ms, aviena ir \u0161erniena 0,4 kg - MiuMjau<\/title>\n<meta name=\"robots\" content=\"index, follow, max-snippet:-1, max-image-preview:large, max-video-preview:-1\" \/>\n<link rel=\"canonical\" href=\"https:\/\/miumjau.ee\/lt\/produktas\/carnilove-sausas-pasaras-katems-aviena-ir-serniena-04-kg\/\" \/>\n<meta property=\"og:locale\" content=\"lt_LT\" \/>\n<meta property=\"og:type\" content=\"article\" \/>\n<meta property=\"og:title\" content=\"Carnilove sausas pa\u0161aras kat\u0117ms, aviena ir \u0161erniena 0,4 kg - MiuMjau\" \/>\n<meta property=\"og:description\" content=\"Gr\u016bd\u0173 ir bulvi\u0173 neturinti recept\u016bra sterilizuotoms kat\u0117ms. Carnilove Aviena &amp; \u0160erniena suaugusioms kat\u0117ms paruo\u0161tas, gerbiant ka\u010di\u0173 nat\u016bral\u0173 mitybos pob\u016bd\u012f. Avienos ir \u0161ernienos m\u0117sa yra lengvai vir\u0161kinami dietiniai baltymai, idealiai tinkantys sterilizuot\u0173 ka\u010di\u0173 gerai fizinei formai palaikyti. Kontroliuojamas mineral\u0173 kiekis palaiko normali\u0105 inkst\u0173 ir \u0161lapimo tak\u0173 funkcij\u0105, o nat\u016bral\u016bs antioksidantai i\u0161 vaisi\u0173 ir \u017eoleli\u0173 turi detoksikuojan\u010di\u0173 ir prie\u0161u\u017edegimini\u0173 savybi\u0173. Sud\u0117tis: \u0161ernienos miltai 35 %, laisvai auginamos avienos miltai 24 %, geltonieji \u017eirniai 19 %, vi\u0161tienos riebalai (konservuoti tokoferoliais) 6 %, obuoliai 4 %, vi\u0161tienos kepenys 3 %, tapijokos krakmolas 3 %, la\u0161i\u0161\u0173 aliejus 2 %, morkos 1 %, lin\u0173 s\u0117menys 1 %, avin\u017eirniai 1 %, hidrolizuoti v\u0117\u017eiagyvi\u0173 kiautai (gliukozamino \u0161altinis) 0,026 %, kremzli\u0173 ekstraktas (chondroitino \u0161altinis) 0,016 %, alaus miel\u0117s (mannan-oligosacharid\u0173 \u0161altinis) 0,016 %, cikorijos \u0161aknis (fruktooligosacharid\u0173 \u0161altinis) 0,012 %, jukos \u0161aknis 0,01 %, dumbliai 0,01 %, arbat\u017eol\u0117 0,01 %, \u010diobreliai 0,01 %, rozmarinas 0,01 %, pu\u0161kel\u0117 0,01 %, spanguol\u0117s 0,0008 %, m\u0117lyn\u0117s 0,0008 %, aviet\u0117s 0,0008 %. Maistini\u0173 med\u017eiag\u0173 papildai \/ 1 kg: A vitaminas (E672) 23 000 TV, D3 vitaminas (E671) 940 TV, E vitaminas (3a700) 650 TV, C vitaminas (E300) 300 mg, taurinas 2 400 mg, cholino chloridas 2 200 mg, L-karnitinas 65 mg, niacinas 45 mg, biotinas 1,8 mg, cinkas (E6) 150 mg, manganas (E5) 55 mg, gele\u017eis (E1) 48 mg, varis (E4) 11 mg, jodas (E2) 3,8 mg, selenas (E8) 0,23 mg, DL-metioninas (3.1.1) 14 mg, argininas (3c3.6.1) 12 mg, L-lizinas (3.2.3) 10 mg. Analitin\u0117 sud\u0117tis \/ 1 kg: \u017eali baltymai 39,0 %, riebalai 14,0 %, \u017ealia l\u0105steliena 4,0 %, \u017eali pelenai 7,8 %, dr\u0117gm\u0117 10,0 %, kalcis 0,8 %, fosforas 0,7 %, natrio kiekis 0,9 %, magnis 0,04 %. Metabolin\u0117 energija: 3 690 kcal\/kg, Omega-3: 0,25 %, Omega-6: 2,30 %\" \/>\n<meta property=\"og:url\" content=\"https:\/\/miumjau.ee\/lt\/produktas\/carnilove-sausas-pasaras-katems-aviena-ir-serniena-04-kg\/\" \/>\n<meta property=\"og:site_name\" content=\"MiuMjau\" \/>\n<meta property=\"article:publisher\" content=\"https:\/\/www.facebook.com\/miumjaupood\/\" \/>\n<meta property=\"og:image\" content=\"https:\/\/miumjau.ee\/wp-content\/uploads\/2024\/11\/carnilove-kuivtoit-kassidele5.jpg\" \/>\n\t<meta property=\"og:image:width\" content=\"600\" \/>\n\t<meta property=\"og:image:height\" content=\"800\" \/>\n\t<meta property=\"og:image:type\" content=\"image\/jpeg\" \/>\n<meta name=\"twitter:card\" content=\"summary_large_image\" \/>\n<script type=\"application\/ld+json\" class=\"yoast-schema-graph\">{\"@context\":\"https:\/\/schema.org\",\"@graph\":[{\"@type\":\"WebPage\",\"@id\":\"https:\/\/miumjau.ee\/lt\/produktas\/carnilove-sausas-pasaras-katems-aviena-ir-serniena-04-kg\/\",\"url\":\"https:\/\/miumjau.ee\/lt\/produktas\/carnilove-sausas-pasaras-katems-aviena-ir-serniena-04-kg\/\",\"name\":\"Carnilove sausas pa\u0161aras kat\u0117ms, aviena ir \u0161erniena 0,4 kg - MiuMjau\",\"isPartOf\":{\"@id\":\"https:\/\/miumjau.ee\/#website\"},\"primaryImageOfPage\":{\"@id\":\"https:\/\/miumjau.ee\/lt\/produktas\/carnilove-sausas-pasaras-katems-aviena-ir-serniena-04-kg\/#primaryimage\"},\"image\":{\"@id\":\"https:\/\/miumjau.ee\/lt\/produktas\/carnilove-sausas-pasaras-katems-aviena-ir-serniena-04-kg\/#primaryimage\"},\"thumbnailUrl\":\"https:\/\/miumjau.ee\/wp-content\/uploads\/2024\/11\/carnilove-kuivtoit-kassidele5.jpg\",\"datePublished\":\"2024-11-11T19:31:15+00:00\",\"breadcrumb\":{\"@id\":\"https:\/\/miumjau.ee\/lt\/produktas\/carnilove-sausas-pasaras-katems-aviena-ir-serniena-04-kg\/#breadcrumb\"},\"inLanguage\":\"lt-LT\",\"potentialAction\":[{\"@type\":\"ReadAction\",\"target\":[\"https:\/\/miumjau.ee\/lt\/produktas\/carnilove-sausas-pasaras-katems-aviena-ir-serniena-04-kg\/\"]}]},{\"@type\":\"ImageObject\",\"inLanguage\":\"lt-LT\",\"@id\":\"https:\/\/miumjau.ee\/lt\/produktas\/carnilove-sausas-pasaras-katems-aviena-ir-serniena-04-kg\/#primaryimage\",\"url\":\"https:\/\/miumjau.ee\/wp-content\/uploads\/2024\/11\/carnilove-kuivtoit-kassidele5.jpg\",\"contentUrl\":\"https:\/\/miumjau.ee\/wp-content\/uploads\/2024\/11\/carnilove-kuivtoit-kassidele5.jpg\",\"width\":600,\"height\":800},{\"@type\":\"BreadcrumbList\",\"@id\":\"https:\/\/miumjau.ee\/lt\/produktas\/carnilove-sausas-pasaras-katems-aviena-ir-serniena-04-kg\/#breadcrumb\",\"itemListElement\":[{\"@type\":\"ListItem\",\"position\":1,\"name\":\"Home\",\"item\":\"https:\/\/miumjau.ee\/lt\/\"},{\"@type\":\"ListItem\",\"position\":2,\"name\":\"Parduotuv\u0117\",\"item\":\"https:\/\/miumjau.ee\/lt\/parduotuve\/\"},{\"@type\":\"ListItem\",\"position\":3,\"name\":\"Carnilove sausas pa\u0161aras kat\u0117ms, aviena ir \u0161erniena 0,4 kg\"}]},{\"@type\":\"WebSite\",\"@id\":\"https:\/\/miumjau.ee\/#website\",\"url\":\"https:\/\/miumjau.ee\/\",\"name\":\"MiuMjau\",\"description\":\"Kraapimispuud kassidele\",\"publisher\":{\"@id\":\"https:\/\/miumjau.ee\/#organization\"},\"potentialAction\":[{\"@type\":\"SearchAction\",\"target\":{\"@type\":\"EntryPoint\",\"urlTemplate\":\"https:\/\/miumjau.ee\/?s={search_term_string}\"},\"query-input\":{\"@type\":\"PropertyValueSpecification\",\"valueRequired\":true,\"valueName\":\"search_term_string\"}}],\"inLanguage\":\"lt-LT\"},{\"@type\":\"Organization\",\"@id\":\"https:\/\/miumjau.ee\/#organization\",\"name\":\"MiuMjau O\u00dc\",\"url\":\"https:\/\/miumjau.ee\/\",\"logo\":{\"@type\":\"ImageObject\",\"inLanguage\":\"lt-LT\",\"@id\":\"https:\/\/miumjau.ee\/#\/schema\/logo\/image\/\",\"url\":\"https:\/\/miumjau.ee\/wp-content\/uploads\/2022\/04\/MiuMjau-logo-kollane.png\",\"contentUrl\":\"https:\/\/miumjau.ee\/wp-content\/uploads\/2022\/04\/MiuMjau-logo-kollane.png\",\"width\":219,\"height\":100,\"caption\":\"MiuMjau O\u00dc\"},\"image\":{\"@id\":\"https:\/\/miumjau.ee\/#\/schema\/logo\/image\/\"},\"sameAs\":[\"https:\/\/www.facebook.com\/miumjaupood\/\"]}]}<\/script>\n<!-- \/ Yoast SEO plugin. -->","yoast_head_json":{"title":"Carnilove sausas pa\u0161aras kat\u0117ms, aviena ir \u0161erniena 0,4 kg - MiuMjau","robots":{"index":"index","follow":"follow","max-snippet":"max-snippet:-1","max-image-preview":"max-image-preview:large","max-video-preview":"max-video-preview:-1"},"canonical":"https:\/\/miumjau.ee\/lt\/produktas\/carnilove-sausas-pasaras-katems-aviena-ir-serniena-04-kg\/","og_locale":"lt_LT","og_type":"article","og_title":"Carnilove sausas pa\u0161aras kat\u0117ms, aviena ir \u0161erniena 0,4 kg - MiuMjau","og_description":"Gr\u016bd\u0173 ir bulvi\u0173 neturinti recept\u016bra sterilizuotoms kat\u0117ms. Carnilove Aviena &amp; \u0160erniena suaugusioms kat\u0117ms paruo\u0161tas, gerbiant ka\u010di\u0173 nat\u016bral\u0173 mitybos pob\u016bd\u012f. Avienos ir \u0161ernienos m\u0117sa yra lengvai vir\u0161kinami dietiniai baltymai, idealiai tinkantys sterilizuot\u0173 ka\u010di\u0173 gerai fizinei formai palaikyti. Kontroliuojamas mineral\u0173 kiekis palaiko normali\u0105 inkst\u0173 ir \u0161lapimo tak\u0173 funkcij\u0105, o nat\u016bral\u016bs antioksidantai i\u0161 vaisi\u0173 ir \u017eoleli\u0173 turi detoksikuojan\u010di\u0173 ir prie\u0161u\u017edegimini\u0173 savybi\u0173. Sud\u0117tis: \u0161ernienos miltai 35 %, laisvai auginamos avienos miltai 24 %, geltonieji \u017eirniai 19 %, vi\u0161tienos riebalai (konservuoti tokoferoliais) 6 %, obuoliai 4 %, vi\u0161tienos kepenys 3 %, tapijokos krakmolas 3 %, la\u0161i\u0161\u0173 aliejus 2 %, morkos 1 %, lin\u0173 s\u0117menys 1 %, avin\u017eirniai 1 %, hidrolizuoti v\u0117\u017eiagyvi\u0173 kiautai (gliukozamino \u0161altinis) 0,026 %, kremzli\u0173 ekstraktas (chondroitino \u0161altinis) 0,016 %, alaus miel\u0117s (mannan-oligosacharid\u0173 \u0161altinis) 0,016 %, cikorijos \u0161aknis (fruktooligosacharid\u0173 \u0161altinis) 0,012 %, jukos \u0161aknis 0,01 %, dumbliai 0,01 %, arbat\u017eol\u0117 0,01 %, \u010diobreliai 0,01 %, rozmarinas 0,01 %, pu\u0161kel\u0117 0,01 %, spanguol\u0117s 0,0008 %, m\u0117lyn\u0117s 0,0008 %, aviet\u0117s 0,0008 %. Maistini\u0173 med\u017eiag\u0173 papildai \/ 1 kg: A vitaminas (E672) 23 000 TV, D3 vitaminas (E671) 940 TV, E vitaminas (3a700) 650 TV, C vitaminas (E300) 300 mg, taurinas 2 400 mg, cholino chloridas 2 200 mg, L-karnitinas 65 mg, niacinas 45 mg, biotinas 1,8 mg, cinkas (E6) 150 mg, manganas (E5) 55 mg, gele\u017eis (E1) 48 mg, varis (E4) 11 mg, jodas (E2) 3,8 mg, selenas (E8) 0,23 mg, DL-metioninas (3.1.1) 14 mg, argininas (3c3.6.1) 12 mg, L-lizinas (3.2.3) 10 mg. Analitin\u0117 sud\u0117tis \/ 1 kg: \u017eali baltymai 39,0 %, riebalai 14,0 %, \u017ealia l\u0105steliena 4,0 %, \u017eali pelenai 7,8 %, dr\u0117gm\u0117 10,0 %, kalcis 0,8 %, fosforas 0,7 %, natrio kiekis 0,9 %, magnis 0,04 %. Metabolin\u0117 energija: 3 690 kcal\/kg, Omega-3: 0,25 %, Omega-6: 2,30 %","og_url":"https:\/\/miumjau.ee\/lt\/produktas\/carnilove-sausas-pasaras-katems-aviena-ir-serniena-04-kg\/","og_site_name":"MiuMjau","article_publisher":"https:\/\/www.facebook.com\/miumjaupood\/","og_image":[{"width":600,"height":800,"url":"https:\/\/miumjau.ee\/wp-content\/uploads\/2024\/11\/carnilove-kuivtoit-kassidele5.jpg","type":"image\/jpeg"}],"twitter_card":"summary_large_image","schema":{"@context":"https:\/\/schema.org","@graph":[{"@type":"WebPage","@id":"https:\/\/miumjau.ee\/lt\/produktas\/carnilove-sausas-pasaras-katems-aviena-ir-serniena-04-kg\/","url":"https:\/\/miumjau.ee\/lt\/produktas\/carnilove-sausas-pasaras-katems-aviena-ir-serniena-04-kg\/","name":"Carnilove sausas pa\u0161aras kat\u0117ms, aviena ir \u0161erniena 0,4 kg - MiuMjau","isPartOf":{"@id":"https:\/\/miumjau.ee\/#website"},"primaryImageOfPage":{"@id":"https:\/\/miumjau.ee\/lt\/produktas\/carnilove-sausas-pasaras-katems-aviena-ir-serniena-04-kg\/#primaryimage"},"image":{"@id":"https:\/\/miumjau.ee\/lt\/produktas\/carnilove-sausas-pasaras-katems-aviena-ir-serniena-04-kg\/#primaryimage"},"thumbnailUrl":"https:\/\/miumjau.ee\/wp-content\/uploads\/2024\/11\/carnilove-kuivtoit-kassidele5.jpg","datePublished":"2024-11-11T19:31:15+00:00","breadcrumb":{"@id":"https:\/\/miumjau.ee\/lt\/produktas\/carnilove-sausas-pasaras-katems-aviena-ir-serniena-04-kg\/#breadcrumb"},"inLanguage":"lt-LT","potentialAction":[{"@type":"ReadAction","target":["https:\/\/miumjau.ee\/lt\/produktas\/carnilove-sausas-pasaras-katems-aviena-ir-serniena-04-kg\/"]}]},{"@type":"ImageObject","inLanguage":"lt-LT","@id":"https:\/\/miumjau.ee\/lt\/produktas\/carnilove-sausas-pasaras-katems-aviena-ir-serniena-04-kg\/#primaryimage","url":"https:\/\/miumjau.ee\/wp-content\/uploads\/2024\/11\/carnilove-kuivtoit-kassidele5.jpg","contentUrl":"https:\/\/miumjau.ee\/wp-content\/uploads\/2024\/11\/carnilove-kuivtoit-kassidele5.jpg","width":600,"height":800},{"@type":"BreadcrumbList","@id":"https:\/\/miumjau.ee\/lt\/produktas\/carnilove-sausas-pasaras-katems-aviena-ir-serniena-04-kg\/#breadcrumb","itemListElement":[{"@type":"ListItem","position":1,"name":"Home","item":"https:\/\/miumjau.ee\/lt\/"},{"@type":"ListItem","position":2,"name":"Parduotuv\u0117","item":"https:\/\/miumjau.ee\/lt\/parduotuve\/"},{"@type":"ListItem","position":3,"name":"Carnilove sausas pa\u0161aras kat\u0117ms, aviena ir \u0161erniena 0,4 kg"}]},{"@type":"WebSite","@id":"https:\/\/miumjau.ee\/#website","url":"https:\/\/miumjau.ee\/","name":"MiuMjau","description":"Kraapimispuud kassidele","publisher":{"@id":"https:\/\/miumjau.ee\/#organization"},"potentialAction":[{"@type":"SearchAction","target":{"@type":"EntryPoint","urlTemplate":"https:\/\/miumjau.ee\/?s={search_term_string}"},"query-input":{"@type":"PropertyValueSpecification","valueRequired":true,"valueName":"search_term_string"}}],"inLanguage":"lt-LT"},{"@type":"Organization","@id":"https:\/\/miumjau.ee\/#organization","name":"MiuMjau O\u00dc","url":"https:\/\/miumjau.ee\/","logo":{"@type":"ImageObject","inLanguage":"lt-LT","@id":"https:\/\/miumjau.ee\/#\/schema\/logo\/image\/","url":"https:\/\/miumjau.ee\/wp-content\/uploads\/2022\/04\/MiuMjau-logo-kollane.png","contentUrl":"https:\/\/miumjau.ee\/wp-content\/uploads\/2022\/04\/MiuMjau-logo-kollane.png","width":219,"height":100,"caption":"MiuMjau O\u00dc"},"image":{"@id":"https:\/\/miumjau.ee\/#\/schema\/logo\/image\/"},"sameAs":["https:\/\/www.facebook.com\/miumjaupood\/"]}]}},"_links":{"self":[{"href":"https:\/\/miumjau.ee\/lt\/wp-json\/wp\/v2\/product\/52077","targetHints":{"allow":["GET"]}}],"collection":[{"href":"https:\/\/miumjau.ee\/lt\/wp-json\/wp\/v2\/product"}],"about":[{"href":"https:\/\/miumjau.ee\/lt\/wp-json\/wp\/v2\/types\/product"}],"wp:featuredmedia":[{"embeddable":true,"href":"https:\/\/miumjau.ee\/lt\/wp-json\/wp\/v2\/media\/52078"}],"wp:attachment":[{"href":"https:\/\/miumjau.ee\/lt\/wp-json\/wp\/v2\/media?parent=52077"}],"wp:term":[{"taxonomy":"product_brand","embeddable":true,"href":"https:\/\/miumjau.ee\/lt\/wp-json\/wp\/v2\/product_brand?post=52077"},{"taxonomy":"product_cat","embeddable":true,"href":"https:\/\/miumjau.ee\/lt\/wp-json\/wp\/v2\/product_cat?post=52077"},{"taxonomy":"product_tag","embeddable":true,"href":"https:\/\/miumjau.ee\/lt\/wp-json\/wp\/v2\/product_tag?post=52077"}],"curies":[{"name":"wp","href":"https:\/\/api.w.org\/{rel}","templated":true}]}}