{"id":52068,"date":"2024-11-11T21:49:27","date_gmt":"2024-11-11T19:49:27","guid":{"rendered":"https:\/\/miumjau.ee\/toode\/carnilove-sausas-pasaras-kaciukams-su-lasisa-ir-kalakutu-6-kg\/"},"modified":"2024-11-11T21:49:27","modified_gmt":"2024-11-11T19:49:27","slug":"carnilove-sausas-pasaras-kaciukams-su-lasisa-ir-kalakutu-6-kg","status":"publish","type":"product","link":"https:\/\/miumjau.ee\/lt\/produktas\/carnilove-sausas-pasaras-kaciukams-su-lasisa-ir-kalakutu-6-kg\/","title":{"rendered":"Carnilove sausas pa\u0161aras ka\u010diukams su la\u0161i\u0161a ir kalakutu 6 kg"},"content":{"rendered":"","protected":false},"excerpt":{"rendered":"<p data-start=\"2232\" data-end=\"2306\">Gr\u016bd\u0173 ir bulvi\u0173 neturinti recept\u016bra ka\u010diukams. Pilnavertis pa\u0161aras kat\u0117ms.<\/p>\n<p data-start=\"2308\" data-end=\"2915\">Ka\u010diukams ypa\u010d svarbu pasirinkti pa\u0161ar\u0105, turting\u0105 kokybi\u0161kais baltymais, riebalais, vitaminais ir gyvybi\u0161kai svarbiomis maistin\u0117mis med\u017eiagomis, kad b\u016bt\u0173 u\u017etikrintas sveikas augimas ir optimalus k\u016bno vystymasis. Carnilove La\u0161i\u0161a &amp; Kalakutas ka\u010diukams paruo\u0161tas gerbiant ka\u010di\u0173 nat\u016bral\u0173 mitybos pob\u016bd\u012f. Recept\u016bra pagr\u012fsta la\u0161i\u0161os ir kalakuto m\u0117sa, kuri yra nepakei\u010diam\u0173 amino r\u016bg\u0161\u010di\u0173 \u0161altinis. Kartu su mi\u0161ko uogomis, dar\u017eov\u0117mis ir \u017eolel\u0117mis u\u017etikrina ka\u010diukams b\u016btinas maistines med\u017eiagas, vitaminus, mineralus ir antioksidantus, padedant tinkamai vystytis kaulams, raumenims ir nat\u016braliai imuninei sistemai.<\/p>\n<p data-start=\"2917\" data-end=\"3614\"><strong data-start=\"2917\" data-end=\"2929\">Sud\u0117tis:<\/strong> la\u0161i\u0161os miltai 25 %, kalakuto miltai 24 %, geltonieji \u017eirniai 18 %, vi\u0161tienos riebalai (konservuoti tokoferoliais) 11 %, hidrolizuoti vi\u0161tienos baltymai 9 %, vi\u0161tienos kepenys 3 %, la\u0161i\u0161\u0173 aliejus 3 %, tapijokos krakmolas 2 %, obuoliai 1 %, morkos 1 %, lin\u0173 s\u0117menys 1 %, avin\u017eirniai 1 %, hidrolizuoti v\u0117\u017eiagyvi\u0173 kiautai (gliukozamino \u0161altinis) 0,028 %, kremzli\u0173 ekstraktas (chondroitino \u0161altinis) 0,017 %, alaus miel\u0117s (mannan-oligosacharid\u0173 \u0161altinis) 0,017 %, cikorijos \u0161aknis (fruktooligosacharid\u0173 \u0161altinis) 0,014 %, jukos \u0161aknis 0,01 %, dumbliai 0,01 %, arbat\u017eol\u0117 0,01 %, \u010diobreliai 0,01 %, rozmarinas 0,01 %, pu\u0161kel\u0117 0,01 %, spanguol\u0117s 0,0008 %, m\u0117lyn\u0117s 0,0008 %, aviet\u0117s 0,0008 %.<\/p>\n<p data-start=\"3616\" data-end=\"4071\"><strong data-start=\"3616\" data-end=\"3655\">Maistini\u0173 med\u017eiag\u0173 papildai \/ 1 kg:<\/strong> A vitaminas (E672) 25 000 TV, D3 vitaminas (E671) 1 000 TV, E vitaminas (3a700) 750 TV, C vitaminas (E300) 350 mg, taurinas 2 500 mg, cholino chloridas 2 300 mg, L-karnitinas 70 mg, niacinas 50 mg, biotinas 2,0 mg, cinkas (E6) 160 mg, manganas (E5) 60 mg, gele\u017eis (E1) 50 mg, varis (E4) 12 mg, jodas (E2) 4,0 mg, selenas (E8) 0,25 mg, DL-metioninas (3.1.1) 15 mg, argininas (3c3.6.1) 13 mg, L-lizinas (3.2.3) 11 mg.<\/p>\n<p data-start=\"4073\" data-end=\"4266\"><strong data-start=\"4073\" data-end=\"4102\">Analitin\u0117 sud\u0117tis \/ 1 kg:<\/strong> \u017eali baltymai 40,0 %, riebalai 20,0 %, \u017ealia l\u0105steliena 2,0 %, \u017eali pelenai 7,5 %, dr\u0117gm\u0117 10,0 %, kalcis 1,3 %, fosforas 1,0 %, natrio kiekis 0,5 %, magnis 0,08 %.<\/p>\n<p data-start=\"4268\" data-end=\"4340\" data-is-last-node=\"\" data-is-only-node=\"\"><strong data-start=\"4268\" data-end=\"4292\">Metabolin\u0117 energija:<\/strong> 4 150 kcal\/kg, Omega-3: 0,60 %, Omega-6: 2,70 %<\/p>\n","protected":false},"featured_media":52069,"template":"","meta":[],"product_brand":[],"product_cat":[528],"product_tag":[],"class_list":{"0":"post-52068","1":"product","2":"type-product","3":"status-publish","4":"has-post-thumbnail","6":"product_cat-sausas-maistas","8":"first","9":"instock","10":"sale","11":"taxable","12":"shipping-taxable","13":"purchasable","14":"product-type-simple"},"yoast_head":"<!-- This site is optimized with the Yoast SEO plugin v27.2 - https:\/\/yoast.com\/product\/yoast-seo-wordpress\/ -->\n<title>Carnilove sausas pa\u0161aras ka\u010diukams su la\u0161i\u0161a ir kalakutu 6 kg - MiuMjau<\/title>\n<meta name=\"robots\" content=\"index, follow, max-snippet:-1, max-image-preview:large, max-video-preview:-1\" \/>\n<link rel=\"canonical\" href=\"https:\/\/miumjau.ee\/lt\/produktas\/carnilove-sausas-pasaras-kaciukams-su-lasisa-ir-kalakutu-6-kg\/\" \/>\n<meta property=\"og:locale\" content=\"lt_LT\" \/>\n<meta property=\"og:type\" content=\"article\" \/>\n<meta property=\"og:title\" content=\"Carnilove sausas pa\u0161aras ka\u010diukams su la\u0161i\u0161a ir kalakutu 6 kg - MiuMjau\" \/>\n<meta property=\"og:description\" content=\"Gr\u016bd\u0173 ir bulvi\u0173 neturinti recept\u016bra ka\u010diukams. Pilnavertis pa\u0161aras kat\u0117ms. Ka\u010diukams ypa\u010d svarbu pasirinkti pa\u0161ar\u0105, turting\u0105 kokybi\u0161kais baltymais, riebalais, vitaminais ir gyvybi\u0161kai svarbiomis maistin\u0117mis med\u017eiagomis, kad b\u016bt\u0173 u\u017etikrintas sveikas augimas ir optimalus k\u016bno vystymasis. Carnilove La\u0161i\u0161a &amp; Kalakutas ka\u010diukams paruo\u0161tas gerbiant ka\u010di\u0173 nat\u016bral\u0173 mitybos pob\u016bd\u012f. Recept\u016bra pagr\u012fsta la\u0161i\u0161os ir kalakuto m\u0117sa, kuri yra nepakei\u010diam\u0173 amino r\u016bg\u0161\u010di\u0173 \u0161altinis. Kartu su mi\u0161ko uogomis, dar\u017eov\u0117mis ir \u017eolel\u0117mis u\u017etikrina ka\u010diukams b\u016btinas maistines med\u017eiagas, vitaminus, mineralus ir antioksidantus, padedant tinkamai vystytis kaulams, raumenims ir nat\u016braliai imuninei sistemai. Sud\u0117tis: la\u0161i\u0161os miltai 25 %, kalakuto miltai 24 %, geltonieji \u017eirniai 18 %, vi\u0161tienos riebalai (konservuoti tokoferoliais) 11 %, hidrolizuoti vi\u0161tienos baltymai 9 %, vi\u0161tienos kepenys 3 %, la\u0161i\u0161\u0173 aliejus 3 %, tapijokos krakmolas 2 %, obuoliai 1 %, morkos 1 %, lin\u0173 s\u0117menys 1 %, avin\u017eirniai 1 %, hidrolizuoti v\u0117\u017eiagyvi\u0173 kiautai (gliukozamino \u0161altinis) 0,028 %, kremzli\u0173 ekstraktas (chondroitino \u0161altinis) 0,017 %, alaus miel\u0117s (mannan-oligosacharid\u0173 \u0161altinis) 0,017 %, cikorijos \u0161aknis (fruktooligosacharid\u0173 \u0161altinis) 0,014 %, jukos \u0161aknis 0,01 %, dumbliai 0,01 %, arbat\u017eol\u0117 0,01 %, \u010diobreliai 0,01 %, rozmarinas 0,01 %, pu\u0161kel\u0117 0,01 %, spanguol\u0117s 0,0008 %, m\u0117lyn\u0117s 0,0008 %, aviet\u0117s 0,0008 %. Maistini\u0173 med\u017eiag\u0173 papildai \/ 1 kg: A vitaminas (E672) 25 000 TV, D3 vitaminas (E671) 1 000 TV, E vitaminas (3a700) 750 TV, C vitaminas (E300) 350 mg, taurinas 2 500 mg, cholino chloridas 2 300 mg, L-karnitinas 70 mg, niacinas 50 mg, biotinas 2,0 mg, cinkas (E6) 160 mg, manganas (E5) 60 mg, gele\u017eis (E1) 50 mg, varis (E4) 12 mg, jodas (E2) 4,0 mg, selenas (E8) 0,25 mg, DL-metioninas (3.1.1) 15 mg, argininas (3c3.6.1) 13 mg, L-lizinas (3.2.3) 11 mg. Analitin\u0117 sud\u0117tis \/ 1 kg: \u017eali baltymai 40,0 %, riebalai 20,0 %, \u017ealia l\u0105steliena 2,0 %, \u017eali pelenai 7,5 %, dr\u0117gm\u0117 10,0 %, kalcis 1,3 %, fosforas 1,0 %, natrio kiekis 0,5 %, magnis 0,08 %. Metabolin\u0117 energija: 4 150 kcal\/kg, Omega-3: 0,60 %, Omega-6: 2,70 %\" \/>\n<meta property=\"og:url\" content=\"https:\/\/miumjau.ee\/lt\/produktas\/carnilove-sausas-pasaras-kaciukams-su-lasisa-ir-kalakutu-6-kg\/\" \/>\n<meta property=\"og:site_name\" content=\"MiuMjau\" \/>\n<meta property=\"article:publisher\" content=\"https:\/\/www.facebook.com\/miumjaupood\/\" \/>\n<meta property=\"og:image\" content=\"https:\/\/miumjau.ee\/wp-content\/uploads\/2024\/11\/carnilove-kuivtoit-kassidele8.jpg\" \/>\n\t<meta property=\"og:image:width\" content=\"600\" \/>\n\t<meta property=\"og:image:height\" content=\"800\" \/>\n\t<meta property=\"og:image:type\" content=\"image\/jpeg\" \/>\n<meta name=\"twitter:card\" content=\"summary_large_image\" \/>\n<script type=\"application\/ld+json\" class=\"yoast-schema-graph\">{\"@context\":\"https:\/\/schema.org\",\"@graph\":[{\"@type\":\"WebPage\",\"@id\":\"https:\/\/miumjau.ee\/lt\/produktas\/carnilove-sausas-pasaras-kaciukams-su-lasisa-ir-kalakutu-6-kg\/\",\"url\":\"https:\/\/miumjau.ee\/lt\/produktas\/carnilove-sausas-pasaras-kaciukams-su-lasisa-ir-kalakutu-6-kg\/\",\"name\":\"Carnilove sausas pa\u0161aras ka\u010diukams su la\u0161i\u0161a ir kalakutu 6 kg - MiuMjau\",\"isPartOf\":{\"@id\":\"https:\/\/miumjau.ee\/#website\"},\"primaryImageOfPage\":{\"@id\":\"https:\/\/miumjau.ee\/lt\/produktas\/carnilove-sausas-pasaras-kaciukams-su-lasisa-ir-kalakutu-6-kg\/#primaryimage\"},\"image\":{\"@id\":\"https:\/\/miumjau.ee\/lt\/produktas\/carnilove-sausas-pasaras-kaciukams-su-lasisa-ir-kalakutu-6-kg\/#primaryimage\"},\"thumbnailUrl\":\"https:\/\/miumjau.ee\/wp-content\/uploads\/2024\/11\/carnilove-kuivtoit-kassidele8.jpg\",\"datePublished\":\"2024-11-11T19:49:27+00:00\",\"breadcrumb\":{\"@id\":\"https:\/\/miumjau.ee\/lt\/produktas\/carnilove-sausas-pasaras-kaciukams-su-lasisa-ir-kalakutu-6-kg\/#breadcrumb\"},\"inLanguage\":\"lt-LT\",\"potentialAction\":[{\"@type\":\"ReadAction\",\"target\":[\"https:\/\/miumjau.ee\/lt\/produktas\/carnilove-sausas-pasaras-kaciukams-su-lasisa-ir-kalakutu-6-kg\/\"]}]},{\"@type\":\"ImageObject\",\"inLanguage\":\"lt-LT\",\"@id\":\"https:\/\/miumjau.ee\/lt\/produktas\/carnilove-sausas-pasaras-kaciukams-su-lasisa-ir-kalakutu-6-kg\/#primaryimage\",\"url\":\"https:\/\/miumjau.ee\/wp-content\/uploads\/2024\/11\/carnilove-kuivtoit-kassidele8.jpg\",\"contentUrl\":\"https:\/\/miumjau.ee\/wp-content\/uploads\/2024\/11\/carnilove-kuivtoit-kassidele8.jpg\",\"width\":600,\"height\":800},{\"@type\":\"BreadcrumbList\",\"@id\":\"https:\/\/miumjau.ee\/lt\/produktas\/carnilove-sausas-pasaras-kaciukams-su-lasisa-ir-kalakutu-6-kg\/#breadcrumb\",\"itemListElement\":[{\"@type\":\"ListItem\",\"position\":1,\"name\":\"Home\",\"item\":\"https:\/\/miumjau.ee\/lt\/\"},{\"@type\":\"ListItem\",\"position\":2,\"name\":\"Parduotuv\u0117\",\"item\":\"https:\/\/miumjau.ee\/lt\/parduotuve\/\"},{\"@type\":\"ListItem\",\"position\":3,\"name\":\"Carnilove sausas pa\u0161aras ka\u010diukams su la\u0161i\u0161a ir kalakutu 6 kg\"}]},{\"@type\":\"WebSite\",\"@id\":\"https:\/\/miumjau.ee\/#website\",\"url\":\"https:\/\/miumjau.ee\/\",\"name\":\"MiuMjau\",\"description\":\"Kraapimispuud kassidele\",\"publisher\":{\"@id\":\"https:\/\/miumjau.ee\/#organization\"},\"potentialAction\":[{\"@type\":\"SearchAction\",\"target\":{\"@type\":\"EntryPoint\",\"urlTemplate\":\"https:\/\/miumjau.ee\/?s={search_term_string}\"},\"query-input\":{\"@type\":\"PropertyValueSpecification\",\"valueRequired\":true,\"valueName\":\"search_term_string\"}}],\"inLanguage\":\"lt-LT\"},{\"@type\":\"Organization\",\"@id\":\"https:\/\/miumjau.ee\/#organization\",\"name\":\"MiuMjau O\u00dc\",\"url\":\"https:\/\/miumjau.ee\/\",\"logo\":{\"@type\":\"ImageObject\",\"inLanguage\":\"lt-LT\",\"@id\":\"https:\/\/miumjau.ee\/#\/schema\/logo\/image\/\",\"url\":\"https:\/\/miumjau.ee\/wp-content\/uploads\/2022\/04\/MiuMjau-logo-kollane.png\",\"contentUrl\":\"https:\/\/miumjau.ee\/wp-content\/uploads\/2022\/04\/MiuMjau-logo-kollane.png\",\"width\":219,\"height\":100,\"caption\":\"MiuMjau O\u00dc\"},\"image\":{\"@id\":\"https:\/\/miumjau.ee\/#\/schema\/logo\/image\/\"},\"sameAs\":[\"https:\/\/www.facebook.com\/miumjaupood\/\"]}]}<\/script>\n<!-- \/ Yoast SEO plugin. -->","yoast_head_json":{"title":"Carnilove sausas pa\u0161aras ka\u010diukams su la\u0161i\u0161a ir kalakutu 6 kg - MiuMjau","robots":{"index":"index","follow":"follow","max-snippet":"max-snippet:-1","max-image-preview":"max-image-preview:large","max-video-preview":"max-video-preview:-1"},"canonical":"https:\/\/miumjau.ee\/lt\/produktas\/carnilove-sausas-pasaras-kaciukams-su-lasisa-ir-kalakutu-6-kg\/","og_locale":"lt_LT","og_type":"article","og_title":"Carnilove sausas pa\u0161aras ka\u010diukams su la\u0161i\u0161a ir kalakutu 6 kg - MiuMjau","og_description":"Gr\u016bd\u0173 ir bulvi\u0173 neturinti recept\u016bra ka\u010diukams. Pilnavertis pa\u0161aras kat\u0117ms. Ka\u010diukams ypa\u010d svarbu pasirinkti pa\u0161ar\u0105, turting\u0105 kokybi\u0161kais baltymais, riebalais, vitaminais ir gyvybi\u0161kai svarbiomis maistin\u0117mis med\u017eiagomis, kad b\u016bt\u0173 u\u017etikrintas sveikas augimas ir optimalus k\u016bno vystymasis. Carnilove La\u0161i\u0161a &amp; Kalakutas ka\u010diukams paruo\u0161tas gerbiant ka\u010di\u0173 nat\u016bral\u0173 mitybos pob\u016bd\u012f. Recept\u016bra pagr\u012fsta la\u0161i\u0161os ir kalakuto m\u0117sa, kuri yra nepakei\u010diam\u0173 amino r\u016bg\u0161\u010di\u0173 \u0161altinis. Kartu su mi\u0161ko uogomis, dar\u017eov\u0117mis ir \u017eolel\u0117mis u\u017etikrina ka\u010diukams b\u016btinas maistines med\u017eiagas, vitaminus, mineralus ir antioksidantus, padedant tinkamai vystytis kaulams, raumenims ir nat\u016braliai imuninei sistemai. Sud\u0117tis: la\u0161i\u0161os miltai 25 %, kalakuto miltai 24 %, geltonieji \u017eirniai 18 %, vi\u0161tienos riebalai (konservuoti tokoferoliais) 11 %, hidrolizuoti vi\u0161tienos baltymai 9 %, vi\u0161tienos kepenys 3 %, la\u0161i\u0161\u0173 aliejus 3 %, tapijokos krakmolas 2 %, obuoliai 1 %, morkos 1 %, lin\u0173 s\u0117menys 1 %, avin\u017eirniai 1 %, hidrolizuoti v\u0117\u017eiagyvi\u0173 kiautai (gliukozamino \u0161altinis) 0,028 %, kremzli\u0173 ekstraktas (chondroitino \u0161altinis) 0,017 %, alaus miel\u0117s (mannan-oligosacharid\u0173 \u0161altinis) 0,017 %, cikorijos \u0161aknis (fruktooligosacharid\u0173 \u0161altinis) 0,014 %, jukos \u0161aknis 0,01 %, dumbliai 0,01 %, arbat\u017eol\u0117 0,01 %, \u010diobreliai 0,01 %, rozmarinas 0,01 %, pu\u0161kel\u0117 0,01 %, spanguol\u0117s 0,0008 %, m\u0117lyn\u0117s 0,0008 %, aviet\u0117s 0,0008 %. Maistini\u0173 med\u017eiag\u0173 papildai \/ 1 kg: A vitaminas (E672) 25 000 TV, D3 vitaminas (E671) 1 000 TV, E vitaminas (3a700) 750 TV, C vitaminas (E300) 350 mg, taurinas 2 500 mg, cholino chloridas 2 300 mg, L-karnitinas 70 mg, niacinas 50 mg, biotinas 2,0 mg, cinkas (E6) 160 mg, manganas (E5) 60 mg, gele\u017eis (E1) 50 mg, varis (E4) 12 mg, jodas (E2) 4,0 mg, selenas (E8) 0,25 mg, DL-metioninas (3.1.1) 15 mg, argininas (3c3.6.1) 13 mg, L-lizinas (3.2.3) 11 mg. Analitin\u0117 sud\u0117tis \/ 1 kg: \u017eali baltymai 40,0 %, riebalai 20,0 %, \u017ealia l\u0105steliena 2,0 %, \u017eali pelenai 7,5 %, dr\u0117gm\u0117 10,0 %, kalcis 1,3 %, fosforas 1,0 %, natrio kiekis 0,5 %, magnis 0,08 %. Metabolin\u0117 energija: 4 150 kcal\/kg, Omega-3: 0,60 %, Omega-6: 2,70 %","og_url":"https:\/\/miumjau.ee\/lt\/produktas\/carnilove-sausas-pasaras-kaciukams-su-lasisa-ir-kalakutu-6-kg\/","og_site_name":"MiuMjau","article_publisher":"https:\/\/www.facebook.com\/miumjaupood\/","og_image":[{"width":600,"height":800,"url":"https:\/\/miumjau.ee\/wp-content\/uploads\/2024\/11\/carnilove-kuivtoit-kassidele8.jpg","type":"image\/jpeg"}],"twitter_card":"summary_large_image","schema":{"@context":"https:\/\/schema.org","@graph":[{"@type":"WebPage","@id":"https:\/\/miumjau.ee\/lt\/produktas\/carnilove-sausas-pasaras-kaciukams-su-lasisa-ir-kalakutu-6-kg\/","url":"https:\/\/miumjau.ee\/lt\/produktas\/carnilove-sausas-pasaras-kaciukams-su-lasisa-ir-kalakutu-6-kg\/","name":"Carnilove sausas pa\u0161aras ka\u010diukams su la\u0161i\u0161a ir kalakutu 6 kg - MiuMjau","isPartOf":{"@id":"https:\/\/miumjau.ee\/#website"},"primaryImageOfPage":{"@id":"https:\/\/miumjau.ee\/lt\/produktas\/carnilove-sausas-pasaras-kaciukams-su-lasisa-ir-kalakutu-6-kg\/#primaryimage"},"image":{"@id":"https:\/\/miumjau.ee\/lt\/produktas\/carnilove-sausas-pasaras-kaciukams-su-lasisa-ir-kalakutu-6-kg\/#primaryimage"},"thumbnailUrl":"https:\/\/miumjau.ee\/wp-content\/uploads\/2024\/11\/carnilove-kuivtoit-kassidele8.jpg","datePublished":"2024-11-11T19:49:27+00:00","breadcrumb":{"@id":"https:\/\/miumjau.ee\/lt\/produktas\/carnilove-sausas-pasaras-kaciukams-su-lasisa-ir-kalakutu-6-kg\/#breadcrumb"},"inLanguage":"lt-LT","potentialAction":[{"@type":"ReadAction","target":["https:\/\/miumjau.ee\/lt\/produktas\/carnilove-sausas-pasaras-kaciukams-su-lasisa-ir-kalakutu-6-kg\/"]}]},{"@type":"ImageObject","inLanguage":"lt-LT","@id":"https:\/\/miumjau.ee\/lt\/produktas\/carnilove-sausas-pasaras-kaciukams-su-lasisa-ir-kalakutu-6-kg\/#primaryimage","url":"https:\/\/miumjau.ee\/wp-content\/uploads\/2024\/11\/carnilove-kuivtoit-kassidele8.jpg","contentUrl":"https:\/\/miumjau.ee\/wp-content\/uploads\/2024\/11\/carnilove-kuivtoit-kassidele8.jpg","width":600,"height":800},{"@type":"BreadcrumbList","@id":"https:\/\/miumjau.ee\/lt\/produktas\/carnilove-sausas-pasaras-kaciukams-su-lasisa-ir-kalakutu-6-kg\/#breadcrumb","itemListElement":[{"@type":"ListItem","position":1,"name":"Home","item":"https:\/\/miumjau.ee\/lt\/"},{"@type":"ListItem","position":2,"name":"Parduotuv\u0117","item":"https:\/\/miumjau.ee\/lt\/parduotuve\/"},{"@type":"ListItem","position":3,"name":"Carnilove sausas pa\u0161aras ka\u010diukams su la\u0161i\u0161a ir kalakutu 6 kg"}]},{"@type":"WebSite","@id":"https:\/\/miumjau.ee\/#website","url":"https:\/\/miumjau.ee\/","name":"MiuMjau","description":"Kraapimispuud kassidele","publisher":{"@id":"https:\/\/miumjau.ee\/#organization"},"potentialAction":[{"@type":"SearchAction","target":{"@type":"EntryPoint","urlTemplate":"https:\/\/miumjau.ee\/?s={search_term_string}"},"query-input":{"@type":"PropertyValueSpecification","valueRequired":true,"valueName":"search_term_string"}}],"inLanguage":"lt-LT"},{"@type":"Organization","@id":"https:\/\/miumjau.ee\/#organization","name":"MiuMjau O\u00dc","url":"https:\/\/miumjau.ee\/","logo":{"@type":"ImageObject","inLanguage":"lt-LT","@id":"https:\/\/miumjau.ee\/#\/schema\/logo\/image\/","url":"https:\/\/miumjau.ee\/wp-content\/uploads\/2022\/04\/MiuMjau-logo-kollane.png","contentUrl":"https:\/\/miumjau.ee\/wp-content\/uploads\/2022\/04\/MiuMjau-logo-kollane.png","width":219,"height":100,"caption":"MiuMjau O\u00dc"},"image":{"@id":"https:\/\/miumjau.ee\/#\/schema\/logo\/image\/"},"sameAs":["https:\/\/www.facebook.com\/miumjaupood\/"]}]}},"_links":{"self":[{"href":"https:\/\/miumjau.ee\/lt\/wp-json\/wp\/v2\/product\/52068","targetHints":{"allow":["GET"]}}],"collection":[{"href":"https:\/\/miumjau.ee\/lt\/wp-json\/wp\/v2\/product"}],"about":[{"href":"https:\/\/miumjau.ee\/lt\/wp-json\/wp\/v2\/types\/product"}],"wp:featuredmedia":[{"embeddable":true,"href":"https:\/\/miumjau.ee\/lt\/wp-json\/wp\/v2\/media\/52069"}],"wp:attachment":[{"href":"https:\/\/miumjau.ee\/lt\/wp-json\/wp\/v2\/media?parent=52068"}],"wp:term":[{"taxonomy":"product_brand","embeddable":true,"href":"https:\/\/miumjau.ee\/lt\/wp-json\/wp\/v2\/product_brand?post=52068"},{"taxonomy":"product_cat","embeddable":true,"href":"https:\/\/miumjau.ee\/lt\/wp-json\/wp\/v2\/product_cat?post=52068"},{"taxonomy":"product_tag","embeddable":true,"href":"https:\/\/miumjau.ee\/lt\/wp-json\/wp\/v2\/product_tag?post=52068"}],"curies":[{"name":"wp","href":"https:\/\/api.w.org\/{rel}","templated":true}]}}