{"id":52053,"date":"2025-01-29T11:53:25","date_gmt":"2025-01-29T09:53:25","guid":{"rendered":"https:\/\/miumjau.ee\/toode\/carnilove-skanestas-katems-su-sardinemis-ir-petrazolemis-50-g\/"},"modified":"2025-01-29T11:53:25","modified_gmt":"2025-01-29T09:53:25","slug":"carnilove-skanestas-katems-su-sardinemis-ir-petrazolemis-50-g","status":"publish","type":"product","link":"https:\/\/miumjau.ee\/lt\/produktas\/carnilove-skanestas-katems-su-sardinemis-ir-petrazolemis-50-g\/","title":{"rendered":"Carnilove skan\u0117stas kat\u0117ms su sardin\u0117mis ir petra\u017eol\u0117mis 50 g"},"content":{"rendered":"","protected":false},"excerpt":{"rendered":"<p data-start=\"751\" data-end=\"836\">Skan\u0117stas su sardin\u0117mis, tinkamas visoms kat\u0117ms. Su petra\u017eol\u0117mis sveikam vir\u0161kinimui.<\/p>\n<p data-start=\"838\" data-end=\"1011\"><strong data-start=\"838\" data-end=\"850\">Sud\u0117tis:<\/strong> 40 % d\u017eiovintos sardin\u0117s, geltonieji \u017eirniai, skystas augalinis krakmolas, sardini\u0173 pada\u017eas, pauk\u0161\u010di\u0173 kepen\u0173 pada\u017eas, kolagenas, 1 % petra\u017eol\u0117s, la\u0161i\u0161\u0173 aliejus.<\/p>\n<p data-start=\"1013\" data-end=\"1253\"><strong data-start=\"1013\" data-end=\"1035\">Analitin\u0117 sud\u0117tis:<\/strong> \u017eali baltymai 33,0 %, riebalai 5,0 %, dr\u0117gm\u0117 17,0 %, \u017eali pelenai 8,0 %, \u017ealia l\u0105steliena 1,0 %, kalcis 0,8 %, fosforas 0,7 %, omega-3 0,4 %, omega-6 0,5 %. Nat\u016bral\u016bs konservantai: citrin\u0173 r\u016bg\u0161tis, DL obuoli\u0173 r\u016bg\u0161tis.<\/p>\n<p data-start=\"1255\" data-end=\"1292\" data-is-last-node=\"\" data-is-only-node=\"\"><strong data-start=\"1255\" data-end=\"1279\">Metabolin\u0117 energija:<\/strong> 3360 kcal\/kg<\/p>\n","protected":false},"featured_media":52054,"template":"","meta":[],"product_brand":[],"product_cat":[527],"product_tag":[],"class_list":{"0":"post-52053","1":"product","2":"type-product","3":"status-publish","4":"has-post-thumbnail","6":"product_cat-skanestai","8":"first","9":"instock","10":"taxable","11":"shipping-taxable","12":"purchasable","13":"product-type-simple"},"yoast_head":"<!-- This site is optimized with the Yoast SEO plugin v27.2 - https:\/\/yoast.com\/product\/yoast-seo-wordpress\/ -->\n<title>Carnilove skan\u0117stas kat\u0117ms su sardin\u0117mis ir petra\u017eol\u0117mis 50 g - MiuMjau<\/title>\n<meta name=\"robots\" content=\"index, follow, max-snippet:-1, max-image-preview:large, max-video-preview:-1\" \/>\n<link rel=\"canonical\" href=\"https:\/\/miumjau.ee\/lt\/produktas\/carnilove-skanestas-katems-su-sardinemis-ir-petrazolemis-50-g\/\" \/>\n<meta property=\"og:locale\" content=\"lt_LT\" \/>\n<meta property=\"og:type\" content=\"article\" \/>\n<meta property=\"og:title\" content=\"Carnilove skan\u0117stas kat\u0117ms su sardin\u0117mis ir petra\u017eol\u0117mis 50 g - MiuMjau\" \/>\n<meta property=\"og:description\" content=\"Skan\u0117stas su sardin\u0117mis, tinkamas visoms kat\u0117ms. Su petra\u017eol\u0117mis sveikam vir\u0161kinimui. Sud\u0117tis: 40 % d\u017eiovintos sardin\u0117s, geltonieji \u017eirniai, skystas augalinis krakmolas, sardini\u0173 pada\u017eas, pauk\u0161\u010di\u0173 kepen\u0173 pada\u017eas, kolagenas, 1 % petra\u017eol\u0117s, la\u0161i\u0161\u0173 aliejus. Analitin\u0117 sud\u0117tis: \u017eali baltymai 33,0 %, riebalai 5,0 %, dr\u0117gm\u0117 17,0 %, \u017eali pelenai 8,0 %, \u017ealia l\u0105steliena 1,0 %, kalcis 0,8 %, fosforas 0,7 %, omega-3 0,4 %, omega-6 0,5 %. Nat\u016bral\u016bs konservantai: citrin\u0173 r\u016bg\u0161tis, DL obuoli\u0173 r\u016bg\u0161tis. Metabolin\u0117 energija: 3360 kcal\/kg\" \/>\n<meta property=\"og:url\" content=\"https:\/\/miumjau.ee\/lt\/produktas\/carnilove-skanestas-katems-su-sardinemis-ir-petrazolemis-50-g\/\" \/>\n<meta property=\"og:site_name\" content=\"MiuMjau\" \/>\n<meta property=\"article:publisher\" content=\"https:\/\/www.facebook.com\/miumjaupood\/\" \/>\n<meta property=\"og:image\" content=\"https:\/\/miumjau.ee\/wp-content\/uploads\/2025\/01\/carnilove-maius-kassile-petersell-sardiin-50g.jpg\" \/>\n\t<meta property=\"og:image:width\" content=\"600\" \/>\n\t<meta property=\"og:image:height\" content=\"800\" \/>\n\t<meta property=\"og:image:type\" content=\"image\/jpeg\" \/>\n<meta name=\"twitter:card\" content=\"summary_large_image\" \/>\n<script type=\"application\/ld+json\" class=\"yoast-schema-graph\">{\"@context\":\"https:\/\/schema.org\",\"@graph\":[{\"@type\":\"WebPage\",\"@id\":\"https:\/\/miumjau.ee\/lt\/produktas\/carnilove-skanestas-katems-su-sardinemis-ir-petrazolemis-50-g\/\",\"url\":\"https:\/\/miumjau.ee\/lt\/produktas\/carnilove-skanestas-katems-su-sardinemis-ir-petrazolemis-50-g\/\",\"name\":\"Carnilove skan\u0117stas kat\u0117ms su sardin\u0117mis ir petra\u017eol\u0117mis 50 g - MiuMjau\",\"isPartOf\":{\"@id\":\"https:\/\/miumjau.ee\/#website\"},\"primaryImageOfPage\":{\"@id\":\"https:\/\/miumjau.ee\/lt\/produktas\/carnilove-skanestas-katems-su-sardinemis-ir-petrazolemis-50-g\/#primaryimage\"},\"image\":{\"@id\":\"https:\/\/miumjau.ee\/lt\/produktas\/carnilove-skanestas-katems-su-sardinemis-ir-petrazolemis-50-g\/#primaryimage\"},\"thumbnailUrl\":\"https:\/\/miumjau.ee\/wp-content\/uploads\/2025\/01\/carnilove-maius-kassile-petersell-sardiin-50g.jpg\",\"datePublished\":\"2025-01-29T09:53:25+00:00\",\"breadcrumb\":{\"@id\":\"https:\/\/miumjau.ee\/lt\/produktas\/carnilove-skanestas-katems-su-sardinemis-ir-petrazolemis-50-g\/#breadcrumb\"},\"inLanguage\":\"lt-LT\",\"potentialAction\":[{\"@type\":\"ReadAction\",\"target\":[\"https:\/\/miumjau.ee\/lt\/produktas\/carnilove-skanestas-katems-su-sardinemis-ir-petrazolemis-50-g\/\"]}]},{\"@type\":\"ImageObject\",\"inLanguage\":\"lt-LT\",\"@id\":\"https:\/\/miumjau.ee\/lt\/produktas\/carnilove-skanestas-katems-su-sardinemis-ir-petrazolemis-50-g\/#primaryimage\",\"url\":\"https:\/\/miumjau.ee\/wp-content\/uploads\/2025\/01\/carnilove-maius-kassile-petersell-sardiin-50g.jpg\",\"contentUrl\":\"https:\/\/miumjau.ee\/wp-content\/uploads\/2025\/01\/carnilove-maius-kassile-petersell-sardiin-50g.jpg\",\"width\":600,\"height\":800},{\"@type\":\"BreadcrumbList\",\"@id\":\"https:\/\/miumjau.ee\/lt\/produktas\/carnilove-skanestas-katems-su-sardinemis-ir-petrazolemis-50-g\/#breadcrumb\",\"itemListElement\":[{\"@type\":\"ListItem\",\"position\":1,\"name\":\"Home\",\"item\":\"https:\/\/miumjau.ee\/lt\/\"},{\"@type\":\"ListItem\",\"position\":2,\"name\":\"Parduotuv\u0117\",\"item\":\"https:\/\/miumjau.ee\/lt\/parduotuve\/\"},{\"@type\":\"ListItem\",\"position\":3,\"name\":\"Carnilove skan\u0117stas kat\u0117ms su sardin\u0117mis ir petra\u017eol\u0117mis 50 g\"}]},{\"@type\":\"WebSite\",\"@id\":\"https:\/\/miumjau.ee\/#website\",\"url\":\"https:\/\/miumjau.ee\/\",\"name\":\"MiuMjau\",\"description\":\"Kraapimispuud kassidele\",\"publisher\":{\"@id\":\"https:\/\/miumjau.ee\/#organization\"},\"potentialAction\":[{\"@type\":\"SearchAction\",\"target\":{\"@type\":\"EntryPoint\",\"urlTemplate\":\"https:\/\/miumjau.ee\/?s={search_term_string}\"},\"query-input\":{\"@type\":\"PropertyValueSpecification\",\"valueRequired\":true,\"valueName\":\"search_term_string\"}}],\"inLanguage\":\"lt-LT\"},{\"@type\":\"Organization\",\"@id\":\"https:\/\/miumjau.ee\/#organization\",\"name\":\"MiuMjau O\u00dc\",\"url\":\"https:\/\/miumjau.ee\/\",\"logo\":{\"@type\":\"ImageObject\",\"inLanguage\":\"lt-LT\",\"@id\":\"https:\/\/miumjau.ee\/#\/schema\/logo\/image\/\",\"url\":\"https:\/\/miumjau.ee\/wp-content\/uploads\/2022\/04\/MiuMjau-logo-kollane.png\",\"contentUrl\":\"https:\/\/miumjau.ee\/wp-content\/uploads\/2022\/04\/MiuMjau-logo-kollane.png\",\"width\":219,\"height\":100,\"caption\":\"MiuMjau O\u00dc\"},\"image\":{\"@id\":\"https:\/\/miumjau.ee\/#\/schema\/logo\/image\/\"},\"sameAs\":[\"https:\/\/www.facebook.com\/miumjaupood\/\"]}]}<\/script>\n<!-- \/ Yoast SEO plugin. -->","yoast_head_json":{"title":"Carnilove skan\u0117stas kat\u0117ms su sardin\u0117mis ir petra\u017eol\u0117mis 50 g - MiuMjau","robots":{"index":"index","follow":"follow","max-snippet":"max-snippet:-1","max-image-preview":"max-image-preview:large","max-video-preview":"max-video-preview:-1"},"canonical":"https:\/\/miumjau.ee\/lt\/produktas\/carnilove-skanestas-katems-su-sardinemis-ir-petrazolemis-50-g\/","og_locale":"lt_LT","og_type":"article","og_title":"Carnilove skan\u0117stas kat\u0117ms su sardin\u0117mis ir petra\u017eol\u0117mis 50 g - MiuMjau","og_description":"Skan\u0117stas su sardin\u0117mis, tinkamas visoms kat\u0117ms. Su petra\u017eol\u0117mis sveikam vir\u0161kinimui. Sud\u0117tis: 40 % d\u017eiovintos sardin\u0117s, geltonieji \u017eirniai, skystas augalinis krakmolas, sardini\u0173 pada\u017eas, pauk\u0161\u010di\u0173 kepen\u0173 pada\u017eas, kolagenas, 1 % petra\u017eol\u0117s, la\u0161i\u0161\u0173 aliejus. Analitin\u0117 sud\u0117tis: \u017eali baltymai 33,0 %, riebalai 5,0 %, dr\u0117gm\u0117 17,0 %, \u017eali pelenai 8,0 %, \u017ealia l\u0105steliena 1,0 %, kalcis 0,8 %, fosforas 0,7 %, omega-3 0,4 %, omega-6 0,5 %. Nat\u016bral\u016bs konservantai: citrin\u0173 r\u016bg\u0161tis, DL obuoli\u0173 r\u016bg\u0161tis. Metabolin\u0117 energija: 3360 kcal\/kg","og_url":"https:\/\/miumjau.ee\/lt\/produktas\/carnilove-skanestas-katems-su-sardinemis-ir-petrazolemis-50-g\/","og_site_name":"MiuMjau","article_publisher":"https:\/\/www.facebook.com\/miumjaupood\/","og_image":[{"width":600,"height":800,"url":"https:\/\/miumjau.ee\/wp-content\/uploads\/2025\/01\/carnilove-maius-kassile-petersell-sardiin-50g.jpg","type":"image\/jpeg"}],"twitter_card":"summary_large_image","schema":{"@context":"https:\/\/schema.org","@graph":[{"@type":"WebPage","@id":"https:\/\/miumjau.ee\/lt\/produktas\/carnilove-skanestas-katems-su-sardinemis-ir-petrazolemis-50-g\/","url":"https:\/\/miumjau.ee\/lt\/produktas\/carnilove-skanestas-katems-su-sardinemis-ir-petrazolemis-50-g\/","name":"Carnilove skan\u0117stas kat\u0117ms su sardin\u0117mis ir petra\u017eol\u0117mis 50 g - MiuMjau","isPartOf":{"@id":"https:\/\/miumjau.ee\/#website"},"primaryImageOfPage":{"@id":"https:\/\/miumjau.ee\/lt\/produktas\/carnilove-skanestas-katems-su-sardinemis-ir-petrazolemis-50-g\/#primaryimage"},"image":{"@id":"https:\/\/miumjau.ee\/lt\/produktas\/carnilove-skanestas-katems-su-sardinemis-ir-petrazolemis-50-g\/#primaryimage"},"thumbnailUrl":"https:\/\/miumjau.ee\/wp-content\/uploads\/2025\/01\/carnilove-maius-kassile-petersell-sardiin-50g.jpg","datePublished":"2025-01-29T09:53:25+00:00","breadcrumb":{"@id":"https:\/\/miumjau.ee\/lt\/produktas\/carnilove-skanestas-katems-su-sardinemis-ir-petrazolemis-50-g\/#breadcrumb"},"inLanguage":"lt-LT","potentialAction":[{"@type":"ReadAction","target":["https:\/\/miumjau.ee\/lt\/produktas\/carnilove-skanestas-katems-su-sardinemis-ir-petrazolemis-50-g\/"]}]},{"@type":"ImageObject","inLanguage":"lt-LT","@id":"https:\/\/miumjau.ee\/lt\/produktas\/carnilove-skanestas-katems-su-sardinemis-ir-petrazolemis-50-g\/#primaryimage","url":"https:\/\/miumjau.ee\/wp-content\/uploads\/2025\/01\/carnilove-maius-kassile-petersell-sardiin-50g.jpg","contentUrl":"https:\/\/miumjau.ee\/wp-content\/uploads\/2025\/01\/carnilove-maius-kassile-petersell-sardiin-50g.jpg","width":600,"height":800},{"@type":"BreadcrumbList","@id":"https:\/\/miumjau.ee\/lt\/produktas\/carnilove-skanestas-katems-su-sardinemis-ir-petrazolemis-50-g\/#breadcrumb","itemListElement":[{"@type":"ListItem","position":1,"name":"Home","item":"https:\/\/miumjau.ee\/lt\/"},{"@type":"ListItem","position":2,"name":"Parduotuv\u0117","item":"https:\/\/miumjau.ee\/lt\/parduotuve\/"},{"@type":"ListItem","position":3,"name":"Carnilove skan\u0117stas kat\u0117ms su sardin\u0117mis ir petra\u017eol\u0117mis 50 g"}]},{"@type":"WebSite","@id":"https:\/\/miumjau.ee\/#website","url":"https:\/\/miumjau.ee\/","name":"MiuMjau","description":"Kraapimispuud kassidele","publisher":{"@id":"https:\/\/miumjau.ee\/#organization"},"potentialAction":[{"@type":"SearchAction","target":{"@type":"EntryPoint","urlTemplate":"https:\/\/miumjau.ee\/?s={search_term_string}"},"query-input":{"@type":"PropertyValueSpecification","valueRequired":true,"valueName":"search_term_string"}}],"inLanguage":"lt-LT"},{"@type":"Organization","@id":"https:\/\/miumjau.ee\/#organization","name":"MiuMjau O\u00dc","url":"https:\/\/miumjau.ee\/","logo":{"@type":"ImageObject","inLanguage":"lt-LT","@id":"https:\/\/miumjau.ee\/#\/schema\/logo\/image\/","url":"https:\/\/miumjau.ee\/wp-content\/uploads\/2022\/04\/MiuMjau-logo-kollane.png","contentUrl":"https:\/\/miumjau.ee\/wp-content\/uploads\/2022\/04\/MiuMjau-logo-kollane.png","width":219,"height":100,"caption":"MiuMjau O\u00dc"},"image":{"@id":"https:\/\/miumjau.ee\/#\/schema\/logo\/image\/"},"sameAs":["https:\/\/www.facebook.com\/miumjaupood\/"]}]}},"_links":{"self":[{"href":"https:\/\/miumjau.ee\/lt\/wp-json\/wp\/v2\/product\/52053","targetHints":{"allow":["GET"]}}],"collection":[{"href":"https:\/\/miumjau.ee\/lt\/wp-json\/wp\/v2\/product"}],"about":[{"href":"https:\/\/miumjau.ee\/lt\/wp-json\/wp\/v2\/types\/product"}],"wp:featuredmedia":[{"embeddable":true,"href":"https:\/\/miumjau.ee\/lt\/wp-json\/wp\/v2\/media\/52054"}],"wp:attachment":[{"href":"https:\/\/miumjau.ee\/lt\/wp-json\/wp\/v2\/media?parent=52053"}],"wp:term":[{"taxonomy":"product_brand","embeddable":true,"href":"https:\/\/miumjau.ee\/lt\/wp-json\/wp\/v2\/product_brand?post=52053"},{"taxonomy":"product_cat","embeddable":true,"href":"https:\/\/miumjau.ee\/lt\/wp-json\/wp\/v2\/product_cat?post=52053"},{"taxonomy":"product_tag","embeddable":true,"href":"https:\/\/miumjau.ee\/lt\/wp-json\/wp\/v2\/product_tag?post=52053"}],"curies":[{"name":"wp","href":"https:\/\/api.w.org\/{rel}","templated":true}]}}