{"id":52044,"date":"2025-03-28T14:28:35","date_gmt":"2025-03-28T12:28:35","guid":{"rendered":"https:\/\/miumjau.ee\/toode\/carnilove-meat-jerky-su-aviena-ir-lasisa-100-g\/"},"modified":"2025-03-28T14:28:35","modified_gmt":"2025-03-28T12:28:35","slug":"carnilove-meat-jerky-su-aviena-ir-lasisa-100-g","status":"publish","type":"product","link":"https:\/\/miumjau.ee\/lt\/produktas\/carnilove-meat-jerky-su-aviena-ir-lasisa-100-g\/","title":{"rendered":"Carnilove Meat Jerky su aviena ir la\u0161i\u0161a 100 g"},"content":{"rendered":"","protected":false},"excerpt":{"rendered":"<p data-start=\"1606\" data-end=\"1682\">Carnilove d\u017eiovinti m\u0117sos skan\u0117stai \u2013 papildomas maistas suaugusiems \u0161unims.<\/p>\n<p data-start=\"1684\" data-end=\"1702\">90 % m\u0117sos sud\u0117tis<\/p>\n<p data-start=\"1704\" data-end=\"1725\">Nepakartojamas skonis<\/p>\n<p data-start=\"1727\" data-end=\"1755\">Tik nat\u016bral\u016bs antioksidantai<\/p>\n<p data-start=\"1757\" data-end=\"1813\">Be gr\u016bd\u0173, be da\u017eikli\u0173, be cukraus, be GMO \u2013 pagaminta ES<\/p>\n<p data-start=\"1815\" data-end=\"1947\"><strong data-start=\"1815\" data-end=\"1827\">Sud\u0117tis:<\/strong> kalakutas 30 %, vi\u0161tiena 30 %, aviena 26 %, la\u0161i\u0161a 4 %, augalin\u0117s kilm\u0117s glicerinas, \u0161altalankis 1 %, natrio chloridas.<\/p>\n<p data-start=\"1949\" data-end=\"2105\"><strong data-start=\"1949\" data-end=\"1978\">Nat\u016bral\u016bs antioksidantai:<\/strong> rozmarin\u0173 ekstraktas ir tokoferolio ekstraktai i\u0161 augalini\u0173 aliej\u0173 (1b306(i)). Geriausias iki \/ partijos numeris: \u017er. pakuot\u0119.<\/p>\n<p data-start=\"2107\" data-end=\"2237\"><strong data-start=\"2107\" data-end=\"2134\">Analitin\u0117 sud\u0117tis 1 kg:<\/strong> \u017eali baltymai 29,0 %, \u017eali riebalai 25,0 %, dr\u0117gm\u0117 18,0 %, \u017eali pelenai 8,0 %, \u017ealia l\u0105steliena 2,0 %.<\/p>\n<p data-start=\"2239\" data-end=\"2258\" data-is-last-node=\"\" data-is-only-node=\"\"><strong data-start=\"2239\" data-end=\"2251\">Pakuot\u0117:<\/strong> 0,1 kg<\/p>\n","protected":false},"featured_media":52045,"template":"","meta":[],"product_brand":[],"product_cat":[540],"product_tag":[],"class_list":{"0":"post-52044","1":"product","2":"type-product","3":"status-publish","4":"has-post-thumbnail","6":"product_cat-skanestai-sunims","8":"first","9":"instock","10":"sale","11":"taxable","12":"shipping-taxable","13":"purchasable","14":"product-type-simple"},"yoast_head":"<!-- This site is optimized with the Yoast SEO plugin v27.2 - https:\/\/yoast.com\/product\/yoast-seo-wordpress\/ -->\n<title>Carnilove Meat Jerky su aviena ir la\u0161i\u0161a 100 g - MiuMjau<\/title>\n<meta name=\"robots\" content=\"index, follow, max-snippet:-1, max-image-preview:large, max-video-preview:-1\" \/>\n<link rel=\"canonical\" href=\"https:\/\/miumjau.ee\/lt\/produktas\/carnilove-meat-jerky-su-aviena-ir-lasisa-100-g\/\" \/>\n<meta property=\"og:locale\" content=\"lt_LT\" \/>\n<meta property=\"og:type\" content=\"article\" \/>\n<meta property=\"og:title\" content=\"Carnilove Meat Jerky su aviena ir la\u0161i\u0161a 100 g - MiuMjau\" \/>\n<meta property=\"og:description\" content=\"Carnilove d\u017eiovinti m\u0117sos skan\u0117stai \u2013 papildomas maistas suaugusiems \u0161unims. 90 % m\u0117sos sud\u0117tis Nepakartojamas skonis Tik nat\u016bral\u016bs antioksidantai Be gr\u016bd\u0173, be da\u017eikli\u0173, be cukraus, be GMO \u2013 pagaminta ES Sud\u0117tis: kalakutas 30 %, vi\u0161tiena 30 %, aviena 26 %, la\u0161i\u0161a 4 %, augalin\u0117s kilm\u0117s glicerinas, \u0161altalankis 1 %, natrio chloridas. Nat\u016bral\u016bs antioksidantai: rozmarin\u0173 ekstraktas ir tokoferolio ekstraktai i\u0161 augalini\u0173 aliej\u0173 (1b306(i)). Geriausias iki \/ partijos numeris: \u017er. pakuot\u0119. Analitin\u0117 sud\u0117tis 1 kg: \u017eali baltymai 29,0 %, \u017eali riebalai 25,0 %, dr\u0117gm\u0117 18,0 %, \u017eali pelenai 8,0 %, \u017ealia l\u0105steliena 2,0 %. Pakuot\u0117: 0,1 kg\" \/>\n<meta property=\"og:url\" content=\"https:\/\/miumjau.ee\/lt\/produktas\/carnilove-meat-jerky-su-aviena-ir-lasisa-100-g\/\" \/>\n<meta property=\"og:site_name\" content=\"MiuMjau\" \/>\n<meta property=\"article:publisher\" content=\"https:\/\/www.facebook.com\/miumjaupood\/\" \/>\n<meta property=\"og:image\" content=\"https:\/\/miumjau.ee\/wp-content\/uploads\/2025\/03\/carnilove-koeramaius3-Photoroom.jpg\" \/>\n\t<meta property=\"og:image:width\" content=\"600\" \/>\n\t<meta property=\"og:image:height\" content=\"800\" \/>\n\t<meta property=\"og:image:type\" content=\"image\/jpeg\" \/>\n<meta name=\"twitter:card\" content=\"summary_large_image\" \/>\n<script type=\"application\/ld+json\" class=\"yoast-schema-graph\">{\"@context\":\"https:\/\/schema.org\",\"@graph\":[{\"@type\":\"WebPage\",\"@id\":\"https:\/\/miumjau.ee\/lt\/produktas\/carnilove-meat-jerky-su-aviena-ir-lasisa-100-g\/\",\"url\":\"https:\/\/miumjau.ee\/lt\/produktas\/carnilove-meat-jerky-su-aviena-ir-lasisa-100-g\/\",\"name\":\"Carnilove Meat Jerky su aviena ir la\u0161i\u0161a 100 g - MiuMjau\",\"isPartOf\":{\"@id\":\"https:\/\/miumjau.ee\/#website\"},\"primaryImageOfPage\":{\"@id\":\"https:\/\/miumjau.ee\/lt\/produktas\/carnilove-meat-jerky-su-aviena-ir-lasisa-100-g\/#primaryimage\"},\"image\":{\"@id\":\"https:\/\/miumjau.ee\/lt\/produktas\/carnilove-meat-jerky-su-aviena-ir-lasisa-100-g\/#primaryimage\"},\"thumbnailUrl\":\"https:\/\/miumjau.ee\/wp-content\/uploads\/2025\/03\/carnilove-koeramaius3-Photoroom.jpg\",\"datePublished\":\"2025-03-28T12:28:35+00:00\",\"breadcrumb\":{\"@id\":\"https:\/\/miumjau.ee\/lt\/produktas\/carnilove-meat-jerky-su-aviena-ir-lasisa-100-g\/#breadcrumb\"},\"inLanguage\":\"lt-LT\",\"potentialAction\":[{\"@type\":\"ReadAction\",\"target\":[\"https:\/\/miumjau.ee\/lt\/produktas\/carnilove-meat-jerky-su-aviena-ir-lasisa-100-g\/\"]}]},{\"@type\":\"ImageObject\",\"inLanguage\":\"lt-LT\",\"@id\":\"https:\/\/miumjau.ee\/lt\/produktas\/carnilove-meat-jerky-su-aviena-ir-lasisa-100-g\/#primaryimage\",\"url\":\"https:\/\/miumjau.ee\/wp-content\/uploads\/2025\/03\/carnilove-koeramaius3-Photoroom.jpg\",\"contentUrl\":\"https:\/\/miumjau.ee\/wp-content\/uploads\/2025\/03\/carnilove-koeramaius3-Photoroom.jpg\",\"width\":600,\"height\":800},{\"@type\":\"BreadcrumbList\",\"@id\":\"https:\/\/miumjau.ee\/lt\/produktas\/carnilove-meat-jerky-su-aviena-ir-lasisa-100-g\/#breadcrumb\",\"itemListElement\":[{\"@type\":\"ListItem\",\"position\":1,\"name\":\"Home\",\"item\":\"https:\/\/miumjau.ee\/lt\/\"},{\"@type\":\"ListItem\",\"position\":2,\"name\":\"Parduotuv\u0117\",\"item\":\"https:\/\/miumjau.ee\/lt\/parduotuve\/\"},{\"@type\":\"ListItem\",\"position\":3,\"name\":\"Carnilove Meat Jerky su aviena ir la\u0161i\u0161a 100 g\"}]},{\"@type\":\"WebSite\",\"@id\":\"https:\/\/miumjau.ee\/#website\",\"url\":\"https:\/\/miumjau.ee\/\",\"name\":\"MiuMjau\",\"description\":\"Kraapimispuud kassidele\",\"publisher\":{\"@id\":\"https:\/\/miumjau.ee\/#organization\"},\"potentialAction\":[{\"@type\":\"SearchAction\",\"target\":{\"@type\":\"EntryPoint\",\"urlTemplate\":\"https:\/\/miumjau.ee\/?s={search_term_string}\"},\"query-input\":{\"@type\":\"PropertyValueSpecification\",\"valueRequired\":true,\"valueName\":\"search_term_string\"}}],\"inLanguage\":\"lt-LT\"},{\"@type\":\"Organization\",\"@id\":\"https:\/\/miumjau.ee\/#organization\",\"name\":\"MiuMjau O\u00dc\",\"url\":\"https:\/\/miumjau.ee\/\",\"logo\":{\"@type\":\"ImageObject\",\"inLanguage\":\"lt-LT\",\"@id\":\"https:\/\/miumjau.ee\/#\/schema\/logo\/image\/\",\"url\":\"https:\/\/miumjau.ee\/wp-content\/uploads\/2022\/04\/MiuMjau-logo-kollane.png\",\"contentUrl\":\"https:\/\/miumjau.ee\/wp-content\/uploads\/2022\/04\/MiuMjau-logo-kollane.png\",\"width\":219,\"height\":100,\"caption\":\"MiuMjau O\u00dc\"},\"image\":{\"@id\":\"https:\/\/miumjau.ee\/#\/schema\/logo\/image\/\"},\"sameAs\":[\"https:\/\/www.facebook.com\/miumjaupood\/\"]}]}<\/script>\n<!-- \/ Yoast SEO plugin. -->","yoast_head_json":{"title":"Carnilove Meat Jerky su aviena ir la\u0161i\u0161a 100 g - MiuMjau","robots":{"index":"index","follow":"follow","max-snippet":"max-snippet:-1","max-image-preview":"max-image-preview:large","max-video-preview":"max-video-preview:-1"},"canonical":"https:\/\/miumjau.ee\/lt\/produktas\/carnilove-meat-jerky-su-aviena-ir-lasisa-100-g\/","og_locale":"lt_LT","og_type":"article","og_title":"Carnilove Meat Jerky su aviena ir la\u0161i\u0161a 100 g - MiuMjau","og_description":"Carnilove d\u017eiovinti m\u0117sos skan\u0117stai \u2013 papildomas maistas suaugusiems \u0161unims. 90 % m\u0117sos sud\u0117tis Nepakartojamas skonis Tik nat\u016bral\u016bs antioksidantai Be gr\u016bd\u0173, be da\u017eikli\u0173, be cukraus, be GMO \u2013 pagaminta ES Sud\u0117tis: kalakutas 30 %, vi\u0161tiena 30 %, aviena 26 %, la\u0161i\u0161a 4 %, augalin\u0117s kilm\u0117s glicerinas, \u0161altalankis 1 %, natrio chloridas. Nat\u016bral\u016bs antioksidantai: rozmarin\u0173 ekstraktas ir tokoferolio ekstraktai i\u0161 augalini\u0173 aliej\u0173 (1b306(i)). Geriausias iki \/ partijos numeris: \u017er. pakuot\u0119. Analitin\u0117 sud\u0117tis 1 kg: \u017eali baltymai 29,0 %, \u017eali riebalai 25,0 %, dr\u0117gm\u0117 18,0 %, \u017eali pelenai 8,0 %, \u017ealia l\u0105steliena 2,0 %. Pakuot\u0117: 0,1 kg","og_url":"https:\/\/miumjau.ee\/lt\/produktas\/carnilove-meat-jerky-su-aviena-ir-lasisa-100-g\/","og_site_name":"MiuMjau","article_publisher":"https:\/\/www.facebook.com\/miumjaupood\/","og_image":[{"width":600,"height":800,"url":"https:\/\/miumjau.ee\/wp-content\/uploads\/2025\/03\/carnilove-koeramaius3-Photoroom.jpg","type":"image\/jpeg"}],"twitter_card":"summary_large_image","schema":{"@context":"https:\/\/schema.org","@graph":[{"@type":"WebPage","@id":"https:\/\/miumjau.ee\/lt\/produktas\/carnilove-meat-jerky-su-aviena-ir-lasisa-100-g\/","url":"https:\/\/miumjau.ee\/lt\/produktas\/carnilove-meat-jerky-su-aviena-ir-lasisa-100-g\/","name":"Carnilove Meat Jerky su aviena ir la\u0161i\u0161a 100 g - MiuMjau","isPartOf":{"@id":"https:\/\/miumjau.ee\/#website"},"primaryImageOfPage":{"@id":"https:\/\/miumjau.ee\/lt\/produktas\/carnilove-meat-jerky-su-aviena-ir-lasisa-100-g\/#primaryimage"},"image":{"@id":"https:\/\/miumjau.ee\/lt\/produktas\/carnilove-meat-jerky-su-aviena-ir-lasisa-100-g\/#primaryimage"},"thumbnailUrl":"https:\/\/miumjau.ee\/wp-content\/uploads\/2025\/03\/carnilove-koeramaius3-Photoroom.jpg","datePublished":"2025-03-28T12:28:35+00:00","breadcrumb":{"@id":"https:\/\/miumjau.ee\/lt\/produktas\/carnilove-meat-jerky-su-aviena-ir-lasisa-100-g\/#breadcrumb"},"inLanguage":"lt-LT","potentialAction":[{"@type":"ReadAction","target":["https:\/\/miumjau.ee\/lt\/produktas\/carnilove-meat-jerky-su-aviena-ir-lasisa-100-g\/"]}]},{"@type":"ImageObject","inLanguage":"lt-LT","@id":"https:\/\/miumjau.ee\/lt\/produktas\/carnilove-meat-jerky-su-aviena-ir-lasisa-100-g\/#primaryimage","url":"https:\/\/miumjau.ee\/wp-content\/uploads\/2025\/03\/carnilove-koeramaius3-Photoroom.jpg","contentUrl":"https:\/\/miumjau.ee\/wp-content\/uploads\/2025\/03\/carnilove-koeramaius3-Photoroom.jpg","width":600,"height":800},{"@type":"BreadcrumbList","@id":"https:\/\/miumjau.ee\/lt\/produktas\/carnilove-meat-jerky-su-aviena-ir-lasisa-100-g\/#breadcrumb","itemListElement":[{"@type":"ListItem","position":1,"name":"Home","item":"https:\/\/miumjau.ee\/lt\/"},{"@type":"ListItem","position":2,"name":"Parduotuv\u0117","item":"https:\/\/miumjau.ee\/lt\/parduotuve\/"},{"@type":"ListItem","position":3,"name":"Carnilove Meat Jerky su aviena ir la\u0161i\u0161a 100 g"}]},{"@type":"WebSite","@id":"https:\/\/miumjau.ee\/#website","url":"https:\/\/miumjau.ee\/","name":"MiuMjau","description":"Kraapimispuud kassidele","publisher":{"@id":"https:\/\/miumjau.ee\/#organization"},"potentialAction":[{"@type":"SearchAction","target":{"@type":"EntryPoint","urlTemplate":"https:\/\/miumjau.ee\/?s={search_term_string}"},"query-input":{"@type":"PropertyValueSpecification","valueRequired":true,"valueName":"search_term_string"}}],"inLanguage":"lt-LT"},{"@type":"Organization","@id":"https:\/\/miumjau.ee\/#organization","name":"MiuMjau O\u00dc","url":"https:\/\/miumjau.ee\/","logo":{"@type":"ImageObject","inLanguage":"lt-LT","@id":"https:\/\/miumjau.ee\/#\/schema\/logo\/image\/","url":"https:\/\/miumjau.ee\/wp-content\/uploads\/2022\/04\/MiuMjau-logo-kollane.png","contentUrl":"https:\/\/miumjau.ee\/wp-content\/uploads\/2022\/04\/MiuMjau-logo-kollane.png","width":219,"height":100,"caption":"MiuMjau O\u00dc"},"image":{"@id":"https:\/\/miumjau.ee\/#\/schema\/logo\/image\/"},"sameAs":["https:\/\/www.facebook.com\/miumjaupood\/"]}]}},"_links":{"self":[{"href":"https:\/\/miumjau.ee\/lt\/wp-json\/wp\/v2\/product\/52044","targetHints":{"allow":["GET"]}}],"collection":[{"href":"https:\/\/miumjau.ee\/lt\/wp-json\/wp\/v2\/product"}],"about":[{"href":"https:\/\/miumjau.ee\/lt\/wp-json\/wp\/v2\/types\/product"}],"wp:featuredmedia":[{"embeddable":true,"href":"https:\/\/miumjau.ee\/lt\/wp-json\/wp\/v2\/media\/52045"}],"wp:attachment":[{"href":"https:\/\/miumjau.ee\/lt\/wp-json\/wp\/v2\/media?parent=52044"}],"wp:term":[{"taxonomy":"product_brand","embeddable":true,"href":"https:\/\/miumjau.ee\/lt\/wp-json\/wp\/v2\/product_brand?post=52044"},{"taxonomy":"product_cat","embeddable":true,"href":"https:\/\/miumjau.ee\/lt\/wp-json\/wp\/v2\/product_cat?post=52044"},{"taxonomy":"product_tag","embeddable":true,"href":"https:\/\/miumjau.ee\/lt\/wp-json\/wp\/v2\/product_tag?post=52044"}],"curies":[{"name":"wp","href":"https:\/\/api.w.org\/{rel}","templated":true}]}}