{"id":52029,"date":"2025-03-28T14:32:24","date_gmt":"2025-03-28T12:32:24","guid":{"rendered":"https:\/\/miumjau.ee\/toode\/carnilove-traskus-skanestas-sunims-su-lasisa-ir-melynemis-200-g\/"},"modified":"2025-03-28T14:32:24","modified_gmt":"2025-03-28T12:32:24","slug":"carnilove-traskus-skanestas-sunims-su-lasisa-ir-melynemis-200-g","status":"publish","type":"product","link":"https:\/\/miumjau.ee\/lt\/produktas\/carnilove-traskus-skanestas-sunims-su-lasisa-ir-melynemis-200-g\/","title":{"rendered":"Carnilove tra\u0161kus skan\u0117stas \u0161unims su la\u0161i\u0161a ir m\u0117lyn\u0117mis 200 g"},"content":{"rendered":"","protected":false},"excerpt":{"rendered":"<p data-start=\"1715\" data-end=\"1859\">Carnilove skanus la\u0161i\u0161os skan\u0117stas tinka visiems \u0161unims. Sud\u0117tyje yra m\u0117lyni\u0173 \u2013 nat\u016bralaus antioksidant\u0173 \u0161altinio, kuris palaiko smegen\u0173 veikl\u0105.<\/p>\n<p data-start=\"1861\" data-end=\"2155\"><strong data-start=\"1861\" data-end=\"1873\">Sud\u0117tis:<\/strong> la\u0161i\u0161a 50 % (d\u017eiovinta la\u0161i\u0161a 35 %, \u0161vie\u017eia la\u0161i\u0161a 15 %), moli\u016bgas 15 %, geltonieji \u017eirniai 8 %, d\u017eiovinti obuoliai 5 %, morkos 5 %, avin\u017eirniai 4 %, m\u0117lyn\u0117s 4 %, vi\u0161tienos riebalai (konservuoti tokoferoliais) 4 %, lin\u0173 s\u0117menys 2 %, d\u017eiovinti \u0161pinatai 2 %, lin\u0173 s\u0117men\u0173 aliejus 1 %.<\/p>\n<p data-start=\"2157\" data-end=\"2342\"><strong data-start=\"2157\" data-end=\"2184\">Analitin\u0117 sud\u0117tis 1 kg:<\/strong> \u017eali baltymai 33,0 %, riebalai 11,0 %, dr\u0117gm\u0117 10,0 %, \u017eali pelenai 7,5 %, \u017ealia l\u0105steliena 5,8 %, kalcis 1,1 %, fosforas 0,9 %, omega-3 0,5 %, omega-6 1,0 %.<\/p>\n<p data-start=\"2344\" data-end=\"2382\"><strong data-start=\"2344\" data-end=\"2368\">Metabolin\u0117 energija:<\/strong> 3 380 kcal\/kg<\/p>\n<p data-start=\"2384\" data-end=\"2403\" data-is-last-node=\"\" data-is-only-node=\"\"><strong data-start=\"2384\" data-end=\"2396\">Pakuot\u0117:<\/strong> 0,2 kg<\/p>\n","protected":false},"featured_media":52030,"template":"","meta":[],"product_brand":[],"product_cat":[540],"product_tag":[],"class_list":{"0":"post-52029","1":"product","2":"type-product","3":"status-publish","4":"has-post-thumbnail","6":"product_cat-skanestai-sunims","8":"first","9":"instock","10":"sale","11":"taxable","12":"shipping-taxable","13":"purchasable","14":"product-type-simple"},"yoast_head":"<!-- This site is optimized with the Yoast SEO plugin v27.2 - https:\/\/yoast.com\/product\/yoast-seo-wordpress\/ -->\n<title>Carnilove tra\u0161kus skan\u0117stas \u0161unims su la\u0161i\u0161a ir m\u0117lyn\u0117mis 200 g - MiuMjau<\/title>\n<meta name=\"robots\" content=\"index, follow, max-snippet:-1, max-image-preview:large, max-video-preview:-1\" \/>\n<link rel=\"canonical\" href=\"https:\/\/miumjau.ee\/lt\/produktas\/carnilove-traskus-skanestas-sunims-su-lasisa-ir-melynemis-200-g\/\" \/>\n<meta property=\"og:locale\" content=\"lt_LT\" \/>\n<meta property=\"og:type\" content=\"article\" \/>\n<meta property=\"og:title\" content=\"Carnilove tra\u0161kus skan\u0117stas \u0161unims su la\u0161i\u0161a ir m\u0117lyn\u0117mis 200 g - MiuMjau\" \/>\n<meta property=\"og:description\" content=\"Carnilove skanus la\u0161i\u0161os skan\u0117stas tinka visiems \u0161unims. Sud\u0117tyje yra m\u0117lyni\u0173 \u2013 nat\u016bralaus antioksidant\u0173 \u0161altinio, kuris palaiko smegen\u0173 veikl\u0105. Sud\u0117tis: la\u0161i\u0161a 50 % (d\u017eiovinta la\u0161i\u0161a 35 %, \u0161vie\u017eia la\u0161i\u0161a 15 %), moli\u016bgas 15 %, geltonieji \u017eirniai 8 %, d\u017eiovinti obuoliai 5 %, morkos 5 %, avin\u017eirniai 4 %, m\u0117lyn\u0117s 4 %, vi\u0161tienos riebalai (konservuoti tokoferoliais) 4 %, lin\u0173 s\u0117menys 2 %, d\u017eiovinti \u0161pinatai 2 %, lin\u0173 s\u0117men\u0173 aliejus 1 %. Analitin\u0117 sud\u0117tis 1 kg: \u017eali baltymai 33,0 %, riebalai 11,0 %, dr\u0117gm\u0117 10,0 %, \u017eali pelenai 7,5 %, \u017ealia l\u0105steliena 5,8 %, kalcis 1,1 %, fosforas 0,9 %, omega-3 0,5 %, omega-6 1,0 %. Metabolin\u0117 energija: 3 380 kcal\/kg Pakuot\u0117: 0,2 kg\" \/>\n<meta property=\"og:url\" content=\"https:\/\/miumjau.ee\/lt\/produktas\/carnilove-traskus-skanestas-sunims-su-lasisa-ir-melynemis-200-g\/\" \/>\n<meta property=\"og:site_name\" content=\"MiuMjau\" \/>\n<meta property=\"article:publisher\" content=\"https:\/\/www.facebook.com\/miumjaupood\/\" \/>\n<meta property=\"og:image\" content=\"https:\/\/miumjau.ee\/wp-content\/uploads\/2025\/03\/carnilove-koeramaius6-Photoroom.jpg\" \/>\n\t<meta property=\"og:image:width\" content=\"600\" \/>\n\t<meta property=\"og:image:height\" content=\"800\" \/>\n\t<meta property=\"og:image:type\" content=\"image\/jpeg\" \/>\n<meta name=\"twitter:card\" content=\"summary_large_image\" \/>\n<script type=\"application\/ld+json\" class=\"yoast-schema-graph\">{\"@context\":\"https:\/\/schema.org\",\"@graph\":[{\"@type\":\"WebPage\",\"@id\":\"https:\/\/miumjau.ee\/lt\/produktas\/carnilove-traskus-skanestas-sunims-su-lasisa-ir-melynemis-200-g\/\",\"url\":\"https:\/\/miumjau.ee\/lt\/produktas\/carnilove-traskus-skanestas-sunims-su-lasisa-ir-melynemis-200-g\/\",\"name\":\"Carnilove tra\u0161kus skan\u0117stas \u0161unims su la\u0161i\u0161a ir m\u0117lyn\u0117mis 200 g - MiuMjau\",\"isPartOf\":{\"@id\":\"https:\/\/miumjau.ee\/#website\"},\"primaryImageOfPage\":{\"@id\":\"https:\/\/miumjau.ee\/lt\/produktas\/carnilove-traskus-skanestas-sunims-su-lasisa-ir-melynemis-200-g\/#primaryimage\"},\"image\":{\"@id\":\"https:\/\/miumjau.ee\/lt\/produktas\/carnilove-traskus-skanestas-sunims-su-lasisa-ir-melynemis-200-g\/#primaryimage\"},\"thumbnailUrl\":\"https:\/\/miumjau.ee\/wp-content\/uploads\/2025\/03\/carnilove-koeramaius6-Photoroom.jpg\",\"datePublished\":\"2025-03-28T12:32:24+00:00\",\"breadcrumb\":{\"@id\":\"https:\/\/miumjau.ee\/lt\/produktas\/carnilove-traskus-skanestas-sunims-su-lasisa-ir-melynemis-200-g\/#breadcrumb\"},\"inLanguage\":\"lt-LT\",\"potentialAction\":[{\"@type\":\"ReadAction\",\"target\":[\"https:\/\/miumjau.ee\/lt\/produktas\/carnilove-traskus-skanestas-sunims-su-lasisa-ir-melynemis-200-g\/\"]}]},{\"@type\":\"ImageObject\",\"inLanguage\":\"lt-LT\",\"@id\":\"https:\/\/miumjau.ee\/lt\/produktas\/carnilove-traskus-skanestas-sunims-su-lasisa-ir-melynemis-200-g\/#primaryimage\",\"url\":\"https:\/\/miumjau.ee\/wp-content\/uploads\/2025\/03\/carnilove-koeramaius6-Photoroom.jpg\",\"contentUrl\":\"https:\/\/miumjau.ee\/wp-content\/uploads\/2025\/03\/carnilove-koeramaius6-Photoroom.jpg\",\"width\":600,\"height\":800},{\"@type\":\"BreadcrumbList\",\"@id\":\"https:\/\/miumjau.ee\/lt\/produktas\/carnilove-traskus-skanestas-sunims-su-lasisa-ir-melynemis-200-g\/#breadcrumb\",\"itemListElement\":[{\"@type\":\"ListItem\",\"position\":1,\"name\":\"Home\",\"item\":\"https:\/\/miumjau.ee\/lt\/\"},{\"@type\":\"ListItem\",\"position\":2,\"name\":\"Parduotuv\u0117\",\"item\":\"https:\/\/miumjau.ee\/lt\/parduotuve\/\"},{\"@type\":\"ListItem\",\"position\":3,\"name\":\"Carnilove tra\u0161kus skan\u0117stas \u0161unims su la\u0161i\u0161a ir m\u0117lyn\u0117mis 200 g\"}]},{\"@type\":\"WebSite\",\"@id\":\"https:\/\/miumjau.ee\/#website\",\"url\":\"https:\/\/miumjau.ee\/\",\"name\":\"MiuMjau\",\"description\":\"Kraapimispuud kassidele\",\"publisher\":{\"@id\":\"https:\/\/miumjau.ee\/#organization\"},\"potentialAction\":[{\"@type\":\"SearchAction\",\"target\":{\"@type\":\"EntryPoint\",\"urlTemplate\":\"https:\/\/miumjau.ee\/?s={search_term_string}\"},\"query-input\":{\"@type\":\"PropertyValueSpecification\",\"valueRequired\":true,\"valueName\":\"search_term_string\"}}],\"inLanguage\":\"lt-LT\"},{\"@type\":\"Organization\",\"@id\":\"https:\/\/miumjau.ee\/#organization\",\"name\":\"MiuMjau O\u00dc\",\"url\":\"https:\/\/miumjau.ee\/\",\"logo\":{\"@type\":\"ImageObject\",\"inLanguage\":\"lt-LT\",\"@id\":\"https:\/\/miumjau.ee\/#\/schema\/logo\/image\/\",\"url\":\"https:\/\/miumjau.ee\/wp-content\/uploads\/2022\/04\/MiuMjau-logo-kollane.png\",\"contentUrl\":\"https:\/\/miumjau.ee\/wp-content\/uploads\/2022\/04\/MiuMjau-logo-kollane.png\",\"width\":219,\"height\":100,\"caption\":\"MiuMjau O\u00dc\"},\"image\":{\"@id\":\"https:\/\/miumjau.ee\/#\/schema\/logo\/image\/\"},\"sameAs\":[\"https:\/\/www.facebook.com\/miumjaupood\/\"]}]}<\/script>\n<!-- \/ Yoast SEO plugin. -->","yoast_head_json":{"title":"Carnilove tra\u0161kus skan\u0117stas \u0161unims su la\u0161i\u0161a ir m\u0117lyn\u0117mis 200 g - MiuMjau","robots":{"index":"index","follow":"follow","max-snippet":"max-snippet:-1","max-image-preview":"max-image-preview:large","max-video-preview":"max-video-preview:-1"},"canonical":"https:\/\/miumjau.ee\/lt\/produktas\/carnilove-traskus-skanestas-sunims-su-lasisa-ir-melynemis-200-g\/","og_locale":"lt_LT","og_type":"article","og_title":"Carnilove tra\u0161kus skan\u0117stas \u0161unims su la\u0161i\u0161a ir m\u0117lyn\u0117mis 200 g - MiuMjau","og_description":"Carnilove skanus la\u0161i\u0161os skan\u0117stas tinka visiems \u0161unims. Sud\u0117tyje yra m\u0117lyni\u0173 \u2013 nat\u016bralaus antioksidant\u0173 \u0161altinio, kuris palaiko smegen\u0173 veikl\u0105. Sud\u0117tis: la\u0161i\u0161a 50 % (d\u017eiovinta la\u0161i\u0161a 35 %, \u0161vie\u017eia la\u0161i\u0161a 15 %), moli\u016bgas 15 %, geltonieji \u017eirniai 8 %, d\u017eiovinti obuoliai 5 %, morkos 5 %, avin\u017eirniai 4 %, m\u0117lyn\u0117s 4 %, vi\u0161tienos riebalai (konservuoti tokoferoliais) 4 %, lin\u0173 s\u0117menys 2 %, d\u017eiovinti \u0161pinatai 2 %, lin\u0173 s\u0117men\u0173 aliejus 1 %. Analitin\u0117 sud\u0117tis 1 kg: \u017eali baltymai 33,0 %, riebalai 11,0 %, dr\u0117gm\u0117 10,0 %, \u017eali pelenai 7,5 %, \u017ealia l\u0105steliena 5,8 %, kalcis 1,1 %, fosforas 0,9 %, omega-3 0,5 %, omega-6 1,0 %. Metabolin\u0117 energija: 3 380 kcal\/kg Pakuot\u0117: 0,2 kg","og_url":"https:\/\/miumjau.ee\/lt\/produktas\/carnilove-traskus-skanestas-sunims-su-lasisa-ir-melynemis-200-g\/","og_site_name":"MiuMjau","article_publisher":"https:\/\/www.facebook.com\/miumjaupood\/","og_image":[{"width":600,"height":800,"url":"https:\/\/miumjau.ee\/wp-content\/uploads\/2025\/03\/carnilove-koeramaius6-Photoroom.jpg","type":"image\/jpeg"}],"twitter_card":"summary_large_image","schema":{"@context":"https:\/\/schema.org","@graph":[{"@type":"WebPage","@id":"https:\/\/miumjau.ee\/lt\/produktas\/carnilove-traskus-skanestas-sunims-su-lasisa-ir-melynemis-200-g\/","url":"https:\/\/miumjau.ee\/lt\/produktas\/carnilove-traskus-skanestas-sunims-su-lasisa-ir-melynemis-200-g\/","name":"Carnilove tra\u0161kus skan\u0117stas \u0161unims su la\u0161i\u0161a ir m\u0117lyn\u0117mis 200 g - MiuMjau","isPartOf":{"@id":"https:\/\/miumjau.ee\/#website"},"primaryImageOfPage":{"@id":"https:\/\/miumjau.ee\/lt\/produktas\/carnilove-traskus-skanestas-sunims-su-lasisa-ir-melynemis-200-g\/#primaryimage"},"image":{"@id":"https:\/\/miumjau.ee\/lt\/produktas\/carnilove-traskus-skanestas-sunims-su-lasisa-ir-melynemis-200-g\/#primaryimage"},"thumbnailUrl":"https:\/\/miumjau.ee\/wp-content\/uploads\/2025\/03\/carnilove-koeramaius6-Photoroom.jpg","datePublished":"2025-03-28T12:32:24+00:00","breadcrumb":{"@id":"https:\/\/miumjau.ee\/lt\/produktas\/carnilove-traskus-skanestas-sunims-su-lasisa-ir-melynemis-200-g\/#breadcrumb"},"inLanguage":"lt-LT","potentialAction":[{"@type":"ReadAction","target":["https:\/\/miumjau.ee\/lt\/produktas\/carnilove-traskus-skanestas-sunims-su-lasisa-ir-melynemis-200-g\/"]}]},{"@type":"ImageObject","inLanguage":"lt-LT","@id":"https:\/\/miumjau.ee\/lt\/produktas\/carnilove-traskus-skanestas-sunims-su-lasisa-ir-melynemis-200-g\/#primaryimage","url":"https:\/\/miumjau.ee\/wp-content\/uploads\/2025\/03\/carnilove-koeramaius6-Photoroom.jpg","contentUrl":"https:\/\/miumjau.ee\/wp-content\/uploads\/2025\/03\/carnilove-koeramaius6-Photoroom.jpg","width":600,"height":800},{"@type":"BreadcrumbList","@id":"https:\/\/miumjau.ee\/lt\/produktas\/carnilove-traskus-skanestas-sunims-su-lasisa-ir-melynemis-200-g\/#breadcrumb","itemListElement":[{"@type":"ListItem","position":1,"name":"Home","item":"https:\/\/miumjau.ee\/lt\/"},{"@type":"ListItem","position":2,"name":"Parduotuv\u0117","item":"https:\/\/miumjau.ee\/lt\/parduotuve\/"},{"@type":"ListItem","position":3,"name":"Carnilove tra\u0161kus skan\u0117stas \u0161unims su la\u0161i\u0161a ir m\u0117lyn\u0117mis 200 g"}]},{"@type":"WebSite","@id":"https:\/\/miumjau.ee\/#website","url":"https:\/\/miumjau.ee\/","name":"MiuMjau","description":"Kraapimispuud kassidele","publisher":{"@id":"https:\/\/miumjau.ee\/#organization"},"potentialAction":[{"@type":"SearchAction","target":{"@type":"EntryPoint","urlTemplate":"https:\/\/miumjau.ee\/?s={search_term_string}"},"query-input":{"@type":"PropertyValueSpecification","valueRequired":true,"valueName":"search_term_string"}}],"inLanguage":"lt-LT"},{"@type":"Organization","@id":"https:\/\/miumjau.ee\/#organization","name":"MiuMjau O\u00dc","url":"https:\/\/miumjau.ee\/","logo":{"@type":"ImageObject","inLanguage":"lt-LT","@id":"https:\/\/miumjau.ee\/#\/schema\/logo\/image\/","url":"https:\/\/miumjau.ee\/wp-content\/uploads\/2022\/04\/MiuMjau-logo-kollane.png","contentUrl":"https:\/\/miumjau.ee\/wp-content\/uploads\/2022\/04\/MiuMjau-logo-kollane.png","width":219,"height":100,"caption":"MiuMjau O\u00dc"},"image":{"@id":"https:\/\/miumjau.ee\/#\/schema\/logo\/image\/"},"sameAs":["https:\/\/www.facebook.com\/miumjaupood\/"]}]}},"_links":{"self":[{"href":"https:\/\/miumjau.ee\/lt\/wp-json\/wp\/v2\/product\/52029","targetHints":{"allow":["GET"]}}],"collection":[{"href":"https:\/\/miumjau.ee\/lt\/wp-json\/wp\/v2\/product"}],"about":[{"href":"https:\/\/miumjau.ee\/lt\/wp-json\/wp\/v2\/types\/product"}],"wp:featuredmedia":[{"embeddable":true,"href":"https:\/\/miumjau.ee\/lt\/wp-json\/wp\/v2\/media\/52030"}],"wp:attachment":[{"href":"https:\/\/miumjau.ee\/lt\/wp-json\/wp\/v2\/media?parent=52029"}],"wp:term":[{"taxonomy":"product_brand","embeddable":true,"href":"https:\/\/miumjau.ee\/lt\/wp-json\/wp\/v2\/product_brand?post=52029"},{"taxonomy":"product_cat","embeddable":true,"href":"https:\/\/miumjau.ee\/lt\/wp-json\/wp\/v2\/product_cat?post=52029"},{"taxonomy":"product_tag","embeddable":true,"href":"https:\/\/miumjau.ee\/lt\/wp-json\/wp\/v2\/product_tag?post=52029"}],"curies":[{"name":"wp","href":"https:\/\/api.w.org\/{rel}","templated":true}]}}