{"id":52024,"date":"2024-11-11T22:00:09","date_gmt":"2024-11-11T20:00:09","guid":{"rendered":"https:\/\/miumjau.ee\/toode\/carnilove-sausas-pasaras-dideliems-katems-su-antiena-ir-kalakutu-2-kg\/"},"modified":"2024-11-11T22:00:09","modified_gmt":"2024-11-11T20:00:09","slug":"carnilove-sausas-pasaras-dideliems-katems-su-antiena-ir-kalakutu-2-kg","status":"publish","type":"product","link":"https:\/\/miumjau.ee\/lt\/produktas\/carnilove-sausas-pasaras-dideliems-katems-su-antiena-ir-kalakutu-2-kg\/","title":{"rendered":"Carnilove sausas pa\u0161aras dideliems kat\u0117ms su antiena ir kalakutu 2 kg"},"content":{"rendered":"","protected":false},"excerpt":{"rendered":"<p data-start=\"4742\" data-end=\"4793\">Pa\u0161aras be gr\u016bd\u0173 ir bulvi\u0173 didel\u0117ms ka\u010di\u0173 veisl\u0117ms.<\/p>\n<p data-start=\"4795\" data-end=\"4880\">Carnilove holistinis pa\u0161aras sukurtas atsi\u017evelgiant \u012f ka\u010di\u0173 prot\u0117vi\u0173 nat\u016bral\u0173 elges\u012f.<\/p>\n<p data-start=\"4882\" data-end=\"5093\">Platus kruop\u0161\u010diai atrinkt\u0173 nat\u016brali\u0173 m\u0117sos \u0161altini\u0173 pasirinkimas \u2013 elniena, fazano m\u0117sa, antiena, kalakutas, \u0117riena ir la\u0161i\u0161a \u2013 atitinka nat\u016bralaus grobio sud\u0117t\u012f ir u\u017etikrina b\u016btinas nepakei\u010diamas amino r\u016bg\u0161tis.<\/p>\n<p data-start=\"5095\" data-end=\"5267\">Mi\u0161ko uogos, dar\u017eov\u0117s, nat\u016bralios uogos ir \u017eolel\u0117s suteikia reikaling\u0173 nat\u016brali\u0173 vitamin\u0173, antioksidant\u0173 ir kit\u0173 svarbi\u0173 maistini\u0173 med\u017eiag\u0173. 70 % m\u0117sos, be gr\u016bd\u0173 ir bulvi\u0173.<\/p>\n<p data-start=\"5269\" data-end=\"5482\">Subalansuota sud\u0117tis didel\u0117ms ka\u010di\u0173 veisl\u0117ms, tokioms kaip Maine Coon, American Bobtail, Ragdoll, Savannah, Chausie, Siberian, Norwegian Forest Cat ir Ocicat, siekiant palaikyti raumen\u0173, kaul\u0173 ir s\u0105nari\u0173 sveikat\u0105.<\/p>\n<p data-start=\"5484\" data-end=\"6259\"><strong data-start=\"5484\" data-end=\"5496\">Sud\u0117tis:<\/strong> antiena 32 %, kalakutas 18 %, lupin\u0173 \u017eirniai 16 %, vi\u0161tienos riebalai (konservuoti tokoferoliais) 11 %, obuoliai 6 %, be kaul\u0173 antiena 5 %, tapijokos krakmolas 3 %, vi\u0161tienos kepenys 3 %, la\u0161i\u0161\u0173 aliejus 1 %, morkos 1 %, lin\u0173 s\u0117menys 1 %, avin\u017eirniai 1 %, alyvuogi\u0173 aliejus 0,8 %, \u017eali \u017ealiosios midijos (Perna canaliculus) 0,01 %, \u017ealiosios arbatos ekstraktas 0,1 %, hidrolizuoti v\u0117\u017eiagyvi\u0173 kiautai (gliukozamino \u0161altinis) 0,026 %, kremzli\u0173 ekstraktas (chondroitino \u0161altinis) 0,016 %, alaus miel\u0117s (mano-oligosacharid\u0173 \u0161altinis) 0,016 %, cikorijos \u0161aknis (fruktooligosacharid\u0173 \u0161altinis) 0,012 %, jukos \u0161aknis 0,01 %, dumbliai 0,01 %, arbat\u017eol\u0117 0,01 %, \u010diobreliai 0,01 %, rozmarinas 0,01 %, pu\u0161kel\u0117 0,01 %, spanguol\u0117s 0,0008 %, m\u0117lyn\u0117s 0,0008 %, aviet\u0117s 0,0008 %.<\/p>\n<p data-start=\"6261\" data-end=\"6440\"><strong data-start=\"6261\" data-end=\"6283\">Analitin\u0117 sud\u0117tis:<\/strong> \u017eali baltymai 37,0 %, riebalai 18,0 %, \u017ealia l\u0105steliena 3,0 %, \u017eali pelenai 7,5 %, dr\u0117gm\u0117 10,0 %, kalcis 1,3 %, fosforas 1,0 %, natris 0,3 %, magnis 0,05 %.<\/p>\n<p data-start=\"6442\" data-end=\"6876\"><strong data-start=\"6442\" data-end=\"6462\">Papildai \/ 1 kg:<\/strong> A vitaminas (E672) 23 000 TV, D3 vitaminas (E671) 940 TV, E vitaminas (3a700) 650 TV, C vitaminas (E300) 300 mg, taurinas 2 400 mg, cholino chloridas 2 200 mg, L-karnitinas 65 mg, niacinas 45 mg, biotinas 1,8 mg, cinkas (E6) 150 mg, manganas (E5) 55 mg, gele\u017eis (E1) 48 mg, varis (E4) 11 mg, jodas (E2) 3,8 mg, selenas (E8) 0,23 mg, DL-metioninas (3.1.1) 14 mg, argininas (3c3.6.1) 12 mg, L-lizinas (3.2.3) 10 mg.<\/p>\n<p data-start=\"6878\" data-end=\"6944\" data-is-last-node=\"\" data-is-only-node=\"\"><strong data-start=\"6878\" data-end=\"6897\">Energin\u0117 vert\u0117:<\/strong> 3 950 kcal\/kg, Omega-3: 0,25 %, Omega-6: 2,5 %<\/p>\n","protected":false},"featured_media":52023,"template":"","meta":[],"product_brand":[],"product_cat":[528],"product_tag":[],"class_list":{"0":"post-52024","1":"product","2":"type-product","3":"status-publish","4":"has-post-thumbnail","6":"product_cat-sausas-maistas","8":"first","9":"instock","10":"taxable","11":"shipping-taxable","12":"purchasable","13":"product-type-simple"},"yoast_head":"<!-- This site is optimized with the Yoast SEO plugin v27.2 - https:\/\/yoast.com\/product\/yoast-seo-wordpress\/ -->\n<title>Carnilove sausas pa\u0161aras dideliems kat\u0117ms su antiena ir kalakutu 2 kg - MiuMjau<\/title>\n<meta name=\"robots\" content=\"index, follow, max-snippet:-1, max-image-preview:large, max-video-preview:-1\" \/>\n<link rel=\"canonical\" href=\"https:\/\/miumjau.ee\/lt\/produktas\/carnilove-sausas-pasaras-dideliems-katems-su-antiena-ir-kalakutu-2-kg\/\" \/>\n<meta property=\"og:locale\" content=\"lt_LT\" \/>\n<meta property=\"og:type\" content=\"article\" \/>\n<meta property=\"og:title\" content=\"Carnilove sausas pa\u0161aras dideliems kat\u0117ms su antiena ir kalakutu 2 kg - MiuMjau\" \/>\n<meta property=\"og:description\" content=\"Pa\u0161aras be gr\u016bd\u0173 ir bulvi\u0173 didel\u0117ms ka\u010di\u0173 veisl\u0117ms. Carnilove holistinis pa\u0161aras sukurtas atsi\u017evelgiant \u012f ka\u010di\u0173 prot\u0117vi\u0173 nat\u016bral\u0173 elges\u012f. Platus kruop\u0161\u010diai atrinkt\u0173 nat\u016brali\u0173 m\u0117sos \u0161altini\u0173 pasirinkimas \u2013 elniena, fazano m\u0117sa, antiena, kalakutas, \u0117riena ir la\u0161i\u0161a \u2013 atitinka nat\u016bralaus grobio sud\u0117t\u012f ir u\u017etikrina b\u016btinas nepakei\u010diamas amino r\u016bg\u0161tis. Mi\u0161ko uogos, dar\u017eov\u0117s, nat\u016bralios uogos ir \u017eolel\u0117s suteikia reikaling\u0173 nat\u016brali\u0173 vitamin\u0173, antioksidant\u0173 ir kit\u0173 svarbi\u0173 maistini\u0173 med\u017eiag\u0173. 70 % m\u0117sos, be gr\u016bd\u0173 ir bulvi\u0173. Subalansuota sud\u0117tis didel\u0117ms ka\u010di\u0173 veisl\u0117ms, tokioms kaip Maine Coon, American Bobtail, Ragdoll, Savannah, Chausie, Siberian, Norwegian Forest Cat ir Ocicat, siekiant palaikyti raumen\u0173, kaul\u0173 ir s\u0105nari\u0173 sveikat\u0105. Sud\u0117tis: antiena 32 %, kalakutas 18 %, lupin\u0173 \u017eirniai 16 %, vi\u0161tienos riebalai (konservuoti tokoferoliais) 11 %, obuoliai 6 %, be kaul\u0173 antiena 5 %, tapijokos krakmolas 3 %, vi\u0161tienos kepenys 3 %, la\u0161i\u0161\u0173 aliejus 1 %, morkos 1 %, lin\u0173 s\u0117menys 1 %, avin\u017eirniai 1 %, alyvuogi\u0173 aliejus 0,8 %, \u017eali \u017ealiosios midijos (Perna canaliculus) 0,01 %, \u017ealiosios arbatos ekstraktas 0,1 %, hidrolizuoti v\u0117\u017eiagyvi\u0173 kiautai (gliukozamino \u0161altinis) 0,026 %, kremzli\u0173 ekstraktas (chondroitino \u0161altinis) 0,016 %, alaus miel\u0117s (mano-oligosacharid\u0173 \u0161altinis) 0,016 %, cikorijos \u0161aknis (fruktooligosacharid\u0173 \u0161altinis) 0,012 %, jukos \u0161aknis 0,01 %, dumbliai 0,01 %, arbat\u017eol\u0117 0,01 %, \u010diobreliai 0,01 %, rozmarinas 0,01 %, pu\u0161kel\u0117 0,01 %, spanguol\u0117s 0,0008 %, m\u0117lyn\u0117s 0,0008 %, aviet\u0117s 0,0008 %. Analitin\u0117 sud\u0117tis: \u017eali baltymai 37,0 %, riebalai 18,0 %, \u017ealia l\u0105steliena 3,0 %, \u017eali pelenai 7,5 %, dr\u0117gm\u0117 10,0 %, kalcis 1,3 %, fosforas 1,0 %, natris 0,3 %, magnis 0,05 %. Papildai \/ 1 kg: A vitaminas (E672) 23 000 TV, D3 vitaminas (E671) 940 TV, E vitaminas (3a700) 650 TV, C vitaminas (E300) 300 mg, taurinas 2 400 mg, cholino chloridas 2 200 mg, L-karnitinas 65 mg, niacinas 45 mg, biotinas 1,8 mg, cinkas (E6) 150 mg, manganas (E5) 55 mg, gele\u017eis (E1) 48 mg, varis (E4) 11 mg, jodas (E2) 3,8 mg, selenas (E8) 0,23 mg, DL-metioninas (3.1.1) 14 mg, argininas (3c3.6.1) 12 mg, L-lizinas (3.2.3) 10 mg. Energin\u0117 vert\u0117: 3 950 kcal\/kg, Omega-3: 0,25 %, Omega-6: 2,5 %\" \/>\n<meta property=\"og:url\" content=\"https:\/\/miumjau.ee\/lt\/produktas\/carnilove-sausas-pasaras-dideliems-katems-su-antiena-ir-kalakutu-2-kg\/\" \/>\n<meta property=\"og:site_name\" content=\"MiuMjau\" \/>\n<meta property=\"article:publisher\" content=\"https:\/\/www.facebook.com\/miumjaupood\/\" \/>\n<meta property=\"og:image\" content=\"https:\/\/miumjau.ee\/wp-content\/uploads\/2024\/11\/carnilove-kuivtoit-kassidele6.jpg\" \/>\n\t<meta property=\"og:image:width\" content=\"600\" \/>\n\t<meta property=\"og:image:height\" content=\"800\" \/>\n\t<meta property=\"og:image:type\" content=\"image\/jpeg\" \/>\n<meta name=\"twitter:card\" content=\"summary_large_image\" \/>\n<script type=\"application\/ld+json\" class=\"yoast-schema-graph\">{\"@context\":\"https:\/\/schema.org\",\"@graph\":[{\"@type\":\"WebPage\",\"@id\":\"https:\/\/miumjau.ee\/lt\/produktas\/carnilove-sausas-pasaras-dideliems-katems-su-antiena-ir-kalakutu-2-kg\/\",\"url\":\"https:\/\/miumjau.ee\/lt\/produktas\/carnilove-sausas-pasaras-dideliems-katems-su-antiena-ir-kalakutu-2-kg\/\",\"name\":\"Carnilove sausas pa\u0161aras dideliems kat\u0117ms su antiena ir kalakutu 2 kg - MiuMjau\",\"isPartOf\":{\"@id\":\"https:\/\/miumjau.ee\/#website\"},\"primaryImageOfPage\":{\"@id\":\"https:\/\/miumjau.ee\/lt\/produktas\/carnilove-sausas-pasaras-dideliems-katems-su-antiena-ir-kalakutu-2-kg\/#primaryimage\"},\"image\":{\"@id\":\"https:\/\/miumjau.ee\/lt\/produktas\/carnilove-sausas-pasaras-dideliems-katems-su-antiena-ir-kalakutu-2-kg\/#primaryimage\"},\"thumbnailUrl\":\"https:\/\/miumjau.ee\/wp-content\/uploads\/2024\/11\/carnilove-kuivtoit-kassidele6.jpg\",\"datePublished\":\"2024-11-11T20:00:09+00:00\",\"breadcrumb\":{\"@id\":\"https:\/\/miumjau.ee\/lt\/produktas\/carnilove-sausas-pasaras-dideliems-katems-su-antiena-ir-kalakutu-2-kg\/#breadcrumb\"},\"inLanguage\":\"lt-LT\",\"potentialAction\":[{\"@type\":\"ReadAction\",\"target\":[\"https:\/\/miumjau.ee\/lt\/produktas\/carnilove-sausas-pasaras-dideliems-katems-su-antiena-ir-kalakutu-2-kg\/\"]}]},{\"@type\":\"ImageObject\",\"inLanguage\":\"lt-LT\",\"@id\":\"https:\/\/miumjau.ee\/lt\/produktas\/carnilove-sausas-pasaras-dideliems-katems-su-antiena-ir-kalakutu-2-kg\/#primaryimage\",\"url\":\"https:\/\/miumjau.ee\/wp-content\/uploads\/2024\/11\/carnilove-kuivtoit-kassidele6.jpg\",\"contentUrl\":\"https:\/\/miumjau.ee\/wp-content\/uploads\/2024\/11\/carnilove-kuivtoit-kassidele6.jpg\",\"width\":600,\"height\":800},{\"@type\":\"BreadcrumbList\",\"@id\":\"https:\/\/miumjau.ee\/lt\/produktas\/carnilove-sausas-pasaras-dideliems-katems-su-antiena-ir-kalakutu-2-kg\/#breadcrumb\",\"itemListElement\":[{\"@type\":\"ListItem\",\"position\":1,\"name\":\"Home\",\"item\":\"https:\/\/miumjau.ee\/lt\/\"},{\"@type\":\"ListItem\",\"position\":2,\"name\":\"Parduotuv\u0117\",\"item\":\"https:\/\/miumjau.ee\/lt\/parduotuve\/\"},{\"@type\":\"ListItem\",\"position\":3,\"name\":\"Carnilove sausas pa\u0161aras dideliems kat\u0117ms su antiena ir kalakutu 2 kg\"}]},{\"@type\":\"WebSite\",\"@id\":\"https:\/\/miumjau.ee\/#website\",\"url\":\"https:\/\/miumjau.ee\/\",\"name\":\"MiuMjau\",\"description\":\"Kraapimispuud kassidele\",\"publisher\":{\"@id\":\"https:\/\/miumjau.ee\/#organization\"},\"potentialAction\":[{\"@type\":\"SearchAction\",\"target\":{\"@type\":\"EntryPoint\",\"urlTemplate\":\"https:\/\/miumjau.ee\/?s={search_term_string}\"},\"query-input\":{\"@type\":\"PropertyValueSpecification\",\"valueRequired\":true,\"valueName\":\"search_term_string\"}}],\"inLanguage\":\"lt-LT\"},{\"@type\":\"Organization\",\"@id\":\"https:\/\/miumjau.ee\/#organization\",\"name\":\"MiuMjau O\u00dc\",\"url\":\"https:\/\/miumjau.ee\/\",\"logo\":{\"@type\":\"ImageObject\",\"inLanguage\":\"lt-LT\",\"@id\":\"https:\/\/miumjau.ee\/#\/schema\/logo\/image\/\",\"url\":\"https:\/\/miumjau.ee\/wp-content\/uploads\/2022\/04\/MiuMjau-logo-kollane.png\",\"contentUrl\":\"https:\/\/miumjau.ee\/wp-content\/uploads\/2022\/04\/MiuMjau-logo-kollane.png\",\"width\":219,\"height\":100,\"caption\":\"MiuMjau O\u00dc\"},\"image\":{\"@id\":\"https:\/\/miumjau.ee\/#\/schema\/logo\/image\/\"},\"sameAs\":[\"https:\/\/www.facebook.com\/miumjaupood\/\"]}]}<\/script>\n<!-- \/ Yoast SEO plugin. -->","yoast_head_json":{"title":"Carnilove sausas pa\u0161aras dideliems kat\u0117ms su antiena ir kalakutu 2 kg - MiuMjau","robots":{"index":"index","follow":"follow","max-snippet":"max-snippet:-1","max-image-preview":"max-image-preview:large","max-video-preview":"max-video-preview:-1"},"canonical":"https:\/\/miumjau.ee\/lt\/produktas\/carnilove-sausas-pasaras-dideliems-katems-su-antiena-ir-kalakutu-2-kg\/","og_locale":"lt_LT","og_type":"article","og_title":"Carnilove sausas pa\u0161aras dideliems kat\u0117ms su antiena ir kalakutu 2 kg - MiuMjau","og_description":"Pa\u0161aras be gr\u016bd\u0173 ir bulvi\u0173 didel\u0117ms ka\u010di\u0173 veisl\u0117ms. Carnilove holistinis pa\u0161aras sukurtas atsi\u017evelgiant \u012f ka\u010di\u0173 prot\u0117vi\u0173 nat\u016bral\u0173 elges\u012f. Platus kruop\u0161\u010diai atrinkt\u0173 nat\u016brali\u0173 m\u0117sos \u0161altini\u0173 pasirinkimas \u2013 elniena, fazano m\u0117sa, antiena, kalakutas, \u0117riena ir la\u0161i\u0161a \u2013 atitinka nat\u016bralaus grobio sud\u0117t\u012f ir u\u017etikrina b\u016btinas nepakei\u010diamas amino r\u016bg\u0161tis. Mi\u0161ko uogos, dar\u017eov\u0117s, nat\u016bralios uogos ir \u017eolel\u0117s suteikia reikaling\u0173 nat\u016brali\u0173 vitamin\u0173, antioksidant\u0173 ir kit\u0173 svarbi\u0173 maistini\u0173 med\u017eiag\u0173. 70 % m\u0117sos, be gr\u016bd\u0173 ir bulvi\u0173. Subalansuota sud\u0117tis didel\u0117ms ka\u010di\u0173 veisl\u0117ms, tokioms kaip Maine Coon, American Bobtail, Ragdoll, Savannah, Chausie, Siberian, Norwegian Forest Cat ir Ocicat, siekiant palaikyti raumen\u0173, kaul\u0173 ir s\u0105nari\u0173 sveikat\u0105. Sud\u0117tis: antiena 32 %, kalakutas 18 %, lupin\u0173 \u017eirniai 16 %, vi\u0161tienos riebalai (konservuoti tokoferoliais) 11 %, obuoliai 6 %, be kaul\u0173 antiena 5 %, tapijokos krakmolas 3 %, vi\u0161tienos kepenys 3 %, la\u0161i\u0161\u0173 aliejus 1 %, morkos 1 %, lin\u0173 s\u0117menys 1 %, avin\u017eirniai 1 %, alyvuogi\u0173 aliejus 0,8 %, \u017eali \u017ealiosios midijos (Perna canaliculus) 0,01 %, \u017ealiosios arbatos ekstraktas 0,1 %, hidrolizuoti v\u0117\u017eiagyvi\u0173 kiautai (gliukozamino \u0161altinis) 0,026 %, kremzli\u0173 ekstraktas (chondroitino \u0161altinis) 0,016 %, alaus miel\u0117s (mano-oligosacharid\u0173 \u0161altinis) 0,016 %, cikorijos \u0161aknis (fruktooligosacharid\u0173 \u0161altinis) 0,012 %, jukos \u0161aknis 0,01 %, dumbliai 0,01 %, arbat\u017eol\u0117 0,01 %, \u010diobreliai 0,01 %, rozmarinas 0,01 %, pu\u0161kel\u0117 0,01 %, spanguol\u0117s 0,0008 %, m\u0117lyn\u0117s 0,0008 %, aviet\u0117s 0,0008 %. Analitin\u0117 sud\u0117tis: \u017eali baltymai 37,0 %, riebalai 18,0 %, \u017ealia l\u0105steliena 3,0 %, \u017eali pelenai 7,5 %, dr\u0117gm\u0117 10,0 %, kalcis 1,3 %, fosforas 1,0 %, natris 0,3 %, magnis 0,05 %. Papildai \/ 1 kg: A vitaminas (E672) 23 000 TV, D3 vitaminas (E671) 940 TV, E vitaminas (3a700) 650 TV, C vitaminas (E300) 300 mg, taurinas 2 400 mg, cholino chloridas 2 200 mg, L-karnitinas 65 mg, niacinas 45 mg, biotinas 1,8 mg, cinkas (E6) 150 mg, manganas (E5) 55 mg, gele\u017eis (E1) 48 mg, varis (E4) 11 mg, jodas (E2) 3,8 mg, selenas (E8) 0,23 mg, DL-metioninas (3.1.1) 14 mg, argininas (3c3.6.1) 12 mg, L-lizinas (3.2.3) 10 mg. Energin\u0117 vert\u0117: 3 950 kcal\/kg, Omega-3: 0,25 %, Omega-6: 2,5 %","og_url":"https:\/\/miumjau.ee\/lt\/produktas\/carnilove-sausas-pasaras-dideliems-katems-su-antiena-ir-kalakutu-2-kg\/","og_site_name":"MiuMjau","article_publisher":"https:\/\/www.facebook.com\/miumjaupood\/","og_image":[{"width":600,"height":800,"url":"https:\/\/miumjau.ee\/wp-content\/uploads\/2024\/11\/carnilove-kuivtoit-kassidele6.jpg","type":"image\/jpeg"}],"twitter_card":"summary_large_image","schema":{"@context":"https:\/\/schema.org","@graph":[{"@type":"WebPage","@id":"https:\/\/miumjau.ee\/lt\/produktas\/carnilove-sausas-pasaras-dideliems-katems-su-antiena-ir-kalakutu-2-kg\/","url":"https:\/\/miumjau.ee\/lt\/produktas\/carnilove-sausas-pasaras-dideliems-katems-su-antiena-ir-kalakutu-2-kg\/","name":"Carnilove sausas pa\u0161aras dideliems kat\u0117ms su antiena ir kalakutu 2 kg - MiuMjau","isPartOf":{"@id":"https:\/\/miumjau.ee\/#website"},"primaryImageOfPage":{"@id":"https:\/\/miumjau.ee\/lt\/produktas\/carnilove-sausas-pasaras-dideliems-katems-su-antiena-ir-kalakutu-2-kg\/#primaryimage"},"image":{"@id":"https:\/\/miumjau.ee\/lt\/produktas\/carnilove-sausas-pasaras-dideliems-katems-su-antiena-ir-kalakutu-2-kg\/#primaryimage"},"thumbnailUrl":"https:\/\/miumjau.ee\/wp-content\/uploads\/2024\/11\/carnilove-kuivtoit-kassidele6.jpg","datePublished":"2024-11-11T20:00:09+00:00","breadcrumb":{"@id":"https:\/\/miumjau.ee\/lt\/produktas\/carnilove-sausas-pasaras-dideliems-katems-su-antiena-ir-kalakutu-2-kg\/#breadcrumb"},"inLanguage":"lt-LT","potentialAction":[{"@type":"ReadAction","target":["https:\/\/miumjau.ee\/lt\/produktas\/carnilove-sausas-pasaras-dideliems-katems-su-antiena-ir-kalakutu-2-kg\/"]}]},{"@type":"ImageObject","inLanguage":"lt-LT","@id":"https:\/\/miumjau.ee\/lt\/produktas\/carnilove-sausas-pasaras-dideliems-katems-su-antiena-ir-kalakutu-2-kg\/#primaryimage","url":"https:\/\/miumjau.ee\/wp-content\/uploads\/2024\/11\/carnilove-kuivtoit-kassidele6.jpg","contentUrl":"https:\/\/miumjau.ee\/wp-content\/uploads\/2024\/11\/carnilove-kuivtoit-kassidele6.jpg","width":600,"height":800},{"@type":"BreadcrumbList","@id":"https:\/\/miumjau.ee\/lt\/produktas\/carnilove-sausas-pasaras-dideliems-katems-su-antiena-ir-kalakutu-2-kg\/#breadcrumb","itemListElement":[{"@type":"ListItem","position":1,"name":"Home","item":"https:\/\/miumjau.ee\/lt\/"},{"@type":"ListItem","position":2,"name":"Parduotuv\u0117","item":"https:\/\/miumjau.ee\/lt\/parduotuve\/"},{"@type":"ListItem","position":3,"name":"Carnilove sausas pa\u0161aras dideliems kat\u0117ms su antiena ir kalakutu 2 kg"}]},{"@type":"WebSite","@id":"https:\/\/miumjau.ee\/#website","url":"https:\/\/miumjau.ee\/","name":"MiuMjau","description":"Kraapimispuud kassidele","publisher":{"@id":"https:\/\/miumjau.ee\/#organization"},"potentialAction":[{"@type":"SearchAction","target":{"@type":"EntryPoint","urlTemplate":"https:\/\/miumjau.ee\/?s={search_term_string}"},"query-input":{"@type":"PropertyValueSpecification","valueRequired":true,"valueName":"search_term_string"}}],"inLanguage":"lt-LT"},{"@type":"Organization","@id":"https:\/\/miumjau.ee\/#organization","name":"MiuMjau O\u00dc","url":"https:\/\/miumjau.ee\/","logo":{"@type":"ImageObject","inLanguage":"lt-LT","@id":"https:\/\/miumjau.ee\/#\/schema\/logo\/image\/","url":"https:\/\/miumjau.ee\/wp-content\/uploads\/2022\/04\/MiuMjau-logo-kollane.png","contentUrl":"https:\/\/miumjau.ee\/wp-content\/uploads\/2022\/04\/MiuMjau-logo-kollane.png","width":219,"height":100,"caption":"MiuMjau O\u00dc"},"image":{"@id":"https:\/\/miumjau.ee\/#\/schema\/logo\/image\/"},"sameAs":["https:\/\/www.facebook.com\/miumjaupood\/"]}]}},"_links":{"self":[{"href":"https:\/\/miumjau.ee\/lt\/wp-json\/wp\/v2\/product\/52024","targetHints":{"allow":["GET"]}}],"collection":[{"href":"https:\/\/miumjau.ee\/lt\/wp-json\/wp\/v2\/product"}],"about":[{"href":"https:\/\/miumjau.ee\/lt\/wp-json\/wp\/v2\/types\/product"}],"wp:featuredmedia":[{"embeddable":true,"href":"https:\/\/miumjau.ee\/lt\/wp-json\/wp\/v2\/media\/52023"}],"wp:attachment":[{"href":"https:\/\/miumjau.ee\/lt\/wp-json\/wp\/v2\/media?parent=52024"}],"wp:term":[{"taxonomy":"product_brand","embeddable":true,"href":"https:\/\/miumjau.ee\/lt\/wp-json\/wp\/v2\/product_brand?post=52024"},{"taxonomy":"product_cat","embeddable":true,"href":"https:\/\/miumjau.ee\/lt\/wp-json\/wp\/v2\/product_cat?post=52024"},{"taxonomy":"product_tag","embeddable":true,"href":"https:\/\/miumjau.ee\/lt\/wp-json\/wp\/v2\/product_tag?post=52024"}],"curies":[{"name":"wp","href":"https:\/\/api.w.org\/{rel}","templated":true}]}}