{"id":52017,"date":"2024-11-11T22:06:50","date_gmt":"2024-11-11T20:06:50","guid":{"rendered":"https:\/\/miumjau.ee\/toode\/carnilove-reindeer-energy-outdoor-sausas-kaciu-pasaras-6-kg\/"},"modified":"2024-11-11T22:06:50","modified_gmt":"2024-11-11T20:06:50","slug":"carnilove-reindeer-energy-outdoor-sausas-kaciu-pasaras-6-kg","status":"publish","type":"product","link":"https:\/\/miumjau.ee\/lt\/produktas\/carnilove-reindeer-energy-outdoor-sausas-kaciu-pasaras-6-kg\/","title":{"rendered":"Carnilove Reindeer Energy Outdoor sausas ka\u010di\u0173 pa\u0161aras 6 kg"},"content":{"rendered":"","protected":false},"excerpt":{"rendered":"<p data-start=\"2809\" data-end=\"2876\">Visavertis pa\u0161aras be gr\u016bd\u0173 ir bulvi\u0173 suaugusioms aktyvioms kat\u0117ms.<\/p>\n<p data-start=\"2878\" data-end=\"3561\"><strong data-start=\"2878\" data-end=\"2890\">Sud\u0117tis:<\/strong> \u0161iaurini\u0173 elni\u0173 m\u0117sa (28 %), \u0161ernienos m\u0117sa (28 %), geltonieji \u017eirniai (18 %), vi\u0161tienos riebalai (konservuoti tokoferoliais 13 %), vi\u0161tienos kepenys (4 %), tapijokos krakmolas (2 %), la\u0161i\u0161\u0173 aliejus (2 %), obuoliai (2 %), morkos (1 %), lin\u0173 s\u0117menys (1 %), avin\u017eirniai (1 %), hidrolizuoti v\u0117\u017eiagyvi\u0173 kiautai (gliukozamino \u0161altinis 0,026 %), kremzl\u0117s ekstraktas (chondroitino \u0161altinis 0,016 %), alaus miel\u0117s (mano-oligosacharid\u0173 \u0161altinis 0,016 %), cikorija (fruktooligosacharid\u0173 \u0161altinis 0,012 %), juka 0,01 %, dumbliai (0,01 %), psilis (0,01 %), \u010diobreliai (0,01 %), rozmarinas (0,01 %), raudon\u0117lis (0,01 %), spanguol\u0117s (0,0008 %), m\u0117lyn\u0117s (0,0008 %), aviet\u0117s (0,0008 %).<\/p>\n<p data-start=\"3563\" data-end=\"3879\"><strong data-start=\"3563\" data-end=\"3582\">Vitaminai 1 kg:<\/strong> A 23 000 TV, D3 943 TV, E 650 TV, vitaminas C 300 mg, taurinas 2400 mg, cholino chloridas 2200 mg, L-karnitinas 65 mg, niacinas 45 mg, biotinas 1,8 mg, cinkas 150 mg, manganas 55 mg, gele\u017eis 48 mg, varis 11 mg, jodas 3,8 mg, selenas 0,23 mg, DL-metioninas 14 mg, argininas 12 mg, L-lizinas 10 mg.<\/p>\n<p data-start=\"3881\" data-end=\"4059\"><strong data-start=\"3881\" data-end=\"3903\">Analitin\u0117 sud\u0117tis:<\/strong> \u017eali baltymai 41,0 %, riebalai 19,0 %, \u017eali pelenai 5,5 %, \u017ealia l\u0105steliena 2,5 %, dr\u0117gm\u0117 10,0 %, kalcis 1,1 %, fosforas 0,9 %, kalis 0,3 %, magnis 0,08 %.<\/p>\n<p data-start=\"4061\" data-end=\"4098\" data-is-last-node=\"\" data-is-only-node=\"\"><strong data-start=\"4061\" data-end=\"4085\">Metabolin\u0117 energija:<\/strong> 4050 kcal\/kg<\/p>\n","protected":false},"featured_media":52015,"template":"","meta":[],"product_brand":[],"product_cat":[528],"product_tag":[],"class_list":{"0":"post-52017","1":"product","2":"type-product","3":"status-publish","4":"has-post-thumbnail","6":"product_cat-sausas-maistas","8":"first","9":"instock","10":"sale","11":"taxable","12":"shipping-taxable","13":"purchasable","14":"product-type-simple"},"yoast_head":"<!-- This site is optimized with the Yoast SEO plugin v27.2 - https:\/\/yoast.com\/product\/yoast-seo-wordpress\/ -->\n<title>Carnilove Reindeer Energy Outdoor sausas ka\u010di\u0173 pa\u0161aras 6 kg - MiuMjau<\/title>\n<meta name=\"robots\" content=\"index, follow, max-snippet:-1, max-image-preview:large, max-video-preview:-1\" \/>\n<link rel=\"canonical\" href=\"https:\/\/miumjau.ee\/lt\/produktas\/carnilove-reindeer-energy-outdoor-sausas-kaciu-pasaras-6-kg\/\" \/>\n<meta property=\"og:locale\" content=\"lt_LT\" \/>\n<meta property=\"og:type\" content=\"article\" \/>\n<meta property=\"og:title\" content=\"Carnilove Reindeer Energy Outdoor sausas ka\u010di\u0173 pa\u0161aras 6 kg - MiuMjau\" \/>\n<meta property=\"og:description\" content=\"Visavertis pa\u0161aras be gr\u016bd\u0173 ir bulvi\u0173 suaugusioms aktyvioms kat\u0117ms. Sud\u0117tis: \u0161iaurini\u0173 elni\u0173 m\u0117sa (28 %), \u0161ernienos m\u0117sa (28 %), geltonieji \u017eirniai (18 %), vi\u0161tienos riebalai (konservuoti tokoferoliais 13 %), vi\u0161tienos kepenys (4 %), tapijokos krakmolas (2 %), la\u0161i\u0161\u0173 aliejus (2 %), obuoliai (2 %), morkos (1 %), lin\u0173 s\u0117menys (1 %), avin\u017eirniai (1 %), hidrolizuoti v\u0117\u017eiagyvi\u0173 kiautai (gliukozamino \u0161altinis 0,026 %), kremzl\u0117s ekstraktas (chondroitino \u0161altinis 0,016 %), alaus miel\u0117s (mano-oligosacharid\u0173 \u0161altinis 0,016 %), cikorija (fruktooligosacharid\u0173 \u0161altinis 0,012 %), juka 0,01 %, dumbliai (0,01 %), psilis (0,01 %), \u010diobreliai (0,01 %), rozmarinas (0,01 %), raudon\u0117lis (0,01 %), spanguol\u0117s (0,0008 %), m\u0117lyn\u0117s (0,0008 %), aviet\u0117s (0,0008 %). Vitaminai 1 kg: A 23 000 TV, D3 943 TV, E 650 TV, vitaminas C 300 mg, taurinas 2400 mg, cholino chloridas 2200 mg, L-karnitinas 65 mg, niacinas 45 mg, biotinas 1,8 mg, cinkas 150 mg, manganas 55 mg, gele\u017eis 48 mg, varis 11 mg, jodas 3,8 mg, selenas 0,23 mg, DL-metioninas 14 mg, argininas 12 mg, L-lizinas 10 mg. Analitin\u0117 sud\u0117tis: \u017eali baltymai 41,0 %, riebalai 19,0 %, \u017eali pelenai 5,5 %, \u017ealia l\u0105steliena 2,5 %, dr\u0117gm\u0117 10,0 %, kalcis 1,1 %, fosforas 0,9 %, kalis 0,3 %, magnis 0,08 %. Metabolin\u0117 energija: 4050 kcal\/kg\" \/>\n<meta property=\"og:url\" content=\"https:\/\/miumjau.ee\/lt\/produktas\/carnilove-reindeer-energy-outdoor-sausas-kaciu-pasaras-6-kg\/\" \/>\n<meta property=\"og:site_name\" content=\"MiuMjau\" \/>\n<meta property=\"article:publisher\" content=\"https:\/\/www.facebook.com\/miumjaupood\/\" \/>\n<meta property=\"og:image\" content=\"https:\/\/miumjau.ee\/wp-content\/uploads\/2024\/11\/carnilove-kuivtoit-kassidele7.jpg\" \/>\n\t<meta property=\"og:image:width\" content=\"600\" \/>\n\t<meta property=\"og:image:height\" content=\"800\" \/>\n\t<meta property=\"og:image:type\" content=\"image\/jpeg\" \/>\n<meta name=\"twitter:card\" content=\"summary_large_image\" \/>\n<script type=\"application\/ld+json\" class=\"yoast-schema-graph\">{\"@context\":\"https:\/\/schema.org\",\"@graph\":[{\"@type\":\"WebPage\",\"@id\":\"https:\/\/miumjau.ee\/lt\/produktas\/carnilove-reindeer-energy-outdoor-sausas-kaciu-pasaras-6-kg\/\",\"url\":\"https:\/\/miumjau.ee\/lt\/produktas\/carnilove-reindeer-energy-outdoor-sausas-kaciu-pasaras-6-kg\/\",\"name\":\"Carnilove Reindeer Energy Outdoor sausas ka\u010di\u0173 pa\u0161aras 6 kg - MiuMjau\",\"isPartOf\":{\"@id\":\"https:\/\/miumjau.ee\/#website\"},\"primaryImageOfPage\":{\"@id\":\"https:\/\/miumjau.ee\/lt\/produktas\/carnilove-reindeer-energy-outdoor-sausas-kaciu-pasaras-6-kg\/#primaryimage\"},\"image\":{\"@id\":\"https:\/\/miumjau.ee\/lt\/produktas\/carnilove-reindeer-energy-outdoor-sausas-kaciu-pasaras-6-kg\/#primaryimage\"},\"thumbnailUrl\":\"https:\/\/miumjau.ee\/wp-content\/uploads\/2024\/11\/carnilove-kuivtoit-kassidele7.jpg\",\"datePublished\":\"2024-11-11T20:06:50+00:00\",\"breadcrumb\":{\"@id\":\"https:\/\/miumjau.ee\/lt\/produktas\/carnilove-reindeer-energy-outdoor-sausas-kaciu-pasaras-6-kg\/#breadcrumb\"},\"inLanguage\":\"lt-LT\",\"potentialAction\":[{\"@type\":\"ReadAction\",\"target\":[\"https:\/\/miumjau.ee\/lt\/produktas\/carnilove-reindeer-energy-outdoor-sausas-kaciu-pasaras-6-kg\/\"]}]},{\"@type\":\"ImageObject\",\"inLanguage\":\"lt-LT\",\"@id\":\"https:\/\/miumjau.ee\/lt\/produktas\/carnilove-reindeer-energy-outdoor-sausas-kaciu-pasaras-6-kg\/#primaryimage\",\"url\":\"https:\/\/miumjau.ee\/wp-content\/uploads\/2024\/11\/carnilove-kuivtoit-kassidele7.jpg\",\"contentUrl\":\"https:\/\/miumjau.ee\/wp-content\/uploads\/2024\/11\/carnilove-kuivtoit-kassidele7.jpg\",\"width\":600,\"height\":800},{\"@type\":\"BreadcrumbList\",\"@id\":\"https:\/\/miumjau.ee\/lt\/produktas\/carnilove-reindeer-energy-outdoor-sausas-kaciu-pasaras-6-kg\/#breadcrumb\",\"itemListElement\":[{\"@type\":\"ListItem\",\"position\":1,\"name\":\"Home\",\"item\":\"https:\/\/miumjau.ee\/lt\/\"},{\"@type\":\"ListItem\",\"position\":2,\"name\":\"Parduotuv\u0117\",\"item\":\"https:\/\/miumjau.ee\/lt\/parduotuve\/\"},{\"@type\":\"ListItem\",\"position\":3,\"name\":\"Carnilove Reindeer Energy Outdoor sausas ka\u010di\u0173 pa\u0161aras 6 kg\"}]},{\"@type\":\"WebSite\",\"@id\":\"https:\/\/miumjau.ee\/#website\",\"url\":\"https:\/\/miumjau.ee\/\",\"name\":\"MiuMjau\",\"description\":\"Kraapimispuud kassidele\",\"publisher\":{\"@id\":\"https:\/\/miumjau.ee\/#organization\"},\"potentialAction\":[{\"@type\":\"SearchAction\",\"target\":{\"@type\":\"EntryPoint\",\"urlTemplate\":\"https:\/\/miumjau.ee\/?s={search_term_string}\"},\"query-input\":{\"@type\":\"PropertyValueSpecification\",\"valueRequired\":true,\"valueName\":\"search_term_string\"}}],\"inLanguage\":\"lt-LT\"},{\"@type\":\"Organization\",\"@id\":\"https:\/\/miumjau.ee\/#organization\",\"name\":\"MiuMjau O\u00dc\",\"url\":\"https:\/\/miumjau.ee\/\",\"logo\":{\"@type\":\"ImageObject\",\"inLanguage\":\"lt-LT\",\"@id\":\"https:\/\/miumjau.ee\/#\/schema\/logo\/image\/\",\"url\":\"https:\/\/miumjau.ee\/wp-content\/uploads\/2022\/04\/MiuMjau-logo-kollane.png\",\"contentUrl\":\"https:\/\/miumjau.ee\/wp-content\/uploads\/2022\/04\/MiuMjau-logo-kollane.png\",\"width\":219,\"height\":100,\"caption\":\"MiuMjau O\u00dc\"},\"image\":{\"@id\":\"https:\/\/miumjau.ee\/#\/schema\/logo\/image\/\"},\"sameAs\":[\"https:\/\/www.facebook.com\/miumjaupood\/\"]}]}<\/script>\n<!-- \/ Yoast SEO plugin. -->","yoast_head_json":{"title":"Carnilove Reindeer Energy Outdoor sausas ka\u010di\u0173 pa\u0161aras 6 kg - MiuMjau","robots":{"index":"index","follow":"follow","max-snippet":"max-snippet:-1","max-image-preview":"max-image-preview:large","max-video-preview":"max-video-preview:-1"},"canonical":"https:\/\/miumjau.ee\/lt\/produktas\/carnilove-reindeer-energy-outdoor-sausas-kaciu-pasaras-6-kg\/","og_locale":"lt_LT","og_type":"article","og_title":"Carnilove Reindeer Energy Outdoor sausas ka\u010di\u0173 pa\u0161aras 6 kg - MiuMjau","og_description":"Visavertis pa\u0161aras be gr\u016bd\u0173 ir bulvi\u0173 suaugusioms aktyvioms kat\u0117ms. Sud\u0117tis: \u0161iaurini\u0173 elni\u0173 m\u0117sa (28 %), \u0161ernienos m\u0117sa (28 %), geltonieji \u017eirniai (18 %), vi\u0161tienos riebalai (konservuoti tokoferoliais 13 %), vi\u0161tienos kepenys (4 %), tapijokos krakmolas (2 %), la\u0161i\u0161\u0173 aliejus (2 %), obuoliai (2 %), morkos (1 %), lin\u0173 s\u0117menys (1 %), avin\u017eirniai (1 %), hidrolizuoti v\u0117\u017eiagyvi\u0173 kiautai (gliukozamino \u0161altinis 0,026 %), kremzl\u0117s ekstraktas (chondroitino \u0161altinis 0,016 %), alaus miel\u0117s (mano-oligosacharid\u0173 \u0161altinis 0,016 %), cikorija (fruktooligosacharid\u0173 \u0161altinis 0,012 %), juka 0,01 %, dumbliai (0,01 %), psilis (0,01 %), \u010diobreliai (0,01 %), rozmarinas (0,01 %), raudon\u0117lis (0,01 %), spanguol\u0117s (0,0008 %), m\u0117lyn\u0117s (0,0008 %), aviet\u0117s (0,0008 %). Vitaminai 1 kg: A 23 000 TV, D3 943 TV, E 650 TV, vitaminas C 300 mg, taurinas 2400 mg, cholino chloridas 2200 mg, L-karnitinas 65 mg, niacinas 45 mg, biotinas 1,8 mg, cinkas 150 mg, manganas 55 mg, gele\u017eis 48 mg, varis 11 mg, jodas 3,8 mg, selenas 0,23 mg, DL-metioninas 14 mg, argininas 12 mg, L-lizinas 10 mg. Analitin\u0117 sud\u0117tis: \u017eali baltymai 41,0 %, riebalai 19,0 %, \u017eali pelenai 5,5 %, \u017ealia l\u0105steliena 2,5 %, dr\u0117gm\u0117 10,0 %, kalcis 1,1 %, fosforas 0,9 %, kalis 0,3 %, magnis 0,08 %. Metabolin\u0117 energija: 4050 kcal\/kg","og_url":"https:\/\/miumjau.ee\/lt\/produktas\/carnilove-reindeer-energy-outdoor-sausas-kaciu-pasaras-6-kg\/","og_site_name":"MiuMjau","article_publisher":"https:\/\/www.facebook.com\/miumjaupood\/","og_image":[{"width":600,"height":800,"url":"https:\/\/miumjau.ee\/wp-content\/uploads\/2024\/11\/carnilove-kuivtoit-kassidele7.jpg","type":"image\/jpeg"}],"twitter_card":"summary_large_image","schema":{"@context":"https:\/\/schema.org","@graph":[{"@type":"WebPage","@id":"https:\/\/miumjau.ee\/lt\/produktas\/carnilove-reindeer-energy-outdoor-sausas-kaciu-pasaras-6-kg\/","url":"https:\/\/miumjau.ee\/lt\/produktas\/carnilove-reindeer-energy-outdoor-sausas-kaciu-pasaras-6-kg\/","name":"Carnilove Reindeer Energy Outdoor sausas ka\u010di\u0173 pa\u0161aras 6 kg - MiuMjau","isPartOf":{"@id":"https:\/\/miumjau.ee\/#website"},"primaryImageOfPage":{"@id":"https:\/\/miumjau.ee\/lt\/produktas\/carnilove-reindeer-energy-outdoor-sausas-kaciu-pasaras-6-kg\/#primaryimage"},"image":{"@id":"https:\/\/miumjau.ee\/lt\/produktas\/carnilove-reindeer-energy-outdoor-sausas-kaciu-pasaras-6-kg\/#primaryimage"},"thumbnailUrl":"https:\/\/miumjau.ee\/wp-content\/uploads\/2024\/11\/carnilove-kuivtoit-kassidele7.jpg","datePublished":"2024-11-11T20:06:50+00:00","breadcrumb":{"@id":"https:\/\/miumjau.ee\/lt\/produktas\/carnilove-reindeer-energy-outdoor-sausas-kaciu-pasaras-6-kg\/#breadcrumb"},"inLanguage":"lt-LT","potentialAction":[{"@type":"ReadAction","target":["https:\/\/miumjau.ee\/lt\/produktas\/carnilove-reindeer-energy-outdoor-sausas-kaciu-pasaras-6-kg\/"]}]},{"@type":"ImageObject","inLanguage":"lt-LT","@id":"https:\/\/miumjau.ee\/lt\/produktas\/carnilove-reindeer-energy-outdoor-sausas-kaciu-pasaras-6-kg\/#primaryimage","url":"https:\/\/miumjau.ee\/wp-content\/uploads\/2024\/11\/carnilove-kuivtoit-kassidele7.jpg","contentUrl":"https:\/\/miumjau.ee\/wp-content\/uploads\/2024\/11\/carnilove-kuivtoit-kassidele7.jpg","width":600,"height":800},{"@type":"BreadcrumbList","@id":"https:\/\/miumjau.ee\/lt\/produktas\/carnilove-reindeer-energy-outdoor-sausas-kaciu-pasaras-6-kg\/#breadcrumb","itemListElement":[{"@type":"ListItem","position":1,"name":"Home","item":"https:\/\/miumjau.ee\/lt\/"},{"@type":"ListItem","position":2,"name":"Parduotuv\u0117","item":"https:\/\/miumjau.ee\/lt\/parduotuve\/"},{"@type":"ListItem","position":3,"name":"Carnilove Reindeer Energy Outdoor sausas ka\u010di\u0173 pa\u0161aras 6 kg"}]},{"@type":"WebSite","@id":"https:\/\/miumjau.ee\/#website","url":"https:\/\/miumjau.ee\/","name":"MiuMjau","description":"Kraapimispuud kassidele","publisher":{"@id":"https:\/\/miumjau.ee\/#organization"},"potentialAction":[{"@type":"SearchAction","target":{"@type":"EntryPoint","urlTemplate":"https:\/\/miumjau.ee\/?s={search_term_string}"},"query-input":{"@type":"PropertyValueSpecification","valueRequired":true,"valueName":"search_term_string"}}],"inLanguage":"lt-LT"},{"@type":"Organization","@id":"https:\/\/miumjau.ee\/#organization","name":"MiuMjau O\u00dc","url":"https:\/\/miumjau.ee\/","logo":{"@type":"ImageObject","inLanguage":"lt-LT","@id":"https:\/\/miumjau.ee\/#\/schema\/logo\/image\/","url":"https:\/\/miumjau.ee\/wp-content\/uploads\/2022\/04\/MiuMjau-logo-kollane.png","contentUrl":"https:\/\/miumjau.ee\/wp-content\/uploads\/2022\/04\/MiuMjau-logo-kollane.png","width":219,"height":100,"caption":"MiuMjau O\u00dc"},"image":{"@id":"https:\/\/miumjau.ee\/#\/schema\/logo\/image\/"},"sameAs":["https:\/\/www.facebook.com\/miumjaupood\/"]}]}},"_links":{"self":[{"href":"https:\/\/miumjau.ee\/lt\/wp-json\/wp\/v2\/product\/52017","targetHints":{"allow":["GET"]}}],"collection":[{"href":"https:\/\/miumjau.ee\/lt\/wp-json\/wp\/v2\/product"}],"about":[{"href":"https:\/\/miumjau.ee\/lt\/wp-json\/wp\/v2\/types\/product"}],"wp:featuredmedia":[{"embeddable":true,"href":"https:\/\/miumjau.ee\/lt\/wp-json\/wp\/v2\/media\/52015"}],"wp:attachment":[{"href":"https:\/\/miumjau.ee\/lt\/wp-json\/wp\/v2\/media?parent=52017"}],"wp:term":[{"taxonomy":"product_brand","embeddable":true,"href":"https:\/\/miumjau.ee\/lt\/wp-json\/wp\/v2\/product_brand?post=52017"},{"taxonomy":"product_cat","embeddable":true,"href":"https:\/\/miumjau.ee\/lt\/wp-json\/wp\/v2\/product_cat?post=52017"},{"taxonomy":"product_tag","embeddable":true,"href":"https:\/\/miumjau.ee\/lt\/wp-json\/wp\/v2\/product_tag?post=52017"}],"curies":[{"name":"wp","href":"https:\/\/api.w.org\/{rel}","templated":true}]}}