{"id":51988,"date":"2026-01-08T09:45:46","date_gmt":"2026-01-08T07:45:46","guid":{"rendered":"https:\/\/miumjau.ee\/toode\/suns-dubenelis-dog-fantasy-gallery-450-ml\/"},"modified":"2026-01-08T09:45:46","modified_gmt":"2026-01-08T07:45:46","slug":"suns-dubenelis-dog-fantasy-gallery-450-ml","status":"publish","type":"product","link":"https:\/\/miumjau.ee\/lt\/produktas\/suns-dubenelis-dog-fantasy-gallery-450-ml\/","title":{"rendered":"\u0160uns duben\u0117lis Dog Fantasy Gallery 450 ml"},"content":{"rendered":"","protected":false},"excerpt":{"rendered":"<p data-start=\"2376\" data-end=\"2798\">\u201eGallery\u201c kolekcijos duben\u0117lis \u2013 kai net kasdienis \u0161\u0117rimas tampa menu.<br data-start=\"2446\" data-end=\"2449\" \/>Stilingas ir funkcionalus \u0161uns duben\u0117lis su unikaliu dizainu, kuris sujungia prakti\u0161kum\u0105 ir elegancij\u0105.<br data-start=\"2552\" data-end=\"2555\" \/>Tinka tiek maistui, tiek vandeniui, lengvai valomas ir pagamintas i\u0161 patvarios bei ilgaam\u017e\u0117s med\u017eiagos, u\u017etikrinan\u010dios patog\u0173 kasdien\u012f naudojim\u0105.<br data-start=\"2700\" data-end=\"2703\" \/>Tai ne tik duben\u0117lis, bet ir gra\u017eus interjero elementas, derantis prie modernaus nam\u0173 stiliaus.<\/p>\n<p data-start=\"2800\" data-end=\"2812\"><strong data-start=\"2800\" data-end=\"2812\">Savyb\u0117s:<\/strong><\/p>\n<p data-start=\"2814\" data-end=\"3039\">Tinka tiek vandeniui, tiek maistui<br data-start=\"2848\" data-end=\"2851\" \/>Modernus \u201eGallery\u201c kolekcijos dizainas<br data-start=\"2889\" data-end=\"2892\" \/>Lengvai valomas, paprasta pri\u017ei\u016br\u0117ti<br data-start=\"2928\" data-end=\"2931\" \/>Tvirta ir patvari med\u017eiagos danga \u2013 ilgalaikiam naudojimui<br data-start=\"2989\" data-end=\"2992\" \/>Galimi trys dyd\u017eiai: 220 ml, 450 ml ir 750 ml<\/p>\n","protected":false},"featured_media":51866,"template":"","meta":[],"product_brand":[],"product_cat":[543],"product_tag":[],"class_list":{"0":"post-51988","1":"product","2":"type-product","3":"status-publish","4":"has-post-thumbnail","6":"product_cat-maisto-ir-gerimu-indai","8":"first","9":"instock","10":"taxable","11":"shipping-taxable","12":"purchasable","13":"product-type-simple"},"yoast_head":"<!-- This site is optimized with the Yoast SEO plugin v27.2 - https:\/\/yoast.com\/product\/yoast-seo-wordpress\/ -->\n<title>\u0160uns duben\u0117lis Dog Fantasy Gallery 450 ml - MiuMjau<\/title>\n<meta name=\"robots\" content=\"index, follow, max-snippet:-1, max-image-preview:large, max-video-preview:-1\" \/>\n<link rel=\"canonical\" href=\"https:\/\/miumjau.ee\/lt\/produktas\/suns-dubenelis-dog-fantasy-gallery-450-ml\/\" \/>\n<meta property=\"og:locale\" content=\"lt_LT\" \/>\n<meta property=\"og:type\" content=\"article\" \/>\n<meta property=\"og:title\" content=\"\u0160uns duben\u0117lis Dog Fantasy Gallery 450 ml - MiuMjau\" \/>\n<meta property=\"og:description\" content=\"\u201eGallery\u201c kolekcijos duben\u0117lis \u2013 kai net kasdienis \u0161\u0117rimas tampa menu.Stilingas ir funkcionalus \u0161uns duben\u0117lis su unikaliu dizainu, kuris sujungia prakti\u0161kum\u0105 ir elegancij\u0105.Tinka tiek maistui, tiek vandeniui, lengvai valomas ir pagamintas i\u0161 patvarios bei ilgaam\u017e\u0117s med\u017eiagos, u\u017etikrinan\u010dios patog\u0173 kasdien\u012f naudojim\u0105.Tai ne tik duben\u0117lis, bet ir gra\u017eus interjero elementas, derantis prie modernaus nam\u0173 stiliaus. Savyb\u0117s: Tinka tiek vandeniui, tiek maistuiModernus \u201eGallery\u201c kolekcijos dizainasLengvai valomas, paprasta pri\u017ei\u016br\u0117tiTvirta ir patvari med\u017eiagos danga \u2013 ilgalaikiam naudojimuiGalimi trys dyd\u017eiai: 220 ml, 450 ml ir 750 ml\" \/>\n<meta property=\"og:url\" content=\"https:\/\/miumjau.ee\/lt\/produktas\/suns-dubenelis-dog-fantasy-gallery-450-ml\/\" \/>\n<meta property=\"og:site_name\" content=\"MiuMjau\" \/>\n<meta property=\"article:publisher\" content=\"https:\/\/www.facebook.com\/miumjaupood\/\" \/>\n<meta property=\"og:image\" content=\"https:\/\/miumjau.ee\/wp-content\/uploads\/2026\/01\/toidukauss-koerale-gallery3.jpg\" \/>\n\t<meta property=\"og:image:width\" content=\"600\" \/>\n\t<meta property=\"og:image:height\" content=\"800\" \/>\n\t<meta property=\"og:image:type\" content=\"image\/jpeg\" \/>\n<meta name=\"twitter:card\" content=\"summary_large_image\" \/>\n<script type=\"application\/ld+json\" class=\"yoast-schema-graph\">{\"@context\":\"https:\/\/schema.org\",\"@graph\":[{\"@type\":\"WebPage\",\"@id\":\"https:\/\/miumjau.ee\/lt\/produktas\/suns-dubenelis-dog-fantasy-gallery-450-ml\/\",\"url\":\"https:\/\/miumjau.ee\/lt\/produktas\/suns-dubenelis-dog-fantasy-gallery-450-ml\/\",\"name\":\"\u0160uns duben\u0117lis Dog Fantasy Gallery 450 ml - MiuMjau\",\"isPartOf\":{\"@id\":\"https:\/\/miumjau.ee\/#website\"},\"primaryImageOfPage\":{\"@id\":\"https:\/\/miumjau.ee\/lt\/produktas\/suns-dubenelis-dog-fantasy-gallery-450-ml\/#primaryimage\"},\"image\":{\"@id\":\"https:\/\/miumjau.ee\/lt\/produktas\/suns-dubenelis-dog-fantasy-gallery-450-ml\/#primaryimage\"},\"thumbnailUrl\":\"https:\/\/miumjau.ee\/wp-content\/uploads\/2026\/01\/toidukauss-koerale-gallery3.jpg\",\"datePublished\":\"2026-01-08T07:45:46+00:00\",\"breadcrumb\":{\"@id\":\"https:\/\/miumjau.ee\/lt\/produktas\/suns-dubenelis-dog-fantasy-gallery-450-ml\/#breadcrumb\"},\"inLanguage\":\"lt-LT\",\"potentialAction\":[{\"@type\":\"ReadAction\",\"target\":[\"https:\/\/miumjau.ee\/lt\/produktas\/suns-dubenelis-dog-fantasy-gallery-450-ml\/\"]}]},{\"@type\":\"ImageObject\",\"inLanguage\":\"lt-LT\",\"@id\":\"https:\/\/miumjau.ee\/lt\/produktas\/suns-dubenelis-dog-fantasy-gallery-450-ml\/#primaryimage\",\"url\":\"https:\/\/miumjau.ee\/wp-content\/uploads\/2026\/01\/toidukauss-koerale-gallery3.jpg\",\"contentUrl\":\"https:\/\/miumjau.ee\/wp-content\/uploads\/2026\/01\/toidukauss-koerale-gallery3.jpg\",\"width\":600,\"height\":800,\"caption\":\"Toidukauss koerale Dog Fantasy Gallery\"},{\"@type\":\"BreadcrumbList\",\"@id\":\"https:\/\/miumjau.ee\/lt\/produktas\/suns-dubenelis-dog-fantasy-gallery-450-ml\/#breadcrumb\",\"itemListElement\":[{\"@type\":\"ListItem\",\"position\":1,\"name\":\"Home\",\"item\":\"https:\/\/miumjau.ee\/lt\/\"},{\"@type\":\"ListItem\",\"position\":2,\"name\":\"Parduotuv\u0117\",\"item\":\"https:\/\/miumjau.ee\/lt\/parduotuve\/\"},{\"@type\":\"ListItem\",\"position\":3,\"name\":\"\u0160uns duben\u0117lis Dog Fantasy Gallery 450 ml\"}]},{\"@type\":\"WebSite\",\"@id\":\"https:\/\/miumjau.ee\/#website\",\"url\":\"https:\/\/miumjau.ee\/\",\"name\":\"MiuMjau\",\"description\":\"Kraapimispuud kassidele\",\"publisher\":{\"@id\":\"https:\/\/miumjau.ee\/#organization\"},\"potentialAction\":[{\"@type\":\"SearchAction\",\"target\":{\"@type\":\"EntryPoint\",\"urlTemplate\":\"https:\/\/miumjau.ee\/?s={search_term_string}\"},\"query-input\":{\"@type\":\"PropertyValueSpecification\",\"valueRequired\":true,\"valueName\":\"search_term_string\"}}],\"inLanguage\":\"lt-LT\"},{\"@type\":\"Organization\",\"@id\":\"https:\/\/miumjau.ee\/#organization\",\"name\":\"MiuMjau O\u00dc\",\"url\":\"https:\/\/miumjau.ee\/\",\"logo\":{\"@type\":\"ImageObject\",\"inLanguage\":\"lt-LT\",\"@id\":\"https:\/\/miumjau.ee\/#\/schema\/logo\/image\/\",\"url\":\"https:\/\/miumjau.ee\/wp-content\/uploads\/2022\/04\/MiuMjau-logo-kollane.png\",\"contentUrl\":\"https:\/\/miumjau.ee\/wp-content\/uploads\/2022\/04\/MiuMjau-logo-kollane.png\",\"width\":219,\"height\":100,\"caption\":\"MiuMjau O\u00dc\"},\"image\":{\"@id\":\"https:\/\/miumjau.ee\/#\/schema\/logo\/image\/\"},\"sameAs\":[\"https:\/\/www.facebook.com\/miumjaupood\/\"]}]}<\/script>\n<!-- \/ Yoast SEO plugin. -->","yoast_head_json":{"title":"\u0160uns duben\u0117lis Dog Fantasy Gallery 450 ml - MiuMjau","robots":{"index":"index","follow":"follow","max-snippet":"max-snippet:-1","max-image-preview":"max-image-preview:large","max-video-preview":"max-video-preview:-1"},"canonical":"https:\/\/miumjau.ee\/lt\/produktas\/suns-dubenelis-dog-fantasy-gallery-450-ml\/","og_locale":"lt_LT","og_type":"article","og_title":"\u0160uns duben\u0117lis Dog Fantasy Gallery 450 ml - MiuMjau","og_description":"\u201eGallery\u201c kolekcijos duben\u0117lis \u2013 kai net kasdienis \u0161\u0117rimas tampa menu.Stilingas ir funkcionalus \u0161uns duben\u0117lis su unikaliu dizainu, kuris sujungia prakti\u0161kum\u0105 ir elegancij\u0105.Tinka tiek maistui, tiek vandeniui, lengvai valomas ir pagamintas i\u0161 patvarios bei ilgaam\u017e\u0117s med\u017eiagos, u\u017etikrinan\u010dios patog\u0173 kasdien\u012f naudojim\u0105.Tai ne tik duben\u0117lis, bet ir gra\u017eus interjero elementas, derantis prie modernaus nam\u0173 stiliaus. Savyb\u0117s: Tinka tiek vandeniui, tiek maistuiModernus \u201eGallery\u201c kolekcijos dizainasLengvai valomas, paprasta pri\u017ei\u016br\u0117tiTvirta ir patvari med\u017eiagos danga \u2013 ilgalaikiam naudojimuiGalimi trys dyd\u017eiai: 220 ml, 450 ml ir 750 ml","og_url":"https:\/\/miumjau.ee\/lt\/produktas\/suns-dubenelis-dog-fantasy-gallery-450-ml\/","og_site_name":"MiuMjau","article_publisher":"https:\/\/www.facebook.com\/miumjaupood\/","og_image":[{"width":600,"height":800,"url":"https:\/\/miumjau.ee\/wp-content\/uploads\/2026\/01\/toidukauss-koerale-gallery3.jpg","type":"image\/jpeg"}],"twitter_card":"summary_large_image","schema":{"@context":"https:\/\/schema.org","@graph":[{"@type":"WebPage","@id":"https:\/\/miumjau.ee\/lt\/produktas\/suns-dubenelis-dog-fantasy-gallery-450-ml\/","url":"https:\/\/miumjau.ee\/lt\/produktas\/suns-dubenelis-dog-fantasy-gallery-450-ml\/","name":"\u0160uns duben\u0117lis Dog Fantasy Gallery 450 ml - MiuMjau","isPartOf":{"@id":"https:\/\/miumjau.ee\/#website"},"primaryImageOfPage":{"@id":"https:\/\/miumjau.ee\/lt\/produktas\/suns-dubenelis-dog-fantasy-gallery-450-ml\/#primaryimage"},"image":{"@id":"https:\/\/miumjau.ee\/lt\/produktas\/suns-dubenelis-dog-fantasy-gallery-450-ml\/#primaryimage"},"thumbnailUrl":"https:\/\/miumjau.ee\/wp-content\/uploads\/2026\/01\/toidukauss-koerale-gallery3.jpg","datePublished":"2026-01-08T07:45:46+00:00","breadcrumb":{"@id":"https:\/\/miumjau.ee\/lt\/produktas\/suns-dubenelis-dog-fantasy-gallery-450-ml\/#breadcrumb"},"inLanguage":"lt-LT","potentialAction":[{"@type":"ReadAction","target":["https:\/\/miumjau.ee\/lt\/produktas\/suns-dubenelis-dog-fantasy-gallery-450-ml\/"]}]},{"@type":"ImageObject","inLanguage":"lt-LT","@id":"https:\/\/miumjau.ee\/lt\/produktas\/suns-dubenelis-dog-fantasy-gallery-450-ml\/#primaryimage","url":"https:\/\/miumjau.ee\/wp-content\/uploads\/2026\/01\/toidukauss-koerale-gallery3.jpg","contentUrl":"https:\/\/miumjau.ee\/wp-content\/uploads\/2026\/01\/toidukauss-koerale-gallery3.jpg","width":600,"height":800,"caption":"Toidukauss koerale Dog Fantasy Gallery"},{"@type":"BreadcrumbList","@id":"https:\/\/miumjau.ee\/lt\/produktas\/suns-dubenelis-dog-fantasy-gallery-450-ml\/#breadcrumb","itemListElement":[{"@type":"ListItem","position":1,"name":"Home","item":"https:\/\/miumjau.ee\/lt\/"},{"@type":"ListItem","position":2,"name":"Parduotuv\u0117","item":"https:\/\/miumjau.ee\/lt\/parduotuve\/"},{"@type":"ListItem","position":3,"name":"\u0160uns duben\u0117lis Dog Fantasy Gallery 450 ml"}]},{"@type":"WebSite","@id":"https:\/\/miumjau.ee\/#website","url":"https:\/\/miumjau.ee\/","name":"MiuMjau","description":"Kraapimispuud kassidele","publisher":{"@id":"https:\/\/miumjau.ee\/#organization"},"potentialAction":[{"@type":"SearchAction","target":{"@type":"EntryPoint","urlTemplate":"https:\/\/miumjau.ee\/?s={search_term_string}"},"query-input":{"@type":"PropertyValueSpecification","valueRequired":true,"valueName":"search_term_string"}}],"inLanguage":"lt-LT"},{"@type":"Organization","@id":"https:\/\/miumjau.ee\/#organization","name":"MiuMjau O\u00dc","url":"https:\/\/miumjau.ee\/","logo":{"@type":"ImageObject","inLanguage":"lt-LT","@id":"https:\/\/miumjau.ee\/#\/schema\/logo\/image\/","url":"https:\/\/miumjau.ee\/wp-content\/uploads\/2022\/04\/MiuMjau-logo-kollane.png","contentUrl":"https:\/\/miumjau.ee\/wp-content\/uploads\/2022\/04\/MiuMjau-logo-kollane.png","width":219,"height":100,"caption":"MiuMjau O\u00dc"},"image":{"@id":"https:\/\/miumjau.ee\/#\/schema\/logo\/image\/"},"sameAs":["https:\/\/www.facebook.com\/miumjaupood\/"]}]}},"_links":{"self":[{"href":"https:\/\/miumjau.ee\/lt\/wp-json\/wp\/v2\/product\/51988","targetHints":{"allow":["GET"]}}],"collection":[{"href":"https:\/\/miumjau.ee\/lt\/wp-json\/wp\/v2\/product"}],"about":[{"href":"https:\/\/miumjau.ee\/lt\/wp-json\/wp\/v2\/types\/product"}],"wp:featuredmedia":[{"embeddable":true,"href":"https:\/\/miumjau.ee\/lt\/wp-json\/wp\/v2\/media\/51866"}],"wp:attachment":[{"href":"https:\/\/miumjau.ee\/lt\/wp-json\/wp\/v2\/media?parent=51988"}],"wp:term":[{"taxonomy":"product_brand","embeddable":true,"href":"https:\/\/miumjau.ee\/lt\/wp-json\/wp\/v2\/product_brand?post=51988"},{"taxonomy":"product_cat","embeddable":true,"href":"https:\/\/miumjau.ee\/lt\/wp-json\/wp\/v2\/product_cat?post=51988"},{"taxonomy":"product_tag","embeddable":true,"href":"https:\/\/miumjau.ee\/lt\/wp-json\/wp\/v2\/product_tag?post=51988"}],"curies":[{"name":"wp","href":"https:\/\/api.w.org\/{rel}","templated":true}]}}