{"id":51779,"date":"2025-04-07T15:38:24","date_gmt":"2025-04-07T12:38:24","guid":{"rendered":"https:\/\/miumjau.ee\/toode\/ambrosia-holistic-fresh-lamb-mesingas-sunu-edalas-15-kg\/"},"modified":"2025-04-07T15:38:24","modified_gmt":"2025-04-07T12:38:24","slug":"ambrosia-holistic-fresh-lamb-mesingas-sunu-edalas-15-kg","status":"publish","type":"product","link":"https:\/\/miumjau.ee\/lt\/produktas\/ambrosia-holistic-fresh-lamb-mesingas-sunu-edalas-15-kg\/","title":{"rendered":"Ambrosia Holistic Fresh Lamb, m\u0117singas \u0161un\u0173 \u0117dalas 1,5 kg"},"content":{"rendered":"","protected":false},"excerpt":{"rendered":"<p>\u201eAmbrosia Fresh Lamb\u201c \u2013 hipoalerginis \u0117rienos pagrindu pagamintas supermaistas suaugusiems \u0161unims!<\/p>\n<p>\u201eAmbrosia Fresh Lamb\u201c receptas \u012f \u0161un\u0173 \u0117dalo pasaul\u012f atne\u0161a gryn\u0105 ir \u0161velni\u0105 \u0117rien\u0105 \u2013 lengvai vir\u0161kinam\u0105, hipoalergin\u012f baltym\u0173 \u0161altin\u012f, kuris taip pat puikiai tinka \u0161unims, turintiems jautri\u0105 vir\u0161kinim\u0105. Vidur\u017eemio j\u016bros regiono prieskoniai su alyvuogi\u0173 aliejumi, \u017eolel\u0117mis ir vaisiais suteikia subalansuot\u0105 antioksidant\u0173 mi\u0161in\u012f, kuris palaiko bendr\u0105 j\u016bs\u0173 \u0161uns sveikat\u0105 ir gyvybingum\u0105.<\/p>\n<p>Gryni ingredientai, grynas skonis \u2013 sukurta atsi\u017evelgiant \u012f \u0161uns gerov\u0119.<\/p>\n<p>\ud83d\udc11 \u0160vie\u017eia \u0117riena \u2013 auk\u0161tos kokyb\u0117s ir lengvai vir\u0161kinami baltymai, stiprinantys raumenis.<\/p>\n<p>Alyvuogi\u0173 aliejus \u2013 nat\u016bralus riebal\u0173 \u0161altinis, palaikantis odos ir kailio sveikat\u0105.<\/p>\n<p>\ud83c\udf4f Vidur\u017eemio j\u016bros regiono vaisiai ir \u017eolel\u0117s \u2013 nat\u016bral\u016bs antioksidantai ir vir\u0161kinimo priemon\u0117s.<\/p>\n<p>\ud83e\udda0 Pre- ir probiotikai \u2013 palaiko vir\u0161kinim\u0105 ir stiprina imunitet\u0105.<\/p>\n<p>\ud83d\udc93 Taurino papildas \u2013 \u0161irdies sveikatai.<\/p>\n<p>Sudedamosios dalys: \u0117riena 60 % (\u012fskaitant \u0161vie\u017ei\u0105 \u0117rien\u0105 30 %, d\u017eiovint\u0105 \u0117rien\u0105 22 %, \u0117rienos riebalus 5 %, hidrolizuotus \u0117rienos baltymus 3 %), batatai, sveiki \u017eirneliai, d\u017eiovinta liucerna, d\u017eiovintas burok\u0117li\u0173 mink\u0161timas, cikorijos \u0161aknis (inulino ir FOS \u0161altinis 1 %), alyvuogi\u0173 aliejus (0,5 %), lin\u0173 s\u0117menys, MOS (mananoligosacharidai 0,15 %), d\u017eiovinti obuoliai, pomidorai, o\u017erag\u0117s, kriau\u0161\u0117s, apelsinai, raudon\u0117liai, \u010diobreliai. Priedai (1 kg): Vitaminas A \u2013 24 000 TV, Vitaminas D3 \u2013 2 000 TV, Vitaminas E \u2013 200 mg, Taurinas \u2013 1 500 mg<\/p>\n<p>Analin\u0117 sud\u0117tis: \u017dali baltymai 27 %, \u017dali riebalai 17 %, Omega-3 riebal\u0173 r\u016bg\u0161tys 0,4 %, Omega-6 riebal\u0173 r\u016bg\u0161tys 1,3 %, \u017dalia l\u0105steliena 4,5 %, Pelenai 10 %, Dr\u0117gm\u0117 9 %, Kalcis 2 %, Fosforas 1 %<\/p>\n<p>Metabolizuojama energija: 3 633 kcal\/kg<\/p>\n<p>\ud83d\udc9a \u201eAmbrosia Fresh Lamb\u201c \u2013 gryna \u0117riena, gryna energija \u2013 sukurta \u0161unims, kurie nusipelno geriausio!<\/p>\n","protected":false},"featured_media":51780,"template":"","meta":[],"product_brand":[],"product_cat":[538],"product_tag":[],"class_list":{"0":"post-51779","1":"product","2":"type-product","3":"status-publish","4":"has-post-thumbnail","6":"product_cat-sausas-maistas-sunims","8":"first","9":"instock","10":"taxable","11":"shipping-taxable","12":"purchasable","13":"product-type-simple"},"yoast_head":"<!-- This site is optimized with the Yoast SEO plugin v27.2 - https:\/\/yoast.com\/product\/yoast-seo-wordpress\/ -->\n<title>Ambrosia Holistic Fresh Lamb, m\u0117singas \u0161un\u0173 \u0117dalas 1,5 kg - MiuMjau<\/title>\n<meta name=\"description\" content=\"\u201eAmbrosia\u201c yra gardi, pagaminta i\u0161 puiki\u0173 ingredient\u0173 ir be gr\u016bd\u0173. Platus skirting\u0173 skoni\u0173 pasirinkimas \u2013 atraskite savo \u0161uns m\u0117gstamiausi\u0105!\" \/>\n<meta name=\"robots\" content=\"index, follow, max-snippet:-1, max-image-preview:large, max-video-preview:-1\" \/>\n<link rel=\"canonical\" href=\"https:\/\/miumjau.ee\/lt\/produktas\/ambrosia-holistic-fresh-lamb-mesingas-sunu-edalas-15-kg\/\" \/>\n<meta property=\"og:locale\" content=\"lt_LT\" \/>\n<meta property=\"og:type\" content=\"article\" \/>\n<meta property=\"og:title\" content=\"Ambrosia Holistic Fresh Lamb, m\u0117singas \u0161un\u0173 \u0117dalas 1,5 kg - MiuMjau\" \/>\n<meta property=\"og:description\" content=\"\u201eAmbrosia\u201c yra gardi, pagaminta i\u0161 puiki\u0173 ingredient\u0173 ir be gr\u016bd\u0173. Platus skirting\u0173 skoni\u0173 pasirinkimas \u2013 atraskite savo \u0161uns m\u0117gstamiausi\u0105!\" \/>\n<meta property=\"og:url\" content=\"https:\/\/miumjau.ee\/lt\/produktas\/ambrosia-holistic-fresh-lamb-mesingas-sunu-edalas-15-kg\/\" \/>\n<meta property=\"og:site_name\" content=\"MiuMjau\" \/>\n<meta property=\"article:publisher\" content=\"https:\/\/www.facebook.com\/miumjaupood\/\" \/>\n<meta property=\"og:image\" content=\"https:\/\/miumjau.ee\/wp-content\/uploads\/2025\/04\/ambrosia-adult-fresh-lamb-Photoroom.webp\" \/>\n\t<meta property=\"og:image:width\" content=\"600\" \/>\n\t<meta property=\"og:image:height\" content=\"800\" \/>\n\t<meta property=\"og:image:type\" content=\"image\/webp\" \/>\n<meta name=\"twitter:card\" content=\"summary_large_image\" \/>\n<script type=\"application\/ld+json\" class=\"yoast-schema-graph\">{\"@context\":\"https:\/\/schema.org\",\"@graph\":[{\"@type\":\"WebPage\",\"@id\":\"https:\/\/miumjau.ee\/lt\/produktas\/ambrosia-holistic-fresh-lamb-mesingas-sunu-edalas-15-kg\/\",\"url\":\"https:\/\/miumjau.ee\/lt\/produktas\/ambrosia-holistic-fresh-lamb-mesingas-sunu-edalas-15-kg\/\",\"name\":\"Ambrosia Holistic Fresh Lamb, m\u0117singas \u0161un\u0173 \u0117dalas 1,5 kg - MiuMjau\",\"isPartOf\":{\"@id\":\"https:\/\/miumjau.ee\/#website\"},\"primaryImageOfPage\":{\"@id\":\"https:\/\/miumjau.ee\/lt\/produktas\/ambrosia-holistic-fresh-lamb-mesingas-sunu-edalas-15-kg\/#primaryimage\"},\"image\":{\"@id\":\"https:\/\/miumjau.ee\/lt\/produktas\/ambrosia-holistic-fresh-lamb-mesingas-sunu-edalas-15-kg\/#primaryimage\"},\"thumbnailUrl\":\"https:\/\/miumjau.ee\/wp-content\/uploads\/2025\/04\/ambrosia-adult-fresh-lamb-Photoroom.webp\",\"datePublished\":\"2025-04-07T12:38:24+00:00\",\"description\":\"\u201eAmbrosia\u201c yra gardi, pagaminta i\u0161 puiki\u0173 ingredient\u0173 ir be gr\u016bd\u0173. Platus skirting\u0173 skoni\u0173 pasirinkimas \u2013 atraskite savo \u0161uns m\u0117gstamiausi\u0105!\",\"breadcrumb\":{\"@id\":\"https:\/\/miumjau.ee\/lt\/produktas\/ambrosia-holistic-fresh-lamb-mesingas-sunu-edalas-15-kg\/#breadcrumb\"},\"inLanguage\":\"lt-LT\",\"potentialAction\":[{\"@type\":\"ReadAction\",\"target\":[\"https:\/\/miumjau.ee\/lt\/produktas\/ambrosia-holistic-fresh-lamb-mesingas-sunu-edalas-15-kg\/\"]}]},{\"@type\":\"ImageObject\",\"inLanguage\":\"lt-LT\",\"@id\":\"https:\/\/miumjau.ee\/lt\/produktas\/ambrosia-holistic-fresh-lamb-mesingas-sunu-edalas-15-kg\/#primaryimage\",\"url\":\"https:\/\/miumjau.ee\/wp-content\/uploads\/2025\/04\/ambrosia-adult-fresh-lamb-Photoroom.webp\",\"contentUrl\":\"https:\/\/miumjau.ee\/wp-content\/uploads\/2025\/04\/ambrosia-adult-fresh-lamb-Photoroom.webp\",\"width\":600,\"height\":800},{\"@type\":\"BreadcrumbList\",\"@id\":\"https:\/\/miumjau.ee\/lt\/produktas\/ambrosia-holistic-fresh-lamb-mesingas-sunu-edalas-15-kg\/#breadcrumb\",\"itemListElement\":[{\"@type\":\"ListItem\",\"position\":1,\"name\":\"Home\",\"item\":\"https:\/\/miumjau.ee\/lt\/\"},{\"@type\":\"ListItem\",\"position\":2,\"name\":\"Parduotuv\u0117\",\"item\":\"https:\/\/miumjau.ee\/lt\/parduotuve\/\"},{\"@type\":\"ListItem\",\"position\":3,\"name\":\"Ambrosia Holistic Fresh Lamb, m\u0117singas \u0161un\u0173 \u0117dalas 1,5 kg\"}]},{\"@type\":\"WebSite\",\"@id\":\"https:\/\/miumjau.ee\/#website\",\"url\":\"https:\/\/miumjau.ee\/\",\"name\":\"MiuMjau\",\"description\":\"Kraapimispuud kassidele\",\"publisher\":{\"@id\":\"https:\/\/miumjau.ee\/#organization\"},\"potentialAction\":[{\"@type\":\"SearchAction\",\"target\":{\"@type\":\"EntryPoint\",\"urlTemplate\":\"https:\/\/miumjau.ee\/?s={search_term_string}\"},\"query-input\":{\"@type\":\"PropertyValueSpecification\",\"valueRequired\":true,\"valueName\":\"search_term_string\"}}],\"inLanguage\":\"lt-LT\"},{\"@type\":\"Organization\",\"@id\":\"https:\/\/miumjau.ee\/#organization\",\"name\":\"MiuMjau O\u00dc\",\"url\":\"https:\/\/miumjau.ee\/\",\"logo\":{\"@type\":\"ImageObject\",\"inLanguage\":\"lt-LT\",\"@id\":\"https:\/\/miumjau.ee\/#\/schema\/logo\/image\/\",\"url\":\"https:\/\/miumjau.ee\/wp-content\/uploads\/2022\/04\/MiuMjau-logo-kollane.png\",\"contentUrl\":\"https:\/\/miumjau.ee\/wp-content\/uploads\/2022\/04\/MiuMjau-logo-kollane.png\",\"width\":219,\"height\":100,\"caption\":\"MiuMjau O\u00dc\"},\"image\":{\"@id\":\"https:\/\/miumjau.ee\/#\/schema\/logo\/image\/\"},\"sameAs\":[\"https:\/\/www.facebook.com\/miumjaupood\/\"]}]}<\/script>\n<!-- \/ Yoast SEO plugin. -->","yoast_head_json":{"title":"Ambrosia Holistic Fresh Lamb, m\u0117singas \u0161un\u0173 \u0117dalas 1,5 kg - MiuMjau","description":"\u201eAmbrosia\u201c yra gardi, pagaminta i\u0161 puiki\u0173 ingredient\u0173 ir be gr\u016bd\u0173. Platus skirting\u0173 skoni\u0173 pasirinkimas \u2013 atraskite savo \u0161uns m\u0117gstamiausi\u0105!","robots":{"index":"index","follow":"follow","max-snippet":"max-snippet:-1","max-image-preview":"max-image-preview:large","max-video-preview":"max-video-preview:-1"},"canonical":"https:\/\/miumjau.ee\/lt\/produktas\/ambrosia-holistic-fresh-lamb-mesingas-sunu-edalas-15-kg\/","og_locale":"lt_LT","og_type":"article","og_title":"Ambrosia Holistic Fresh Lamb, m\u0117singas \u0161un\u0173 \u0117dalas 1,5 kg - MiuMjau","og_description":"\u201eAmbrosia\u201c yra gardi, pagaminta i\u0161 puiki\u0173 ingredient\u0173 ir be gr\u016bd\u0173. Platus skirting\u0173 skoni\u0173 pasirinkimas \u2013 atraskite savo \u0161uns m\u0117gstamiausi\u0105!","og_url":"https:\/\/miumjau.ee\/lt\/produktas\/ambrosia-holistic-fresh-lamb-mesingas-sunu-edalas-15-kg\/","og_site_name":"MiuMjau","article_publisher":"https:\/\/www.facebook.com\/miumjaupood\/","og_image":[{"width":600,"height":800,"url":"https:\/\/miumjau.ee\/wp-content\/uploads\/2025\/04\/ambrosia-adult-fresh-lamb-Photoroom.webp","type":"image\/webp"}],"twitter_card":"summary_large_image","schema":{"@context":"https:\/\/schema.org","@graph":[{"@type":"WebPage","@id":"https:\/\/miumjau.ee\/lt\/produktas\/ambrosia-holistic-fresh-lamb-mesingas-sunu-edalas-15-kg\/","url":"https:\/\/miumjau.ee\/lt\/produktas\/ambrosia-holistic-fresh-lamb-mesingas-sunu-edalas-15-kg\/","name":"Ambrosia Holistic Fresh Lamb, m\u0117singas \u0161un\u0173 \u0117dalas 1,5 kg - MiuMjau","isPartOf":{"@id":"https:\/\/miumjau.ee\/#website"},"primaryImageOfPage":{"@id":"https:\/\/miumjau.ee\/lt\/produktas\/ambrosia-holistic-fresh-lamb-mesingas-sunu-edalas-15-kg\/#primaryimage"},"image":{"@id":"https:\/\/miumjau.ee\/lt\/produktas\/ambrosia-holistic-fresh-lamb-mesingas-sunu-edalas-15-kg\/#primaryimage"},"thumbnailUrl":"https:\/\/miumjau.ee\/wp-content\/uploads\/2025\/04\/ambrosia-adult-fresh-lamb-Photoroom.webp","datePublished":"2025-04-07T12:38:24+00:00","description":"\u201eAmbrosia\u201c yra gardi, pagaminta i\u0161 puiki\u0173 ingredient\u0173 ir be gr\u016bd\u0173. Platus skirting\u0173 skoni\u0173 pasirinkimas \u2013 atraskite savo \u0161uns m\u0117gstamiausi\u0105!","breadcrumb":{"@id":"https:\/\/miumjau.ee\/lt\/produktas\/ambrosia-holistic-fresh-lamb-mesingas-sunu-edalas-15-kg\/#breadcrumb"},"inLanguage":"lt-LT","potentialAction":[{"@type":"ReadAction","target":["https:\/\/miumjau.ee\/lt\/produktas\/ambrosia-holistic-fresh-lamb-mesingas-sunu-edalas-15-kg\/"]}]},{"@type":"ImageObject","inLanguage":"lt-LT","@id":"https:\/\/miumjau.ee\/lt\/produktas\/ambrosia-holistic-fresh-lamb-mesingas-sunu-edalas-15-kg\/#primaryimage","url":"https:\/\/miumjau.ee\/wp-content\/uploads\/2025\/04\/ambrosia-adult-fresh-lamb-Photoroom.webp","contentUrl":"https:\/\/miumjau.ee\/wp-content\/uploads\/2025\/04\/ambrosia-adult-fresh-lamb-Photoroom.webp","width":600,"height":800},{"@type":"BreadcrumbList","@id":"https:\/\/miumjau.ee\/lt\/produktas\/ambrosia-holistic-fresh-lamb-mesingas-sunu-edalas-15-kg\/#breadcrumb","itemListElement":[{"@type":"ListItem","position":1,"name":"Home","item":"https:\/\/miumjau.ee\/lt\/"},{"@type":"ListItem","position":2,"name":"Parduotuv\u0117","item":"https:\/\/miumjau.ee\/lt\/parduotuve\/"},{"@type":"ListItem","position":3,"name":"Ambrosia Holistic Fresh Lamb, m\u0117singas \u0161un\u0173 \u0117dalas 1,5 kg"}]},{"@type":"WebSite","@id":"https:\/\/miumjau.ee\/#website","url":"https:\/\/miumjau.ee\/","name":"MiuMjau","description":"Kraapimispuud kassidele","publisher":{"@id":"https:\/\/miumjau.ee\/#organization"},"potentialAction":[{"@type":"SearchAction","target":{"@type":"EntryPoint","urlTemplate":"https:\/\/miumjau.ee\/?s={search_term_string}"},"query-input":{"@type":"PropertyValueSpecification","valueRequired":true,"valueName":"search_term_string"}}],"inLanguage":"lt-LT"},{"@type":"Organization","@id":"https:\/\/miumjau.ee\/#organization","name":"MiuMjau O\u00dc","url":"https:\/\/miumjau.ee\/","logo":{"@type":"ImageObject","inLanguage":"lt-LT","@id":"https:\/\/miumjau.ee\/#\/schema\/logo\/image\/","url":"https:\/\/miumjau.ee\/wp-content\/uploads\/2022\/04\/MiuMjau-logo-kollane.png","contentUrl":"https:\/\/miumjau.ee\/wp-content\/uploads\/2022\/04\/MiuMjau-logo-kollane.png","width":219,"height":100,"caption":"MiuMjau O\u00dc"},"image":{"@id":"https:\/\/miumjau.ee\/#\/schema\/logo\/image\/"},"sameAs":["https:\/\/www.facebook.com\/miumjaupood\/"]}]}},"_links":{"self":[{"href":"https:\/\/miumjau.ee\/lt\/wp-json\/wp\/v2\/product\/51779","targetHints":{"allow":["GET"]}}],"collection":[{"href":"https:\/\/miumjau.ee\/lt\/wp-json\/wp\/v2\/product"}],"about":[{"href":"https:\/\/miumjau.ee\/lt\/wp-json\/wp\/v2\/types\/product"}],"wp:featuredmedia":[{"embeddable":true,"href":"https:\/\/miumjau.ee\/lt\/wp-json\/wp\/v2\/media\/51780"}],"wp:attachment":[{"href":"https:\/\/miumjau.ee\/lt\/wp-json\/wp\/v2\/media?parent=51779"}],"wp:term":[{"taxonomy":"product_brand","embeddable":true,"href":"https:\/\/miumjau.ee\/lt\/wp-json\/wp\/v2\/product_brand?post=51779"},{"taxonomy":"product_cat","embeddable":true,"href":"https:\/\/miumjau.ee\/lt\/wp-json\/wp\/v2\/product_cat?post=51779"},{"taxonomy":"product_tag","embeddable":true,"href":"https:\/\/miumjau.ee\/lt\/wp-json\/wp\/v2\/product_tag?post=51779"}],"curies":[{"name":"wp","href":"https:\/\/api.w.org\/{rel}","templated":true}]}}