{"id":51772,"date":"2025-04-07T21:02:57","date_gmt":"2025-04-07T18:02:57","guid":{"rendered":"https:\/\/miumjau.ee\/toode\/brit-care-mini-hair-skin-sunu-maistas-su-lasisa-ir-silkemis-400g\/"},"modified":"2025-04-07T21:02:57","modified_gmt":"2025-04-07T18:02:57","slug":"brit-care-mini-hair-skin-sunu-maistas-su-lasisa-ir-silkemis-400g","status":"publish","type":"product","link":"https:\/\/miumjau.ee\/lt\/produktas\/brit-care-mini-hair-skin-sunu-maistas-su-lasisa-ir-silkemis-400g\/","title":{"rendered":"Brit Care Mini Hair &#038; Skin \u0161un\u0173 maistas su la\u0161i\u0161a ir silk\u0117mis 400g"},"content":{"rendered":"","protected":false},"excerpt":{"rendered":"<p>Brit Care Mini &#8211; hipoalerginis be gr\u016bd\u0173 receptas suaugusiems mini veisli\u0173 \u0161unims<\/p>\n<p>Sud\u0117tis: d\u017eiovinta la\u0161i\u0161a (25 %), \u0161vie\u017ei la\u0161i\u0161os baltymai (16 %), d\u017eiovinta silk\u0117 (14 %), geltonieji \u017eirneliai, vi\u0161tienos riebalai (konservuoti tokoferoliais), avin\u017eirniai, lin\u0173 s\u0117menys (4 %), la\u0161i\u0161\u0173 aliejus (3 %), grikiai, karali\u0161k\u0173j\u0173 skumbri\u0173 aliejus (1 %), d\u017eiovinti obuoliai, alaus miel\u0117s, dumbliai (0,5 %, Ascophyllum nodosum), hidrolizuoti v\u0117\u017eiagyvi\u0173 kiautai (gliukozamino \u0161altinis, 260 mg\/kg), m\u0117lyn\u0117s (230 mg\/kg &#8211; polifenoli\u0173 \u0161altinis 70 mg\/kg, flavonoid\u0173 \u0161altinis 30 mg\/kg), kremzli\u0173 ekstraktas (chondroitino \u0161altinis, 160 mg\/kg), mananoligosacharidai (150 mg\/kg), \u017eolel\u0117s ir vaisiai (rozmarinas, gvazdik\u0117liai, citrusiniai vaisiai, ciber\u017eol\u0117 &#8211; 150 mg\/kg), fruktooligosacharidai (100 mg\/kg), juka (Yucca schidigera) (100 mg\/kg), inulinas (90 mg\/kg), margainis (75 mg\/kg), \u0161altalankis (75 mg\/kg), ramun\u0117l\u0117s (30 mg\/kg), gvazdik\u0117liai (30 mg\/kg), \u0161alavijas (25 mg\/kg)<\/p>\n<p>Analitin\u0117 sud\u0117tis: \u017eali baltymai 32,0 %, \u017eali riebalai 18,0 %, dr\u0117gm\u0117 10,0 %, \u017eali pelenai 8,4 %, \u017ealia l\u0105steliena 1,8 %, kalcis 1,3 %, fosforas 1,0 %, omega-3 riebal\u0173 r\u016bg\u0161tys 2,4 %, omega-6 riebal\u0173 r\u016bg\u0161tys 2,7 %<\/p>\n<p>Maistingumo priedai: vitaminas A (3a672a) 20 000 TV, vitaminas D3 (E671) 1 500 TV, vitaminas E (\u03b1-tokoferolis) (3a700) 500 mg, vitaminas C (3a312) 300 mg, cholino chloridas (3a890) 700 mg, taurinas (3a370) 200 mg Biotinas (3a880) 3 mg, vitaminas B1 (3a821) 1 mg, vitaminas B2 4 mg, niacinamidas (3a315) 12 mg, kalcio D-pantotenatas (3a841) 10 mg, vitaminas B6 (3a831) 1 mg, folio r\u016bg\u0161tis (3a316) 0,5 mg, vitaminas B12 0,04 mg, cinkas (3b606) 100 mg, gele\u017eis (E1) 80 mg, manganas (E5) 40 mg, jodas (3b201) 0,75 mg, varis (E4) 15 mg, selenas (3b8.10) 0,2 mg<\/p>\n<p>Metabolizuojama energija: 3880 kcal\/kg<\/p>\n","protected":false},"featured_media":51771,"template":"","meta":[],"product_brand":[],"product_cat":[538],"product_tag":[],"class_list":{"0":"post-51772","1":"product","2":"type-product","3":"status-publish","4":"has-post-thumbnail","6":"product_cat-sausas-maistas-sunims","8":"first","9":"instock","10":"sale","11":"taxable","12":"shipping-taxable","13":"purchasable","14":"product-type-simple"},"yoast_head":"<!-- This site is optimized with the Yoast SEO plugin v27.2 - https:\/\/yoast.com\/product\/yoast-seo-wordpress\/ -->\n<title>Brit Care Mini Hair &amp; Skin \u0161un\u0173 maistas su la\u0161i\u0161a ir silk\u0117mis 400g - MiuMjau<\/title>\n<meta name=\"description\" content=\"Brit Care Mini \u0161un\u0173 maistas yra be gr\u016bd\u0173 ir pilnavertis. Sukurtas specialiai pa\u010di\u0173 ma\u017eiausi\u0173 veisli\u0173 \u0161uniukams.\" \/>\n<meta name=\"robots\" content=\"index, follow, max-snippet:-1, max-image-preview:large, max-video-preview:-1\" \/>\n<link rel=\"canonical\" href=\"https:\/\/miumjau.ee\/lt\/produktas\/brit-care-mini-hair-skin-sunu-maistas-su-lasisa-ir-silkemis-400g\/\" \/>\n<meta property=\"og:locale\" content=\"lt_LT\" \/>\n<meta property=\"og:type\" content=\"article\" \/>\n<meta property=\"og:title\" content=\"Brit Care Mini Hair &amp; Skin \u0161un\u0173 maistas su la\u0161i\u0161a ir silk\u0117mis 400g - MiuMjau\" \/>\n<meta property=\"og:description\" content=\"Brit Care Mini \u0161un\u0173 maistas yra be gr\u016bd\u0173 ir pilnavertis. Sukurtas specialiai pa\u010di\u0173 ma\u017eiausi\u0173 veisli\u0173 \u0161uniukams.\" \/>\n<meta property=\"og:url\" content=\"https:\/\/miumjau.ee\/lt\/produktas\/brit-care-mini-hair-skin-sunu-maistas-su-lasisa-ir-silkemis-400g\/\" \/>\n<meta property=\"og:site_name\" content=\"MiuMjau\" \/>\n<meta property=\"article:publisher\" content=\"https:\/\/www.facebook.com\/miumjaupood\/\" \/>\n<meta property=\"og:image\" content=\"https:\/\/miumjau.ee\/wp-content\/uploads\/2025\/04\/brit-care-mini-koeratoit2.webp\" \/>\n\t<meta property=\"og:image:width\" content=\"600\" \/>\n\t<meta property=\"og:image:height\" content=\"800\" \/>\n\t<meta property=\"og:image:type\" content=\"image\/webp\" \/>\n<meta name=\"twitter:card\" content=\"summary_large_image\" \/>\n<script type=\"application\/ld+json\" class=\"yoast-schema-graph\">{\"@context\":\"https:\/\/schema.org\",\"@graph\":[{\"@type\":\"WebPage\",\"@id\":\"https:\/\/miumjau.ee\/lt\/produktas\/brit-care-mini-hair-skin-sunu-maistas-su-lasisa-ir-silkemis-400g\/\",\"url\":\"https:\/\/miumjau.ee\/lt\/produktas\/brit-care-mini-hair-skin-sunu-maistas-su-lasisa-ir-silkemis-400g\/\",\"name\":\"Brit Care Mini Hair & Skin \u0161un\u0173 maistas su la\u0161i\u0161a ir silk\u0117mis 400g - MiuMjau\",\"isPartOf\":{\"@id\":\"https:\/\/miumjau.ee\/#website\"},\"primaryImageOfPage\":{\"@id\":\"https:\/\/miumjau.ee\/lt\/produktas\/brit-care-mini-hair-skin-sunu-maistas-su-lasisa-ir-silkemis-400g\/#primaryimage\"},\"image\":{\"@id\":\"https:\/\/miumjau.ee\/lt\/produktas\/brit-care-mini-hair-skin-sunu-maistas-su-lasisa-ir-silkemis-400g\/#primaryimage\"},\"thumbnailUrl\":\"https:\/\/miumjau.ee\/wp-content\/uploads\/2025\/04\/brit-care-mini-koeratoit2.webp\",\"datePublished\":\"2025-04-07T18:02:57+00:00\",\"description\":\"Brit Care Mini \u0161un\u0173 maistas yra be gr\u016bd\u0173 ir pilnavertis. Sukurtas specialiai pa\u010di\u0173 ma\u017eiausi\u0173 veisli\u0173 \u0161uniukams.\",\"breadcrumb\":{\"@id\":\"https:\/\/miumjau.ee\/lt\/produktas\/brit-care-mini-hair-skin-sunu-maistas-su-lasisa-ir-silkemis-400g\/#breadcrumb\"},\"inLanguage\":\"lt-LT\",\"potentialAction\":[{\"@type\":\"ReadAction\",\"target\":[\"https:\/\/miumjau.ee\/lt\/produktas\/brit-care-mini-hair-skin-sunu-maistas-su-lasisa-ir-silkemis-400g\/\"]}]},{\"@type\":\"ImageObject\",\"inLanguage\":\"lt-LT\",\"@id\":\"https:\/\/miumjau.ee\/lt\/produktas\/brit-care-mini-hair-skin-sunu-maistas-su-lasisa-ir-silkemis-400g\/#primaryimage\",\"url\":\"https:\/\/miumjau.ee\/wp-content\/uploads\/2025\/04\/brit-care-mini-koeratoit2.webp\",\"contentUrl\":\"https:\/\/miumjau.ee\/wp-content\/uploads\/2025\/04\/brit-care-mini-koeratoit2.webp\",\"width\":600,\"height\":800},{\"@type\":\"BreadcrumbList\",\"@id\":\"https:\/\/miumjau.ee\/lt\/produktas\/brit-care-mini-hair-skin-sunu-maistas-su-lasisa-ir-silkemis-400g\/#breadcrumb\",\"itemListElement\":[{\"@type\":\"ListItem\",\"position\":1,\"name\":\"Home\",\"item\":\"https:\/\/miumjau.ee\/lt\/\"},{\"@type\":\"ListItem\",\"position\":2,\"name\":\"Parduotuv\u0117\",\"item\":\"https:\/\/miumjau.ee\/lt\/parduotuve\/\"},{\"@type\":\"ListItem\",\"position\":3,\"name\":\"Brit Care Mini Hair &#038; Skin \u0161un\u0173 maistas su la\u0161i\u0161a ir silk\u0117mis 400g\"}]},{\"@type\":\"WebSite\",\"@id\":\"https:\/\/miumjau.ee\/#website\",\"url\":\"https:\/\/miumjau.ee\/\",\"name\":\"MiuMjau\",\"description\":\"Kraapimispuud kassidele\",\"publisher\":{\"@id\":\"https:\/\/miumjau.ee\/#organization\"},\"potentialAction\":[{\"@type\":\"SearchAction\",\"target\":{\"@type\":\"EntryPoint\",\"urlTemplate\":\"https:\/\/miumjau.ee\/?s={search_term_string}\"},\"query-input\":{\"@type\":\"PropertyValueSpecification\",\"valueRequired\":true,\"valueName\":\"search_term_string\"}}],\"inLanguage\":\"lt-LT\"},{\"@type\":\"Organization\",\"@id\":\"https:\/\/miumjau.ee\/#organization\",\"name\":\"MiuMjau O\u00dc\",\"url\":\"https:\/\/miumjau.ee\/\",\"logo\":{\"@type\":\"ImageObject\",\"inLanguage\":\"lt-LT\",\"@id\":\"https:\/\/miumjau.ee\/#\/schema\/logo\/image\/\",\"url\":\"https:\/\/miumjau.ee\/wp-content\/uploads\/2022\/04\/MiuMjau-logo-kollane.png\",\"contentUrl\":\"https:\/\/miumjau.ee\/wp-content\/uploads\/2022\/04\/MiuMjau-logo-kollane.png\",\"width\":219,\"height\":100,\"caption\":\"MiuMjau O\u00dc\"},\"image\":{\"@id\":\"https:\/\/miumjau.ee\/#\/schema\/logo\/image\/\"},\"sameAs\":[\"https:\/\/www.facebook.com\/miumjaupood\/\"]}]}<\/script>\n<!-- \/ Yoast SEO plugin. -->","yoast_head_json":{"title":"Brit Care Mini Hair & Skin \u0161un\u0173 maistas su la\u0161i\u0161a ir silk\u0117mis 400g - MiuMjau","description":"Brit Care Mini \u0161un\u0173 maistas yra be gr\u016bd\u0173 ir pilnavertis. Sukurtas specialiai pa\u010di\u0173 ma\u017eiausi\u0173 veisli\u0173 \u0161uniukams.","robots":{"index":"index","follow":"follow","max-snippet":"max-snippet:-1","max-image-preview":"max-image-preview:large","max-video-preview":"max-video-preview:-1"},"canonical":"https:\/\/miumjau.ee\/lt\/produktas\/brit-care-mini-hair-skin-sunu-maistas-su-lasisa-ir-silkemis-400g\/","og_locale":"lt_LT","og_type":"article","og_title":"Brit Care Mini Hair & Skin \u0161un\u0173 maistas su la\u0161i\u0161a ir silk\u0117mis 400g - MiuMjau","og_description":"Brit Care Mini \u0161un\u0173 maistas yra be gr\u016bd\u0173 ir pilnavertis. Sukurtas specialiai pa\u010di\u0173 ma\u017eiausi\u0173 veisli\u0173 \u0161uniukams.","og_url":"https:\/\/miumjau.ee\/lt\/produktas\/brit-care-mini-hair-skin-sunu-maistas-su-lasisa-ir-silkemis-400g\/","og_site_name":"MiuMjau","article_publisher":"https:\/\/www.facebook.com\/miumjaupood\/","og_image":[{"width":600,"height":800,"url":"https:\/\/miumjau.ee\/wp-content\/uploads\/2025\/04\/brit-care-mini-koeratoit2.webp","type":"image\/webp"}],"twitter_card":"summary_large_image","schema":{"@context":"https:\/\/schema.org","@graph":[{"@type":"WebPage","@id":"https:\/\/miumjau.ee\/lt\/produktas\/brit-care-mini-hair-skin-sunu-maistas-su-lasisa-ir-silkemis-400g\/","url":"https:\/\/miumjau.ee\/lt\/produktas\/brit-care-mini-hair-skin-sunu-maistas-su-lasisa-ir-silkemis-400g\/","name":"Brit Care Mini Hair & Skin \u0161un\u0173 maistas su la\u0161i\u0161a ir silk\u0117mis 400g - MiuMjau","isPartOf":{"@id":"https:\/\/miumjau.ee\/#website"},"primaryImageOfPage":{"@id":"https:\/\/miumjau.ee\/lt\/produktas\/brit-care-mini-hair-skin-sunu-maistas-su-lasisa-ir-silkemis-400g\/#primaryimage"},"image":{"@id":"https:\/\/miumjau.ee\/lt\/produktas\/brit-care-mini-hair-skin-sunu-maistas-su-lasisa-ir-silkemis-400g\/#primaryimage"},"thumbnailUrl":"https:\/\/miumjau.ee\/wp-content\/uploads\/2025\/04\/brit-care-mini-koeratoit2.webp","datePublished":"2025-04-07T18:02:57+00:00","description":"Brit Care Mini \u0161un\u0173 maistas yra be gr\u016bd\u0173 ir pilnavertis. Sukurtas specialiai pa\u010di\u0173 ma\u017eiausi\u0173 veisli\u0173 \u0161uniukams.","breadcrumb":{"@id":"https:\/\/miumjau.ee\/lt\/produktas\/brit-care-mini-hair-skin-sunu-maistas-su-lasisa-ir-silkemis-400g\/#breadcrumb"},"inLanguage":"lt-LT","potentialAction":[{"@type":"ReadAction","target":["https:\/\/miumjau.ee\/lt\/produktas\/brit-care-mini-hair-skin-sunu-maistas-su-lasisa-ir-silkemis-400g\/"]}]},{"@type":"ImageObject","inLanguage":"lt-LT","@id":"https:\/\/miumjau.ee\/lt\/produktas\/brit-care-mini-hair-skin-sunu-maistas-su-lasisa-ir-silkemis-400g\/#primaryimage","url":"https:\/\/miumjau.ee\/wp-content\/uploads\/2025\/04\/brit-care-mini-koeratoit2.webp","contentUrl":"https:\/\/miumjau.ee\/wp-content\/uploads\/2025\/04\/brit-care-mini-koeratoit2.webp","width":600,"height":800},{"@type":"BreadcrumbList","@id":"https:\/\/miumjau.ee\/lt\/produktas\/brit-care-mini-hair-skin-sunu-maistas-su-lasisa-ir-silkemis-400g\/#breadcrumb","itemListElement":[{"@type":"ListItem","position":1,"name":"Home","item":"https:\/\/miumjau.ee\/lt\/"},{"@type":"ListItem","position":2,"name":"Parduotuv\u0117","item":"https:\/\/miumjau.ee\/lt\/parduotuve\/"},{"@type":"ListItem","position":3,"name":"Brit Care Mini Hair &#038; Skin \u0161un\u0173 maistas su la\u0161i\u0161a ir silk\u0117mis 400g"}]},{"@type":"WebSite","@id":"https:\/\/miumjau.ee\/#website","url":"https:\/\/miumjau.ee\/","name":"MiuMjau","description":"Kraapimispuud kassidele","publisher":{"@id":"https:\/\/miumjau.ee\/#organization"},"potentialAction":[{"@type":"SearchAction","target":{"@type":"EntryPoint","urlTemplate":"https:\/\/miumjau.ee\/?s={search_term_string}"},"query-input":{"@type":"PropertyValueSpecification","valueRequired":true,"valueName":"search_term_string"}}],"inLanguage":"lt-LT"},{"@type":"Organization","@id":"https:\/\/miumjau.ee\/#organization","name":"MiuMjau O\u00dc","url":"https:\/\/miumjau.ee\/","logo":{"@type":"ImageObject","inLanguage":"lt-LT","@id":"https:\/\/miumjau.ee\/#\/schema\/logo\/image\/","url":"https:\/\/miumjau.ee\/wp-content\/uploads\/2022\/04\/MiuMjau-logo-kollane.png","contentUrl":"https:\/\/miumjau.ee\/wp-content\/uploads\/2022\/04\/MiuMjau-logo-kollane.png","width":219,"height":100,"caption":"MiuMjau O\u00dc"},"image":{"@id":"https:\/\/miumjau.ee\/#\/schema\/logo\/image\/"},"sameAs":["https:\/\/www.facebook.com\/miumjaupood\/"]}]}},"_links":{"self":[{"href":"https:\/\/miumjau.ee\/lt\/wp-json\/wp\/v2\/product\/51772","targetHints":{"allow":["GET"]}}],"collection":[{"href":"https:\/\/miumjau.ee\/lt\/wp-json\/wp\/v2\/product"}],"about":[{"href":"https:\/\/miumjau.ee\/lt\/wp-json\/wp\/v2\/types\/product"}],"wp:featuredmedia":[{"embeddable":true,"href":"https:\/\/miumjau.ee\/lt\/wp-json\/wp\/v2\/media\/51771"}],"wp:attachment":[{"href":"https:\/\/miumjau.ee\/lt\/wp-json\/wp\/v2\/media?parent=51772"}],"wp:term":[{"taxonomy":"product_brand","embeddable":true,"href":"https:\/\/miumjau.ee\/lt\/wp-json\/wp\/v2\/product_brand?post=51772"},{"taxonomy":"product_cat","embeddable":true,"href":"https:\/\/miumjau.ee\/lt\/wp-json\/wp\/v2\/product_cat?post=51772"},{"taxonomy":"product_tag","embeddable":true,"href":"https:\/\/miumjau.ee\/lt\/wp-json\/wp\/v2\/product_tag?post=51772"}],"curies":[{"name":"wp","href":"https:\/\/api.w.org\/{rel}","templated":true}]}}