{"id":51764,"date":"2025-03-20T14:45:44","date_gmt":"2025-03-20T12:45:44","guid":{"rendered":"https:\/\/miumjau.ee\/toode\/sana-naturalus-suns-skanestas-jautienos-plauciai-150g\/"},"modified":"2025-03-20T14:45:44","modified_gmt":"2025-03-20T12:45:44","slug":"sana-naturalus-suns-skanestas-jautienos-plauciai-150g","status":"publish","type":"product","link":"https:\/\/miumjau.ee\/lt\/produktas\/sana-naturalus-suns-skanestas-jautienos-plauciai-150g\/","title":{"rendered":"Sana Nat\u016bralus \u0160uns Skan\u0117stas, Jautienos Plau\u010diai 150g"},"content":{"rendered":"","protected":false},"excerpt":{"rendered":"<p data-start=\"2176\" data-end=\"2241\">Pasi\u016blykite savo \u0161uniui tra\u0161kius ir skanius jautienos plau\u010dius!<\/p>\n<p data-start=\"2243\" data-end=\"2470\">Gydymas su \u0161velniu aromatu, lengvai kramtoma tekst\u016bra ir viena ingredientu, kuri\u0105 m\u0117gsta visi \u0161unys. Jautienos plau\u010diai yra puikus baltym\u0173 ir amino r\u016bg\u0161\u010di\u0173 \u0161altinis. Be konservant\u0173 ir pried\u0173, tod\u0117l tinka net jautriems \u0161unims.<\/p>\n<p data-start=\"2472\" data-end=\"2604\"><strong data-start=\"2472\" data-end=\"2487\">Privalumai:<\/strong><br data-start=\"2487\" data-end=\"2490\" \/>\u2714 100 % gryna jautiena<br data-start=\"2512\" data-end=\"2515\" \/>\u2714 Mink\u0161ta ir tra\u0161ki tekst\u016bra<br data-start=\"2543\" data-end=\"2546\" \/>\u2714 Nat\u016braliai daug baltym\u0173<br data-start=\"2571\" data-end=\"2574\" \/>\u2714 Tinka \u017ealiavalgiams \u0161unims<\/p>\n<p data-start=\"2606\" data-end=\"2645\"><strong data-start=\"2606\" data-end=\"2618\">Sud\u0117tis:<\/strong> 100 % jautienos plau\u010diai<\/p>\n<p data-start=\"2647\" data-end=\"2751\"><strong data-start=\"2647\" data-end=\"2666\">Maistin\u0117 vert\u0117:<\/strong> Baltymai \u2013 54 %, Riebalai \u2013 2,6 %, Dr\u0117gm\u0117 \u2013 11 %, Pelenai \u2013 2 %, Skaidulos \u2013 1,6 %<\/p>\n","protected":false},"featured_media":51765,"template":"","meta":[],"product_brand":[],"product_cat":[540],"product_tag":[],"class_list":{"0":"post-51764","1":"product","2":"type-product","3":"status-publish","4":"has-post-thumbnail","6":"product_cat-skanestai-sunims","8":"first","9":"instock","10":"taxable","11":"shipping-taxable","12":"purchasable","13":"product-type-simple"},"yoast_head":"<!-- This site is optimized with the Yoast SEO plugin v27.2 - https:\/\/yoast.com\/product\/yoast-seo-wordpress\/ -->\n<title>Sana Nat\u016bralus \u0160uns Skan\u0117stas, Jautienos Plau\u010diai 150g - MiuMjau<\/title>\n<meta name=\"robots\" content=\"index, follow, max-snippet:-1, max-image-preview:large, max-video-preview:-1\" \/>\n<link rel=\"canonical\" href=\"https:\/\/miumjau.ee\/lt\/produktas\/sana-naturalus-suns-skanestas-jautienos-plauciai-150g\/\" \/>\n<meta property=\"og:locale\" content=\"lt_LT\" \/>\n<meta property=\"og:type\" content=\"article\" \/>\n<meta property=\"og:title\" content=\"Sana Nat\u016bralus \u0160uns Skan\u0117stas, Jautienos Plau\u010diai 150g - MiuMjau\" \/>\n<meta property=\"og:description\" content=\"Pasi\u016blykite savo \u0161uniui tra\u0161kius ir skanius jautienos plau\u010dius! Gydymas su \u0161velniu aromatu, lengvai kramtoma tekst\u016bra ir viena ingredientu, kuri\u0105 m\u0117gsta visi \u0161unys. Jautienos plau\u010diai yra puikus baltym\u0173 ir amino r\u016bg\u0161\u010di\u0173 \u0161altinis. Be konservant\u0173 ir pried\u0173, tod\u0117l tinka net jautriems \u0161unims. Privalumai:\u2714 100 % gryna jautiena\u2714 Mink\u0161ta ir tra\u0161ki tekst\u016bra\u2714 Nat\u016braliai daug baltym\u0173\u2714 Tinka \u017ealiavalgiams \u0161unims Sud\u0117tis: 100 % jautienos plau\u010diai Maistin\u0117 vert\u0117: Baltymai \u2013 54 %, Riebalai \u2013 2,6 %, Dr\u0117gm\u0117 \u2013 11 %, Pelenai \u2013 2 %, Skaidulos \u2013 1,6 %\" \/>\n<meta property=\"og:url\" content=\"https:\/\/miumjau.ee\/lt\/produktas\/sana-naturalus-suns-skanestas-jautienos-plauciai-150g\/\" \/>\n<meta property=\"og:site_name\" content=\"MiuMjau\" \/>\n<meta property=\"article:publisher\" content=\"https:\/\/www.facebook.com\/miumjaupood\/\" \/>\n<meta property=\"og:image\" content=\"https:\/\/miumjau.ee\/wp-content\/uploads\/2025\/03\/veise-kops-sana1.jpg\" \/>\n\t<meta property=\"og:image:width\" content=\"600\" \/>\n\t<meta property=\"og:image:height\" content=\"800\" \/>\n\t<meta property=\"og:image:type\" content=\"image\/jpeg\" \/>\n<meta name=\"twitter:card\" content=\"summary_large_image\" \/>\n<script type=\"application\/ld+json\" class=\"yoast-schema-graph\">{\"@context\":\"https:\/\/schema.org\",\"@graph\":[{\"@type\":\"WebPage\",\"@id\":\"https:\/\/miumjau.ee\/lt\/produktas\/sana-naturalus-suns-skanestas-jautienos-plauciai-150g\/\",\"url\":\"https:\/\/miumjau.ee\/lt\/produktas\/sana-naturalus-suns-skanestas-jautienos-plauciai-150g\/\",\"name\":\"Sana Nat\u016bralus \u0160uns Skan\u0117stas, Jautienos Plau\u010diai 150g - MiuMjau\",\"isPartOf\":{\"@id\":\"https:\/\/miumjau.ee\/#website\"},\"primaryImageOfPage\":{\"@id\":\"https:\/\/miumjau.ee\/lt\/produktas\/sana-naturalus-suns-skanestas-jautienos-plauciai-150g\/#primaryimage\"},\"image\":{\"@id\":\"https:\/\/miumjau.ee\/lt\/produktas\/sana-naturalus-suns-skanestas-jautienos-plauciai-150g\/#primaryimage\"},\"thumbnailUrl\":\"https:\/\/miumjau.ee\/wp-content\/uploads\/2025\/03\/veise-kops-sana1.jpg\",\"datePublished\":\"2025-03-20T12:45:44+00:00\",\"breadcrumb\":{\"@id\":\"https:\/\/miumjau.ee\/lt\/produktas\/sana-naturalus-suns-skanestas-jautienos-plauciai-150g\/#breadcrumb\"},\"inLanguage\":\"lt-LT\",\"potentialAction\":[{\"@type\":\"ReadAction\",\"target\":[\"https:\/\/miumjau.ee\/lt\/produktas\/sana-naturalus-suns-skanestas-jautienos-plauciai-150g\/\"]}]},{\"@type\":\"ImageObject\",\"inLanguage\":\"lt-LT\",\"@id\":\"https:\/\/miumjau.ee\/lt\/produktas\/sana-naturalus-suns-skanestas-jautienos-plauciai-150g\/#primaryimage\",\"url\":\"https:\/\/miumjau.ee\/wp-content\/uploads\/2025\/03\/veise-kops-sana1.jpg\",\"contentUrl\":\"https:\/\/miumjau.ee\/wp-content\/uploads\/2025\/03\/veise-kops-sana1.jpg\",\"width\":600,\"height\":800},{\"@type\":\"BreadcrumbList\",\"@id\":\"https:\/\/miumjau.ee\/lt\/produktas\/sana-naturalus-suns-skanestas-jautienos-plauciai-150g\/#breadcrumb\",\"itemListElement\":[{\"@type\":\"ListItem\",\"position\":1,\"name\":\"Home\",\"item\":\"https:\/\/miumjau.ee\/lt\/\"},{\"@type\":\"ListItem\",\"position\":2,\"name\":\"Parduotuv\u0117\",\"item\":\"https:\/\/miumjau.ee\/lt\/parduotuve\/\"},{\"@type\":\"ListItem\",\"position\":3,\"name\":\"Sana Nat\u016bralus \u0160uns Skan\u0117stas, Jautienos Plau\u010diai 150g\"}]},{\"@type\":\"WebSite\",\"@id\":\"https:\/\/miumjau.ee\/#website\",\"url\":\"https:\/\/miumjau.ee\/\",\"name\":\"MiuMjau\",\"description\":\"Kraapimispuud kassidele\",\"publisher\":{\"@id\":\"https:\/\/miumjau.ee\/#organization\"},\"potentialAction\":[{\"@type\":\"SearchAction\",\"target\":{\"@type\":\"EntryPoint\",\"urlTemplate\":\"https:\/\/miumjau.ee\/?s={search_term_string}\"},\"query-input\":{\"@type\":\"PropertyValueSpecification\",\"valueRequired\":true,\"valueName\":\"search_term_string\"}}],\"inLanguage\":\"lt-LT\"},{\"@type\":\"Organization\",\"@id\":\"https:\/\/miumjau.ee\/#organization\",\"name\":\"MiuMjau O\u00dc\",\"url\":\"https:\/\/miumjau.ee\/\",\"logo\":{\"@type\":\"ImageObject\",\"inLanguage\":\"lt-LT\",\"@id\":\"https:\/\/miumjau.ee\/#\/schema\/logo\/image\/\",\"url\":\"https:\/\/miumjau.ee\/wp-content\/uploads\/2022\/04\/MiuMjau-logo-kollane.png\",\"contentUrl\":\"https:\/\/miumjau.ee\/wp-content\/uploads\/2022\/04\/MiuMjau-logo-kollane.png\",\"width\":219,\"height\":100,\"caption\":\"MiuMjau O\u00dc\"},\"image\":{\"@id\":\"https:\/\/miumjau.ee\/#\/schema\/logo\/image\/\"},\"sameAs\":[\"https:\/\/www.facebook.com\/miumjaupood\/\"]}]}<\/script>\n<!-- \/ Yoast SEO plugin. -->","yoast_head_json":{"title":"Sana Nat\u016bralus \u0160uns Skan\u0117stas, Jautienos Plau\u010diai 150g - MiuMjau","robots":{"index":"index","follow":"follow","max-snippet":"max-snippet:-1","max-image-preview":"max-image-preview:large","max-video-preview":"max-video-preview:-1"},"canonical":"https:\/\/miumjau.ee\/lt\/produktas\/sana-naturalus-suns-skanestas-jautienos-plauciai-150g\/","og_locale":"lt_LT","og_type":"article","og_title":"Sana Nat\u016bralus \u0160uns Skan\u0117stas, Jautienos Plau\u010diai 150g - MiuMjau","og_description":"Pasi\u016blykite savo \u0161uniui tra\u0161kius ir skanius jautienos plau\u010dius! Gydymas su \u0161velniu aromatu, lengvai kramtoma tekst\u016bra ir viena ingredientu, kuri\u0105 m\u0117gsta visi \u0161unys. Jautienos plau\u010diai yra puikus baltym\u0173 ir amino r\u016bg\u0161\u010di\u0173 \u0161altinis. Be konservant\u0173 ir pried\u0173, tod\u0117l tinka net jautriems \u0161unims. Privalumai:\u2714 100 % gryna jautiena\u2714 Mink\u0161ta ir tra\u0161ki tekst\u016bra\u2714 Nat\u016braliai daug baltym\u0173\u2714 Tinka \u017ealiavalgiams \u0161unims Sud\u0117tis: 100 % jautienos plau\u010diai Maistin\u0117 vert\u0117: Baltymai \u2013 54 %, Riebalai \u2013 2,6 %, Dr\u0117gm\u0117 \u2013 11 %, Pelenai \u2013 2 %, Skaidulos \u2013 1,6 %","og_url":"https:\/\/miumjau.ee\/lt\/produktas\/sana-naturalus-suns-skanestas-jautienos-plauciai-150g\/","og_site_name":"MiuMjau","article_publisher":"https:\/\/www.facebook.com\/miumjaupood\/","og_image":[{"width":600,"height":800,"url":"https:\/\/miumjau.ee\/wp-content\/uploads\/2025\/03\/veise-kops-sana1.jpg","type":"image\/jpeg"}],"twitter_card":"summary_large_image","schema":{"@context":"https:\/\/schema.org","@graph":[{"@type":"WebPage","@id":"https:\/\/miumjau.ee\/lt\/produktas\/sana-naturalus-suns-skanestas-jautienos-plauciai-150g\/","url":"https:\/\/miumjau.ee\/lt\/produktas\/sana-naturalus-suns-skanestas-jautienos-plauciai-150g\/","name":"Sana Nat\u016bralus \u0160uns Skan\u0117stas, Jautienos Plau\u010diai 150g - MiuMjau","isPartOf":{"@id":"https:\/\/miumjau.ee\/#website"},"primaryImageOfPage":{"@id":"https:\/\/miumjau.ee\/lt\/produktas\/sana-naturalus-suns-skanestas-jautienos-plauciai-150g\/#primaryimage"},"image":{"@id":"https:\/\/miumjau.ee\/lt\/produktas\/sana-naturalus-suns-skanestas-jautienos-plauciai-150g\/#primaryimage"},"thumbnailUrl":"https:\/\/miumjau.ee\/wp-content\/uploads\/2025\/03\/veise-kops-sana1.jpg","datePublished":"2025-03-20T12:45:44+00:00","breadcrumb":{"@id":"https:\/\/miumjau.ee\/lt\/produktas\/sana-naturalus-suns-skanestas-jautienos-plauciai-150g\/#breadcrumb"},"inLanguage":"lt-LT","potentialAction":[{"@type":"ReadAction","target":["https:\/\/miumjau.ee\/lt\/produktas\/sana-naturalus-suns-skanestas-jautienos-plauciai-150g\/"]}]},{"@type":"ImageObject","inLanguage":"lt-LT","@id":"https:\/\/miumjau.ee\/lt\/produktas\/sana-naturalus-suns-skanestas-jautienos-plauciai-150g\/#primaryimage","url":"https:\/\/miumjau.ee\/wp-content\/uploads\/2025\/03\/veise-kops-sana1.jpg","contentUrl":"https:\/\/miumjau.ee\/wp-content\/uploads\/2025\/03\/veise-kops-sana1.jpg","width":600,"height":800},{"@type":"BreadcrumbList","@id":"https:\/\/miumjau.ee\/lt\/produktas\/sana-naturalus-suns-skanestas-jautienos-plauciai-150g\/#breadcrumb","itemListElement":[{"@type":"ListItem","position":1,"name":"Home","item":"https:\/\/miumjau.ee\/lt\/"},{"@type":"ListItem","position":2,"name":"Parduotuv\u0117","item":"https:\/\/miumjau.ee\/lt\/parduotuve\/"},{"@type":"ListItem","position":3,"name":"Sana Nat\u016bralus \u0160uns Skan\u0117stas, Jautienos Plau\u010diai 150g"}]},{"@type":"WebSite","@id":"https:\/\/miumjau.ee\/#website","url":"https:\/\/miumjau.ee\/","name":"MiuMjau","description":"Kraapimispuud kassidele","publisher":{"@id":"https:\/\/miumjau.ee\/#organization"},"potentialAction":[{"@type":"SearchAction","target":{"@type":"EntryPoint","urlTemplate":"https:\/\/miumjau.ee\/?s={search_term_string}"},"query-input":{"@type":"PropertyValueSpecification","valueRequired":true,"valueName":"search_term_string"}}],"inLanguage":"lt-LT"},{"@type":"Organization","@id":"https:\/\/miumjau.ee\/#organization","name":"MiuMjau O\u00dc","url":"https:\/\/miumjau.ee\/","logo":{"@type":"ImageObject","inLanguage":"lt-LT","@id":"https:\/\/miumjau.ee\/#\/schema\/logo\/image\/","url":"https:\/\/miumjau.ee\/wp-content\/uploads\/2022\/04\/MiuMjau-logo-kollane.png","contentUrl":"https:\/\/miumjau.ee\/wp-content\/uploads\/2022\/04\/MiuMjau-logo-kollane.png","width":219,"height":100,"caption":"MiuMjau O\u00dc"},"image":{"@id":"https:\/\/miumjau.ee\/#\/schema\/logo\/image\/"},"sameAs":["https:\/\/www.facebook.com\/miumjaupood\/"]}]}},"_links":{"self":[{"href":"https:\/\/miumjau.ee\/lt\/wp-json\/wp\/v2\/product\/51764","targetHints":{"allow":["GET"]}}],"collection":[{"href":"https:\/\/miumjau.ee\/lt\/wp-json\/wp\/v2\/product"}],"about":[{"href":"https:\/\/miumjau.ee\/lt\/wp-json\/wp\/v2\/types\/product"}],"wp:featuredmedia":[{"embeddable":true,"href":"https:\/\/miumjau.ee\/lt\/wp-json\/wp\/v2\/media\/51765"}],"wp:attachment":[{"href":"https:\/\/miumjau.ee\/lt\/wp-json\/wp\/v2\/media?parent=51764"}],"wp:term":[{"taxonomy":"product_brand","embeddable":true,"href":"https:\/\/miumjau.ee\/lt\/wp-json\/wp\/v2\/product_brand?post=51764"},{"taxonomy":"product_cat","embeddable":true,"href":"https:\/\/miumjau.ee\/lt\/wp-json\/wp\/v2\/product_cat?post=51764"},{"taxonomy":"product_tag","embeddable":true,"href":"https:\/\/miumjau.ee\/lt\/wp-json\/wp\/v2\/product_tag?post=51764"}],"curies":[{"name":"wp","href":"https:\/\/api.w.org\/{rel}","templated":true}]}}