{"id":51750,"date":"2025-03-25T10:12:29","date_gmt":"2025-03-25T08:12:29","guid":{"rendered":"https:\/\/miumjau.ee\/toode\/naturalus-skanestas-sana-kalakuto-kaklas-1-vnt\/"},"modified":"2025-03-25T10:12:29","modified_gmt":"2025-03-25T08:12:29","slug":"naturalus-skanestas-sana-kalakuto-kaklas-1-vnt","status":"publish","type":"product","link":"https:\/\/miumjau.ee\/lt\/produktas\/naturalus-skanestas-sana-kalakuto-kaklas-1-vnt\/","title":{"rendered":"Nat\u016bralus Skan\u0117stas Sana, Kalakuto Kaklas, 1 vnt"},"content":{"rendered":"","protected":false},"excerpt":{"rendered":"<p data-start=\"1543\" data-end=\"1654\">Nat\u016bralus skan\u0117stas \u0161unims nuo 3 m\u0117nesi\u0173 am\u017eiaus. Ideali kramtoma u\u017ekanda i\u0161 \u0161vari\u0173 \u017ealiav\u0173, be joki\u0173 pried\u0173.<\/p>\n<p data-start=\"1656\" data-end=\"1803\"><strong data-start=\"1656\" data-end=\"1668\">Sud\u0117tis:<\/strong> 100 % kalakuto kaklai<br data-start=\"1690\" data-end=\"1693\" \/><strong data-start=\"1693\" data-end=\"1712\">Maistin\u0117 vert\u0117:<\/strong> Baltymai \u2013 70,1 %, Riebalai \u2013 15,2 %, Dr\u0117gm\u0117 \u2013 3,2 %, Pelenai \u2013 3,3 %, Skaidulos \u2013 3,7 %<\/p>\n<p data-start=\"1805\" data-end=\"1915\">Produktas parduodamas po vien\u0105 vienet\u0105 ir supakuotas \u012f permatom\u0105 mini grip mai\u0161el\u012f pagal pageidaujam\u0105 kiek\u012f.<\/p>\n","protected":false},"featured_media":51747,"template":"","meta":[],"product_brand":[],"product_cat":[540],"product_tag":[],"class_list":{"0":"post-51750","1":"product","2":"type-product","3":"status-publish","4":"has-post-thumbnail","6":"product_cat-skanestai-sunims","8":"first","9":"instock","10":"sale","11":"taxable","12":"shipping-taxable","13":"purchasable","14":"product-type-simple"},"yoast_head":"<!-- This site is optimized with the Yoast SEO plugin v27.2 - https:\/\/yoast.com\/product\/yoast-seo-wordpress\/ -->\n<title>Nat\u016bralus Skan\u0117stas Sana, Kalakuto Kaklas, 1 vnt - MiuMjau<\/title>\n<meta name=\"robots\" content=\"index, follow, max-snippet:-1, max-image-preview:large, max-video-preview:-1\" \/>\n<link rel=\"canonical\" href=\"https:\/\/miumjau.ee\/lt\/produktas\/naturalus-skanestas-sana-kalakuto-kaklas-1-vnt\/\" \/>\n<meta property=\"og:locale\" content=\"lt_LT\" \/>\n<meta property=\"og:type\" content=\"article\" \/>\n<meta property=\"og:title\" content=\"Nat\u016bralus Skan\u0117stas Sana, Kalakuto Kaklas, 1 vnt - MiuMjau\" \/>\n<meta property=\"og:description\" content=\"Nat\u016bralus skan\u0117stas \u0161unims nuo 3 m\u0117nesi\u0173 am\u017eiaus. Ideali kramtoma u\u017ekanda i\u0161 \u0161vari\u0173 \u017ealiav\u0173, be joki\u0173 pried\u0173. Sud\u0117tis: 100 % kalakuto kaklaiMaistin\u0117 vert\u0117: Baltymai \u2013 70,1 %, Riebalai \u2013 15,2 %, Dr\u0117gm\u0117 \u2013 3,2 %, Pelenai \u2013 3,3 %, Skaidulos \u2013 3,7 % Produktas parduodamas po vien\u0105 vienet\u0105 ir supakuotas \u012f permatom\u0105 mini grip mai\u0161el\u012f pagal pageidaujam\u0105 kiek\u012f.\" \/>\n<meta property=\"og:url\" content=\"https:\/\/miumjau.ee\/lt\/produktas\/naturalus-skanestas-sana-kalakuto-kaklas-1-vnt\/\" \/>\n<meta property=\"og:site_name\" content=\"MiuMjau\" \/>\n<meta property=\"article:publisher\" content=\"https:\/\/www.facebook.com\/miumjaupood\/\" \/>\n<meta property=\"og:image\" content=\"https:\/\/miumjau.ee\/wp-content\/uploads\/2025\/03\/kalkunikael-koertele-sana.jpg\" \/>\n\t<meta property=\"og:image:width\" content=\"600\" \/>\n\t<meta property=\"og:image:height\" content=\"800\" \/>\n\t<meta property=\"og:image:type\" content=\"image\/jpeg\" \/>\n<meta name=\"twitter:card\" content=\"summary_large_image\" \/>\n<script type=\"application\/ld+json\" class=\"yoast-schema-graph\">{\"@context\":\"https:\/\/schema.org\",\"@graph\":[{\"@type\":\"WebPage\",\"@id\":\"https:\/\/miumjau.ee\/lt\/produktas\/naturalus-skanestas-sana-kalakuto-kaklas-1-vnt\/\",\"url\":\"https:\/\/miumjau.ee\/lt\/produktas\/naturalus-skanestas-sana-kalakuto-kaklas-1-vnt\/\",\"name\":\"Nat\u016bralus Skan\u0117stas Sana, Kalakuto Kaklas, 1 vnt - MiuMjau\",\"isPartOf\":{\"@id\":\"https:\/\/miumjau.ee\/#website\"},\"primaryImageOfPage\":{\"@id\":\"https:\/\/miumjau.ee\/lt\/produktas\/naturalus-skanestas-sana-kalakuto-kaklas-1-vnt\/#primaryimage\"},\"image\":{\"@id\":\"https:\/\/miumjau.ee\/lt\/produktas\/naturalus-skanestas-sana-kalakuto-kaklas-1-vnt\/#primaryimage\"},\"thumbnailUrl\":\"https:\/\/miumjau.ee\/wp-content\/uploads\/2025\/03\/kalkunikael-koertele-sana.jpg\",\"datePublished\":\"2025-03-25T08:12:29+00:00\",\"breadcrumb\":{\"@id\":\"https:\/\/miumjau.ee\/lt\/produktas\/naturalus-skanestas-sana-kalakuto-kaklas-1-vnt\/#breadcrumb\"},\"inLanguage\":\"lt-LT\",\"potentialAction\":[{\"@type\":\"ReadAction\",\"target\":[\"https:\/\/miumjau.ee\/lt\/produktas\/naturalus-skanestas-sana-kalakuto-kaklas-1-vnt\/\"]}]},{\"@type\":\"ImageObject\",\"inLanguage\":\"lt-LT\",\"@id\":\"https:\/\/miumjau.ee\/lt\/produktas\/naturalus-skanestas-sana-kalakuto-kaklas-1-vnt\/#primaryimage\",\"url\":\"https:\/\/miumjau.ee\/wp-content\/uploads\/2025\/03\/kalkunikael-koertele-sana.jpg\",\"contentUrl\":\"https:\/\/miumjau.ee\/wp-content\/uploads\/2025\/03\/kalkunikael-koertele-sana.jpg\",\"width\":600,\"height\":800},{\"@type\":\"BreadcrumbList\",\"@id\":\"https:\/\/miumjau.ee\/lt\/produktas\/naturalus-skanestas-sana-kalakuto-kaklas-1-vnt\/#breadcrumb\",\"itemListElement\":[{\"@type\":\"ListItem\",\"position\":1,\"name\":\"Home\",\"item\":\"https:\/\/miumjau.ee\/lt\/\"},{\"@type\":\"ListItem\",\"position\":2,\"name\":\"Parduotuv\u0117\",\"item\":\"https:\/\/miumjau.ee\/lt\/parduotuve\/\"},{\"@type\":\"ListItem\",\"position\":3,\"name\":\"Nat\u016bralus Skan\u0117stas Sana, Kalakuto Kaklas, 1 vnt\"}]},{\"@type\":\"WebSite\",\"@id\":\"https:\/\/miumjau.ee\/#website\",\"url\":\"https:\/\/miumjau.ee\/\",\"name\":\"MiuMjau\",\"description\":\"Kraapimispuud kassidele\",\"publisher\":{\"@id\":\"https:\/\/miumjau.ee\/#organization\"},\"potentialAction\":[{\"@type\":\"SearchAction\",\"target\":{\"@type\":\"EntryPoint\",\"urlTemplate\":\"https:\/\/miumjau.ee\/?s={search_term_string}\"},\"query-input\":{\"@type\":\"PropertyValueSpecification\",\"valueRequired\":true,\"valueName\":\"search_term_string\"}}],\"inLanguage\":\"lt-LT\"},{\"@type\":\"Organization\",\"@id\":\"https:\/\/miumjau.ee\/#organization\",\"name\":\"MiuMjau O\u00dc\",\"url\":\"https:\/\/miumjau.ee\/\",\"logo\":{\"@type\":\"ImageObject\",\"inLanguage\":\"lt-LT\",\"@id\":\"https:\/\/miumjau.ee\/#\/schema\/logo\/image\/\",\"url\":\"https:\/\/miumjau.ee\/wp-content\/uploads\/2022\/04\/MiuMjau-logo-kollane.png\",\"contentUrl\":\"https:\/\/miumjau.ee\/wp-content\/uploads\/2022\/04\/MiuMjau-logo-kollane.png\",\"width\":219,\"height\":100,\"caption\":\"MiuMjau O\u00dc\"},\"image\":{\"@id\":\"https:\/\/miumjau.ee\/#\/schema\/logo\/image\/\"},\"sameAs\":[\"https:\/\/www.facebook.com\/miumjaupood\/\"]}]}<\/script>\n<!-- \/ Yoast SEO plugin. -->","yoast_head_json":{"title":"Nat\u016bralus Skan\u0117stas Sana, Kalakuto Kaklas, 1 vnt - MiuMjau","robots":{"index":"index","follow":"follow","max-snippet":"max-snippet:-1","max-image-preview":"max-image-preview:large","max-video-preview":"max-video-preview:-1"},"canonical":"https:\/\/miumjau.ee\/lt\/produktas\/naturalus-skanestas-sana-kalakuto-kaklas-1-vnt\/","og_locale":"lt_LT","og_type":"article","og_title":"Nat\u016bralus Skan\u0117stas Sana, Kalakuto Kaklas, 1 vnt - MiuMjau","og_description":"Nat\u016bralus skan\u0117stas \u0161unims nuo 3 m\u0117nesi\u0173 am\u017eiaus. Ideali kramtoma u\u017ekanda i\u0161 \u0161vari\u0173 \u017ealiav\u0173, be joki\u0173 pried\u0173. Sud\u0117tis: 100 % kalakuto kaklaiMaistin\u0117 vert\u0117: Baltymai \u2013 70,1 %, Riebalai \u2013 15,2 %, Dr\u0117gm\u0117 \u2013 3,2 %, Pelenai \u2013 3,3 %, Skaidulos \u2013 3,7 % Produktas parduodamas po vien\u0105 vienet\u0105 ir supakuotas \u012f permatom\u0105 mini grip mai\u0161el\u012f pagal pageidaujam\u0105 kiek\u012f.","og_url":"https:\/\/miumjau.ee\/lt\/produktas\/naturalus-skanestas-sana-kalakuto-kaklas-1-vnt\/","og_site_name":"MiuMjau","article_publisher":"https:\/\/www.facebook.com\/miumjaupood\/","og_image":[{"width":600,"height":800,"url":"https:\/\/miumjau.ee\/wp-content\/uploads\/2025\/03\/kalkunikael-koertele-sana.jpg","type":"image\/jpeg"}],"twitter_card":"summary_large_image","schema":{"@context":"https:\/\/schema.org","@graph":[{"@type":"WebPage","@id":"https:\/\/miumjau.ee\/lt\/produktas\/naturalus-skanestas-sana-kalakuto-kaklas-1-vnt\/","url":"https:\/\/miumjau.ee\/lt\/produktas\/naturalus-skanestas-sana-kalakuto-kaklas-1-vnt\/","name":"Nat\u016bralus Skan\u0117stas Sana, Kalakuto Kaklas, 1 vnt - MiuMjau","isPartOf":{"@id":"https:\/\/miumjau.ee\/#website"},"primaryImageOfPage":{"@id":"https:\/\/miumjau.ee\/lt\/produktas\/naturalus-skanestas-sana-kalakuto-kaklas-1-vnt\/#primaryimage"},"image":{"@id":"https:\/\/miumjau.ee\/lt\/produktas\/naturalus-skanestas-sana-kalakuto-kaklas-1-vnt\/#primaryimage"},"thumbnailUrl":"https:\/\/miumjau.ee\/wp-content\/uploads\/2025\/03\/kalkunikael-koertele-sana.jpg","datePublished":"2025-03-25T08:12:29+00:00","breadcrumb":{"@id":"https:\/\/miumjau.ee\/lt\/produktas\/naturalus-skanestas-sana-kalakuto-kaklas-1-vnt\/#breadcrumb"},"inLanguage":"lt-LT","potentialAction":[{"@type":"ReadAction","target":["https:\/\/miumjau.ee\/lt\/produktas\/naturalus-skanestas-sana-kalakuto-kaklas-1-vnt\/"]}]},{"@type":"ImageObject","inLanguage":"lt-LT","@id":"https:\/\/miumjau.ee\/lt\/produktas\/naturalus-skanestas-sana-kalakuto-kaklas-1-vnt\/#primaryimage","url":"https:\/\/miumjau.ee\/wp-content\/uploads\/2025\/03\/kalkunikael-koertele-sana.jpg","contentUrl":"https:\/\/miumjau.ee\/wp-content\/uploads\/2025\/03\/kalkunikael-koertele-sana.jpg","width":600,"height":800},{"@type":"BreadcrumbList","@id":"https:\/\/miumjau.ee\/lt\/produktas\/naturalus-skanestas-sana-kalakuto-kaklas-1-vnt\/#breadcrumb","itemListElement":[{"@type":"ListItem","position":1,"name":"Home","item":"https:\/\/miumjau.ee\/lt\/"},{"@type":"ListItem","position":2,"name":"Parduotuv\u0117","item":"https:\/\/miumjau.ee\/lt\/parduotuve\/"},{"@type":"ListItem","position":3,"name":"Nat\u016bralus Skan\u0117stas Sana, Kalakuto Kaklas, 1 vnt"}]},{"@type":"WebSite","@id":"https:\/\/miumjau.ee\/#website","url":"https:\/\/miumjau.ee\/","name":"MiuMjau","description":"Kraapimispuud kassidele","publisher":{"@id":"https:\/\/miumjau.ee\/#organization"},"potentialAction":[{"@type":"SearchAction","target":{"@type":"EntryPoint","urlTemplate":"https:\/\/miumjau.ee\/?s={search_term_string}"},"query-input":{"@type":"PropertyValueSpecification","valueRequired":true,"valueName":"search_term_string"}}],"inLanguage":"lt-LT"},{"@type":"Organization","@id":"https:\/\/miumjau.ee\/#organization","name":"MiuMjau O\u00dc","url":"https:\/\/miumjau.ee\/","logo":{"@type":"ImageObject","inLanguage":"lt-LT","@id":"https:\/\/miumjau.ee\/#\/schema\/logo\/image\/","url":"https:\/\/miumjau.ee\/wp-content\/uploads\/2022\/04\/MiuMjau-logo-kollane.png","contentUrl":"https:\/\/miumjau.ee\/wp-content\/uploads\/2022\/04\/MiuMjau-logo-kollane.png","width":219,"height":100,"caption":"MiuMjau O\u00dc"},"image":{"@id":"https:\/\/miumjau.ee\/#\/schema\/logo\/image\/"},"sameAs":["https:\/\/www.facebook.com\/miumjaupood\/"]}]}},"_links":{"self":[{"href":"https:\/\/miumjau.ee\/lt\/wp-json\/wp\/v2\/product\/51750","targetHints":{"allow":["GET"]}}],"collection":[{"href":"https:\/\/miumjau.ee\/lt\/wp-json\/wp\/v2\/product"}],"about":[{"href":"https:\/\/miumjau.ee\/lt\/wp-json\/wp\/v2\/types\/product"}],"wp:featuredmedia":[{"embeddable":true,"href":"https:\/\/miumjau.ee\/lt\/wp-json\/wp\/v2\/media\/51747"}],"wp:attachment":[{"href":"https:\/\/miumjau.ee\/lt\/wp-json\/wp\/v2\/media?parent=51750"}],"wp:term":[{"taxonomy":"product_brand","embeddable":true,"href":"https:\/\/miumjau.ee\/lt\/wp-json\/wp\/v2\/product_brand?post=51750"},{"taxonomy":"product_cat","embeddable":true,"href":"https:\/\/miumjau.ee\/lt\/wp-json\/wp\/v2\/product_cat?post=51750"},{"taxonomy":"product_tag","embeddable":true,"href":"https:\/\/miumjau.ee\/lt\/wp-json\/wp\/v2\/product_tag?post=51750"}],"curies":[{"name":"wp","href":"https:\/\/api.w.org\/{rel}","templated":true}]}}