{"id":51742,"date":"2025-03-25T11:18:31","date_gmt":"2025-03-25T09:18:31","guid":{"rendered":"https:\/\/miumjau.ee\/toode\/pinti-jautienos-lyties-organas-25cm-monster-1-vnt\/"},"modified":"2025-03-25T11:18:31","modified_gmt":"2025-03-25T09:18:31","slug":"pinti-jautienos-lyties-organas-25cm-monster-1-vnt","status":"publish","type":"product","link":"https:\/\/miumjau.ee\/lt\/produktas\/pinti-jautienos-lyties-organas-25cm-monster-1-vnt\/","title":{"rendered":"Pinti Jautienos Lyties Organas 25cm (Monster) 1 vnt"},"content":{"rendered":"","protected":false},"excerpt":{"rendered":"<p data-start=\"4887\" data-end=\"5263\">Jautienos lyties organas yra seniausias ir populiariausias \u0161uns kramtomas skan\u0117stas pasaulyje. M\u016bs\u0173 special\u016bs kramtukai suteikia kiekvienam \u0161uniui sveik\u0105 ir ilgalaik\u012f kramtymo malonum\u0105. D\u0117l didelio baltym\u0173 kiekio ir kolageno jie ypa\u010d naudingi kaip u\u017ekandis. M\u016bs\u0173 pinti kramtukai yra dar ypatingesni \u2013 pintos strukt\u016bros tarpai skatina kruop\u0161\u010di\u0105 ir intensyvi\u0105 dant\u0173 prie\u017ei\u016br\u0105.<\/p>\n<p data-start=\"5265\" data-end=\"5384\">Atkreipkite d\u0117mes\u012f \u2013 tai m\u016bs\u0173 stipriausias ir storiausias kramtukas \u0161unims. Puikus pasirinkimas ir didel\u0117ms veisl\u0117ms!<\/p>\n<p data-start=\"5386\" data-end=\"5684\"><strong data-start=\"5386\" data-end=\"5455\">Kod\u0117l rinktis SANADOG jautienos lyties organ\u0105 kaip \u0161uns skan\u0117st\u0105?<\/strong><br data-start=\"5455\" data-end=\"5458\" \/>\ud83d\udd39 Be pried\u0173 \u2013 grynas ir nat\u016bralus<br data-start=\"5492\" data-end=\"5495\" \/>\ud83d\udd39 \u0160velniai d\u017eiovintas ore, be nemalonaus kvapo<br data-start=\"5542\" data-end=\"5545\" \/>\ud83d\udd39 Didelis baltym\u0173 kiekis ir turtingas kolageno<br data-start=\"5592\" data-end=\"5595\" \/>\ud83d\udd39 Padeda valyti dantis ir stiprina kramtymo raumenis<br data-start=\"5648\" data-end=\"5651\" \/>\ud83d\udd39 100 % sekama vietin\u0117 \u017ealiava<\/p>\n<p data-start=\"5686\" data-end=\"5871\">Pigesni jautienos uodegos da\u017enai atkeliauja i\u0161 Azijos, kur jos l\u0117tai d\u017eiovinamos saul\u0117je, o v\u0117liau greitai sterilizuojamos. \u0160is procesas sukelia fermentacij\u0105 ir stipr\u0173 nemalon\u0173 kvap\u0105.<\/p>\n<p data-start=\"5873\" data-end=\"6300\">M\u016bs\u0173 skan\u0117stai yra visi\u0161kai kitokie! Jie d\u017eiovinami specialiu b\u016bdu ore m\u016bs\u0173 pa\u010di\u0173 gamykloje, i\u0161laikant tik lengv\u0105 ir nat\u016bral\u0173 \u201efermos kvap\u0105\u201c. M\u016bs\u0173 oro d\u017eiovinimo technologija yra \u0161iuolaikin\u0117 \u0161imtme\u010dius sen\u0173 m\u0117sos i\u0161saugojimo metod\u0173 interpretacija. Kruop\u0161\u010diai atrinkta \u017ealiava yra vietin\u0117 ir 100 % sekama. \u0160velnus gamybos procesas i\u0161laiko svarbias maistines med\u017eiagas, padedant j\u016bs\u0173 \u0161uniui ilgai i\u0161likti sveikam ir gyvybingam.<\/p>\n<p data-start=\"6302\" data-end=\"6395\">Skan\u0117stai supakuoti \u012f skaidr\u0173, pakartotinai u\u017edarom\u0105 mai\u0161el\u012f pagal \u012fsigyt\u0173 vienet\u0173 skai\u010di\u0173.<\/p>\n","protected":false},"featured_media":51743,"template":"","meta":[],"product_brand":[],"product_cat":[540],"product_tag":[],"class_list":{"0":"post-51742","1":"product","2":"type-product","3":"status-publish","4":"has-post-thumbnail","6":"product_cat-skanestai-sunims","8":"first","9":"instock","10":"taxable","11":"shipping-taxable","12":"purchasable","13":"product-type-simple"},"yoast_head":"<!-- This site is optimized with the Yoast SEO plugin v27.2 - https:\/\/yoast.com\/product\/yoast-seo-wordpress\/ -->\n<title>Pinti Jautienos Lyties Organas 25cm (Monster) 1 vnt - MiuMjau<\/title>\n<meta name=\"robots\" content=\"index, follow, max-snippet:-1, max-image-preview:large, max-video-preview:-1\" \/>\n<link rel=\"canonical\" href=\"https:\/\/miumjau.ee\/lt\/produktas\/pinti-jautienos-lyties-organas-25cm-monster-1-vnt\/\" \/>\n<meta property=\"og:locale\" content=\"lt_LT\" \/>\n<meta property=\"og:type\" content=\"article\" \/>\n<meta property=\"og:title\" content=\"Pinti Jautienos Lyties Organas 25cm (Monster) 1 vnt - MiuMjau\" \/>\n<meta property=\"og:description\" content=\"Jautienos lyties organas yra seniausias ir populiariausias \u0161uns kramtomas skan\u0117stas pasaulyje. M\u016bs\u0173 special\u016bs kramtukai suteikia kiekvienam \u0161uniui sveik\u0105 ir ilgalaik\u012f kramtymo malonum\u0105. D\u0117l didelio baltym\u0173 kiekio ir kolageno jie ypa\u010d naudingi kaip u\u017ekandis. M\u016bs\u0173 pinti kramtukai yra dar ypatingesni \u2013 pintos strukt\u016bros tarpai skatina kruop\u0161\u010di\u0105 ir intensyvi\u0105 dant\u0173 prie\u017ei\u016br\u0105. Atkreipkite d\u0117mes\u012f \u2013 tai m\u016bs\u0173 stipriausias ir storiausias kramtukas \u0161unims. Puikus pasirinkimas ir didel\u0117ms veisl\u0117ms! Kod\u0117l rinktis SANADOG jautienos lyties organ\u0105 kaip \u0161uns skan\u0117st\u0105?\ud83d\udd39 Be pried\u0173 \u2013 grynas ir nat\u016bralus\ud83d\udd39 \u0160velniai d\u017eiovintas ore, be nemalonaus kvapo\ud83d\udd39 Didelis baltym\u0173 kiekis ir turtingas kolageno\ud83d\udd39 Padeda valyti dantis ir stiprina kramtymo raumenis\ud83d\udd39 100 % sekama vietin\u0117 \u017ealiava Pigesni jautienos uodegos da\u017enai atkeliauja i\u0161 Azijos, kur jos l\u0117tai d\u017eiovinamos saul\u0117je, o v\u0117liau greitai sterilizuojamos. \u0160is procesas sukelia fermentacij\u0105 ir stipr\u0173 nemalon\u0173 kvap\u0105. M\u016bs\u0173 skan\u0117stai yra visi\u0161kai kitokie! Jie d\u017eiovinami specialiu b\u016bdu ore m\u016bs\u0173 pa\u010di\u0173 gamykloje, i\u0161laikant tik lengv\u0105 ir nat\u016bral\u0173 \u201efermos kvap\u0105\u201c. M\u016bs\u0173 oro d\u017eiovinimo technologija yra \u0161iuolaikin\u0117 \u0161imtme\u010dius sen\u0173 m\u0117sos i\u0161saugojimo metod\u0173 interpretacija. Kruop\u0161\u010diai atrinkta \u017ealiava yra vietin\u0117 ir 100 % sekama. \u0160velnus gamybos procesas i\u0161laiko svarbias maistines med\u017eiagas, padedant j\u016bs\u0173 \u0161uniui ilgai i\u0161likti sveikam ir gyvybingam. Skan\u0117stai supakuoti \u012f skaidr\u0173, pakartotinai u\u017edarom\u0105 mai\u0161el\u012f pagal \u012fsigyt\u0173 vienet\u0173 skai\u010di\u0173.\" \/>\n<meta property=\"og:url\" content=\"https:\/\/miumjau.ee\/lt\/produktas\/pinti-jautienos-lyties-organas-25cm-monster-1-vnt\/\" \/>\n<meta property=\"og:site_name\" content=\"MiuMjau\" \/>\n<meta property=\"article:publisher\" content=\"https:\/\/www.facebook.com\/miumjaupood\/\" \/>\n<meta property=\"og:image\" content=\"https:\/\/miumjau.ee\/wp-content\/uploads\/2025\/03\/punutud-pullipeenis-25cm-monster2-Photoroom.webp\" \/>\n\t<meta property=\"og:image:width\" content=\"600\" \/>\n\t<meta property=\"og:image:height\" content=\"800\" \/>\n\t<meta property=\"og:image:type\" content=\"image\/webp\" \/>\n<meta name=\"twitter:card\" content=\"summary_large_image\" \/>\n<script type=\"application\/ld+json\" class=\"yoast-schema-graph\">{\"@context\":\"https:\/\/schema.org\",\"@graph\":[{\"@type\":\"WebPage\",\"@id\":\"https:\/\/miumjau.ee\/lt\/produktas\/pinti-jautienos-lyties-organas-25cm-monster-1-vnt\/\",\"url\":\"https:\/\/miumjau.ee\/lt\/produktas\/pinti-jautienos-lyties-organas-25cm-monster-1-vnt\/\",\"name\":\"Pinti Jautienos Lyties Organas 25cm (Monster) 1 vnt - MiuMjau\",\"isPartOf\":{\"@id\":\"https:\/\/miumjau.ee\/#website\"},\"primaryImageOfPage\":{\"@id\":\"https:\/\/miumjau.ee\/lt\/produktas\/pinti-jautienos-lyties-organas-25cm-monster-1-vnt\/#primaryimage\"},\"image\":{\"@id\":\"https:\/\/miumjau.ee\/lt\/produktas\/pinti-jautienos-lyties-organas-25cm-monster-1-vnt\/#primaryimage\"},\"thumbnailUrl\":\"https:\/\/miumjau.ee\/wp-content\/uploads\/2025\/03\/punutud-pullipeenis-25cm-monster2-Photoroom.webp\",\"datePublished\":\"2025-03-25T09:18:31+00:00\",\"breadcrumb\":{\"@id\":\"https:\/\/miumjau.ee\/lt\/produktas\/pinti-jautienos-lyties-organas-25cm-monster-1-vnt\/#breadcrumb\"},\"inLanguage\":\"lt-LT\",\"potentialAction\":[{\"@type\":\"ReadAction\",\"target\":[\"https:\/\/miumjau.ee\/lt\/produktas\/pinti-jautienos-lyties-organas-25cm-monster-1-vnt\/\"]}]},{\"@type\":\"ImageObject\",\"inLanguage\":\"lt-LT\",\"@id\":\"https:\/\/miumjau.ee\/lt\/produktas\/pinti-jautienos-lyties-organas-25cm-monster-1-vnt\/#primaryimage\",\"url\":\"https:\/\/miumjau.ee\/wp-content\/uploads\/2025\/03\/punutud-pullipeenis-25cm-monster2-Photoroom.webp\",\"contentUrl\":\"https:\/\/miumjau.ee\/wp-content\/uploads\/2025\/03\/punutud-pullipeenis-25cm-monster2-Photoroom.webp\",\"width\":600,\"height\":800},{\"@type\":\"BreadcrumbList\",\"@id\":\"https:\/\/miumjau.ee\/lt\/produktas\/pinti-jautienos-lyties-organas-25cm-monster-1-vnt\/#breadcrumb\",\"itemListElement\":[{\"@type\":\"ListItem\",\"position\":1,\"name\":\"Home\",\"item\":\"https:\/\/miumjau.ee\/lt\/\"},{\"@type\":\"ListItem\",\"position\":2,\"name\":\"Parduotuv\u0117\",\"item\":\"https:\/\/miumjau.ee\/lt\/parduotuve\/\"},{\"@type\":\"ListItem\",\"position\":3,\"name\":\"Pinti Jautienos Lyties Organas 25cm (Monster) 1 vnt\"}]},{\"@type\":\"WebSite\",\"@id\":\"https:\/\/miumjau.ee\/#website\",\"url\":\"https:\/\/miumjau.ee\/\",\"name\":\"MiuMjau\",\"description\":\"Kraapimispuud kassidele\",\"publisher\":{\"@id\":\"https:\/\/miumjau.ee\/#organization\"},\"potentialAction\":[{\"@type\":\"SearchAction\",\"target\":{\"@type\":\"EntryPoint\",\"urlTemplate\":\"https:\/\/miumjau.ee\/?s={search_term_string}\"},\"query-input\":{\"@type\":\"PropertyValueSpecification\",\"valueRequired\":true,\"valueName\":\"search_term_string\"}}],\"inLanguage\":\"lt-LT\"},{\"@type\":\"Organization\",\"@id\":\"https:\/\/miumjau.ee\/#organization\",\"name\":\"MiuMjau O\u00dc\",\"url\":\"https:\/\/miumjau.ee\/\",\"logo\":{\"@type\":\"ImageObject\",\"inLanguage\":\"lt-LT\",\"@id\":\"https:\/\/miumjau.ee\/#\/schema\/logo\/image\/\",\"url\":\"https:\/\/miumjau.ee\/wp-content\/uploads\/2022\/04\/MiuMjau-logo-kollane.png\",\"contentUrl\":\"https:\/\/miumjau.ee\/wp-content\/uploads\/2022\/04\/MiuMjau-logo-kollane.png\",\"width\":219,\"height\":100,\"caption\":\"MiuMjau O\u00dc\"},\"image\":{\"@id\":\"https:\/\/miumjau.ee\/#\/schema\/logo\/image\/\"},\"sameAs\":[\"https:\/\/www.facebook.com\/miumjaupood\/\"]}]}<\/script>\n<!-- \/ Yoast SEO plugin. -->","yoast_head_json":{"title":"Pinti Jautienos Lyties Organas 25cm (Monster) 1 vnt - MiuMjau","robots":{"index":"index","follow":"follow","max-snippet":"max-snippet:-1","max-image-preview":"max-image-preview:large","max-video-preview":"max-video-preview:-1"},"canonical":"https:\/\/miumjau.ee\/lt\/produktas\/pinti-jautienos-lyties-organas-25cm-monster-1-vnt\/","og_locale":"lt_LT","og_type":"article","og_title":"Pinti Jautienos Lyties Organas 25cm (Monster) 1 vnt - MiuMjau","og_description":"Jautienos lyties organas yra seniausias ir populiariausias \u0161uns kramtomas skan\u0117stas pasaulyje. M\u016bs\u0173 special\u016bs kramtukai suteikia kiekvienam \u0161uniui sveik\u0105 ir ilgalaik\u012f kramtymo malonum\u0105. D\u0117l didelio baltym\u0173 kiekio ir kolageno jie ypa\u010d naudingi kaip u\u017ekandis. M\u016bs\u0173 pinti kramtukai yra dar ypatingesni \u2013 pintos strukt\u016bros tarpai skatina kruop\u0161\u010di\u0105 ir intensyvi\u0105 dant\u0173 prie\u017ei\u016br\u0105. Atkreipkite d\u0117mes\u012f \u2013 tai m\u016bs\u0173 stipriausias ir storiausias kramtukas \u0161unims. Puikus pasirinkimas ir didel\u0117ms veisl\u0117ms! Kod\u0117l rinktis SANADOG jautienos lyties organ\u0105 kaip \u0161uns skan\u0117st\u0105?\ud83d\udd39 Be pried\u0173 \u2013 grynas ir nat\u016bralus\ud83d\udd39 \u0160velniai d\u017eiovintas ore, be nemalonaus kvapo\ud83d\udd39 Didelis baltym\u0173 kiekis ir turtingas kolageno\ud83d\udd39 Padeda valyti dantis ir stiprina kramtymo raumenis\ud83d\udd39 100 % sekama vietin\u0117 \u017ealiava Pigesni jautienos uodegos da\u017enai atkeliauja i\u0161 Azijos, kur jos l\u0117tai d\u017eiovinamos saul\u0117je, o v\u0117liau greitai sterilizuojamos. \u0160is procesas sukelia fermentacij\u0105 ir stipr\u0173 nemalon\u0173 kvap\u0105. M\u016bs\u0173 skan\u0117stai yra visi\u0161kai kitokie! Jie d\u017eiovinami specialiu b\u016bdu ore m\u016bs\u0173 pa\u010di\u0173 gamykloje, i\u0161laikant tik lengv\u0105 ir nat\u016bral\u0173 \u201efermos kvap\u0105\u201c. M\u016bs\u0173 oro d\u017eiovinimo technologija yra \u0161iuolaikin\u0117 \u0161imtme\u010dius sen\u0173 m\u0117sos i\u0161saugojimo metod\u0173 interpretacija. Kruop\u0161\u010diai atrinkta \u017ealiava yra vietin\u0117 ir 100 % sekama. \u0160velnus gamybos procesas i\u0161laiko svarbias maistines med\u017eiagas, padedant j\u016bs\u0173 \u0161uniui ilgai i\u0161likti sveikam ir gyvybingam. Skan\u0117stai supakuoti \u012f skaidr\u0173, pakartotinai u\u017edarom\u0105 mai\u0161el\u012f pagal \u012fsigyt\u0173 vienet\u0173 skai\u010di\u0173.","og_url":"https:\/\/miumjau.ee\/lt\/produktas\/pinti-jautienos-lyties-organas-25cm-monster-1-vnt\/","og_site_name":"MiuMjau","article_publisher":"https:\/\/www.facebook.com\/miumjaupood\/","og_image":[{"width":600,"height":800,"url":"https:\/\/miumjau.ee\/wp-content\/uploads\/2025\/03\/punutud-pullipeenis-25cm-monster2-Photoroom.webp","type":"image\/webp"}],"twitter_card":"summary_large_image","schema":{"@context":"https:\/\/schema.org","@graph":[{"@type":"WebPage","@id":"https:\/\/miumjau.ee\/lt\/produktas\/pinti-jautienos-lyties-organas-25cm-monster-1-vnt\/","url":"https:\/\/miumjau.ee\/lt\/produktas\/pinti-jautienos-lyties-organas-25cm-monster-1-vnt\/","name":"Pinti Jautienos Lyties Organas 25cm (Monster) 1 vnt - MiuMjau","isPartOf":{"@id":"https:\/\/miumjau.ee\/#website"},"primaryImageOfPage":{"@id":"https:\/\/miumjau.ee\/lt\/produktas\/pinti-jautienos-lyties-organas-25cm-monster-1-vnt\/#primaryimage"},"image":{"@id":"https:\/\/miumjau.ee\/lt\/produktas\/pinti-jautienos-lyties-organas-25cm-monster-1-vnt\/#primaryimage"},"thumbnailUrl":"https:\/\/miumjau.ee\/wp-content\/uploads\/2025\/03\/punutud-pullipeenis-25cm-monster2-Photoroom.webp","datePublished":"2025-03-25T09:18:31+00:00","breadcrumb":{"@id":"https:\/\/miumjau.ee\/lt\/produktas\/pinti-jautienos-lyties-organas-25cm-monster-1-vnt\/#breadcrumb"},"inLanguage":"lt-LT","potentialAction":[{"@type":"ReadAction","target":["https:\/\/miumjau.ee\/lt\/produktas\/pinti-jautienos-lyties-organas-25cm-monster-1-vnt\/"]}]},{"@type":"ImageObject","inLanguage":"lt-LT","@id":"https:\/\/miumjau.ee\/lt\/produktas\/pinti-jautienos-lyties-organas-25cm-monster-1-vnt\/#primaryimage","url":"https:\/\/miumjau.ee\/wp-content\/uploads\/2025\/03\/punutud-pullipeenis-25cm-monster2-Photoroom.webp","contentUrl":"https:\/\/miumjau.ee\/wp-content\/uploads\/2025\/03\/punutud-pullipeenis-25cm-monster2-Photoroom.webp","width":600,"height":800},{"@type":"BreadcrumbList","@id":"https:\/\/miumjau.ee\/lt\/produktas\/pinti-jautienos-lyties-organas-25cm-monster-1-vnt\/#breadcrumb","itemListElement":[{"@type":"ListItem","position":1,"name":"Home","item":"https:\/\/miumjau.ee\/lt\/"},{"@type":"ListItem","position":2,"name":"Parduotuv\u0117","item":"https:\/\/miumjau.ee\/lt\/parduotuve\/"},{"@type":"ListItem","position":3,"name":"Pinti Jautienos Lyties Organas 25cm (Monster) 1 vnt"}]},{"@type":"WebSite","@id":"https:\/\/miumjau.ee\/#website","url":"https:\/\/miumjau.ee\/","name":"MiuMjau","description":"Kraapimispuud kassidele","publisher":{"@id":"https:\/\/miumjau.ee\/#organization"},"potentialAction":[{"@type":"SearchAction","target":{"@type":"EntryPoint","urlTemplate":"https:\/\/miumjau.ee\/?s={search_term_string}"},"query-input":{"@type":"PropertyValueSpecification","valueRequired":true,"valueName":"search_term_string"}}],"inLanguage":"lt-LT"},{"@type":"Organization","@id":"https:\/\/miumjau.ee\/#organization","name":"MiuMjau O\u00dc","url":"https:\/\/miumjau.ee\/","logo":{"@type":"ImageObject","inLanguage":"lt-LT","@id":"https:\/\/miumjau.ee\/#\/schema\/logo\/image\/","url":"https:\/\/miumjau.ee\/wp-content\/uploads\/2022\/04\/MiuMjau-logo-kollane.png","contentUrl":"https:\/\/miumjau.ee\/wp-content\/uploads\/2022\/04\/MiuMjau-logo-kollane.png","width":219,"height":100,"caption":"MiuMjau O\u00dc"},"image":{"@id":"https:\/\/miumjau.ee\/#\/schema\/logo\/image\/"},"sameAs":["https:\/\/www.facebook.com\/miumjaupood\/"]}]}},"_links":{"self":[{"href":"https:\/\/miumjau.ee\/lt\/wp-json\/wp\/v2\/product\/51742","targetHints":{"allow":["GET"]}}],"collection":[{"href":"https:\/\/miumjau.ee\/lt\/wp-json\/wp\/v2\/product"}],"about":[{"href":"https:\/\/miumjau.ee\/lt\/wp-json\/wp\/v2\/types\/product"}],"wp:featuredmedia":[{"embeddable":true,"href":"https:\/\/miumjau.ee\/lt\/wp-json\/wp\/v2\/media\/51743"}],"wp:attachment":[{"href":"https:\/\/miumjau.ee\/lt\/wp-json\/wp\/v2\/media?parent=51742"}],"wp:term":[{"taxonomy":"product_brand","embeddable":true,"href":"https:\/\/miumjau.ee\/lt\/wp-json\/wp\/v2\/product_brand?post=51742"},{"taxonomy":"product_cat","embeddable":true,"href":"https:\/\/miumjau.ee\/lt\/wp-json\/wp\/v2\/product_cat?post=51742"},{"taxonomy":"product_tag","embeddable":true,"href":"https:\/\/miumjau.ee\/lt\/wp-json\/wp\/v2\/product_tag?post=51742"}],"curies":[{"name":"wp","href":"https:\/\/api.w.org\/{rel}","templated":true}]}}