{"id":51735,"date":"2025-04-07T21:35:21","date_gmt":"2025-04-07T18:35:21","guid":{"rendered":"https:\/\/miumjau.ee\/toode\/himalaju-suris-kramtomoji-lazdele-sunims-l-138-155g\/"},"modified":"2025-04-07T21:35:21","modified_gmt":"2025-04-07T18:35:21","slug":"himalaju-suris-kramtomoji-lazdele-sunims-l-138-155g","status":"publish","type":"product","link":"https:\/\/miumjau.ee\/lt\/produktas\/himalaju-suris-kramtomoji-lazdele-sunims-l-138-155g\/","title":{"rendered":"Himalaj\u0173 s\u016bris \u2013 kramtomoji lazdel\u0117 \u0161unims L (138-155g)"},"content":{"rendered":"","protected":false},"excerpt":{"rendered":"<p data-start=\"0\" data-end=\"110\">Nat\u016bralus kietas kramtomasis skan\u0117stas \u0161unims \u2013 100 % nat\u016bralus skan\u0117stas, pagamintas i\u0161 \u0161vie\u017eio karv\u0117s pieno.<\/p>\n<p data-start=\"112\" data-end=\"288\">Himalaj\u0173 kramtomieji skan\u0117stai pasi\u017eymi tvirta tekst\u016bra ir ilgai d\u017eiovinami, kad b\u016bt\u0173 pa\u0161alinta perteklin\u0117 dr\u0117gm\u0117. Galimi \u012fvairi\u0173 dyd\u017ei\u0173 \u2013 kiekvienam \u0161uniui tinkamas gabal\u0117lis.<\/p>\n<p data-start=\"290\" data-end=\"410\">Be dirbtini\u0173 pried\u0173 \u2013 sud\u0117tyje n\u0117ra konservant\u0173, da\u017eikli\u0173 ar skonio stiprikli\u0173. Turtingi kalciu ir baltymais (iki 80 %).<\/p>\n<p data-start=\"412\" data-end=\"580\">Privalumai:<br data-start=\"423\" data-end=\"426\" \/>Lengvai vir\u0161kinami<br data-start=\"444\" data-end=\"447\" \/>Tvirta tekst\u016bra padeda valyti dantis<br data-start=\"483\" data-end=\"486\" \/>Sud\u0117tyje yra nat\u016brali\u0173 vitamin\u0173 ir mineral\u0173 (A, B, C, D, E, K, cinkas, gele\u017eis, magnis ir kt.)<\/p>\n<p data-start=\"582\" data-end=\"738\">Sud\u0117tis: 99,9 % pienas ir pieno produktai, &lt;0,01 % druskos<br data-start=\"640\" data-end=\"643\" \/>Analitin\u0117 sud\u0117tis: baltymai 62,4 %, riebalai 18 %, skaidulos &lt;1 %, pelenai 5,3 %, dr\u0117gm\u0117 10,2 %<\/p>\n<p data-start=\"740\" data-end=\"820\">Dyd\u017eiai ir svoriai:<br data-start=\"759\" data-end=\"762\" \/>S \u2013 28\u201340 g<br data-start=\"773\" data-end=\"776\" \/>M \u2013 68\u201380 g<br data-start=\"787\" data-end=\"790\" \/>L \u2013 138\u2013155 g<br data-start=\"803\" data-end=\"806\" \/>XL \u2013 190\u2013220 g<\/p>\n<p data-start=\"822\" data-end=\"990\" data-is-last-node=\"\" data-is-only-node=\"\">Naudojimas: duoti kaip skan\u0117st\u0105 tarp \u0161\u0117rim\u0173. Vanduo visada turi b\u016bti lengvai prieinamas. Nepakei\u010dia visaver\u010dio pa\u0161aro. Tik gyv\u016bnams. Laikyti sausoje ir v\u0117sioje vietoje.<\/p>\n","protected":false},"featured_media":49651,"template":"","meta":[],"product_brand":[],"product_cat":[540],"product_tag":[],"class_list":{"0":"post-51735","1":"product","2":"type-product","3":"status-publish","4":"has-post-thumbnail","6":"product_cat-skanestai-sunims","8":"first","9":"instock","10":"taxable","11":"shipping-taxable","12":"purchasable","13":"product-type-simple"},"yoast_head":"<!-- This site is optimized with the Yoast SEO plugin v27.2 - https:\/\/yoast.com\/product\/yoast-seo-wordpress\/ -->\n<title>Himalaj\u0173 s\u016bris \u2013 kramtomoji lazdel\u0117 \u0161unims L (138-155g) - MiuMjau<\/title>\n<meta name=\"description\" content=\"Himalaj\u0173 s\u016bris veikia kaip kramtukas ir yra ilgai i\u0161liekantis skan\u0117stas \u0161unims. Smagus u\u017esi\u0117mimas, kuris taip pat padeda i\u0161valyti dantis.\" \/>\n<meta name=\"robots\" content=\"index, follow, max-snippet:-1, max-image-preview:large, max-video-preview:-1\" \/>\n<link rel=\"canonical\" href=\"https:\/\/miumjau.ee\/lt\/produktas\/himalaju-suris-kramtomoji-lazdele-sunims-l-138-155g\/\" \/>\n<meta property=\"og:locale\" content=\"lt_LT\" \/>\n<meta property=\"og:type\" content=\"article\" \/>\n<meta property=\"og:title\" content=\"Himalaj\u0173 s\u016bris \u2013 kramtomoji lazdel\u0117 \u0161unims L (138-155g) - MiuMjau\" \/>\n<meta property=\"og:description\" content=\"Himalaj\u0173 s\u016bris veikia kaip kramtukas ir yra ilgai i\u0161liekantis skan\u0117stas \u0161unims. Smagus u\u017esi\u0117mimas, kuris taip pat padeda i\u0161valyti dantis.\" \/>\n<meta property=\"og:url\" content=\"https:\/\/miumjau.ee\/lt\/produktas\/himalaju-suris-kramtomoji-lazdele-sunims-l-138-155g\/\" \/>\n<meta property=\"og:site_name\" content=\"MiuMjau\" \/>\n<meta property=\"article:publisher\" content=\"https:\/\/www.facebook.com\/miumjaupood\/\" \/>\n<meta property=\"og:image\" content=\"https:\/\/miumjau.ee\/wp-content\/uploads\/2025\/04\/himaalaja-juustupulk.webp\" \/>\n\t<meta property=\"og:image:width\" content=\"600\" \/>\n\t<meta property=\"og:image:height\" content=\"800\" \/>\n\t<meta property=\"og:image:type\" content=\"image\/webp\" \/>\n<meta name=\"twitter:card\" content=\"summary_large_image\" \/>\n<script type=\"application\/ld+json\" class=\"yoast-schema-graph\">{\"@context\":\"https:\/\/schema.org\",\"@graph\":[{\"@type\":\"WebPage\",\"@id\":\"https:\/\/miumjau.ee\/lt\/produktas\/himalaju-suris-kramtomoji-lazdele-sunims-l-138-155g\/\",\"url\":\"https:\/\/miumjau.ee\/lt\/produktas\/himalaju-suris-kramtomoji-lazdele-sunims-l-138-155g\/\",\"name\":\"Himalaj\u0173 s\u016bris \u2013 kramtomoji lazdel\u0117 \u0161unims L (138-155g) - MiuMjau\",\"isPartOf\":{\"@id\":\"https:\/\/miumjau.ee\/#website\"},\"primaryImageOfPage\":{\"@id\":\"https:\/\/miumjau.ee\/lt\/produktas\/himalaju-suris-kramtomoji-lazdele-sunims-l-138-155g\/#primaryimage\"},\"image\":{\"@id\":\"https:\/\/miumjau.ee\/lt\/produktas\/himalaju-suris-kramtomoji-lazdele-sunims-l-138-155g\/#primaryimage\"},\"thumbnailUrl\":\"https:\/\/miumjau.ee\/wp-content\/uploads\/2025\/04\/himaalaja-juustupulk.webp\",\"datePublished\":\"2025-04-07T18:35:21+00:00\",\"description\":\"Himalaj\u0173 s\u016bris veikia kaip kramtukas ir yra ilgai i\u0161liekantis skan\u0117stas \u0161unims. Smagus u\u017esi\u0117mimas, kuris taip pat padeda i\u0161valyti dantis.\",\"breadcrumb\":{\"@id\":\"https:\/\/miumjau.ee\/lt\/produktas\/himalaju-suris-kramtomoji-lazdele-sunims-l-138-155g\/#breadcrumb\"},\"inLanguage\":\"lt-LT\",\"potentialAction\":[{\"@type\":\"ReadAction\",\"target\":[\"https:\/\/miumjau.ee\/lt\/produktas\/himalaju-suris-kramtomoji-lazdele-sunims-l-138-155g\/\"]}]},{\"@type\":\"ImageObject\",\"inLanguage\":\"lt-LT\",\"@id\":\"https:\/\/miumjau.ee\/lt\/produktas\/himalaju-suris-kramtomoji-lazdele-sunims-l-138-155g\/#primaryimage\",\"url\":\"https:\/\/miumjau.ee\/wp-content\/uploads\/2025\/04\/himaalaja-juustupulk.webp\",\"contentUrl\":\"https:\/\/miumjau.ee\/wp-content\/uploads\/2025\/04\/himaalaja-juustupulk.webp\",\"width\":600,\"height\":800},{\"@type\":\"BreadcrumbList\",\"@id\":\"https:\/\/miumjau.ee\/lt\/produktas\/himalaju-suris-kramtomoji-lazdele-sunims-l-138-155g\/#breadcrumb\",\"itemListElement\":[{\"@type\":\"ListItem\",\"position\":1,\"name\":\"Home\",\"item\":\"https:\/\/miumjau.ee\/lt\/\"},{\"@type\":\"ListItem\",\"position\":2,\"name\":\"Parduotuv\u0117\",\"item\":\"https:\/\/miumjau.ee\/lt\/parduotuve\/\"},{\"@type\":\"ListItem\",\"position\":3,\"name\":\"Himalaj\u0173 s\u016bris \u2013 kramtomoji lazdel\u0117 \u0161unims L (138-155g)\"}]},{\"@type\":\"WebSite\",\"@id\":\"https:\/\/miumjau.ee\/#website\",\"url\":\"https:\/\/miumjau.ee\/\",\"name\":\"MiuMjau\",\"description\":\"Kraapimispuud kassidele\",\"publisher\":{\"@id\":\"https:\/\/miumjau.ee\/#organization\"},\"potentialAction\":[{\"@type\":\"SearchAction\",\"target\":{\"@type\":\"EntryPoint\",\"urlTemplate\":\"https:\/\/miumjau.ee\/?s={search_term_string}\"},\"query-input\":{\"@type\":\"PropertyValueSpecification\",\"valueRequired\":true,\"valueName\":\"search_term_string\"}}],\"inLanguage\":\"lt-LT\"},{\"@type\":\"Organization\",\"@id\":\"https:\/\/miumjau.ee\/#organization\",\"name\":\"MiuMjau O\u00dc\",\"url\":\"https:\/\/miumjau.ee\/\",\"logo\":{\"@type\":\"ImageObject\",\"inLanguage\":\"lt-LT\",\"@id\":\"https:\/\/miumjau.ee\/#\/schema\/logo\/image\/\",\"url\":\"https:\/\/miumjau.ee\/wp-content\/uploads\/2022\/04\/MiuMjau-logo-kollane.png\",\"contentUrl\":\"https:\/\/miumjau.ee\/wp-content\/uploads\/2022\/04\/MiuMjau-logo-kollane.png\",\"width\":219,\"height\":100,\"caption\":\"MiuMjau O\u00dc\"},\"image\":{\"@id\":\"https:\/\/miumjau.ee\/#\/schema\/logo\/image\/\"},\"sameAs\":[\"https:\/\/www.facebook.com\/miumjaupood\/\"]}]}<\/script>\n<!-- \/ Yoast SEO plugin. -->","yoast_head_json":{"title":"Himalaj\u0173 s\u016bris \u2013 kramtomoji lazdel\u0117 \u0161unims L (138-155g) - MiuMjau","description":"Himalaj\u0173 s\u016bris veikia kaip kramtukas ir yra ilgai i\u0161liekantis skan\u0117stas \u0161unims. Smagus u\u017esi\u0117mimas, kuris taip pat padeda i\u0161valyti dantis.","robots":{"index":"index","follow":"follow","max-snippet":"max-snippet:-1","max-image-preview":"max-image-preview:large","max-video-preview":"max-video-preview:-1"},"canonical":"https:\/\/miumjau.ee\/lt\/produktas\/himalaju-suris-kramtomoji-lazdele-sunims-l-138-155g\/","og_locale":"lt_LT","og_type":"article","og_title":"Himalaj\u0173 s\u016bris \u2013 kramtomoji lazdel\u0117 \u0161unims L (138-155g) - MiuMjau","og_description":"Himalaj\u0173 s\u016bris veikia kaip kramtukas ir yra ilgai i\u0161liekantis skan\u0117stas \u0161unims. Smagus u\u017esi\u0117mimas, kuris taip pat padeda i\u0161valyti dantis.","og_url":"https:\/\/miumjau.ee\/lt\/produktas\/himalaju-suris-kramtomoji-lazdele-sunims-l-138-155g\/","og_site_name":"MiuMjau","article_publisher":"https:\/\/www.facebook.com\/miumjaupood\/","og_image":[{"width":600,"height":800,"url":"https:\/\/miumjau.ee\/wp-content\/uploads\/2025\/04\/himaalaja-juustupulk.webp","type":"image\/webp"}],"twitter_card":"summary_large_image","schema":{"@context":"https:\/\/schema.org","@graph":[{"@type":"WebPage","@id":"https:\/\/miumjau.ee\/lt\/produktas\/himalaju-suris-kramtomoji-lazdele-sunims-l-138-155g\/","url":"https:\/\/miumjau.ee\/lt\/produktas\/himalaju-suris-kramtomoji-lazdele-sunims-l-138-155g\/","name":"Himalaj\u0173 s\u016bris \u2013 kramtomoji lazdel\u0117 \u0161unims L (138-155g) - MiuMjau","isPartOf":{"@id":"https:\/\/miumjau.ee\/#website"},"primaryImageOfPage":{"@id":"https:\/\/miumjau.ee\/lt\/produktas\/himalaju-suris-kramtomoji-lazdele-sunims-l-138-155g\/#primaryimage"},"image":{"@id":"https:\/\/miumjau.ee\/lt\/produktas\/himalaju-suris-kramtomoji-lazdele-sunims-l-138-155g\/#primaryimage"},"thumbnailUrl":"https:\/\/miumjau.ee\/wp-content\/uploads\/2025\/04\/himaalaja-juustupulk.webp","datePublished":"2025-04-07T18:35:21+00:00","description":"Himalaj\u0173 s\u016bris veikia kaip kramtukas ir yra ilgai i\u0161liekantis skan\u0117stas \u0161unims. Smagus u\u017esi\u0117mimas, kuris taip pat padeda i\u0161valyti dantis.","breadcrumb":{"@id":"https:\/\/miumjau.ee\/lt\/produktas\/himalaju-suris-kramtomoji-lazdele-sunims-l-138-155g\/#breadcrumb"},"inLanguage":"lt-LT","potentialAction":[{"@type":"ReadAction","target":["https:\/\/miumjau.ee\/lt\/produktas\/himalaju-suris-kramtomoji-lazdele-sunims-l-138-155g\/"]}]},{"@type":"ImageObject","inLanguage":"lt-LT","@id":"https:\/\/miumjau.ee\/lt\/produktas\/himalaju-suris-kramtomoji-lazdele-sunims-l-138-155g\/#primaryimage","url":"https:\/\/miumjau.ee\/wp-content\/uploads\/2025\/04\/himaalaja-juustupulk.webp","contentUrl":"https:\/\/miumjau.ee\/wp-content\/uploads\/2025\/04\/himaalaja-juustupulk.webp","width":600,"height":800},{"@type":"BreadcrumbList","@id":"https:\/\/miumjau.ee\/lt\/produktas\/himalaju-suris-kramtomoji-lazdele-sunims-l-138-155g\/#breadcrumb","itemListElement":[{"@type":"ListItem","position":1,"name":"Home","item":"https:\/\/miumjau.ee\/lt\/"},{"@type":"ListItem","position":2,"name":"Parduotuv\u0117","item":"https:\/\/miumjau.ee\/lt\/parduotuve\/"},{"@type":"ListItem","position":3,"name":"Himalaj\u0173 s\u016bris \u2013 kramtomoji lazdel\u0117 \u0161unims L (138-155g)"}]},{"@type":"WebSite","@id":"https:\/\/miumjau.ee\/#website","url":"https:\/\/miumjau.ee\/","name":"MiuMjau","description":"Kraapimispuud kassidele","publisher":{"@id":"https:\/\/miumjau.ee\/#organization"},"potentialAction":[{"@type":"SearchAction","target":{"@type":"EntryPoint","urlTemplate":"https:\/\/miumjau.ee\/?s={search_term_string}"},"query-input":{"@type":"PropertyValueSpecification","valueRequired":true,"valueName":"search_term_string"}}],"inLanguage":"lt-LT"},{"@type":"Organization","@id":"https:\/\/miumjau.ee\/#organization","name":"MiuMjau O\u00dc","url":"https:\/\/miumjau.ee\/","logo":{"@type":"ImageObject","inLanguage":"lt-LT","@id":"https:\/\/miumjau.ee\/#\/schema\/logo\/image\/","url":"https:\/\/miumjau.ee\/wp-content\/uploads\/2022\/04\/MiuMjau-logo-kollane.png","contentUrl":"https:\/\/miumjau.ee\/wp-content\/uploads\/2022\/04\/MiuMjau-logo-kollane.png","width":219,"height":100,"caption":"MiuMjau O\u00dc"},"image":{"@id":"https:\/\/miumjau.ee\/#\/schema\/logo\/image\/"},"sameAs":["https:\/\/www.facebook.com\/miumjaupood\/"]}]}},"_links":{"self":[{"href":"https:\/\/miumjau.ee\/lt\/wp-json\/wp\/v2\/product\/51735","targetHints":{"allow":["GET"]}}],"collection":[{"href":"https:\/\/miumjau.ee\/lt\/wp-json\/wp\/v2\/product"}],"about":[{"href":"https:\/\/miumjau.ee\/lt\/wp-json\/wp\/v2\/types\/product"}],"wp:featuredmedia":[{"embeddable":true,"href":"https:\/\/miumjau.ee\/lt\/wp-json\/wp\/v2\/media\/49651"}],"wp:attachment":[{"href":"https:\/\/miumjau.ee\/lt\/wp-json\/wp\/v2\/media?parent=51735"}],"wp:term":[{"taxonomy":"product_brand","embeddable":true,"href":"https:\/\/miumjau.ee\/lt\/wp-json\/wp\/v2\/product_brand?post=51735"},{"taxonomy":"product_cat","embeddable":true,"href":"https:\/\/miumjau.ee\/lt\/wp-json\/wp\/v2\/product_cat?post=51735"},{"taxonomy":"product_tag","embeddable":true,"href":"https:\/\/miumjau.ee\/lt\/wp-json\/wp\/v2\/product_tag?post=51735"}],"curies":[{"name":"wp","href":"https:\/\/api.w.org\/{rel}","templated":true}]}}