{"id":51720,"date":"2025-04-08T09:58:32","date_gmt":"2025-04-08T06:58:32","guid":{"rendered":"https:\/\/miumjau.ee\/toode\/dental-kramtomosios-lazdeles-sunims-su-chlorofilu-l-21-cm-1-vnt\/"},"modified":"2025-04-08T09:58:32","modified_gmt":"2025-04-08T06:58:32","slug":"dental-kramtomosios-lazdeles-sunims-su-chlorofilu-l-21-cm-1-vnt","status":"publish","type":"product","link":"https:\/\/miumjau.ee\/lt\/produktas\/dental-kramtomosios-lazdeles-sunims-su-chlorofilu-l-21-cm-1-vnt\/","title":{"rendered":"Dental kramtomosios lazdel\u0117s \u0161unims su chlorofilu L-21 cm, 1 vnt."},"content":{"rendered":"","protected":false},"excerpt":{"rendered":"<p data-start=\"0\" data-end=\"204\">Kramtomosios lazdel\u0117s padeda valyti dantis, ma\u017eina dant\u0173 akmen\u0173 susidarym\u0105 ir palaiko gaivesn\u012f burnos kvap\u0105. \u012e skan\u0117st\u0105 prid\u0117ta chlorofilo, kuris yra \u017einomas d\u0117l savo gydom\u0173j\u0173 ir prie\u0161u\u017edegimini\u0173 savybi\u0173.<\/p>\n<p data-start=\"206\" data-end=\"232\">Skan\u0117sto ilgis apie 21 cm.<\/p>\n<p data-start=\"234\" data-end=\"414\" data-is-last-node=\"\" data-is-only-node=\"\">\u0160\u0117rimo rekomendacijos: galima duoti kaip papild\u0105 prie maisto \u2013 1 vnt. per dien\u0105. U\u017etikrinkite, kad \u0161uo visada tur\u0117t\u0173 \u0161vie\u017eio geriamojo vandens. Laikyti sausoje ir tamsioje vietoje.<\/p>\n","protected":false},"featured_media":51721,"template":"","meta":[],"product_brand":[],"product_cat":[540],"product_tag":[],"class_list":{"0":"post-51720","1":"product","2":"type-product","3":"status-publish","4":"has-post-thumbnail","6":"product_cat-skanestai-sunims","8":"first","9":"instock","10":"sale","11":"taxable","12":"shipping-taxable","13":"purchasable","14":"product-type-simple"},"yoast_head":"<!-- This site is optimized with the Yoast SEO plugin v27.2 - https:\/\/yoast.com\/product\/yoast-seo-wordpress\/ -->\n<title>Dental kramtomosios lazdel\u0117s \u0161unims su chlorofilu L-21 cm, 1 vnt. - MiuMjau<\/title>\n<meta name=\"description\" content=\"Dental kramtomosios lazdel\u0117s padeda valyti dantis ir palaikyti gaivesn\u012f burnos kvap\u0105. Duokite \u0161uniui vien\u0105 skan\u0117st\u0105 per dien\u0105 ir d\u017eiaukit\u0117s gaivesniu jo kvapu.\" \/>\n<meta name=\"robots\" content=\"index, follow, max-snippet:-1, max-image-preview:large, max-video-preview:-1\" \/>\n<link rel=\"canonical\" href=\"https:\/\/miumjau.ee\/lt\/produktas\/dental-kramtomosios-lazdeles-sunims-su-chlorofilu-l-21-cm-1-vnt\/\" \/>\n<meta property=\"og:locale\" content=\"lt_LT\" \/>\n<meta property=\"og:type\" content=\"article\" \/>\n<meta property=\"og:title\" content=\"Dental kramtomosios lazdel\u0117s \u0161unims su chlorofilu L-21 cm, 1 vnt. - MiuMjau\" \/>\n<meta property=\"og:description\" content=\"Dental kramtomosios lazdel\u0117s padeda valyti dantis ir palaikyti gaivesn\u012f burnos kvap\u0105. Duokite \u0161uniui vien\u0105 skan\u0117st\u0105 per dien\u0105 ir d\u017eiaukit\u0117s gaivesniu jo kvapu.\" \/>\n<meta property=\"og:url\" content=\"https:\/\/miumjau.ee\/lt\/produktas\/dental-kramtomosios-lazdeles-sunims-su-chlorofilu-l-21-cm-1-vnt\/\" \/>\n<meta property=\"og:site_name\" content=\"MiuMjau\" \/>\n<meta property=\"article:publisher\" content=\"https:\/\/www.facebook.com\/miumjaupood\/\" \/>\n<meta property=\"og:image\" content=\"https:\/\/miumjau.ee\/wp-content\/uploads\/2025\/04\/narimispulgad-koertele-mr-dental16.webp\" \/>\n\t<meta property=\"og:image:width\" content=\"1500\" \/>\n\t<meta property=\"og:image:height\" content=\"1500\" \/>\n\t<meta property=\"og:image:type\" content=\"image\/webp\" \/>\n<meta name=\"twitter:card\" content=\"summary_large_image\" \/>\n<script type=\"application\/ld+json\" class=\"yoast-schema-graph\">{\"@context\":\"https:\/\/schema.org\",\"@graph\":[{\"@type\":\"WebPage\",\"@id\":\"https:\/\/miumjau.ee\/lt\/produktas\/dental-kramtomosios-lazdeles-sunims-su-chlorofilu-l-21-cm-1-vnt\/\",\"url\":\"https:\/\/miumjau.ee\/lt\/produktas\/dental-kramtomosios-lazdeles-sunims-su-chlorofilu-l-21-cm-1-vnt\/\",\"name\":\"Dental kramtomosios lazdel\u0117s \u0161unims su chlorofilu L-21 cm, 1 vnt. - MiuMjau\",\"isPartOf\":{\"@id\":\"https:\/\/miumjau.ee\/#website\"},\"primaryImageOfPage\":{\"@id\":\"https:\/\/miumjau.ee\/lt\/produktas\/dental-kramtomosios-lazdeles-sunims-su-chlorofilu-l-21-cm-1-vnt\/#primaryimage\"},\"image\":{\"@id\":\"https:\/\/miumjau.ee\/lt\/produktas\/dental-kramtomosios-lazdeles-sunims-su-chlorofilu-l-21-cm-1-vnt\/#primaryimage\"},\"thumbnailUrl\":\"https:\/\/miumjau.ee\/wp-content\/uploads\/2025\/04\/narimispulgad-koertele-mr-dental16.webp\",\"datePublished\":\"2025-04-08T06:58:32+00:00\",\"description\":\"Dental kramtomosios lazdel\u0117s padeda valyti dantis ir palaikyti gaivesn\u012f burnos kvap\u0105. Duokite \u0161uniui vien\u0105 skan\u0117st\u0105 per dien\u0105 ir d\u017eiaukit\u0117s gaivesniu jo kvapu.\",\"breadcrumb\":{\"@id\":\"https:\/\/miumjau.ee\/lt\/produktas\/dental-kramtomosios-lazdeles-sunims-su-chlorofilu-l-21-cm-1-vnt\/#breadcrumb\"},\"inLanguage\":\"lt-LT\",\"potentialAction\":[{\"@type\":\"ReadAction\",\"target\":[\"https:\/\/miumjau.ee\/lt\/produktas\/dental-kramtomosios-lazdeles-sunims-su-chlorofilu-l-21-cm-1-vnt\/\"]}]},{\"@type\":\"ImageObject\",\"inLanguage\":\"lt-LT\",\"@id\":\"https:\/\/miumjau.ee\/lt\/produktas\/dental-kramtomosios-lazdeles-sunims-su-chlorofilu-l-21-cm-1-vnt\/#primaryimage\",\"url\":\"https:\/\/miumjau.ee\/wp-content\/uploads\/2025\/04\/narimispulgad-koertele-mr-dental16.webp\",\"contentUrl\":\"https:\/\/miumjau.ee\/wp-content\/uploads\/2025\/04\/narimispulgad-koertele-mr-dental16.webp\",\"width\":1500,\"height\":1500},{\"@type\":\"BreadcrumbList\",\"@id\":\"https:\/\/miumjau.ee\/lt\/produktas\/dental-kramtomosios-lazdeles-sunims-su-chlorofilu-l-21-cm-1-vnt\/#breadcrumb\",\"itemListElement\":[{\"@type\":\"ListItem\",\"position\":1,\"name\":\"Home\",\"item\":\"https:\/\/miumjau.ee\/lt\/\"},{\"@type\":\"ListItem\",\"position\":2,\"name\":\"Parduotuv\u0117\",\"item\":\"https:\/\/miumjau.ee\/lt\/parduotuve\/\"},{\"@type\":\"ListItem\",\"position\":3,\"name\":\"Dental kramtomosios lazdel\u0117s \u0161unims su chlorofilu L-21 cm, 1 vnt.\"}]},{\"@type\":\"WebSite\",\"@id\":\"https:\/\/miumjau.ee\/#website\",\"url\":\"https:\/\/miumjau.ee\/\",\"name\":\"MiuMjau\",\"description\":\"Kraapimispuud kassidele\",\"publisher\":{\"@id\":\"https:\/\/miumjau.ee\/#organization\"},\"potentialAction\":[{\"@type\":\"SearchAction\",\"target\":{\"@type\":\"EntryPoint\",\"urlTemplate\":\"https:\/\/miumjau.ee\/?s={search_term_string}\"},\"query-input\":{\"@type\":\"PropertyValueSpecification\",\"valueRequired\":true,\"valueName\":\"search_term_string\"}}],\"inLanguage\":\"lt-LT\"},{\"@type\":\"Organization\",\"@id\":\"https:\/\/miumjau.ee\/#organization\",\"name\":\"MiuMjau O\u00dc\",\"url\":\"https:\/\/miumjau.ee\/\",\"logo\":{\"@type\":\"ImageObject\",\"inLanguage\":\"lt-LT\",\"@id\":\"https:\/\/miumjau.ee\/#\/schema\/logo\/image\/\",\"url\":\"https:\/\/miumjau.ee\/wp-content\/uploads\/2022\/04\/MiuMjau-logo-kollane.png\",\"contentUrl\":\"https:\/\/miumjau.ee\/wp-content\/uploads\/2022\/04\/MiuMjau-logo-kollane.png\",\"width\":219,\"height\":100,\"caption\":\"MiuMjau O\u00dc\"},\"image\":{\"@id\":\"https:\/\/miumjau.ee\/#\/schema\/logo\/image\/\"},\"sameAs\":[\"https:\/\/www.facebook.com\/miumjaupood\/\"]}]}<\/script>\n<!-- \/ Yoast SEO plugin. -->","yoast_head_json":{"title":"Dental kramtomosios lazdel\u0117s \u0161unims su chlorofilu L-21 cm, 1 vnt. - MiuMjau","description":"Dental kramtomosios lazdel\u0117s padeda valyti dantis ir palaikyti gaivesn\u012f burnos kvap\u0105. Duokite \u0161uniui vien\u0105 skan\u0117st\u0105 per dien\u0105 ir d\u017eiaukit\u0117s gaivesniu jo kvapu.","robots":{"index":"index","follow":"follow","max-snippet":"max-snippet:-1","max-image-preview":"max-image-preview:large","max-video-preview":"max-video-preview:-1"},"canonical":"https:\/\/miumjau.ee\/lt\/produktas\/dental-kramtomosios-lazdeles-sunims-su-chlorofilu-l-21-cm-1-vnt\/","og_locale":"lt_LT","og_type":"article","og_title":"Dental kramtomosios lazdel\u0117s \u0161unims su chlorofilu L-21 cm, 1 vnt. - MiuMjau","og_description":"Dental kramtomosios lazdel\u0117s padeda valyti dantis ir palaikyti gaivesn\u012f burnos kvap\u0105. Duokite \u0161uniui vien\u0105 skan\u0117st\u0105 per dien\u0105 ir d\u017eiaukit\u0117s gaivesniu jo kvapu.","og_url":"https:\/\/miumjau.ee\/lt\/produktas\/dental-kramtomosios-lazdeles-sunims-su-chlorofilu-l-21-cm-1-vnt\/","og_site_name":"MiuMjau","article_publisher":"https:\/\/www.facebook.com\/miumjaupood\/","og_image":[{"width":1500,"height":1500,"url":"https:\/\/miumjau.ee\/wp-content\/uploads\/2025\/04\/narimispulgad-koertele-mr-dental16.webp","type":"image\/webp"}],"twitter_card":"summary_large_image","schema":{"@context":"https:\/\/schema.org","@graph":[{"@type":"WebPage","@id":"https:\/\/miumjau.ee\/lt\/produktas\/dental-kramtomosios-lazdeles-sunims-su-chlorofilu-l-21-cm-1-vnt\/","url":"https:\/\/miumjau.ee\/lt\/produktas\/dental-kramtomosios-lazdeles-sunims-su-chlorofilu-l-21-cm-1-vnt\/","name":"Dental kramtomosios lazdel\u0117s \u0161unims su chlorofilu L-21 cm, 1 vnt. - MiuMjau","isPartOf":{"@id":"https:\/\/miumjau.ee\/#website"},"primaryImageOfPage":{"@id":"https:\/\/miumjau.ee\/lt\/produktas\/dental-kramtomosios-lazdeles-sunims-su-chlorofilu-l-21-cm-1-vnt\/#primaryimage"},"image":{"@id":"https:\/\/miumjau.ee\/lt\/produktas\/dental-kramtomosios-lazdeles-sunims-su-chlorofilu-l-21-cm-1-vnt\/#primaryimage"},"thumbnailUrl":"https:\/\/miumjau.ee\/wp-content\/uploads\/2025\/04\/narimispulgad-koertele-mr-dental16.webp","datePublished":"2025-04-08T06:58:32+00:00","description":"Dental kramtomosios lazdel\u0117s padeda valyti dantis ir palaikyti gaivesn\u012f burnos kvap\u0105. Duokite \u0161uniui vien\u0105 skan\u0117st\u0105 per dien\u0105 ir d\u017eiaukit\u0117s gaivesniu jo kvapu.","breadcrumb":{"@id":"https:\/\/miumjau.ee\/lt\/produktas\/dental-kramtomosios-lazdeles-sunims-su-chlorofilu-l-21-cm-1-vnt\/#breadcrumb"},"inLanguage":"lt-LT","potentialAction":[{"@type":"ReadAction","target":["https:\/\/miumjau.ee\/lt\/produktas\/dental-kramtomosios-lazdeles-sunims-su-chlorofilu-l-21-cm-1-vnt\/"]}]},{"@type":"ImageObject","inLanguage":"lt-LT","@id":"https:\/\/miumjau.ee\/lt\/produktas\/dental-kramtomosios-lazdeles-sunims-su-chlorofilu-l-21-cm-1-vnt\/#primaryimage","url":"https:\/\/miumjau.ee\/wp-content\/uploads\/2025\/04\/narimispulgad-koertele-mr-dental16.webp","contentUrl":"https:\/\/miumjau.ee\/wp-content\/uploads\/2025\/04\/narimispulgad-koertele-mr-dental16.webp","width":1500,"height":1500},{"@type":"BreadcrumbList","@id":"https:\/\/miumjau.ee\/lt\/produktas\/dental-kramtomosios-lazdeles-sunims-su-chlorofilu-l-21-cm-1-vnt\/#breadcrumb","itemListElement":[{"@type":"ListItem","position":1,"name":"Home","item":"https:\/\/miumjau.ee\/lt\/"},{"@type":"ListItem","position":2,"name":"Parduotuv\u0117","item":"https:\/\/miumjau.ee\/lt\/parduotuve\/"},{"@type":"ListItem","position":3,"name":"Dental kramtomosios lazdel\u0117s \u0161unims su chlorofilu L-21 cm, 1 vnt."}]},{"@type":"WebSite","@id":"https:\/\/miumjau.ee\/#website","url":"https:\/\/miumjau.ee\/","name":"MiuMjau","description":"Kraapimispuud kassidele","publisher":{"@id":"https:\/\/miumjau.ee\/#organization"},"potentialAction":[{"@type":"SearchAction","target":{"@type":"EntryPoint","urlTemplate":"https:\/\/miumjau.ee\/?s={search_term_string}"},"query-input":{"@type":"PropertyValueSpecification","valueRequired":true,"valueName":"search_term_string"}}],"inLanguage":"lt-LT"},{"@type":"Organization","@id":"https:\/\/miumjau.ee\/#organization","name":"MiuMjau O\u00dc","url":"https:\/\/miumjau.ee\/","logo":{"@type":"ImageObject","inLanguage":"lt-LT","@id":"https:\/\/miumjau.ee\/#\/schema\/logo\/image\/","url":"https:\/\/miumjau.ee\/wp-content\/uploads\/2022\/04\/MiuMjau-logo-kollane.png","contentUrl":"https:\/\/miumjau.ee\/wp-content\/uploads\/2022\/04\/MiuMjau-logo-kollane.png","width":219,"height":100,"caption":"MiuMjau O\u00dc"},"image":{"@id":"https:\/\/miumjau.ee\/#\/schema\/logo\/image\/"},"sameAs":["https:\/\/www.facebook.com\/miumjaupood\/"]}]}},"_links":{"self":[{"href":"https:\/\/miumjau.ee\/lt\/wp-json\/wp\/v2\/product\/51720","targetHints":{"allow":["GET"]}}],"collection":[{"href":"https:\/\/miumjau.ee\/lt\/wp-json\/wp\/v2\/product"}],"about":[{"href":"https:\/\/miumjau.ee\/lt\/wp-json\/wp\/v2\/types\/product"}],"wp:featuredmedia":[{"embeddable":true,"href":"https:\/\/miumjau.ee\/lt\/wp-json\/wp\/v2\/media\/51721"}],"wp:attachment":[{"href":"https:\/\/miumjau.ee\/lt\/wp-json\/wp\/v2\/media?parent=51720"}],"wp:term":[{"taxonomy":"product_brand","embeddable":true,"href":"https:\/\/miumjau.ee\/lt\/wp-json\/wp\/v2\/product_brand?post=51720"},{"taxonomy":"product_cat","embeddable":true,"href":"https:\/\/miumjau.ee\/lt\/wp-json\/wp\/v2\/product_cat?post=51720"},{"taxonomy":"product_tag","embeddable":true,"href":"https:\/\/miumjau.ee\/lt\/wp-json\/wp\/v2\/product_tag?post=51720"}],"curies":[{"name":"wp","href":"https:\/\/api.w.org\/{rel}","templated":true}]}}