{"id":51703,"date":"2025-03-25T11:18:41","date_gmt":"2025-03-25T09:18:41","guid":{"rendered":"https:\/\/miumjau.ee\/toode\/dziovinta-vistienos-krutinele-sana-1kg\/"},"modified":"2025-03-25T11:18:41","modified_gmt":"2025-03-25T09:18:41","slug":"dziovinta-vistienos-krutinele-sana-1kg","status":"publish","type":"product","link":"https:\/\/miumjau.ee\/lt\/produktas\/dziovinta-vistienos-krutinele-sana-1kg\/","title":{"rendered":"D\u017eiovinta Vi\u0161tienos Kr\u016btin\u0117l\u0117 Sana, 1kg"},"content":{"rendered":"","protected":false},"excerpt":{"rendered":"<p data-start=\"4717\" data-end=\"4833\">Vi\u0161tienos kr\u016btin\u0117l\u0117s parduodamos pagal svor\u012f ir pristatomos skaidri u\u017edaromame mai\u0161elyje pagal pageidaujam\u0105 kiek\u012f.<\/p>\n<p data-start=\"4835\" data-end=\"5244\">M\u016bs\u0173 skani d\u017eiovinta vi\u0161tienos kr\u016btin\u0117l\u0117 yra tikras delikatesas tarp nat\u016brali\u0173 kramtom\u0173j\u0173 skan\u0117st\u0173. Vi\u0161tienos kr\u016btin\u0117l\u0117 yra liesa, baltym\u0173 turtinga m\u0117sa, lengvai vir\u0161kinama, tod\u0117l puikiai tinka tiek \u0161uniukams, tiek senyviems \u0161unims. Ji turi svarbi\u0173 B grup\u0117s vitamin\u0173 ir neso\u010di\u0173j\u0173 riebal\u0173 r\u016bg\u0161\u010di\u0173, kurios palaiko odos ir kailio sveikat\u0105. Magnis ir kalis atlieka svarb\u0173 vaidmen\u012f med\u017eiag\u0173 apykaitos procesuose.<\/p>\n<p data-start=\"5246\" data-end=\"5675\">M\u016bs\u0173 vi\u0161tienos kr\u016btin\u0117l\u0117 gaminama m\u016bs\u0173 pa\u010di\u0173 gamykloje be pried\u0173 \u2013 n\u0117ra kukur\u016bz\u0173, kvie\u010di\u0173, sojos, da\u017eikli\u0173, konservant\u0173, m\u0117sos milt\u0173 ar u\u017epild\u0173. Ji \u0161velniai d\u017eiovinama ore, kad i\u0161likt\u0173 nat\u016bralios maistin\u0117s med\u017eiagos. Kruop\u0161\u010diai atrinkta vi\u0161tienos kr\u016btin\u0117l\u0117 yra vietin\u0117 ir 100 % sekama. M\u016bs\u0173 \u0161velnus gamybos procesas i\u0161laiko pagrindines vi\u0161tienos maistines med\u017eiagas, padedan\u010dias j\u016bs\u0173 \u0161uniui ilgai i\u0161likti sveikam ir gyvybingam.<\/p>\n<p data-start=\"5677\" data-end=\"5763\"><strong data-start=\"5677\" data-end=\"5689\">Sud\u0117tis:<\/strong> 100 % vi\u0161tienos kr\u016btin\u0117l\u0117. Vieno ingrediento papildomas maistas \u0161unims.<\/p>\n<p data-start=\"5765\" data-end=\"5874\"><strong data-start=\"5765\" data-end=\"5787\">Analitin\u0117 sud\u0117tis:<\/strong> Baltymai \u2013 70 %, Riebalai \u2013 3,7 %, Dr\u0117gm\u0117 \u2013 12 %, Pelenai \u2013 2,2 %, Skaidulos \u2013 3,3 %<\/p>\n<p data-start=\"5876\" data-end=\"6099\"><strong data-start=\"5876\" data-end=\"5901\">\u0160\u0117rimo rekomendacija:<\/strong> Duoti kaip skan\u0117st\u0105 arba u\u017ekand\u012f tarp maitinim\u0173. Esant poreikiui suma\u017einti pagrindinio maisto kiek\u012f. Visada u\u017etikrinti \u0161vie\u017ei\u0105 ir \u0161var\u0173 geriam\u0105 vanden\u012f. N\u0117ra tinkama \u0161unims iki 3 m\u0117nesi\u0173 am\u017eiaus.<\/p>\n<p data-start=\"6101\" data-end=\"6152\"><strong data-start=\"6101\" data-end=\"6114\">Laikymas:<\/strong> Laikyti v\u0117sioje ir sausoje vietoje.<\/p>\n","protected":false},"featured_media":51704,"template":"","meta":[],"product_brand":[],"product_cat":[540],"product_tag":[],"class_list":{"0":"post-51703","1":"product","2":"type-product","3":"status-publish","4":"has-post-thumbnail","6":"product_cat-skanestai-sunims","8":"first","9":"instock","10":"taxable","11":"shipping-taxable","12":"purchasable","13":"product-type-simple"},"yoast_head":"<!-- This site is optimized with the Yoast SEO plugin v27.2 - https:\/\/yoast.com\/product\/yoast-seo-wordpress\/ -->\n<title>D\u017eiovinta Vi\u0161tienos Kr\u016btin\u0117l\u0117 Sana, 1kg - MiuMjau<\/title>\n<meta name=\"robots\" content=\"index, follow, max-snippet:-1, max-image-preview:large, max-video-preview:-1\" \/>\n<link rel=\"canonical\" href=\"https:\/\/miumjau.ee\/lt\/produktas\/dziovinta-vistienos-krutinele-sana-1kg\/\" \/>\n<meta property=\"og:locale\" content=\"lt_LT\" \/>\n<meta property=\"og:type\" content=\"article\" \/>\n<meta property=\"og:title\" content=\"D\u017eiovinta Vi\u0161tienos Kr\u016btin\u0117l\u0117 Sana, 1kg - MiuMjau\" \/>\n<meta property=\"og:description\" content=\"Vi\u0161tienos kr\u016btin\u0117l\u0117s parduodamos pagal svor\u012f ir pristatomos skaidri u\u017edaromame mai\u0161elyje pagal pageidaujam\u0105 kiek\u012f. M\u016bs\u0173 skani d\u017eiovinta vi\u0161tienos kr\u016btin\u0117l\u0117 yra tikras delikatesas tarp nat\u016brali\u0173 kramtom\u0173j\u0173 skan\u0117st\u0173. Vi\u0161tienos kr\u016btin\u0117l\u0117 yra liesa, baltym\u0173 turtinga m\u0117sa, lengvai vir\u0161kinama, tod\u0117l puikiai tinka tiek \u0161uniukams, tiek senyviems \u0161unims. Ji turi svarbi\u0173 B grup\u0117s vitamin\u0173 ir neso\u010di\u0173j\u0173 riebal\u0173 r\u016bg\u0161\u010di\u0173, kurios palaiko odos ir kailio sveikat\u0105. Magnis ir kalis atlieka svarb\u0173 vaidmen\u012f med\u017eiag\u0173 apykaitos procesuose. M\u016bs\u0173 vi\u0161tienos kr\u016btin\u0117l\u0117 gaminama m\u016bs\u0173 pa\u010di\u0173 gamykloje be pried\u0173 \u2013 n\u0117ra kukur\u016bz\u0173, kvie\u010di\u0173, sojos, da\u017eikli\u0173, konservant\u0173, m\u0117sos milt\u0173 ar u\u017epild\u0173. Ji \u0161velniai d\u017eiovinama ore, kad i\u0161likt\u0173 nat\u016bralios maistin\u0117s med\u017eiagos. Kruop\u0161\u010diai atrinkta vi\u0161tienos kr\u016btin\u0117l\u0117 yra vietin\u0117 ir 100 % sekama. M\u016bs\u0173 \u0161velnus gamybos procesas i\u0161laiko pagrindines vi\u0161tienos maistines med\u017eiagas, padedan\u010dias j\u016bs\u0173 \u0161uniui ilgai i\u0161likti sveikam ir gyvybingam. Sud\u0117tis: 100 % vi\u0161tienos kr\u016btin\u0117l\u0117. Vieno ingrediento papildomas maistas \u0161unims. Analitin\u0117 sud\u0117tis: Baltymai \u2013 70 %, Riebalai \u2013 3,7 %, Dr\u0117gm\u0117 \u2013 12 %, Pelenai \u2013 2,2 %, Skaidulos \u2013 3,3 % \u0160\u0117rimo rekomendacija: Duoti kaip skan\u0117st\u0105 arba u\u017ekand\u012f tarp maitinim\u0173. Esant poreikiui suma\u017einti pagrindinio maisto kiek\u012f. Visada u\u017etikrinti \u0161vie\u017ei\u0105 ir \u0161var\u0173 geriam\u0105 vanden\u012f. N\u0117ra tinkama \u0161unims iki 3 m\u0117nesi\u0173 am\u017eiaus. Laikymas: Laikyti v\u0117sioje ir sausoje vietoje.\" \/>\n<meta property=\"og:url\" content=\"https:\/\/miumjau.ee\/lt\/produktas\/dziovinta-vistienos-krutinele-sana-1kg\/\" \/>\n<meta property=\"og:site_name\" content=\"MiuMjau\" \/>\n<meta property=\"article:publisher\" content=\"https:\/\/www.facebook.com\/miumjaupood\/\" \/>\n<meta property=\"og:image\" content=\"https:\/\/miumjau.ee\/wp-content\/uploads\/2025\/03\/kana-rinnafilee-kuivatatud-Photoroom-1.webp\" \/>\n\t<meta property=\"og:image:width\" content=\"600\" \/>\n\t<meta property=\"og:image:height\" content=\"800\" \/>\n\t<meta property=\"og:image:type\" content=\"image\/webp\" \/>\n<meta name=\"twitter:card\" content=\"summary_large_image\" \/>\n<script type=\"application\/ld+json\" class=\"yoast-schema-graph\">{\"@context\":\"https:\/\/schema.org\",\"@graph\":[{\"@type\":\"WebPage\",\"@id\":\"https:\/\/miumjau.ee\/lt\/produktas\/dziovinta-vistienos-krutinele-sana-1kg\/\",\"url\":\"https:\/\/miumjau.ee\/lt\/produktas\/dziovinta-vistienos-krutinele-sana-1kg\/\",\"name\":\"D\u017eiovinta Vi\u0161tienos Kr\u016btin\u0117l\u0117 Sana, 1kg - MiuMjau\",\"isPartOf\":{\"@id\":\"https:\/\/miumjau.ee\/#website\"},\"primaryImageOfPage\":{\"@id\":\"https:\/\/miumjau.ee\/lt\/produktas\/dziovinta-vistienos-krutinele-sana-1kg\/#primaryimage\"},\"image\":{\"@id\":\"https:\/\/miumjau.ee\/lt\/produktas\/dziovinta-vistienos-krutinele-sana-1kg\/#primaryimage\"},\"thumbnailUrl\":\"https:\/\/miumjau.ee\/wp-content\/uploads\/2025\/03\/kana-rinnafilee-kuivatatud-Photoroom-1.webp\",\"datePublished\":\"2025-03-25T09:18:41+00:00\",\"breadcrumb\":{\"@id\":\"https:\/\/miumjau.ee\/lt\/produktas\/dziovinta-vistienos-krutinele-sana-1kg\/#breadcrumb\"},\"inLanguage\":\"lt-LT\",\"potentialAction\":[{\"@type\":\"ReadAction\",\"target\":[\"https:\/\/miumjau.ee\/lt\/produktas\/dziovinta-vistienos-krutinele-sana-1kg\/\"]}]},{\"@type\":\"ImageObject\",\"inLanguage\":\"lt-LT\",\"@id\":\"https:\/\/miumjau.ee\/lt\/produktas\/dziovinta-vistienos-krutinele-sana-1kg\/#primaryimage\",\"url\":\"https:\/\/miumjau.ee\/wp-content\/uploads\/2025\/03\/kana-rinnafilee-kuivatatud-Photoroom-1.webp\",\"contentUrl\":\"https:\/\/miumjau.ee\/wp-content\/uploads\/2025\/03\/kana-rinnafilee-kuivatatud-Photoroom-1.webp\",\"width\":600,\"height\":800},{\"@type\":\"BreadcrumbList\",\"@id\":\"https:\/\/miumjau.ee\/lt\/produktas\/dziovinta-vistienos-krutinele-sana-1kg\/#breadcrumb\",\"itemListElement\":[{\"@type\":\"ListItem\",\"position\":1,\"name\":\"Home\",\"item\":\"https:\/\/miumjau.ee\/lt\/\"},{\"@type\":\"ListItem\",\"position\":2,\"name\":\"Parduotuv\u0117\",\"item\":\"https:\/\/miumjau.ee\/lt\/parduotuve\/\"},{\"@type\":\"ListItem\",\"position\":3,\"name\":\"D\u017eiovinta Vi\u0161tienos Kr\u016btin\u0117l\u0117 Sana, 1kg\"}]},{\"@type\":\"WebSite\",\"@id\":\"https:\/\/miumjau.ee\/#website\",\"url\":\"https:\/\/miumjau.ee\/\",\"name\":\"MiuMjau\",\"description\":\"Kraapimispuud kassidele\",\"publisher\":{\"@id\":\"https:\/\/miumjau.ee\/#organization\"},\"potentialAction\":[{\"@type\":\"SearchAction\",\"target\":{\"@type\":\"EntryPoint\",\"urlTemplate\":\"https:\/\/miumjau.ee\/?s={search_term_string}\"},\"query-input\":{\"@type\":\"PropertyValueSpecification\",\"valueRequired\":true,\"valueName\":\"search_term_string\"}}],\"inLanguage\":\"lt-LT\"},{\"@type\":\"Organization\",\"@id\":\"https:\/\/miumjau.ee\/#organization\",\"name\":\"MiuMjau O\u00dc\",\"url\":\"https:\/\/miumjau.ee\/\",\"logo\":{\"@type\":\"ImageObject\",\"inLanguage\":\"lt-LT\",\"@id\":\"https:\/\/miumjau.ee\/#\/schema\/logo\/image\/\",\"url\":\"https:\/\/miumjau.ee\/wp-content\/uploads\/2022\/04\/MiuMjau-logo-kollane.png\",\"contentUrl\":\"https:\/\/miumjau.ee\/wp-content\/uploads\/2022\/04\/MiuMjau-logo-kollane.png\",\"width\":219,\"height\":100,\"caption\":\"MiuMjau O\u00dc\"},\"image\":{\"@id\":\"https:\/\/miumjau.ee\/#\/schema\/logo\/image\/\"},\"sameAs\":[\"https:\/\/www.facebook.com\/miumjaupood\/\"]}]}<\/script>\n<!-- \/ Yoast SEO plugin. -->","yoast_head_json":{"title":"D\u017eiovinta Vi\u0161tienos Kr\u016btin\u0117l\u0117 Sana, 1kg - MiuMjau","robots":{"index":"index","follow":"follow","max-snippet":"max-snippet:-1","max-image-preview":"max-image-preview:large","max-video-preview":"max-video-preview:-1"},"canonical":"https:\/\/miumjau.ee\/lt\/produktas\/dziovinta-vistienos-krutinele-sana-1kg\/","og_locale":"lt_LT","og_type":"article","og_title":"D\u017eiovinta Vi\u0161tienos Kr\u016btin\u0117l\u0117 Sana, 1kg - MiuMjau","og_description":"Vi\u0161tienos kr\u016btin\u0117l\u0117s parduodamos pagal svor\u012f ir pristatomos skaidri u\u017edaromame mai\u0161elyje pagal pageidaujam\u0105 kiek\u012f. M\u016bs\u0173 skani d\u017eiovinta vi\u0161tienos kr\u016btin\u0117l\u0117 yra tikras delikatesas tarp nat\u016brali\u0173 kramtom\u0173j\u0173 skan\u0117st\u0173. Vi\u0161tienos kr\u016btin\u0117l\u0117 yra liesa, baltym\u0173 turtinga m\u0117sa, lengvai vir\u0161kinama, tod\u0117l puikiai tinka tiek \u0161uniukams, tiek senyviems \u0161unims. Ji turi svarbi\u0173 B grup\u0117s vitamin\u0173 ir neso\u010di\u0173j\u0173 riebal\u0173 r\u016bg\u0161\u010di\u0173, kurios palaiko odos ir kailio sveikat\u0105. Magnis ir kalis atlieka svarb\u0173 vaidmen\u012f med\u017eiag\u0173 apykaitos procesuose. M\u016bs\u0173 vi\u0161tienos kr\u016btin\u0117l\u0117 gaminama m\u016bs\u0173 pa\u010di\u0173 gamykloje be pried\u0173 \u2013 n\u0117ra kukur\u016bz\u0173, kvie\u010di\u0173, sojos, da\u017eikli\u0173, konservant\u0173, m\u0117sos milt\u0173 ar u\u017epild\u0173. Ji \u0161velniai d\u017eiovinama ore, kad i\u0161likt\u0173 nat\u016bralios maistin\u0117s med\u017eiagos. Kruop\u0161\u010diai atrinkta vi\u0161tienos kr\u016btin\u0117l\u0117 yra vietin\u0117 ir 100 % sekama. M\u016bs\u0173 \u0161velnus gamybos procesas i\u0161laiko pagrindines vi\u0161tienos maistines med\u017eiagas, padedan\u010dias j\u016bs\u0173 \u0161uniui ilgai i\u0161likti sveikam ir gyvybingam. Sud\u0117tis: 100 % vi\u0161tienos kr\u016btin\u0117l\u0117. Vieno ingrediento papildomas maistas \u0161unims. Analitin\u0117 sud\u0117tis: Baltymai \u2013 70 %, Riebalai \u2013 3,7 %, Dr\u0117gm\u0117 \u2013 12 %, Pelenai \u2013 2,2 %, Skaidulos \u2013 3,3 % \u0160\u0117rimo rekomendacija: Duoti kaip skan\u0117st\u0105 arba u\u017ekand\u012f tarp maitinim\u0173. Esant poreikiui suma\u017einti pagrindinio maisto kiek\u012f. Visada u\u017etikrinti \u0161vie\u017ei\u0105 ir \u0161var\u0173 geriam\u0105 vanden\u012f. N\u0117ra tinkama \u0161unims iki 3 m\u0117nesi\u0173 am\u017eiaus. Laikymas: Laikyti v\u0117sioje ir sausoje vietoje.","og_url":"https:\/\/miumjau.ee\/lt\/produktas\/dziovinta-vistienos-krutinele-sana-1kg\/","og_site_name":"MiuMjau","article_publisher":"https:\/\/www.facebook.com\/miumjaupood\/","og_image":[{"width":600,"height":800,"url":"https:\/\/miumjau.ee\/wp-content\/uploads\/2025\/03\/kana-rinnafilee-kuivatatud-Photoroom-1.webp","type":"image\/webp"}],"twitter_card":"summary_large_image","schema":{"@context":"https:\/\/schema.org","@graph":[{"@type":"WebPage","@id":"https:\/\/miumjau.ee\/lt\/produktas\/dziovinta-vistienos-krutinele-sana-1kg\/","url":"https:\/\/miumjau.ee\/lt\/produktas\/dziovinta-vistienos-krutinele-sana-1kg\/","name":"D\u017eiovinta Vi\u0161tienos Kr\u016btin\u0117l\u0117 Sana, 1kg - MiuMjau","isPartOf":{"@id":"https:\/\/miumjau.ee\/#website"},"primaryImageOfPage":{"@id":"https:\/\/miumjau.ee\/lt\/produktas\/dziovinta-vistienos-krutinele-sana-1kg\/#primaryimage"},"image":{"@id":"https:\/\/miumjau.ee\/lt\/produktas\/dziovinta-vistienos-krutinele-sana-1kg\/#primaryimage"},"thumbnailUrl":"https:\/\/miumjau.ee\/wp-content\/uploads\/2025\/03\/kana-rinnafilee-kuivatatud-Photoroom-1.webp","datePublished":"2025-03-25T09:18:41+00:00","breadcrumb":{"@id":"https:\/\/miumjau.ee\/lt\/produktas\/dziovinta-vistienos-krutinele-sana-1kg\/#breadcrumb"},"inLanguage":"lt-LT","potentialAction":[{"@type":"ReadAction","target":["https:\/\/miumjau.ee\/lt\/produktas\/dziovinta-vistienos-krutinele-sana-1kg\/"]}]},{"@type":"ImageObject","inLanguage":"lt-LT","@id":"https:\/\/miumjau.ee\/lt\/produktas\/dziovinta-vistienos-krutinele-sana-1kg\/#primaryimage","url":"https:\/\/miumjau.ee\/wp-content\/uploads\/2025\/03\/kana-rinnafilee-kuivatatud-Photoroom-1.webp","contentUrl":"https:\/\/miumjau.ee\/wp-content\/uploads\/2025\/03\/kana-rinnafilee-kuivatatud-Photoroom-1.webp","width":600,"height":800},{"@type":"BreadcrumbList","@id":"https:\/\/miumjau.ee\/lt\/produktas\/dziovinta-vistienos-krutinele-sana-1kg\/#breadcrumb","itemListElement":[{"@type":"ListItem","position":1,"name":"Home","item":"https:\/\/miumjau.ee\/lt\/"},{"@type":"ListItem","position":2,"name":"Parduotuv\u0117","item":"https:\/\/miumjau.ee\/lt\/parduotuve\/"},{"@type":"ListItem","position":3,"name":"D\u017eiovinta Vi\u0161tienos Kr\u016btin\u0117l\u0117 Sana, 1kg"}]},{"@type":"WebSite","@id":"https:\/\/miumjau.ee\/#website","url":"https:\/\/miumjau.ee\/","name":"MiuMjau","description":"Kraapimispuud kassidele","publisher":{"@id":"https:\/\/miumjau.ee\/#organization"},"potentialAction":[{"@type":"SearchAction","target":{"@type":"EntryPoint","urlTemplate":"https:\/\/miumjau.ee\/?s={search_term_string}"},"query-input":{"@type":"PropertyValueSpecification","valueRequired":true,"valueName":"search_term_string"}}],"inLanguage":"lt-LT"},{"@type":"Organization","@id":"https:\/\/miumjau.ee\/#organization","name":"MiuMjau O\u00dc","url":"https:\/\/miumjau.ee\/","logo":{"@type":"ImageObject","inLanguage":"lt-LT","@id":"https:\/\/miumjau.ee\/#\/schema\/logo\/image\/","url":"https:\/\/miumjau.ee\/wp-content\/uploads\/2022\/04\/MiuMjau-logo-kollane.png","contentUrl":"https:\/\/miumjau.ee\/wp-content\/uploads\/2022\/04\/MiuMjau-logo-kollane.png","width":219,"height":100,"caption":"MiuMjau O\u00dc"},"image":{"@id":"https:\/\/miumjau.ee\/#\/schema\/logo\/image\/"},"sameAs":["https:\/\/www.facebook.com\/miumjaupood\/"]}]}},"_links":{"self":[{"href":"https:\/\/miumjau.ee\/lt\/wp-json\/wp\/v2\/product\/51703","targetHints":{"allow":["GET"]}}],"collection":[{"href":"https:\/\/miumjau.ee\/lt\/wp-json\/wp\/v2\/product"}],"about":[{"href":"https:\/\/miumjau.ee\/lt\/wp-json\/wp\/v2\/types\/product"}],"wp:featuredmedia":[{"embeddable":true,"href":"https:\/\/miumjau.ee\/lt\/wp-json\/wp\/v2\/media\/51704"}],"wp:attachment":[{"href":"https:\/\/miumjau.ee\/lt\/wp-json\/wp\/v2\/media?parent=51703"}],"wp:term":[{"taxonomy":"product_brand","embeddable":true,"href":"https:\/\/miumjau.ee\/lt\/wp-json\/wp\/v2\/product_brand?post=51703"},{"taxonomy":"product_cat","embeddable":true,"href":"https:\/\/miumjau.ee\/lt\/wp-json\/wp\/v2\/product_cat?post=51703"},{"taxonomy":"product_tag","embeddable":true,"href":"https:\/\/miumjau.ee\/lt\/wp-json\/wp\/v2\/product_tag?post=51703"}],"curies":[{"name":"wp","href":"https:\/\/api.w.org\/{rel}","templated":true}]}}