{"id":51651,"date":"2025-04-07T09:43:29","date_gmt":"2025-04-07T06:43:29","guid":{"rendered":"https:\/\/miumjau.ee\/toode\/brit-care-dog-hypoallergenic-adult-medium-breed-12-kg\/"},"modified":"2025-04-07T09:43:29","modified_gmt":"2025-04-07T06:43:29","slug":"brit-care-dog-hypoallergenic-adult-medium-breed-12-kg","status":"publish","type":"product","link":"https:\/\/miumjau.ee\/lt\/produktas\/brit-care-dog-hypoallergenic-adult-medium-breed-12-kg\/","title":{"rendered":"Brit Care Dog Hypoallergenic Adult Medium Breed 12 kg"},"content":{"rendered":"","protected":false},"excerpt":{"rendered":"<p data-start=\"6607\" data-end=\"6728\">Hipoalerginis receptas su aviena ir ry\u017eiais vidutinio dyd\u017eio suaugusiems \u0161unims (10\u201325 kg). Pilnavertis pa\u0161aras \u0161unims.<\/p>\n<p data-start=\"6730\" data-end=\"7343\"><strong data-start=\"6730\" data-end=\"6843\">SUPERPREMIUM HIPOALERGINIS PA\u0160ARAS SU VIENU GYV\u016aNIN\u0116S KILM\u0116S BALTYM\u0172 \u0160ALTINIU ALERGINI\u0172 REAKCIJ\u0172 PREVENCIJAI.<\/strong><br data-start=\"6843\" data-end=\"6846\" \/>Idealiai tinka vidutinio dyd\u017eio suaugusiems \u0161unims su normaliu energijos poreikiu. Pasirinkti baltym\u0173 \u0161altiniai nesukelia alergij\u0173, \u017eenkliai suma\u017einant alergini\u0173 reakcij\u0173 rizik\u0105. Maistas ypa\u010d tinkamas \u0161unims su jautria vir\u0161kinimo sistema, specialiais mitybos poreikiais arba tiems, kuriems gresia maisto alergijos. Recept\u016bros praturtintos postbiotikais, palaikan\u010diais subalansuot\u0105 \u017earnyno mikroflor\u0105, ir pieno dad\u017eio s\u0117klomis, palaikan\u010diomis kepen\u0173 funkcij\u0105 bei padedan\u010diomis pa\u0161alinti toksinus.<\/p>\n<p data-start=\"7345\" data-end=\"7861\"><strong data-start=\"7345\" data-end=\"7357\">Sud\u0117tis:<\/strong> D\u017eiovinta aviena (40%), ry\u017eiai (35%), d\u017eiovinti obuoli\u0173 mink\u0161timas, vi\u0161tienos riebalai, nat\u016bral\u016bs aromatai, alaus miel\u0117s, la\u0161i\u0161\u0173 aliejus (2%), \u017eirni\u0173 miltai, gliukozaminas (260 mg\/kg), fruktooligosacharidai (200 mg\/kg), chondroitino sulfatas (200 mg\/kg), mananoligosacharidai (150 mg\/kg), Mojave jukos (150 mg\/kg), margainio s\u0117klos (90 mg\/kg), \u03b2-gliukanai (50 mg\/kg), d\u017eiovinta dilg\u0117l\u0117 (50 mg\/kg), d\u017eiovinti \u0161altalankiai (50 mg\/kg), inaktyvuotas <em data-start=\"7804\" data-end=\"7830\">Lactobacillus helveticus<\/em> HA\u2013122 (15\u00d710\u2079 l\u0105steli\u0173\/kg).<\/p>\n<p data-start=\"7863\" data-end=\"8105\"><strong data-start=\"7863\" data-end=\"7885\">Analitin\u0117 sud\u0117tis:<\/strong> \u017dali baltymai 26,0%, \u017eali riebalai 16,0%, dr\u0117gm\u0117 10,0%, \u017eali pelenai 7,2%, \u017eali skaidulos 2,5%, kalcis 1,4%, fosforas 1,0%, natris 0,4%, omega-3 riebal\u0173 r\u016bg\u0161tys 0,5%, omega-6 riebal\u0173 r\u016bg\u0161tys 1,9%, EPA 0,05%, DHA 0,1%.<\/p>\n<p data-start=\"8107\" data-end=\"8580\"><strong data-start=\"8107\" data-end=\"8137\">Maistiniai priedai (1 kg):<\/strong> Vitaminas A 20 000 TV, vitaminas D\u2083 1 500 TV, vitaminas E 500 mg, vitaminas C 300 mg, taurinas 1 500 mg, cholino chloridas 1 800 mg, L-karnitinas 250 mg, vitaminas B1 2,5 mg, vitaminas B2 9,6 mg, biotinas 3,5 mg, folio r\u016bg\u0161tis 1,2 mg, vitaminas B6 2,5 mg, kalcio D-pantotenatas 25 mg, niacinamidas 32,5 mg, vitaminas B12 0,1 mg, jodas 0,8 mg, organinis cinkas 85 mg, organinis manganas 40 mg, organinis varis 18 mg, organinis gele\u017eis 75 mg.<\/p>\n<p data-start=\"8582\" data-end=\"8713\">Sud\u0117tyje yra ES leid\u017eiami antioksidantai: tokoferoli\u0173 ekstraktai i\u0161 augalini\u0173 aliej\u0173, askorbilpalmitatas ir rozmarino ekstraktas.<\/p>\n<p data-start=\"8715\" data-end=\"8760\"><strong data-start=\"8715\" data-end=\"8744\">Metabolizuojama energija:<\/strong> 3,810 kcal\/kg<\/p>\n","protected":false},"featured_media":51650,"template":"","meta":[],"product_brand":[],"product_cat":[538],"product_tag":[],"class_list":{"0":"post-51651","1":"product","2":"type-product","3":"status-publish","4":"has-post-thumbnail","6":"product_cat-sausas-maistas-sunims","8":"first","9":"instock","10":"sale","11":"taxable","12":"shipping-taxable","13":"purchasable","14":"product-type-simple"},"yoast_head":"<!-- This site is optimized with the Yoast SEO plugin v27.2 - https:\/\/yoast.com\/product\/yoast-seo-wordpress\/ -->\n<title>Brit Care Dog Hypoallergenic Adult Medium Breed 12 kg - MiuMjau<\/title>\n<meta name=\"robots\" content=\"index, follow, max-snippet:-1, max-image-preview:large, max-video-preview:-1\" \/>\n<link rel=\"canonical\" href=\"https:\/\/miumjau.ee\/lt\/produktas\/brit-care-dog-hypoallergenic-adult-medium-breed-12-kg\/\" \/>\n<meta property=\"og:locale\" content=\"lt_LT\" \/>\n<meta property=\"og:type\" content=\"article\" \/>\n<meta property=\"og:title\" content=\"Brit Care Dog Hypoallergenic Adult Medium Breed 12 kg - MiuMjau\" \/>\n<meta property=\"og:description\" content=\"Hipoalerginis receptas su aviena ir ry\u017eiais vidutinio dyd\u017eio suaugusiems \u0161unims (10\u201325 kg). Pilnavertis pa\u0161aras \u0161unims. SUPERPREMIUM HIPOALERGINIS PA\u0160ARAS SU VIENU GYV\u016aNIN\u0116S KILM\u0116S BALTYM\u0172 \u0160ALTINIU ALERGINI\u0172 REAKCIJ\u0172 PREVENCIJAI.Idealiai tinka vidutinio dyd\u017eio suaugusiems \u0161unims su normaliu energijos poreikiu. Pasirinkti baltym\u0173 \u0161altiniai nesukelia alergij\u0173, \u017eenkliai suma\u017einant alergini\u0173 reakcij\u0173 rizik\u0105. Maistas ypa\u010d tinkamas \u0161unims su jautria vir\u0161kinimo sistema, specialiais mitybos poreikiais arba tiems, kuriems gresia maisto alergijos. Recept\u016bros praturtintos postbiotikais, palaikan\u010diais subalansuot\u0105 \u017earnyno mikroflor\u0105, ir pieno dad\u017eio s\u0117klomis, palaikan\u010diomis kepen\u0173 funkcij\u0105 bei padedan\u010diomis pa\u0161alinti toksinus. Sud\u0117tis: D\u017eiovinta aviena (40%), ry\u017eiai (35%), d\u017eiovinti obuoli\u0173 mink\u0161timas, vi\u0161tienos riebalai, nat\u016bral\u016bs aromatai, alaus miel\u0117s, la\u0161i\u0161\u0173 aliejus (2%), \u017eirni\u0173 miltai, gliukozaminas (260 mg\/kg), fruktooligosacharidai (200 mg\/kg), chondroitino sulfatas (200 mg\/kg), mananoligosacharidai (150 mg\/kg), Mojave jukos (150 mg\/kg), margainio s\u0117klos (90 mg\/kg), \u03b2-gliukanai (50 mg\/kg), d\u017eiovinta dilg\u0117l\u0117 (50 mg\/kg), d\u017eiovinti \u0161altalankiai (50 mg\/kg), inaktyvuotas Lactobacillus helveticus HA\u2013122 (15\u00d710\u2079 l\u0105steli\u0173\/kg). Analitin\u0117 sud\u0117tis: \u017dali baltymai 26,0%, \u017eali riebalai 16,0%, dr\u0117gm\u0117 10,0%, \u017eali pelenai 7,2%, \u017eali skaidulos 2,5%, kalcis 1,4%, fosforas 1,0%, natris 0,4%, omega-3 riebal\u0173 r\u016bg\u0161tys 0,5%, omega-6 riebal\u0173 r\u016bg\u0161tys 1,9%, EPA 0,05%, DHA 0,1%. Maistiniai priedai (1 kg): Vitaminas A 20 000 TV, vitaminas D\u2083 1 500 TV, vitaminas E 500 mg, vitaminas C 300 mg, taurinas 1 500 mg, cholino chloridas 1 800 mg, L-karnitinas 250 mg, vitaminas B1 2,5 mg, vitaminas B2 9,6 mg, biotinas 3,5 mg, folio r\u016bg\u0161tis 1,2 mg, vitaminas B6 2,5 mg, kalcio D-pantotenatas 25 mg, niacinamidas 32,5 mg, vitaminas B12 0,1 mg, jodas 0,8 mg, organinis cinkas 85 mg, organinis manganas 40 mg, organinis varis 18 mg, organinis gele\u017eis 75 mg. Sud\u0117tyje yra ES leid\u017eiami antioksidantai: tokoferoli\u0173 ekstraktai i\u0161 augalini\u0173 aliej\u0173, askorbilpalmitatas ir rozmarino ekstraktas. Metabolizuojama energija: 3,810 kcal\/kg\" \/>\n<meta property=\"og:url\" content=\"https:\/\/miumjau.ee\/lt\/produktas\/brit-care-dog-hypoallergenic-adult-medium-breed-12-kg\/\" \/>\n<meta property=\"og:site_name\" content=\"MiuMjau\" \/>\n<meta property=\"article:publisher\" content=\"https:\/\/www.facebook.com\/miumjaupood\/\" \/>\n<meta property=\"og:image\" content=\"https:\/\/miumjau.ee\/wp-content\/uploads\/2025\/04\/brit-care-adult-medium-breed-lamb-Photoroom.webp\" \/>\n\t<meta property=\"og:image:width\" content=\"600\" \/>\n\t<meta property=\"og:image:height\" content=\"800\" \/>\n\t<meta property=\"og:image:type\" content=\"image\/webp\" \/>\n<meta name=\"twitter:card\" content=\"summary_large_image\" \/>\n<script type=\"application\/ld+json\" class=\"yoast-schema-graph\">{\"@context\":\"https:\/\/schema.org\",\"@graph\":[{\"@type\":\"WebPage\",\"@id\":\"https:\/\/miumjau.ee\/lt\/produktas\/brit-care-dog-hypoallergenic-adult-medium-breed-12-kg\/\",\"url\":\"https:\/\/miumjau.ee\/lt\/produktas\/brit-care-dog-hypoallergenic-adult-medium-breed-12-kg\/\",\"name\":\"Brit Care Dog Hypoallergenic Adult Medium Breed 12 kg - MiuMjau\",\"isPartOf\":{\"@id\":\"https:\/\/miumjau.ee\/#website\"},\"primaryImageOfPage\":{\"@id\":\"https:\/\/miumjau.ee\/lt\/produktas\/brit-care-dog-hypoallergenic-adult-medium-breed-12-kg\/#primaryimage\"},\"image\":{\"@id\":\"https:\/\/miumjau.ee\/lt\/produktas\/brit-care-dog-hypoallergenic-adult-medium-breed-12-kg\/#primaryimage\"},\"thumbnailUrl\":\"https:\/\/miumjau.ee\/wp-content\/uploads\/2025\/04\/brit-care-adult-medium-breed-lamb-Photoroom.webp\",\"datePublished\":\"2025-04-07T06:43:29+00:00\",\"breadcrumb\":{\"@id\":\"https:\/\/miumjau.ee\/lt\/produktas\/brit-care-dog-hypoallergenic-adult-medium-breed-12-kg\/#breadcrumb\"},\"inLanguage\":\"lt-LT\",\"potentialAction\":[{\"@type\":\"ReadAction\",\"target\":[\"https:\/\/miumjau.ee\/lt\/produktas\/brit-care-dog-hypoallergenic-adult-medium-breed-12-kg\/\"]}]},{\"@type\":\"ImageObject\",\"inLanguage\":\"lt-LT\",\"@id\":\"https:\/\/miumjau.ee\/lt\/produktas\/brit-care-dog-hypoallergenic-adult-medium-breed-12-kg\/#primaryimage\",\"url\":\"https:\/\/miumjau.ee\/wp-content\/uploads\/2025\/04\/brit-care-adult-medium-breed-lamb-Photoroom.webp\",\"contentUrl\":\"https:\/\/miumjau.ee\/wp-content\/uploads\/2025\/04\/brit-care-adult-medium-breed-lamb-Photoroom.webp\",\"width\":600,\"height\":800},{\"@type\":\"BreadcrumbList\",\"@id\":\"https:\/\/miumjau.ee\/lt\/produktas\/brit-care-dog-hypoallergenic-adult-medium-breed-12-kg\/#breadcrumb\",\"itemListElement\":[{\"@type\":\"ListItem\",\"position\":1,\"name\":\"Home\",\"item\":\"https:\/\/miumjau.ee\/lt\/\"},{\"@type\":\"ListItem\",\"position\":2,\"name\":\"Parduotuv\u0117\",\"item\":\"https:\/\/miumjau.ee\/lt\/parduotuve\/\"},{\"@type\":\"ListItem\",\"position\":3,\"name\":\"Brit Care Dog Hypoallergenic Adult Medium Breed 12 kg\"}]},{\"@type\":\"WebSite\",\"@id\":\"https:\/\/miumjau.ee\/#website\",\"url\":\"https:\/\/miumjau.ee\/\",\"name\":\"MiuMjau\",\"description\":\"Kraapimispuud kassidele\",\"publisher\":{\"@id\":\"https:\/\/miumjau.ee\/#organization\"},\"potentialAction\":[{\"@type\":\"SearchAction\",\"target\":{\"@type\":\"EntryPoint\",\"urlTemplate\":\"https:\/\/miumjau.ee\/?s={search_term_string}\"},\"query-input\":{\"@type\":\"PropertyValueSpecification\",\"valueRequired\":true,\"valueName\":\"search_term_string\"}}],\"inLanguage\":\"lt-LT\"},{\"@type\":\"Organization\",\"@id\":\"https:\/\/miumjau.ee\/#organization\",\"name\":\"MiuMjau O\u00dc\",\"url\":\"https:\/\/miumjau.ee\/\",\"logo\":{\"@type\":\"ImageObject\",\"inLanguage\":\"lt-LT\",\"@id\":\"https:\/\/miumjau.ee\/#\/schema\/logo\/image\/\",\"url\":\"https:\/\/miumjau.ee\/wp-content\/uploads\/2022\/04\/MiuMjau-logo-kollane.png\",\"contentUrl\":\"https:\/\/miumjau.ee\/wp-content\/uploads\/2022\/04\/MiuMjau-logo-kollane.png\",\"width\":219,\"height\":100,\"caption\":\"MiuMjau O\u00dc\"},\"image\":{\"@id\":\"https:\/\/miumjau.ee\/#\/schema\/logo\/image\/\"},\"sameAs\":[\"https:\/\/www.facebook.com\/miumjaupood\/\"]}]}<\/script>\n<!-- \/ Yoast SEO plugin. -->","yoast_head_json":{"title":"Brit Care Dog Hypoallergenic Adult Medium Breed 12 kg - MiuMjau","robots":{"index":"index","follow":"follow","max-snippet":"max-snippet:-1","max-image-preview":"max-image-preview:large","max-video-preview":"max-video-preview:-1"},"canonical":"https:\/\/miumjau.ee\/lt\/produktas\/brit-care-dog-hypoallergenic-adult-medium-breed-12-kg\/","og_locale":"lt_LT","og_type":"article","og_title":"Brit Care Dog Hypoallergenic Adult Medium Breed 12 kg - MiuMjau","og_description":"Hipoalerginis receptas su aviena ir ry\u017eiais vidutinio dyd\u017eio suaugusiems \u0161unims (10\u201325 kg). Pilnavertis pa\u0161aras \u0161unims. SUPERPREMIUM HIPOALERGINIS PA\u0160ARAS SU VIENU GYV\u016aNIN\u0116S KILM\u0116S BALTYM\u0172 \u0160ALTINIU ALERGINI\u0172 REAKCIJ\u0172 PREVENCIJAI.Idealiai tinka vidutinio dyd\u017eio suaugusiems \u0161unims su normaliu energijos poreikiu. Pasirinkti baltym\u0173 \u0161altiniai nesukelia alergij\u0173, \u017eenkliai suma\u017einant alergini\u0173 reakcij\u0173 rizik\u0105. Maistas ypa\u010d tinkamas \u0161unims su jautria vir\u0161kinimo sistema, specialiais mitybos poreikiais arba tiems, kuriems gresia maisto alergijos. Recept\u016bros praturtintos postbiotikais, palaikan\u010diais subalansuot\u0105 \u017earnyno mikroflor\u0105, ir pieno dad\u017eio s\u0117klomis, palaikan\u010diomis kepen\u0173 funkcij\u0105 bei padedan\u010diomis pa\u0161alinti toksinus. Sud\u0117tis: D\u017eiovinta aviena (40%), ry\u017eiai (35%), d\u017eiovinti obuoli\u0173 mink\u0161timas, vi\u0161tienos riebalai, nat\u016bral\u016bs aromatai, alaus miel\u0117s, la\u0161i\u0161\u0173 aliejus (2%), \u017eirni\u0173 miltai, gliukozaminas (260 mg\/kg), fruktooligosacharidai (200 mg\/kg), chondroitino sulfatas (200 mg\/kg), mananoligosacharidai (150 mg\/kg), Mojave jukos (150 mg\/kg), margainio s\u0117klos (90 mg\/kg), \u03b2-gliukanai (50 mg\/kg), d\u017eiovinta dilg\u0117l\u0117 (50 mg\/kg), d\u017eiovinti \u0161altalankiai (50 mg\/kg), inaktyvuotas Lactobacillus helveticus HA\u2013122 (15\u00d710\u2079 l\u0105steli\u0173\/kg). Analitin\u0117 sud\u0117tis: \u017dali baltymai 26,0%, \u017eali riebalai 16,0%, dr\u0117gm\u0117 10,0%, \u017eali pelenai 7,2%, \u017eali skaidulos 2,5%, kalcis 1,4%, fosforas 1,0%, natris 0,4%, omega-3 riebal\u0173 r\u016bg\u0161tys 0,5%, omega-6 riebal\u0173 r\u016bg\u0161tys 1,9%, EPA 0,05%, DHA 0,1%. Maistiniai priedai (1 kg): Vitaminas A 20 000 TV, vitaminas D\u2083 1 500 TV, vitaminas E 500 mg, vitaminas C 300 mg, taurinas 1 500 mg, cholino chloridas 1 800 mg, L-karnitinas 250 mg, vitaminas B1 2,5 mg, vitaminas B2 9,6 mg, biotinas 3,5 mg, folio r\u016bg\u0161tis 1,2 mg, vitaminas B6 2,5 mg, kalcio D-pantotenatas 25 mg, niacinamidas 32,5 mg, vitaminas B12 0,1 mg, jodas 0,8 mg, organinis cinkas 85 mg, organinis manganas 40 mg, organinis varis 18 mg, organinis gele\u017eis 75 mg. Sud\u0117tyje yra ES leid\u017eiami antioksidantai: tokoferoli\u0173 ekstraktai i\u0161 augalini\u0173 aliej\u0173, askorbilpalmitatas ir rozmarino ekstraktas. Metabolizuojama energija: 3,810 kcal\/kg","og_url":"https:\/\/miumjau.ee\/lt\/produktas\/brit-care-dog-hypoallergenic-adult-medium-breed-12-kg\/","og_site_name":"MiuMjau","article_publisher":"https:\/\/www.facebook.com\/miumjaupood\/","og_image":[{"width":600,"height":800,"url":"https:\/\/miumjau.ee\/wp-content\/uploads\/2025\/04\/brit-care-adult-medium-breed-lamb-Photoroom.webp","type":"image\/webp"}],"twitter_card":"summary_large_image","schema":{"@context":"https:\/\/schema.org","@graph":[{"@type":"WebPage","@id":"https:\/\/miumjau.ee\/lt\/produktas\/brit-care-dog-hypoallergenic-adult-medium-breed-12-kg\/","url":"https:\/\/miumjau.ee\/lt\/produktas\/brit-care-dog-hypoallergenic-adult-medium-breed-12-kg\/","name":"Brit Care Dog Hypoallergenic Adult Medium Breed 12 kg - MiuMjau","isPartOf":{"@id":"https:\/\/miumjau.ee\/#website"},"primaryImageOfPage":{"@id":"https:\/\/miumjau.ee\/lt\/produktas\/brit-care-dog-hypoallergenic-adult-medium-breed-12-kg\/#primaryimage"},"image":{"@id":"https:\/\/miumjau.ee\/lt\/produktas\/brit-care-dog-hypoallergenic-adult-medium-breed-12-kg\/#primaryimage"},"thumbnailUrl":"https:\/\/miumjau.ee\/wp-content\/uploads\/2025\/04\/brit-care-adult-medium-breed-lamb-Photoroom.webp","datePublished":"2025-04-07T06:43:29+00:00","breadcrumb":{"@id":"https:\/\/miumjau.ee\/lt\/produktas\/brit-care-dog-hypoallergenic-adult-medium-breed-12-kg\/#breadcrumb"},"inLanguage":"lt-LT","potentialAction":[{"@type":"ReadAction","target":["https:\/\/miumjau.ee\/lt\/produktas\/brit-care-dog-hypoallergenic-adult-medium-breed-12-kg\/"]}]},{"@type":"ImageObject","inLanguage":"lt-LT","@id":"https:\/\/miumjau.ee\/lt\/produktas\/brit-care-dog-hypoallergenic-adult-medium-breed-12-kg\/#primaryimage","url":"https:\/\/miumjau.ee\/wp-content\/uploads\/2025\/04\/brit-care-adult-medium-breed-lamb-Photoroom.webp","contentUrl":"https:\/\/miumjau.ee\/wp-content\/uploads\/2025\/04\/brit-care-adult-medium-breed-lamb-Photoroom.webp","width":600,"height":800},{"@type":"BreadcrumbList","@id":"https:\/\/miumjau.ee\/lt\/produktas\/brit-care-dog-hypoallergenic-adult-medium-breed-12-kg\/#breadcrumb","itemListElement":[{"@type":"ListItem","position":1,"name":"Home","item":"https:\/\/miumjau.ee\/lt\/"},{"@type":"ListItem","position":2,"name":"Parduotuv\u0117","item":"https:\/\/miumjau.ee\/lt\/parduotuve\/"},{"@type":"ListItem","position":3,"name":"Brit Care Dog Hypoallergenic Adult Medium Breed 12 kg"}]},{"@type":"WebSite","@id":"https:\/\/miumjau.ee\/#website","url":"https:\/\/miumjau.ee\/","name":"MiuMjau","description":"Kraapimispuud kassidele","publisher":{"@id":"https:\/\/miumjau.ee\/#organization"},"potentialAction":[{"@type":"SearchAction","target":{"@type":"EntryPoint","urlTemplate":"https:\/\/miumjau.ee\/?s={search_term_string}"},"query-input":{"@type":"PropertyValueSpecification","valueRequired":true,"valueName":"search_term_string"}}],"inLanguage":"lt-LT"},{"@type":"Organization","@id":"https:\/\/miumjau.ee\/#organization","name":"MiuMjau O\u00dc","url":"https:\/\/miumjau.ee\/","logo":{"@type":"ImageObject","inLanguage":"lt-LT","@id":"https:\/\/miumjau.ee\/#\/schema\/logo\/image\/","url":"https:\/\/miumjau.ee\/wp-content\/uploads\/2022\/04\/MiuMjau-logo-kollane.png","contentUrl":"https:\/\/miumjau.ee\/wp-content\/uploads\/2022\/04\/MiuMjau-logo-kollane.png","width":219,"height":100,"caption":"MiuMjau O\u00dc"},"image":{"@id":"https:\/\/miumjau.ee\/#\/schema\/logo\/image\/"},"sameAs":["https:\/\/www.facebook.com\/miumjaupood\/"]}]}},"_links":{"self":[{"href":"https:\/\/miumjau.ee\/lt\/wp-json\/wp\/v2\/product\/51651","targetHints":{"allow":["GET"]}}],"collection":[{"href":"https:\/\/miumjau.ee\/lt\/wp-json\/wp\/v2\/product"}],"about":[{"href":"https:\/\/miumjau.ee\/lt\/wp-json\/wp\/v2\/types\/product"}],"wp:featuredmedia":[{"embeddable":true,"href":"https:\/\/miumjau.ee\/lt\/wp-json\/wp\/v2\/media\/51650"}],"wp:attachment":[{"href":"https:\/\/miumjau.ee\/lt\/wp-json\/wp\/v2\/media?parent=51651"}],"wp:term":[{"taxonomy":"product_brand","embeddable":true,"href":"https:\/\/miumjau.ee\/lt\/wp-json\/wp\/v2\/product_brand?post=51651"},{"taxonomy":"product_cat","embeddable":true,"href":"https:\/\/miumjau.ee\/lt\/wp-json\/wp\/v2\/product_cat?post=51651"},{"taxonomy":"product_tag","embeddable":true,"href":"https:\/\/miumjau.ee\/lt\/wp-json\/wp\/v2\/product_tag?post=51651"}],"curies":[{"name":"wp","href":"https:\/\/api.w.org\/{rel}","templated":true}]}}