{"id":51640,"date":"2025-04-07T09:59:59","date_gmt":"2025-04-07T06:59:59","guid":{"rendered":"https:\/\/miumjau.ee\/toode\/brit-care-dog-hypoallergenic-junior-large-breed-lamb-12-kg\/"},"modified":"2026-01-07T20:40:11","modified_gmt":"2026-01-07T18:40:11","slug":"brit-care-dog-hypoallergenic-junior-large-breed-lamb-12-kg","status":"publish","type":"product","link":"https:\/\/miumjau.ee\/lt\/produktas\/brit-care-dog-hypoallergenic-junior-large-breed-lamb-12-kg\/","title":{"rendered":"Brit Care Dog Hypoallergenic Junior Large Breed Lamb 12 kg"},"content":{"rendered":"","protected":false},"excerpt":{"rendered":"<p data-start=\"265\" data-end=\"399\">Hipoalerginis receptas su aviena ir ry\u017eiais dideli\u0173 veisli\u0173 \u0161uniukams (daugiau nei 25 kg), 3 m\u0117n. \u2013 2 m. Pilnavertis pa\u0161aras \u0161unims.<\/p>\n<p data-start=\"401\" data-end=\"904\"><strong data-start=\"401\" data-end=\"557\">SUPERPREMIUM HIPOALERGINIS PA\u0160ARAS SU VIENU GYV\u016aNIN\u0116S KILM\u0116S BALTYM\u0172 \u0160ALTINIU, SKIRTAS DIDELI\u0172 VEISLI\u0172 \u0160UNIUK\u0172 SVEIKAM AUGIMUI IR IMUNITETO STIPRINIMUI.<\/strong><br data-start=\"557\" data-end=\"560\" \/>Pasirinkti baltym\u0173 \u0161altiniai nesukelia alergij\u0173, tod\u0117l suma\u017e\u0117ja alergini\u0173 reakcij\u0173 rizika. Maistas ypa\u010d tinkamas \u0161unims, turintiems jautri\u0105 vir\u0161kinimo sistem\u0105, specialius mitybos poreikius arba kuriems gresia maisto alergijos. Recept\u016bros praturtintos postbiotikais, kurie palaiko subalansuot\u0105 \u017earnyno mikroflor\u0105 ir stiprina \u0161uniuk\u0173 imunitet\u0105.<\/p>\n<p data-start=\"906\" data-end=\"1500\"><strong data-start=\"906\" data-end=\"918\">Sud\u0117tis:<\/strong> D\u017eiovinta aviena (42%), ry\u017eiai (35%), vi\u0161tienos riebalai, d\u017eiovinti obuoli\u0173 mink\u0161timas, la\u0161i\u0161\u0173 aliejus (3%), alaus miel\u0117s, nat\u016bral\u016bs aromatai, hidrolizuotos miel\u0117s (0,5% \u2013 inozino ir amino r\u016bg\u0161\u010di\u0173 \u0161altinis), \u017eirni\u0173 miltai, gliukozaminas (300 mg\/kg), fruktooligosacharidai (230 mg\/kg), chondroitino sulfatas (230 mg\/kg), mananoligosacharidai (180 mg\/kg), Mojave jukos (180 mg\/kg), margainio s\u0117klos (110 mg\/kg), \u03b2-gliukanai (60 mg\/kg), d\u017eiovinta dilg\u0117l\u0117 (60 mg\/kg), d\u017eiovinti \u0161altalankiai (60 mg\/kg), inaktyvuotas probiotikas <em data-start=\"1443\" data-end=\"1469\">Lactobacillus helveticus<\/em> HA\u2013122 (15\u00d710\u2079 l\u0105steli\u0173\/kg).<\/p>\n<p data-start=\"1502\" data-end=\"1744\"><strong data-start=\"1502\" data-end=\"1524\">Analitin\u0117 sud\u0117tis:<\/strong> \u017dali baltymai 28,0%, \u017eali riebalai 16,0%, dr\u0117gm\u0117 10,0%, \u017eali pelenai 7,0%, \u017eali skaidulos 2,2%, kalcis 1,3%, fosforas 1,0%, natris 0,4%, omega-3 riebal\u0173 r\u016bg\u0161tys 0,7%, omega-6 riebal\u0173 r\u016bg\u0161tys 2,0%, EPA 0,05%, DHA 0,1%.<\/p>\n<p data-start=\"1746\" data-end=\"2212\"><strong data-start=\"1746\" data-end=\"1776\">Maistiniai priedai (1 kg):<\/strong> Vitaminas A 23 000 TV, vitaminas D\u2083 1 700 TV, vitaminas E 550 mg, vitaminas C 350 mg, taurinas 1 500 mg, cholino chloridas 1 800 mg, L-karnitinas 300 mg, vitaminas B1 3 mg, vitaminas B2 11 mg, biotinas 4 mg, folio r\u016bg\u0161tis 1,4 mg, vitaminas B6 3 mg, kalcio D-pantotenatas 30 mg, niacinamidas 38 mg, vitaminas B12 0,12 mg, jodas 0,9 mg, organinis cinkas 100 mg, organinis manganas 45 mg, organinis varis 20 mg, organinis gele\u017eis 88 mg.<\/p>\n<p data-start=\"2214\" data-end=\"2345\">Sud\u0117tyje yra ES leid\u017eiami antioksidantai: tokoferoli\u0173 ekstraktai i\u0161 augalini\u0173 aliej\u0173, askorbilpalmitatas ir rozmarino ekstraktas.<\/p>\n<p data-start=\"2347\" data-end=\"2392\"><strong data-start=\"2347\" data-end=\"2376\">Metabolizuojama energija:<\/strong> 3,850 kcal\/kg<\/p>\n","protected":false},"featured_media":51639,"template":"","meta":[],"product_brand":[],"product_cat":[538],"product_tag":[],"class_list":{"0":"post-51640","1":"product","2":"type-product","3":"status-publish","4":"has-post-thumbnail","6":"product_cat-sausas-maistas-sunims","8":"first","9":"instock","10":"sale","11":"taxable","12":"shipping-taxable","13":"purchasable","14":"product-type-simple"},"yoast_head":"<!-- This site is optimized with the Yoast SEO plugin v27.2 - https:\/\/yoast.com\/product\/yoast-seo-wordpress\/ -->\n<title>Brit Care Dog Hypoallergenic Junior Large Breed Lamb 12 kg - MiuMjau<\/title>\n<meta name=\"robots\" content=\"index, follow, max-snippet:-1, max-image-preview:large, max-video-preview:-1\" \/>\n<link rel=\"canonical\" href=\"https:\/\/miumjau.ee\/lt\/produktas\/brit-care-dog-hypoallergenic-junior-large-breed-lamb-12-kg\/\" \/>\n<meta property=\"og:locale\" content=\"lt_LT\" \/>\n<meta property=\"og:type\" content=\"article\" \/>\n<meta property=\"og:title\" content=\"Brit Care Dog Hypoallergenic Junior Large Breed Lamb 12 kg - MiuMjau\" \/>\n<meta property=\"og:description\" content=\"Hipoalerginis receptas su aviena ir ry\u017eiais dideli\u0173 veisli\u0173 \u0161uniukams (daugiau nei 25 kg), 3 m\u0117n. \u2013 2 m. Pilnavertis pa\u0161aras \u0161unims. SUPERPREMIUM HIPOALERGINIS PA\u0160ARAS SU VIENU GYV\u016aNIN\u0116S KILM\u0116S BALTYM\u0172 \u0160ALTINIU, SKIRTAS DIDELI\u0172 VEISLI\u0172 \u0160UNIUK\u0172 SVEIKAM AUGIMUI IR IMUNITETO STIPRINIMUI.Pasirinkti baltym\u0173 \u0161altiniai nesukelia alergij\u0173, tod\u0117l suma\u017e\u0117ja alergini\u0173 reakcij\u0173 rizika. Maistas ypa\u010d tinkamas \u0161unims, turintiems jautri\u0105 vir\u0161kinimo sistem\u0105, specialius mitybos poreikius arba kuriems gresia maisto alergijos. Recept\u016bros praturtintos postbiotikais, kurie palaiko subalansuot\u0105 \u017earnyno mikroflor\u0105 ir stiprina \u0161uniuk\u0173 imunitet\u0105. Sud\u0117tis: D\u017eiovinta aviena (42%), ry\u017eiai (35%), vi\u0161tienos riebalai, d\u017eiovinti obuoli\u0173 mink\u0161timas, la\u0161i\u0161\u0173 aliejus (3%), alaus miel\u0117s, nat\u016bral\u016bs aromatai, hidrolizuotos miel\u0117s (0,5% \u2013 inozino ir amino r\u016bg\u0161\u010di\u0173 \u0161altinis), \u017eirni\u0173 miltai, gliukozaminas (300 mg\/kg), fruktooligosacharidai (230 mg\/kg), chondroitino sulfatas (230 mg\/kg), mananoligosacharidai (180 mg\/kg), Mojave jukos (180 mg\/kg), margainio s\u0117klos (110 mg\/kg), \u03b2-gliukanai (60 mg\/kg), d\u017eiovinta dilg\u0117l\u0117 (60 mg\/kg), d\u017eiovinti \u0161altalankiai (60 mg\/kg), inaktyvuotas probiotikas Lactobacillus helveticus HA\u2013122 (15\u00d710\u2079 l\u0105steli\u0173\/kg). Analitin\u0117 sud\u0117tis: \u017dali baltymai 28,0%, \u017eali riebalai 16,0%, dr\u0117gm\u0117 10,0%, \u017eali pelenai 7,0%, \u017eali skaidulos 2,2%, kalcis 1,3%, fosforas 1,0%, natris 0,4%, omega-3 riebal\u0173 r\u016bg\u0161tys 0,7%, omega-6 riebal\u0173 r\u016bg\u0161tys 2,0%, EPA 0,05%, DHA 0,1%. Maistiniai priedai (1 kg): Vitaminas A 23 000 TV, vitaminas D\u2083 1 700 TV, vitaminas E 550 mg, vitaminas C 350 mg, taurinas 1 500 mg, cholino chloridas 1 800 mg, L-karnitinas 300 mg, vitaminas B1 3 mg, vitaminas B2 11 mg, biotinas 4 mg, folio r\u016bg\u0161tis 1,4 mg, vitaminas B6 3 mg, kalcio D-pantotenatas 30 mg, niacinamidas 38 mg, vitaminas B12 0,12 mg, jodas 0,9 mg, organinis cinkas 100 mg, organinis manganas 45 mg, organinis varis 20 mg, organinis gele\u017eis 88 mg. Sud\u0117tyje yra ES leid\u017eiami antioksidantai: tokoferoli\u0173 ekstraktai i\u0161 augalini\u0173 aliej\u0173, askorbilpalmitatas ir rozmarino ekstraktas. Metabolizuojama energija: 3,850 kcal\/kg\" \/>\n<meta property=\"og:url\" content=\"https:\/\/miumjau.ee\/lt\/produktas\/brit-care-dog-hypoallergenic-junior-large-breed-lamb-12-kg\/\" \/>\n<meta property=\"og:site_name\" content=\"MiuMjau\" \/>\n<meta property=\"article:publisher\" content=\"https:\/\/www.facebook.com\/miumjaupood\/\" \/>\n<meta property=\"article:modified_time\" content=\"2026-01-07T18:40:11+00:00\" \/>\n<meta property=\"og:image\" content=\"https:\/\/miumjau.ee\/wp-content\/uploads\/2025\/04\/brit-care-junior-large-breed-lamb-Photoroom.webp\" \/>\n\t<meta property=\"og:image:width\" content=\"600\" \/>\n\t<meta property=\"og:image:height\" content=\"800\" \/>\n\t<meta property=\"og:image:type\" content=\"image\/webp\" \/>\n<meta name=\"twitter:card\" content=\"summary_large_image\" \/>\n<script type=\"application\/ld+json\" class=\"yoast-schema-graph\">{\"@context\":\"https:\/\/schema.org\",\"@graph\":[{\"@type\":\"WebPage\",\"@id\":\"https:\/\/miumjau.ee\/lt\/produktas\/brit-care-dog-hypoallergenic-junior-large-breed-lamb-12-kg\/\",\"url\":\"https:\/\/miumjau.ee\/lt\/produktas\/brit-care-dog-hypoallergenic-junior-large-breed-lamb-12-kg\/\",\"name\":\"Brit Care Dog Hypoallergenic Junior Large Breed Lamb 12 kg - MiuMjau\",\"isPartOf\":{\"@id\":\"https:\/\/miumjau.ee\/#website\"},\"primaryImageOfPage\":{\"@id\":\"https:\/\/miumjau.ee\/lt\/produktas\/brit-care-dog-hypoallergenic-junior-large-breed-lamb-12-kg\/#primaryimage\"},\"image\":{\"@id\":\"https:\/\/miumjau.ee\/lt\/produktas\/brit-care-dog-hypoallergenic-junior-large-breed-lamb-12-kg\/#primaryimage\"},\"thumbnailUrl\":\"https:\/\/miumjau.ee\/wp-content\/uploads\/2025\/04\/brit-care-junior-large-breed-lamb-Photoroom.webp\",\"datePublished\":\"2025-04-07T06:59:59+00:00\",\"dateModified\":\"2026-01-07T18:40:11+00:00\",\"breadcrumb\":{\"@id\":\"https:\/\/miumjau.ee\/lt\/produktas\/brit-care-dog-hypoallergenic-junior-large-breed-lamb-12-kg\/#breadcrumb\"},\"inLanguage\":\"lt-LT\",\"potentialAction\":[{\"@type\":\"ReadAction\",\"target\":[\"https:\/\/miumjau.ee\/lt\/produktas\/brit-care-dog-hypoallergenic-junior-large-breed-lamb-12-kg\/\"]}]},{\"@type\":\"ImageObject\",\"inLanguage\":\"lt-LT\",\"@id\":\"https:\/\/miumjau.ee\/lt\/produktas\/brit-care-dog-hypoallergenic-junior-large-breed-lamb-12-kg\/#primaryimage\",\"url\":\"https:\/\/miumjau.ee\/wp-content\/uploads\/2025\/04\/brit-care-junior-large-breed-lamb-Photoroom.webp\",\"contentUrl\":\"https:\/\/miumjau.ee\/wp-content\/uploads\/2025\/04\/brit-care-junior-large-breed-lamb-Photoroom.webp\",\"width\":600,\"height\":800},{\"@type\":\"BreadcrumbList\",\"@id\":\"https:\/\/miumjau.ee\/lt\/produktas\/brit-care-dog-hypoallergenic-junior-large-breed-lamb-12-kg\/#breadcrumb\",\"itemListElement\":[{\"@type\":\"ListItem\",\"position\":1,\"name\":\"Home\",\"item\":\"https:\/\/miumjau.ee\/lt\/\"},{\"@type\":\"ListItem\",\"position\":2,\"name\":\"Parduotuv\u0117\",\"item\":\"https:\/\/miumjau.ee\/lt\/parduotuve\/\"},{\"@type\":\"ListItem\",\"position\":3,\"name\":\"Brit Care Dog Hypoallergenic Junior Large Breed Lamb 12 kg\"}]},{\"@type\":\"WebSite\",\"@id\":\"https:\/\/miumjau.ee\/#website\",\"url\":\"https:\/\/miumjau.ee\/\",\"name\":\"MiuMjau\",\"description\":\"Kraapimispuud kassidele\",\"publisher\":{\"@id\":\"https:\/\/miumjau.ee\/#organization\"},\"potentialAction\":[{\"@type\":\"SearchAction\",\"target\":{\"@type\":\"EntryPoint\",\"urlTemplate\":\"https:\/\/miumjau.ee\/?s={search_term_string}\"},\"query-input\":{\"@type\":\"PropertyValueSpecification\",\"valueRequired\":true,\"valueName\":\"search_term_string\"}}],\"inLanguage\":\"lt-LT\"},{\"@type\":\"Organization\",\"@id\":\"https:\/\/miumjau.ee\/#organization\",\"name\":\"MiuMjau O\u00dc\",\"url\":\"https:\/\/miumjau.ee\/\",\"logo\":{\"@type\":\"ImageObject\",\"inLanguage\":\"lt-LT\",\"@id\":\"https:\/\/miumjau.ee\/#\/schema\/logo\/image\/\",\"url\":\"https:\/\/miumjau.ee\/wp-content\/uploads\/2022\/04\/MiuMjau-logo-kollane.png\",\"contentUrl\":\"https:\/\/miumjau.ee\/wp-content\/uploads\/2022\/04\/MiuMjau-logo-kollane.png\",\"width\":219,\"height\":100,\"caption\":\"MiuMjau O\u00dc\"},\"image\":{\"@id\":\"https:\/\/miumjau.ee\/#\/schema\/logo\/image\/\"},\"sameAs\":[\"https:\/\/www.facebook.com\/miumjaupood\/\"]}]}<\/script>\n<!-- \/ Yoast SEO plugin. -->","yoast_head_json":{"title":"Brit Care Dog Hypoallergenic Junior Large Breed Lamb 12 kg - MiuMjau","robots":{"index":"index","follow":"follow","max-snippet":"max-snippet:-1","max-image-preview":"max-image-preview:large","max-video-preview":"max-video-preview:-1"},"canonical":"https:\/\/miumjau.ee\/lt\/produktas\/brit-care-dog-hypoallergenic-junior-large-breed-lamb-12-kg\/","og_locale":"lt_LT","og_type":"article","og_title":"Brit Care Dog Hypoallergenic Junior Large Breed Lamb 12 kg - MiuMjau","og_description":"Hipoalerginis receptas su aviena ir ry\u017eiais dideli\u0173 veisli\u0173 \u0161uniukams (daugiau nei 25 kg), 3 m\u0117n. \u2013 2 m. Pilnavertis pa\u0161aras \u0161unims. SUPERPREMIUM HIPOALERGINIS PA\u0160ARAS SU VIENU GYV\u016aNIN\u0116S KILM\u0116S BALTYM\u0172 \u0160ALTINIU, SKIRTAS DIDELI\u0172 VEISLI\u0172 \u0160UNIUK\u0172 SVEIKAM AUGIMUI IR IMUNITETO STIPRINIMUI.Pasirinkti baltym\u0173 \u0161altiniai nesukelia alergij\u0173, tod\u0117l suma\u017e\u0117ja alergini\u0173 reakcij\u0173 rizika. Maistas ypa\u010d tinkamas \u0161unims, turintiems jautri\u0105 vir\u0161kinimo sistem\u0105, specialius mitybos poreikius arba kuriems gresia maisto alergijos. Recept\u016bros praturtintos postbiotikais, kurie palaiko subalansuot\u0105 \u017earnyno mikroflor\u0105 ir stiprina \u0161uniuk\u0173 imunitet\u0105. Sud\u0117tis: D\u017eiovinta aviena (42%), ry\u017eiai (35%), vi\u0161tienos riebalai, d\u017eiovinti obuoli\u0173 mink\u0161timas, la\u0161i\u0161\u0173 aliejus (3%), alaus miel\u0117s, nat\u016bral\u016bs aromatai, hidrolizuotos miel\u0117s (0,5% \u2013 inozino ir amino r\u016bg\u0161\u010di\u0173 \u0161altinis), \u017eirni\u0173 miltai, gliukozaminas (300 mg\/kg), fruktooligosacharidai (230 mg\/kg), chondroitino sulfatas (230 mg\/kg), mananoligosacharidai (180 mg\/kg), Mojave jukos (180 mg\/kg), margainio s\u0117klos (110 mg\/kg), \u03b2-gliukanai (60 mg\/kg), d\u017eiovinta dilg\u0117l\u0117 (60 mg\/kg), d\u017eiovinti \u0161altalankiai (60 mg\/kg), inaktyvuotas probiotikas Lactobacillus helveticus HA\u2013122 (15\u00d710\u2079 l\u0105steli\u0173\/kg). Analitin\u0117 sud\u0117tis: \u017dali baltymai 28,0%, \u017eali riebalai 16,0%, dr\u0117gm\u0117 10,0%, \u017eali pelenai 7,0%, \u017eali skaidulos 2,2%, kalcis 1,3%, fosforas 1,0%, natris 0,4%, omega-3 riebal\u0173 r\u016bg\u0161tys 0,7%, omega-6 riebal\u0173 r\u016bg\u0161tys 2,0%, EPA 0,05%, DHA 0,1%. Maistiniai priedai (1 kg): Vitaminas A 23 000 TV, vitaminas D\u2083 1 700 TV, vitaminas E 550 mg, vitaminas C 350 mg, taurinas 1 500 mg, cholino chloridas 1 800 mg, L-karnitinas 300 mg, vitaminas B1 3 mg, vitaminas B2 11 mg, biotinas 4 mg, folio r\u016bg\u0161tis 1,4 mg, vitaminas B6 3 mg, kalcio D-pantotenatas 30 mg, niacinamidas 38 mg, vitaminas B12 0,12 mg, jodas 0,9 mg, organinis cinkas 100 mg, organinis manganas 45 mg, organinis varis 20 mg, organinis gele\u017eis 88 mg. Sud\u0117tyje yra ES leid\u017eiami antioksidantai: tokoferoli\u0173 ekstraktai i\u0161 augalini\u0173 aliej\u0173, askorbilpalmitatas ir rozmarino ekstraktas. Metabolizuojama energija: 3,850 kcal\/kg","og_url":"https:\/\/miumjau.ee\/lt\/produktas\/brit-care-dog-hypoallergenic-junior-large-breed-lamb-12-kg\/","og_site_name":"MiuMjau","article_publisher":"https:\/\/www.facebook.com\/miumjaupood\/","article_modified_time":"2026-01-07T18:40:11+00:00","og_image":[{"width":600,"height":800,"url":"https:\/\/miumjau.ee\/wp-content\/uploads\/2025\/04\/brit-care-junior-large-breed-lamb-Photoroom.webp","type":"image\/webp"}],"twitter_card":"summary_large_image","schema":{"@context":"https:\/\/schema.org","@graph":[{"@type":"WebPage","@id":"https:\/\/miumjau.ee\/lt\/produktas\/brit-care-dog-hypoallergenic-junior-large-breed-lamb-12-kg\/","url":"https:\/\/miumjau.ee\/lt\/produktas\/brit-care-dog-hypoallergenic-junior-large-breed-lamb-12-kg\/","name":"Brit Care Dog Hypoallergenic Junior Large Breed Lamb 12 kg - MiuMjau","isPartOf":{"@id":"https:\/\/miumjau.ee\/#website"},"primaryImageOfPage":{"@id":"https:\/\/miumjau.ee\/lt\/produktas\/brit-care-dog-hypoallergenic-junior-large-breed-lamb-12-kg\/#primaryimage"},"image":{"@id":"https:\/\/miumjau.ee\/lt\/produktas\/brit-care-dog-hypoallergenic-junior-large-breed-lamb-12-kg\/#primaryimage"},"thumbnailUrl":"https:\/\/miumjau.ee\/wp-content\/uploads\/2025\/04\/brit-care-junior-large-breed-lamb-Photoroom.webp","datePublished":"2025-04-07T06:59:59+00:00","dateModified":"2026-01-07T18:40:11+00:00","breadcrumb":{"@id":"https:\/\/miumjau.ee\/lt\/produktas\/brit-care-dog-hypoallergenic-junior-large-breed-lamb-12-kg\/#breadcrumb"},"inLanguage":"lt-LT","potentialAction":[{"@type":"ReadAction","target":["https:\/\/miumjau.ee\/lt\/produktas\/brit-care-dog-hypoallergenic-junior-large-breed-lamb-12-kg\/"]}]},{"@type":"ImageObject","inLanguage":"lt-LT","@id":"https:\/\/miumjau.ee\/lt\/produktas\/brit-care-dog-hypoallergenic-junior-large-breed-lamb-12-kg\/#primaryimage","url":"https:\/\/miumjau.ee\/wp-content\/uploads\/2025\/04\/brit-care-junior-large-breed-lamb-Photoroom.webp","contentUrl":"https:\/\/miumjau.ee\/wp-content\/uploads\/2025\/04\/brit-care-junior-large-breed-lamb-Photoroom.webp","width":600,"height":800},{"@type":"BreadcrumbList","@id":"https:\/\/miumjau.ee\/lt\/produktas\/brit-care-dog-hypoallergenic-junior-large-breed-lamb-12-kg\/#breadcrumb","itemListElement":[{"@type":"ListItem","position":1,"name":"Home","item":"https:\/\/miumjau.ee\/lt\/"},{"@type":"ListItem","position":2,"name":"Parduotuv\u0117","item":"https:\/\/miumjau.ee\/lt\/parduotuve\/"},{"@type":"ListItem","position":3,"name":"Brit Care Dog Hypoallergenic Junior Large Breed Lamb 12 kg"}]},{"@type":"WebSite","@id":"https:\/\/miumjau.ee\/#website","url":"https:\/\/miumjau.ee\/","name":"MiuMjau","description":"Kraapimispuud kassidele","publisher":{"@id":"https:\/\/miumjau.ee\/#organization"},"potentialAction":[{"@type":"SearchAction","target":{"@type":"EntryPoint","urlTemplate":"https:\/\/miumjau.ee\/?s={search_term_string}"},"query-input":{"@type":"PropertyValueSpecification","valueRequired":true,"valueName":"search_term_string"}}],"inLanguage":"lt-LT"},{"@type":"Organization","@id":"https:\/\/miumjau.ee\/#organization","name":"MiuMjau O\u00dc","url":"https:\/\/miumjau.ee\/","logo":{"@type":"ImageObject","inLanguage":"lt-LT","@id":"https:\/\/miumjau.ee\/#\/schema\/logo\/image\/","url":"https:\/\/miumjau.ee\/wp-content\/uploads\/2022\/04\/MiuMjau-logo-kollane.png","contentUrl":"https:\/\/miumjau.ee\/wp-content\/uploads\/2022\/04\/MiuMjau-logo-kollane.png","width":219,"height":100,"caption":"MiuMjau O\u00dc"},"image":{"@id":"https:\/\/miumjau.ee\/#\/schema\/logo\/image\/"},"sameAs":["https:\/\/www.facebook.com\/miumjaupood\/"]}]}},"_links":{"self":[{"href":"https:\/\/miumjau.ee\/lt\/wp-json\/wp\/v2\/product\/51640","targetHints":{"allow":["GET"]}}],"collection":[{"href":"https:\/\/miumjau.ee\/lt\/wp-json\/wp\/v2\/product"}],"about":[{"href":"https:\/\/miumjau.ee\/lt\/wp-json\/wp\/v2\/types\/product"}],"wp:featuredmedia":[{"embeddable":true,"href":"https:\/\/miumjau.ee\/lt\/wp-json\/wp\/v2\/media\/51639"}],"wp:attachment":[{"href":"https:\/\/miumjau.ee\/lt\/wp-json\/wp\/v2\/media?parent=51640"}],"wp:term":[{"taxonomy":"product_brand","embeddable":true,"href":"https:\/\/miumjau.ee\/lt\/wp-json\/wp\/v2\/product_brand?post=51640"},{"taxonomy":"product_cat","embeddable":true,"href":"https:\/\/miumjau.ee\/lt\/wp-json\/wp\/v2\/product_cat?post=51640"},{"taxonomy":"product_tag","embeddable":true,"href":"https:\/\/miumjau.ee\/lt\/wp-json\/wp\/v2\/product_tag?post=51640"}],"curies":[{"name":"wp","href":"https:\/\/api.w.org\/{rel}","templated":true}]}}