{"id":51628,"date":"2025-04-07T10:03:09","date_gmt":"2025-04-07T07:03:09","guid":{"rendered":"https:\/\/miumjau.ee\/toode\/brit-care-dog-hypoallergenic-dog-show-champion-3-kg\/"},"modified":"2026-01-07T20:40:11","modified_gmt":"2026-01-07T18:40:11","slug":"brit-care-dog-hypoallergenic-dog-show-champion-3-kg","status":"publish","type":"product","link":"https:\/\/miumjau.ee\/lt\/produktas\/brit-care-dog-hypoallergenic-dog-show-champion-3-kg\/","title":{"rendered":"Brit Care Dog Hypoallergenic Dog Show Champion 3 kg"},"content":{"rendered":"","protected":false},"excerpt":{"rendered":"<p data-start=\"6506\" data-end=\"6619\">Hipoalerginis pilnavertis pa\u0161aras su la\u0161i\u0161a ir silk\u0117 suaugusiems \u0161unims \u2013 idealus parod\u0173 \u0161un\u0173 formai palaikyti.<\/p>\n<p data-start=\"6621\" data-end=\"6774\">Superpremium klas\u0117s hipoalerginis \u0161un\u0173 maistas su vienu gyv\u016bnin\u0117s kilm\u0117s baltym\u0173 \u0161altiniu, specialiai sukurtas parod\u0173 \u0161unims palaikyti geriausi\u0105 form\u0105.<\/p>\n<p data-start=\"6776\" data-end=\"7111\">Omega-3 riebal\u0173 r\u016bg\u0161tys, tokios kaip ALA, EPA ir DHA, padeda palaikyti odos dr\u0117gm\u0119 ir suteikia kailiui sveik\u0105, blizgan\u010di\u0105 i\u0161vaizd\u0105. L-triptofanas palaiko ram\u0173 nusiteikim\u0105 stresin\u0117se situacijose. Pa\u0161aras praturtintas probiotikais vir\u0161kinimo ir imunin\u0117s sistemos palaikymui bei margainio s\u0117klomis kepen\u0173 funkcijai ir toksin\u0173 \u0161alinimui.<\/p>\n<p data-start=\"7113\" data-end=\"7771\"><strong data-start=\"7113\" data-end=\"7125\">Sud\u0117tis:<\/strong> La\u0161i\u0161a (36%) (d\u017eiovinta la\u0161i\u0161a, hidrolizuota la\u0161i\u0161a), ry\u017eiai (26%), d\u017eiovinta silk\u0117 (14%), vi\u0161tienos riebalai, lin\u0173 s\u0117klos (4%), d\u017eiovinti obuoli\u0173 mink\u0161timas, la\u0161i\u0161\u0173 aliejus (3%), nat\u016bral\u016bs aromatai, alaus miel\u0117s, d\u017eiovintos dumbliai (0,5%, <em data-start=\"7367\" data-end=\"7393\">Schizochytrium limacinum<\/em>), \u017eirni\u0173 miltai, gliukozaminas (300 mg\/kg), fruktooligosacharidai (230 mg\/kg), chondroitino sulfatas (230 mg\/kg), mananoligosacharidai (180 mg\/kg), Mojave jukos (180 mg\/kg), margainio s\u0117klos (110 mg\/kg), \u03b2-gliukanai (60 mg\/kg), d\u017eiovinta sukat\u017eol\u0117 (60 mg\/kg), d\u017eiovinti \u0161altalankiai (60 mg\/kg), inaktyvuotas probiotikas <em data-start=\"7714\" data-end=\"7740\">Lactobacillus helveticus<\/em> HA\u2013122 (15\u00d710\u2079 l\u0105steli\u0173\/kg).<\/p>\n<p data-start=\"7773\" data-end=\"8015\"><strong data-start=\"7773\" data-end=\"7795\">Analitin\u0117 sud\u0117tis:<\/strong> \u017dali baltymai 26,0%, \u017eali riebalai 16,0%, dr\u0117gm\u0117 10,0%, \u017eali pelenai 5,8%, \u017eali skaidulos 3,0%, kalcis 1,1%, fosforas 0,9%, natris 0,4%, omega-3 riebal\u0173 r\u016bg\u0161tys 2,1%, omega-6 riebal\u0173 r\u016bg\u0161tys 2,2%, EPA 0,1%, DHA 0,25%.<\/p>\n<p data-start=\"8017\" data-end=\"8401\"><strong data-start=\"8017\" data-end=\"8047\">Maistiniai priedai (1 kg):<\/strong> Vitaminas A 23 000 TV, vitaminas D\u2083 1 700 TV, vitaminas E 550 mg, vitaminas C 350 mg, taurinas 1 500 mg, cholino chloridas 1 800 mg, L-karnitinas 300 mg, vitaminai B1, B2, B6, B12, biotinas, folio r\u016bg\u0161tis, pantoteno r\u016bg\u0161tis, niacinamidas.<br data-start=\"8286\" data-end=\"8289\" \/>Mineralai: jodas 0,9 mg, organinis cinkas 100 mg, manganas 45 mg, varis 20 mg, gele\u017eis 88 mg, selenas 0,18 mg.<\/p>\n<p data-start=\"8403\" data-end=\"8534\">Sud\u0117tyje yra ES leid\u017eiami antioksidantai: tokoferoli\u0173 ekstraktai i\u0161 augalini\u0173 aliej\u0173, askorbilpalmitatas ir rozmarino ekstraktas.<\/p>\n<p data-start=\"8536\" data-end=\"8581\"><strong data-start=\"8536\" data-end=\"8565\">Metabolizuojama energija:<\/strong> 3 830 kcal\/kg<\/p>\n","protected":false},"featured_media":51629,"template":"","meta":[],"product_brand":[],"product_cat":[538],"product_tag":[],"class_list":{"0":"post-51628","1":"product","2":"type-product","3":"status-publish","4":"has-post-thumbnail","6":"product_cat-sausas-maistas-sunims","8":"first","9":"instock","10":"sale","11":"taxable","12":"shipping-taxable","13":"purchasable","14":"product-type-simple"},"yoast_head":"<!-- This site is optimized with the Yoast SEO plugin v27.2 - https:\/\/yoast.com\/product\/yoast-seo-wordpress\/ -->\n<title>Brit Care Dog Hypoallergenic Dog Show Champion 3 kg - MiuMjau<\/title>\n<meta name=\"robots\" content=\"index, follow, max-snippet:-1, max-image-preview:large, max-video-preview:-1\" \/>\n<link rel=\"canonical\" href=\"https:\/\/miumjau.ee\/lt\/produktas\/brit-care-dog-hypoallergenic-dog-show-champion-3-kg\/\" \/>\n<meta property=\"og:locale\" content=\"lt_LT\" \/>\n<meta property=\"og:type\" content=\"article\" \/>\n<meta property=\"og:title\" content=\"Brit Care Dog Hypoallergenic Dog Show Champion 3 kg - MiuMjau\" \/>\n<meta property=\"og:description\" content=\"Hipoalerginis pilnavertis pa\u0161aras su la\u0161i\u0161a ir silk\u0117 suaugusiems \u0161unims \u2013 idealus parod\u0173 \u0161un\u0173 formai palaikyti. Superpremium klas\u0117s hipoalerginis \u0161un\u0173 maistas su vienu gyv\u016bnin\u0117s kilm\u0117s baltym\u0173 \u0161altiniu, specialiai sukurtas parod\u0173 \u0161unims palaikyti geriausi\u0105 form\u0105. Omega-3 riebal\u0173 r\u016bg\u0161tys, tokios kaip ALA, EPA ir DHA, padeda palaikyti odos dr\u0117gm\u0119 ir suteikia kailiui sveik\u0105, blizgan\u010di\u0105 i\u0161vaizd\u0105. L-triptofanas palaiko ram\u0173 nusiteikim\u0105 stresin\u0117se situacijose. Pa\u0161aras praturtintas probiotikais vir\u0161kinimo ir imunin\u0117s sistemos palaikymui bei margainio s\u0117klomis kepen\u0173 funkcijai ir toksin\u0173 \u0161alinimui. Sud\u0117tis: La\u0161i\u0161a (36%) (d\u017eiovinta la\u0161i\u0161a, hidrolizuota la\u0161i\u0161a), ry\u017eiai (26%), d\u017eiovinta silk\u0117 (14%), vi\u0161tienos riebalai, lin\u0173 s\u0117klos (4%), d\u017eiovinti obuoli\u0173 mink\u0161timas, la\u0161i\u0161\u0173 aliejus (3%), nat\u016bral\u016bs aromatai, alaus miel\u0117s, d\u017eiovintos dumbliai (0,5%, Schizochytrium limacinum), \u017eirni\u0173 miltai, gliukozaminas (300 mg\/kg), fruktooligosacharidai (230 mg\/kg), chondroitino sulfatas (230 mg\/kg), mananoligosacharidai (180 mg\/kg), Mojave jukos (180 mg\/kg), margainio s\u0117klos (110 mg\/kg), \u03b2-gliukanai (60 mg\/kg), d\u017eiovinta sukat\u017eol\u0117 (60 mg\/kg), d\u017eiovinti \u0161altalankiai (60 mg\/kg), inaktyvuotas probiotikas Lactobacillus helveticus HA\u2013122 (15\u00d710\u2079 l\u0105steli\u0173\/kg). Analitin\u0117 sud\u0117tis: \u017dali baltymai 26,0%, \u017eali riebalai 16,0%, dr\u0117gm\u0117 10,0%, \u017eali pelenai 5,8%, \u017eali skaidulos 3,0%, kalcis 1,1%, fosforas 0,9%, natris 0,4%, omega-3 riebal\u0173 r\u016bg\u0161tys 2,1%, omega-6 riebal\u0173 r\u016bg\u0161tys 2,2%, EPA 0,1%, DHA 0,25%. Maistiniai priedai (1 kg): Vitaminas A 23 000 TV, vitaminas D\u2083 1 700 TV, vitaminas E 550 mg, vitaminas C 350 mg, taurinas 1 500 mg, cholino chloridas 1 800 mg, L-karnitinas 300 mg, vitaminai B1, B2, B6, B12, biotinas, folio r\u016bg\u0161tis, pantoteno r\u016bg\u0161tis, niacinamidas.Mineralai: jodas 0,9 mg, organinis cinkas 100 mg, manganas 45 mg, varis 20 mg, gele\u017eis 88 mg, selenas 0,18 mg. Sud\u0117tyje yra ES leid\u017eiami antioksidantai: tokoferoli\u0173 ekstraktai i\u0161 augalini\u0173 aliej\u0173, askorbilpalmitatas ir rozmarino ekstraktas. Metabolizuojama energija: 3 830 kcal\/kg\" \/>\n<meta property=\"og:url\" content=\"https:\/\/miumjau.ee\/lt\/produktas\/brit-care-dog-hypoallergenic-dog-show-champion-3-kg\/\" \/>\n<meta property=\"og:site_name\" content=\"MiuMjau\" \/>\n<meta property=\"article:publisher\" content=\"https:\/\/www.facebook.com\/miumjaupood\/\" \/>\n<meta property=\"article:modified_time\" content=\"2026-01-07T18:40:11+00:00\" \/>\n<meta property=\"og:image\" content=\"https:\/\/miumjau.ee\/wp-content\/uploads\/2025\/04\/brit-care-dog-show-champion-Photoroom.webp\" \/>\n\t<meta property=\"og:image:width\" content=\"600\" \/>\n\t<meta property=\"og:image:height\" content=\"800\" \/>\n\t<meta property=\"og:image:type\" content=\"image\/webp\" \/>\n<meta name=\"twitter:card\" content=\"summary_large_image\" \/>\n<script type=\"application\/ld+json\" class=\"yoast-schema-graph\">{\"@context\":\"https:\/\/schema.org\",\"@graph\":[{\"@type\":\"WebPage\",\"@id\":\"https:\/\/miumjau.ee\/lt\/produktas\/brit-care-dog-hypoallergenic-dog-show-champion-3-kg\/\",\"url\":\"https:\/\/miumjau.ee\/lt\/produktas\/brit-care-dog-hypoallergenic-dog-show-champion-3-kg\/\",\"name\":\"Brit Care Dog Hypoallergenic Dog Show Champion 3 kg - MiuMjau\",\"isPartOf\":{\"@id\":\"https:\/\/miumjau.ee\/#website\"},\"primaryImageOfPage\":{\"@id\":\"https:\/\/miumjau.ee\/lt\/produktas\/brit-care-dog-hypoallergenic-dog-show-champion-3-kg\/#primaryimage\"},\"image\":{\"@id\":\"https:\/\/miumjau.ee\/lt\/produktas\/brit-care-dog-hypoallergenic-dog-show-champion-3-kg\/#primaryimage\"},\"thumbnailUrl\":\"https:\/\/miumjau.ee\/wp-content\/uploads\/2025\/04\/brit-care-dog-show-champion-Photoroom.webp\",\"datePublished\":\"2025-04-07T07:03:09+00:00\",\"dateModified\":\"2026-01-07T18:40:11+00:00\",\"breadcrumb\":{\"@id\":\"https:\/\/miumjau.ee\/lt\/produktas\/brit-care-dog-hypoallergenic-dog-show-champion-3-kg\/#breadcrumb\"},\"inLanguage\":\"lt-LT\",\"potentialAction\":[{\"@type\":\"ReadAction\",\"target\":[\"https:\/\/miumjau.ee\/lt\/produktas\/brit-care-dog-hypoallergenic-dog-show-champion-3-kg\/\"]}]},{\"@type\":\"ImageObject\",\"inLanguage\":\"lt-LT\",\"@id\":\"https:\/\/miumjau.ee\/lt\/produktas\/brit-care-dog-hypoallergenic-dog-show-champion-3-kg\/#primaryimage\",\"url\":\"https:\/\/miumjau.ee\/wp-content\/uploads\/2025\/04\/brit-care-dog-show-champion-Photoroom.webp\",\"contentUrl\":\"https:\/\/miumjau.ee\/wp-content\/uploads\/2025\/04\/brit-care-dog-show-champion-Photoroom.webp\",\"width\":600,\"height\":800},{\"@type\":\"BreadcrumbList\",\"@id\":\"https:\/\/miumjau.ee\/lt\/produktas\/brit-care-dog-hypoallergenic-dog-show-champion-3-kg\/#breadcrumb\",\"itemListElement\":[{\"@type\":\"ListItem\",\"position\":1,\"name\":\"Home\",\"item\":\"https:\/\/miumjau.ee\/lt\/\"},{\"@type\":\"ListItem\",\"position\":2,\"name\":\"Parduotuv\u0117\",\"item\":\"https:\/\/miumjau.ee\/lt\/parduotuve\/\"},{\"@type\":\"ListItem\",\"position\":3,\"name\":\"Brit Care Dog Hypoallergenic Dog Show Champion 3 kg\"}]},{\"@type\":\"WebSite\",\"@id\":\"https:\/\/miumjau.ee\/#website\",\"url\":\"https:\/\/miumjau.ee\/\",\"name\":\"MiuMjau\",\"description\":\"Kraapimispuud kassidele\",\"publisher\":{\"@id\":\"https:\/\/miumjau.ee\/#organization\"},\"potentialAction\":[{\"@type\":\"SearchAction\",\"target\":{\"@type\":\"EntryPoint\",\"urlTemplate\":\"https:\/\/miumjau.ee\/?s={search_term_string}\"},\"query-input\":{\"@type\":\"PropertyValueSpecification\",\"valueRequired\":true,\"valueName\":\"search_term_string\"}}],\"inLanguage\":\"lt-LT\"},{\"@type\":\"Organization\",\"@id\":\"https:\/\/miumjau.ee\/#organization\",\"name\":\"MiuMjau O\u00dc\",\"url\":\"https:\/\/miumjau.ee\/\",\"logo\":{\"@type\":\"ImageObject\",\"inLanguage\":\"lt-LT\",\"@id\":\"https:\/\/miumjau.ee\/#\/schema\/logo\/image\/\",\"url\":\"https:\/\/miumjau.ee\/wp-content\/uploads\/2022\/04\/MiuMjau-logo-kollane.png\",\"contentUrl\":\"https:\/\/miumjau.ee\/wp-content\/uploads\/2022\/04\/MiuMjau-logo-kollane.png\",\"width\":219,\"height\":100,\"caption\":\"MiuMjau O\u00dc\"},\"image\":{\"@id\":\"https:\/\/miumjau.ee\/#\/schema\/logo\/image\/\"},\"sameAs\":[\"https:\/\/www.facebook.com\/miumjaupood\/\"]}]}<\/script>\n<!-- \/ Yoast SEO plugin. -->","yoast_head_json":{"title":"Brit Care Dog Hypoallergenic Dog Show Champion 3 kg - MiuMjau","robots":{"index":"index","follow":"follow","max-snippet":"max-snippet:-1","max-image-preview":"max-image-preview:large","max-video-preview":"max-video-preview:-1"},"canonical":"https:\/\/miumjau.ee\/lt\/produktas\/brit-care-dog-hypoallergenic-dog-show-champion-3-kg\/","og_locale":"lt_LT","og_type":"article","og_title":"Brit Care Dog Hypoallergenic Dog Show Champion 3 kg - MiuMjau","og_description":"Hipoalerginis pilnavertis pa\u0161aras su la\u0161i\u0161a ir silk\u0117 suaugusiems \u0161unims \u2013 idealus parod\u0173 \u0161un\u0173 formai palaikyti. Superpremium klas\u0117s hipoalerginis \u0161un\u0173 maistas su vienu gyv\u016bnin\u0117s kilm\u0117s baltym\u0173 \u0161altiniu, specialiai sukurtas parod\u0173 \u0161unims palaikyti geriausi\u0105 form\u0105. Omega-3 riebal\u0173 r\u016bg\u0161tys, tokios kaip ALA, EPA ir DHA, padeda palaikyti odos dr\u0117gm\u0119 ir suteikia kailiui sveik\u0105, blizgan\u010di\u0105 i\u0161vaizd\u0105. L-triptofanas palaiko ram\u0173 nusiteikim\u0105 stresin\u0117se situacijose. Pa\u0161aras praturtintas probiotikais vir\u0161kinimo ir imunin\u0117s sistemos palaikymui bei margainio s\u0117klomis kepen\u0173 funkcijai ir toksin\u0173 \u0161alinimui. Sud\u0117tis: La\u0161i\u0161a (36%) (d\u017eiovinta la\u0161i\u0161a, hidrolizuota la\u0161i\u0161a), ry\u017eiai (26%), d\u017eiovinta silk\u0117 (14%), vi\u0161tienos riebalai, lin\u0173 s\u0117klos (4%), d\u017eiovinti obuoli\u0173 mink\u0161timas, la\u0161i\u0161\u0173 aliejus (3%), nat\u016bral\u016bs aromatai, alaus miel\u0117s, d\u017eiovintos dumbliai (0,5%, Schizochytrium limacinum), \u017eirni\u0173 miltai, gliukozaminas (300 mg\/kg), fruktooligosacharidai (230 mg\/kg), chondroitino sulfatas (230 mg\/kg), mananoligosacharidai (180 mg\/kg), Mojave jukos (180 mg\/kg), margainio s\u0117klos (110 mg\/kg), \u03b2-gliukanai (60 mg\/kg), d\u017eiovinta sukat\u017eol\u0117 (60 mg\/kg), d\u017eiovinti \u0161altalankiai (60 mg\/kg), inaktyvuotas probiotikas Lactobacillus helveticus HA\u2013122 (15\u00d710\u2079 l\u0105steli\u0173\/kg). Analitin\u0117 sud\u0117tis: \u017dali baltymai 26,0%, \u017eali riebalai 16,0%, dr\u0117gm\u0117 10,0%, \u017eali pelenai 5,8%, \u017eali skaidulos 3,0%, kalcis 1,1%, fosforas 0,9%, natris 0,4%, omega-3 riebal\u0173 r\u016bg\u0161tys 2,1%, omega-6 riebal\u0173 r\u016bg\u0161tys 2,2%, EPA 0,1%, DHA 0,25%. Maistiniai priedai (1 kg): Vitaminas A 23 000 TV, vitaminas D\u2083 1 700 TV, vitaminas E 550 mg, vitaminas C 350 mg, taurinas 1 500 mg, cholino chloridas 1 800 mg, L-karnitinas 300 mg, vitaminai B1, B2, B6, B12, biotinas, folio r\u016bg\u0161tis, pantoteno r\u016bg\u0161tis, niacinamidas.Mineralai: jodas 0,9 mg, organinis cinkas 100 mg, manganas 45 mg, varis 20 mg, gele\u017eis 88 mg, selenas 0,18 mg. Sud\u0117tyje yra ES leid\u017eiami antioksidantai: tokoferoli\u0173 ekstraktai i\u0161 augalini\u0173 aliej\u0173, askorbilpalmitatas ir rozmarino ekstraktas. Metabolizuojama energija: 3 830 kcal\/kg","og_url":"https:\/\/miumjau.ee\/lt\/produktas\/brit-care-dog-hypoallergenic-dog-show-champion-3-kg\/","og_site_name":"MiuMjau","article_publisher":"https:\/\/www.facebook.com\/miumjaupood\/","article_modified_time":"2026-01-07T18:40:11+00:00","og_image":[{"width":600,"height":800,"url":"https:\/\/miumjau.ee\/wp-content\/uploads\/2025\/04\/brit-care-dog-show-champion-Photoroom.webp","type":"image\/webp"}],"twitter_card":"summary_large_image","schema":{"@context":"https:\/\/schema.org","@graph":[{"@type":"WebPage","@id":"https:\/\/miumjau.ee\/lt\/produktas\/brit-care-dog-hypoallergenic-dog-show-champion-3-kg\/","url":"https:\/\/miumjau.ee\/lt\/produktas\/brit-care-dog-hypoallergenic-dog-show-champion-3-kg\/","name":"Brit Care Dog Hypoallergenic Dog Show Champion 3 kg - MiuMjau","isPartOf":{"@id":"https:\/\/miumjau.ee\/#website"},"primaryImageOfPage":{"@id":"https:\/\/miumjau.ee\/lt\/produktas\/brit-care-dog-hypoallergenic-dog-show-champion-3-kg\/#primaryimage"},"image":{"@id":"https:\/\/miumjau.ee\/lt\/produktas\/brit-care-dog-hypoallergenic-dog-show-champion-3-kg\/#primaryimage"},"thumbnailUrl":"https:\/\/miumjau.ee\/wp-content\/uploads\/2025\/04\/brit-care-dog-show-champion-Photoroom.webp","datePublished":"2025-04-07T07:03:09+00:00","dateModified":"2026-01-07T18:40:11+00:00","breadcrumb":{"@id":"https:\/\/miumjau.ee\/lt\/produktas\/brit-care-dog-hypoallergenic-dog-show-champion-3-kg\/#breadcrumb"},"inLanguage":"lt-LT","potentialAction":[{"@type":"ReadAction","target":["https:\/\/miumjau.ee\/lt\/produktas\/brit-care-dog-hypoallergenic-dog-show-champion-3-kg\/"]}]},{"@type":"ImageObject","inLanguage":"lt-LT","@id":"https:\/\/miumjau.ee\/lt\/produktas\/brit-care-dog-hypoallergenic-dog-show-champion-3-kg\/#primaryimage","url":"https:\/\/miumjau.ee\/wp-content\/uploads\/2025\/04\/brit-care-dog-show-champion-Photoroom.webp","contentUrl":"https:\/\/miumjau.ee\/wp-content\/uploads\/2025\/04\/brit-care-dog-show-champion-Photoroom.webp","width":600,"height":800},{"@type":"BreadcrumbList","@id":"https:\/\/miumjau.ee\/lt\/produktas\/brit-care-dog-hypoallergenic-dog-show-champion-3-kg\/#breadcrumb","itemListElement":[{"@type":"ListItem","position":1,"name":"Home","item":"https:\/\/miumjau.ee\/lt\/"},{"@type":"ListItem","position":2,"name":"Parduotuv\u0117","item":"https:\/\/miumjau.ee\/lt\/parduotuve\/"},{"@type":"ListItem","position":3,"name":"Brit Care Dog Hypoallergenic Dog Show Champion 3 kg"}]},{"@type":"WebSite","@id":"https:\/\/miumjau.ee\/#website","url":"https:\/\/miumjau.ee\/","name":"MiuMjau","description":"Kraapimispuud kassidele","publisher":{"@id":"https:\/\/miumjau.ee\/#organization"},"potentialAction":[{"@type":"SearchAction","target":{"@type":"EntryPoint","urlTemplate":"https:\/\/miumjau.ee\/?s={search_term_string}"},"query-input":{"@type":"PropertyValueSpecification","valueRequired":true,"valueName":"search_term_string"}}],"inLanguage":"lt-LT"},{"@type":"Organization","@id":"https:\/\/miumjau.ee\/#organization","name":"MiuMjau O\u00dc","url":"https:\/\/miumjau.ee\/","logo":{"@type":"ImageObject","inLanguage":"lt-LT","@id":"https:\/\/miumjau.ee\/#\/schema\/logo\/image\/","url":"https:\/\/miumjau.ee\/wp-content\/uploads\/2022\/04\/MiuMjau-logo-kollane.png","contentUrl":"https:\/\/miumjau.ee\/wp-content\/uploads\/2022\/04\/MiuMjau-logo-kollane.png","width":219,"height":100,"caption":"MiuMjau O\u00dc"},"image":{"@id":"https:\/\/miumjau.ee\/#\/schema\/logo\/image\/"},"sameAs":["https:\/\/www.facebook.com\/miumjaupood\/"]}]}},"_links":{"self":[{"href":"https:\/\/miumjau.ee\/lt\/wp-json\/wp\/v2\/product\/51628","targetHints":{"allow":["GET"]}}],"collection":[{"href":"https:\/\/miumjau.ee\/lt\/wp-json\/wp\/v2\/product"}],"about":[{"href":"https:\/\/miumjau.ee\/lt\/wp-json\/wp\/v2\/types\/product"}],"wp:featuredmedia":[{"embeddable":true,"href":"https:\/\/miumjau.ee\/lt\/wp-json\/wp\/v2\/media\/51629"}],"wp:attachment":[{"href":"https:\/\/miumjau.ee\/lt\/wp-json\/wp\/v2\/media?parent=51628"}],"wp:term":[{"taxonomy":"product_brand","embeddable":true,"href":"https:\/\/miumjau.ee\/lt\/wp-json\/wp\/v2\/product_brand?post=51628"},{"taxonomy":"product_cat","embeddable":true,"href":"https:\/\/miumjau.ee\/lt\/wp-json\/wp\/v2\/product_cat?post=51628"},{"taxonomy":"product_tag","embeddable":true,"href":"https:\/\/miumjau.ee\/lt\/wp-json\/wp\/v2\/product_tag?post=51628"}],"curies":[{"name":"wp","href":"https:\/\/api.w.org\/{rel}","templated":true}]}}