{"id":51610,"date":"2025-04-07T10:17:45","date_gmt":"2025-04-07T07:17:45","guid":{"rendered":"https:\/\/miumjau.ee\/toode\/brit-care-dog-hypoallergenic-puppy-suniuku-maistas-3-kg-2\/"},"modified":"2026-01-07T20:40:11","modified_gmt":"2026-01-07T18:40:11","slug":"brit-care-dog-hypoallergenic-puppy-suniuku-maistas-3-kg-2","status":"publish","type":"product","link":"https:\/\/miumjau.ee\/lt\/produktas\/brit-care-dog-hypoallergenic-puppy-suniuku-maistas-3-kg-2\/","title":{"rendered":"Brit Care Dog Hypoallergenic Puppy \u0161uniuk\u0173 maistas 3 kg"},"content":{"rendered":"","protected":false},"excerpt":{"rendered":"<p data-start=\"6334\" data-end=\"7005\">Hipoalerginis visavertis pa\u0161aras su \u0117riena ir ry\u017eiais \u0161uniukams ir jauniems \u0161unims (4 savait\u0117s\u201312 m\u0117nesi\u0173) vis\u0173 veisli\u0173.<br data-start=\"6454\" data-end=\"6457\" \/>Superpremium klas\u0117s hipoalerginis pa\u0161aras su vienu gyv\u016bnin\u0117s kilm\u0117s baltym\u0173 \u0161altiniu, sukurtas alergini\u0173 reakcij\u0173 prevencijai. Idealiai tinka vis\u0173 veisli\u0173 \u0161uniukams. Atrinkti baltym\u0173 \u0161altiniai yra nealergizuojantys, tod\u0117l suma\u017einama alergini\u0173 reakcij\u0173 tikimyb\u0117. Ypa\u010d tinka \u0161unims, turintiems jautri\u0105 vir\u0161kinimo sistem\u0105, speciali\u0173 mitybos poreiki\u0173 arba linkusiems \u012f maisto alergijas. Receptas praturtintas postbiotikais subalansuotai \u017earnyno mikroflorai palaikyti ir margainiu kepen\u0173 funkcijai palaikyti bei organizmui valyti nuo kenksming\u0173 toksin\u0173.<\/p>\n<p data-start=\"7007\" data-end=\"7616\"><strong data-start=\"7007\" data-end=\"7019\">Sud\u0117tis:<\/strong> D\u017eiovinta \u0117riena (46%), ry\u017eiai (30%), vi\u0161tienos riebalai, la\u0161i\u0161\u0173 aliejus (3%), alaus miel\u0117s, nat\u016bralios kvapiosios med\u017eiagos, d\u017eiovinta obuoli\u0173 mink\u0161timas, hidrolizuotos miel\u0117s (0,5% \u2013 inozitolio ir aminor\u016bg\u0161\u010di\u0173 \u0161altinis), \u017eirni\u0173 miltai, gliukozaminas (300 mg\/kg), fruktooligosacharidai (230 mg\/kg), chondroitino sulfatas (230 mg\/kg), mananoligosacharidai (180 mg\/kg), Mojave jukos (180 mg\/kg), margainio s\u0117klos (110 mg\/kg), \u03b2-gliukanai (60 mg\/kg), d\u017eiovinta sukat\u017eol\u0117 (60 mg\/kg), d\u017eiovinti \u0161altalankiai (60 mg\/kg), inaktyvuotas probiotikas <em data-start=\"7561\" data-end=\"7587\">Lactobacillus helveticus<\/em> HA\u2013122 (15\u00d710\u2079 l\u0105steli\u0173\/kg).<\/p>\n<p data-start=\"7618\" data-end=\"7858\"><strong data-start=\"7618\" data-end=\"7640\">Analitin\u0117 sud\u0117tis:<\/strong> \u017dali baltymai 32,0%, \u017eali riebalai 18,0%, dr\u0117gm\u0117 10,0%, \u017eali pelenai 7,7%, \u017eali skaidulos 1,5%, kalcis 1,4%, fosforas 1,1%, natris 0,4%, omega-3 riebal\u0173 r\u016bg\u0161tys 0,8%, omega-6 riebal\u0173 r\u016bg\u0161tys 2,2%, EPA 0,05%, DHA 0,1%.<\/p>\n<p data-start=\"7860\" data-end=\"8359\"><strong data-start=\"7860\" data-end=\"7890\">Maistiniai priedai (1 kg):<\/strong> Vitaminas A 23 000 TV, vitaminas D\u2083 1 700 TV, vitaminas E 550 mg, vitaminas C 350 mg, taurinas 1 500 mg, cholino chloridas 1 800 mg, L-karnitinas 300 mg, vitaminai B1, B2, B6, B12, biotinas, folio r\u016bg\u0161tis, pantoteno r\u016bg\u0161tis, niacinamidas. Mineralai: jodas 0,9 mg, cinkas 100 mg, manganas 45 mg, varis 20 mg, gele\u017eis 88 mg. Sud\u0117tyje yra ES leid\u017eiam\u0173 antioksidant\u0173: tokoferoli\u0173 ekstraktai i\u0161 augalini\u0173 aliej\u0173 (1b306(i)), askorbilpalmitatas (1b304), rozmarino ekstraktas.<\/p>\n<p data-start=\"8361\" data-end=\"8404\"><strong data-start=\"8361\" data-end=\"8390\">Metabolizuojama energija:<\/strong> 3 980 kcal\/kg<\/p>\n","protected":false},"featured_media":51604,"template":"","meta":[],"product_brand":[],"product_cat":[538],"product_tag":[],"class_list":{"0":"post-51610","1":"product","2":"type-product","3":"status-publish","4":"has-post-thumbnail","6":"product_cat-sausas-maistas-sunims","8":"first","9":"instock","10":"sale","11":"taxable","12":"shipping-taxable","13":"purchasable","14":"product-type-simple"},"yoast_head":"<!-- This site is optimized with the Yoast SEO plugin v27.2 - https:\/\/yoast.com\/product\/yoast-seo-wordpress\/ -->\n<title>Brit Care Dog Hypoallergenic Puppy \u0161uniuk\u0173 maistas 3 kg - MiuMjau<\/title>\n<meta name=\"robots\" content=\"index, follow, max-snippet:-1, max-image-preview:large, max-video-preview:-1\" \/>\n<link rel=\"canonical\" href=\"https:\/\/miumjau.ee\/lt\/produktas\/brit-care-dog-hypoallergenic-puppy-suniuku-maistas-3-kg-2\/\" \/>\n<meta property=\"og:locale\" content=\"lt_LT\" \/>\n<meta property=\"og:type\" content=\"article\" \/>\n<meta property=\"og:title\" content=\"Brit Care Dog Hypoallergenic Puppy \u0161uniuk\u0173 maistas 3 kg - MiuMjau\" \/>\n<meta property=\"og:description\" content=\"Hipoalerginis visavertis pa\u0161aras su \u0117riena ir ry\u017eiais \u0161uniukams ir jauniems \u0161unims (4 savait\u0117s\u201312 m\u0117nesi\u0173) vis\u0173 veisli\u0173.Superpremium klas\u0117s hipoalerginis pa\u0161aras su vienu gyv\u016bnin\u0117s kilm\u0117s baltym\u0173 \u0161altiniu, sukurtas alergini\u0173 reakcij\u0173 prevencijai. Idealiai tinka vis\u0173 veisli\u0173 \u0161uniukams. Atrinkti baltym\u0173 \u0161altiniai yra nealergizuojantys, tod\u0117l suma\u017einama alergini\u0173 reakcij\u0173 tikimyb\u0117. Ypa\u010d tinka \u0161unims, turintiems jautri\u0105 vir\u0161kinimo sistem\u0105, speciali\u0173 mitybos poreiki\u0173 arba linkusiems \u012f maisto alergijas. Receptas praturtintas postbiotikais subalansuotai \u017earnyno mikroflorai palaikyti ir margainiu kepen\u0173 funkcijai palaikyti bei organizmui valyti nuo kenksming\u0173 toksin\u0173. Sud\u0117tis: D\u017eiovinta \u0117riena (46%), ry\u017eiai (30%), vi\u0161tienos riebalai, la\u0161i\u0161\u0173 aliejus (3%), alaus miel\u0117s, nat\u016bralios kvapiosios med\u017eiagos, d\u017eiovinta obuoli\u0173 mink\u0161timas, hidrolizuotos miel\u0117s (0,5% \u2013 inozitolio ir aminor\u016bg\u0161\u010di\u0173 \u0161altinis), \u017eirni\u0173 miltai, gliukozaminas (300 mg\/kg), fruktooligosacharidai (230 mg\/kg), chondroitino sulfatas (230 mg\/kg), mananoligosacharidai (180 mg\/kg), Mojave jukos (180 mg\/kg), margainio s\u0117klos (110 mg\/kg), \u03b2-gliukanai (60 mg\/kg), d\u017eiovinta sukat\u017eol\u0117 (60 mg\/kg), d\u017eiovinti \u0161altalankiai (60 mg\/kg), inaktyvuotas probiotikas Lactobacillus helveticus HA\u2013122 (15\u00d710\u2079 l\u0105steli\u0173\/kg). Analitin\u0117 sud\u0117tis: \u017dali baltymai 32,0%, \u017eali riebalai 18,0%, dr\u0117gm\u0117 10,0%, \u017eali pelenai 7,7%, \u017eali skaidulos 1,5%, kalcis 1,4%, fosforas 1,1%, natris 0,4%, omega-3 riebal\u0173 r\u016bg\u0161tys 0,8%, omega-6 riebal\u0173 r\u016bg\u0161tys 2,2%, EPA 0,05%, DHA 0,1%. Maistiniai priedai (1 kg): Vitaminas A 23 000 TV, vitaminas D\u2083 1 700 TV, vitaminas E 550 mg, vitaminas C 350 mg, taurinas 1 500 mg, cholino chloridas 1 800 mg, L-karnitinas 300 mg, vitaminai B1, B2, B6, B12, biotinas, folio r\u016bg\u0161tis, pantoteno r\u016bg\u0161tis, niacinamidas. Mineralai: jodas 0,9 mg, cinkas 100 mg, manganas 45 mg, varis 20 mg, gele\u017eis 88 mg. Sud\u0117tyje yra ES leid\u017eiam\u0173 antioksidant\u0173: tokoferoli\u0173 ekstraktai i\u0161 augalini\u0173 aliej\u0173 (1b306(i)), askorbilpalmitatas (1b304), rozmarino ekstraktas. Metabolizuojama energija: 3 980 kcal\/kg\" \/>\n<meta property=\"og:url\" content=\"https:\/\/miumjau.ee\/lt\/produktas\/brit-care-dog-hypoallergenic-puppy-suniuku-maistas-3-kg-2\/\" \/>\n<meta property=\"og:site_name\" content=\"MiuMjau\" \/>\n<meta property=\"article:publisher\" content=\"https:\/\/www.facebook.com\/miumjaupood\/\" \/>\n<meta property=\"article:modified_time\" content=\"2026-01-07T18:40:11+00:00\" \/>\n<meta property=\"og:image\" content=\"https:\/\/miumjau.ee\/wp-content\/uploads\/2025\/04\/brit-care-hypoallergenicpuppy-kuivtoit.jpg\" \/>\n\t<meta property=\"og:image:width\" content=\"600\" \/>\n\t<meta property=\"og:image:height\" content=\"800\" \/>\n\t<meta property=\"og:image:type\" content=\"image\/jpeg\" \/>\n<meta name=\"twitter:card\" content=\"summary_large_image\" \/>\n<script type=\"application\/ld+json\" class=\"yoast-schema-graph\">{\"@context\":\"https:\/\/schema.org\",\"@graph\":[{\"@type\":\"WebPage\",\"@id\":\"https:\/\/miumjau.ee\/lt\/produktas\/brit-care-dog-hypoallergenic-puppy-suniuku-maistas-3-kg-2\/\",\"url\":\"https:\/\/miumjau.ee\/lt\/produktas\/brit-care-dog-hypoallergenic-puppy-suniuku-maistas-3-kg-2\/\",\"name\":\"Brit Care Dog Hypoallergenic Puppy \u0161uniuk\u0173 maistas 3 kg - MiuMjau\",\"isPartOf\":{\"@id\":\"https:\/\/miumjau.ee\/#website\"},\"primaryImageOfPage\":{\"@id\":\"https:\/\/miumjau.ee\/lt\/produktas\/brit-care-dog-hypoallergenic-puppy-suniuku-maistas-3-kg-2\/#primaryimage\"},\"image\":{\"@id\":\"https:\/\/miumjau.ee\/lt\/produktas\/brit-care-dog-hypoallergenic-puppy-suniuku-maistas-3-kg-2\/#primaryimage\"},\"thumbnailUrl\":\"https:\/\/miumjau.ee\/wp-content\/uploads\/2025\/04\/brit-care-hypoallergenicpuppy-kuivtoit.jpg\",\"datePublished\":\"2025-04-07T07:17:45+00:00\",\"dateModified\":\"2026-01-07T18:40:11+00:00\",\"breadcrumb\":{\"@id\":\"https:\/\/miumjau.ee\/lt\/produktas\/brit-care-dog-hypoallergenic-puppy-suniuku-maistas-3-kg-2\/#breadcrumb\"},\"inLanguage\":\"lt-LT\",\"potentialAction\":[{\"@type\":\"ReadAction\",\"target\":[\"https:\/\/miumjau.ee\/lt\/produktas\/brit-care-dog-hypoallergenic-puppy-suniuku-maistas-3-kg-2\/\"]}]},{\"@type\":\"ImageObject\",\"inLanguage\":\"lt-LT\",\"@id\":\"https:\/\/miumjau.ee\/lt\/produktas\/brit-care-dog-hypoallergenic-puppy-suniuku-maistas-3-kg-2\/#primaryimage\",\"url\":\"https:\/\/miumjau.ee\/wp-content\/uploads\/2025\/04\/brit-care-hypoallergenicpuppy-kuivtoit.jpg\",\"contentUrl\":\"https:\/\/miumjau.ee\/wp-content\/uploads\/2025\/04\/brit-care-hypoallergenicpuppy-kuivtoit.jpg\",\"width\":600,\"height\":800},{\"@type\":\"BreadcrumbList\",\"@id\":\"https:\/\/miumjau.ee\/lt\/produktas\/brit-care-dog-hypoallergenic-puppy-suniuku-maistas-3-kg-2\/#breadcrumb\",\"itemListElement\":[{\"@type\":\"ListItem\",\"position\":1,\"name\":\"Home\",\"item\":\"https:\/\/miumjau.ee\/lt\/\"},{\"@type\":\"ListItem\",\"position\":2,\"name\":\"Parduotuv\u0117\",\"item\":\"https:\/\/miumjau.ee\/lt\/parduotuve\/\"},{\"@type\":\"ListItem\",\"position\":3,\"name\":\"Brit Care Dog Hypoallergenic Puppy \u0161uniuk\u0173 maistas 3 kg\"}]},{\"@type\":\"WebSite\",\"@id\":\"https:\/\/miumjau.ee\/#website\",\"url\":\"https:\/\/miumjau.ee\/\",\"name\":\"MiuMjau\",\"description\":\"Kraapimispuud kassidele\",\"publisher\":{\"@id\":\"https:\/\/miumjau.ee\/#organization\"},\"potentialAction\":[{\"@type\":\"SearchAction\",\"target\":{\"@type\":\"EntryPoint\",\"urlTemplate\":\"https:\/\/miumjau.ee\/?s={search_term_string}\"},\"query-input\":{\"@type\":\"PropertyValueSpecification\",\"valueRequired\":true,\"valueName\":\"search_term_string\"}}],\"inLanguage\":\"lt-LT\"},{\"@type\":\"Organization\",\"@id\":\"https:\/\/miumjau.ee\/#organization\",\"name\":\"MiuMjau O\u00dc\",\"url\":\"https:\/\/miumjau.ee\/\",\"logo\":{\"@type\":\"ImageObject\",\"inLanguage\":\"lt-LT\",\"@id\":\"https:\/\/miumjau.ee\/#\/schema\/logo\/image\/\",\"url\":\"https:\/\/miumjau.ee\/wp-content\/uploads\/2022\/04\/MiuMjau-logo-kollane.png\",\"contentUrl\":\"https:\/\/miumjau.ee\/wp-content\/uploads\/2022\/04\/MiuMjau-logo-kollane.png\",\"width\":219,\"height\":100,\"caption\":\"MiuMjau O\u00dc\"},\"image\":{\"@id\":\"https:\/\/miumjau.ee\/#\/schema\/logo\/image\/\"},\"sameAs\":[\"https:\/\/www.facebook.com\/miumjaupood\/\"]}]}<\/script>\n<!-- \/ Yoast SEO plugin. -->","yoast_head_json":{"title":"Brit Care Dog Hypoallergenic Puppy \u0161uniuk\u0173 maistas 3 kg - MiuMjau","robots":{"index":"index","follow":"follow","max-snippet":"max-snippet:-1","max-image-preview":"max-image-preview:large","max-video-preview":"max-video-preview:-1"},"canonical":"https:\/\/miumjau.ee\/lt\/produktas\/brit-care-dog-hypoallergenic-puppy-suniuku-maistas-3-kg-2\/","og_locale":"lt_LT","og_type":"article","og_title":"Brit Care Dog Hypoallergenic Puppy \u0161uniuk\u0173 maistas 3 kg - MiuMjau","og_description":"Hipoalerginis visavertis pa\u0161aras su \u0117riena ir ry\u017eiais \u0161uniukams ir jauniems \u0161unims (4 savait\u0117s\u201312 m\u0117nesi\u0173) vis\u0173 veisli\u0173.Superpremium klas\u0117s hipoalerginis pa\u0161aras su vienu gyv\u016bnin\u0117s kilm\u0117s baltym\u0173 \u0161altiniu, sukurtas alergini\u0173 reakcij\u0173 prevencijai. Idealiai tinka vis\u0173 veisli\u0173 \u0161uniukams. Atrinkti baltym\u0173 \u0161altiniai yra nealergizuojantys, tod\u0117l suma\u017einama alergini\u0173 reakcij\u0173 tikimyb\u0117. Ypa\u010d tinka \u0161unims, turintiems jautri\u0105 vir\u0161kinimo sistem\u0105, speciali\u0173 mitybos poreiki\u0173 arba linkusiems \u012f maisto alergijas. Receptas praturtintas postbiotikais subalansuotai \u017earnyno mikroflorai palaikyti ir margainiu kepen\u0173 funkcijai palaikyti bei organizmui valyti nuo kenksming\u0173 toksin\u0173. Sud\u0117tis: D\u017eiovinta \u0117riena (46%), ry\u017eiai (30%), vi\u0161tienos riebalai, la\u0161i\u0161\u0173 aliejus (3%), alaus miel\u0117s, nat\u016bralios kvapiosios med\u017eiagos, d\u017eiovinta obuoli\u0173 mink\u0161timas, hidrolizuotos miel\u0117s (0,5% \u2013 inozitolio ir aminor\u016bg\u0161\u010di\u0173 \u0161altinis), \u017eirni\u0173 miltai, gliukozaminas (300 mg\/kg), fruktooligosacharidai (230 mg\/kg), chondroitino sulfatas (230 mg\/kg), mananoligosacharidai (180 mg\/kg), Mojave jukos (180 mg\/kg), margainio s\u0117klos (110 mg\/kg), \u03b2-gliukanai (60 mg\/kg), d\u017eiovinta sukat\u017eol\u0117 (60 mg\/kg), d\u017eiovinti \u0161altalankiai (60 mg\/kg), inaktyvuotas probiotikas Lactobacillus helveticus HA\u2013122 (15\u00d710\u2079 l\u0105steli\u0173\/kg). Analitin\u0117 sud\u0117tis: \u017dali baltymai 32,0%, \u017eali riebalai 18,0%, dr\u0117gm\u0117 10,0%, \u017eali pelenai 7,7%, \u017eali skaidulos 1,5%, kalcis 1,4%, fosforas 1,1%, natris 0,4%, omega-3 riebal\u0173 r\u016bg\u0161tys 0,8%, omega-6 riebal\u0173 r\u016bg\u0161tys 2,2%, EPA 0,05%, DHA 0,1%. Maistiniai priedai (1 kg): Vitaminas A 23 000 TV, vitaminas D\u2083 1 700 TV, vitaminas E 550 mg, vitaminas C 350 mg, taurinas 1 500 mg, cholino chloridas 1 800 mg, L-karnitinas 300 mg, vitaminai B1, B2, B6, B12, biotinas, folio r\u016bg\u0161tis, pantoteno r\u016bg\u0161tis, niacinamidas. Mineralai: jodas 0,9 mg, cinkas 100 mg, manganas 45 mg, varis 20 mg, gele\u017eis 88 mg. Sud\u0117tyje yra ES leid\u017eiam\u0173 antioksidant\u0173: tokoferoli\u0173 ekstraktai i\u0161 augalini\u0173 aliej\u0173 (1b306(i)), askorbilpalmitatas (1b304), rozmarino ekstraktas. Metabolizuojama energija: 3 980 kcal\/kg","og_url":"https:\/\/miumjau.ee\/lt\/produktas\/brit-care-dog-hypoallergenic-puppy-suniuku-maistas-3-kg-2\/","og_site_name":"MiuMjau","article_publisher":"https:\/\/www.facebook.com\/miumjaupood\/","article_modified_time":"2026-01-07T18:40:11+00:00","og_image":[{"width":600,"height":800,"url":"https:\/\/miumjau.ee\/wp-content\/uploads\/2025\/04\/brit-care-hypoallergenicpuppy-kuivtoit.jpg","type":"image\/jpeg"}],"twitter_card":"summary_large_image","schema":{"@context":"https:\/\/schema.org","@graph":[{"@type":"WebPage","@id":"https:\/\/miumjau.ee\/lt\/produktas\/brit-care-dog-hypoallergenic-puppy-suniuku-maistas-3-kg-2\/","url":"https:\/\/miumjau.ee\/lt\/produktas\/brit-care-dog-hypoallergenic-puppy-suniuku-maistas-3-kg-2\/","name":"Brit Care Dog Hypoallergenic Puppy \u0161uniuk\u0173 maistas 3 kg - MiuMjau","isPartOf":{"@id":"https:\/\/miumjau.ee\/#website"},"primaryImageOfPage":{"@id":"https:\/\/miumjau.ee\/lt\/produktas\/brit-care-dog-hypoallergenic-puppy-suniuku-maistas-3-kg-2\/#primaryimage"},"image":{"@id":"https:\/\/miumjau.ee\/lt\/produktas\/brit-care-dog-hypoallergenic-puppy-suniuku-maistas-3-kg-2\/#primaryimage"},"thumbnailUrl":"https:\/\/miumjau.ee\/wp-content\/uploads\/2025\/04\/brit-care-hypoallergenicpuppy-kuivtoit.jpg","datePublished":"2025-04-07T07:17:45+00:00","dateModified":"2026-01-07T18:40:11+00:00","breadcrumb":{"@id":"https:\/\/miumjau.ee\/lt\/produktas\/brit-care-dog-hypoallergenic-puppy-suniuku-maistas-3-kg-2\/#breadcrumb"},"inLanguage":"lt-LT","potentialAction":[{"@type":"ReadAction","target":["https:\/\/miumjau.ee\/lt\/produktas\/brit-care-dog-hypoallergenic-puppy-suniuku-maistas-3-kg-2\/"]}]},{"@type":"ImageObject","inLanguage":"lt-LT","@id":"https:\/\/miumjau.ee\/lt\/produktas\/brit-care-dog-hypoallergenic-puppy-suniuku-maistas-3-kg-2\/#primaryimage","url":"https:\/\/miumjau.ee\/wp-content\/uploads\/2025\/04\/brit-care-hypoallergenicpuppy-kuivtoit.jpg","contentUrl":"https:\/\/miumjau.ee\/wp-content\/uploads\/2025\/04\/brit-care-hypoallergenicpuppy-kuivtoit.jpg","width":600,"height":800},{"@type":"BreadcrumbList","@id":"https:\/\/miumjau.ee\/lt\/produktas\/brit-care-dog-hypoallergenic-puppy-suniuku-maistas-3-kg-2\/#breadcrumb","itemListElement":[{"@type":"ListItem","position":1,"name":"Home","item":"https:\/\/miumjau.ee\/lt\/"},{"@type":"ListItem","position":2,"name":"Parduotuv\u0117","item":"https:\/\/miumjau.ee\/lt\/parduotuve\/"},{"@type":"ListItem","position":3,"name":"Brit Care Dog Hypoallergenic Puppy \u0161uniuk\u0173 maistas 3 kg"}]},{"@type":"WebSite","@id":"https:\/\/miumjau.ee\/#website","url":"https:\/\/miumjau.ee\/","name":"MiuMjau","description":"Kraapimispuud kassidele","publisher":{"@id":"https:\/\/miumjau.ee\/#organization"},"potentialAction":[{"@type":"SearchAction","target":{"@type":"EntryPoint","urlTemplate":"https:\/\/miumjau.ee\/?s={search_term_string}"},"query-input":{"@type":"PropertyValueSpecification","valueRequired":true,"valueName":"search_term_string"}}],"inLanguage":"lt-LT"},{"@type":"Organization","@id":"https:\/\/miumjau.ee\/#organization","name":"MiuMjau O\u00dc","url":"https:\/\/miumjau.ee\/","logo":{"@type":"ImageObject","inLanguage":"lt-LT","@id":"https:\/\/miumjau.ee\/#\/schema\/logo\/image\/","url":"https:\/\/miumjau.ee\/wp-content\/uploads\/2022\/04\/MiuMjau-logo-kollane.png","contentUrl":"https:\/\/miumjau.ee\/wp-content\/uploads\/2022\/04\/MiuMjau-logo-kollane.png","width":219,"height":100,"caption":"MiuMjau O\u00dc"},"image":{"@id":"https:\/\/miumjau.ee\/#\/schema\/logo\/image\/"},"sameAs":["https:\/\/www.facebook.com\/miumjaupood\/"]}]}},"_links":{"self":[{"href":"https:\/\/miumjau.ee\/lt\/wp-json\/wp\/v2\/product\/51610","targetHints":{"allow":["GET"]}}],"collection":[{"href":"https:\/\/miumjau.ee\/lt\/wp-json\/wp\/v2\/product"}],"about":[{"href":"https:\/\/miumjau.ee\/lt\/wp-json\/wp\/v2\/types\/product"}],"wp:featuredmedia":[{"embeddable":true,"href":"https:\/\/miumjau.ee\/lt\/wp-json\/wp\/v2\/media\/51604"}],"wp:attachment":[{"href":"https:\/\/miumjau.ee\/lt\/wp-json\/wp\/v2\/media?parent=51610"}],"wp:term":[{"taxonomy":"product_brand","embeddable":true,"href":"https:\/\/miumjau.ee\/lt\/wp-json\/wp\/v2\/product_brand?post=51610"},{"taxonomy":"product_cat","embeddable":true,"href":"https:\/\/miumjau.ee\/lt\/wp-json\/wp\/v2\/product_cat?post=51610"},{"taxonomy":"product_tag","embeddable":true,"href":"https:\/\/miumjau.ee\/lt\/wp-json\/wp\/v2\/product_tag?post=51610"}],"curies":[{"name":"wp","href":"https:\/\/api.w.org\/{rel}","templated":true}]}}