{"id":51584,"date":"2025-04-07T10:43:55","date_gmt":"2025-04-07T07:43:55","guid":{"rendered":"https:\/\/miumjau.ee\/toode\/brit-care-dog-grain-free-puppy-su-lasisa-12-kg\/"},"modified":"2026-01-07T20:40:18","modified_gmt":"2026-01-07T18:40:18","slug":"brit-care-dog-grain-free-puppy-su-lasisa-12-kg","status":"publish","type":"product","link":"https:\/\/miumjau.ee\/lt\/produktas\/brit-care-dog-grain-free-puppy-su-lasisa-12-kg\/","title":{"rendered":"Brit Care Dog Grain-free Puppy Su La\u0161i\u0161a \u2013 12\u202fkg"},"content":{"rendered":"","protected":false},"excerpt":{"rendered":"<p data-start=\"2065\" data-end=\"2233\">Hipoalergin\u0117, be gr\u016bd\u0173 pa\u0161aras \u0161uniukams ir jauniems \u0161unims (4 savait\u0117s \u2013 12 m\u0117nesi\u0173) vis\u0173 veisli\u0173. Taip pat tinka mai\u0161yti su pienu, kai pradedama \u0161erti sausu maistu.<\/p>\n<p data-start=\"2235\" data-end=\"2252\"><strong data-start=\"2235\" data-end=\"2250\">Privalumai:<\/strong><\/p>\n<ul data-start=\"2253\" data-end=\"2584\">\n<li data-start=\"2253\" data-end=\"2310\">\n<p data-start=\"2255\" data-end=\"2310\">Skatina sveik\u0105 augim\u0105 ir imunin\u0117s sistemos stiprinim\u0105<\/p>\n<\/li>\n<li data-start=\"2311\" data-end=\"2434\">\n<p data-start=\"2313\" data-end=\"2434\">Auk\u0161ta maistin\u0117 vert\u0117: baltymai ir riebalai palaiko odos ir kailio sveikat\u0105, protinius geb\u0117jimus ir optimal\u0173 k\u016bno svor\u012f<\/p>\n<\/li>\n<li data-start=\"2435\" data-end=\"2513\">\n<p data-start=\"2437\" data-end=\"2513\">Be gr\u016bd\u0173 \u2013 idealu alergi\u0161kiems ar su specialiais mitybos poreikiais \u0161unims<\/p>\n<\/li>\n<li data-start=\"2514\" data-end=\"2584\">\n<p data-start=\"2516\" data-end=\"2584\">Omega-3 ir omega-6 riebal\u0173 r\u016bg\u0161tys palaiko piln\u0105 \u0161uniuko vystym\u0105si<\/p>\n<\/li>\n<\/ul>\n<p data-start=\"2586\" data-end=\"3230\"><strong data-start=\"2586\" data-end=\"2598\">Sud\u0117tis:<\/strong> La\u0161i\u0161a (55\u202f%) (d\u017eiovinta la\u0161i\u0161a, hidrolizuota la\u0161i\u0161a), bulv\u0117s (26\u202f%), vi\u0161tienos riebalai, la\u0161i\u0161\u0173 aliejus (3\u202f%), d\u017eiovinti obuoli\u0173 milteliai, nat\u016bralus skonis, alaus miel\u0117s, hidrolizuotos miel\u0117s (0,5\u202f% \u2013 inozolio ir aminor\u016bg\u0161\u010di\u0173 \u0161altinis), \u017eirni\u0173 miltai, gliukozaminas (300\u202fmg\/kg), fruktooligosacharidai (230\u202fmg\/kg), chondroitino sulfatas (230\u202fmg\/kg), mananooligosacharidai (180\u202fmg\/kg), Mojave jukka (180\u202fmg\/kg), pieno er\u0161k\u0117\u010di\u0173 s\u0117klos (110\u202fmg\/kg), \u03b2-glukanai (60\u202fmg\/kg), d\u017eiovintas kiau\u0161ini\u0173 trynys (60\u202fmg\/kg), d\u017eiovinti \u0161altalankiai (60\u202fmg\/kg), inaktyvuotos probiotin\u0117s bakterijos Lactobacillus helveticus HA\u2013122 (15\u00d710\u2079 CFU\/kg).<\/p>\n<p data-start=\"3232\" data-end=\"3459\"><strong data-start=\"3232\" data-end=\"3254\">Analitin\u0117 sud\u0117tis:<\/strong> Baltymai 30\u202f%, riebalai 18\u202f%, dr\u0117gm\u0117 10\u202f%, pelenai 7\u202f%, skaidulos 2,5\u202f%, kalcis 1,2\u202f%, fosforas 0,9\u202f%, natrio 0,5\u202f%, omega-3 riebal\u0173 r\u016bg\u0161tys 1,3\u202f%, omega-6 riebal\u0173 r\u016bg\u0161tys 2,3\u202f%, EPA 0,12\u202f%, DHA 0,16\u202f%.<\/p>\n<p data-start=\"3461\" data-end=\"3964\"><strong data-start=\"3461\" data-end=\"3488\">Maistin\u0117s med\u017eiagos\/kg:<\/strong> Vitaminas A \u2013 23\u202f000 IU, vitaminas D\u2083 \u2013 1\u202f700 IU, vitaminas E \u2013 550\u202fmg, vitaminas C \u2013 350\u202fmg, taurinas \u2013 1\u202f500\u202fmg, cholinas \u2013 1\u202f800\u202fmg, L-karnitinas \u2013 300\u202fmg, vitaminai B1, B2, B6, B12, biotinas, folio r\u016bg\u0161tis, pantoteno r\u016bg\u0161tis, niacinamidas. Mineralai: jodas 0,9\u202fmg, cinkas 100\u202fmg, manganas 45\u202fmg, varis 20\u202fmg, gele\u017eis 88\u202fmg, selenas 0,18\u202fmg. Sud\u0117tyje yra ES patvirtint\u0173 antioksidant\u0173: tokoferoli\u0173 ekstraktai i\u0161 augalini\u0173 aliej\u0173, askorbilpalmitatas, rozmarin\u0173 ekstraktas.<\/p>\n<p data-start=\"3966\" data-end=\"4011\"><strong data-start=\"3966\" data-end=\"3995\">Metabolizuojama energija:<\/strong> 3\u202f930\u202fkcal\/kg<\/p>\n","protected":false},"featured_media":51583,"template":"","meta":[],"product_brand":[],"product_cat":[538],"product_tag":[],"class_list":{"0":"post-51584","1":"product","2":"type-product","3":"status-publish","4":"has-post-thumbnail","6":"product_cat-sausas-maistas-sunims","8":"first","9":"instock","10":"sale","11":"taxable","12":"shipping-taxable","13":"purchasable","14":"product-type-simple"},"yoast_head":"<!-- This site is optimized with the Yoast SEO plugin v27.2 - https:\/\/yoast.com\/product\/yoast-seo-wordpress\/ -->\n<title>Brit Care Dog Grain-free Puppy Su La\u0161i\u0161a \u2013 12\u202fkg - MiuMjau<\/title>\n<meta name=\"robots\" content=\"index, follow, max-snippet:-1, max-image-preview:large, max-video-preview:-1\" \/>\n<link rel=\"canonical\" href=\"https:\/\/miumjau.ee\/lt\/produktas\/brit-care-dog-grain-free-puppy-su-lasisa-12-kg\/\" \/>\n<meta property=\"og:locale\" content=\"lt_LT\" \/>\n<meta property=\"og:type\" content=\"article\" \/>\n<meta property=\"og:title\" content=\"Brit Care Dog Grain-free Puppy Su La\u0161i\u0161a \u2013 12\u202fkg - MiuMjau\" \/>\n<meta property=\"og:description\" content=\"Hipoalergin\u0117, be gr\u016bd\u0173 pa\u0161aras \u0161uniukams ir jauniems \u0161unims (4 savait\u0117s \u2013 12 m\u0117nesi\u0173) vis\u0173 veisli\u0173. Taip pat tinka mai\u0161yti su pienu, kai pradedama \u0161erti sausu maistu. Privalumai:     Skatina sveik\u0105 augim\u0105 ir imunin\u0117s sistemos stiprinim\u0105    Auk\u0161ta maistin\u0117 vert\u0117: baltymai ir riebalai palaiko odos ir kailio sveikat\u0105, protinius geb\u0117jimus ir optimal\u0173 k\u016bno svor\u012f    Be gr\u016bd\u0173 \u2013 idealu alergi\u0161kiems ar su specialiais mitybos poreikiais \u0161unims    Omega-3 ir omega-6 riebal\u0173 r\u016bg\u0161tys palaiko piln\u0105 \u0161uniuko vystym\u0105si   Sud\u0117tis: La\u0161i\u0161a (55\u202f%) (d\u017eiovinta la\u0161i\u0161a, hidrolizuota la\u0161i\u0161a), bulv\u0117s (26\u202f%), vi\u0161tienos riebalai, la\u0161i\u0161\u0173 aliejus (3\u202f%), d\u017eiovinti obuoli\u0173 milteliai, nat\u016bralus skonis, alaus miel\u0117s, hidrolizuotos miel\u0117s (0,5\u202f% \u2013 inozolio ir aminor\u016bg\u0161\u010di\u0173 \u0161altinis), \u017eirni\u0173 miltai, gliukozaminas (300\u202fmg\/kg), fruktooligosacharidai (230\u202fmg\/kg), chondroitino sulfatas (230\u202fmg\/kg), mananooligosacharidai (180\u202fmg\/kg), Mojave jukka (180\u202fmg\/kg), pieno er\u0161k\u0117\u010di\u0173 s\u0117klos (110\u202fmg\/kg), \u03b2-glukanai (60\u202fmg\/kg), d\u017eiovintas kiau\u0161ini\u0173 trynys (60\u202fmg\/kg), d\u017eiovinti \u0161altalankiai (60\u202fmg\/kg), inaktyvuotos probiotin\u0117s bakterijos Lactobacillus helveticus HA\u2013122 (15\u00d710\u2079 CFU\/kg). Analitin\u0117 sud\u0117tis: Baltymai 30\u202f%, riebalai 18\u202f%, dr\u0117gm\u0117 10\u202f%, pelenai 7\u202f%, skaidulos 2,5\u202f%, kalcis 1,2\u202f%, fosforas 0,9\u202f%, natrio 0,5\u202f%, omega-3 riebal\u0173 r\u016bg\u0161tys 1,3\u202f%, omega-6 riebal\u0173 r\u016bg\u0161tys 2,3\u202f%, EPA 0,12\u202f%, DHA 0,16\u202f%. Maistin\u0117s med\u017eiagos\/kg: Vitaminas A \u2013 23\u202f000 IU, vitaminas D\u2083 \u2013 1\u202f700 IU, vitaminas E \u2013 550\u202fmg, vitaminas C \u2013 350\u202fmg, taurinas \u2013 1\u202f500\u202fmg, cholinas \u2013 1\u202f800\u202fmg, L-karnitinas \u2013 300\u202fmg, vitaminai B1, B2, B6, B12, biotinas, folio r\u016bg\u0161tis, pantoteno r\u016bg\u0161tis, niacinamidas. Mineralai: jodas 0,9\u202fmg, cinkas 100\u202fmg, manganas 45\u202fmg, varis 20\u202fmg, gele\u017eis 88\u202fmg, selenas 0,18\u202fmg. Sud\u0117tyje yra ES patvirtint\u0173 antioksidant\u0173: tokoferoli\u0173 ekstraktai i\u0161 augalini\u0173 aliej\u0173, askorbilpalmitatas, rozmarin\u0173 ekstraktas. Metabolizuojama energija: 3\u202f930\u202fkcal\/kg\" \/>\n<meta property=\"og:url\" content=\"https:\/\/miumjau.ee\/lt\/produktas\/brit-care-dog-grain-free-puppy-su-lasisa-12-kg\/\" \/>\n<meta property=\"og:site_name\" content=\"MiuMjau\" \/>\n<meta property=\"article:publisher\" content=\"https:\/\/www.facebook.com\/miumjaupood\/\" \/>\n<meta property=\"article:modified_time\" content=\"2026-01-07T18:40:18+00:00\" \/>\n<meta property=\"og:image\" content=\"https:\/\/miumjau.ee\/wp-content\/uploads\/2025\/04\/brit-care-grainfree-puppy-salmon-Photoroom.webp\" \/>\n\t<meta property=\"og:image:width\" content=\"600\" \/>\n\t<meta property=\"og:image:height\" content=\"800\" \/>\n\t<meta property=\"og:image:type\" content=\"image\/webp\" \/>\n<meta name=\"twitter:card\" content=\"summary_large_image\" \/>\n<script type=\"application\/ld+json\" class=\"yoast-schema-graph\">{\"@context\":\"https:\/\/schema.org\",\"@graph\":[{\"@type\":\"WebPage\",\"@id\":\"https:\/\/miumjau.ee\/lt\/produktas\/brit-care-dog-grain-free-puppy-su-lasisa-12-kg\/\",\"url\":\"https:\/\/miumjau.ee\/lt\/produktas\/brit-care-dog-grain-free-puppy-su-lasisa-12-kg\/\",\"name\":\"Brit Care Dog Grain-free Puppy Su La\u0161i\u0161a \u2013 12\u202fkg - MiuMjau\",\"isPartOf\":{\"@id\":\"https:\/\/miumjau.ee\/#website\"},\"primaryImageOfPage\":{\"@id\":\"https:\/\/miumjau.ee\/lt\/produktas\/brit-care-dog-grain-free-puppy-su-lasisa-12-kg\/#primaryimage\"},\"image\":{\"@id\":\"https:\/\/miumjau.ee\/lt\/produktas\/brit-care-dog-grain-free-puppy-su-lasisa-12-kg\/#primaryimage\"},\"thumbnailUrl\":\"https:\/\/miumjau.ee\/wp-content\/uploads\/2025\/04\/brit-care-grainfree-puppy-salmon-Photoroom.webp\",\"datePublished\":\"2025-04-07T07:43:55+00:00\",\"dateModified\":\"2026-01-07T18:40:18+00:00\",\"breadcrumb\":{\"@id\":\"https:\/\/miumjau.ee\/lt\/produktas\/brit-care-dog-grain-free-puppy-su-lasisa-12-kg\/#breadcrumb\"},\"inLanguage\":\"lt-LT\",\"potentialAction\":[{\"@type\":\"ReadAction\",\"target\":[\"https:\/\/miumjau.ee\/lt\/produktas\/brit-care-dog-grain-free-puppy-su-lasisa-12-kg\/\"]}]},{\"@type\":\"ImageObject\",\"inLanguage\":\"lt-LT\",\"@id\":\"https:\/\/miumjau.ee\/lt\/produktas\/brit-care-dog-grain-free-puppy-su-lasisa-12-kg\/#primaryimage\",\"url\":\"https:\/\/miumjau.ee\/wp-content\/uploads\/2025\/04\/brit-care-grainfree-puppy-salmon-Photoroom.webp\",\"contentUrl\":\"https:\/\/miumjau.ee\/wp-content\/uploads\/2025\/04\/brit-care-grainfree-puppy-salmon-Photoroom.webp\",\"width\":600,\"height\":800},{\"@type\":\"BreadcrumbList\",\"@id\":\"https:\/\/miumjau.ee\/lt\/produktas\/brit-care-dog-grain-free-puppy-su-lasisa-12-kg\/#breadcrumb\",\"itemListElement\":[{\"@type\":\"ListItem\",\"position\":1,\"name\":\"Home\",\"item\":\"https:\/\/miumjau.ee\/lt\/\"},{\"@type\":\"ListItem\",\"position\":2,\"name\":\"Parduotuv\u0117\",\"item\":\"https:\/\/miumjau.ee\/lt\/parduotuve\/\"},{\"@type\":\"ListItem\",\"position\":3,\"name\":\"Brit Care Dog Grain-free Puppy Su La\u0161i\u0161a \u2013 12\u202fkg\"}]},{\"@type\":\"WebSite\",\"@id\":\"https:\/\/miumjau.ee\/#website\",\"url\":\"https:\/\/miumjau.ee\/\",\"name\":\"MiuMjau\",\"description\":\"Kraapimispuud kassidele\",\"publisher\":{\"@id\":\"https:\/\/miumjau.ee\/#organization\"},\"potentialAction\":[{\"@type\":\"SearchAction\",\"target\":{\"@type\":\"EntryPoint\",\"urlTemplate\":\"https:\/\/miumjau.ee\/?s={search_term_string}\"},\"query-input\":{\"@type\":\"PropertyValueSpecification\",\"valueRequired\":true,\"valueName\":\"search_term_string\"}}],\"inLanguage\":\"lt-LT\"},{\"@type\":\"Organization\",\"@id\":\"https:\/\/miumjau.ee\/#organization\",\"name\":\"MiuMjau O\u00dc\",\"url\":\"https:\/\/miumjau.ee\/\",\"logo\":{\"@type\":\"ImageObject\",\"inLanguage\":\"lt-LT\",\"@id\":\"https:\/\/miumjau.ee\/#\/schema\/logo\/image\/\",\"url\":\"https:\/\/miumjau.ee\/wp-content\/uploads\/2022\/04\/MiuMjau-logo-kollane.png\",\"contentUrl\":\"https:\/\/miumjau.ee\/wp-content\/uploads\/2022\/04\/MiuMjau-logo-kollane.png\",\"width\":219,\"height\":100,\"caption\":\"MiuMjau O\u00dc\"},\"image\":{\"@id\":\"https:\/\/miumjau.ee\/#\/schema\/logo\/image\/\"},\"sameAs\":[\"https:\/\/www.facebook.com\/miumjaupood\/\"]}]}<\/script>\n<!-- \/ Yoast SEO plugin. -->","yoast_head_json":{"title":"Brit Care Dog Grain-free Puppy Su La\u0161i\u0161a \u2013 12\u202fkg - MiuMjau","robots":{"index":"index","follow":"follow","max-snippet":"max-snippet:-1","max-image-preview":"max-image-preview:large","max-video-preview":"max-video-preview:-1"},"canonical":"https:\/\/miumjau.ee\/lt\/produktas\/brit-care-dog-grain-free-puppy-su-lasisa-12-kg\/","og_locale":"lt_LT","og_type":"article","og_title":"Brit Care Dog Grain-free Puppy Su La\u0161i\u0161a \u2013 12\u202fkg - MiuMjau","og_description":"Hipoalergin\u0117, be gr\u016bd\u0173 pa\u0161aras \u0161uniukams ir jauniems \u0161unims (4 savait\u0117s \u2013 12 m\u0117nesi\u0173) vis\u0173 veisli\u0173. Taip pat tinka mai\u0161yti su pienu, kai pradedama \u0161erti sausu maistu. Privalumai:     Skatina sveik\u0105 augim\u0105 ir imunin\u0117s sistemos stiprinim\u0105    Auk\u0161ta maistin\u0117 vert\u0117: baltymai ir riebalai palaiko odos ir kailio sveikat\u0105, protinius geb\u0117jimus ir optimal\u0173 k\u016bno svor\u012f    Be gr\u016bd\u0173 \u2013 idealu alergi\u0161kiems ar su specialiais mitybos poreikiais \u0161unims    Omega-3 ir omega-6 riebal\u0173 r\u016bg\u0161tys palaiko piln\u0105 \u0161uniuko vystym\u0105si   Sud\u0117tis: La\u0161i\u0161a (55\u202f%) (d\u017eiovinta la\u0161i\u0161a, hidrolizuota la\u0161i\u0161a), bulv\u0117s (26\u202f%), vi\u0161tienos riebalai, la\u0161i\u0161\u0173 aliejus (3\u202f%), d\u017eiovinti obuoli\u0173 milteliai, nat\u016bralus skonis, alaus miel\u0117s, hidrolizuotos miel\u0117s (0,5\u202f% \u2013 inozolio ir aminor\u016bg\u0161\u010di\u0173 \u0161altinis), \u017eirni\u0173 miltai, gliukozaminas (300\u202fmg\/kg), fruktooligosacharidai (230\u202fmg\/kg), chondroitino sulfatas (230\u202fmg\/kg), mananooligosacharidai (180\u202fmg\/kg), Mojave jukka (180\u202fmg\/kg), pieno er\u0161k\u0117\u010di\u0173 s\u0117klos (110\u202fmg\/kg), \u03b2-glukanai (60\u202fmg\/kg), d\u017eiovintas kiau\u0161ini\u0173 trynys (60\u202fmg\/kg), d\u017eiovinti \u0161altalankiai (60\u202fmg\/kg), inaktyvuotos probiotin\u0117s bakterijos Lactobacillus helveticus HA\u2013122 (15\u00d710\u2079 CFU\/kg). Analitin\u0117 sud\u0117tis: Baltymai 30\u202f%, riebalai 18\u202f%, dr\u0117gm\u0117 10\u202f%, pelenai 7\u202f%, skaidulos 2,5\u202f%, kalcis 1,2\u202f%, fosforas 0,9\u202f%, natrio 0,5\u202f%, omega-3 riebal\u0173 r\u016bg\u0161tys 1,3\u202f%, omega-6 riebal\u0173 r\u016bg\u0161tys 2,3\u202f%, EPA 0,12\u202f%, DHA 0,16\u202f%. Maistin\u0117s med\u017eiagos\/kg: Vitaminas A \u2013 23\u202f000 IU, vitaminas D\u2083 \u2013 1\u202f700 IU, vitaminas E \u2013 550\u202fmg, vitaminas C \u2013 350\u202fmg, taurinas \u2013 1\u202f500\u202fmg, cholinas \u2013 1\u202f800\u202fmg, L-karnitinas \u2013 300\u202fmg, vitaminai B1, B2, B6, B12, biotinas, folio r\u016bg\u0161tis, pantoteno r\u016bg\u0161tis, niacinamidas. Mineralai: jodas 0,9\u202fmg, cinkas 100\u202fmg, manganas 45\u202fmg, varis 20\u202fmg, gele\u017eis 88\u202fmg, selenas 0,18\u202fmg. Sud\u0117tyje yra ES patvirtint\u0173 antioksidant\u0173: tokoferoli\u0173 ekstraktai i\u0161 augalini\u0173 aliej\u0173, askorbilpalmitatas, rozmarin\u0173 ekstraktas. Metabolizuojama energija: 3\u202f930\u202fkcal\/kg","og_url":"https:\/\/miumjau.ee\/lt\/produktas\/brit-care-dog-grain-free-puppy-su-lasisa-12-kg\/","og_site_name":"MiuMjau","article_publisher":"https:\/\/www.facebook.com\/miumjaupood\/","article_modified_time":"2026-01-07T18:40:18+00:00","og_image":[{"width":600,"height":800,"url":"https:\/\/miumjau.ee\/wp-content\/uploads\/2025\/04\/brit-care-grainfree-puppy-salmon-Photoroom.webp","type":"image\/webp"}],"twitter_card":"summary_large_image","schema":{"@context":"https:\/\/schema.org","@graph":[{"@type":"WebPage","@id":"https:\/\/miumjau.ee\/lt\/produktas\/brit-care-dog-grain-free-puppy-su-lasisa-12-kg\/","url":"https:\/\/miumjau.ee\/lt\/produktas\/brit-care-dog-grain-free-puppy-su-lasisa-12-kg\/","name":"Brit Care Dog Grain-free Puppy Su La\u0161i\u0161a \u2013 12\u202fkg - MiuMjau","isPartOf":{"@id":"https:\/\/miumjau.ee\/#website"},"primaryImageOfPage":{"@id":"https:\/\/miumjau.ee\/lt\/produktas\/brit-care-dog-grain-free-puppy-su-lasisa-12-kg\/#primaryimage"},"image":{"@id":"https:\/\/miumjau.ee\/lt\/produktas\/brit-care-dog-grain-free-puppy-su-lasisa-12-kg\/#primaryimage"},"thumbnailUrl":"https:\/\/miumjau.ee\/wp-content\/uploads\/2025\/04\/brit-care-grainfree-puppy-salmon-Photoroom.webp","datePublished":"2025-04-07T07:43:55+00:00","dateModified":"2026-01-07T18:40:18+00:00","breadcrumb":{"@id":"https:\/\/miumjau.ee\/lt\/produktas\/brit-care-dog-grain-free-puppy-su-lasisa-12-kg\/#breadcrumb"},"inLanguage":"lt-LT","potentialAction":[{"@type":"ReadAction","target":["https:\/\/miumjau.ee\/lt\/produktas\/brit-care-dog-grain-free-puppy-su-lasisa-12-kg\/"]}]},{"@type":"ImageObject","inLanguage":"lt-LT","@id":"https:\/\/miumjau.ee\/lt\/produktas\/brit-care-dog-grain-free-puppy-su-lasisa-12-kg\/#primaryimage","url":"https:\/\/miumjau.ee\/wp-content\/uploads\/2025\/04\/brit-care-grainfree-puppy-salmon-Photoroom.webp","contentUrl":"https:\/\/miumjau.ee\/wp-content\/uploads\/2025\/04\/brit-care-grainfree-puppy-salmon-Photoroom.webp","width":600,"height":800},{"@type":"BreadcrumbList","@id":"https:\/\/miumjau.ee\/lt\/produktas\/brit-care-dog-grain-free-puppy-su-lasisa-12-kg\/#breadcrumb","itemListElement":[{"@type":"ListItem","position":1,"name":"Home","item":"https:\/\/miumjau.ee\/lt\/"},{"@type":"ListItem","position":2,"name":"Parduotuv\u0117","item":"https:\/\/miumjau.ee\/lt\/parduotuve\/"},{"@type":"ListItem","position":3,"name":"Brit Care Dog Grain-free Puppy Su La\u0161i\u0161a \u2013 12\u202fkg"}]},{"@type":"WebSite","@id":"https:\/\/miumjau.ee\/#website","url":"https:\/\/miumjau.ee\/","name":"MiuMjau","description":"Kraapimispuud kassidele","publisher":{"@id":"https:\/\/miumjau.ee\/#organization"},"potentialAction":[{"@type":"SearchAction","target":{"@type":"EntryPoint","urlTemplate":"https:\/\/miumjau.ee\/?s={search_term_string}"},"query-input":{"@type":"PropertyValueSpecification","valueRequired":true,"valueName":"search_term_string"}}],"inLanguage":"lt-LT"},{"@type":"Organization","@id":"https:\/\/miumjau.ee\/#organization","name":"MiuMjau O\u00dc","url":"https:\/\/miumjau.ee\/","logo":{"@type":"ImageObject","inLanguage":"lt-LT","@id":"https:\/\/miumjau.ee\/#\/schema\/logo\/image\/","url":"https:\/\/miumjau.ee\/wp-content\/uploads\/2022\/04\/MiuMjau-logo-kollane.png","contentUrl":"https:\/\/miumjau.ee\/wp-content\/uploads\/2022\/04\/MiuMjau-logo-kollane.png","width":219,"height":100,"caption":"MiuMjau O\u00dc"},"image":{"@id":"https:\/\/miumjau.ee\/#\/schema\/logo\/image\/"},"sameAs":["https:\/\/www.facebook.com\/miumjaupood\/"]}]}},"_links":{"self":[{"href":"https:\/\/miumjau.ee\/lt\/wp-json\/wp\/v2\/product\/51584","targetHints":{"allow":["GET"]}}],"collection":[{"href":"https:\/\/miumjau.ee\/lt\/wp-json\/wp\/v2\/product"}],"about":[{"href":"https:\/\/miumjau.ee\/lt\/wp-json\/wp\/v2\/types\/product"}],"wp:featuredmedia":[{"embeddable":true,"href":"https:\/\/miumjau.ee\/lt\/wp-json\/wp\/v2\/media\/51583"}],"wp:attachment":[{"href":"https:\/\/miumjau.ee\/lt\/wp-json\/wp\/v2\/media?parent=51584"}],"wp:term":[{"taxonomy":"product_brand","embeddable":true,"href":"https:\/\/miumjau.ee\/lt\/wp-json\/wp\/v2\/product_brand?post=51584"},{"taxonomy":"product_cat","embeddable":true,"href":"https:\/\/miumjau.ee\/lt\/wp-json\/wp\/v2\/product_cat?post=51584"},{"taxonomy":"product_tag","embeddable":true,"href":"https:\/\/miumjau.ee\/lt\/wp-json\/wp\/v2\/product_tag?post=51584"}],"curies":[{"name":"wp","href":"https:\/\/api.w.org\/{rel}","templated":true}]}}