{"id":51566,"date":"2025-04-07T11:12:00","date_gmt":"2025-04-07T08:12:00","guid":{"rendered":"https:\/\/miumjau.ee\/toode\/brit-care-be-grudu-jaunu-dideliu-veisliu-lohi-12-kg\/"},"modified":"2026-01-07T20:40:18","modified_gmt":"2026-01-07T18:40:18","slug":"brit-care-be-grudu-jaunu-dideliu-veisliu-lohi-12-kg","status":"publish","type":"product","link":"https:\/\/miumjau.ee\/lt\/produktas\/brit-care-be-grudu-jaunu-dideliu-veisliu-lohi-12-kg\/","title":{"rendered":"Brit Care Be Gr\u016bd\u0173 Jaun\u0173 Dideli\u0173 Veisli\u0173 Lohi \u2013 12\u202fkg"},"content":{"rendered":"","protected":false},"excerpt":{"rendered":"<p data-start=\"4303\" data-end=\"4425\">Be gr\u016bd\u0173 recept\u016bra <strong data-start=\"4322\" data-end=\"4370\">dideli\u0173 veisli\u0173 jauniems \u0161unims ir \u0161uniukams<\/strong> (3\u202fm\u0117n. \u2013 2\u202fmetai, &gt;25\u202fkg). Pilnavert\u0117 \u0161un\u0173 maistas.<\/p>\n<p data-start=\"4427\" data-end=\"4444\"><strong data-start=\"4427\" data-end=\"4442\">Privalumai:<\/strong><\/p>\n<ul data-start=\"4445\" data-end=\"4818\">\n<li data-start=\"4445\" data-end=\"4530\">\n<p data-start=\"4447\" data-end=\"4530\"><strong data-start=\"4447\" data-end=\"4466\">Augimo kontrol\u0117<\/strong> \u2013 subalansuotas baltym\u0173 ir riebal\u0173 kiekis optimaliai augimui.<\/p>\n<\/li>\n<li data-start=\"4531\" data-end=\"4627\">\n<p data-start=\"4533\" data-end=\"4627\"><strong data-start=\"4533\" data-end=\"4557\">S\u0105nariai ir kremzl\u0117s<\/strong> \u2013 chondroprotektoriai palaiko sveikus s\u0105narius, kaulus ir kremzles.<\/p>\n<\/li>\n<li data-start=\"4628\" data-end=\"4720\">\n<p data-start=\"4630\" data-end=\"4720\"><strong data-start=\"4630\" data-end=\"4644\">Imunitetas<\/strong> \u2013 probiotikai ir antioksidantai stiprina imunitet\u0105 ir palaiko vir\u0161kinim\u0105.<\/p>\n<\/li>\n<li data-start=\"4721\" data-end=\"4818\">\n<p data-start=\"4723\" data-end=\"4818\"><strong data-start=\"4723\" data-end=\"4740\">Oda ir kailis<\/strong> \u2013 omega-3 ir auk\u0161tos kokyb\u0117s baltymai padeda palaikyti sveik\u0105 od\u0105 ir kail\u012f.<\/p>\n<\/li>\n<\/ul>\n<p data-start=\"4820\" data-end=\"5389\"><strong data-start=\"4820\" data-end=\"4832\">Sud\u0117tis:<\/strong> La\u0161i\u0161a (52%) (d\u017eiovinta, hidrolizuota), bulv\u0117s (26%), vi\u0161tienos riebalai, d\u017eiovintos obuoli\u0173 mas\u0117s, la\u0161i\u0161os aliejus (3%), nat\u016bralus skonis, miel\u0117s, hidrolizuotos miel\u0117s (0,5%), \u017eirni\u0173 miltai, gliukozaminas (300\u202fmg\/kg), fruktooligosacharidai (230\u202fmg\/kg), chondroitino sulfatas (230\u202fmg\/kg), manano-oligosacharidai (180\u202fmg\/kg), Mojave yucca (180\u202fmg\/kg), pieno er\u0161k\u0117\u010di\u0173 s\u0117klos (110\u202fmg\/kg), \u03b2-gliukanai (60\u202fmg\/kg), d\u017eiovinti la\u0161i\u0161os ikrai (60\u202fmg\/kg), d\u017eiovintas \u0161altalankis (60\u202fmg\/kg), inaktyvuotas probiotikas Lactobacillus helveticus HA\u2013122 (15\u00d710\u2079 CFU\/kg).<\/p>\n<p data-start=\"5391\" data-end=\"5595\"><strong data-start=\"5391\" data-end=\"5413\">Analitin\u0117 sud\u0117tis:<\/strong> \u017dali baltymai 28\u202f%, \u017eali riebalai 15\u202f%, dr\u0117gm\u0117 10\u202f%, pelenai 7\u202f%, pluo\u0161tas 3.2\u202f%, kalcis 1.2\u202f%, fosforas 0.9\u202f%, natrio 0.5\u202f%, omega-3 1.2\u202f%, omega-6 1.9\u202f%, EPA 0.12\u202f%, DHA 0.16\u202f%.<\/p>\n<p data-start=\"5597\" data-end=\"6037\"><strong data-start=\"5597\" data-end=\"5613\">Papildai kg:<\/strong> Vitaminas A 23\u202f000\u202fIU, D3 1\u202f700\u202fIU, E 550\u202fmg, C 350\u202fmg, taurinas 1\u202f500\u202fmg, cholinas 1\u202f800\u202fmg, L-karnitinas 300\u202fmg, B1 3\u202fmg, B2 11\u202fmg, biotinas 4\u202fmg, folio r\u016bg\u0161tis 1.4\u202fmg, B6 3\u202fmg, kalcio D-pantotenatas 30\u202fmg, niacinamidas 38\u202fmg, B12 0.12\u202fmg, jodas 0.9\u202fmg, organinis cinkas 100\u202fmg, organinis manganas 45\u202fmg, organinis varis 20\u202fmg, organinis gele\u017eis 88\u202fmg, organinis selenas 0.18\u202fmg. Metabolizuojama energija: 3\u202f730\u202fkcal\/kg<\/p>\n","protected":false},"featured_media":51565,"template":"","meta":[],"product_brand":[],"product_cat":[538],"product_tag":[],"class_list":{"0":"post-51566","1":"product","2":"type-product","3":"status-publish","4":"has-post-thumbnail","6":"product_cat-sausas-maistas-sunims","8":"first","9":"instock","10":"sale","11":"taxable","12":"shipping-taxable","13":"purchasable","14":"product-type-simple"},"yoast_head":"<!-- This site is optimized with the Yoast SEO plugin v27.2 - https:\/\/yoast.com\/product\/yoast-seo-wordpress\/ -->\n<title>Brit Care Be Gr\u016bd\u0173 Jaun\u0173 Dideli\u0173 Veisli\u0173 Lohi \u2013 12\u202fkg - MiuMjau<\/title>\n<meta name=\"robots\" content=\"index, follow, max-snippet:-1, max-image-preview:large, max-video-preview:-1\" \/>\n<link rel=\"canonical\" href=\"https:\/\/miumjau.ee\/lt\/produktas\/brit-care-be-grudu-jaunu-dideliu-veisliu-lohi-12-kg\/\" \/>\n<meta property=\"og:locale\" content=\"lt_LT\" \/>\n<meta property=\"og:type\" content=\"article\" \/>\n<meta property=\"og:title\" content=\"Brit Care Be Gr\u016bd\u0173 Jaun\u0173 Dideli\u0173 Veisli\u0173 Lohi \u2013 12\u202fkg - MiuMjau\" \/>\n<meta property=\"og:description\" content=\"Be gr\u016bd\u0173 recept\u016bra dideli\u0173 veisli\u0173 jauniems \u0161unims ir \u0161uniukams (3\u202fm\u0117n. \u2013 2\u202fmetai, &gt;25\u202fkg). Pilnavert\u0117 \u0161un\u0173 maistas. Privalumai:     Augimo kontrol\u0117 \u2013 subalansuotas baltym\u0173 ir riebal\u0173 kiekis optimaliai augimui.    S\u0105nariai ir kremzl\u0117s \u2013 chondroprotektoriai palaiko sveikus s\u0105narius, kaulus ir kremzles.    Imunitetas \u2013 probiotikai ir antioksidantai stiprina imunitet\u0105 ir palaiko vir\u0161kinim\u0105.    Oda ir kailis \u2013 omega-3 ir auk\u0161tos kokyb\u0117s baltymai padeda palaikyti sveik\u0105 od\u0105 ir kail\u012f.   Sud\u0117tis: La\u0161i\u0161a (52%) (d\u017eiovinta, hidrolizuota), bulv\u0117s (26%), vi\u0161tienos riebalai, d\u017eiovintos obuoli\u0173 mas\u0117s, la\u0161i\u0161os aliejus (3%), nat\u016bralus skonis, miel\u0117s, hidrolizuotos miel\u0117s (0,5%), \u017eirni\u0173 miltai, gliukozaminas (300\u202fmg\/kg), fruktooligosacharidai (230\u202fmg\/kg), chondroitino sulfatas (230\u202fmg\/kg), manano-oligosacharidai (180\u202fmg\/kg), Mojave yucca (180\u202fmg\/kg), pieno er\u0161k\u0117\u010di\u0173 s\u0117klos (110\u202fmg\/kg), \u03b2-gliukanai (60\u202fmg\/kg), d\u017eiovinti la\u0161i\u0161os ikrai (60\u202fmg\/kg), d\u017eiovintas \u0161altalankis (60\u202fmg\/kg), inaktyvuotas probiotikas Lactobacillus helveticus HA\u2013122 (15\u00d710\u2079 CFU\/kg). Analitin\u0117 sud\u0117tis: \u017dali baltymai 28\u202f%, \u017eali riebalai 15\u202f%, dr\u0117gm\u0117 10\u202f%, pelenai 7\u202f%, pluo\u0161tas 3.2\u202f%, kalcis 1.2\u202f%, fosforas 0.9\u202f%, natrio 0.5\u202f%, omega-3 1.2\u202f%, omega-6 1.9\u202f%, EPA 0.12\u202f%, DHA 0.16\u202f%. Papildai kg: Vitaminas A 23\u202f000\u202fIU, D3 1\u202f700\u202fIU, E 550\u202fmg, C 350\u202fmg, taurinas 1\u202f500\u202fmg, cholinas 1\u202f800\u202fmg, L-karnitinas 300\u202fmg, B1 3\u202fmg, B2 11\u202fmg, biotinas 4\u202fmg, folio r\u016bg\u0161tis 1.4\u202fmg, B6 3\u202fmg, kalcio D-pantotenatas 30\u202fmg, niacinamidas 38\u202fmg, B12 0.12\u202fmg, jodas 0.9\u202fmg, organinis cinkas 100\u202fmg, organinis manganas 45\u202fmg, organinis varis 20\u202fmg, organinis gele\u017eis 88\u202fmg, organinis selenas 0.18\u202fmg. Metabolizuojama energija: 3\u202f730\u202fkcal\/kg\" \/>\n<meta property=\"og:url\" content=\"https:\/\/miumjau.ee\/lt\/produktas\/brit-care-be-grudu-jaunu-dideliu-veisliu-lohi-12-kg\/\" \/>\n<meta property=\"og:site_name\" content=\"MiuMjau\" \/>\n<meta property=\"article:publisher\" content=\"https:\/\/www.facebook.com\/miumjaupood\/\" \/>\n<meta property=\"article:modified_time\" content=\"2026-01-07T18:40:18+00:00\" \/>\n<meta property=\"og:image\" content=\"https:\/\/miumjau.ee\/wp-content\/uploads\/2025\/04\/brit-care-junior-large-breed-salmon-Photoroom.webp\" \/>\n\t<meta property=\"og:image:width\" content=\"600\" \/>\n\t<meta property=\"og:image:height\" content=\"800\" \/>\n\t<meta property=\"og:image:type\" content=\"image\/webp\" \/>\n<meta name=\"twitter:card\" content=\"summary_large_image\" \/>\n<script type=\"application\/ld+json\" class=\"yoast-schema-graph\">{\"@context\":\"https:\/\/schema.org\",\"@graph\":[{\"@type\":\"WebPage\",\"@id\":\"https:\/\/miumjau.ee\/lt\/produktas\/brit-care-be-grudu-jaunu-dideliu-veisliu-lohi-12-kg\/\",\"url\":\"https:\/\/miumjau.ee\/lt\/produktas\/brit-care-be-grudu-jaunu-dideliu-veisliu-lohi-12-kg\/\",\"name\":\"Brit Care Be Gr\u016bd\u0173 Jaun\u0173 Dideli\u0173 Veisli\u0173 Lohi \u2013 12\u202fkg - MiuMjau\",\"isPartOf\":{\"@id\":\"https:\/\/miumjau.ee\/#website\"},\"primaryImageOfPage\":{\"@id\":\"https:\/\/miumjau.ee\/lt\/produktas\/brit-care-be-grudu-jaunu-dideliu-veisliu-lohi-12-kg\/#primaryimage\"},\"image\":{\"@id\":\"https:\/\/miumjau.ee\/lt\/produktas\/brit-care-be-grudu-jaunu-dideliu-veisliu-lohi-12-kg\/#primaryimage\"},\"thumbnailUrl\":\"https:\/\/miumjau.ee\/wp-content\/uploads\/2025\/04\/brit-care-junior-large-breed-salmon-Photoroom.webp\",\"datePublished\":\"2025-04-07T08:12:00+00:00\",\"dateModified\":\"2026-01-07T18:40:18+00:00\",\"breadcrumb\":{\"@id\":\"https:\/\/miumjau.ee\/lt\/produktas\/brit-care-be-grudu-jaunu-dideliu-veisliu-lohi-12-kg\/#breadcrumb\"},\"inLanguage\":\"lt-LT\",\"potentialAction\":[{\"@type\":\"ReadAction\",\"target\":[\"https:\/\/miumjau.ee\/lt\/produktas\/brit-care-be-grudu-jaunu-dideliu-veisliu-lohi-12-kg\/\"]}]},{\"@type\":\"ImageObject\",\"inLanguage\":\"lt-LT\",\"@id\":\"https:\/\/miumjau.ee\/lt\/produktas\/brit-care-be-grudu-jaunu-dideliu-veisliu-lohi-12-kg\/#primaryimage\",\"url\":\"https:\/\/miumjau.ee\/wp-content\/uploads\/2025\/04\/brit-care-junior-large-breed-salmon-Photoroom.webp\",\"contentUrl\":\"https:\/\/miumjau.ee\/wp-content\/uploads\/2025\/04\/brit-care-junior-large-breed-salmon-Photoroom.webp\",\"width\":600,\"height\":800},{\"@type\":\"BreadcrumbList\",\"@id\":\"https:\/\/miumjau.ee\/lt\/produktas\/brit-care-be-grudu-jaunu-dideliu-veisliu-lohi-12-kg\/#breadcrumb\",\"itemListElement\":[{\"@type\":\"ListItem\",\"position\":1,\"name\":\"Home\",\"item\":\"https:\/\/miumjau.ee\/lt\/\"},{\"@type\":\"ListItem\",\"position\":2,\"name\":\"Parduotuv\u0117\",\"item\":\"https:\/\/miumjau.ee\/lt\/parduotuve\/\"},{\"@type\":\"ListItem\",\"position\":3,\"name\":\"Brit Care Be Gr\u016bd\u0173 Jaun\u0173 Dideli\u0173 Veisli\u0173 Lohi \u2013 12\u202fkg\"}]},{\"@type\":\"WebSite\",\"@id\":\"https:\/\/miumjau.ee\/#website\",\"url\":\"https:\/\/miumjau.ee\/\",\"name\":\"MiuMjau\",\"description\":\"Kraapimispuud kassidele\",\"publisher\":{\"@id\":\"https:\/\/miumjau.ee\/#organization\"},\"potentialAction\":[{\"@type\":\"SearchAction\",\"target\":{\"@type\":\"EntryPoint\",\"urlTemplate\":\"https:\/\/miumjau.ee\/?s={search_term_string}\"},\"query-input\":{\"@type\":\"PropertyValueSpecification\",\"valueRequired\":true,\"valueName\":\"search_term_string\"}}],\"inLanguage\":\"lt-LT\"},{\"@type\":\"Organization\",\"@id\":\"https:\/\/miumjau.ee\/#organization\",\"name\":\"MiuMjau O\u00dc\",\"url\":\"https:\/\/miumjau.ee\/\",\"logo\":{\"@type\":\"ImageObject\",\"inLanguage\":\"lt-LT\",\"@id\":\"https:\/\/miumjau.ee\/#\/schema\/logo\/image\/\",\"url\":\"https:\/\/miumjau.ee\/wp-content\/uploads\/2022\/04\/MiuMjau-logo-kollane.png\",\"contentUrl\":\"https:\/\/miumjau.ee\/wp-content\/uploads\/2022\/04\/MiuMjau-logo-kollane.png\",\"width\":219,\"height\":100,\"caption\":\"MiuMjau O\u00dc\"},\"image\":{\"@id\":\"https:\/\/miumjau.ee\/#\/schema\/logo\/image\/\"},\"sameAs\":[\"https:\/\/www.facebook.com\/miumjaupood\/\"]}]}<\/script>\n<!-- \/ Yoast SEO plugin. -->","yoast_head_json":{"title":"Brit Care Be Gr\u016bd\u0173 Jaun\u0173 Dideli\u0173 Veisli\u0173 Lohi \u2013 12\u202fkg - MiuMjau","robots":{"index":"index","follow":"follow","max-snippet":"max-snippet:-1","max-image-preview":"max-image-preview:large","max-video-preview":"max-video-preview:-1"},"canonical":"https:\/\/miumjau.ee\/lt\/produktas\/brit-care-be-grudu-jaunu-dideliu-veisliu-lohi-12-kg\/","og_locale":"lt_LT","og_type":"article","og_title":"Brit Care Be Gr\u016bd\u0173 Jaun\u0173 Dideli\u0173 Veisli\u0173 Lohi \u2013 12\u202fkg - MiuMjau","og_description":"Be gr\u016bd\u0173 recept\u016bra dideli\u0173 veisli\u0173 jauniems \u0161unims ir \u0161uniukams (3\u202fm\u0117n. \u2013 2\u202fmetai, &gt;25\u202fkg). Pilnavert\u0117 \u0161un\u0173 maistas. Privalumai:     Augimo kontrol\u0117 \u2013 subalansuotas baltym\u0173 ir riebal\u0173 kiekis optimaliai augimui.    S\u0105nariai ir kremzl\u0117s \u2013 chondroprotektoriai palaiko sveikus s\u0105narius, kaulus ir kremzles.    Imunitetas \u2013 probiotikai ir antioksidantai stiprina imunitet\u0105 ir palaiko vir\u0161kinim\u0105.    Oda ir kailis \u2013 omega-3 ir auk\u0161tos kokyb\u0117s baltymai padeda palaikyti sveik\u0105 od\u0105 ir kail\u012f.   Sud\u0117tis: La\u0161i\u0161a (52%) (d\u017eiovinta, hidrolizuota), bulv\u0117s (26%), vi\u0161tienos riebalai, d\u017eiovintos obuoli\u0173 mas\u0117s, la\u0161i\u0161os aliejus (3%), nat\u016bralus skonis, miel\u0117s, hidrolizuotos miel\u0117s (0,5%), \u017eirni\u0173 miltai, gliukozaminas (300\u202fmg\/kg), fruktooligosacharidai (230\u202fmg\/kg), chondroitino sulfatas (230\u202fmg\/kg), manano-oligosacharidai (180\u202fmg\/kg), Mojave yucca (180\u202fmg\/kg), pieno er\u0161k\u0117\u010di\u0173 s\u0117klos (110\u202fmg\/kg), \u03b2-gliukanai (60\u202fmg\/kg), d\u017eiovinti la\u0161i\u0161os ikrai (60\u202fmg\/kg), d\u017eiovintas \u0161altalankis (60\u202fmg\/kg), inaktyvuotas probiotikas Lactobacillus helveticus HA\u2013122 (15\u00d710\u2079 CFU\/kg). Analitin\u0117 sud\u0117tis: \u017dali baltymai 28\u202f%, \u017eali riebalai 15\u202f%, dr\u0117gm\u0117 10\u202f%, pelenai 7\u202f%, pluo\u0161tas 3.2\u202f%, kalcis 1.2\u202f%, fosforas 0.9\u202f%, natrio 0.5\u202f%, omega-3 1.2\u202f%, omega-6 1.9\u202f%, EPA 0.12\u202f%, DHA 0.16\u202f%. Papildai kg: Vitaminas A 23\u202f000\u202fIU, D3 1\u202f700\u202fIU, E 550\u202fmg, C 350\u202fmg, taurinas 1\u202f500\u202fmg, cholinas 1\u202f800\u202fmg, L-karnitinas 300\u202fmg, B1 3\u202fmg, B2 11\u202fmg, biotinas 4\u202fmg, folio r\u016bg\u0161tis 1.4\u202fmg, B6 3\u202fmg, kalcio D-pantotenatas 30\u202fmg, niacinamidas 38\u202fmg, B12 0.12\u202fmg, jodas 0.9\u202fmg, organinis cinkas 100\u202fmg, organinis manganas 45\u202fmg, organinis varis 20\u202fmg, organinis gele\u017eis 88\u202fmg, organinis selenas 0.18\u202fmg. Metabolizuojama energija: 3\u202f730\u202fkcal\/kg","og_url":"https:\/\/miumjau.ee\/lt\/produktas\/brit-care-be-grudu-jaunu-dideliu-veisliu-lohi-12-kg\/","og_site_name":"MiuMjau","article_publisher":"https:\/\/www.facebook.com\/miumjaupood\/","article_modified_time":"2026-01-07T18:40:18+00:00","og_image":[{"width":600,"height":800,"url":"https:\/\/miumjau.ee\/wp-content\/uploads\/2025\/04\/brit-care-junior-large-breed-salmon-Photoroom.webp","type":"image\/webp"}],"twitter_card":"summary_large_image","schema":{"@context":"https:\/\/schema.org","@graph":[{"@type":"WebPage","@id":"https:\/\/miumjau.ee\/lt\/produktas\/brit-care-be-grudu-jaunu-dideliu-veisliu-lohi-12-kg\/","url":"https:\/\/miumjau.ee\/lt\/produktas\/brit-care-be-grudu-jaunu-dideliu-veisliu-lohi-12-kg\/","name":"Brit Care Be Gr\u016bd\u0173 Jaun\u0173 Dideli\u0173 Veisli\u0173 Lohi \u2013 12\u202fkg - MiuMjau","isPartOf":{"@id":"https:\/\/miumjau.ee\/#website"},"primaryImageOfPage":{"@id":"https:\/\/miumjau.ee\/lt\/produktas\/brit-care-be-grudu-jaunu-dideliu-veisliu-lohi-12-kg\/#primaryimage"},"image":{"@id":"https:\/\/miumjau.ee\/lt\/produktas\/brit-care-be-grudu-jaunu-dideliu-veisliu-lohi-12-kg\/#primaryimage"},"thumbnailUrl":"https:\/\/miumjau.ee\/wp-content\/uploads\/2025\/04\/brit-care-junior-large-breed-salmon-Photoroom.webp","datePublished":"2025-04-07T08:12:00+00:00","dateModified":"2026-01-07T18:40:18+00:00","breadcrumb":{"@id":"https:\/\/miumjau.ee\/lt\/produktas\/brit-care-be-grudu-jaunu-dideliu-veisliu-lohi-12-kg\/#breadcrumb"},"inLanguage":"lt-LT","potentialAction":[{"@type":"ReadAction","target":["https:\/\/miumjau.ee\/lt\/produktas\/brit-care-be-grudu-jaunu-dideliu-veisliu-lohi-12-kg\/"]}]},{"@type":"ImageObject","inLanguage":"lt-LT","@id":"https:\/\/miumjau.ee\/lt\/produktas\/brit-care-be-grudu-jaunu-dideliu-veisliu-lohi-12-kg\/#primaryimage","url":"https:\/\/miumjau.ee\/wp-content\/uploads\/2025\/04\/brit-care-junior-large-breed-salmon-Photoroom.webp","contentUrl":"https:\/\/miumjau.ee\/wp-content\/uploads\/2025\/04\/brit-care-junior-large-breed-salmon-Photoroom.webp","width":600,"height":800},{"@type":"BreadcrumbList","@id":"https:\/\/miumjau.ee\/lt\/produktas\/brit-care-be-grudu-jaunu-dideliu-veisliu-lohi-12-kg\/#breadcrumb","itemListElement":[{"@type":"ListItem","position":1,"name":"Home","item":"https:\/\/miumjau.ee\/lt\/"},{"@type":"ListItem","position":2,"name":"Parduotuv\u0117","item":"https:\/\/miumjau.ee\/lt\/parduotuve\/"},{"@type":"ListItem","position":3,"name":"Brit Care Be Gr\u016bd\u0173 Jaun\u0173 Dideli\u0173 Veisli\u0173 Lohi \u2013 12\u202fkg"}]},{"@type":"WebSite","@id":"https:\/\/miumjau.ee\/#website","url":"https:\/\/miumjau.ee\/","name":"MiuMjau","description":"Kraapimispuud kassidele","publisher":{"@id":"https:\/\/miumjau.ee\/#organization"},"potentialAction":[{"@type":"SearchAction","target":{"@type":"EntryPoint","urlTemplate":"https:\/\/miumjau.ee\/?s={search_term_string}"},"query-input":{"@type":"PropertyValueSpecification","valueRequired":true,"valueName":"search_term_string"}}],"inLanguage":"lt-LT"},{"@type":"Organization","@id":"https:\/\/miumjau.ee\/#organization","name":"MiuMjau O\u00dc","url":"https:\/\/miumjau.ee\/","logo":{"@type":"ImageObject","inLanguage":"lt-LT","@id":"https:\/\/miumjau.ee\/#\/schema\/logo\/image\/","url":"https:\/\/miumjau.ee\/wp-content\/uploads\/2022\/04\/MiuMjau-logo-kollane.png","contentUrl":"https:\/\/miumjau.ee\/wp-content\/uploads\/2022\/04\/MiuMjau-logo-kollane.png","width":219,"height":100,"caption":"MiuMjau O\u00dc"},"image":{"@id":"https:\/\/miumjau.ee\/#\/schema\/logo\/image\/"},"sameAs":["https:\/\/www.facebook.com\/miumjaupood\/"]}]}},"_links":{"self":[{"href":"https:\/\/miumjau.ee\/lt\/wp-json\/wp\/v2\/product\/51566","targetHints":{"allow":["GET"]}}],"collection":[{"href":"https:\/\/miumjau.ee\/lt\/wp-json\/wp\/v2\/product"}],"about":[{"href":"https:\/\/miumjau.ee\/lt\/wp-json\/wp\/v2\/types\/product"}],"wp:featuredmedia":[{"embeddable":true,"href":"https:\/\/miumjau.ee\/lt\/wp-json\/wp\/v2\/media\/51565"}],"wp:attachment":[{"href":"https:\/\/miumjau.ee\/lt\/wp-json\/wp\/v2\/media?parent=51566"}],"wp:term":[{"taxonomy":"product_brand","embeddable":true,"href":"https:\/\/miumjau.ee\/lt\/wp-json\/wp\/v2\/product_brand?post=51566"},{"taxonomy":"product_cat","embeddable":true,"href":"https:\/\/miumjau.ee\/lt\/wp-json\/wp\/v2\/product_cat?post=51566"},{"taxonomy":"product_tag","embeddable":true,"href":"https:\/\/miumjau.ee\/lt\/wp-json\/wp\/v2\/product_tag?post=51566"}],"curies":[{"name":"wp","href":"https:\/\/api.w.org\/{rel}","templated":true}]}}