{"id":51553,"date":"2025-04-07T12:07:51","date_gmt":"2025-04-07T09:07:51","guid":{"rendered":"https:\/\/miumjau.ee\/toode\/brit-care-be-grudu-suaugusiems-su-lasisa-odai-kailiui-3-kg\/"},"modified":"2026-01-07T20:40:25","modified_gmt":"2026-01-07T18:40:25","slug":"brit-care-be-grudu-suaugusiems-su-lasisa-odai-kailiui-3-kg","status":"publish","type":"product","link":"https:\/\/miumjau.ee\/lt\/produktas\/brit-care-be-grudu-suaugusiems-su-lasisa-odai-kailiui-3-kg\/","title":{"rendered":"Brit Care Be Gr\u016bd\u0173 Suaugusiems Su La\u0161i\u0161a Odai &#038; Kailiui \u2013 3\u202fkg"},"content":{"rendered":"","protected":false},"excerpt":{"rendered":"<p data-start=\"6487\" data-end=\"6610\">Be gr\u016bd\u0173 recept\u016bra su la\u0161i\u0161a ir bulv\u0117mis suaugusiems ma\u017e\u0173 ir vidutini\u0173 veisli\u0173 \u0161unims (1\u201325\u202fkg). Pilnavert\u0117 \u0161un\u0173 maistas.<\/p>\n<p data-start=\"6612\" data-end=\"6629\"><strong data-start=\"6612\" data-end=\"6627\">Privalumai:<\/strong><\/p>\n<ul data-start=\"6630\" data-end=\"6884\">\n<li data-start=\"6630\" data-end=\"6725\">\n<p data-start=\"6632\" data-end=\"6725\">Raumenys \u2013 turtinga omega-3 riebiosiomis r\u016bg\u0161timis, palaiko raumen\u0173 sintez\u0119 ir atsistatym\u0105.<\/p>\n<\/li>\n<li data-start=\"6726\" data-end=\"6795\">\n<p data-start=\"6728\" data-end=\"6795\">Sveika oda \u2013 \u0161altalankis palaiko inkst\u0173 ir \u0161lapimo tak\u0173 sveikat\u0105.<\/p>\n<\/li>\n<li data-start=\"6796\" data-end=\"6884\">\n<p data-start=\"6798\" data-end=\"6884\">Imunitetas \u2013 probiotikai ir antioksidantai stiprina imunitet\u0105 ir palaiko vir\u0161kinim\u0105.<\/p>\n<\/li>\n<\/ul>\n<p data-start=\"6886\" data-end=\"7428\"><strong data-start=\"6886\" data-end=\"6898\">Sud\u0117tis:<\/strong> La\u0161i\u0161a (50%) (d\u017eiovinta la\u0161i\u0161a, hidrolizuota la\u0161i\u0161a), bulv\u0117s (26%), d\u017eiovinta obuoli\u0173 mas\u0117, vi\u0161tienos riebalai, la\u0161i\u0161os aliejus (3%), nat\u016bralus skonis, \u017eirni\u0173 miltai, gliukozaminas (260\u202fmg\/kg), fruktooligosacharidai (200\u202fmg\/kg), chondroitino sulfatas (200\u202fmg\/kg), manano-oligosacharidai (150\u202fmg\/kg), Mojave yucca (150\u202fmg\/kg), pieno er\u0161k\u0117\u010di\u0173 s\u0117klos (90\u202fmg\/kg), \u03b2-gliukanai (50\u202fmg\/kg), d\u017eiovinta la\u0161i\u0161os ikra (50\u202fmg\/kg), d\u017eiovintas \u0161altalankis (50\u202fmg\/kg), inaktyvuotas probiotikas Lactobacillus helveticus HA\u2013122 (15\u00d710\u2079 CFU\/kg).<\/p>\n<p data-start=\"7430\" data-end=\"7680\"><strong data-start=\"7430\" data-end=\"7452\">Analitin\u0117 sud\u0117tis:<\/strong> \u017dali baltymai 26,0\u202f%, \u017eali riebalai 15,0\u202f%, dr\u0117gm\u0117 10,0\u202f%, pelenai 6,2\u202f%, pluo\u0161tas 3,5\u202f%, kalcis 1,1\u202f%, fosforas 0,8\u202f%, natrio 0,4\u202f%, omega-3 riebiosios r\u016bg\u0161tys 1,1\u202f%, omega-6 riebiosios r\u016bg\u0161tys 1,8\u202f%, EPA 0,12\u202f%, DHA 0,16\u202f%.<\/p>\n<p data-start=\"7682\" data-end=\"8089\"><strong data-start=\"7682\" data-end=\"7698\">Papildai kg:<\/strong> Vitaminas A 20\u202f000\u202fIU, D3 1\u202f500\u202fIU, E 500\u202fmg, C 300\u202fmg, taurinas 1\u202f500\u202fmg, cholinas 1\u202f800\u202fmg, L-karnitinas 250\u202fmg, B1 2,5\u202fmg, B2 9,6\u202fmg, biotinas 3,5\u202fmg, folio r\u016bg\u0161tis 1,2\u202fmg, B6 2,5\u202fmg, kalcio D-pantotenatas 25\u202fmg, niacinamidas 32,5\u202fmg, B12 0,1\u202fmg, jodas 0,8\u202fmg, organinis cinkas 85\u202fmg, organinis manganas 40\u202fmg, organinis varis 18\u202fmg, organinis gele\u017eis 75\u202fmg, organinis selenas 0,16\u202fmg.<\/p>\n<p data-start=\"8091\" data-end=\"8136\"><strong data-start=\"8091\" data-end=\"8120\">Metabolizuojama energija:<\/strong> 3\u202f740\u202fkcal\/kg<\/p>\n","protected":false},"featured_media":51552,"template":"","meta":[],"product_brand":[],"product_cat":[538],"product_tag":[],"class_list":{"0":"post-51553","1":"product","2":"type-product","3":"status-publish","4":"has-post-thumbnail","6":"product_cat-sausas-maistas-sunims","8":"first","9":"instock","10":"sale","11":"taxable","12":"shipping-taxable","13":"purchasable","14":"product-type-simple"},"yoast_head":"<!-- This site is optimized with the Yoast SEO plugin v27.2 - https:\/\/yoast.com\/product\/yoast-seo-wordpress\/ -->\n<title>Brit Care Be Gr\u016bd\u0173 Suaugusiems Su La\u0161i\u0161a Odai &amp; Kailiui \u2013 3\u202fkg - MiuMjau<\/title>\n<meta name=\"robots\" content=\"index, follow, max-snippet:-1, max-image-preview:large, max-video-preview:-1\" \/>\n<link rel=\"canonical\" href=\"https:\/\/miumjau.ee\/lt\/produktas\/brit-care-be-grudu-suaugusiems-su-lasisa-odai-kailiui-3-kg\/\" \/>\n<meta property=\"og:locale\" content=\"lt_LT\" \/>\n<meta property=\"og:type\" content=\"article\" \/>\n<meta property=\"og:title\" content=\"Brit Care Be Gr\u016bd\u0173 Suaugusiems Su La\u0161i\u0161a Odai &amp; Kailiui \u2013 3\u202fkg - MiuMjau\" \/>\n<meta property=\"og:description\" content=\"Be gr\u016bd\u0173 recept\u016bra su la\u0161i\u0161a ir bulv\u0117mis suaugusiems ma\u017e\u0173 ir vidutini\u0173 veisli\u0173 \u0161unims (1\u201325\u202fkg). Pilnavert\u0117 \u0161un\u0173 maistas. Privalumai:     Raumenys \u2013 turtinga omega-3 riebiosiomis r\u016bg\u0161timis, palaiko raumen\u0173 sintez\u0119 ir atsistatym\u0105.    Sveika oda \u2013 \u0161altalankis palaiko inkst\u0173 ir \u0161lapimo tak\u0173 sveikat\u0105.    Imunitetas \u2013 probiotikai ir antioksidantai stiprina imunitet\u0105 ir palaiko vir\u0161kinim\u0105.   Sud\u0117tis: La\u0161i\u0161a (50%) (d\u017eiovinta la\u0161i\u0161a, hidrolizuota la\u0161i\u0161a), bulv\u0117s (26%), d\u017eiovinta obuoli\u0173 mas\u0117, vi\u0161tienos riebalai, la\u0161i\u0161os aliejus (3%), nat\u016bralus skonis, \u017eirni\u0173 miltai, gliukozaminas (260\u202fmg\/kg), fruktooligosacharidai (200\u202fmg\/kg), chondroitino sulfatas (200\u202fmg\/kg), manano-oligosacharidai (150\u202fmg\/kg), Mojave yucca (150\u202fmg\/kg), pieno er\u0161k\u0117\u010di\u0173 s\u0117klos (90\u202fmg\/kg), \u03b2-gliukanai (50\u202fmg\/kg), d\u017eiovinta la\u0161i\u0161os ikra (50\u202fmg\/kg), d\u017eiovintas \u0161altalankis (50\u202fmg\/kg), inaktyvuotas probiotikas Lactobacillus helveticus HA\u2013122 (15\u00d710\u2079 CFU\/kg). Analitin\u0117 sud\u0117tis: \u017dali baltymai 26,0\u202f%, \u017eali riebalai 15,0\u202f%, dr\u0117gm\u0117 10,0\u202f%, pelenai 6,2\u202f%, pluo\u0161tas 3,5\u202f%, kalcis 1,1\u202f%, fosforas 0,8\u202f%, natrio 0,4\u202f%, omega-3 riebiosios r\u016bg\u0161tys 1,1\u202f%, omega-6 riebiosios r\u016bg\u0161tys 1,8\u202f%, EPA 0,12\u202f%, DHA 0,16\u202f%. Papildai kg: Vitaminas A 20\u202f000\u202fIU, D3 1\u202f500\u202fIU, E 500\u202fmg, C 300\u202fmg, taurinas 1\u202f500\u202fmg, cholinas 1\u202f800\u202fmg, L-karnitinas 250\u202fmg, B1 2,5\u202fmg, B2 9,6\u202fmg, biotinas 3,5\u202fmg, folio r\u016bg\u0161tis 1,2\u202fmg, B6 2,5\u202fmg, kalcio D-pantotenatas 25\u202fmg, niacinamidas 32,5\u202fmg, B12 0,1\u202fmg, jodas 0,8\u202fmg, organinis cinkas 85\u202fmg, organinis manganas 40\u202fmg, organinis varis 18\u202fmg, organinis gele\u017eis 75\u202fmg, organinis selenas 0,16\u202fmg. Metabolizuojama energija: 3\u202f740\u202fkcal\/kg\" \/>\n<meta property=\"og:url\" content=\"https:\/\/miumjau.ee\/lt\/produktas\/brit-care-be-grudu-suaugusiems-su-lasisa-odai-kailiui-3-kg\/\" \/>\n<meta property=\"og:site_name\" content=\"MiuMjau\" \/>\n<meta property=\"article:publisher\" content=\"https:\/\/www.facebook.com\/miumjaupood\/\" \/>\n<meta property=\"article:modified_time\" content=\"2026-01-07T18:40:25+00:00\" \/>\n<meta property=\"og:image\" content=\"https:\/\/miumjau.ee\/wp-content\/uploads\/2025\/04\/brit-care-adult-salmon-skincoat-Photoroom.webp\" \/>\n\t<meta property=\"og:image:width\" content=\"600\" \/>\n\t<meta property=\"og:image:height\" content=\"800\" \/>\n\t<meta property=\"og:image:type\" content=\"image\/webp\" \/>\n<meta name=\"twitter:card\" content=\"summary_large_image\" \/>\n<script type=\"application\/ld+json\" class=\"yoast-schema-graph\">{\"@context\":\"https:\/\/schema.org\",\"@graph\":[{\"@type\":\"WebPage\",\"@id\":\"https:\/\/miumjau.ee\/lt\/produktas\/brit-care-be-grudu-suaugusiems-su-lasisa-odai-kailiui-3-kg\/\",\"url\":\"https:\/\/miumjau.ee\/lt\/produktas\/brit-care-be-grudu-suaugusiems-su-lasisa-odai-kailiui-3-kg\/\",\"name\":\"Brit Care Be Gr\u016bd\u0173 Suaugusiems Su La\u0161i\u0161a Odai & Kailiui \u2013 3\u202fkg - MiuMjau\",\"isPartOf\":{\"@id\":\"https:\/\/miumjau.ee\/#website\"},\"primaryImageOfPage\":{\"@id\":\"https:\/\/miumjau.ee\/lt\/produktas\/brit-care-be-grudu-suaugusiems-su-lasisa-odai-kailiui-3-kg\/#primaryimage\"},\"image\":{\"@id\":\"https:\/\/miumjau.ee\/lt\/produktas\/brit-care-be-grudu-suaugusiems-su-lasisa-odai-kailiui-3-kg\/#primaryimage\"},\"thumbnailUrl\":\"https:\/\/miumjau.ee\/wp-content\/uploads\/2025\/04\/brit-care-adult-salmon-skincoat-Photoroom.webp\",\"datePublished\":\"2025-04-07T09:07:51+00:00\",\"dateModified\":\"2026-01-07T18:40:25+00:00\",\"breadcrumb\":{\"@id\":\"https:\/\/miumjau.ee\/lt\/produktas\/brit-care-be-grudu-suaugusiems-su-lasisa-odai-kailiui-3-kg\/#breadcrumb\"},\"inLanguage\":\"lt-LT\",\"potentialAction\":[{\"@type\":\"ReadAction\",\"target\":[\"https:\/\/miumjau.ee\/lt\/produktas\/brit-care-be-grudu-suaugusiems-su-lasisa-odai-kailiui-3-kg\/\"]}]},{\"@type\":\"ImageObject\",\"inLanguage\":\"lt-LT\",\"@id\":\"https:\/\/miumjau.ee\/lt\/produktas\/brit-care-be-grudu-suaugusiems-su-lasisa-odai-kailiui-3-kg\/#primaryimage\",\"url\":\"https:\/\/miumjau.ee\/wp-content\/uploads\/2025\/04\/brit-care-adult-salmon-skincoat-Photoroom.webp\",\"contentUrl\":\"https:\/\/miumjau.ee\/wp-content\/uploads\/2025\/04\/brit-care-adult-salmon-skincoat-Photoroom.webp\",\"width\":600,\"height\":800},{\"@type\":\"BreadcrumbList\",\"@id\":\"https:\/\/miumjau.ee\/lt\/produktas\/brit-care-be-grudu-suaugusiems-su-lasisa-odai-kailiui-3-kg\/#breadcrumb\",\"itemListElement\":[{\"@type\":\"ListItem\",\"position\":1,\"name\":\"Home\",\"item\":\"https:\/\/miumjau.ee\/lt\/\"},{\"@type\":\"ListItem\",\"position\":2,\"name\":\"Parduotuv\u0117\",\"item\":\"https:\/\/miumjau.ee\/lt\/parduotuve\/\"},{\"@type\":\"ListItem\",\"position\":3,\"name\":\"Brit Care Be Gr\u016bd\u0173 Suaugusiems Su La\u0161i\u0161a Odai &#038; Kailiui \u2013 3\u202fkg\"}]},{\"@type\":\"WebSite\",\"@id\":\"https:\/\/miumjau.ee\/#website\",\"url\":\"https:\/\/miumjau.ee\/\",\"name\":\"MiuMjau\",\"description\":\"Kraapimispuud kassidele\",\"publisher\":{\"@id\":\"https:\/\/miumjau.ee\/#organization\"},\"potentialAction\":[{\"@type\":\"SearchAction\",\"target\":{\"@type\":\"EntryPoint\",\"urlTemplate\":\"https:\/\/miumjau.ee\/?s={search_term_string}\"},\"query-input\":{\"@type\":\"PropertyValueSpecification\",\"valueRequired\":true,\"valueName\":\"search_term_string\"}}],\"inLanguage\":\"lt-LT\"},{\"@type\":\"Organization\",\"@id\":\"https:\/\/miumjau.ee\/#organization\",\"name\":\"MiuMjau O\u00dc\",\"url\":\"https:\/\/miumjau.ee\/\",\"logo\":{\"@type\":\"ImageObject\",\"inLanguage\":\"lt-LT\",\"@id\":\"https:\/\/miumjau.ee\/#\/schema\/logo\/image\/\",\"url\":\"https:\/\/miumjau.ee\/wp-content\/uploads\/2022\/04\/MiuMjau-logo-kollane.png\",\"contentUrl\":\"https:\/\/miumjau.ee\/wp-content\/uploads\/2022\/04\/MiuMjau-logo-kollane.png\",\"width\":219,\"height\":100,\"caption\":\"MiuMjau O\u00dc\"},\"image\":{\"@id\":\"https:\/\/miumjau.ee\/#\/schema\/logo\/image\/\"},\"sameAs\":[\"https:\/\/www.facebook.com\/miumjaupood\/\"]}]}<\/script>\n<!-- \/ Yoast SEO plugin. -->","yoast_head_json":{"title":"Brit Care Be Gr\u016bd\u0173 Suaugusiems Su La\u0161i\u0161a Odai & Kailiui \u2013 3\u202fkg - MiuMjau","robots":{"index":"index","follow":"follow","max-snippet":"max-snippet:-1","max-image-preview":"max-image-preview:large","max-video-preview":"max-video-preview:-1"},"canonical":"https:\/\/miumjau.ee\/lt\/produktas\/brit-care-be-grudu-suaugusiems-su-lasisa-odai-kailiui-3-kg\/","og_locale":"lt_LT","og_type":"article","og_title":"Brit Care Be Gr\u016bd\u0173 Suaugusiems Su La\u0161i\u0161a Odai & Kailiui \u2013 3\u202fkg - MiuMjau","og_description":"Be gr\u016bd\u0173 recept\u016bra su la\u0161i\u0161a ir bulv\u0117mis suaugusiems ma\u017e\u0173 ir vidutini\u0173 veisli\u0173 \u0161unims (1\u201325\u202fkg). Pilnavert\u0117 \u0161un\u0173 maistas. Privalumai:     Raumenys \u2013 turtinga omega-3 riebiosiomis r\u016bg\u0161timis, palaiko raumen\u0173 sintez\u0119 ir atsistatym\u0105.    Sveika oda \u2013 \u0161altalankis palaiko inkst\u0173 ir \u0161lapimo tak\u0173 sveikat\u0105.    Imunitetas \u2013 probiotikai ir antioksidantai stiprina imunitet\u0105 ir palaiko vir\u0161kinim\u0105.   Sud\u0117tis: La\u0161i\u0161a (50%) (d\u017eiovinta la\u0161i\u0161a, hidrolizuota la\u0161i\u0161a), bulv\u0117s (26%), d\u017eiovinta obuoli\u0173 mas\u0117, vi\u0161tienos riebalai, la\u0161i\u0161os aliejus (3%), nat\u016bralus skonis, \u017eirni\u0173 miltai, gliukozaminas (260\u202fmg\/kg), fruktooligosacharidai (200\u202fmg\/kg), chondroitino sulfatas (200\u202fmg\/kg), manano-oligosacharidai (150\u202fmg\/kg), Mojave yucca (150\u202fmg\/kg), pieno er\u0161k\u0117\u010di\u0173 s\u0117klos (90\u202fmg\/kg), \u03b2-gliukanai (50\u202fmg\/kg), d\u017eiovinta la\u0161i\u0161os ikra (50\u202fmg\/kg), d\u017eiovintas \u0161altalankis (50\u202fmg\/kg), inaktyvuotas probiotikas Lactobacillus helveticus HA\u2013122 (15\u00d710\u2079 CFU\/kg). Analitin\u0117 sud\u0117tis: \u017dali baltymai 26,0\u202f%, \u017eali riebalai 15,0\u202f%, dr\u0117gm\u0117 10,0\u202f%, pelenai 6,2\u202f%, pluo\u0161tas 3,5\u202f%, kalcis 1,1\u202f%, fosforas 0,8\u202f%, natrio 0,4\u202f%, omega-3 riebiosios r\u016bg\u0161tys 1,1\u202f%, omega-6 riebiosios r\u016bg\u0161tys 1,8\u202f%, EPA 0,12\u202f%, DHA 0,16\u202f%. Papildai kg: Vitaminas A 20\u202f000\u202fIU, D3 1\u202f500\u202fIU, E 500\u202fmg, C 300\u202fmg, taurinas 1\u202f500\u202fmg, cholinas 1\u202f800\u202fmg, L-karnitinas 250\u202fmg, B1 2,5\u202fmg, B2 9,6\u202fmg, biotinas 3,5\u202fmg, folio r\u016bg\u0161tis 1,2\u202fmg, B6 2,5\u202fmg, kalcio D-pantotenatas 25\u202fmg, niacinamidas 32,5\u202fmg, B12 0,1\u202fmg, jodas 0,8\u202fmg, organinis cinkas 85\u202fmg, organinis manganas 40\u202fmg, organinis varis 18\u202fmg, organinis gele\u017eis 75\u202fmg, organinis selenas 0,16\u202fmg. Metabolizuojama energija: 3\u202f740\u202fkcal\/kg","og_url":"https:\/\/miumjau.ee\/lt\/produktas\/brit-care-be-grudu-suaugusiems-su-lasisa-odai-kailiui-3-kg\/","og_site_name":"MiuMjau","article_publisher":"https:\/\/www.facebook.com\/miumjaupood\/","article_modified_time":"2026-01-07T18:40:25+00:00","og_image":[{"width":600,"height":800,"url":"https:\/\/miumjau.ee\/wp-content\/uploads\/2025\/04\/brit-care-adult-salmon-skincoat-Photoroom.webp","type":"image\/webp"}],"twitter_card":"summary_large_image","schema":{"@context":"https:\/\/schema.org","@graph":[{"@type":"WebPage","@id":"https:\/\/miumjau.ee\/lt\/produktas\/brit-care-be-grudu-suaugusiems-su-lasisa-odai-kailiui-3-kg\/","url":"https:\/\/miumjau.ee\/lt\/produktas\/brit-care-be-grudu-suaugusiems-su-lasisa-odai-kailiui-3-kg\/","name":"Brit Care Be Gr\u016bd\u0173 Suaugusiems Su La\u0161i\u0161a Odai & Kailiui \u2013 3\u202fkg - MiuMjau","isPartOf":{"@id":"https:\/\/miumjau.ee\/#website"},"primaryImageOfPage":{"@id":"https:\/\/miumjau.ee\/lt\/produktas\/brit-care-be-grudu-suaugusiems-su-lasisa-odai-kailiui-3-kg\/#primaryimage"},"image":{"@id":"https:\/\/miumjau.ee\/lt\/produktas\/brit-care-be-grudu-suaugusiems-su-lasisa-odai-kailiui-3-kg\/#primaryimage"},"thumbnailUrl":"https:\/\/miumjau.ee\/wp-content\/uploads\/2025\/04\/brit-care-adult-salmon-skincoat-Photoroom.webp","datePublished":"2025-04-07T09:07:51+00:00","dateModified":"2026-01-07T18:40:25+00:00","breadcrumb":{"@id":"https:\/\/miumjau.ee\/lt\/produktas\/brit-care-be-grudu-suaugusiems-su-lasisa-odai-kailiui-3-kg\/#breadcrumb"},"inLanguage":"lt-LT","potentialAction":[{"@type":"ReadAction","target":["https:\/\/miumjau.ee\/lt\/produktas\/brit-care-be-grudu-suaugusiems-su-lasisa-odai-kailiui-3-kg\/"]}]},{"@type":"ImageObject","inLanguage":"lt-LT","@id":"https:\/\/miumjau.ee\/lt\/produktas\/brit-care-be-grudu-suaugusiems-su-lasisa-odai-kailiui-3-kg\/#primaryimage","url":"https:\/\/miumjau.ee\/wp-content\/uploads\/2025\/04\/brit-care-adult-salmon-skincoat-Photoroom.webp","contentUrl":"https:\/\/miumjau.ee\/wp-content\/uploads\/2025\/04\/brit-care-adult-salmon-skincoat-Photoroom.webp","width":600,"height":800},{"@type":"BreadcrumbList","@id":"https:\/\/miumjau.ee\/lt\/produktas\/brit-care-be-grudu-suaugusiems-su-lasisa-odai-kailiui-3-kg\/#breadcrumb","itemListElement":[{"@type":"ListItem","position":1,"name":"Home","item":"https:\/\/miumjau.ee\/lt\/"},{"@type":"ListItem","position":2,"name":"Parduotuv\u0117","item":"https:\/\/miumjau.ee\/lt\/parduotuve\/"},{"@type":"ListItem","position":3,"name":"Brit Care Be Gr\u016bd\u0173 Suaugusiems Su La\u0161i\u0161a Odai &#038; Kailiui \u2013 3\u202fkg"}]},{"@type":"WebSite","@id":"https:\/\/miumjau.ee\/#website","url":"https:\/\/miumjau.ee\/","name":"MiuMjau","description":"Kraapimispuud kassidele","publisher":{"@id":"https:\/\/miumjau.ee\/#organization"},"potentialAction":[{"@type":"SearchAction","target":{"@type":"EntryPoint","urlTemplate":"https:\/\/miumjau.ee\/?s={search_term_string}"},"query-input":{"@type":"PropertyValueSpecification","valueRequired":true,"valueName":"search_term_string"}}],"inLanguage":"lt-LT"},{"@type":"Organization","@id":"https:\/\/miumjau.ee\/#organization","name":"MiuMjau O\u00dc","url":"https:\/\/miumjau.ee\/","logo":{"@type":"ImageObject","inLanguage":"lt-LT","@id":"https:\/\/miumjau.ee\/#\/schema\/logo\/image\/","url":"https:\/\/miumjau.ee\/wp-content\/uploads\/2022\/04\/MiuMjau-logo-kollane.png","contentUrl":"https:\/\/miumjau.ee\/wp-content\/uploads\/2022\/04\/MiuMjau-logo-kollane.png","width":219,"height":100,"caption":"MiuMjau O\u00dc"},"image":{"@id":"https:\/\/miumjau.ee\/#\/schema\/logo\/image\/"},"sameAs":["https:\/\/www.facebook.com\/miumjaupood\/"]}]}},"_links":{"self":[{"href":"https:\/\/miumjau.ee\/lt\/wp-json\/wp\/v2\/product\/51553","targetHints":{"allow":["GET"]}}],"collection":[{"href":"https:\/\/miumjau.ee\/lt\/wp-json\/wp\/v2\/product"}],"about":[{"href":"https:\/\/miumjau.ee\/lt\/wp-json\/wp\/v2\/types\/product"}],"wp:featuredmedia":[{"embeddable":true,"href":"https:\/\/miumjau.ee\/lt\/wp-json\/wp\/v2\/media\/51552"}],"wp:attachment":[{"href":"https:\/\/miumjau.ee\/lt\/wp-json\/wp\/v2\/media?parent=51553"}],"wp:term":[{"taxonomy":"product_brand","embeddable":true,"href":"https:\/\/miumjau.ee\/lt\/wp-json\/wp\/v2\/product_brand?post=51553"},{"taxonomy":"product_cat","embeddable":true,"href":"https:\/\/miumjau.ee\/lt\/wp-json\/wp\/v2\/product_cat?post=51553"},{"taxonomy":"product_tag","embeddable":true,"href":"https:\/\/miumjau.ee\/lt\/wp-json\/wp\/v2\/product_tag?post=51553"}],"curies":[{"name":"wp","href":"https:\/\/api.w.org\/{rel}","templated":true}]}}