{"id":51546,"date":"2025-04-07T21:14:52","date_gmt":"2025-04-07T18:14:52","guid":{"rendered":"https:\/\/miumjau.ee\/toode\/brit-care-mini-puppy-be-grudu-su-aviena-400-g\/"},"modified":"2026-01-07T20:40:25","modified_gmt":"2026-01-07T18:40:25","slug":"brit-care-mini-puppy-be-grudu-su-aviena-400-g","status":"publish","type":"product","link":"https:\/\/miumjau.ee\/lt\/produktas\/brit-care-mini-puppy-be-grudu-su-aviena-400-g\/","title":{"rendered":"Brit Care Mini Puppy Be Gr\u016bd\u0173 Su Aviena \u2013 400\u202fg"},"content":{"rendered":"","protected":false},"excerpt":{"rendered":"<p data-start=\"5447\" data-end=\"5552\">Be gr\u016bd\u0173, hipoalergin\u0117 recept\u016bra mini veisl\u0117s \u0161uniukams (nuo 4 savai\u010di\u0173 iki 10 m\u0117nesi\u0173) ir j\u0173 motinoms.<\/p>\n<p data-start=\"5554\" data-end=\"6396\"><strong data-start=\"5554\" data-end=\"5571\">Ingredientai:<\/strong> Avienos miltai (35\u202f%), \u0161vie\u017eias avienos baltymas (20\u202f%), geltonieji \u017eirniai, vi\u0161tienos riebalai (konservuoti tokoferoliais), avin\u017eirniai, lin\u0173 s\u0117klos (5\u202f%), la\u0161i\u0161os aliejus (3\u202f%), grikiai, d\u017eiovinti obuoliai, alaus miel\u0117s, j\u016bros dumbli\u0173 milteliai (0,5\u202f%, Ascophyllum nodosum), hidrolizuotos v\u0117\u017eiagyvi\u0173 kiautai (gliukozamino \u0161altinis, 290\u202fmg\/kg), m\u0117lyn\u0117s (250\u202fmg\/kg \u2013 polifenoli\u0173 \u0161altinis 75\u202fmg\/kg, flavonoid\u0173 \u0161altinis 35\u202fmg\/kg), kremzli\u0173 ekstraktas (chondroitino \u0161altinis, 180\u202fmg\/kg), manano-oligosacharidai (170\u202fmg\/kg), \u017eolel\u0117s ir vaisiai (rozmarinas, gvazdik\u0117liai, citrusiniai vaisiai, ciber\u017eol\u0117 \u2013 160\u202fmg\/kg), fruktooligosacharidai (110\u202fmg\/kg), Yucca schidigera (110\u202fmg\/kg), inulinas (100\u202fmg\/kg), pienin\u0117 kardamon\u0117 (80\u202fmg\/kg), \u0161altalankiai (80\u202fmg\/kg), ramun\u0117l\u0117s (35\u202fmg\/kg), gvazdik\u0117liai (35\u202fmg\/kg), \u0161alavijas (30\u202fmg\/kg).<\/p>\n<p data-start=\"6398\" data-end=\"6646\"><strong data-start=\"6398\" data-end=\"6420\">Analitin\u0117 sud\u0117tis:<\/strong> \u017dali baltymai 33,0\u202f%, \u017eali riebalai 23,0\u202f%, dr\u0117gm\u0117 10,0\u202f%, pelenai 8,5\u202f%, pluo\u0161tas 1,5\u202f%, kalcis 1,6\u202f%, fosforas 1,3\u202f%, omega-3 riebiosios r\u016bg\u0161tys 1,9\u202f%, omega-6 riebiosios r\u016bg\u0161tys 3,2\u202f%, eikozapentaeno r\u016bg\u0161tis (EPA) 0,2\u202f%.<\/p>\n<p data-start=\"6648\" data-end=\"7137\"><strong data-start=\"6648\" data-end=\"6661\">Papildai:<\/strong> Vitaminas A (3a672a) 23\u202f000\u202fIU, D3 (E671) 1\u202f800\u202fIU, E (\u03b1-tokoferolis) (3a700) 650\u202fmg, C (3a312) 350\u202fmg, cholino chloridas (3a890) 700\u202fmg, taurinas (3a370) 220\u202fmg, biotinas (3a880) 3,5\u202fmg, B1 (3a821) 1,2\u202fmg, B2 4,5\u202fmg, niacinamidas (3a315) 15\u202fmg, kalcio D-pantotenatas (3a841) 12\u202fmg, B6 (3a831) 1,2\u202fmg, folio r\u016bg\u0161tis (3a316) 0,6\u202fmg, B12 0,04\u202fmg, cinkas (3b606) 110\u202fmg, gele\u017eis (E1) 90\u202fmg, manganas (E5) 45\u202fmg, jodas (3b201) 0,8\u202fmg, varis (E4) 18\u202fmg, selenas (3b8.10) 0,2\u202fmg.<\/p>\n<p data-start=\"7139\" data-end=\"7184\"><strong data-start=\"7139\" data-end=\"7168\">Metabolizuojama energija:<\/strong> 4\u202f200\u202fkcal\/kg<\/p>\n","protected":false},"featured_media":51545,"template":"","meta":[],"product_brand":[],"product_cat":[538],"product_tag":[],"class_list":{"0":"post-51546","1":"product","2":"type-product","3":"status-publish","4":"has-post-thumbnail","6":"product_cat-sausas-maistas-sunims","8":"first","9":"instock","10":"sale","11":"taxable","12":"shipping-taxable","13":"purchasable","14":"product-type-simple"},"yoast_head":"<!-- This site is optimized with the Yoast SEO plugin v27.2 - https:\/\/yoast.com\/product\/yoast-seo-wordpress\/ -->\n<title>Brit Care Mini Puppy Be Gr\u016bd\u0173 Su Aviena \u2013 400\u202fg - MiuMjau<\/title>\n<meta name=\"robots\" content=\"index, follow, max-snippet:-1, max-image-preview:large, max-video-preview:-1\" \/>\n<link rel=\"canonical\" href=\"https:\/\/miumjau.ee\/lt\/produktas\/brit-care-mini-puppy-be-grudu-su-aviena-400-g\/\" \/>\n<meta property=\"og:locale\" content=\"lt_LT\" \/>\n<meta property=\"og:type\" content=\"article\" \/>\n<meta property=\"og:title\" content=\"Brit Care Mini Puppy Be Gr\u016bd\u0173 Su Aviena \u2013 400\u202fg - MiuMjau\" \/>\n<meta property=\"og:description\" content=\"Be gr\u016bd\u0173, hipoalergin\u0117 recept\u016bra mini veisl\u0117s \u0161uniukams (nuo 4 savai\u010di\u0173 iki 10 m\u0117nesi\u0173) ir j\u0173 motinoms. Ingredientai: Avienos miltai (35\u202f%), \u0161vie\u017eias avienos baltymas (20\u202f%), geltonieji \u017eirniai, vi\u0161tienos riebalai (konservuoti tokoferoliais), avin\u017eirniai, lin\u0173 s\u0117klos (5\u202f%), la\u0161i\u0161os aliejus (3\u202f%), grikiai, d\u017eiovinti obuoliai, alaus miel\u0117s, j\u016bros dumbli\u0173 milteliai (0,5\u202f%, Ascophyllum nodosum), hidrolizuotos v\u0117\u017eiagyvi\u0173 kiautai (gliukozamino \u0161altinis, 290\u202fmg\/kg), m\u0117lyn\u0117s (250\u202fmg\/kg \u2013 polifenoli\u0173 \u0161altinis 75\u202fmg\/kg, flavonoid\u0173 \u0161altinis 35\u202fmg\/kg), kremzli\u0173 ekstraktas (chondroitino \u0161altinis, 180\u202fmg\/kg), manano-oligosacharidai (170\u202fmg\/kg), \u017eolel\u0117s ir vaisiai (rozmarinas, gvazdik\u0117liai, citrusiniai vaisiai, ciber\u017eol\u0117 \u2013 160\u202fmg\/kg), fruktooligosacharidai (110\u202fmg\/kg), Yucca schidigera (110\u202fmg\/kg), inulinas (100\u202fmg\/kg), pienin\u0117 kardamon\u0117 (80\u202fmg\/kg), \u0161altalankiai (80\u202fmg\/kg), ramun\u0117l\u0117s (35\u202fmg\/kg), gvazdik\u0117liai (35\u202fmg\/kg), \u0161alavijas (30\u202fmg\/kg). Analitin\u0117 sud\u0117tis: \u017dali baltymai 33,0\u202f%, \u017eali riebalai 23,0\u202f%, dr\u0117gm\u0117 10,0\u202f%, pelenai 8,5\u202f%, pluo\u0161tas 1,5\u202f%, kalcis 1,6\u202f%, fosforas 1,3\u202f%, omega-3 riebiosios r\u016bg\u0161tys 1,9\u202f%, omega-6 riebiosios r\u016bg\u0161tys 3,2\u202f%, eikozapentaeno r\u016bg\u0161tis (EPA) 0,2\u202f%. Papildai: Vitaminas A (3a672a) 23\u202f000\u202fIU, D3 (E671) 1\u202f800\u202fIU, E (\u03b1-tokoferolis) (3a700) 650\u202fmg, C (3a312) 350\u202fmg, cholino chloridas (3a890) 700\u202fmg, taurinas (3a370) 220\u202fmg, biotinas (3a880) 3,5\u202fmg, B1 (3a821) 1,2\u202fmg, B2 4,5\u202fmg, niacinamidas (3a315) 15\u202fmg, kalcio D-pantotenatas (3a841) 12\u202fmg, B6 (3a831) 1,2\u202fmg, folio r\u016bg\u0161tis (3a316) 0,6\u202fmg, B12 0,04\u202fmg, cinkas (3b606) 110\u202fmg, gele\u017eis (E1) 90\u202fmg, manganas (E5) 45\u202fmg, jodas (3b201) 0,8\u202fmg, varis (E4) 18\u202fmg, selenas (3b8.10) 0,2\u202fmg. Metabolizuojama energija: 4\u202f200\u202fkcal\/kg\" \/>\n<meta property=\"og:url\" content=\"https:\/\/miumjau.ee\/lt\/produktas\/brit-care-mini-puppy-be-grudu-su-aviena-400-g\/\" \/>\n<meta property=\"og:site_name\" content=\"MiuMjau\" \/>\n<meta property=\"article:publisher\" content=\"https:\/\/www.facebook.com\/miumjaupood\/\" \/>\n<meta property=\"article:modified_time\" content=\"2026-01-07T18:40:25+00:00\" \/>\n<meta property=\"og:image\" content=\"https:\/\/miumjau.ee\/wp-content\/uploads\/2025\/04\/brit-care-mini-koeratoit4.webp\" \/>\n\t<meta property=\"og:image:width\" content=\"600\" \/>\n\t<meta property=\"og:image:height\" content=\"800\" \/>\n\t<meta property=\"og:image:type\" content=\"image\/webp\" \/>\n<meta name=\"twitter:card\" content=\"summary_large_image\" \/>\n<script type=\"application\/ld+json\" class=\"yoast-schema-graph\">{\"@context\":\"https:\/\/schema.org\",\"@graph\":[{\"@type\":\"WebPage\",\"@id\":\"https:\/\/miumjau.ee\/lt\/produktas\/brit-care-mini-puppy-be-grudu-su-aviena-400-g\/\",\"url\":\"https:\/\/miumjau.ee\/lt\/produktas\/brit-care-mini-puppy-be-grudu-su-aviena-400-g\/\",\"name\":\"Brit Care Mini Puppy Be Gr\u016bd\u0173 Su Aviena \u2013 400\u202fg - MiuMjau\",\"isPartOf\":{\"@id\":\"https:\/\/miumjau.ee\/#website\"},\"primaryImageOfPage\":{\"@id\":\"https:\/\/miumjau.ee\/lt\/produktas\/brit-care-mini-puppy-be-grudu-su-aviena-400-g\/#primaryimage\"},\"image\":{\"@id\":\"https:\/\/miumjau.ee\/lt\/produktas\/brit-care-mini-puppy-be-grudu-su-aviena-400-g\/#primaryimage\"},\"thumbnailUrl\":\"https:\/\/miumjau.ee\/wp-content\/uploads\/2025\/04\/brit-care-mini-koeratoit4.webp\",\"datePublished\":\"2025-04-07T18:14:52+00:00\",\"dateModified\":\"2026-01-07T18:40:25+00:00\",\"breadcrumb\":{\"@id\":\"https:\/\/miumjau.ee\/lt\/produktas\/brit-care-mini-puppy-be-grudu-su-aviena-400-g\/#breadcrumb\"},\"inLanguage\":\"lt-LT\",\"potentialAction\":[{\"@type\":\"ReadAction\",\"target\":[\"https:\/\/miumjau.ee\/lt\/produktas\/brit-care-mini-puppy-be-grudu-su-aviena-400-g\/\"]}]},{\"@type\":\"ImageObject\",\"inLanguage\":\"lt-LT\",\"@id\":\"https:\/\/miumjau.ee\/lt\/produktas\/brit-care-mini-puppy-be-grudu-su-aviena-400-g\/#primaryimage\",\"url\":\"https:\/\/miumjau.ee\/wp-content\/uploads\/2025\/04\/brit-care-mini-koeratoit4.webp\",\"contentUrl\":\"https:\/\/miumjau.ee\/wp-content\/uploads\/2025\/04\/brit-care-mini-koeratoit4.webp\",\"width\":600,\"height\":800},{\"@type\":\"BreadcrumbList\",\"@id\":\"https:\/\/miumjau.ee\/lt\/produktas\/brit-care-mini-puppy-be-grudu-su-aviena-400-g\/#breadcrumb\",\"itemListElement\":[{\"@type\":\"ListItem\",\"position\":1,\"name\":\"Home\",\"item\":\"https:\/\/miumjau.ee\/lt\/\"},{\"@type\":\"ListItem\",\"position\":2,\"name\":\"Parduotuv\u0117\",\"item\":\"https:\/\/miumjau.ee\/lt\/parduotuve\/\"},{\"@type\":\"ListItem\",\"position\":3,\"name\":\"Brit Care Mini Puppy Be Gr\u016bd\u0173 Su Aviena \u2013 400\u202fg\"}]},{\"@type\":\"WebSite\",\"@id\":\"https:\/\/miumjau.ee\/#website\",\"url\":\"https:\/\/miumjau.ee\/\",\"name\":\"MiuMjau\",\"description\":\"Kraapimispuud kassidele\",\"publisher\":{\"@id\":\"https:\/\/miumjau.ee\/#organization\"},\"potentialAction\":[{\"@type\":\"SearchAction\",\"target\":{\"@type\":\"EntryPoint\",\"urlTemplate\":\"https:\/\/miumjau.ee\/?s={search_term_string}\"},\"query-input\":{\"@type\":\"PropertyValueSpecification\",\"valueRequired\":true,\"valueName\":\"search_term_string\"}}],\"inLanguage\":\"lt-LT\"},{\"@type\":\"Organization\",\"@id\":\"https:\/\/miumjau.ee\/#organization\",\"name\":\"MiuMjau O\u00dc\",\"url\":\"https:\/\/miumjau.ee\/\",\"logo\":{\"@type\":\"ImageObject\",\"inLanguage\":\"lt-LT\",\"@id\":\"https:\/\/miumjau.ee\/#\/schema\/logo\/image\/\",\"url\":\"https:\/\/miumjau.ee\/wp-content\/uploads\/2022\/04\/MiuMjau-logo-kollane.png\",\"contentUrl\":\"https:\/\/miumjau.ee\/wp-content\/uploads\/2022\/04\/MiuMjau-logo-kollane.png\",\"width\":219,\"height\":100,\"caption\":\"MiuMjau O\u00dc\"},\"image\":{\"@id\":\"https:\/\/miumjau.ee\/#\/schema\/logo\/image\/\"},\"sameAs\":[\"https:\/\/www.facebook.com\/miumjaupood\/\"]}]}<\/script>\n<!-- \/ Yoast SEO plugin. -->","yoast_head_json":{"title":"Brit Care Mini Puppy Be Gr\u016bd\u0173 Su Aviena \u2013 400\u202fg - MiuMjau","robots":{"index":"index","follow":"follow","max-snippet":"max-snippet:-1","max-image-preview":"max-image-preview:large","max-video-preview":"max-video-preview:-1"},"canonical":"https:\/\/miumjau.ee\/lt\/produktas\/brit-care-mini-puppy-be-grudu-su-aviena-400-g\/","og_locale":"lt_LT","og_type":"article","og_title":"Brit Care Mini Puppy Be Gr\u016bd\u0173 Su Aviena \u2013 400\u202fg - MiuMjau","og_description":"Be gr\u016bd\u0173, hipoalergin\u0117 recept\u016bra mini veisl\u0117s \u0161uniukams (nuo 4 savai\u010di\u0173 iki 10 m\u0117nesi\u0173) ir j\u0173 motinoms. Ingredientai: Avienos miltai (35\u202f%), \u0161vie\u017eias avienos baltymas (20\u202f%), geltonieji \u017eirniai, vi\u0161tienos riebalai (konservuoti tokoferoliais), avin\u017eirniai, lin\u0173 s\u0117klos (5\u202f%), la\u0161i\u0161os aliejus (3\u202f%), grikiai, d\u017eiovinti obuoliai, alaus miel\u0117s, j\u016bros dumbli\u0173 milteliai (0,5\u202f%, Ascophyllum nodosum), hidrolizuotos v\u0117\u017eiagyvi\u0173 kiautai (gliukozamino \u0161altinis, 290\u202fmg\/kg), m\u0117lyn\u0117s (250\u202fmg\/kg \u2013 polifenoli\u0173 \u0161altinis 75\u202fmg\/kg, flavonoid\u0173 \u0161altinis 35\u202fmg\/kg), kremzli\u0173 ekstraktas (chondroitino \u0161altinis, 180\u202fmg\/kg), manano-oligosacharidai (170\u202fmg\/kg), \u017eolel\u0117s ir vaisiai (rozmarinas, gvazdik\u0117liai, citrusiniai vaisiai, ciber\u017eol\u0117 \u2013 160\u202fmg\/kg), fruktooligosacharidai (110\u202fmg\/kg), Yucca schidigera (110\u202fmg\/kg), inulinas (100\u202fmg\/kg), pienin\u0117 kardamon\u0117 (80\u202fmg\/kg), \u0161altalankiai (80\u202fmg\/kg), ramun\u0117l\u0117s (35\u202fmg\/kg), gvazdik\u0117liai (35\u202fmg\/kg), \u0161alavijas (30\u202fmg\/kg). Analitin\u0117 sud\u0117tis: \u017dali baltymai 33,0\u202f%, \u017eali riebalai 23,0\u202f%, dr\u0117gm\u0117 10,0\u202f%, pelenai 8,5\u202f%, pluo\u0161tas 1,5\u202f%, kalcis 1,6\u202f%, fosforas 1,3\u202f%, omega-3 riebiosios r\u016bg\u0161tys 1,9\u202f%, omega-6 riebiosios r\u016bg\u0161tys 3,2\u202f%, eikozapentaeno r\u016bg\u0161tis (EPA) 0,2\u202f%. Papildai: Vitaminas A (3a672a) 23\u202f000\u202fIU, D3 (E671) 1\u202f800\u202fIU, E (\u03b1-tokoferolis) (3a700) 650\u202fmg, C (3a312) 350\u202fmg, cholino chloridas (3a890) 700\u202fmg, taurinas (3a370) 220\u202fmg, biotinas (3a880) 3,5\u202fmg, B1 (3a821) 1,2\u202fmg, B2 4,5\u202fmg, niacinamidas (3a315) 15\u202fmg, kalcio D-pantotenatas (3a841) 12\u202fmg, B6 (3a831) 1,2\u202fmg, folio r\u016bg\u0161tis (3a316) 0,6\u202fmg, B12 0,04\u202fmg, cinkas (3b606) 110\u202fmg, gele\u017eis (E1) 90\u202fmg, manganas (E5) 45\u202fmg, jodas (3b201) 0,8\u202fmg, varis (E4) 18\u202fmg, selenas (3b8.10) 0,2\u202fmg. Metabolizuojama energija: 4\u202f200\u202fkcal\/kg","og_url":"https:\/\/miumjau.ee\/lt\/produktas\/brit-care-mini-puppy-be-grudu-su-aviena-400-g\/","og_site_name":"MiuMjau","article_publisher":"https:\/\/www.facebook.com\/miumjaupood\/","article_modified_time":"2026-01-07T18:40:25+00:00","og_image":[{"width":600,"height":800,"url":"https:\/\/miumjau.ee\/wp-content\/uploads\/2025\/04\/brit-care-mini-koeratoit4.webp","type":"image\/webp"}],"twitter_card":"summary_large_image","schema":{"@context":"https:\/\/schema.org","@graph":[{"@type":"WebPage","@id":"https:\/\/miumjau.ee\/lt\/produktas\/brit-care-mini-puppy-be-grudu-su-aviena-400-g\/","url":"https:\/\/miumjau.ee\/lt\/produktas\/brit-care-mini-puppy-be-grudu-su-aviena-400-g\/","name":"Brit Care Mini Puppy Be Gr\u016bd\u0173 Su Aviena \u2013 400\u202fg - MiuMjau","isPartOf":{"@id":"https:\/\/miumjau.ee\/#website"},"primaryImageOfPage":{"@id":"https:\/\/miumjau.ee\/lt\/produktas\/brit-care-mini-puppy-be-grudu-su-aviena-400-g\/#primaryimage"},"image":{"@id":"https:\/\/miumjau.ee\/lt\/produktas\/brit-care-mini-puppy-be-grudu-su-aviena-400-g\/#primaryimage"},"thumbnailUrl":"https:\/\/miumjau.ee\/wp-content\/uploads\/2025\/04\/brit-care-mini-koeratoit4.webp","datePublished":"2025-04-07T18:14:52+00:00","dateModified":"2026-01-07T18:40:25+00:00","breadcrumb":{"@id":"https:\/\/miumjau.ee\/lt\/produktas\/brit-care-mini-puppy-be-grudu-su-aviena-400-g\/#breadcrumb"},"inLanguage":"lt-LT","potentialAction":[{"@type":"ReadAction","target":["https:\/\/miumjau.ee\/lt\/produktas\/brit-care-mini-puppy-be-grudu-su-aviena-400-g\/"]}]},{"@type":"ImageObject","inLanguage":"lt-LT","@id":"https:\/\/miumjau.ee\/lt\/produktas\/brit-care-mini-puppy-be-grudu-su-aviena-400-g\/#primaryimage","url":"https:\/\/miumjau.ee\/wp-content\/uploads\/2025\/04\/brit-care-mini-koeratoit4.webp","contentUrl":"https:\/\/miumjau.ee\/wp-content\/uploads\/2025\/04\/brit-care-mini-koeratoit4.webp","width":600,"height":800},{"@type":"BreadcrumbList","@id":"https:\/\/miumjau.ee\/lt\/produktas\/brit-care-mini-puppy-be-grudu-su-aviena-400-g\/#breadcrumb","itemListElement":[{"@type":"ListItem","position":1,"name":"Home","item":"https:\/\/miumjau.ee\/lt\/"},{"@type":"ListItem","position":2,"name":"Parduotuv\u0117","item":"https:\/\/miumjau.ee\/lt\/parduotuve\/"},{"@type":"ListItem","position":3,"name":"Brit Care Mini Puppy Be Gr\u016bd\u0173 Su Aviena \u2013 400\u202fg"}]},{"@type":"WebSite","@id":"https:\/\/miumjau.ee\/#website","url":"https:\/\/miumjau.ee\/","name":"MiuMjau","description":"Kraapimispuud kassidele","publisher":{"@id":"https:\/\/miumjau.ee\/#organization"},"potentialAction":[{"@type":"SearchAction","target":{"@type":"EntryPoint","urlTemplate":"https:\/\/miumjau.ee\/?s={search_term_string}"},"query-input":{"@type":"PropertyValueSpecification","valueRequired":true,"valueName":"search_term_string"}}],"inLanguage":"lt-LT"},{"@type":"Organization","@id":"https:\/\/miumjau.ee\/#organization","name":"MiuMjau O\u00dc","url":"https:\/\/miumjau.ee\/","logo":{"@type":"ImageObject","inLanguage":"lt-LT","@id":"https:\/\/miumjau.ee\/#\/schema\/logo\/image\/","url":"https:\/\/miumjau.ee\/wp-content\/uploads\/2022\/04\/MiuMjau-logo-kollane.png","contentUrl":"https:\/\/miumjau.ee\/wp-content\/uploads\/2022\/04\/MiuMjau-logo-kollane.png","width":219,"height":100,"caption":"MiuMjau O\u00dc"},"image":{"@id":"https:\/\/miumjau.ee\/#\/schema\/logo\/image\/"},"sameAs":["https:\/\/www.facebook.com\/miumjaupood\/"]}]}},"_links":{"self":[{"href":"https:\/\/miumjau.ee\/lt\/wp-json\/wp\/v2\/product\/51546","targetHints":{"allow":["GET"]}}],"collection":[{"href":"https:\/\/miumjau.ee\/lt\/wp-json\/wp\/v2\/product"}],"about":[{"href":"https:\/\/miumjau.ee\/lt\/wp-json\/wp\/v2\/types\/product"}],"wp:featuredmedia":[{"embeddable":true,"href":"https:\/\/miumjau.ee\/lt\/wp-json\/wp\/v2\/media\/51545"}],"wp:attachment":[{"href":"https:\/\/miumjau.ee\/lt\/wp-json\/wp\/v2\/media?parent=51546"}],"wp:term":[{"taxonomy":"product_brand","embeddable":true,"href":"https:\/\/miumjau.ee\/lt\/wp-json\/wp\/v2\/product_brand?post=51546"},{"taxonomy":"product_cat","embeddable":true,"href":"https:\/\/miumjau.ee\/lt\/wp-json\/wp\/v2\/product_cat?post=51546"},{"taxonomy":"product_tag","embeddable":true,"href":"https:\/\/miumjau.ee\/lt\/wp-json\/wp\/v2\/product_tag?post=51546"}],"curies":[{"name":"wp","href":"https:\/\/api.w.org\/{rel}","templated":true}]}}